{"id":47,"date":"2021-02-01T21:03:35","date_gmt":"2021-02-01T20:03:35","guid":{"rendered":"https:\/\/www.zdenkinaruza.sk\/?page_id=47"},"modified":"2021-02-05T15:45:34","modified_gmt":"2021-02-05T14:45:34","slug":"titulna-stranka","status":"publish","type":"page","link":"https:\/\/d.r1.wbsprt.com\/zdenkinaruza.sk\/","title":{"rendered":"Tituln\u00e1 str\u00e1nka"},"content":{"rendered":"\n<div class=\"wp-block-themepunch-revslider revslider\" data-modal=\"false\" data-slidertitle=\"Slider 2\" style=\"\">\n\t\t\t<!-- START Slider 2 REVOLUTION SLIDER 6.3.3 --><p class=\"rs-p-wp-fix\"><\/p>\n\t\t\t<rs-module-wrap id=\"rev_slider_4_1_wrapper\" data-source=\"gallery\" style=\"background:transparent;padding:0;margin:0px auto;margin-top:0;margin-bottom:0;\">\n\t\t\t\t<rs-module id=\"rev_slider_4_1\" style=\"\" data-version=\"6.3.3\">\n\t\t\t\t\t<rs-slides>\n\t\t\t\t\t\t<rs-slide data-key=\"rs-5\" data-title=\"Slide\" data-anim=\"ei:d;eo:d;s:1000;r:0;t:fade;sl:0;\">\n\t\t\t\t\t\t\t<img loading=\"lazy\" decoding=\"async\" src=\"\/\/d.r1.wbsprt.com\/zdenkinaruza.sk\/wp-content\/uploads\/2021\/02\/Zdenkina-ruza-slider-scaled.jpg\" title=\"Zdenkina-ruza-slider\" width=\"2560\" height=\"1500\" data-bg=\"p:center top;f:100% 100%;\" class=\"rev-slidebg\" data-no-retina>\n<!---->\t\t\t\t\t\t<\/rs-slide>\n\t\t\t\t\t<\/rs-slides>\n\t\t\t\t<\/rs-module>\n\t\t\t\t<script type=\"text\/javascript\">\n\t\t\t\t\tsetREVStartSize({c: 'rev_slider_4_1',rl:[1240,1024,778,480],el:[900,768,960,720],gw:[1240,1024,778,480],gh:[900,768,480,286],type:'hero',justify:'',layout:'fullwidth',mh:\"0\"});\n\t\t\t\t\tvar\trevapi4,\n\t\t\t\t\t\ttpj;\n\t\t\t\t\tfunction revinit_revslider41() {\n\t\t\t\t\tjQuery(function() {\n\t\t\t\t\t\ttpj = jQuery;\n\t\t\t\t\t\trevapi4 = tpj(\"#rev_slider_4_1\");\n\t\t\t\t\t\tif(revapi4==undefined || revapi4.revolution == undefined){\n\t\t\t\t\t\t\trevslider_showDoubleJqueryError(\"rev_slider_4_1\");\n\t\t\t\t\t\t}else{\n\t\t\t\t\t\t\trevapi4.revolution({\n\t\t\t\t\t\t\t\tsliderType:\"hero\",\n\t\t\t\t\t\t\t\tsliderLayout:\"fullwidth\",\n\t\t\t\t\t\t\t\tvisibilityLevels:\"1240,1024,778,480\",\n\t\t\t\t\t\t\t\tgridwidth:\"1240,1024,778,480\",\n\t\t\t\t\t\t\t\tgridheight:\"900,768,480,286\",\n\t\t\t\t\t\t\t\tperspective:600,\n\t\t\t\t\t\t\t\tperspectiveType:\"global\",\n\t\t\t\t\t\t\t\teditorheight:\"900,768,960,720\",\n\t\t\t\t\t\t\t\tresponsiveLevels:\"1240,1024,778,480\",\n\t\t\t\t\t\t\t\tprogressBar:{disableProgressBar:true},\n\t\t\t\t\t\t\t\tnavigation: {\n\t\t\t\t\t\t\t\t\tonHoverStop:false\n\t\t\t\t\t\t\t\t},\n\t\t\t\t\t\t\t\tfallbacks: {\n\t\t\t\t\t\t\t\t\tallowHTML5AutoPlayOnAndroid:true\n\t\t\t\t\t\t\t\t},\n\t\t\t\t\t\t\t});\n\t\t\t\t\t\t}\n\t\t\t\t\t\t\n\t\t\t\t\t});\n\t\t\t\t\t} \/\/ End of RevInitScript\n\t\t\t\tvar once_revslider41 = false;\n\t\t\t\tif (document.readyState === \"loading\") {document.addEventListener('readystatechange',function() { if((document.readyState === \"interactive\" || document.readyState === \"complete\") && !once_revslider41 ) { once_revslider41 = true; revinit_revslider41();}});} else {once_revslider41 = true; revinit_revslider41();}\n\t\t\t\t<\/script>\n\t\t\t<\/rs-module-wrap>\n\t\t\t<!-- END REVOLUTION SLIDER -->\n<\/div>\n","protected":false},"excerpt":{"rendered":"","protected":false},"author":1,"featured_media":0,"parent":0,"menu_order":0,"comment_status":"closed","ping_status":"closed","template":"","meta":{"_monsterinsights_skip_tracking":false,"_monsterinsights_sitenote_active":false,"_monsterinsights_sitenote_note":"","_monsterinsights_sitenote_category":0,"pgc_sgb_lightbox_settings":"","footnotes":""},"class_list":["post-47","page","type-page","status-publish","hentry"],"yoast_head":"<!-- This site is optimized with the Yoast SEO plugin v26.8 - https:\/\/yoast.com\/product\/yoast-seo-wordpress\/ -->\n<title>Tituln\u00e1 str\u00e1nka - Zdenkina ru\u017ea<\/title>\n<meta name=\"robots\" content=\"index, follow, max-snippet:-1, max-image-preview:large, max-video-preview:-1\" \/>\n<link rel=\"canonical\" href=\"https:\/\/www.zdenkinaruza.sk\/\" \/>\n<meta property=\"og:locale\" content=\"sk_SK\" \/>\n<meta property=\"og:type\" content=\"article\" \/>\n<meta property=\"og:title\" content=\"Tituln\u00e1 str\u00e1nka - Zdenkina ru\u017ea\" \/>\n<meta property=\"og:url\" content=\"https:\/\/www.zdenkinaruza.sk\/\" \/>\n<meta property=\"og:site_name\" content=\"Zdenkina ru\u017ea\" \/>\n<meta property=\"article:modified_time\" content=\"2021-02-05T14:45:34+00:00\" \/>\n<meta name=\"twitter:card\" content=\"summary_large_image\" \/>\n<meta name=\"twitter:label1\" content=\"Predpokladan\u00fd \u010das \u010d\u00edtania\" \/>\n\t<meta name=\"twitter:data1\" content=\"1 min\u00fata\" \/>\n<script type=\"application\/ld+json\" class=\"yoast-schema-graph\">{\"@context\":\"https:\/\/schema.org\",\"@graph\":[{\"@type\":\"WebPage\",\"@id\":\"https:\/\/www.zdenkinaruza.sk\/\",\"url\":\"https:\/\/www.zdenkinaruza.sk\/\",\"name\":\"Tituln\u00e1 str\u00e1nka - Zdenkina ru\u017ea\",\"isPartOf\":{\"@id\":\"https:\/\/www.zdenkinaruza.sk\/#website\"},\"datePublished\":\"2021-02-01T20:03:35+00:00\",\"dateModified\":\"2021-02-05T14:45:34+00:00\",\"breadcrumb\":{\"@id\":\"https:\/\/www.zdenkinaruza.sk\/#breadcrumb\"},\"inLanguage\":\"sk-SK\",\"potentialAction\":[{\"@type\":\"ReadAction\",\"target\":[\"https:\/\/www.zdenkinaruza.sk\/\"]}]},{\"@type\":\"BreadcrumbList\",\"@id\":\"https:\/\/www.zdenkinaruza.sk\/#breadcrumb\",\"itemListElement\":[{\"@type\":\"ListItem\",\"position\":1,\"name\":\"Home\",\"item\":\"https:\/\/www.zdenkinaruza.sk\/\"},{\"@type\":\"ListItem\",\"position\":2,\"name\":\"Tituln\u00e1 str\u00e1nka\"}]},{\"@type\":\"WebSite\",\"@id\":\"https:\/\/www.zdenkinaruza.sk\/#website\",\"url\":\"https:\/\/www.zdenkinaruza.sk\/\",\"name\":\"Zdenkina ru\u017ea\",\"description\":\"Svetlo do va\u0161ich dn\u00ed\",\"potentialAction\":[{\"@type\":\"SearchAction\",\"target\":{\"@type\":\"EntryPoint\",\"urlTemplate\":\"https:\/\/www.zdenkinaruza.sk\/?s={search_term_string}\"},\"query-input\":{\"@type\":\"PropertyValueSpecification\",\"valueRequired\":true,\"valueName\":\"search_term_string\"}}],\"inLanguage\":\"sk-SK\"}]}<\/script>\n<!-- \/ Yoast SEO plugin. -->","yoast_head_json":{"title":"Tituln\u00e1 str\u00e1nka - Zdenkina ru\u017ea","robots":{"index":"index","follow":"follow","max-snippet":"max-snippet:-1","max-image-preview":"max-image-preview:large","max-video-preview":"max-video-preview:-1"},"canonical":"https:\/\/www.zdenkinaruza.sk\/","og_locale":"sk_SK","og_type":"article","og_title":"Tituln\u00e1 str\u00e1nka - Zdenkina ru\u017ea","og_url":"https:\/\/www.zdenkinaruza.sk\/","og_site_name":"Zdenkina ru\u017ea","article_modified_time":"2021-02-05T14:45:34+00:00","twitter_card":"summary_large_image","twitter_misc":{"Predpokladan\u00fd \u010das \u010d\u00edtania":"1 min\u00fata"},"schema":{"@context":"https:\/\/schema.org","@graph":[{"@type":"WebPage","@id":"https:\/\/www.zdenkinaruza.sk\/","url":"https:\/\/www.zdenkinaruza.sk\/","name":"Tituln\u00e1 str\u00e1nka - Zdenkina ru\u017ea","isPartOf":{"@id":"https:\/\/www.zdenkinaruza.sk\/#website"},"datePublished":"2021-02-01T20:03:35+00:00","dateModified":"2021-02-05T14:45:34+00:00","breadcrumb":{"@id":"https:\/\/www.zdenkinaruza.sk\/#breadcrumb"},"inLanguage":"sk-SK","potentialAction":[{"@type":"ReadAction","target":["https:\/\/www.zdenkinaruza.sk\/"]}]},{"@type":"BreadcrumbList","@id":"https:\/\/www.zdenkinaruza.sk\/#breadcrumb","itemListElement":[{"@type":"ListItem","position":1,"name":"Home","item":"https:\/\/www.zdenkinaruza.sk\/"},{"@type":"ListItem","position":2,"name":"Tituln\u00e1 str\u00e1nka"}]},{"@type":"WebSite","@id":"https:\/\/www.zdenkinaruza.sk\/#website","url":"https:\/\/www.zdenkinaruza.sk\/","name":"Zdenkina ru\u017ea","description":"Svetlo do va\u0161ich dn\u00ed","potentialAction":[{"@type":"SearchAction","target":{"@type":"EntryPoint","urlTemplate":"https:\/\/www.zdenkinaruza.sk\/?s={search_term_string}"},"query-input":{"@type":"PropertyValueSpecification","valueRequired":true,"valueName":"search_term_string"}}],"inLanguage":"sk-SK"}]}},"_links":{"self":[{"href":"https:\/\/d.r1.wbsprt.com\/zdenkinaruza.sk\/wp-json\/wp\/v2\/pages\/47","targetHints":{"allow":["GET"]}}],"collection":[{"href":"https:\/\/d.r1.wbsprt.com\/zdenkinaruza.sk\/wp-json\/wp\/v2\/pages"}],"about":[{"href":"https:\/\/d.r1.wbsprt.com\/zdenkinaruza.sk\/wp-json\/wp\/v2\/types\/page"}],"author":[{"embeddable":true,"href":"https:\/\/d.r1.wbsprt.com\/zdenkinaruza.sk\/wp-json\/wp\/v2\/users\/1"}],"replies":[{"embeddable":true,"href":"https:\/\/d.r1.wbsprt.com\/zdenkinaruza.sk\/wp-json\/wp\/v2\/comments?post=47"}],"version-history":[{"count":6,"href":"https:\/\/d.r1.wbsprt.com\/zdenkinaruza.sk\/wp-json\/wp\/v2\/pages\/47\/revisions"}],"predecessor-version":[{"id":281,"href":"https:\/\/d.r1.wbsprt.com\/zdenkinaruza.sk\/wp-json\/wp\/v2\/pages\/47\/revisions\/281"}],"wp:attachment":[{"href":"https:\/\/d.r1.wbsprt.com\/zdenkinaruza.sk\/wp-json\/wp\/v2\/media?parent=47"}],"curies":[{"name":"wp","href":"https:\/\/api.w.org\/{rel}","templated":true}]}}