{"id":316,"date":"2021-02-19T21:30:04","date_gmt":"2021-02-19T20:30:04","guid":{"rendered":"https:\/\/www.zdenkinaruza.sk\/?page_id=316"},"modified":"2021-02-21T19:46:04","modified_gmt":"2021-02-21T18:46:04","slug":"donate-us","status":"publish","type":"page","link":"https:\/\/d.r1.wbsprt.com\/zdenkinaruza.sk\/donate-us\/","title":{"rendered":"DONATE US"},"content":{"rendered":"\n<p>The Sisters from Holy Cross Congregation in Slovakia renovate their own building received back in restitution and they would like to offer this house for people who will come to visit a pilgrimage place in honour of Blessed Sister Zdenka. <\/p>\n\n\n\n<div style=\"height:20px\" aria-hidden=\"true\" class=\"wp-block-spacer\"><\/div>\n\n\n\n<p>Pilgrimage Centre &#8211; House of Sister Zdenka will serve the needs of pilgrims: spiritual service, accommodation, possibility of meals, conferences etc. <\/p>\n\n\n\n<div style=\"height:20px\" aria-hidden=\"true\" class=\"wp-block-spacer\"><\/div>\n\n\n\n<p>If you wish to support us, you can make your donation directly to our bank account: <\/p>\n\n\n\n<div class=\"wp-block-columns is-layout-flex wp-container-core-columns-is-layout-9d6595d7 wp-block-columns-is-layout-flex\">\n<div class=\"wp-block-column is-layout-flow wp-block-column-is-layout-flow\" style=\"flex-basis:25%\">\n<p><\/p>\n<\/div>\n\n\n\n<div class=\"wp-block-column is-layout-flow wp-block-column-is-layout-flow\" style=\"flex-basis:33.34%\">\n<p><strong>IBAN:<\/strong> SK46 0200 0000 0029 3737 3198<br><strong>SWIFT:<\/strong> SUBASKBX<br><strong>NOTE:<\/strong> PC<\/p>\n<\/div>\n\n\n\n<div class=\"wp-block-column is-layout-flow wp-block-column-is-layout-flow\" style=\"flex-basis:5%\">\n<p><\/p>\n<\/div>\n<\/div>\n\n\n\n<div class=\"wp-block-columns is-layout-flex wp-container-core-columns-is-layout-9d6595d7 wp-block-columns-is-layout-flex\">\n<div class=\"wp-block-column is-layout-flow wp-block-column-is-layout-flow\" style=\"flex-basis:25%\"><\/div>\n\n\n\n<div class=\"wp-block-column is-layout-flow wp-block-column-is-layout-flow\">\n<h2 class=\"wp-block-heading\">Thank you<\/h2>\n<\/div>\n\n\n\n<div class=\"wp-block-column is-layout-flow wp-block-column-is-layout-flow\" style=\"flex-basis:5%\"><\/div>\n<\/div>\n\n\n\n<div style=\"height:20px\" aria-hidden=\"true\" class=\"wp-block-spacer\"><\/div>\n\n\n\n<h4 class=\"has-text-align-center wp-block-heading\">Current condition of the House of Sister Zdenka<\/h4>\n\n\n\n<figure class=\"wp-block-image size-large\"><img loading=\"lazy\" decoding=\"async\" width=\"1024\" height=\"577\" src=\"https:\/\/www.zdenkinaruza.sk\/wp-content\/uploads\/2021\/02\/dom-sestry-zdenky-povodny-stav-1024x577.jpg\" alt=\"\" class=\"wp-image-165\" srcset=\"https:\/\/d.r1.wbsprt.com\/zdenkinaruza.sk\/wp-content\/uploads\/2021\/02\/dom-sestry-zdenky-povodny-stav-1024x577.jpg 1024w, https:\/\/d.r1.wbsprt.com\/zdenkinaruza.sk\/wp-content\/uploads\/2021\/02\/dom-sestry-zdenky-povodny-stav-300x169.jpg 300w, https:\/\/d.r1.wbsprt.com\/zdenkinaruza.sk\/wp-content\/uploads\/2021\/02\/dom-sestry-zdenky-povodny-stav-768x433.jpg 768w, https:\/\/d.r1.wbsprt.com\/zdenkinaruza.sk\/wp-content\/uploads\/2021\/02\/dom-sestry-zdenky-povodny-stav-1536x866.jpg 1536w\" sizes=\"auto, (max-width: 1024px) 100vw, 1024px\" \/><\/figure>\n\n\n\n<div style=\"height:20px\" aria-hidden=\"true\" class=\"wp-block-spacer\"><\/div>\n\n\n\n<h4 class=\"has-text-align-center wp-block-heading\">Future condition of the House of Sister Zdenka<\/h4>\n\n\n\n<figure class=\"wp-block-image size-large\"><img loading=\"lazy\" decoding=\"async\" width=\"1024\" height=\"724\" src=\"https:\/\/www.zdenkinaruza.sk\/wp-content\/uploads\/2021\/02\/dom-sestry-zdenky-plan-rekonstrukcie-1024x724.jpg\" alt=\"\" class=\"wp-image-166\" srcset=\"https:\/\/d.r1.wbsprt.com\/zdenkinaruza.sk\/wp-content\/uploads\/2021\/02\/dom-sestry-zdenky-plan-rekonstrukcie-1024x724.jpg 1024w, https:\/\/d.r1.wbsprt.com\/zdenkinaruza.sk\/wp-content\/uploads\/2021\/02\/dom-sestry-zdenky-plan-rekonstrukcie-300x212.jpg 300w, https:\/\/d.r1.wbsprt.com\/zdenkinaruza.sk\/wp-content\/uploads\/2021\/02\/dom-sestry-zdenky-plan-rekonstrukcie-768x543.jpg 768w, https:\/\/d.r1.wbsprt.com\/zdenkinaruza.sk\/wp-content\/uploads\/2021\/02\/dom-sestry-zdenky-plan-rekonstrukcie.jpg 1060w\" sizes=\"auto, (max-width: 1024px) 100vw, 1024px\" \/><\/figure>\n\n\n\n<div style=\"height:100px\" aria-hidden=\"true\" class=\"wp-block-spacer\"><\/div>\n","protected":false},"excerpt":{"rendered":"<p>The Sisters from Holy Cross Congregation in Slovakia renovate their own building received back in restitution and they would like to offer this house for people who will come to visit a pilgrimage place in honour of Blessed Sister Zdenka. [&hellip;]<\/p>\n","protected":false},"author":1,"featured_media":0,"parent":0,"menu_order":0,"comment_status":"closed","ping_status":"closed","template":"","meta":{"_monsterinsights_skip_tracking":false,"_monsterinsights_sitenote_active":false,"_monsterinsights_sitenote_note":"","_monsterinsights_sitenote_category":0,"pgc_sgb_lightbox_settings":"","footnotes":""},"class_list":["post-316","page","type-page","status-publish","hentry"],"yoast_head":"<!-- This site is optimized with the Yoast SEO plugin v26.8 - https:\/\/yoast.com\/product\/yoast-seo-wordpress\/ -->\n<title>DONATE US - Zdenkina ru\u017ea<\/title>\n<meta name=\"robots\" content=\"index, follow, max-snippet:-1, max-image-preview:large, max-video-preview:-1\" \/>\n<link rel=\"canonical\" href=\"https:\/\/d.r1.wbsprt.com\/zdenkinaruza.sk\/donate-us\/\" \/>\n<meta property=\"og:locale\" content=\"sk_SK\" \/>\n<meta property=\"og:type\" content=\"article\" \/>\n<meta property=\"og:title\" content=\"DONATE US - Zdenkina ru\u017ea\" \/>\n<meta property=\"og:description\" content=\"The Sisters from Holy Cross Congregation in Slovakia renovate their own building received back in restitution and they would like to offer this house for people who will come to visit a pilgrimage place in honour of Blessed Sister Zdenka. [&hellip;]\" \/>\n<meta property=\"og:url\" content=\"https:\/\/d.r1.wbsprt.com\/zdenkinaruza.sk\/donate-us\/\" \/>\n<meta property=\"og:site_name\" content=\"Zdenkina ru\u017ea\" \/>\n<meta property=\"article:modified_time\" content=\"2021-02-21T18:46:04+00:00\" \/>\n<meta property=\"og:image\" content=\"https:\/\/www.zdenkinaruza.sk\/wp-content\/uploads\/2021\/02\/dom-sestry-zdenky-povodny-stav-1024x577.jpg\" \/>\n<meta name=\"twitter:card\" content=\"summary_large_image\" \/>\n<meta name=\"twitter:label1\" content=\"Predpokladan\u00fd \u010das \u010d\u00edtania\" \/>\n\t<meta name=\"twitter:data1\" content=\"1 min\u00fata\" \/>\n<script type=\"application\/ld+json\" class=\"yoast-schema-graph\">{\"@context\":\"https:\/\/schema.org\",\"@graph\":[{\"@type\":\"WebPage\",\"@id\":\"https:\/\/d.r1.wbsprt.com\/zdenkinaruza.sk\/donate-us\/\",\"url\":\"https:\/\/d.r1.wbsprt.com\/zdenkinaruza.sk\/donate-us\/\",\"name\":\"DONATE US - Zdenkina ru\u017ea\",\"isPartOf\":{\"@id\":\"https:\/\/www.zdenkinaruza.sk\/#website\"},\"primaryImageOfPage\":{\"@id\":\"https:\/\/d.r1.wbsprt.com\/zdenkinaruza.sk\/donate-us\/#primaryimage\"},\"image\":{\"@id\":\"https:\/\/d.r1.wbsprt.com\/zdenkinaruza.sk\/donate-us\/#primaryimage\"},\"thumbnailUrl\":\"https:\/\/www.zdenkinaruza.sk\/wp-content\/uploads\/2021\/02\/dom-sestry-zdenky-povodny-stav-1024x577.jpg\",\"datePublished\":\"2021-02-19T20:30:04+00:00\",\"dateModified\":\"2021-02-21T18:46:04+00:00\",\"breadcrumb\":{\"@id\":\"https:\/\/d.r1.wbsprt.com\/zdenkinaruza.sk\/donate-us\/#breadcrumb\"},\"inLanguage\":\"sk-SK\",\"potentialAction\":[{\"@type\":\"ReadAction\",\"target\":[\"https:\/\/d.r1.wbsprt.com\/zdenkinaruza.sk\/donate-us\/\"]}]},{\"@type\":\"ImageObject\",\"inLanguage\":\"sk-SK\",\"@id\":\"https:\/\/d.r1.wbsprt.com\/zdenkinaruza.sk\/donate-us\/#primaryimage\",\"url\":\"https:\/\/www.zdenkinaruza.sk\/wp-content\/uploads\/2021\/02\/dom-sestry-zdenky-povodny-stav-1024x577.jpg\",\"contentUrl\":\"https:\/\/www.zdenkinaruza.sk\/wp-content\/uploads\/2021\/02\/dom-sestry-zdenky-povodny-stav-1024x577.jpg\"},{\"@type\":\"BreadcrumbList\",\"@id\":\"https:\/\/d.r1.wbsprt.com\/zdenkinaruza.sk\/donate-us\/#breadcrumb\",\"itemListElement\":[{\"@type\":\"ListItem\",\"position\":1,\"name\":\"Home\",\"item\":\"https:\/\/www.zdenkinaruza.sk\/\"},{\"@type\":\"ListItem\",\"position\":2,\"name\":\"DONATE US\"}]},{\"@type\":\"WebSite\",\"@id\":\"https:\/\/www.zdenkinaruza.sk\/#website\",\"url\":\"https:\/\/www.zdenkinaruza.sk\/\",\"name\":\"Zdenkina ru\u017ea\",\"description\":\"Svetlo do va\u0161ich dn\u00ed\",\"potentialAction\":[{\"@type\":\"SearchAction\",\"target\":{\"@type\":\"EntryPoint\",\"urlTemplate\":\"https:\/\/www.zdenkinaruza.sk\/?s={search_term_string}\"},\"query-input\":{\"@type\":\"PropertyValueSpecification\",\"valueRequired\":true,\"valueName\":\"search_term_string\"}}],\"inLanguage\":\"sk-SK\"}]}<\/script>\n<!-- \/ Yoast SEO plugin. -->","yoast_head_json":{"title":"DONATE US - Zdenkina ru\u017ea","robots":{"index":"index","follow":"follow","max-snippet":"max-snippet:-1","max-image-preview":"max-image-preview:large","max-video-preview":"max-video-preview:-1"},"canonical":"https:\/\/d.r1.wbsprt.com\/zdenkinaruza.sk\/donate-us\/","og_locale":"sk_SK","og_type":"article","og_title":"DONATE US - Zdenkina ru\u017ea","og_description":"The Sisters from Holy Cross Congregation in Slovakia renovate their own building received back in restitution and they would like to offer this house for people who will come to visit a pilgrimage place in honour of Blessed Sister Zdenka. [&hellip;]","og_url":"https:\/\/d.r1.wbsprt.com\/zdenkinaruza.sk\/donate-us\/","og_site_name":"Zdenkina ru\u017ea","article_modified_time":"2021-02-21T18:46:04+00:00","og_image":[{"url":"https:\/\/www.zdenkinaruza.sk\/wp-content\/uploads\/2021\/02\/dom-sestry-zdenky-povodny-stav-1024x577.jpg","type":"","width":"","height":""}],"twitter_card":"summary_large_image","twitter_misc":{"Predpokladan\u00fd \u010das \u010d\u00edtania":"1 min\u00fata"},"schema":{"@context":"https:\/\/schema.org","@graph":[{"@type":"WebPage","@id":"https:\/\/d.r1.wbsprt.com\/zdenkinaruza.sk\/donate-us\/","url":"https:\/\/d.r1.wbsprt.com\/zdenkinaruza.sk\/donate-us\/","name":"DONATE US - Zdenkina ru\u017ea","isPartOf":{"@id":"https:\/\/www.zdenkinaruza.sk\/#website"},"primaryImageOfPage":{"@id":"https:\/\/d.r1.wbsprt.com\/zdenkinaruza.sk\/donate-us\/#primaryimage"},"image":{"@id":"https:\/\/d.r1.wbsprt.com\/zdenkinaruza.sk\/donate-us\/#primaryimage"},"thumbnailUrl":"https:\/\/www.zdenkinaruza.sk\/wp-content\/uploads\/2021\/02\/dom-sestry-zdenky-povodny-stav-1024x577.jpg","datePublished":"2021-02-19T20:30:04+00:00","dateModified":"2021-02-21T18:46:04+00:00","breadcrumb":{"@id":"https:\/\/d.r1.wbsprt.com\/zdenkinaruza.sk\/donate-us\/#breadcrumb"},"inLanguage":"sk-SK","potentialAction":[{"@type":"ReadAction","target":["https:\/\/d.r1.wbsprt.com\/zdenkinaruza.sk\/donate-us\/"]}]},{"@type":"ImageObject","inLanguage":"sk-SK","@id":"https:\/\/d.r1.wbsprt.com\/zdenkinaruza.sk\/donate-us\/#primaryimage","url":"https:\/\/www.zdenkinaruza.sk\/wp-content\/uploads\/2021\/02\/dom-sestry-zdenky-povodny-stav-1024x577.jpg","contentUrl":"https:\/\/www.zdenkinaruza.sk\/wp-content\/uploads\/2021\/02\/dom-sestry-zdenky-povodny-stav-1024x577.jpg"},{"@type":"BreadcrumbList","@id":"https:\/\/d.r1.wbsprt.com\/zdenkinaruza.sk\/donate-us\/#breadcrumb","itemListElement":[{"@type":"ListItem","position":1,"name":"Home","item":"https:\/\/www.zdenkinaruza.sk\/"},{"@type":"ListItem","position":2,"name":"DONATE US"}]},{"@type":"WebSite","@id":"https:\/\/www.zdenkinaruza.sk\/#website","url":"https:\/\/www.zdenkinaruza.sk\/","name":"Zdenkina ru\u017ea","description":"Svetlo do va\u0161ich dn\u00ed","potentialAction":[{"@type":"SearchAction","target":{"@type":"EntryPoint","urlTemplate":"https:\/\/www.zdenkinaruza.sk\/?s={search_term_string}"},"query-input":{"@type":"PropertyValueSpecification","valueRequired":true,"valueName":"search_term_string"}}],"inLanguage":"sk-SK"}]}},"_links":{"self":[{"href":"https:\/\/d.r1.wbsprt.com\/zdenkinaruza.sk\/wp-json\/wp\/v2\/pages\/316","targetHints":{"allow":["GET"]}}],"collection":[{"href":"https:\/\/d.r1.wbsprt.com\/zdenkinaruza.sk\/wp-json\/wp\/v2\/pages"}],"about":[{"href":"https:\/\/d.r1.wbsprt.com\/zdenkinaruza.sk\/wp-json\/wp\/v2\/types\/page"}],"author":[{"embeddable":true,"href":"https:\/\/d.r1.wbsprt.com\/zdenkinaruza.sk\/wp-json\/wp\/v2\/users\/1"}],"replies":[{"embeddable":true,"href":"https:\/\/d.r1.wbsprt.com\/zdenkinaruza.sk\/wp-json\/wp\/v2\/comments?post=316"}],"version-history":[{"count":6,"href":"https:\/\/d.r1.wbsprt.com\/zdenkinaruza.sk\/wp-json\/wp\/v2\/pages\/316\/revisions"}],"predecessor-version":[{"id":348,"href":"https:\/\/d.r1.wbsprt.com\/zdenkinaruza.sk\/wp-json\/wp\/v2\/pages\/316\/revisions\/348"}],"wp:attachment":[{"href":"https:\/\/d.r1.wbsprt.com\/zdenkinaruza.sk\/wp-json\/wp\/v2\/media?parent=316"}],"curies":[{"name":"wp","href":"https:\/\/api.w.org\/{rel}","templated":true}]}}