{"id":27,"date":"2021-02-01T20:35:44","date_gmt":"2021-02-01T19:35:44","guid":{"rendered":"https:\/\/www.zdenkinaruza.sk\/?page_id=27"},"modified":"2025-03-02T15:33:52","modified_gmt":"2025-03-02T14:33:52","slug":"kontakt","status":"publish","type":"page","link":"https:\/\/d.r1.wbsprt.com\/zdenkinaruza.sk\/kontakt\/","title":{"rendered":"Kontakt"},"content":{"rendered":"\r\n<div class=\"wp-block-spacer\" style=\"height: 70px;\" aria-hidden=\"true\">\u00a0<\/div>\r\n\r\n\r\n\r\n<div class=\"wp-block-columns is-layout-flex wp-container-core-columns-is-layout-9d6595d7 wp-block-columns-is-layout-flex\">\r\n<div class=\"wp-block-column is-layout-flow wp-block-column-is-layout-flow\" style=\"flex-basis: 30%;\">\u00a0<\/div>\r\n\r\n\r\n\r\n<div class=\"wp-block-column is-layout-flow wp-block-column-is-layout-flow\">\r\n<p><strong>Zdenkina ru\u017ea<\/strong><br \/>Padl\u00fdch hrdinov 10226\/21<br \/>821 06 Bratislava &#8211; Podunajsk\u00e9 Biskupice<\/p>\r\n<\/div>\r\n\r\n\r\n\r\n<div class=\"wp-block-column is-layout-flow wp-block-column-is-layout-flow\" style=\"flex-basis: 1%;\">\u00a0<\/div>\r\n<\/div>\r\n\r\n\r\n\r\n<div class=\"wp-block-spacer\" style=\"height: 20px;\" aria-hidden=\"true\">\u00a0<\/div>\r\n\r\n\r\n\r\n<div class=\"wp-block-columns is-layout-flex wp-container-core-columns-is-layout-9d6595d7 wp-block-columns-is-layout-flex\">\r\n<div class=\"wp-block-column is-layout-flow wp-block-column-is-layout-flow\" style=\"flex-basis: 30%;\">\u00a0<\/div>\r\n\r\n\r\n\r\n<div class=\"wp-block-column is-layout-flow wp-block-column-is-layout-flow\">\r\n<p><strong>Web:<\/strong> www.zdenkinaruza.sk<br \/><strong>E-mail:<\/strong> sr.miriam@zdenkinaruza.sk<\/p>\r\n<\/div>\r\n\r\n\r\n\r\n<div class=\"wp-block-column is-layout-flow wp-block-column-is-layout-flow\" style=\"flex-basis: 1%;\">\u00a0<\/div>\r\n<\/div>\r\n\r\n\r\n\r\n<div class=\"wp-block-spacer\" style=\"height: 20px;\" aria-hidden=\"true\">\u00a0<\/div>\r\n\r\n\r\n\r\n<div class=\"wp-block-columns is-layout-flex wp-container-core-columns-is-layout-9d6595d7 wp-block-columns-is-layout-flex\">\r\n<div class=\"wp-block-column is-layout-flow wp-block-column-is-layout-flow\" style=\"flex-basis: 30%;\">\u00a0<\/div>\r\n\r\n\r\n\r\n<div class=\"wp-block-column is-layout-flow wp-block-column-is-layout-flow\">\r\n<p><strong>Pr\u00e1vna forma:<\/strong> ob\u010dianske zdru\u017eenie<br \/><strong>I\u010cO:<\/strong> 52120902<br \/><strong>D\u00e1tum vzniku:<\/strong> 9. 1. 2019<br \/><strong>\u0160tatut\u00e1rny org\u00e1n:<\/strong> MUDr. \u013dubom\u00edra Albertyov\u00e1<br \/><strong>Po\u010det \u010dlenov:<\/strong> 18<\/p>\r\n<\/div>\r\n\r\n\r\n\r\n<div class=\"wp-block-column is-layout-flow wp-block-column-is-layout-flow\" style=\"flex-basis: 1%;\">\u00a0<\/div>\r\n<\/div>\r\n\r\n\r\n\r\n<div class=\"wp-block-spacer\" style=\"height: 20px;\" aria-hidden=\"true\">\u00a0<\/div>\r\n\r\n\r\n\r\n<div class=\"wp-block-columns is-layout-flex wp-container-core-columns-is-layout-9d6595d7 wp-block-columns-is-layout-flex\">\r\n<div class=\"wp-block-column is-layout-flow wp-block-column-is-layout-flow\" style=\"flex-basis: 30%;\">\u00a0<\/div>\r\n\r\n\r\n\r\n<div class=\"wp-block-column is-layout-flow wp-block-column-is-layout-flow\">\r\n<p><strong>Bankov\u00e9 spojenie<\/strong><\/p>\r\n<\/div>\r\n\r\n\r\n\r\n<div class=\"wp-block-column is-layout-flow wp-block-column-is-layout-flow\" style=\"flex-basis: 1%;\">\u00a0<\/div>\r\n<\/div>\r\n\r\n\r\n\r\n<div class=\"wp-block-columns is-layout-flex wp-container-core-columns-is-layout-9d6595d7 wp-block-columns-is-layout-flex\">\r\n<div class=\"wp-block-column is-layout-flow wp-block-column-is-layout-flow\" style=\"flex-basis: 30%;\">\u00a0<\/div>\r\n\r\n\r\n\r\n<div class=\"wp-block-column is-layout-flow wp-block-column-is-layout-flow\">\r\n<p><strong>IBAN:<\/strong> SK06 8330 0000 0023 0167 0111<br \/><strong>Banka:<\/strong> FIO banka<br \/><strong>Variabiln\u00fd symbol:<\/strong> 2025<\/p>\r\n<\/div>\r\n\r\n\r\n\r\n<div class=\"wp-block-column is-layout-flow wp-block-column-is-layout-flow\" style=\"flex-basis: 1%;\">\u00a0<\/div>\r\n<\/div>\r\n\r\n\r\n\r\n<div class=\"wp-block-spacer\" style=\"height: 100px;\" aria-hidden=\"true\">\u00a0<\/div>\r\n\r\n\r\n\r\n<p>&nbsp;<\/p>\r\n","protected":false},"excerpt":{"rendered":"<p>\u00a0 Zdenkina ru\u017eaPadl\u00fdch hrdinov 10226\/21821 06 Bratislava &#8211; Podunajsk\u00e9 Biskupice \u00a0 \u00a0 Web: www.zdenkinaruza.skE-mail: sr.miriam@zdenkinaruza.sk \u00a0 \u00a0 Pr\u00e1vna forma: ob\u010dianske zdru\u017eenieI\u010cO: 52120902D\u00e1tum vzniku: 9. 1. 2019\u0160tatut\u00e1rny org\u00e1n: MUDr. \u013dubom\u00edra Albertyov\u00e1Po\u010det \u010dlenov: 18 \u00a0 \u00a0 Bankov\u00e9 spojenie \u00a0 \u00a0 IBAN: SK06 [&hellip;]<\/p>\n","protected":false},"author":1,"featured_media":0,"parent":0,"menu_order":0,"comment_status":"closed","ping_status":"closed","template":"","meta":{"_monsterinsights_skip_tracking":false,"_monsterinsights_sitenote_active":false,"_monsterinsights_sitenote_note":"","_monsterinsights_sitenote_category":0,"pgc_sgb_lightbox_settings":"","footnotes":""},"class_list":["post-27","page","type-page","status-publish","hentry"],"yoast_head":"<!-- This site is optimized with the Yoast SEO plugin v26.8 - https:\/\/yoast.com\/product\/yoast-seo-wordpress\/ -->\n<title>Kontakt - Zdenkina ru\u017ea<\/title>\n<meta name=\"robots\" content=\"index, follow, max-snippet:-1, max-image-preview:large, max-video-preview:-1\" \/>\n<link rel=\"canonical\" href=\"https:\/\/www.zdenkinaruza.sk\/kontakt\/\" \/>\n<meta property=\"og:locale\" content=\"sk_SK\" \/>\n<meta property=\"og:type\" content=\"article\" \/>\n<meta property=\"og:title\" content=\"Kontakt - Zdenkina ru\u017ea\" \/>\n<meta property=\"og:description\" content=\"\u00a0 Zdenkina ru\u017eaPadl\u00fdch hrdinov 10226\/21821 06 Bratislava &#8211; Podunajsk\u00e9 Biskupice \u00a0 \u00a0 Web: www.zdenkinaruza.skE-mail: sr.miriam@zdenkinaruza.sk \u00a0 \u00a0 Pr\u00e1vna forma: ob\u010dianske zdru\u017eenieI\u010cO: 52120902D\u00e1tum vzniku: 9. 1. 2019\u0160tatut\u00e1rny org\u00e1n: MUDr. \u013dubom\u00edra Albertyov\u00e1Po\u010det \u010dlenov: 18 \u00a0 \u00a0 Bankov\u00e9 spojenie \u00a0 \u00a0 IBAN: SK06 [&hellip;]\" \/>\n<meta property=\"og:url\" content=\"https:\/\/www.zdenkinaruza.sk\/kontakt\/\" \/>\n<meta property=\"og:site_name\" content=\"Zdenkina ru\u017ea\" \/>\n<meta property=\"article:modified_time\" content=\"2025-03-02T14:33:52+00:00\" \/>\n<meta name=\"twitter:card\" content=\"summary_large_image\" \/>\n<meta name=\"twitter:label1\" content=\"Predpokladan\u00fd \u010das \u010d\u00edtania\" \/>\n\t<meta name=\"twitter:data1\" content=\"1 min\u00fata\" \/>\n<script type=\"application\/ld+json\" class=\"yoast-schema-graph\">{\"@context\":\"https:\/\/schema.org\",\"@graph\":[{\"@type\":\"WebPage\",\"@id\":\"https:\/\/www.zdenkinaruza.sk\/kontakt\/\",\"url\":\"https:\/\/www.zdenkinaruza.sk\/kontakt\/\",\"name\":\"Kontakt - Zdenkina ru\u017ea\",\"isPartOf\":{\"@id\":\"https:\/\/www.zdenkinaruza.sk\/#website\"},\"datePublished\":\"2021-02-01T19:35:44+00:00\",\"dateModified\":\"2025-03-02T14:33:52+00:00\",\"breadcrumb\":{\"@id\":\"https:\/\/www.zdenkinaruza.sk\/kontakt\/#breadcrumb\"},\"inLanguage\":\"sk-SK\",\"potentialAction\":[{\"@type\":\"ReadAction\",\"target\":[\"https:\/\/www.zdenkinaruza.sk\/kontakt\/\"]}]},{\"@type\":\"BreadcrumbList\",\"@id\":\"https:\/\/www.zdenkinaruza.sk\/kontakt\/#breadcrumb\",\"itemListElement\":[{\"@type\":\"ListItem\",\"position\":1,\"name\":\"Home\",\"item\":\"https:\/\/www.zdenkinaruza.sk\/\"},{\"@type\":\"ListItem\",\"position\":2,\"name\":\"Kontakt\"}]},{\"@type\":\"WebSite\",\"@id\":\"https:\/\/www.zdenkinaruza.sk\/#website\",\"url\":\"https:\/\/www.zdenkinaruza.sk\/\",\"name\":\"Zdenkina ru\u017ea\",\"description\":\"Svetlo do va\u0161ich dn\u00ed\",\"potentialAction\":[{\"@type\":\"SearchAction\",\"target\":{\"@type\":\"EntryPoint\",\"urlTemplate\":\"https:\/\/www.zdenkinaruza.sk\/?s={search_term_string}\"},\"query-input\":{\"@type\":\"PropertyValueSpecification\",\"valueRequired\":true,\"valueName\":\"search_term_string\"}}],\"inLanguage\":\"sk-SK\"}]}<\/script>\n<!-- \/ Yoast SEO plugin. -->","yoast_head_json":{"title":"Kontakt - Zdenkina ru\u017ea","robots":{"index":"index","follow":"follow","max-snippet":"max-snippet:-1","max-image-preview":"max-image-preview:large","max-video-preview":"max-video-preview:-1"},"canonical":"https:\/\/www.zdenkinaruza.sk\/kontakt\/","og_locale":"sk_SK","og_type":"article","og_title":"Kontakt - Zdenkina ru\u017ea","og_description":"\u00a0 Zdenkina ru\u017eaPadl\u00fdch hrdinov 10226\/21821 06 Bratislava &#8211; Podunajsk\u00e9 Biskupice \u00a0 \u00a0 Web: www.zdenkinaruza.skE-mail: sr.miriam@zdenkinaruza.sk \u00a0 \u00a0 Pr\u00e1vna forma: ob\u010dianske zdru\u017eenieI\u010cO: 52120902D\u00e1tum vzniku: 9. 1. 2019\u0160tatut\u00e1rny org\u00e1n: MUDr. \u013dubom\u00edra Albertyov\u00e1Po\u010det \u010dlenov: 18 \u00a0 \u00a0 Bankov\u00e9 spojenie \u00a0 \u00a0 IBAN: SK06 [&hellip;]","og_url":"https:\/\/www.zdenkinaruza.sk\/kontakt\/","og_site_name":"Zdenkina ru\u017ea","article_modified_time":"2025-03-02T14:33:52+00:00","twitter_card":"summary_large_image","twitter_misc":{"Predpokladan\u00fd \u010das \u010d\u00edtania":"1 min\u00fata"},"schema":{"@context":"https:\/\/schema.org","@graph":[{"@type":"WebPage","@id":"https:\/\/www.zdenkinaruza.sk\/kontakt\/","url":"https:\/\/www.zdenkinaruza.sk\/kontakt\/","name":"Kontakt - Zdenkina ru\u017ea","isPartOf":{"@id":"https:\/\/www.zdenkinaruza.sk\/#website"},"datePublished":"2021-02-01T19:35:44+00:00","dateModified":"2025-03-02T14:33:52+00:00","breadcrumb":{"@id":"https:\/\/www.zdenkinaruza.sk\/kontakt\/#breadcrumb"},"inLanguage":"sk-SK","potentialAction":[{"@type":"ReadAction","target":["https:\/\/www.zdenkinaruza.sk\/kontakt\/"]}]},{"@type":"BreadcrumbList","@id":"https:\/\/www.zdenkinaruza.sk\/kontakt\/#breadcrumb","itemListElement":[{"@type":"ListItem","position":1,"name":"Home","item":"https:\/\/www.zdenkinaruza.sk\/"},{"@type":"ListItem","position":2,"name":"Kontakt"}]},{"@type":"WebSite","@id":"https:\/\/www.zdenkinaruza.sk\/#website","url":"https:\/\/www.zdenkinaruza.sk\/","name":"Zdenkina ru\u017ea","description":"Svetlo do va\u0161ich dn\u00ed","potentialAction":[{"@type":"SearchAction","target":{"@type":"EntryPoint","urlTemplate":"https:\/\/www.zdenkinaruza.sk\/?s={search_term_string}"},"query-input":{"@type":"PropertyValueSpecification","valueRequired":true,"valueName":"search_term_string"}}],"inLanguage":"sk-SK"}]}},"_links":{"self":[{"href":"https:\/\/d.r1.wbsprt.com\/zdenkinaruza.sk\/wp-json\/wp\/v2\/pages\/27","targetHints":{"allow":["GET"]}}],"collection":[{"href":"https:\/\/d.r1.wbsprt.com\/zdenkinaruza.sk\/wp-json\/wp\/v2\/pages"}],"about":[{"href":"https:\/\/d.r1.wbsprt.com\/zdenkinaruza.sk\/wp-json\/wp\/v2\/types\/page"}],"author":[{"embeddable":true,"href":"https:\/\/d.r1.wbsprt.com\/zdenkinaruza.sk\/wp-json\/wp\/v2\/users\/1"}],"replies":[{"embeddable":true,"href":"https:\/\/d.r1.wbsprt.com\/zdenkinaruza.sk\/wp-json\/wp\/v2\/comments?post=27"}],"version-history":[{"count":6,"href":"https:\/\/d.r1.wbsprt.com\/zdenkinaruza.sk\/wp-json\/wp\/v2\/pages\/27\/revisions"}],"predecessor-version":[{"id":1180,"href":"https:\/\/d.r1.wbsprt.com\/zdenkinaruza.sk\/wp-json\/wp\/v2\/pages\/27\/revisions\/1180"}],"wp:attachment":[{"href":"https:\/\/d.r1.wbsprt.com\/zdenkinaruza.sk\/wp-json\/wp\/v2\/media?parent=27"}],"curies":[{"name":"wp","href":"https:\/\/api.w.org\/{rel}","templated":true}]}}