{"id":23,"date":"2021-02-01T20:33:50","date_gmt":"2021-02-01T19:33:50","guid":{"rendered":"https:\/\/www.zdenkinaruza.sk\/?page_id=23"},"modified":"2026-01-25T13:20:10","modified_gmt":"2026-01-25T12:20:10","slug":"darujte-2-percenta","status":"publish","type":"page","link":"https:\/\/d.r1.wbsprt.com\/zdenkinaruza.sk\/darujte-2-percenta\/","title":{"rendered":"Darujte 2%"},"content":{"rendered":"\n<div class=\"wp-block-spacer\" style=\"height: 70px;\" aria-hidden=\"true\">\u00a0<\/div>\n\n\n\n<div class=\"wp-block-columns is-layout-flex wp-container-core-columns-is-layout-9d6595d7 wp-block-columns-is-layout-flex\">\n<div class=\"wp-block-column is-layout-flow wp-block-column-is-layout-flow\">\n<p>\u00dadaje potrebn\u00e9 na pouk\u00e1zanie 2%<\/p>\n<\/div>\n<\/div>\n\n\n\n<div class=\"wp-block-spacer\" style=\"height: 20px;\" aria-hidden=\"true\">\u00a0<\/div>\n\n\n\n<div class=\"wp-block-columns is-layout-flex wp-container-core-columns-is-layout-9d6595d7 wp-block-columns-is-layout-flex\">\n<div class=\"wp-block-column is-layout-flow wp-block-column-is-layout-flow\" style=\"flex-basis:25%\">\n<p class=\"has-text-align-left\" id=\"block-11af6a34-fee1-459f-a63f-b9e230e21ad7\">&nbsp;<\/p>\n<\/div>\n\n\n\n<div class=\"wp-block-column is-layout-flow wp-block-column-is-layout-flow\">\n<p><strong>I\u010cO:<\/strong> 52120902<br><strong>Pr\u00e1vna forma:<\/strong> OB\u010cIANSKE ZDRU\u017dENIE<br><strong>Obchodn\u00e9 meno (n\u00e1zov):<\/strong> ZDENKINA RU\u017dA<br><strong>S\u00eddlo &#8211; Ulica:<\/strong> Padl\u00fdch hrdinov<br><strong>S\u00fapisn\u00e9 \/ orienta\u010dn\u00e9 \u010d\u00edslo:<\/strong> 10226\/21<br><strong>PS\u010c:<\/strong> 821 06<br><strong>Obec:<\/strong> Bratislava &#8211; Podunajsk\u00e9 Biskupice<\/p>\n<\/div>\n<\/div>\n\n\n\n<div class=\"wp-block-spacer\" style=\"height: 20px;\" aria-hidden=\"true\">\u00a0<\/div>\n\n\n\n<p class=\"has-text-align-center\">Tla\u010divo na pouk\u00e1zanie 2% si m\u00f4\u017eete stiahnu\u0165 tu:<\/p>\n\n\n\n<p class=\"has-text-align-center\"><a href=\"https:\/\/www.zdenkinaruza.sk\/wp-content\/uploads\/2026\/01\/tlacivo-2-percenta-2026.pdf\" target=\"_blank\" rel=\"noreferrer noopener\">VYPLNEN\u00c9 TLA\u010cIVO<\/a><\/p>\n\n\n\n<div class=\"wp-block-columns is-layout-flex wp-container-core-columns-is-layout-9d6595d7 wp-block-columns-is-layout-flex\">\n<div class=\"wp-block-column is-layout-flow wp-block-column-is-layout-flow\" style=\"flex-basis:100%\">\n<h2 class=\"wp-block-heading has-text-align-center\">\u010eakujeme<\/h2>\n\n\n\n<h3 class=\"wp-block-heading\">Podrobn\u00fd postup pre zamestnancov<\/h3>\n\n\n\n<ul>\n<li><span class=\"has-inline-color has-black-color\">Do 15. 02.2026 po\u017eiadajte zamestn\u00e1vate\u013ea o vykonanie ro\u010dn\u00e9ho z\u00fa\u010dtovania zaplaten\u00fdch preddavkov na da\u0148<\/span><\/li>\n<li><span class=\"has-inline-color has-black-color\">Potom po\u017eiadajte zamestn\u00e1vate\u013ea, aby V\u00e1m vystavil tla\u010divo Potvrdenie o zaplaten\u00ed dane.<\/span><\/li>\n<li><span class=\"has-inline-color has-black-color\">Z tohto Potvrdenia si zist\u00edte d\u00e1tum zaplatenia dane a vypo\u010d\u00edtate:<\/span>\n<ul>\n<li><span class=\"has-inline-color has-black-color\">a) 2% z Va\u0161ej zaplatenej dane \u2013 to je maxim\u00e1lna suma, ktor\u00fa m\u00f4\u017eete v prospech prij\u00edmate\u013ea pouk\u00e1za\u0165, ak ste v roku 2025 neboli dobrovo\u013en\u00edkom, alebo dobrovo\u013en\u00edcky odpracovali menej ako 40 hod\u00edn. T\u00e1to suma v\u0161ak mus\u00ed by\u0165 minim\u00e1lne 3,00 \u20ac.<\/span><\/li>\n<li><span class=\"has-inline-color has-black-color\">b) 3 % z Va\u0161ej zaplatenej dane, ak ste v roku 2025 odpracovali dobrovo\u013en\u00edcky minim\u00e1lne 40 hod\u00edn a z\u00edskate o tom Potvrdenie od organiz\u00e1cie\/organiz\u00e1ci\u00ed, pre ktor\u00e9 ste v roku 2025 dobrovo\u013en\u00edcky pracovali.<\/span><\/li>\n<\/ul>\n<\/li>\n<li><span class=\"has-inline-color has-black-color\">\u00dadaje nap\u00ed\u0161te do Vyhl\u00e1senia spolu so sumou, ktor\u00fa chcete pouk\u00e1za\u0165.<\/span><\/li>\n<li><span class=\"has-inline-color has-black-color\">Ak n\u00e1m chcete ozn\u00e1mi\u0165, \u017ee ste n\u00e1m zaslali svoje 2% (3%), za\u0161krtnite v tla\u010dive pr\u00edslu\u0161n\u00fd s\u00fahlas zo zaslan\u00edm Va\u0161ich \u00fadajov<\/span><\/li>\n<li><span class=\"has-inline-color has-black-color\">Obe tieto tla\u010div\u00e1, teda Vyhl\u00e1senie spolu s Potvrden\u00edm, doru\u010dte do 30. 04. 2026 na da\u0148ov\u00fd \u00farad pod\u013ea V\u00e1\u0161ho bydliska.<\/span><\/li>\n<li><span class=\"has-inline-color has-black-color\">Ak ste pouk\u00e1zali 3% z dane, povinnou pr\u00edlohou k Vyhl\u00e1seniu a Potvrdeniu o zaplaten\u00ed dane je aj Potvrdenie o odpracovan\u00ed minim\u00e1lne 40 hod\u00edn dobrovo\u013en\u00edckej \u010dinnosti.<\/span><\/li>\n<li><span class=\"has-inline-color has-black-color\">Da\u0148ov\u00e9 \u00farady maj\u00fa 90 dn\u00ed na to, aby previedli Va\u0161e 2% (3%) v n\u00e1\u0161 prospech.<\/span><\/li>\n<\/ul>\n<\/div>\n<\/div>\n\n\n\n<figure class=\"wp-block-image size-large\"><img loading=\"lazy\" decoding=\"async\" width=\"1024\" height=\"576\" src=\"https:\/\/www.zdenkinaruza.sk\/wp-content\/uploads\/2026\/01\/plagat-2-percenta-pdf-1024x576.jpg\" alt=\"\" class=\"wp-image-1292\"\/><\/figure>\n","protected":false},"excerpt":{"rendered":"<p>\u00dadaje potrebn\u00e9 na pouk\u00e1zanie 2% &nbsp; I\u010cO: 52120902Pr\u00e1vna forma: OB\u010cIANSKE ZDRU\u017dENIEObchodn\u00e9 meno (n\u00e1zov): ZDENKINA RU\u017dAS\u00eddlo &#8211; Ulica: Padl\u00fdch hrdinovS\u00fapisn\u00e9 \/ orienta\u010dn\u00e9 \u010d\u00edslo: 10226\/21PS\u010c: 821 06Obec: Bratislava &#8211; Podunajsk\u00e9 Biskupice Tla\u010divo na pouk\u00e1zanie 2% si m\u00f4\u017eete stiahnu\u0165 tu: VYPLNEN\u00c9 TLA\u010cIVO \u010eakujeme [&hellip;]<\/p>\n","protected":false},"author":1,"featured_media":0,"parent":0,"menu_order":0,"comment_status":"closed","ping_status":"closed","template":"","meta":{"_monsterinsights_skip_tracking":false,"_monsterinsights_sitenote_active":false,"_monsterinsights_sitenote_note":"","_monsterinsights_sitenote_category":0,"pgc_sgb_lightbox_settings":"","footnotes":""},"class_list":["post-23","page","type-page","status-publish","hentry"],"yoast_head":"<!-- This site is optimized with the Yoast SEO plugin v26.8 - https:\/\/yoast.com\/product\/yoast-seo-wordpress\/ -->\n<title>Darujte 2% - Zdenkina ru\u017ea<\/title>\n<meta name=\"robots\" content=\"index, follow, max-snippet:-1, max-image-preview:large, max-video-preview:-1\" \/>\n<link rel=\"canonical\" href=\"https:\/\/d.r1.wbsprt.com\/zdenkinaruza.sk\/darujte-2-percenta\/\" \/>\n<meta property=\"og:locale\" content=\"sk_SK\" \/>\n<meta property=\"og:type\" content=\"article\" \/>\n<meta property=\"og:title\" content=\"Darujte 2% - Zdenkina ru\u017ea\" \/>\n<meta property=\"og:description\" content=\"\u00dadaje potrebn\u00e9 na pouk\u00e1zanie 2% &nbsp; I\u010cO: 52120902Pr\u00e1vna forma: OB\u010cIANSKE ZDRU\u017dENIEObchodn\u00e9 meno (n\u00e1zov): ZDENKINA RU\u017dAS\u00eddlo &#8211; Ulica: Padl\u00fdch hrdinovS\u00fapisn\u00e9 \/ orienta\u010dn\u00e9 \u010d\u00edslo: 10226\/21PS\u010c: 821 06Obec: Bratislava &#8211; Podunajsk\u00e9 Biskupice Tla\u010divo na pouk\u00e1zanie 2% si m\u00f4\u017eete stiahnu\u0165 tu: VYPLNEN\u00c9 TLA\u010cIVO \u010eakujeme [&hellip;]\" \/>\n<meta property=\"og:url\" content=\"https:\/\/d.r1.wbsprt.com\/zdenkinaruza.sk\/darujte-2-percenta\/\" \/>\n<meta property=\"og:site_name\" content=\"Zdenkina ru\u017ea\" \/>\n<meta property=\"article:modified_time\" content=\"2026-01-25T12:20:10+00:00\" \/>\n<meta property=\"og:image\" content=\"https:\/\/www.zdenkinaruza.sk\/wp-content\/uploads\/2026\/01\/plagat-2-percenta-pdf-1024x576.jpg\" \/>\n<meta name=\"twitter:card\" content=\"summary_large_image\" \/>\n<meta name=\"twitter:label1\" content=\"Predpokladan\u00fd \u010das \u010d\u00edtania\" \/>\n\t<meta name=\"twitter:data1\" content=\"2 min\u00faty\" \/>\n<script type=\"application\/ld+json\" class=\"yoast-schema-graph\">{\"@context\":\"https:\/\/schema.org\",\"@graph\":[{\"@type\":\"WebPage\",\"@id\":\"https:\/\/d.r1.wbsprt.com\/zdenkinaruza.sk\/darujte-2-percenta\/\",\"url\":\"https:\/\/d.r1.wbsprt.com\/zdenkinaruza.sk\/darujte-2-percenta\/\",\"name\":\"Darujte 2% - Zdenkina ru\u017ea\",\"isPartOf\":{\"@id\":\"https:\/\/www.zdenkinaruza.sk\/#website\"},\"primaryImageOfPage\":{\"@id\":\"https:\/\/d.r1.wbsprt.com\/zdenkinaruza.sk\/darujte-2-percenta\/#primaryimage\"},\"image\":{\"@id\":\"https:\/\/d.r1.wbsprt.com\/zdenkinaruza.sk\/darujte-2-percenta\/#primaryimage\"},\"thumbnailUrl\":\"https:\/\/www.zdenkinaruza.sk\/wp-content\/uploads\/2026\/01\/plagat-2-percenta-pdf-1024x576.jpg\",\"datePublished\":\"2021-02-01T19:33:50+00:00\",\"dateModified\":\"2026-01-25T12:20:10+00:00\",\"breadcrumb\":{\"@id\":\"https:\/\/d.r1.wbsprt.com\/zdenkinaruza.sk\/darujte-2-percenta\/#breadcrumb\"},\"inLanguage\":\"sk-SK\",\"potentialAction\":[{\"@type\":\"ReadAction\",\"target\":[\"https:\/\/d.r1.wbsprt.com\/zdenkinaruza.sk\/darujte-2-percenta\/\"]}]},{\"@type\":\"ImageObject\",\"inLanguage\":\"sk-SK\",\"@id\":\"https:\/\/d.r1.wbsprt.com\/zdenkinaruza.sk\/darujte-2-percenta\/#primaryimage\",\"url\":\"https:\/\/www.zdenkinaruza.sk\/wp-content\/uploads\/2026\/01\/plagat-2-percenta-pdf-1024x576.jpg\",\"contentUrl\":\"https:\/\/www.zdenkinaruza.sk\/wp-content\/uploads\/2026\/01\/plagat-2-percenta-pdf-1024x576.jpg\"},{\"@type\":\"BreadcrumbList\",\"@id\":\"https:\/\/d.r1.wbsprt.com\/zdenkinaruza.sk\/darujte-2-percenta\/#breadcrumb\",\"itemListElement\":[{\"@type\":\"ListItem\",\"position\":1,\"name\":\"Home\",\"item\":\"https:\/\/www.zdenkinaruza.sk\/\"},{\"@type\":\"ListItem\",\"position\":2,\"name\":\"Darujte 2%\"}]},{\"@type\":\"WebSite\",\"@id\":\"https:\/\/www.zdenkinaruza.sk\/#website\",\"url\":\"https:\/\/www.zdenkinaruza.sk\/\",\"name\":\"Zdenkina ru\u017ea\",\"description\":\"Svetlo do va\u0161ich dn\u00ed\",\"potentialAction\":[{\"@type\":\"SearchAction\",\"target\":{\"@type\":\"EntryPoint\",\"urlTemplate\":\"https:\/\/www.zdenkinaruza.sk\/?s={search_term_string}\"},\"query-input\":{\"@type\":\"PropertyValueSpecification\",\"valueRequired\":true,\"valueName\":\"search_term_string\"}}],\"inLanguage\":\"sk-SK\"}]}<\/script>\n<!-- \/ Yoast SEO plugin. -->","yoast_head_json":{"title":"Darujte 2% - Zdenkina ru\u017ea","robots":{"index":"index","follow":"follow","max-snippet":"max-snippet:-1","max-image-preview":"max-image-preview:large","max-video-preview":"max-video-preview:-1"},"canonical":"https:\/\/d.r1.wbsprt.com\/zdenkinaruza.sk\/darujte-2-percenta\/","og_locale":"sk_SK","og_type":"article","og_title":"Darujte 2% - Zdenkina ru\u017ea","og_description":"\u00dadaje potrebn\u00e9 na pouk\u00e1zanie 2% &nbsp; I\u010cO: 52120902Pr\u00e1vna forma: OB\u010cIANSKE ZDRU\u017dENIEObchodn\u00e9 meno (n\u00e1zov): ZDENKINA RU\u017dAS\u00eddlo &#8211; Ulica: Padl\u00fdch hrdinovS\u00fapisn\u00e9 \/ orienta\u010dn\u00e9 \u010d\u00edslo: 10226\/21PS\u010c: 821 06Obec: Bratislava &#8211; Podunajsk\u00e9 Biskupice Tla\u010divo na pouk\u00e1zanie 2% si m\u00f4\u017eete stiahnu\u0165 tu: VYPLNEN\u00c9 TLA\u010cIVO \u010eakujeme [&hellip;]","og_url":"https:\/\/d.r1.wbsprt.com\/zdenkinaruza.sk\/darujte-2-percenta\/","og_site_name":"Zdenkina ru\u017ea","article_modified_time":"2026-01-25T12:20:10+00:00","og_image":[{"url":"https:\/\/www.zdenkinaruza.sk\/wp-content\/uploads\/2026\/01\/plagat-2-percenta-pdf-1024x576.jpg","type":"","width":"","height":""}],"twitter_card":"summary_large_image","twitter_misc":{"Predpokladan\u00fd \u010das \u010d\u00edtania":"2 min\u00faty"},"schema":{"@context":"https:\/\/schema.org","@graph":[{"@type":"WebPage","@id":"https:\/\/d.r1.wbsprt.com\/zdenkinaruza.sk\/darujte-2-percenta\/","url":"https:\/\/d.r1.wbsprt.com\/zdenkinaruza.sk\/darujte-2-percenta\/","name":"Darujte 2% - Zdenkina ru\u017ea","isPartOf":{"@id":"https:\/\/www.zdenkinaruza.sk\/#website"},"primaryImageOfPage":{"@id":"https:\/\/d.r1.wbsprt.com\/zdenkinaruza.sk\/darujte-2-percenta\/#primaryimage"},"image":{"@id":"https:\/\/d.r1.wbsprt.com\/zdenkinaruza.sk\/darujte-2-percenta\/#primaryimage"},"thumbnailUrl":"https:\/\/www.zdenkinaruza.sk\/wp-content\/uploads\/2026\/01\/plagat-2-percenta-pdf-1024x576.jpg","datePublished":"2021-02-01T19:33:50+00:00","dateModified":"2026-01-25T12:20:10+00:00","breadcrumb":{"@id":"https:\/\/d.r1.wbsprt.com\/zdenkinaruza.sk\/darujte-2-percenta\/#breadcrumb"},"inLanguage":"sk-SK","potentialAction":[{"@type":"ReadAction","target":["https:\/\/d.r1.wbsprt.com\/zdenkinaruza.sk\/darujte-2-percenta\/"]}]},{"@type":"ImageObject","inLanguage":"sk-SK","@id":"https:\/\/d.r1.wbsprt.com\/zdenkinaruza.sk\/darujte-2-percenta\/#primaryimage","url":"https:\/\/www.zdenkinaruza.sk\/wp-content\/uploads\/2026\/01\/plagat-2-percenta-pdf-1024x576.jpg","contentUrl":"https:\/\/www.zdenkinaruza.sk\/wp-content\/uploads\/2026\/01\/plagat-2-percenta-pdf-1024x576.jpg"},{"@type":"BreadcrumbList","@id":"https:\/\/d.r1.wbsprt.com\/zdenkinaruza.sk\/darujte-2-percenta\/#breadcrumb","itemListElement":[{"@type":"ListItem","position":1,"name":"Home","item":"https:\/\/www.zdenkinaruza.sk\/"},{"@type":"ListItem","position":2,"name":"Darujte 2%"}]},{"@type":"WebSite","@id":"https:\/\/www.zdenkinaruza.sk\/#website","url":"https:\/\/www.zdenkinaruza.sk\/","name":"Zdenkina ru\u017ea","description":"Svetlo do va\u0161ich dn\u00ed","potentialAction":[{"@type":"SearchAction","target":{"@type":"EntryPoint","urlTemplate":"https:\/\/www.zdenkinaruza.sk\/?s={search_term_string}"},"query-input":{"@type":"PropertyValueSpecification","valueRequired":true,"valueName":"search_term_string"}}],"inLanguage":"sk-SK"}]}},"_links":{"self":[{"href":"https:\/\/d.r1.wbsprt.com\/zdenkinaruza.sk\/wp-json\/wp\/v2\/pages\/23","targetHints":{"allow":["GET"]}}],"collection":[{"href":"https:\/\/d.r1.wbsprt.com\/zdenkinaruza.sk\/wp-json\/wp\/v2\/pages"}],"about":[{"href":"https:\/\/d.r1.wbsprt.com\/zdenkinaruza.sk\/wp-json\/wp\/v2\/types\/page"}],"author":[{"embeddable":true,"href":"https:\/\/d.r1.wbsprt.com\/zdenkinaruza.sk\/wp-json\/wp\/v2\/users\/1"}],"replies":[{"embeddable":true,"href":"https:\/\/d.r1.wbsprt.com\/zdenkinaruza.sk\/wp-json\/wp\/v2\/comments?post=23"}],"version-history":[{"count":6,"href":"https:\/\/d.r1.wbsprt.com\/zdenkinaruza.sk\/wp-json\/wp\/v2\/pages\/23\/revisions"}],"predecessor-version":[{"id":1293,"href":"https:\/\/d.r1.wbsprt.com\/zdenkinaruza.sk\/wp-json\/wp\/v2\/pages\/23\/revisions\/1293"}],"wp:attachment":[{"href":"https:\/\/d.r1.wbsprt.com\/zdenkinaruza.sk\/wp-json\/wp\/v2\/media?parent=23"}],"curies":[{"name":"wp","href":"https:\/\/api.w.org\/{rel}","templated":true}]}}