{"id":3858,"date":"2021-03-25T19:22:24","date_gmt":"2021-03-25T18:22:24","guid":{"rendered":"https:\/\/www.studio-klara.cz\/?page_id=3858"},"modified":"2026-01-30T17:45:40","modified_gmt":"2026-01-30T16:45:40","slug":"kulturisticky-oddil-sembi","status":"publish","type":"page","link":"https:\/\/d.r1.wbsprt.com\/studio-klara.cz\/fitness\/kulturisticky-oddil-sembi\/","title":{"rendered":"Kulturistick\u00fd odd\u00edl \u0160embi"},"content":{"rendered":"<div class=\"wpb-content-wrapper\"><p>[vc_row][vc_column]<div class=\"rt-about-1\">\n\t<div class=\"row\">\n\t\t<div class=\"col-md-6\">\n\t\t\t<div class=\"rt-left\">\n\t\t\t\t<div class=\"rt-title\">V\u0161e o<\/div>\n\t\t\t\t<div class=\"rt-subtitle\"><span class=\"gym-primary-color\">KULTURISTICK\u00dd<\/span> ODD\u00cdL \u0160EMBI<\/div>\n\t\t\t\t<div class=\"rt-des\">byl pod z\u00e1\u0161titou Ministerstva Vnitra \u010cesk\u00e9 republiky zaps\u00e1n dne 5. ledna 2007. V sou\u010dasnosti m\u00e1 nej\u0161ir\u0161\u00ed z\u00e1kladnu, jak\u00e1 kdy byla. Jeho pevn\u00fd z\u00e1klad je tvo\u0159en necelou des\u00edtkou dovol\u00edme si \u0159\u00edct skaln\u00edch z\u00e1vodn\u00edku, se kter\u00fdmi ji\u017e pracujeme del\u0161\u00ed dobu. V\u011bt\u0161inu odd\u00edlov\u00e9 z\u00e1kladny tvo\u0159\u00ed chlapci v letech od \u010dtrn\u00e1cti do dvaceti let, v odd\u00edle v\u0161ak m\u00e1me tak\u00e9 d\u00edvky. Nejv\u011bt\u0161\u00ed pozornost v\u0161ak v\u011bnujeme ml\u00e1de\u017ei, nebo\u0165 v\u011b\u0159\u00edme, \u017ee mlad\u00e9 talenty je t\u0159eba nejprve vychovat. \u010clenov\u00e9 odd\u00edlu \u0160embi v sou\u010dasnosti z\u00e1vod\u00ed nap\u0159\u00ed\u010d spektrem sout\u011b\u017en\u00edch kategori\u00ed, kter\u00e9 je dnes velmi \u0161irok\u00e9. U chlapc\u016f p\u0159evl\u00e1d\u00e1 kategorie kulturistiky s konkr\u00e9tn\u00edm v\u00e1hov\u00fdm omezen\u00edm, velmi popul\u00e1rn\u00ed je tak\u00e9 nov\u011bj\u0161\u00ed kategorie pl\u00e1\u017eov\u00fdch chlapc\u016f mens physique. U d\u00edvek pak p\u0159evl\u00e1d\u00e1 kategorie bodyfitness, kter\u00e1 dovoluje vyniknout kr\u00e1s\u00e1m \u017eensk\u00e9ho t\u011bla.<\/div>\n\t\t\t\t\t\t\t<\/div>\n\t\t<\/div>\n\t\t<div class=\"col-md-6\">\n\t\t\t<div class=\"rt-right\">\n\t\t\t\t<img fetchpriority=\"high\" decoding=\"async\" width=\"800\" height=\"600\" src=\"https:\/\/d.r1.wbsprt.com\/studio-klara.cz\/wp-content\/uploads\/2021\/03\/kulturisticky-oddil-sembi-2.jpg\" class=\"attachment-full size-full\" alt=\"\" srcset=\"https:\/\/d.r1.wbsprt.com\/studio-klara.cz\/wp-content\/uploads\/2021\/03\/kulturisticky-oddil-sembi-2.jpg 800w, https:\/\/d.r1.wbsprt.com\/studio-klara.cz\/wp-content\/uploads\/2021\/03\/kulturisticky-oddil-sembi-2-300x225@2x.jpg 600w, https:\/\/d.r1.wbsprt.com\/studio-klara.cz\/wp-content\/uploads\/2021\/03\/kulturisticky-oddil-sembi-2-300x225.jpg 300w\" sizes=\"(max-width: 800px) 100vw, 800px\" \/>\t\t\t<\/div>\n\t\t<\/div>\n\t<\/div>\n<\/div>[\/vc_column][\/vc_row][vc_row css=&#8221;.vc_custom_1617189646093{padding-bottom: 30px !important;}&#8221;][vc_column]\n<div class=\"rt-gallery-1 style1\">\n    <div class=\"row\">\n                    <div class=\"col-md-4 col-xs-12\">\n                <div class=\"rt-section-title\">NA\u0160E GALERIE<\/div>\n            <\/div>\n                <div class=\"col-md-8 col-xs-12\">\n            <div class=\"rt-gallery-tab\"> \n                <a href=\"#\" data-filter=\"*\" class=\"current\">V\u0161echno<\/a>\n                                    <a href=\"#\" data-filter=\".kulturisticky-oddil-sembi\">Kulturistick\u00fd odd\u00edl \u0160embi<\/a>\n                            <\/div>\n        <\/div>\n    <\/div>\n    <div class=\"row rt-gallery-wrapper\">\n                    <div class=\"col-lg-4 col-md-4 col-sm-6 col-xs-12 kulturisticky-oddil-sembi\">\n                <div class=\"rt-gallery-box\">\n                    <img decoding=\"async\" width=\"400\" height=\"270\" src=\"https:\/\/d.r1.wbsprt.com\/studio-klara.cz\/wp-content\/uploads\/2021\/03\/kulturisticky-oddil-sembi-9-400x270.jpg\" alt=\"Kulturistick\u00fd odd\u00edl \u0160embi 6\">\n                    <div class=\"rt-gallery-content\">\n                        <a href=\"https:\/\/d.r1.wbsprt.com\/studio-klara.cz\/wp-content\/uploads\/2021\/03\/kulturisticky-oddil-sembi-9-800x600.jpg\" class=\"rt-gallery-1-zoom\" title=\"Kulturistick\u00fd odd\u00edl \u0160embi 6\"><i class=\"fa fa-plus\" aria-hidden=\"true\"><\/i><\/a>\n                    <\/div>\n                <\/div>\n            <\/div>\n                    <div class=\"col-lg-4 col-md-4 col-sm-6 col-xs-12 kulturisticky-oddil-sembi\">\n                <div class=\"rt-gallery-box\">\n                    <img decoding=\"async\" width=\"400\" height=\"270\" src=\"https:\/\/d.r1.wbsprt.com\/studio-klara.cz\/wp-content\/uploads\/2021\/03\/kulturisticky-oddil-sembi-8-400x270.jpg\" alt=\"Kulturistick\u00fd odd\u00edl \u0160embi 5\">\n                    <div class=\"rt-gallery-content\">\n                        <a href=\"https:\/\/d.r1.wbsprt.com\/studio-klara.cz\/wp-content\/uploads\/2021\/03\/kulturisticky-oddil-sembi-8-800x600.jpg\" class=\"rt-gallery-1-zoom\" title=\"Kulturistick\u00fd odd\u00edl \u0160embi 5\"><i class=\"fa fa-plus\" aria-hidden=\"true\"><\/i><\/a>\n                    <\/div>\n                <\/div>\n            <\/div>\n                    <div class=\"col-lg-4 col-md-4 col-sm-6 col-xs-12 kulturisticky-oddil-sembi\">\n                <div class=\"rt-gallery-box\">\n                    <img loading=\"lazy\" decoding=\"async\" width=\"400\" height=\"270\" src=\"https:\/\/d.r1.wbsprt.com\/studio-klara.cz\/wp-content\/uploads\/2021\/03\/kulturisticky-oddil-sembi-7-400x270.jpg\" alt=\"Kulturistick\u00fd odd\u00edl \u0160embi 4\">\n                    <div class=\"rt-gallery-content\">\n                        <a href=\"https:\/\/d.r1.wbsprt.com\/studio-klara.cz\/wp-content\/uploads\/2021\/03\/kulturisticky-oddil-sembi-7-800x600.jpg\" class=\"rt-gallery-1-zoom\" title=\"Kulturistick\u00fd odd\u00edl \u0160embi 4\"><i class=\"fa fa-plus\" aria-hidden=\"true\"><\/i><\/a>\n                    <\/div>\n                <\/div>\n            <\/div>\n                    <div class=\"col-lg-4 col-md-4 col-sm-6 col-xs-12 kulturisticky-oddil-sembi\">\n                <div class=\"rt-gallery-box\">\n                    <img loading=\"lazy\" decoding=\"async\" width=\"400\" height=\"270\" src=\"https:\/\/d.r1.wbsprt.com\/studio-klara.cz\/wp-content\/uploads\/2021\/03\/kulturisticky-oddil-sembi-6-400x270.jpg\" alt=\"Kulturistick\u00fd odd\u00edl \u0160embi 3\">\n                    <div class=\"rt-gallery-content\">\n                        <a href=\"https:\/\/d.r1.wbsprt.com\/studio-klara.cz\/wp-content\/uploads\/2021\/03\/kulturisticky-oddil-sembi-6-800x600.jpg\" class=\"rt-gallery-1-zoom\" title=\"Kulturistick\u00fd odd\u00edl \u0160embi 3\"><i class=\"fa fa-plus\" aria-hidden=\"true\"><\/i><\/a>\n                    <\/div>\n                <\/div>\n            <\/div>\n                    <div class=\"col-lg-4 col-md-4 col-sm-6 col-xs-12 kulturisticky-oddil-sembi\">\n                <div class=\"rt-gallery-box\">\n                    <img loading=\"lazy\" decoding=\"async\" width=\"400\" height=\"270\" src=\"https:\/\/d.r1.wbsprt.com\/studio-klara.cz\/wp-content\/uploads\/2021\/03\/kulturisticky-oddil-sembi-4-400x270.jpg\" alt=\"Kulturistick\u00fd odd\u00edl \u0160embi 2\">\n                    <div class=\"rt-gallery-content\">\n                        <a href=\"https:\/\/d.r1.wbsprt.com\/studio-klara.cz\/wp-content\/uploads\/2021\/03\/kulturisticky-oddil-sembi-4-800x600.jpg\" class=\"rt-gallery-1-zoom\" title=\"Kulturistick\u00fd odd\u00edl \u0160embi 2\"><i class=\"fa fa-plus\" aria-hidden=\"true\"><\/i><\/a>\n                    <\/div>\n                <\/div>\n            <\/div>\n                    <div class=\"col-lg-4 col-md-4 col-sm-6 col-xs-12 kulturisticky-oddil-sembi\">\n                <div class=\"rt-gallery-box\">\n                    <img loading=\"lazy\" decoding=\"async\" width=\"400\" height=\"270\" src=\"https:\/\/d.r1.wbsprt.com\/studio-klara.cz\/wp-content\/uploads\/2021\/03\/kulturisticky-oddil-sembi-5-400x270.jpg\" alt=\"Kulturistick\u00fd odd\u00edl \u0160embi 1\">\n                    <div class=\"rt-gallery-content\">\n                        <a href=\"https:\/\/d.r1.wbsprt.com\/studio-klara.cz\/wp-content\/uploads\/2021\/03\/kulturisticky-oddil-sembi-5-800x600.jpg\" class=\"rt-gallery-1-zoom\" title=\"Kulturistick\u00fd odd\u00edl \u0160embi 1\"><i class=\"fa fa-plus\" aria-hidden=\"true\"><\/i><\/a>\n                    <\/div>\n                <\/div>\n            <\/div>\n            <\/div>             \n<\/div>[\/vc_column][\/vc_row][vc_row][vc_column]<div class=\"rt-about-1\">\n\t<div class=\"row\">\n\t\t<div class=\"col-md-6\">\n\t\t\t<div class=\"rt-left\">\n\t\t\t\t<div class=\"rt-title\"><\/div>\n\t\t\t\t<div class=\"rt-subtitle\"><span class=\"gym-primary-color\">Na\u0161e<\/span> \u00fasp\u011bchy<\/div>\n\t\t\t\t<div class=\"rt-des\"><\/div>\n\t\t\t\t\t\t\t<\/div>\n\t\t<\/div>\n\t\t<div class=\"col-md-6\">\n\t\t\t<div class=\"rt-right\">\n\t\t\t\t\t\t\t<\/div>\n\t\t<\/div>\n\t<\/div>\n<\/div>[\/vc_column][\/vc_row][vc_row][vc_column width=&#8221;1\/2&#8243;]\n<div class=\"media rt-info-text-1 \" style=\"\">\n    <div class=\"pull-left\">\n                    <i class=\"fas fa-award\" aria-hidden=\"true\" style=\"font-size: 28px;\"><\/i>\n            <\/div>\n    <div class=\"media-body\">\n        <h3 class=\"media-heading\" style=\"\"><\/h3>\n        <div class=\"rt-spacing rt-separator\" style=\"margin: 15px 0;\"><\/div>\n        <p class=\"mb0\" style=\"\"><\/p>\n<h4>Z let minul\u00fdch pat\u0159\u00ed bezesporu k na\u0161im nejv\u011bt\u0161\u00edm \u00fasp\u011bch\u016fm 4. m\u00edsto na Mistrovstv\u00ed sv\u011bta dorostu a junior\u016f. Lo\u0148sk\u00e1 sout\u011b\u017en\u00ed sez\u00f3na, kdy z na\u0161eho odd\u00edlu startovalo osm z\u00e1vodn\u00edku za dorosteneck\u00e9 a juniorsk\u00e9 kategorie a jeden z\u00e1vodn\u00edk za mu\u017ee, v\u0161ak byla p\u0159elomov\u00e1.<\/h4>\n<h4><\/h4>\n<h4>Mistrovstv\u00ed Moravy a Slezska dorostu a junior\u016f 2016 pro n\u00e1s znamenalo t\u0159i medailov\u00e9 p\u0159\u00ed\u010dky a tak\u00e9 mo\u017enost \u00fa\u010dastnit se presti\u017en\u00edho Mistrovstv\u00ed \u010cesk\u00e9 republiky. Zde jsme posl\u00e9ze okusili chu\u0165 zlata \u2013 Tom\u00e1\u0161 N\u011bmec, vyhr\u00e1l nejen svou kategorii (kulturistika mlad\u0161\u00edho dorostu), ale stal se tak\u00e9 absolutn\u00edm mistrem \u010cesk\u00e9 republiky v cel\u00e9 kategorii dorostu \u2013 dovezl tedy dom\u016f hned dv\u011b zlat\u00e9 medaile! V dorosteneck\u00e9 kategorii d\u00edvek (bodyfitness) skv\u011ble usp\u011bla tak\u00e9 na\u0161e nejmlad\u0161\u00ed z\u00e1vodnice, Ad\u00e9la Chalupkov\u00e1, kdy\u017e vybojovala kr\u00e1snou t\u0159et\u00ed p\u0159\u00ed\u010dku.<\/h4>\n<h4><\/h4>\n<h4><\/h4>\n<h4>Aby toho v\u0161ak nebylo m\u00e1lo, pr\u00e1v\u011b tito dva jmenovan\u00ed z\u00e1vodn\u00edci (nejmlad\u0161\u00ed benjam\u00ednci odd\u00edlu) se dostali do \u00fazk\u00e9ho v\u00fdb\u011bru reprezenta\u010dn\u00edho soust\u0159ed\u011bn\u00ed talentovan\u00e9 ml\u00e1de\u017ee Svazu kulturistiky a fitness \u010cesk\u00e9 republiky (SKF\u010cR). Do tohoto v\u00fdb\u011bru se dostane pouze dvac\u00edtka nejlep\u0161\u00edch ml\u00e1de\u017enick\u00fdch z\u00e1vodn\u00edk\u016f nap\u0159i\u010d republikou. Nejen pro Tom\u00e1\u0161e a Ad\u00e9lu byla \u00fa\u010dast na podobn\u00e9 akci velkou ct\u00ed. My jsme tak\u00e9 hrd\u00ed na to, \u017ee pod na\u0161im veden\u00edm se z \u201emla\u010foch\u016f\u201c st\u00e1vaj\u00ed \u00fasp\u011b\u0161n\u00ed sportovci, kte\u0159\u00ed odv\u00e1d\u00ed kus poctiv\u00e9 pr\u00e1ce.<\/h4>\n<p><\/p>\n    <\/div>\n    <div class=\"clear\"><\/div>\n<\/div>[\/vc_column][vc_column css_animation=&#8221;bounceInRight&#8221; width=&#8221;1\/2&#8243; css=&#8221;.vc_custom_1617189666636{padding-bottom: 400px !important;background-image: url(https:\/\/www.studio-klara.cz\/wp-content\/uploads\/2021\/03\/kulturisticky-oddil-sembi-1.jpg?id=4096) !important;border-radius: 4px !important;}&#8221;][\/vc_column][\/vc_row][vc_row css=&#8221;.vc_custom_1617192893982{padding-bottom: 50px !important;}&#8221;][vc_column]<div class=\"rt-about-1\">\n\t<div class=\"row\">\n\t\t<div class=\"col-md-6\">\n\t\t\t<div class=\"rt-left\">\n\t\t\t\t<div class=\"rt-title\"><\/div>\n\t\t\t\t<div class=\"rt-subtitle\"><span class=\"gym-primary-color\">\u010clensk\u00e1<\/span> z\u00e1kladna<\/div>\n\t\t\t\t<div class=\"rt-des\">Kdy\u017e se v\u0161ak vr\u00e1t\u00edme k \u010dlensk\u00e9 z\u00e1kladn\u011b odd\u00edlu, nevyd\u011blujeme se ze spole\u010dnosti naopak \u2013 ka\u017ed\u00fd nem\u00e1 vlohy k z\u00e1vod\u011bn\u00ed v kulturistice, ale chce pro\u017e\u00edvat celou tu anab\u00e1zi p\u0159\u00edpravy spole\u010dn\u011b s n\u00e1mi\u2026pro\u010d ne, i takov\u00fdmto \u010dlen\u016fm je n\u00e1\u0161 odd\u00edl otev\u0159en. Nejsme elit\u00e1\u0159i, chceme se tomuto sportu v\u011bnovat a uk\u00e1zat v\u0161em lidem, \u017ee stoj\u00ed za to. \u010cas od \u010dasu uspo\u0159\u00e1d\u00e1me n\u00e1bor nov\u00fdch \u010dlen\u016f, ale nikdy se nejedn\u00e1 o nic masov\u00e9ho. Fitness nad\u0161enc\u016f najdete v dne\u0161n\u00edch fitnesscentrech mraky, ale m\u00e1lokdo z nich se dok\u00e1\u017ee dr\u017eet nutn\u00e9 rutiny celoro\u010dn\u00ed p\u0159\u00edpravy. Proto nen\u00ed sout\u011b\u017en\u00ed kulturistika o mas\u00e1ch, ale z\u00e1jem o n\u00ed ka\u017ed\u00fd rok stoup\u00e1 \u2013 a d\u00edky za to.<\/div>\n\t\t\t\t\t\t\t<\/div>\n\t\t<\/div>\n\t\t<div class=\"col-md-6\">\n\t\t\t<div class=\"rt-right\">\n\t\t\t\t<img loading=\"lazy\" decoding=\"async\" width=\"800\" height=\"600\" src=\"https:\/\/d.r1.wbsprt.com\/studio-klara.cz\/wp-content\/uploads\/2021\/03\/kulturisticky-oddil-sembi-3.jpg\" class=\"attachment-full size-full\" alt=\"\" srcset=\"https:\/\/d.r1.wbsprt.com\/studio-klara.cz\/wp-content\/uploads\/2021\/03\/kulturisticky-oddil-sembi-3.jpg 800w, https:\/\/d.r1.wbsprt.com\/studio-klara.cz\/wp-content\/uploads\/2021\/03\/kulturisticky-oddil-sembi-3-300x225@2x.jpg 600w, https:\/\/d.r1.wbsprt.com\/studio-klara.cz\/wp-content\/uploads\/2021\/03\/kulturisticky-oddil-sembi-3-300x225.jpg 300w\" sizes=\"(max-width: 800px) 100vw, 800px\" \/>\t\t\t<\/div>\n\t\t<\/div>\n\t<\/div>\n<\/div>[\/vc_column][\/vc_row][vc_row][vc_column]<div class=\"row\">\n\t<div class=\"col-lg-12 col-md-12 col-sm-12\">\n\t\t<div class=\"owl-wrap rt-owl-nav-1 rt-owl-post-1 rt-owl-dot-1\">\n\t\t\t<div class=\"section-title\">\n\t\t\t\t<h2 class=\"owl-custom-nav-title\">NEJNOV\u011aJ\u0160\u00cd P\u0158\u00cdSP\u011aVKY<\/h2>\n\t\t\t\t\t\t\t\t\t<div class=\"owl-custom-nav\">\n\t\t\t\t\t\t<div class=\"owl-prev\"><i class=\"fa fa-angle-left\"><\/i><\/div><div class=\"owl-next\"><i class=\"fa fa-angle-right\"><\/i><\/div>\t\t\t\t\t<\/div>\n\t\t\t\t\t\t\t\t<div class=\"owl-custom-nav-bar\"><\/div>\n\t\t\t\t<div class=\"clear\"><\/div>\n\t\t\t<\/div>\n\t\t\t<div class=\"owl-theme owl-carousel rt-owl-carousel\" data-carousel-options=\"{&quot;nav&quot;:false,&quot;navText&quot;:[&quot;&lt;i class=&#039;fa fa-angle-left&#039;&gt;&lt;\\\/i&gt;&quot;,&quot;&lt;i class=&#039;fa fa-angle-right&#039;&gt;&lt;\\\/i&gt;&quot;],&quot;dots&quot;:false,&quot;autoplay&quot;:true,&quot;autoplayTimeout&quot;:&quot;5000&quot;,&quot;autoplaySpeed&quot;:&quot;200&quot;,&quot;autoplayHoverPause&quot;:true,&quot;loop&quot;:true,&quot;margin&quot;:20,&quot;responsive&quot;:{&quot;0&quot;:{&quot;items&quot;:1},&quot;480&quot;:{&quot;items&quot;:2},&quot;768&quot;:{&quot;items&quot;:2},&quot;992&quot;:{&quot;items&quot;:3},&quot;1200&quot;:{&quot;items&quot;:3}}}\">\n\t\t\t\t\t\t\t\t\t\t\t\t\t\t\t\t\t\t\t\t\t<div class=\"single-item\">\n\t\t\t\t\t\t\t<div class=\"single-item-meta\">\n\t\t\t\t\t\t\t\t<a href=\"https:\/\/d.r1.wbsprt.com\/studio-klara.cz\/nostalgickou-chvilka\/\" class=\"single-item-image\"><img loading=\"lazy\" decoding=\"async\" width=\"410\" height=\"200\" src=\"https:\/\/d.r1.wbsprt.com\/studio-klara.cz\/wp-content\/uploads\/2023\/02\/prispevek-21-410x200.jpg\" class=\"attachment-gymedge-size2 size-gymedge-size2 wp-post-image\" alt=\"\" \/><\/a>\n\t\t\t\t\t\t\t\t<div class=\"date\">14<br\/>\u00dano<br\/>2025<\/div>\n\t\t\t\t\t\t\t<\/div>\n\t\t\t\t\t\t\t<div class=\"single-item-content\">\n\t\t\t\t\t\t\t\t<h3><a href=\"https:\/\/d.r1.wbsprt.com\/studio-klara.cz\/nostalgickou-chvilka\/\">Nostalgick\u00e1 chvilka<\/a><\/h3>\n\t\t\t\t\t\t\t\t<div>N\u011bkdy m\u00e1me nostalgickou chvilku a vzpom\u00edn\u00e1me. Vzpom\u00edn\u00e1me na dobu p\u0159ed Covidem, kdy lid\u00e9 voln\u011b sportovali a z\u00faro\u010dovali sv\u00e9 \u00fasil\u00ed. Tenkr\u00e1te bylo v\u0161e v po\u0159\u00e1dku a my se v Odd\u00edle \u0160EMBI p\u0159ipravovali na ka\u017edou sout\u011b\u017en\u00ed sez\u00f3nu.&hellip;<\/div>\n\t\t\t\t\t\t\t<\/div>\n\t\t\t\t\t\t<\/div>\n\t\t\t\t\t\t\t\t\t\t\t\t\t\t\t\t\t<div class=\"single-item\">\n\t\t\t\t\t\t\t<div class=\"single-item-meta\">\n\t\t\t\t\t\t\t\t<a href=\"https:\/\/d.r1.wbsprt.com\/studio-klara.cz\/uz-je-to-tady\/\" class=\"single-item-image\"><img loading=\"lazy\" decoding=\"async\" width=\"410\" height=\"200\" src=\"https:\/\/d.r1.wbsprt.com\/studio-klara.cz\/wp-content\/uploads\/2023\/02\/prispevek-15-410x200.jpg\" class=\"attachment-gymedge-size2 size-gymedge-size2 wp-post-image\" alt=\"\" \/><\/a>\n\t\t\t\t\t\t\t\t<div class=\"date\">8<br\/>\u00dano<br\/>2025<\/div>\n\t\t\t\t\t\t\t<\/div>\n\t\t\t\t\t\t\t<div class=\"single-item-content\">\n\t\t\t\t\t\t\t\t<h3><a href=\"https:\/\/d.r1.wbsprt.com\/studio-klara.cz\/uz-je-to-tady\/\">U\u017e je to tady<\/a><\/h3>\n\t\t\t\t\t\t\t\t<div>Nej\u00fa\u010dinn\u011bj\u0161\u00ed forma ho\u0159\u010d\u00edku na trhu. Instantn\u00ed sm\u011bs, postaven\u00e1 na zna\u010dkov\u00e9 surovin\u011b Aquamin\u00a9. Biologicky aktivn\u00ed ho\u0159\u010d\u00edk spolu v kombinaci s jedine\u010dnou chel\u00e1tovou formou ho\u0159\u010d\u00edku podporuje optim\u00e1ln\u00ed funkci nervov\u00e9 a svalov\u00e9 soustavy. \u00danava, stres a vy\u010derp\u00e1n\u00ed jsou&hellip;<\/div>\n\t\t\t\t\t\t\t<\/div>\n\t\t\t\t\t\t<\/div>\n\t\t\t\t\t\t\t\t\t\t\t\t\t\t\t\t\t<div class=\"single-item\">\n\t\t\t\t\t\t\t<div class=\"single-item-meta\">\n\t\t\t\t\t\t\t\t<a href=\"https:\/\/d.r1.wbsprt.com\/studio-klara.cz\/resume-oddilu-kulturistiky-sembi-jaro-2019\/\" class=\"single-item-image\"><img loading=\"lazy\" decoding=\"async\" width=\"410\" height=\"200\" src=\"https:\/\/d.r1.wbsprt.com\/studio-klara.cz\/wp-content\/uploads\/2021\/03\/kulturisticky-oddil-sembi-1-410x200.jpg\" class=\"attachment-gymedge-size2 size-gymedge-size2 wp-post-image\" alt=\"\" \/><\/a>\n\t\t\t\t\t\t\t\t<div class=\"date\">20<br\/>B\u0159e<br\/>2019<\/div>\n\t\t\t\t\t\t\t<\/div>\n\t\t\t\t\t\t\t<div class=\"single-item-content\">\n\t\t\t\t\t\t\t\t<h3><a href=\"https:\/\/d.r1.wbsprt.com\/studio-klara.cz\/resume-oddilu-kulturistiky-sembi-jaro-2019\/\">Resum\u00e9 Odd\u00edlu Kulturistiky \u0160EMBI Jaro 2019<\/a><\/h3>\n\t\t\t\t\t\t\t\t<div>Resum\u00e9 Odd\u00edlu Kulturistiky \u0160EMBI Jaro 2019 Podle Va\u0161ich ohlas\u016f v\u00edme, \u017ee V\u00e1s sout\u011b\u017een\u00ed d\u011bn\u00ed a p\u0159edev\u0161\u00edm fotografie zaj\u00edmaj\u00ed, bav\u00ed a v\u011b\u0159\u00edme, \u017ee i t\u011b\u0161\u00ed. Co jsme pro v\u00e1s p\u0159ipravili? Resum\u00e9 Odd\u00edlu Kulturistiky \u0160EMBI Jaro 2019.&hellip;<\/div>\n\t\t\t\t\t\t\t<\/div>\n\t\t\t\t\t\t<\/div>\n\t\t\t\t\t\t\t\t\t\t\t\t\t\t\t\t\t<div class=\"single-item\">\n\t\t\t\t\t\t\t<div class=\"single-item-meta\">\n\t\t\t\t\t\t\t\t<a href=\"https:\/\/d.r1.wbsprt.com\/studio-klara.cz\/mistrovstvi-moravy-a-slezska-dorostu-a-junioru-bohumin-2018\/\" class=\"single-item-image\"><img loading=\"lazy\" decoding=\"async\" width=\"410\" height=\"200\" src=\"https:\/\/d.r1.wbsprt.com\/studio-klara.cz\/wp-content\/uploads\/2021\/03\/kulturisticky-oddil-sembi-10-410x200.jpg\" class=\"attachment-gymedge-size2 size-gymedge-size2 wp-post-image\" alt=\"\" \/><\/a>\n\t\t\t\t\t\t\t\t<div class=\"date\">3<br\/>\u010cvn<br\/>2018<\/div>\n\t\t\t\t\t\t\t<\/div>\n\t\t\t\t\t\t\t<div class=\"single-item-content\">\n\t\t\t\t\t\t\t\t<h3><a href=\"https:\/\/d.r1.wbsprt.com\/studio-klara.cz\/mistrovstvi-moravy-a-slezska-dorostu-a-junioru-bohumin-2018\/\">Mistrovstv\u00ed Moravy a Slezska Dorostu a Junior\u016f BOHUM\u00cdN 2018<\/a><\/h3>\n\t\t\t\t\t\t\t\t<div>Mistrovstv\u00ed Moravy a Slezska Dorostu a Junior\u016f BOHUM\u00cdN 2018 S pov\u011b\u0159en\u00edm svazu SKF\u010cR se stal Kulturistick\u00fd odd\u00edl Fitnesscentrum \u0160embi Bohum\u00edn a realiza\u010dn\u00ed t\u00fdm Studia Kl\u00e1ra hrd\u00fdm po\u0159adatelem Mistrovsk\u00e9ho kl\u00e1n\u00ed \u201eMistrovstv\u00ed Moravy a Slezska v kulturistice&hellip;<\/div>\n\t\t\t\t\t\t\t<\/div>\n\t\t\t\t\t\t<\/div>\n\t\t\t\t\t\t\t\t\t\t\t\t\t\t\t\t\t<div class=\"single-item\">\n\t\t\t\t\t\t\t<div class=\"single-item-meta\">\n\t\t\t\t\t\t\t\t<a href=\"https:\/\/d.r1.wbsprt.com\/studio-klara.cz\/mistrovstvi-moravy-a-slezska-dorostu-a-junioru-bohumin-2017\/\" class=\"single-item-image\"><img loading=\"lazy\" decoding=\"async\" width=\"410\" height=\"200\" src=\"https:\/\/d.r1.wbsprt.com\/studio-klara.cz\/wp-content\/uploads\/2021\/04\/kulturisticky-oddil-sembi-22-410x200.jpg\" class=\"attachment-gymedge-size2 size-gymedge-size2 wp-post-image\" alt=\"\" \/><\/a>\n\t\t\t\t\t\t\t\t<div class=\"date\">1<br\/>\u010cvn<br\/>2017<\/div>\n\t\t\t\t\t\t\t<\/div>\n\t\t\t\t\t\t\t<div class=\"single-item-content\">\n\t\t\t\t\t\t\t\t<h3><a href=\"https:\/\/d.r1.wbsprt.com\/studio-klara.cz\/mistrovstvi-moravy-a-slezska-dorostu-a-junioru-bohumin-2017\/\">Mistrovstv\u00ed Moravy a Slezska Dorostu a Junior\u016f BOHUM\u00cdN 2017<\/a><\/h3>\n\t\t\t\t\t\t\t\t<div>Mistrovstv\u00ed Moravy a Slezska Dorostu a Junior\u016f BOHUM\u00cdN 2017 S pov\u011b\u0159en\u00edm svazu SKF\u010cR se stal Kulturistick\u00fd odd\u00edl Fitness centrum \u0160embi Bohum\u00edn a realiza\u010dn\u00ed t\u00fdm Studia Kl\u00e1ra hrd\u00fdm po\u0159adatelem Mistrovsk\u00e9ho kl\u00e1n\u00ed \u201eMistrovstv\u00ed Moravy a Slezska v&hellip;<\/div>\n\t\t\t\t\t\t\t<\/div>\n\t\t\t\t\t\t<\/div>\n\t\t\t\t\t\t\t\t\t\t\t\t\t\t\t\t\t<div class=\"single-item\">\n\t\t\t\t\t\t\t<div class=\"single-item-meta\">\n\t\t\t\t\t\t\t\t<a href=\"https:\/\/d.r1.wbsprt.com\/studio-klara.cz\/napsaly-o-nas-v-novinach\/\" class=\"single-item-image\"><img loading=\"lazy\" decoding=\"async\" width=\"410\" height=\"200\" src=\"https:\/\/d.r1.wbsprt.com\/studio-klara.cz\/wp-content\/uploads\/2017\/01\/napsali-o-nas-01-410x200.jpg\" class=\"attachment-gymedge-size2 size-gymedge-size2 wp-post-image\" alt=\"\" \/><\/a>\n\t\t\t\t\t\t\t\t<div class=\"date\">13<br\/>Led<br\/>2017<\/div>\n\t\t\t\t\t\t\t<\/div>\n\t\t\t\t\t\t\t<div class=\"single-item-content\">\n\t\t\t\t\t\t\t\t<h3><a href=\"https:\/\/d.r1.wbsprt.com\/studio-klara.cz\/napsaly-o-nas-v-novinach\/\">Napsaly o n\u00e1s v Novin\u00e1ch<\/a><\/h3>\n\t\t\t\t\t\t\t\t<div>Kulturist\u00e9 z Orlov\u00e9 jsou &#8220;tesan\u00ed dl\u00e1tkem&#8221; do republikov\u00e9 \u0161pi\u010dky tvrd\u00ed redaktor nej\u010dten\u011bj\u0161\u00edho t\u00fdden\u00edku v \u010cesk\u00e9 republice, 5 plus 2 Karvinsko Petr Wojnar. Reprezentaci oblasti Karvinska, reprezentuje i n\u00e1\u0161 odd\u00edl orlovsk\u00e9ho \u0160EMBI. 13. Ledna 2017 vy\u0161el&hellip;<\/div>\n\t\t\t\t\t\t\t<\/div>\n\t\t\t\t\t\t<\/div>\n\t\t\t\t\t\t\t\t\t\t\t\t\t\t\t\t<\/div>\n\t\t<\/div>\n\t<\/div>\n<\/div>[\/vc_column][\/vc_row]<\/p>\n<\/div>","protected":false},"excerpt":{"rendered":"<p>[vc_row][vc_column][\/vc_column][\/vc_row][vc_row css=&#8221;.vc_custom_1617189646093{padding-bottom: 30px !important;}&#8221;][vc_column][\/vc_column][\/vc_row][vc_row][vc_column][\/vc_column][\/vc_row][vc_row][vc_column width=&#8221;1\/2&#8243;][\/vc_column][vc_column css_animation=&#8221;bounceInRight&#8221; width=&#8221;1\/2&#8243; css=&#8221;.vc_custom_1617189666636{padding-bottom: 400px !important;background-image: url(https:\/\/www.studio-klara.cz\/wp-content\/uploads\/2021\/03\/kulturisticky-oddil-sembi-1.jpg?id=4096) !important;border-radius: 4px !important;}&#8221;][\/vc_column][\/vc_row][vc_row css=&#8221;.vc_custom_1617192893982{padding-bottom: 50px !important;}&#8221;][vc_column][\/vc_column][\/vc_row][vc_row][vc_column][\/vc_column][\/vc_row]<\/p>\n","protected":false},"author":2,"featured_media":0,"parent":2928,"menu_order":0,"comment_status":"closed","ping_status":"closed","template":"","meta":{"footnotes":""},"class_list":["post-3858","page","type-page","status-publish","hentry"],"_links":{"self":[{"href":"https:\/\/d.r1.wbsprt.com\/studio-klara.cz\/wp-json\/wp\/v2\/pages\/3858","targetHints":{"allow":["GET"]}}],"collection":[{"href":"https:\/\/d.r1.wbsprt.com\/studio-klara.cz\/wp-json\/wp\/v2\/pages"}],"about":[{"href":"https:\/\/d.r1.wbsprt.com\/studio-klara.cz\/wp-json\/wp\/v2\/types\/page"}],"author":[{"embeddable":true,"href":"https:\/\/d.r1.wbsprt.com\/studio-klara.cz\/wp-json\/wp\/v2\/users\/2"}],"replies":[{"embeddable":true,"href":"https:\/\/d.r1.wbsprt.com\/studio-klara.cz\/wp-json\/wp\/v2\/comments?post=3858"}],"version-history":[{"count":8,"href":"https:\/\/d.r1.wbsprt.com\/studio-klara.cz\/wp-json\/wp\/v2\/pages\/3858\/revisions"}],"predecessor-version":[{"id":4127,"href":"https:\/\/d.r1.wbsprt.com\/studio-klara.cz\/wp-json\/wp\/v2\/pages\/3858\/revisions\/4127"}],"up":[{"embeddable":true,"href":"https:\/\/d.r1.wbsprt.com\/studio-klara.cz\/wp-json\/wp\/v2\/pages\/2928"}],"wp:attachment":[{"href":"https:\/\/d.r1.wbsprt.com\/studio-klara.cz\/wp-json\/wp\/v2\/media?parent=3858"}],"curies":[{"name":"wp","href":"https:\/\/api.w.org\/{rel}","templated":true}]}}