{"id":886,"date":"2021-07-28T13:25:00","date_gmt":"2021-07-28T11:25:00","guid":{"rendered":"https:\/\/d.r1.wbsprt.com\/spnz.sk\/?page_id=886"},"modified":"2021-07-28T13:31:07","modified_gmt":"2021-07-28T11:31:07","slug":"predmet-a-ciele-cinnosti","status":"publish","type":"page","link":"https:\/\/d.r1.wbsprt.com\/spnz.sk\/predmet-a-ciele-cinnosti\/","title":{"rendered":"Predmet a ciele \u010dinnosti"},"content":{"rendered":"<div class=\"row\"  id=\"row-1521621960\">\n<div class=\"col small-12 large-12\"  ><div class=\"col-inner\"  >\n<h2 class=\"uppercase text-center\">Predmet a ciele \u010dinnosti<\/h2>\n<div class=\"text-center\"><div class=\"is-divider divider clearfix\" style=\"background-color:rgb(3, 78, 162);\"><\/div><\/div><!-- .divider -->\n<div style=\"text-align: justify;\">\n<ul>\n<li>Podpora a zv\u00fdraz\u0148ovanie imid\u017eu zemn\u00e9ho plynu ako energeticky v\u00fdhodn\u00e9ho a ekologicky priazniv\u00e9ho paliva s dostato\u010dn\u00fdmi zdrojmi pre svet i pre Slovensk\u00fa republiku.<\/li>\n<li>Vytv\u00e1ranie podmienok pre otvoren\u00fa odborn\u00fa diskusiu na rie\u0161enie koncep\u010dn\u00fdch, technick\u00fdch, ekonomick\u00fdch, legislat\u00edvnych a \u010fal\u0161\u00edch probl\u00e9mov plyn\u00e1rensk\u00e9ho a naftov\u00e9ho odvetvia formou konferenci\u00ed, v\u00fdstav, semin\u00e1rov a in\u00fdch odborno &#8211; spolo\u010densk\u00fdch akci\u00ed, pr\u00edstupn\u00fdch dom\u00e1cim aj zahrani\u010dn\u00fdm \u00fa\u010dastn\u00edkom.<\/li>\n<li>Reprezent\u00e1cia plyn\u00e1renstva Slovenskej republiky v Medzin\u00e1rodnej plyn\u00e1renskej \u00fanii (IGU), akt\u00edvny podiel na jej \u010dinnosti, spolupr\u00e1ca s \u010fal\u0161\u00edmi eur\u00f3pskymi a svetov\u00fdmi nevl\u00e1dnymi organiz\u00e1ciami.<\/li>\n<li>Prezent\u00e1cia a podpora legit\u00edmnych z\u00e1ujmov \u010dlenov SPNZ vo vz\u0165ahu k verejnopr\u00e1vnym a s\u00fakromnopr\u00e1vnym subjektom.<\/li>\n<li>Organiz\u00e1cia, prehlbovanie a koordin\u00e1cia spolupr\u00e1ce \u010dlenov SPNZ p\u00f4sobiacich vo vede, v\u00fdskume a praxi a poskytovanie pomoci v ich odbornej \u010dinnosti.<\/li>\n<li>Akt\u00edvna \u00fa\u010das\u0165 na zvy\u0161ovan\u00ed kvalifik\u00e1cie pracovn\u00edkov plyn\u00e1rensk\u00e9ho a naftov\u00e9ho odvetvia, odborn\u00edkov a \u0161tudentov, ktor\u00ed s\u00fa v t\u00fdchto odvetviach \u010dinn\u00ed, prostredn\u00edctvom vyu\u017e\u00edvania dom\u00e1cich a zahrani\u010dn\u00fdch sk\u00fasenost\u00ed.<\/li>\n<li>Zastupovanie plyn\u00e1renstva pri tvorbe z\u00e1konn\u00fdch noriem a technick\u00fdch predpisov v r\u00e1mci legislat\u00edvneho procesu SR a obzvl\u00e1\u0161\u0165 v s\u00favislosti s prisp\u00f4sobovan\u00edm pr\u00edslu\u0161nej legislat\u00edvy pr\u00e1vnemu prostrediu Eur\u00f3pskej \u00fanie.<\/li>\n<\/ul>\n<\/div>\n<\/div><\/div>\n<\/div>\n","protected":false},"excerpt":{"rendered":"","protected":false},"author":1,"featured_media":0,"parent":0,"menu_order":0,"comment_status":"closed","ping_status":"closed","template":"","meta":{"inline_featured_image":false,"_uag_custom_page_level_css":"","footnotes":""},"class_list":["post-886","page","type-page","status-publish","hentry"],"yoast_head":"<!-- This site is optimized with the Yoast SEO plugin v24.7 - https:\/\/yoast.com\/wordpress\/plugins\/seo\/ -->\n<title>Predmet a ciele \u010dinnosti - Slovensk\u00fd plyn\u00e1rensk\u00fd a naftov\u00fd zv\u00e4z<\/title>\n<meta name=\"robots\" content=\"index, follow, max-snippet:-1, max-image-preview:large, max-video-preview:-1\" \/>\n<link rel=\"canonical\" href=\"https:\/\/www.spnz.sk\/predmet-a-ciele-cinnosti\/\" \/>\n<meta property=\"og:locale\" content=\"sk_SK\" \/>\n<meta property=\"og:type\" content=\"article\" \/>\n<meta property=\"og:title\" content=\"Predmet a ciele \u010dinnosti - Slovensk\u00fd plyn\u00e1rensk\u00fd a naftov\u00fd zv\u00e4z\" \/>\n<meta property=\"og:url\" content=\"https:\/\/www.spnz.sk\/predmet-a-ciele-cinnosti\/\" \/>\n<meta property=\"og:site_name\" content=\"Slovensk\u00fd plyn\u00e1rensk\u00fd a naftov\u00fd zv\u00e4z\" \/>\n<meta property=\"article:modified_time\" content=\"2021-07-28T11:31:07+00:00\" \/>\n<meta name=\"twitter:card\" content=\"summary_large_image\" \/>\n<meta name=\"twitter:label1\" content=\"Predpokladan\u00fd \u010das \u010d\u00edtania\" \/>\n\t<meta name=\"twitter:data1\" content=\"1 min\u00fata\" \/>\n<script type=\"application\/ld+json\" class=\"yoast-schema-graph\">{\"@context\":\"https:\/\/schema.org\",\"@graph\":[{\"@type\":\"WebPage\",\"@id\":\"https:\/\/www.spnz.sk\/predmet-a-ciele-cinnosti\/\",\"url\":\"https:\/\/www.spnz.sk\/predmet-a-ciele-cinnosti\/\",\"name\":\"Predmet a ciele \u010dinnosti - Slovensk\u00fd plyn\u00e1rensk\u00fd a naftov\u00fd zv\u00e4z\",\"isPartOf\":{\"@id\":\"https:\/\/www.spnz.sk\/#website\"},\"datePublished\":\"2021-07-28T11:25:00+00:00\",\"dateModified\":\"2021-07-28T11:31:07+00:00\",\"breadcrumb\":{\"@id\":\"https:\/\/www.spnz.sk\/predmet-a-ciele-cinnosti\/#breadcrumb\"},\"inLanguage\":\"sk-SK\",\"potentialAction\":[{\"@type\":\"ReadAction\",\"target\":[\"https:\/\/www.spnz.sk\/predmet-a-ciele-cinnosti\/\"]}]},{\"@type\":\"BreadcrumbList\",\"@id\":\"https:\/\/www.spnz.sk\/predmet-a-ciele-cinnosti\/#breadcrumb\",\"itemListElement\":[{\"@type\":\"ListItem\",\"position\":1,\"name\":\"Domovsk\u00e1 str\u00e1nka\",\"item\":\"https:\/\/www.spnz.sk\/\"},{\"@type\":\"ListItem\",\"position\":2,\"name\":\"Predmet a ciele \u010dinnosti\"}]},{\"@type\":\"WebSite\",\"@id\":\"https:\/\/www.spnz.sk\/#website\",\"url\":\"https:\/\/www.spnz.sk\/\",\"name\":\"Slovensk\u00fd plyn\u00e1rensk\u00fd a naftov\u00fd zv\u00e4z\",\"description\":\"\",\"potentialAction\":[{\"@type\":\"SearchAction\",\"target\":{\"@type\":\"EntryPoint\",\"urlTemplate\":\"https:\/\/www.spnz.sk\/?s={search_term_string}\"},\"query-input\":{\"@type\":\"PropertyValueSpecification\",\"valueRequired\":true,\"valueName\":\"search_term_string\"}}],\"inLanguage\":\"sk-SK\"}]}<\/script>\n<!-- \/ Yoast SEO plugin. -->","yoast_head_json":{"title":"Predmet a ciele \u010dinnosti - Slovensk\u00fd plyn\u00e1rensk\u00fd a naftov\u00fd zv\u00e4z","robots":{"index":"index","follow":"follow","max-snippet":"max-snippet:-1","max-image-preview":"max-image-preview:large","max-video-preview":"max-video-preview:-1"},"canonical":"https:\/\/www.spnz.sk\/predmet-a-ciele-cinnosti\/","og_locale":"sk_SK","og_type":"article","og_title":"Predmet a ciele \u010dinnosti - Slovensk\u00fd plyn\u00e1rensk\u00fd a naftov\u00fd zv\u00e4z","og_url":"https:\/\/www.spnz.sk\/predmet-a-ciele-cinnosti\/","og_site_name":"Slovensk\u00fd plyn\u00e1rensk\u00fd a naftov\u00fd zv\u00e4z","article_modified_time":"2021-07-28T11:31:07+00:00","twitter_card":"summary_large_image","twitter_misc":{"Predpokladan\u00fd \u010das \u010d\u00edtania":"1 min\u00fata"},"schema":{"@context":"https:\/\/schema.org","@graph":[{"@type":"WebPage","@id":"https:\/\/www.spnz.sk\/predmet-a-ciele-cinnosti\/","url":"https:\/\/www.spnz.sk\/predmet-a-ciele-cinnosti\/","name":"Predmet a ciele \u010dinnosti - Slovensk\u00fd plyn\u00e1rensk\u00fd a naftov\u00fd zv\u00e4z","isPartOf":{"@id":"https:\/\/www.spnz.sk\/#website"},"datePublished":"2021-07-28T11:25:00+00:00","dateModified":"2021-07-28T11:31:07+00:00","breadcrumb":{"@id":"https:\/\/www.spnz.sk\/predmet-a-ciele-cinnosti\/#breadcrumb"},"inLanguage":"sk-SK","potentialAction":[{"@type":"ReadAction","target":["https:\/\/www.spnz.sk\/predmet-a-ciele-cinnosti\/"]}]},{"@type":"BreadcrumbList","@id":"https:\/\/www.spnz.sk\/predmet-a-ciele-cinnosti\/#breadcrumb","itemListElement":[{"@type":"ListItem","position":1,"name":"Domovsk\u00e1 str\u00e1nka","item":"https:\/\/www.spnz.sk\/"},{"@type":"ListItem","position":2,"name":"Predmet a ciele \u010dinnosti"}]},{"@type":"WebSite","@id":"https:\/\/www.spnz.sk\/#website","url":"https:\/\/www.spnz.sk\/","name":"Slovensk\u00fd plyn\u00e1rensk\u00fd a naftov\u00fd zv\u00e4z","description":"","potentialAction":[{"@type":"SearchAction","target":{"@type":"EntryPoint","urlTemplate":"https:\/\/www.spnz.sk\/?s={search_term_string}"},"query-input":{"@type":"PropertyValueSpecification","valueRequired":true,"valueName":"search_term_string"}}],"inLanguage":"sk-SK"}]}},"uagb_featured_image_src":{"full":false,"thumbnail":false,"medium":false,"medium_large":false,"large":false,"thumblist":false,"meccarouselthumb":false,"gridsquare":false,"tileview":false,"1536x1536":false,"2048x2048":false,"woocommerce_thumbnail":false,"woocommerce_single":false,"woocommerce_gallery_thumbnail":false},"uagb_author_info":{"display_name":"spnz-admin","author_link":"https:\/\/d.r1.wbsprt.com\/spnz.sk\/author\/spnz-admin\/"},"uagb_comment_info":0,"uagb_excerpt":null,"_links":{"self":[{"href":"https:\/\/d.r1.wbsprt.com\/spnz.sk\/wp-json\/wp\/v2\/pages\/886","targetHints":{"allow":["GET"]}}],"collection":[{"href":"https:\/\/d.r1.wbsprt.com\/spnz.sk\/wp-json\/wp\/v2\/pages"}],"about":[{"href":"https:\/\/d.r1.wbsprt.com\/spnz.sk\/wp-json\/wp\/v2\/types\/page"}],"author":[{"embeddable":true,"href":"https:\/\/d.r1.wbsprt.com\/spnz.sk\/wp-json\/wp\/v2\/users\/1"}],"replies":[{"embeddable":true,"href":"https:\/\/d.r1.wbsprt.com\/spnz.sk\/wp-json\/wp\/v2\/comments?post=886"}],"version-history":[{"count":4,"href":"https:\/\/d.r1.wbsprt.com\/spnz.sk\/wp-json\/wp\/v2\/pages\/886\/revisions"}],"predecessor-version":[{"id":895,"href":"https:\/\/d.r1.wbsprt.com\/spnz.sk\/wp-json\/wp\/v2\/pages\/886\/revisions\/895"}],"wp:attachment":[{"href":"https:\/\/d.r1.wbsprt.com\/spnz.sk\/wp-json\/wp\/v2\/media?parent=886"}],"curies":[{"name":"wp","href":"https:\/\/api.w.org\/{rel}","templated":true}]}}