{"id":883,"date":"2021-07-28T13:24:03","date_gmt":"2021-07-28T11:24:03","guid":{"rendered":"https:\/\/d.r1.wbsprt.com\/spnz.sk\/?page_id=883"},"modified":"2021-07-28T14:07:15","modified_gmt":"2021-07-28T12:07:15","slug":"medzinarodne-aktivity","status":"publish","type":"page","link":"https:\/\/d.r1.wbsprt.com\/spnz.sk\/medzinarodne-aktivity\/","title":{"rendered":"Medzin\u00e1rodn\u00e9 aktivity"},"content":{"rendered":"<div class=\"row\"  id=\"row-748672548\">\n<div class=\"col small-12 large-12\"  ><div class=\"col-inner\"  >\n<h2 class=\"uppercase text-center\">Medzin\u00e1rodn\u00e9 aktivity<\/h2>\n<div class=\"text-center\"><div class=\"is-divider divider clearfix\" style=\"background-color:rgb(3, 78, 162);\"><\/div><\/div><!-- .divider -->\n<div style=\"text-align: justify;\">\n<ul>\n<li>Zastupovanie plyn\u00e1renstva Slovenskej republiky v Rade IGU.<\/li>\n<li>Podiel na \u010dinnosti pracovn\u00fdch v\u00fdborov a \u0161tudijn\u00fdch skup\u00edn IGU, MARCOGAZ a CEOCOR.<\/li>\n<li>Koordin\u00e1cia a organiz\u00e1cia slovenskej \u00fa\u010dasti na svetov\u00fdch plyn\u00e1rensk\u00fdch kongresoch a v\u00fdstav\u00e1ch (1994 &#8211; Mil\u00e1no, 1997 &#8211; Koda\u0148, 2000 &#8211; Nice, 2003 &#8211; Tokio, 2006 &#8211; Amsterdam, 2009 &#8211; Buenos Aires, 2012 &#8211; Kuala Lumpur, 2015 &#8211; Par\u00ed\u017e).<\/li>\n<li>\u010clenstvo v nemeckom plyn\u00e1renskom zdru\u017een\u00ed DVGW, \u00fazka spolupr\u00e1ca v oblastiach technick\u00fdch normat\u00edvnych dokumentov, vzdel\u00e1vania v plyn\u00e1renstve, certifik\u00e1cie a sk\u00fa\u0161obn\u00edctva.<\/li>\n<li>\u010clenstvo v Eur\u00f3pskej asoci\u00e1cii pre kor\u00f3ziu CEOCOR.<\/li>\n<li>\u010clenstvo v Technickej asoci\u00e1cii eur\u00f3pskeho plyn\u00e1rensk\u00e9ho priemyslu MARCOGAZ.<\/li>\n<li>Organiz\u00e1cia vrcholn\u00fdch akci\u00ed IGU, GIE (Gas Infrastructure Europe), MARCOGAZ a CEOCOR v SR, zasadanie pracovn\u00fdch v\u00fdborov a \u0161tudijn\u00fdch skup\u00edn IGU, jednanie pracovn\u00fdch skup\u00edn medzin\u00e1rodn\u00fdch organiz\u00e1cii a zahrani\u010dn\u00fdch organiz\u00e1cii v SR.<\/li>\n<li>Spolupr\u00e1ca so zahrani\u010dn\u00fdmi odborn\u00fdmi organiz\u00e1ciami a kongresov\u00fdmi agent\u00farami, \u00fa\u010das\u0165 predn\u00e1\u0161aj\u00facich a deleg\u00e1tov na ich konferenci\u00e1ch v SR a v zahrani\u010d\u00ed.<\/li>\n<li>Spolupr\u00e1ca s predstavite\u013emi St\u00e1lej misie Slovenskej republiky pri E\u00da v Bruseli a slovensk\u00fdmi poslancami Eur\u00f3pskeho parlamentu v oblastiach plyn\u00e1renstva a energetiky.<\/li>\n<li>Koordin\u00e1cia slovenskej \u00fa\u010dasti na medzin\u00e1rodn\u00fdch konferenci\u00e1ch, propag\u00e1cia slovensk\u00e9ho plyn\u00e1renstva v zahrani\u010d\u00ed.<\/li>\n<\/ul>\n<\/div>\n<\/div><\/div>\n<\/div>\n","protected":false},"excerpt":{"rendered":"","protected":false},"author":1,"featured_media":0,"parent":0,"menu_order":0,"comment_status":"closed","ping_status":"closed","template":"","meta":{"inline_featured_image":false,"_uag_custom_page_level_css":"","footnotes":""},"class_list":["post-883","page","type-page","status-publish","hentry"],"yoast_head":"<!-- This site is optimized with the Yoast SEO plugin v24.7 - https:\/\/yoast.com\/wordpress\/plugins\/seo\/ -->\n<title>Medzin\u00e1rodn\u00e9 aktivity - Slovensk\u00fd plyn\u00e1rensk\u00fd a naftov\u00fd zv\u00e4z<\/title>\n<meta name=\"robots\" content=\"index, follow, max-snippet:-1, max-image-preview:large, max-video-preview:-1\" \/>\n<link rel=\"canonical\" href=\"https:\/\/www.spnz.sk\/medzinarodne-aktivity\/\" \/>\n<meta property=\"og:locale\" content=\"sk_SK\" \/>\n<meta property=\"og:type\" content=\"article\" \/>\n<meta property=\"og:title\" content=\"Medzin\u00e1rodn\u00e9 aktivity - Slovensk\u00fd plyn\u00e1rensk\u00fd a naftov\u00fd zv\u00e4z\" \/>\n<meta property=\"og:url\" content=\"https:\/\/www.spnz.sk\/medzinarodne-aktivity\/\" \/>\n<meta property=\"og:site_name\" content=\"Slovensk\u00fd plyn\u00e1rensk\u00fd a naftov\u00fd zv\u00e4z\" \/>\n<meta property=\"article:modified_time\" content=\"2021-07-28T12:07:15+00:00\" \/>\n<meta name=\"twitter:card\" content=\"summary_large_image\" \/>\n<meta name=\"twitter:label1\" content=\"Predpokladan\u00fd \u010das \u010d\u00edtania\" \/>\n\t<meta name=\"twitter:data1\" content=\"1 min\u00fata\" \/>\n<script type=\"application\/ld+json\" class=\"yoast-schema-graph\">{\"@context\":\"https:\/\/schema.org\",\"@graph\":[{\"@type\":\"WebPage\",\"@id\":\"https:\/\/www.spnz.sk\/medzinarodne-aktivity\/\",\"url\":\"https:\/\/www.spnz.sk\/medzinarodne-aktivity\/\",\"name\":\"Medzin\u00e1rodn\u00e9 aktivity - Slovensk\u00fd plyn\u00e1rensk\u00fd a naftov\u00fd zv\u00e4z\",\"isPartOf\":{\"@id\":\"https:\/\/www.spnz.sk\/#website\"},\"datePublished\":\"2021-07-28T11:24:03+00:00\",\"dateModified\":\"2021-07-28T12:07:15+00:00\",\"breadcrumb\":{\"@id\":\"https:\/\/www.spnz.sk\/medzinarodne-aktivity\/#breadcrumb\"},\"inLanguage\":\"sk-SK\",\"potentialAction\":[{\"@type\":\"ReadAction\",\"target\":[\"https:\/\/www.spnz.sk\/medzinarodne-aktivity\/\"]}]},{\"@type\":\"BreadcrumbList\",\"@id\":\"https:\/\/www.spnz.sk\/medzinarodne-aktivity\/#breadcrumb\",\"itemListElement\":[{\"@type\":\"ListItem\",\"position\":1,\"name\":\"Domovsk\u00e1 str\u00e1nka\",\"item\":\"https:\/\/www.spnz.sk\/\"},{\"@type\":\"ListItem\",\"position\":2,\"name\":\"Medzin\u00e1rodn\u00e9 aktivity\"}]},{\"@type\":\"WebSite\",\"@id\":\"https:\/\/www.spnz.sk\/#website\",\"url\":\"https:\/\/www.spnz.sk\/\",\"name\":\"Slovensk\u00fd plyn\u00e1rensk\u00fd a naftov\u00fd zv\u00e4z\",\"description\":\"\",\"potentialAction\":[{\"@type\":\"SearchAction\",\"target\":{\"@type\":\"EntryPoint\",\"urlTemplate\":\"https:\/\/www.spnz.sk\/?s={search_term_string}\"},\"query-input\":{\"@type\":\"PropertyValueSpecification\",\"valueRequired\":true,\"valueName\":\"search_term_string\"}}],\"inLanguage\":\"sk-SK\"}]}<\/script>\n<!-- \/ Yoast SEO plugin. -->","yoast_head_json":{"title":"Medzin\u00e1rodn\u00e9 aktivity - Slovensk\u00fd plyn\u00e1rensk\u00fd a naftov\u00fd zv\u00e4z","robots":{"index":"index","follow":"follow","max-snippet":"max-snippet:-1","max-image-preview":"max-image-preview:large","max-video-preview":"max-video-preview:-1"},"canonical":"https:\/\/www.spnz.sk\/medzinarodne-aktivity\/","og_locale":"sk_SK","og_type":"article","og_title":"Medzin\u00e1rodn\u00e9 aktivity - Slovensk\u00fd plyn\u00e1rensk\u00fd a naftov\u00fd zv\u00e4z","og_url":"https:\/\/www.spnz.sk\/medzinarodne-aktivity\/","og_site_name":"Slovensk\u00fd plyn\u00e1rensk\u00fd a naftov\u00fd zv\u00e4z","article_modified_time":"2021-07-28T12:07:15+00:00","twitter_card":"summary_large_image","twitter_misc":{"Predpokladan\u00fd \u010das \u010d\u00edtania":"1 min\u00fata"},"schema":{"@context":"https:\/\/schema.org","@graph":[{"@type":"WebPage","@id":"https:\/\/www.spnz.sk\/medzinarodne-aktivity\/","url":"https:\/\/www.spnz.sk\/medzinarodne-aktivity\/","name":"Medzin\u00e1rodn\u00e9 aktivity - Slovensk\u00fd plyn\u00e1rensk\u00fd a naftov\u00fd zv\u00e4z","isPartOf":{"@id":"https:\/\/www.spnz.sk\/#website"},"datePublished":"2021-07-28T11:24:03+00:00","dateModified":"2021-07-28T12:07:15+00:00","breadcrumb":{"@id":"https:\/\/www.spnz.sk\/medzinarodne-aktivity\/#breadcrumb"},"inLanguage":"sk-SK","potentialAction":[{"@type":"ReadAction","target":["https:\/\/www.spnz.sk\/medzinarodne-aktivity\/"]}]},{"@type":"BreadcrumbList","@id":"https:\/\/www.spnz.sk\/medzinarodne-aktivity\/#breadcrumb","itemListElement":[{"@type":"ListItem","position":1,"name":"Domovsk\u00e1 str\u00e1nka","item":"https:\/\/www.spnz.sk\/"},{"@type":"ListItem","position":2,"name":"Medzin\u00e1rodn\u00e9 aktivity"}]},{"@type":"WebSite","@id":"https:\/\/www.spnz.sk\/#website","url":"https:\/\/www.spnz.sk\/","name":"Slovensk\u00fd plyn\u00e1rensk\u00fd a naftov\u00fd zv\u00e4z","description":"","potentialAction":[{"@type":"SearchAction","target":{"@type":"EntryPoint","urlTemplate":"https:\/\/www.spnz.sk\/?s={search_term_string}"},"query-input":{"@type":"PropertyValueSpecification","valueRequired":true,"valueName":"search_term_string"}}],"inLanguage":"sk-SK"}]}},"uagb_featured_image_src":{"full":false,"thumbnail":false,"medium":false,"medium_large":false,"large":false,"thumblist":false,"meccarouselthumb":false,"gridsquare":false,"tileview":false,"1536x1536":false,"2048x2048":false,"woocommerce_thumbnail":false,"woocommerce_single":false,"woocommerce_gallery_thumbnail":false},"uagb_author_info":{"display_name":"spnz-admin","author_link":"https:\/\/d.r1.wbsprt.com\/spnz.sk\/author\/spnz-admin\/"},"uagb_comment_info":0,"uagb_excerpt":null,"_links":{"self":[{"href":"https:\/\/d.r1.wbsprt.com\/spnz.sk\/wp-json\/wp\/v2\/pages\/883","targetHints":{"allow":["GET"]}}],"collection":[{"href":"https:\/\/d.r1.wbsprt.com\/spnz.sk\/wp-json\/wp\/v2\/pages"}],"about":[{"href":"https:\/\/d.r1.wbsprt.com\/spnz.sk\/wp-json\/wp\/v2\/types\/page"}],"author":[{"embeddable":true,"href":"https:\/\/d.r1.wbsprt.com\/spnz.sk\/wp-json\/wp\/v2\/users\/1"}],"replies":[{"embeddable":true,"href":"https:\/\/d.r1.wbsprt.com\/spnz.sk\/wp-json\/wp\/v2\/comments?post=883"}],"version-history":[{"count":3,"href":"https:\/\/d.r1.wbsprt.com\/spnz.sk\/wp-json\/wp\/v2\/pages\/883\/revisions"}],"predecessor-version":[{"id":898,"href":"https:\/\/d.r1.wbsprt.com\/spnz.sk\/wp-json\/wp\/v2\/pages\/883\/revisions\/898"}],"wp:attachment":[{"href":"https:\/\/d.r1.wbsprt.com\/spnz.sk\/wp-json\/wp\/v2\/media?parent=883"}],"curies":[{"name":"wp","href":"https:\/\/api.w.org\/{rel}","templated":true}]}}