{"id":855,"date":"2021-07-28T12:42:07","date_gmt":"2021-07-28T10:42:07","guid":{"rendered":"https:\/\/d.r1.wbsprt.com\/spnz.sk\/?page_id=855"},"modified":"2026-01-20T14:42:40","modified_gmt":"2026-01-20T13:42:40","slug":"cena-prof-nemessanyiho","status":"publish","type":"page","link":"https:\/\/d.r1.wbsprt.com\/spnz.sk\/cena-prof-nemessanyiho\/","title":{"rendered":"Cena prof. Nemess\u00e1nyiho"},"content":{"rendered":"<div class=\"row\"  id=\"row-1609420237\"> <div class=\"col small-12 large-12\"  ><div class=\"col-inner\"  >\r\n<h2 class=\"uppercase text-center\">Cena prof. Nemess\u00e1nyiho pre rok 2026<\/h2>\r\n<div class=\"text-center\"><div class=\"is-divider divider clearfix\" style=\"background-color:rgb(3, 78, 162);\"><\/div><\/div><!-- .divider -->\r\n<p style=\"text-align: justify;\">Slovensk\u00fd plyn\u00e1rensk\u00fd a naftov\u00fd zv\u00e4z vyhl\u00e1sil s\u00fa\u0165a\u017e <b>&#8222;Cena prof. Nemess\u00e1nyiho pre rok 2026&#8220;<\/b> o najlep\u0161iu diplomov\u00fa pr\u00e1cu, s cie\u013eom motivova\u0165 \u0161tudentov k akt\u00edvnej\u0161iemu pr\u00edstupu pri rie\u0161en\u00ed problematiky z plyn\u00e1rensk\u00e9ho, naftov\u00e9ho a ropn\u00e9ho priemyslu a pr\u00edbuzn\u00fdch odvetv\u00ed.<\/p>\r\n<p style=\"text-align: justify;\"><b>Diplomov\u00e9 pr\u00e1ce s\u00fa rozdelen\u00e9 a hodnoten\u00e9 v dvoch oblastiach:<\/b><br \/>a) technika a technol\u00f3gie, technologick\u00fd rozvoj v plyn\u00e1renstve<br \/>b) trhy s plynom, strat\u00e9gie a legislat\u00edva pre plyn\u00e1renstvo.<\/p>\r\n<p style=\"text-align: justify;\"><b>Ako nominova\u0165 diplomov\u00fa pr\u00e1cu do s\u00fa\u0165a\u017ee?<\/b><br \/>&#8211; Vyplni\u0165 elektronick\u00fd formul\u00e1r (Chcem nominova\u0165 diplomov\u00fa pr\u00e1cu)\u00a0 a v r\u00e1mci formul\u00e1ra odosla\u0165 .pdf diplomovej pr\u00e1ce\u00a0 do <strong>30. septembra<\/strong><\/p>\r\n<p><a href=\"https:\/\/www.spnz.sk\/cena-prof-nemessanyiho-nominacia-do-sutaze\/\"><strong>CHCEM NOMINOVA\u0164 DIPLOMOV\u00da PR\u00c1CU<\/strong><\/a><\/p>\r\n<p><br \/><a href=\"https:\/\/www.spnz.sk\/pravidla-cena-nemessanyiho\/\">Pravidl\u00e1 pre ude\u013eovanie &#8222;Ceny prof. Nemess\u00e1nyiho&#8220;<\/a><br \/><i><\/i><\/p>\r\n<p><a href=\"https:\/\/spnz.sk\/wp-content\/uploads\/2021\/07\/Osobnost_J_Nemessanyi.pdf\" target=\"_blank\" rel=\"noopener\">Kto bol prof. Nemess\u00e1nyi<\/a><\/p>\r\n<p><a href=\"https:\/\/www.spnz.sk\/wp-content\/uploads\/2025\/06\/Temy-2025-26-1.pdf\">N\u00e1vrh t\u00e9m DP \u010dlenov SPNZ na \u010fal\u0161ie obdobie<\/a><\/p>\r\n<\/div><\/div> <\/div>\r\n<p><!-- \/wp:post-content --><\/p>\r\n<p><!-- wp:paragraph --><\/p>\r\n<p><!-- \/wp:paragraph --><\/p>","protected":false},"excerpt":{"rendered":"","protected":false},"author":1,"featured_media":0,"parent":0,"menu_order":0,"comment_status":"closed","ping_status":"closed","template":"","meta":{"inline_featured_image":false,"_uag_custom_page_level_css":"","footnotes":""},"class_list":["post-855","page","type-page","status-publish","hentry"],"yoast_head":"<!-- This site is optimized with the Yoast SEO plugin v24.7 - https:\/\/yoast.com\/wordpress\/plugins\/seo\/ -->\n<title>Cena prof. Nemess\u00e1nyiho - Slovensk\u00fd plyn\u00e1rensk\u00fd a naftov\u00fd zv\u00e4z<\/title>\n<meta name=\"robots\" content=\"index, follow, max-snippet:-1, max-image-preview:large, max-video-preview:-1\" \/>\n<link rel=\"canonical\" href=\"https:\/\/www.spnz.sk\/cena-prof-nemessanyiho\/\" \/>\n<meta property=\"og:locale\" content=\"sk_SK\" \/>\n<meta property=\"og:type\" content=\"article\" \/>\n<meta property=\"og:title\" content=\"Cena prof. Nemess\u00e1nyiho - Slovensk\u00fd plyn\u00e1rensk\u00fd a naftov\u00fd zv\u00e4z\" \/>\n<meta property=\"og:url\" content=\"https:\/\/www.spnz.sk\/cena-prof-nemessanyiho\/\" \/>\n<meta property=\"og:site_name\" content=\"Slovensk\u00fd plyn\u00e1rensk\u00fd a naftov\u00fd zv\u00e4z\" \/>\n<meta property=\"article:modified_time\" content=\"2026-01-20T13:42:40+00:00\" \/>\n<meta name=\"twitter:card\" content=\"summary_large_image\" \/>\n<meta name=\"twitter:label1\" content=\"Predpokladan\u00fd \u010das \u010d\u00edtania\" \/>\n\t<meta name=\"twitter:data1\" content=\"1 min\u00fata\" \/>\n<script type=\"application\/ld+json\" class=\"yoast-schema-graph\">{\"@context\":\"https:\/\/schema.org\",\"@graph\":[{\"@type\":\"WebPage\",\"@id\":\"https:\/\/www.spnz.sk\/cena-prof-nemessanyiho\/\",\"url\":\"https:\/\/www.spnz.sk\/cena-prof-nemessanyiho\/\",\"name\":\"Cena prof. Nemess\u00e1nyiho - Slovensk\u00fd plyn\u00e1rensk\u00fd a naftov\u00fd zv\u00e4z\",\"isPartOf\":{\"@id\":\"https:\/\/www.spnz.sk\/#website\"},\"datePublished\":\"2021-07-28T10:42:07+00:00\",\"dateModified\":\"2026-01-20T13:42:40+00:00\",\"breadcrumb\":{\"@id\":\"https:\/\/www.spnz.sk\/cena-prof-nemessanyiho\/#breadcrumb\"},\"inLanguage\":\"sk-SK\",\"potentialAction\":[{\"@type\":\"ReadAction\",\"target\":[\"https:\/\/www.spnz.sk\/cena-prof-nemessanyiho\/\"]}]},{\"@type\":\"BreadcrumbList\",\"@id\":\"https:\/\/www.spnz.sk\/cena-prof-nemessanyiho\/#breadcrumb\",\"itemListElement\":[{\"@type\":\"ListItem\",\"position\":1,\"name\":\"Domovsk\u00e1 str\u00e1nka\",\"item\":\"https:\/\/www.spnz.sk\/\"},{\"@type\":\"ListItem\",\"position\":2,\"name\":\"Cena prof. Nemess\u00e1nyiho\"}]},{\"@type\":\"WebSite\",\"@id\":\"https:\/\/www.spnz.sk\/#website\",\"url\":\"https:\/\/www.spnz.sk\/\",\"name\":\"Slovensk\u00fd plyn\u00e1rensk\u00fd a naftov\u00fd zv\u00e4z\",\"description\":\"\",\"potentialAction\":[{\"@type\":\"SearchAction\",\"target\":{\"@type\":\"EntryPoint\",\"urlTemplate\":\"https:\/\/www.spnz.sk\/?s={search_term_string}\"},\"query-input\":{\"@type\":\"PropertyValueSpecification\",\"valueRequired\":true,\"valueName\":\"search_term_string\"}}],\"inLanguage\":\"sk-SK\"}]}<\/script>\n<!-- \/ Yoast SEO plugin. -->","yoast_head_json":{"title":"Cena prof. Nemess\u00e1nyiho - Slovensk\u00fd plyn\u00e1rensk\u00fd a naftov\u00fd zv\u00e4z","robots":{"index":"index","follow":"follow","max-snippet":"max-snippet:-1","max-image-preview":"max-image-preview:large","max-video-preview":"max-video-preview:-1"},"canonical":"https:\/\/www.spnz.sk\/cena-prof-nemessanyiho\/","og_locale":"sk_SK","og_type":"article","og_title":"Cena prof. Nemess\u00e1nyiho - Slovensk\u00fd plyn\u00e1rensk\u00fd a naftov\u00fd zv\u00e4z","og_url":"https:\/\/www.spnz.sk\/cena-prof-nemessanyiho\/","og_site_name":"Slovensk\u00fd plyn\u00e1rensk\u00fd a naftov\u00fd zv\u00e4z","article_modified_time":"2026-01-20T13:42:40+00:00","twitter_card":"summary_large_image","twitter_misc":{"Predpokladan\u00fd \u010das \u010d\u00edtania":"1 min\u00fata"},"schema":{"@context":"https:\/\/schema.org","@graph":[{"@type":"WebPage","@id":"https:\/\/www.spnz.sk\/cena-prof-nemessanyiho\/","url":"https:\/\/www.spnz.sk\/cena-prof-nemessanyiho\/","name":"Cena prof. Nemess\u00e1nyiho - Slovensk\u00fd plyn\u00e1rensk\u00fd a naftov\u00fd zv\u00e4z","isPartOf":{"@id":"https:\/\/www.spnz.sk\/#website"},"datePublished":"2021-07-28T10:42:07+00:00","dateModified":"2026-01-20T13:42:40+00:00","breadcrumb":{"@id":"https:\/\/www.spnz.sk\/cena-prof-nemessanyiho\/#breadcrumb"},"inLanguage":"sk-SK","potentialAction":[{"@type":"ReadAction","target":["https:\/\/www.spnz.sk\/cena-prof-nemessanyiho\/"]}]},{"@type":"BreadcrumbList","@id":"https:\/\/www.spnz.sk\/cena-prof-nemessanyiho\/#breadcrumb","itemListElement":[{"@type":"ListItem","position":1,"name":"Domovsk\u00e1 str\u00e1nka","item":"https:\/\/www.spnz.sk\/"},{"@type":"ListItem","position":2,"name":"Cena prof. Nemess\u00e1nyiho"}]},{"@type":"WebSite","@id":"https:\/\/www.spnz.sk\/#website","url":"https:\/\/www.spnz.sk\/","name":"Slovensk\u00fd plyn\u00e1rensk\u00fd a naftov\u00fd zv\u00e4z","description":"","potentialAction":[{"@type":"SearchAction","target":{"@type":"EntryPoint","urlTemplate":"https:\/\/www.spnz.sk\/?s={search_term_string}"},"query-input":{"@type":"PropertyValueSpecification","valueRequired":true,"valueName":"search_term_string"}}],"inLanguage":"sk-SK"}]}},"uagb_featured_image_src":{"full":false,"thumbnail":false,"medium":false,"medium_large":false,"large":false,"thumblist":false,"meccarouselthumb":false,"gridsquare":false,"tileview":false,"1536x1536":false,"2048x2048":false,"woocommerce_thumbnail":false,"woocommerce_single":false,"woocommerce_gallery_thumbnail":false},"uagb_author_info":{"display_name":"spnz-admin","author_link":"https:\/\/d.r1.wbsprt.com\/spnz.sk\/author\/spnz-admin\/"},"uagb_comment_info":0,"uagb_excerpt":null,"_links":{"self":[{"href":"https:\/\/d.r1.wbsprt.com\/spnz.sk\/wp-json\/wp\/v2\/pages\/855","targetHints":{"allow":["GET"]}}],"collection":[{"href":"https:\/\/d.r1.wbsprt.com\/spnz.sk\/wp-json\/wp\/v2\/pages"}],"about":[{"href":"https:\/\/d.r1.wbsprt.com\/spnz.sk\/wp-json\/wp\/v2\/types\/page"}],"author":[{"embeddable":true,"href":"https:\/\/d.r1.wbsprt.com\/spnz.sk\/wp-json\/wp\/v2\/users\/1"}],"replies":[{"embeddable":true,"href":"https:\/\/d.r1.wbsprt.com\/spnz.sk\/wp-json\/wp\/v2\/comments?post=855"}],"version-history":[{"count":28,"href":"https:\/\/d.r1.wbsprt.com\/spnz.sk\/wp-json\/wp\/v2\/pages\/855\/revisions"}],"predecessor-version":[{"id":6111,"href":"https:\/\/d.r1.wbsprt.com\/spnz.sk\/wp-json\/wp\/v2\/pages\/855\/revisions\/6111"}],"wp:attachment":[{"href":"https:\/\/d.r1.wbsprt.com\/spnz.sk\/wp-json\/wp\/v2\/media?parent=855"}],"curies":[{"name":"wp","href":"https:\/\/api.w.org\/{rel}","templated":true}]}}