{"id":41,"date":"2021-06-11T11:03:01","date_gmt":"2021-06-11T09:03:01","guid":{"rendered":"https:\/\/d.r1.wbsprt.com\/spnz.sk\/?page_id=41"},"modified":"2021-07-28T13:04:13","modified_gmt":"2021-07-28T11:04:13","slug":"tpp","status":"publish","type":"page","link":"https:\/\/d.r1.wbsprt.com\/spnz.sk\/tpp\/","title":{"rendered":"TPP"},"content":{"rendered":"<div class=\"row\"  id=\"row-1044267461\">\n<div class=\"col small-12 large-12\"  ><div class=\"col-inner\"  >\n<h2 class=\"uppercase text-center\">Technick\u00e9 pravidl\u00e1 plynu<\/h2>\n<div class=\"text-center\"><div class=\"is-divider divider clearfix\" style=\"background-color:rgb(3, 78, 162);\"><\/div><\/div><!-- .divider -->\n<h3>Uplat\u0148ovanie technick\u00fdch pravidiel plynu (TPP)<\/h3>\n<div style=\"text-align: justify;\">\n<p><strong>1. \u00davod<\/strong><\/p>\n<p>Vo v\u0161eobecnom pon\u00edman\u00ed je poz\u00edcia technick\u00fdch pravidiel zakomponovan\u00e1 v dokumentoch Eur\u00f3pskeho parlamentu a Rady. S\u00fa to predov\u0161etk\u00fdm:<\/p>\n<ul>\n<li>Eur\u00f3pska dohoda zakladaj\u00faca pridru\u017eenie bud\u00facich \u010dlensk\u00fdch \u0161t\u00e1tov do Eur\u00f3pskeho<br \/>\nspolo\u010denstva, kde sa v oddieli III, \u010dl\u00e1nku 70 uv\u00e1dza, \u017ee zbli\u017eovanie pr\u00e1va bude zah\u0155\u0148a\u0165 okrem in\u00e9ho aj technick\u00e9 normy a technick\u00e9 pravidl\u00e1.<\/li>\n<li>Smernica Eur\u00f3pskeho parlamentu a Rady \u010d. 98\/34\/ES zo d\u0148a 22. j\u00fana 1998 o postupe<br \/>\npri poskytovan\u00ed inform\u00e1ci\u00ed v oblasti technick\u00fdch noriem a predpisov uv\u00e1dza v \u010dl\u00e1nku 1,<br \/>\n\u017ee technick\u00e9 predpisy zah\u0155\u0148aj\u00fa technick\u00e9 \u0161pecifik\u00e1cie, profesn\u00e9 pravidl\u00e1 a pravidl\u00e1 spr\u00e1vnej praxe.<\/li>\n<li>Smernica Rady \u010d. 92\/59\/ES zo d\u0148a 29. j\u00fana 1992 o v\u0161eobecnej bezpe\u010dnosti v\u00fdrobkov uv\u00e1dza v \u010dl\u00e1nku 4, ods. 2, \u017ee zhodu v\u00fdrobku s po\u017eiadavkou na v\u0161eobecn\u00fa bezpe\u010dnos\u0165 mo\u017eno posudzova\u0165 aj s oh\u013eadom na technick\u00e9 \u0161pecifik\u00e1cie, \u010falej na pravidl\u00e1 spr\u00e1vnej praxe<br \/>\na na stav vedy a techniky.<\/li>\n<\/ul>\n<p><strong>2. Defin\u00edcia technick\u00e9ho pravidla<\/strong><\/p>\n<p>Defin\u00edcia TPP je zalo\u017een\u00e1 na ustanoveniach slovenskej technickej normy STN EN 45 020 &#8211; Normaliz\u00e1cia a s\u00favisiace \u010dinnosti. V\u0161eobecn\u00fd slovn\u00edk. T\u00e1to norma bola implementovan\u00e1 do s\u00fastavy STN noriem prekladom do slovensk\u00e9ho jazyka v m\u00e1ji 2007.<\/p>\n<p>Technick\u00e9 pravidlo je v zmysle STN EN 45 020 normat\u00edvny dokument vytvoren\u00fd na z\u00e1klade dohody<br \/>\na prijat\u00fd na \u00farovni odvetvia nez\u00e1vislou schva\u013eovacou komisiou so zast\u00fapen\u00edm pr\u00edslu\u0161n\u00fdch \u0161t\u00e1tnych org\u00e1nov a organiz\u00e1ci\u00ed. M\u00e1 charakter normat\u00edvneho dokumentu vypracovan\u00e9ho v spolupr\u00e1ci zainteresovan\u00fdch str\u00e1n pomocou rokovan\u00ed a dohodou a od okamihu jeho schv\u00e1lenia ho uveden\u00e9 org\u00e1ny a organiz\u00e1cie pova\u017euj\u00fa za uznan\u00e9 technick\u00e9 pravidlo, vyjadruj\u00face stav techniky pod\u013eaustanoven\u00ed 1.5 a 3.1 STN EN 45 020.<\/p>\n<p>Normat\u00edvny dokument &#8211; pravidl\u00e1, pokyny alebo charakteristiky jednotliv\u00fdch \u010dinnost\u00ed alebo ich v\u00fdsledkov.<br \/>\nNormat\u00edvny dokument je v\u0161eobecn\u00fd tem\u00edn, ktor\u00fd zah\u0155\u0148a tak\u00e9 dokumenty ako s\u00fa normy, pravidl\u00e1 postupu a predpisy.<\/p>\n<p><strong>3. Z\u00e1sady tvorby TPP<\/strong><\/p>\n<p>Nez\u00e1v\u00e4zn\u00e9 normat\u00edvne dokumenty TPP, podobne ako STN, s\u00fa nevyhnutn\u00e9 v oblasti ochrany verejn\u00e9ho z\u00e1ujmu, ako je bezpe\u010dnos\u0165 a ochrana zdravia pri pr\u00e1ci, po\u017eiarna ochrana, \u017eivotn\u00e9 prostredie. Ich tvorba sa riadi t\u00fdmito z\u00e1sadami:<\/p>\n<ul>\n<li>Nadv\u00e4zuj\u00fa na pr\u00e1vne predpisy a ich v\u0161eobecn\u00e9 ustanovenia konkretizuj\u00fa na optim\u00e1lnej odbornej \u00farovni poznania stavu techniky a odborn\u00fdch teoretick\u00fdch vedomost\u00ed.<\/li>\n<li>\u00dazko nadv\u00e4zuj\u00fa na s\u00fastavu slovensk\u00fdch technick\u00fdch noriem a dopl\u0148uj\u00fa tie oblasti, ktor\u00e9 nie s\u00fa<br \/>\nv STN EN, pr\u00edp. STN rie\u0161en\u00e9 alebo s\u00fa v nich obsiahnut\u00e9 len vo v\u0161eobecnej rovine.<\/li>\n<li>Poskytuj\u00fa v\u00fdrobcom a dovozcom odborn\u00fd n\u00e1vod ako vytv\u00e1ra\u0165 predpoklady na uv\u00e1dzanie bezpe\u010dn\u00fdch v\u00fdrobkov na trh.<\/li>\n<li>Poskytuj\u00fa pou\u017e\u00edvate\u013eom (kon\u0161trukt\u00e9rom, projektantom, zhotovite\u013eom a prev\u00e1dzkovate\u013eom) odborn\u00fd n\u00e1vod na zaistenie optim\u00e1lnej \u00farovne bezpe\u010dnosti a spo\u013eahlivosti prev\u00e1dzky<br \/>\na pou\u017e\u00edvania plynov\u00fdch zariaden\u00ed.<\/li>\n<\/ul>\n<\/div>\n<\/div><\/div>\n<\/div>\n","protected":false},"excerpt":{"rendered":"","protected":false},"author":1,"featured_media":0,"parent":0,"menu_order":0,"comment_status":"closed","ping_status":"closed","template":"","meta":{"inline_featured_image":false,"_uag_custom_page_level_css":"","footnotes":""},"class_list":["post-41","page","type-page","status-publish","hentry"],"yoast_head":"<!-- This site is optimized with the Yoast SEO plugin v24.7 - https:\/\/yoast.com\/wordpress\/plugins\/seo\/ -->\n<title>TPP - Slovensk\u00fd plyn\u00e1rensk\u00fd a naftov\u00fd zv\u00e4z<\/title>\n<meta name=\"robots\" content=\"index, follow, max-snippet:-1, max-image-preview:large, max-video-preview:-1\" \/>\n<link rel=\"canonical\" href=\"https:\/\/www.spnz.sk\/tpp\/\" \/>\n<meta property=\"og:locale\" content=\"sk_SK\" \/>\n<meta property=\"og:type\" content=\"article\" \/>\n<meta property=\"og:title\" content=\"TPP - Slovensk\u00fd plyn\u00e1rensk\u00fd a naftov\u00fd zv\u00e4z\" \/>\n<meta property=\"og:url\" content=\"https:\/\/www.spnz.sk\/tpp\/\" \/>\n<meta property=\"og:site_name\" content=\"Slovensk\u00fd plyn\u00e1rensk\u00fd a naftov\u00fd zv\u00e4z\" \/>\n<meta property=\"article:modified_time\" content=\"2021-07-28T11:04:13+00:00\" \/>\n<meta name=\"twitter:card\" content=\"summary_large_image\" \/>\n<meta name=\"twitter:label1\" content=\"Predpokladan\u00fd \u010das \u010d\u00edtania\" \/>\n\t<meta name=\"twitter:data1\" content=\"3 min\u00faty\" \/>\n<script type=\"application\/ld+json\" class=\"yoast-schema-graph\">{\"@context\":\"https:\/\/schema.org\",\"@graph\":[{\"@type\":\"WebPage\",\"@id\":\"https:\/\/www.spnz.sk\/tpp\/\",\"url\":\"https:\/\/www.spnz.sk\/tpp\/\",\"name\":\"TPP - Slovensk\u00fd plyn\u00e1rensk\u00fd a naftov\u00fd zv\u00e4z\",\"isPartOf\":{\"@id\":\"https:\/\/www.spnz.sk\/#website\"},\"datePublished\":\"2021-06-11T09:03:01+00:00\",\"dateModified\":\"2021-07-28T11:04:13+00:00\",\"breadcrumb\":{\"@id\":\"https:\/\/www.spnz.sk\/tpp\/#breadcrumb\"},\"inLanguage\":\"sk-SK\",\"potentialAction\":[{\"@type\":\"ReadAction\",\"target\":[\"https:\/\/www.spnz.sk\/tpp\/\"]}]},{\"@type\":\"BreadcrumbList\",\"@id\":\"https:\/\/www.spnz.sk\/tpp\/#breadcrumb\",\"itemListElement\":[{\"@type\":\"ListItem\",\"position\":1,\"name\":\"Domovsk\u00e1 str\u00e1nka\",\"item\":\"https:\/\/www.spnz.sk\/\"},{\"@type\":\"ListItem\",\"position\":2,\"name\":\"TPP\"}]},{\"@type\":\"WebSite\",\"@id\":\"https:\/\/www.spnz.sk\/#website\",\"url\":\"https:\/\/www.spnz.sk\/\",\"name\":\"Slovensk\u00fd plyn\u00e1rensk\u00fd a naftov\u00fd zv\u00e4z\",\"description\":\"\",\"potentialAction\":[{\"@type\":\"SearchAction\",\"target\":{\"@type\":\"EntryPoint\",\"urlTemplate\":\"https:\/\/www.spnz.sk\/?s={search_term_string}\"},\"query-input\":{\"@type\":\"PropertyValueSpecification\",\"valueRequired\":true,\"valueName\":\"search_term_string\"}}],\"inLanguage\":\"sk-SK\"}]}<\/script>\n<!-- \/ Yoast SEO plugin. -->","yoast_head_json":{"title":"TPP - Slovensk\u00fd plyn\u00e1rensk\u00fd a naftov\u00fd zv\u00e4z","robots":{"index":"index","follow":"follow","max-snippet":"max-snippet:-1","max-image-preview":"max-image-preview:large","max-video-preview":"max-video-preview:-1"},"canonical":"https:\/\/www.spnz.sk\/tpp\/","og_locale":"sk_SK","og_type":"article","og_title":"TPP - Slovensk\u00fd plyn\u00e1rensk\u00fd a naftov\u00fd zv\u00e4z","og_url":"https:\/\/www.spnz.sk\/tpp\/","og_site_name":"Slovensk\u00fd plyn\u00e1rensk\u00fd a naftov\u00fd zv\u00e4z","article_modified_time":"2021-07-28T11:04:13+00:00","twitter_card":"summary_large_image","twitter_misc":{"Predpokladan\u00fd \u010das \u010d\u00edtania":"3 min\u00faty"},"schema":{"@context":"https:\/\/schema.org","@graph":[{"@type":"WebPage","@id":"https:\/\/www.spnz.sk\/tpp\/","url":"https:\/\/www.spnz.sk\/tpp\/","name":"TPP - Slovensk\u00fd plyn\u00e1rensk\u00fd a naftov\u00fd zv\u00e4z","isPartOf":{"@id":"https:\/\/www.spnz.sk\/#website"},"datePublished":"2021-06-11T09:03:01+00:00","dateModified":"2021-07-28T11:04:13+00:00","breadcrumb":{"@id":"https:\/\/www.spnz.sk\/tpp\/#breadcrumb"},"inLanguage":"sk-SK","potentialAction":[{"@type":"ReadAction","target":["https:\/\/www.spnz.sk\/tpp\/"]}]},{"@type":"BreadcrumbList","@id":"https:\/\/www.spnz.sk\/tpp\/#breadcrumb","itemListElement":[{"@type":"ListItem","position":1,"name":"Domovsk\u00e1 str\u00e1nka","item":"https:\/\/www.spnz.sk\/"},{"@type":"ListItem","position":2,"name":"TPP"}]},{"@type":"WebSite","@id":"https:\/\/www.spnz.sk\/#website","url":"https:\/\/www.spnz.sk\/","name":"Slovensk\u00fd plyn\u00e1rensk\u00fd a naftov\u00fd zv\u00e4z","description":"","potentialAction":[{"@type":"SearchAction","target":{"@type":"EntryPoint","urlTemplate":"https:\/\/www.spnz.sk\/?s={search_term_string}"},"query-input":{"@type":"PropertyValueSpecification","valueRequired":true,"valueName":"search_term_string"}}],"inLanguage":"sk-SK"}]}},"uagb_featured_image_src":{"full":false,"thumbnail":false,"medium":false,"medium_large":false,"large":false,"thumblist":false,"meccarouselthumb":false,"gridsquare":false,"tileview":false,"1536x1536":false,"2048x2048":false,"woocommerce_thumbnail":false,"woocommerce_single":false,"woocommerce_gallery_thumbnail":false},"uagb_author_info":{"display_name":"spnz-admin","author_link":"https:\/\/d.r1.wbsprt.com\/spnz.sk\/author\/spnz-admin\/"},"uagb_comment_info":0,"uagb_excerpt":null,"_links":{"self":[{"href":"https:\/\/d.r1.wbsprt.com\/spnz.sk\/wp-json\/wp\/v2\/pages\/41","targetHints":{"allow":["GET"]}}],"collection":[{"href":"https:\/\/d.r1.wbsprt.com\/spnz.sk\/wp-json\/wp\/v2\/pages"}],"about":[{"href":"https:\/\/d.r1.wbsprt.com\/spnz.sk\/wp-json\/wp\/v2\/types\/page"}],"author":[{"embeddable":true,"href":"https:\/\/d.r1.wbsprt.com\/spnz.sk\/wp-json\/wp\/v2\/users\/1"}],"replies":[{"embeddable":true,"href":"https:\/\/d.r1.wbsprt.com\/spnz.sk\/wp-json\/wp\/v2\/comments?post=41"}],"version-history":[{"count":8,"href":"https:\/\/d.r1.wbsprt.com\/spnz.sk\/wp-json\/wp\/v2\/pages\/41\/revisions"}],"predecessor-version":[{"id":873,"href":"https:\/\/d.r1.wbsprt.com\/spnz.sk\/wp-json\/wp\/v2\/pages\/41\/revisions\/873"}],"wp:attachment":[{"href":"https:\/\/d.r1.wbsprt.com\/spnz.sk\/wp-json\/wp\/v2\/media?parent=41"}],"curies":[{"name":"wp","href":"https:\/\/api.w.org\/{rel}","templated":true}]}}