{"id":39,"date":"2021-06-11T11:02:49","date_gmt":"2021-06-11T09:02:49","guid":{"rendered":"https:\/\/d.r1.wbsprt.com\/spnz.sk\/?page_id=39"},"modified":"2022-11-02T10:34:59","modified_gmt":"2022-11-02T09:34:59","slug":"newsletter","status":"publish","type":"page","link":"https:\/\/d.r1.wbsprt.com\/spnz.sk\/newsletter\/","title":{"rendered":"NEWSLETTER"},"content":{"rendered":"<div class=\"row\"  id=\"row-1500965489\">\n<div class=\"col small-12 large-12\"  ><div class=\"col-inner\"  >\n<h2 class=\"uppercase text-center\">NEWSLETTER<\/h2>\n<div class=\"text-center\"><div class=\"is-divider divider clearfix\" style=\"background-color:rgb(3, 78, 162);\"><\/div><\/div><!-- .divider -->\n<div class=\"row\"  id=\"row-1708577272\">\n<div class=\"col medium-6 small-12 large-6\"  ><div class=\"col-inner\" style=\"margin:0px 0px -40px 0px;\" >\n<h4>Odobera\u0165 newsletter:<\/h4>\n<form action=\"https:\/\/app.edirect.sk\/subscribe\/\" enctype=\"multipart\/form-data\" method=\"post\"><input name=\"r&#091;group_list&#093;\" type=\"hidden\" value=\"1610\" \/><input name=\"r&#091;group_id&#093;&#091;&#093;\" type=\"hidden\" value=\"1610\" \/><input name=\"r&#091;owner_id&#093;\" type=\"hidden\" value=\"246\" \/><input name=\"save\" type=\"hidden\" value=\"1\" \/><input name=\"r&#091;mail&#093;\" type=\"text\" value=\"\" placeholder=\"Email\" \/><input type=\"submit\" value=\"Odobera\u0165\" \/><\/form>\n<\/div><\/div>\n\n<style scope=\"scope\">\n\n#row-1708577272 > .col > .col-inner {\n  padding: 0px 0px 0px100px 0px;\n}\n<\/style>\n<\/div>\n<div class=\"text-center\"><div class=\"is-divider divider clearfix\" style=\"background-color:rgb(3, 78, 162);\"><\/div><\/div><!-- .divider -->\n<div class=\"row\"  id=\"row-848251251\">\n<div class=\"col medium-6 small-12 large-6\"  ><div class=\"col-inner\"  >\n\n<table id=\"tablepress-6\" class=\"tablepress tablepress-id-6\">\n<tbody class=\"row-striping row-hover\">\n<tr class=\"row-1\">\n\t<td class=\"column-1\"><a href=\"https:\/\/app.edirect.sk\/newsletter\/?id=6879&amp;key=ff68f44811aefdea985ca3d935866a08\">Newsletter 23\/25<\/a><\/td>\n<\/tr>\n<tr class=\"row-2\">\n\t<td class=\"column-1\"><a href=\"https:\/\/app.edirect.sk\/newsletter\/?id=6870&amp;key=951e3aa8baaab50979f611b715d7148a\">Newsletter 22\/25<\/a><\/td>\n<\/tr>\n<tr class=\"row-3\">\n\t<td class=\"column-1\"><a href=\"https:\/\/app.edirect.sk\/newsletter\/?id=6862&amp;key=7e6648028997bee5216b6d839dd6938e\">Newsletter 21\/25<\/a><\/td>\n<\/tr>\n<tr class=\"row-4\">\n\t<td class=\"column-1\"><a href=\"https:\/\/app.edirect.sk\/newsletter\/?id=6855&amp;key=59424c3230b81cf3a7a7d4854f84aa70\">Newsletter 19\/25<\/a><\/td>\n<\/tr>\n<tr class=\"row-5\">\n\t<td class=\"column-1\"><a href=\"https:\/\/app.edirect.sk\/newsletter\/?id=6840&amp;key=107689cb72c8758b1dab4dde947cfb61\">Newsletter 18\/25<\/a><\/td>\n<\/tr>\n<tr class=\"row-6\">\n\t<td class=\"column-1\"><a href=\"https:\/\/app.edirect.sk\/newsletter\/?id=6840&amp;key=107689cb72c8758b1dab4dde947cfb61\">Newsletter 17\/25<\/a><\/td>\n<\/tr>\n<tr class=\"row-7\">\n\t<td class=\"column-1\"><a href=\"https:\/\/app.edirect.sk\/newsletter\/?id=6835&amp;key=c1abbb826305a558e7c22d224025d3bb\">Newsletter 16\/25<\/a><\/td>\n<\/tr>\n<tr class=\"row-8\">\n\t<td class=\"column-1\"><a href=\"https:\/\/app.edirect.sk\/newsletter\/?id=6831&amp;key=bceedd6865a18d706fd7e719826422ba\">Newsletter 15\/25<\/a><\/td>\n<\/tr>\n<tr class=\"row-9\">\n\t<td class=\"column-1\"><a href=\"https:\/\/app.edirect.sk\/newsletter\/?id=6821&amp;key=d10b1a47bc0c24cfd759346b9c7ae9a8\">Newsletter 14\/25<\/a><\/td>\n<\/tr>\n<tr class=\"row-10\">\n\t<td class=\"column-1\"><a href=\"https:\/\/app.edirect.sk\/newsletter\/?id=6815&amp;key=eb1fe034a6733081537aa8d10eb49e32\">Newsletter 13\/25<\/a><\/td>\n<\/tr>\n<tr class=\"row-11\">\n\t<td class=\"column-1\"><a href=\"https:\/\/app.edirect.sk\/newsletter\/?id=6809&amp;key=3bb165c170bbd586c3acb92a9f299cf6\">Newsletter 12\/25<\/a><\/td>\n<\/tr>\n<tr class=\"row-12\">\n\t<td class=\"column-1\"><a href=\"https:\/\/app.edirect.sk\/newsletter\/?id=6800&amp;key=bb16b1344fa591c0f1dc3892889de4c6\">Newsletter 11\/25<\/a><\/td>\n<\/tr>\n<tr class=\"row-13\">\n\t<td class=\"column-1\"><a href=\"https:\/\/app.edirect.sk\/newsletter\/?id=6793&amp;key=e7aa783ff92708d6141daf8cddfe40c1\">Newsletter 10\/25<\/a><\/td>\n<\/tr>\n<tr class=\"row-14\">\n\t<td class=\"column-1\"><a href=\"https:\/\/app.edirect.sk\/newsletter\/?id=6787&amp;key=64574e1296f46845f47cb29e39abf31f\">Newsletter 9\/25<\/a><\/td>\n<\/tr>\n<tr class=\"row-15\">\n\t<td class=\"column-1\"><a href=\"https:\/\/app.edirect.sk\/newsletter\/?id=6774&amp;key=efd873947750bcbd44831bcc23711a75\">Newsletter 8\/25<\/a><\/td>\n<\/tr>\n<tr class=\"row-16\">\n\t<td class=\"column-1\"><a href=\"https:\/\/app.edirect.sk\/newsletter\/?id=6771&amp;key=bcd05fb31aaacccb1b0e79e688d0e660\">Newsletter 7\/25<\/a><\/td>\n<\/tr>\n<tr class=\"row-17\">\n\t<td class=\"column-1\"><a href=\"https:\/\/app.edirect.sk\/newsletter\/?id=6766&amp;key=b52a62b7981e8e0e677c640939126d3b\">Newsletter 6\/25<\/a><\/td>\n<\/tr>\n<tr class=\"row-18\">\n\t<td class=\"column-1\"><a href=\"https:\/\/app.edirect.sk\/newsletter\/?id=6760&amp;key=c604c93bd3fa81229a64762114d90f75\">Newsletter 5\/25<\/a><\/td>\n<\/tr>\n<tr class=\"row-19\">\n\t<td class=\"column-1\"><a href=\"https:\/\/app.edirect.sk\/newsletter\/?id=6753&amp;key=fca76571cfb5e77189c669914e275036\">Newsletter 4\/25<\/a><\/td>\n<\/tr>\n<tr class=\"row-20\">\n\t<td class=\"column-1\"><a href=\"https:\/\/app.edirect.sk\/newsletter\/?id=6743&amp;key=842be6703ec84616117c8823d540737b\">Newsletter 3\/25<\/a><\/td>\n<\/tr>\n<tr class=\"row-21\">\n\t<td class=\"column-1\"><a href=\"https:\/\/app.edirect.sk\/newsletter\/?id=6740&amp;key=3ea1f9c18182e8d830df5c74838ad32f\">Newsletter 2\/25<\/a><\/td>\n<\/tr>\n<tr class=\"row-22\">\n\t<td class=\"column-1\"><a href=\"https:\/\/app.edirect.sk\/newsletter\/?id=6736&amp;key=329760766bda98c66c7fc7886b5dd469\">Newsletter 1\/25<\/a><\/td>\n<\/tr>\n<\/tbody>\n<\/table>\n<!-- #tablepress-6 from cache -->\n<\/div><\/div>\n<div class=\"col medium-6 small-12 large-6\"  ><div class=\"col-inner\"  >\n<\/div><\/div>\n<\/div>\n<\/div><\/div>\n<\/div>\n","protected":false},"excerpt":{"rendered":"","protected":false},"author":1,"featured_media":0,"parent":0,"menu_order":0,"comment_status":"closed","ping_status":"closed","template":"","meta":{"inline_featured_image":false,"_uag_custom_page_level_css":"","footnotes":""},"class_list":["post-39","page","type-page","status-publish","hentry"],"yoast_head":"<!-- This site is optimized with the Yoast SEO plugin v24.7 - https:\/\/yoast.com\/wordpress\/plugins\/seo\/ -->\n<title>NEWSLETTER - Slovensk\u00fd plyn\u00e1rensk\u00fd a naftov\u00fd zv\u00e4z<\/title>\n<meta name=\"robots\" content=\"index, follow, max-snippet:-1, max-image-preview:large, max-video-preview:-1\" \/>\n<link rel=\"canonical\" href=\"https:\/\/www.spnz.sk\/newsletter\/\" \/>\n<meta property=\"og:locale\" content=\"sk_SK\" \/>\n<meta property=\"og:type\" content=\"article\" \/>\n<meta property=\"og:title\" content=\"NEWSLETTER - Slovensk\u00fd plyn\u00e1rensk\u00fd a naftov\u00fd zv\u00e4z\" \/>\n<meta property=\"og:url\" content=\"https:\/\/www.spnz.sk\/newsletter\/\" \/>\n<meta property=\"og:site_name\" content=\"Slovensk\u00fd plyn\u00e1rensk\u00fd a naftov\u00fd zv\u00e4z\" \/>\n<meta property=\"article:modified_time\" content=\"2022-11-02T09:34:59+00:00\" \/>\n<meta name=\"twitter:card\" content=\"summary_large_image\" \/>\n<meta name=\"twitter:label1\" content=\"Predpokladan\u00fd \u010das \u010d\u00edtania\" \/>\n\t<meta name=\"twitter:data1\" content=\"1 min\u00fata\" \/>\n<script type=\"application\/ld+json\" class=\"yoast-schema-graph\">{\"@context\":\"https:\/\/schema.org\",\"@graph\":[{\"@type\":\"WebPage\",\"@id\":\"https:\/\/www.spnz.sk\/newsletter\/\",\"url\":\"https:\/\/www.spnz.sk\/newsletter\/\",\"name\":\"NEWSLETTER - Slovensk\u00fd plyn\u00e1rensk\u00fd a naftov\u00fd zv\u00e4z\",\"isPartOf\":{\"@id\":\"https:\/\/www.spnz.sk\/#website\"},\"datePublished\":\"2021-06-11T09:02:49+00:00\",\"dateModified\":\"2022-11-02T09:34:59+00:00\",\"breadcrumb\":{\"@id\":\"https:\/\/www.spnz.sk\/newsletter\/#breadcrumb\"},\"inLanguage\":\"sk-SK\",\"potentialAction\":[{\"@type\":\"ReadAction\",\"target\":[\"https:\/\/www.spnz.sk\/newsletter\/\"]}]},{\"@type\":\"BreadcrumbList\",\"@id\":\"https:\/\/www.spnz.sk\/newsletter\/#breadcrumb\",\"itemListElement\":[{\"@type\":\"ListItem\",\"position\":1,\"name\":\"Domovsk\u00e1 str\u00e1nka\",\"item\":\"https:\/\/www.spnz.sk\/\"},{\"@type\":\"ListItem\",\"position\":2,\"name\":\"NEWSLETTER\"}]},{\"@type\":\"WebSite\",\"@id\":\"https:\/\/www.spnz.sk\/#website\",\"url\":\"https:\/\/www.spnz.sk\/\",\"name\":\"Slovensk\u00fd plyn\u00e1rensk\u00fd a naftov\u00fd zv\u00e4z\",\"description\":\"\",\"potentialAction\":[{\"@type\":\"SearchAction\",\"target\":{\"@type\":\"EntryPoint\",\"urlTemplate\":\"https:\/\/www.spnz.sk\/?s={search_term_string}\"},\"query-input\":{\"@type\":\"PropertyValueSpecification\",\"valueRequired\":true,\"valueName\":\"search_term_string\"}}],\"inLanguage\":\"sk-SK\"}]}<\/script>\n<!-- \/ Yoast SEO plugin. -->","yoast_head_json":{"title":"NEWSLETTER - Slovensk\u00fd plyn\u00e1rensk\u00fd a naftov\u00fd zv\u00e4z","robots":{"index":"index","follow":"follow","max-snippet":"max-snippet:-1","max-image-preview":"max-image-preview:large","max-video-preview":"max-video-preview:-1"},"canonical":"https:\/\/www.spnz.sk\/newsletter\/","og_locale":"sk_SK","og_type":"article","og_title":"NEWSLETTER - Slovensk\u00fd plyn\u00e1rensk\u00fd a naftov\u00fd zv\u00e4z","og_url":"https:\/\/www.spnz.sk\/newsletter\/","og_site_name":"Slovensk\u00fd plyn\u00e1rensk\u00fd a naftov\u00fd zv\u00e4z","article_modified_time":"2022-11-02T09:34:59+00:00","twitter_card":"summary_large_image","twitter_misc":{"Predpokladan\u00fd \u010das \u010d\u00edtania":"1 min\u00fata"},"schema":{"@context":"https:\/\/schema.org","@graph":[{"@type":"WebPage","@id":"https:\/\/www.spnz.sk\/newsletter\/","url":"https:\/\/www.spnz.sk\/newsletter\/","name":"NEWSLETTER - Slovensk\u00fd plyn\u00e1rensk\u00fd a naftov\u00fd zv\u00e4z","isPartOf":{"@id":"https:\/\/www.spnz.sk\/#website"},"datePublished":"2021-06-11T09:02:49+00:00","dateModified":"2022-11-02T09:34:59+00:00","breadcrumb":{"@id":"https:\/\/www.spnz.sk\/newsletter\/#breadcrumb"},"inLanguage":"sk-SK","potentialAction":[{"@type":"ReadAction","target":["https:\/\/www.spnz.sk\/newsletter\/"]}]},{"@type":"BreadcrumbList","@id":"https:\/\/www.spnz.sk\/newsletter\/#breadcrumb","itemListElement":[{"@type":"ListItem","position":1,"name":"Domovsk\u00e1 str\u00e1nka","item":"https:\/\/www.spnz.sk\/"},{"@type":"ListItem","position":2,"name":"NEWSLETTER"}]},{"@type":"WebSite","@id":"https:\/\/www.spnz.sk\/#website","url":"https:\/\/www.spnz.sk\/","name":"Slovensk\u00fd plyn\u00e1rensk\u00fd a naftov\u00fd zv\u00e4z","description":"","potentialAction":[{"@type":"SearchAction","target":{"@type":"EntryPoint","urlTemplate":"https:\/\/www.spnz.sk\/?s={search_term_string}"},"query-input":{"@type":"PropertyValueSpecification","valueRequired":true,"valueName":"search_term_string"}}],"inLanguage":"sk-SK"}]}},"uagb_featured_image_src":{"full":false,"thumbnail":false,"medium":false,"medium_large":false,"large":false,"thumblist":false,"meccarouselthumb":false,"gridsquare":false,"tileview":false,"1536x1536":false,"2048x2048":false,"woocommerce_thumbnail":false,"woocommerce_single":false,"woocommerce_gallery_thumbnail":false},"uagb_author_info":{"display_name":"spnz-admin","author_link":"https:\/\/d.r1.wbsprt.com\/spnz.sk\/author\/spnz-admin\/"},"uagb_comment_info":0,"uagb_excerpt":null,"_links":{"self":[{"href":"https:\/\/d.r1.wbsprt.com\/spnz.sk\/wp-json\/wp\/v2\/pages\/39","targetHints":{"allow":["GET"]}}],"collection":[{"href":"https:\/\/d.r1.wbsprt.com\/spnz.sk\/wp-json\/wp\/v2\/pages"}],"about":[{"href":"https:\/\/d.r1.wbsprt.com\/spnz.sk\/wp-json\/wp\/v2\/types\/page"}],"author":[{"embeddable":true,"href":"https:\/\/d.r1.wbsprt.com\/spnz.sk\/wp-json\/wp\/v2\/users\/1"}],"replies":[{"embeddable":true,"href":"https:\/\/d.r1.wbsprt.com\/spnz.sk\/wp-json\/wp\/v2\/comments?post=39"}],"version-history":[{"count":17,"href":"https:\/\/d.r1.wbsprt.com\/spnz.sk\/wp-json\/wp\/v2\/pages\/39\/revisions"}],"predecessor-version":[{"id":2153,"href":"https:\/\/d.r1.wbsprt.com\/spnz.sk\/wp-json\/wp\/v2\/pages\/39\/revisions\/2153"}],"wp:attachment":[{"href":"https:\/\/d.r1.wbsprt.com\/spnz.sk\/wp-json\/wp\/v2\/media?parent=39"}],"curies":[{"name":"wp","href":"https:\/\/api.w.org\/{rel}","templated":true}]}}