{"id":37,"date":"2021-06-11T11:02:37","date_gmt":"2021-06-11T09:02:37","guid":{"rendered":"https:\/\/d.r1.wbsprt.com\/spnz.sk\/?page_id=37"},"modified":"2021-07-29T09:57:50","modified_gmt":"2021-07-29T07:57:50","slug":"tlacove-spravy","status":"publish","type":"page","link":"https:\/\/d.r1.wbsprt.com\/spnz.sk\/tlacove-spravy\/","title":{"rendered":"TLA\u010cOV\u00c9 SPR\u00c1VY"},"content":{"rendered":"<div class=\"row\"  id=\"row-463744555\">\n<div class=\"col small-12 large-12\"  ><div class=\"col-inner\"  >\n<h2 class=\"uppercase text-center\">TLA\u010cOV\u00c9 SPR\u00c1VY<\/h2>\n<div class=\"text-center\"><div class=\"is-divider divider clearfix\" style=\"background-color:rgb(3, 78, 162);\"><\/div><\/div><!-- .divider -->\n\n<table id=\"tablepress-4\" class=\"tablepress tablepress-id-4\">\n<thead>\n<tr class=\"row-1\">\n\t<th class=\"column-1\">D\u00e1tum<\/th><th class=\"column-2\">Spr\u00e1va<\/th>\n<\/tr>\n<\/thead>\n<tbody class=\"row-striping row-hover\">\n<tr class=\"row-2\">\n\t<td class=\"column-1\"><strong>26. september 2025<\/strong><\/td><td class=\"column-2\"><a href=\"https:\/\/www.spnz.sk\/ceski-a-slovenski-plynari-rozsiruju-spolupracu-v-oblasti-metanovych-emisii-vodika-ci-biometanu\/\">\u010cesk\u00ed a slovensk\u00ed plyn\u00e1ri roz\u0161iruj\u00fa spolupr\u00e1cu ...<\/a><\/td>\n<\/tr>\n<tr class=\"row-3\">\n\t<td class=\"column-1\"><strong>25. september 2025<\/strong><\/td><td class=\"column-2\"><a href=\"https:\/\/www.spnz.sk\/staronovym-prezidentom-spnz-sa-stal-rastislav-nukovic\/\">Staronov\u00fdm prezidentom SPNZ sa stal Rastislav \u0147ukovi\u010d<\/a><\/td>\n<\/tr>\n<tr class=\"row-4\">\n\t<td class=\"column-1\"><strong>14. m\u00e1j2025<\/strong><\/td><td class=\"column-2\"><a href=\"https:\/\/www.spnz.sk\/zemny-plyn-ostava-zakladnym-sposobom-vykurovania-slovenskych-domacnosti-jeho-spotreba-sa-v-ostatnej-vykurovacej-sezone-zvysila-slovensko-zvladlo-aj-zastavenie-toku-cez-ukrajinu\/\">Zemn\u00fd plyn ost\u00e1va z\u00e1kladn\u00fdm sp\u00f4sobom vykurovania slovensk\u00fdch dom\u00e1cnost\u00ed ...<\/a><\/td>\n<\/tr>\n<tr class=\"row-5\">\n\t<td class=\"column-1\"><strong>29. apr\u00edl 2025<\/strong><\/td><td class=\"column-2\"><a href=\"https:\/\/www.spnz.sk\/slovensko-ma-druhu-biometanovu-stanicu-dalsich-desat-je-na-obzore\/\">Slovensko m\u00e1 druh\u00fa biomet\u00e1nov\u00fa stanicu, \u010fal\u0161\u00edch desa\u0165 je na obzore<\/a><\/td>\n<\/tr>\n<tr class=\"row-6\">\n\t<td class=\"column-1\"><strong>12. september 2024<\/strong><\/td><td class=\"column-2\"><a href=\"https:\/\/www.spnz.sk\/spnz-a-abms-spolocne-podporia-rozvoj-biometanu-na-slovensku\/\">SPNZ A ABMS spolo\u010dne podporia rozvoj biomet\u00e1nu na Slovensku<\/a><\/td>\n<\/tr>\n<tr class=\"row-7\">\n\t<td class=\"column-1\"><strong>19. marec 2024<\/strong><\/td><td class=\"column-2\"><a href=\"https:\/\/www.spnz.sk\/na-slovensku-budeme-vykurovat-plynom-aj-po-roku-2040\/\">Na Slovensku budeme vykurova\u0165 plynom aj po roku 2040<\/a><\/td>\n<\/tr>\n<tr class=\"row-8\">\n\t<td class=\"column-1\"><strong>28. september 2023<\/strong><\/td><td class=\"column-2\"><a href=\"https:\/\/www.spnz.sk\/spolocnost-shell-podpori-rozvoj-plynovej-mobility-na-slovensku\/\">Spolo\u010dnos\u0165 SHELL Podpor\u00ed rozvoj plynovej mobility na Slovensku<\/a><\/td>\n<\/tr>\n<tr class=\"row-9\">\n\t<td class=\"column-1\"><strong>31. m\u00e1j 2023<\/strong><\/td><td class=\"column-2\"><a href=\"https:\/\/www.spnz.sk\/spp-distribucia-spusta-register-obnovitelnych-plynov-prispeje-k-dekarbonizacii-ekonomiky\/\">SPP \u2013 distrib\u00facia sp\u00fa\u0161\u0165a Register obnovite\u013en\u00fdch plynov, prispeje k dekarboniz\u00e1cii ekonomiky\t<\/a><\/td>\n<\/tr>\n<tr class=\"row-10\">\n\t<td class=\"column-1\"><strong>23. apr\u00edl 2023<\/strong><\/td><td class=\"column-2\"><a href=\"https:\/\/www.spnz.sk\/newsletter\/slovensko-znizilo-pocas-zimy-spotrebu-zemneho-plynu-takmer-o-patinu\/\">Slovensko zn\u00ed\u017eilo po\u010das zimy spotrebu zemn\u00e9ho plynu takmer o p\u00e4tinu<\/a><\/td>\n<\/tr>\n<\/tbody>\n<\/table>\n<!-- #tablepress-4 from cache -->\n<\/div><\/div>\n<\/div>\n","protected":false},"excerpt":{"rendered":"","protected":false},"author":1,"featured_media":0,"parent":0,"menu_order":0,"comment_status":"closed","ping_status":"closed","template":"","meta":{"inline_featured_image":false,"_uag_custom_page_level_css":"","footnotes":""},"class_list":["post-37","page","type-page","status-publish","hentry"],"yoast_head":"<!-- This site is optimized with the Yoast SEO plugin v24.7 - https:\/\/yoast.com\/wordpress\/plugins\/seo\/ -->\n<title>TLA\u010cOV\u00c9 SPR\u00c1VY - Slovensk\u00fd plyn\u00e1rensk\u00fd a naftov\u00fd zv\u00e4z<\/title>\n<meta name=\"robots\" content=\"index, follow, max-snippet:-1, max-image-preview:large, max-video-preview:-1\" \/>\n<link rel=\"canonical\" href=\"https:\/\/www.spnz.sk\/tlacove-spravy\/\" \/>\n<meta property=\"og:locale\" content=\"sk_SK\" \/>\n<meta property=\"og:type\" content=\"article\" \/>\n<meta property=\"og:title\" content=\"TLA\u010cOV\u00c9 SPR\u00c1VY - Slovensk\u00fd plyn\u00e1rensk\u00fd a naftov\u00fd zv\u00e4z\" \/>\n<meta property=\"og:url\" content=\"https:\/\/www.spnz.sk\/tlacove-spravy\/\" \/>\n<meta property=\"og:site_name\" content=\"Slovensk\u00fd plyn\u00e1rensk\u00fd a naftov\u00fd zv\u00e4z\" \/>\n<meta property=\"article:modified_time\" content=\"2021-07-29T07:57:50+00:00\" \/>\n<meta name=\"twitter:card\" content=\"summary_large_image\" \/>\n<script type=\"application\/ld+json\" class=\"yoast-schema-graph\">{\"@context\":\"https:\/\/schema.org\",\"@graph\":[{\"@type\":\"WebPage\",\"@id\":\"https:\/\/www.spnz.sk\/tlacove-spravy\/\",\"url\":\"https:\/\/www.spnz.sk\/tlacove-spravy\/\",\"name\":\"TLA\u010cOV\u00c9 SPR\u00c1VY - Slovensk\u00fd plyn\u00e1rensk\u00fd a naftov\u00fd zv\u00e4z\",\"isPartOf\":{\"@id\":\"https:\/\/www.spnz.sk\/#website\"},\"datePublished\":\"2021-06-11T09:02:37+00:00\",\"dateModified\":\"2021-07-29T07:57:50+00:00\",\"breadcrumb\":{\"@id\":\"https:\/\/www.spnz.sk\/tlacove-spravy\/#breadcrumb\"},\"inLanguage\":\"sk-SK\",\"potentialAction\":[{\"@type\":\"ReadAction\",\"target\":[\"https:\/\/www.spnz.sk\/tlacove-spravy\/\"]}]},{\"@type\":\"BreadcrumbList\",\"@id\":\"https:\/\/www.spnz.sk\/tlacove-spravy\/#breadcrumb\",\"itemListElement\":[{\"@type\":\"ListItem\",\"position\":1,\"name\":\"Domovsk\u00e1 str\u00e1nka\",\"item\":\"https:\/\/www.spnz.sk\/\"},{\"@type\":\"ListItem\",\"position\":2,\"name\":\"TLA\u010cOV\u00c9 SPR\u00c1VY\"}]},{\"@type\":\"WebSite\",\"@id\":\"https:\/\/www.spnz.sk\/#website\",\"url\":\"https:\/\/www.spnz.sk\/\",\"name\":\"Slovensk\u00fd plyn\u00e1rensk\u00fd a naftov\u00fd zv\u00e4z\",\"description\":\"\",\"potentialAction\":[{\"@type\":\"SearchAction\",\"target\":{\"@type\":\"EntryPoint\",\"urlTemplate\":\"https:\/\/www.spnz.sk\/?s={search_term_string}\"},\"query-input\":{\"@type\":\"PropertyValueSpecification\",\"valueRequired\":true,\"valueName\":\"search_term_string\"}}],\"inLanguage\":\"sk-SK\"}]}<\/script>\n<!-- \/ Yoast SEO plugin. -->","yoast_head_json":{"title":"TLA\u010cOV\u00c9 SPR\u00c1VY - Slovensk\u00fd plyn\u00e1rensk\u00fd a naftov\u00fd zv\u00e4z","robots":{"index":"index","follow":"follow","max-snippet":"max-snippet:-1","max-image-preview":"max-image-preview:large","max-video-preview":"max-video-preview:-1"},"canonical":"https:\/\/www.spnz.sk\/tlacove-spravy\/","og_locale":"sk_SK","og_type":"article","og_title":"TLA\u010cOV\u00c9 SPR\u00c1VY - Slovensk\u00fd plyn\u00e1rensk\u00fd a naftov\u00fd zv\u00e4z","og_url":"https:\/\/www.spnz.sk\/tlacove-spravy\/","og_site_name":"Slovensk\u00fd plyn\u00e1rensk\u00fd a naftov\u00fd zv\u00e4z","article_modified_time":"2021-07-29T07:57:50+00:00","twitter_card":"summary_large_image","schema":{"@context":"https:\/\/schema.org","@graph":[{"@type":"WebPage","@id":"https:\/\/www.spnz.sk\/tlacove-spravy\/","url":"https:\/\/www.spnz.sk\/tlacove-spravy\/","name":"TLA\u010cOV\u00c9 SPR\u00c1VY - Slovensk\u00fd plyn\u00e1rensk\u00fd a naftov\u00fd zv\u00e4z","isPartOf":{"@id":"https:\/\/www.spnz.sk\/#website"},"datePublished":"2021-06-11T09:02:37+00:00","dateModified":"2021-07-29T07:57:50+00:00","breadcrumb":{"@id":"https:\/\/www.spnz.sk\/tlacove-spravy\/#breadcrumb"},"inLanguage":"sk-SK","potentialAction":[{"@type":"ReadAction","target":["https:\/\/www.spnz.sk\/tlacove-spravy\/"]}]},{"@type":"BreadcrumbList","@id":"https:\/\/www.spnz.sk\/tlacove-spravy\/#breadcrumb","itemListElement":[{"@type":"ListItem","position":1,"name":"Domovsk\u00e1 str\u00e1nka","item":"https:\/\/www.spnz.sk\/"},{"@type":"ListItem","position":2,"name":"TLA\u010cOV\u00c9 SPR\u00c1VY"}]},{"@type":"WebSite","@id":"https:\/\/www.spnz.sk\/#website","url":"https:\/\/www.spnz.sk\/","name":"Slovensk\u00fd plyn\u00e1rensk\u00fd a naftov\u00fd zv\u00e4z","description":"","potentialAction":[{"@type":"SearchAction","target":{"@type":"EntryPoint","urlTemplate":"https:\/\/www.spnz.sk\/?s={search_term_string}"},"query-input":{"@type":"PropertyValueSpecification","valueRequired":true,"valueName":"search_term_string"}}],"inLanguage":"sk-SK"}]}},"uagb_featured_image_src":{"full":false,"thumbnail":false,"medium":false,"medium_large":false,"large":false,"thumblist":false,"meccarouselthumb":false,"gridsquare":false,"tileview":false,"1536x1536":false,"2048x2048":false,"woocommerce_thumbnail":false,"woocommerce_single":false,"woocommerce_gallery_thumbnail":false},"uagb_author_info":{"display_name":"spnz-admin","author_link":"https:\/\/d.r1.wbsprt.com\/spnz.sk\/author\/spnz-admin\/"},"uagb_comment_info":0,"uagb_excerpt":null,"_links":{"self":[{"href":"https:\/\/d.r1.wbsprt.com\/spnz.sk\/wp-json\/wp\/v2\/pages\/37","targetHints":{"allow":["GET"]}}],"collection":[{"href":"https:\/\/d.r1.wbsprt.com\/spnz.sk\/wp-json\/wp\/v2\/pages"}],"about":[{"href":"https:\/\/d.r1.wbsprt.com\/spnz.sk\/wp-json\/wp\/v2\/types\/page"}],"author":[{"embeddable":true,"href":"https:\/\/d.r1.wbsprt.com\/spnz.sk\/wp-json\/wp\/v2\/users\/1"}],"replies":[{"embeddable":true,"href":"https:\/\/d.r1.wbsprt.com\/spnz.sk\/wp-json\/wp\/v2\/comments?post=37"}],"version-history":[{"count":9,"href":"https:\/\/d.r1.wbsprt.com\/spnz.sk\/wp-json\/wp\/v2\/pages\/37\/revisions"}],"predecessor-version":[{"id":967,"href":"https:\/\/d.r1.wbsprt.com\/spnz.sk\/wp-json\/wp\/v2\/pages\/37\/revisions\/967"}],"wp:attachment":[{"href":"https:\/\/d.r1.wbsprt.com\/spnz.sk\/wp-json\/wp\/v2\/media?parent=37"}],"curies":[{"name":"wp","href":"https:\/\/api.w.org\/{rel}","templated":true}]}}