{"id":22,"date":"2021-06-11T10:56:27","date_gmt":"2021-06-11T08:56:27","guid":{"rendered":"https:\/\/d.r1.wbsprt.com\/spnz.sk\/?page_id=22"},"modified":"2026-03-27T08:32:48","modified_gmt":"2026-03-27T07:32:48","slug":"kontakt","status":"publish","type":"page","link":"https:\/\/d.r1.wbsprt.com\/spnz.sk\/kontakt\/","title":{"rendered":"KONTAKT"},"content":{"rendered":"<div class=\"gap-element\" style=\"display:block; height:auto; padding-top:30px\" class=\"clearfix\"><\/div> <div class=\"row align-equal align-center row-box-shadow-2 row-box-shadow-3-hover\"  id=\"row-422815301\"> <div class=\"col medium-5 small-12 large-5\"  ><div class=\"col-inner\" style=\"background-color:rgb(248, 249, 250);\" >\r\n<div style=\"text-align: center; background: #0A2E57; padding: 2.5rem 0;\">\r\n<h3 style=\"color: white; margin: 0;\">KONTAKT<\/h3>\r\n<\/div>\r\n<div style=\"padding: 1rem 1.5rem;\">\r\n<div><i class=\"icon-phone\" style=\"margin-right: 10px;\"><\/i><a href=\"tel:0911952325\">0911 952 325<\/a><br \/><br \/><i class=\"icon-envelop\" style=\"margin-right: 10px;\"><\/i><a href=\"mailto:spnz@sgoa.sk\">spnz@sgoa.sk<\/a>\r\n<p style=\"margin-top: 20px;\"><strong>I\u010cO:<\/strong> 30845475<br \/><strong>DI\u010c:<\/strong> 2020869290<\/p>\r\n<h5 style=\"margin: 0;\">Bankov\u00e9 spojenie:<\/h5>\r\n<p>Tatra Banka, a.s., <br \/><strong>\u010c. \u00fa.:<\/strong> 2667455133\/1100<br \/><strong>IBAN:<\/strong> SK04 1100 0000 0026 6745 5133<br \/><br \/><a href=\"https:\/\/www.spnz.sk\/vyhlasenie-o-pristupnosti\/\">Vyhl\u00e1senie pr\u00edstupnosti<\/a><\/p>\r\n<\/div>\r\n<\/div>\r\n<\/div><\/div> <div class=\"col medium-5 small-12 large-5\"  ><div class=\"col-inner\" style=\"background-color:rgb(248, 249, 250);\" >\r\n<div style=\"padding: 1rem; color: white; background: #0A2E57; text-align: center;\">\r\n<h3 style=\"color: white; margin: 0;\"><i class=\"icon-map-pin-fill\"><\/i><span style=\"margin-left: .75rem;\">ADRESA<\/span><\/h3>\r\n<p style=\"margin: 0;\">Mlynsk\u00e9 nivy 44\/a,<br \/>821 09 Bratislava<\/p>\r\n<\/div>\r\n<div \n\t\t\tclass=\"wp-block-uagb-google-map uagb-google-map__wrap uagb-block-fa02ffff     \"\n\t\t\tstyle=\"\" >\n\t\t\t\t<embed\n\t\t\t\t\tclass=\"uagb-google-map__iframe\"\n\t\t\t\t\ttitle=\"Google Map for \"\n\t\t\t\t\tsrc=\"https:\/\/maps.google.com\/maps?q=Mlynsk%C3%A9%20nivy%2044%2Fa%20821%2009%20Bratislava&#038;z=17&#038;hl=en&#038;t=m&#038;output=embed&#038;iwloc=near\"\n\t\t\t\t\twidth=\"640\"\n\t\t\t\t\theight=\"300\"\n\t\t\t\t\tloading=\"lazy\"\n\t\t\t\t><\/embed>\n\t\t\t<\/div><\/div>\r\n<\/div><\/div> \n<style scope=\"scope\">\n\n<\/style>\n<\/div>","protected":false},"excerpt":{"rendered":"","protected":false},"author":1,"featured_media":0,"parent":0,"menu_order":0,"comment_status":"closed","ping_status":"closed","template":"page-blank.php","meta":{"inline_featured_image":false,"_uag_custom_page_level_css":"","footnotes":""},"class_list":["post-22","page","type-page","status-publish","hentry"],"yoast_head":"<!-- This site is optimized with the Yoast SEO plugin v24.7 - https:\/\/yoast.com\/wordpress\/plugins\/seo\/ -->\n<title>KONTAKT - Slovensk\u00fd plyn\u00e1rensk\u00fd a naftov\u00fd zv\u00e4z<\/title>\n<meta name=\"robots\" content=\"index, follow, max-snippet:-1, max-image-preview:large, max-video-preview:-1\" \/>\n<link rel=\"canonical\" href=\"https:\/\/www.spnz.sk\/kontakt\/\" \/>\n<meta property=\"og:locale\" content=\"sk_SK\" \/>\n<meta property=\"og:type\" content=\"article\" \/>\n<meta property=\"og:title\" content=\"KONTAKT - Slovensk\u00fd plyn\u00e1rensk\u00fd a naftov\u00fd zv\u00e4z\" \/>\n<meta property=\"og:url\" content=\"https:\/\/www.spnz.sk\/kontakt\/\" \/>\n<meta property=\"og:site_name\" content=\"Slovensk\u00fd plyn\u00e1rensk\u00fd a naftov\u00fd zv\u00e4z\" \/>\n<meta property=\"article:modified_time\" content=\"2026-03-27T07:32:48+00:00\" \/>\n<meta name=\"twitter:card\" content=\"summary_large_image\" \/>\n<meta name=\"twitter:label1\" content=\"Predpokladan\u00fd \u010das \u010d\u00edtania\" \/>\n\t<meta name=\"twitter:data1\" content=\"1 min\u00fata\" \/>\n<script type=\"application\/ld+json\" class=\"yoast-schema-graph\">{\"@context\":\"https:\/\/schema.org\",\"@graph\":[{\"@type\":\"WebPage\",\"@id\":\"https:\/\/www.spnz.sk\/kontakt\/\",\"url\":\"https:\/\/www.spnz.sk\/kontakt\/\",\"name\":\"KONTAKT - Slovensk\u00fd plyn\u00e1rensk\u00fd a naftov\u00fd zv\u00e4z\",\"isPartOf\":{\"@id\":\"https:\/\/www.spnz.sk\/#website\"},\"datePublished\":\"2021-06-11T08:56:27+00:00\",\"dateModified\":\"2026-03-27T07:32:48+00:00\",\"breadcrumb\":{\"@id\":\"https:\/\/www.spnz.sk\/kontakt\/#breadcrumb\"},\"inLanguage\":\"sk-SK\",\"potentialAction\":[{\"@type\":\"ReadAction\",\"target\":[\"https:\/\/www.spnz.sk\/kontakt\/\"]}]},{\"@type\":\"BreadcrumbList\",\"@id\":\"https:\/\/www.spnz.sk\/kontakt\/#breadcrumb\",\"itemListElement\":[{\"@type\":\"ListItem\",\"position\":1,\"name\":\"Domovsk\u00e1 str\u00e1nka\",\"item\":\"https:\/\/www.spnz.sk\/\"},{\"@type\":\"ListItem\",\"position\":2,\"name\":\"KONTAKT\"}]},{\"@type\":\"WebSite\",\"@id\":\"https:\/\/www.spnz.sk\/#website\",\"url\":\"https:\/\/www.spnz.sk\/\",\"name\":\"Slovensk\u00fd plyn\u00e1rensk\u00fd a naftov\u00fd zv\u00e4z\",\"description\":\"\",\"potentialAction\":[{\"@type\":\"SearchAction\",\"target\":{\"@type\":\"EntryPoint\",\"urlTemplate\":\"https:\/\/www.spnz.sk\/?s={search_term_string}\"},\"query-input\":{\"@type\":\"PropertyValueSpecification\",\"valueRequired\":true,\"valueName\":\"search_term_string\"}}],\"inLanguage\":\"sk-SK\"}]}<\/script>\n<!-- \/ Yoast SEO plugin. -->","yoast_head_json":{"title":"KONTAKT - Slovensk\u00fd plyn\u00e1rensk\u00fd a naftov\u00fd zv\u00e4z","robots":{"index":"index","follow":"follow","max-snippet":"max-snippet:-1","max-image-preview":"max-image-preview:large","max-video-preview":"max-video-preview:-1"},"canonical":"https:\/\/www.spnz.sk\/kontakt\/","og_locale":"sk_SK","og_type":"article","og_title":"KONTAKT - Slovensk\u00fd plyn\u00e1rensk\u00fd a naftov\u00fd zv\u00e4z","og_url":"https:\/\/www.spnz.sk\/kontakt\/","og_site_name":"Slovensk\u00fd plyn\u00e1rensk\u00fd a naftov\u00fd zv\u00e4z","article_modified_time":"2026-03-27T07:32:48+00:00","twitter_card":"summary_large_image","twitter_misc":{"Predpokladan\u00fd \u010das \u010d\u00edtania":"1 min\u00fata"},"schema":{"@context":"https:\/\/schema.org","@graph":[{"@type":"WebPage","@id":"https:\/\/www.spnz.sk\/kontakt\/","url":"https:\/\/www.spnz.sk\/kontakt\/","name":"KONTAKT - Slovensk\u00fd plyn\u00e1rensk\u00fd a naftov\u00fd zv\u00e4z","isPartOf":{"@id":"https:\/\/www.spnz.sk\/#website"},"datePublished":"2021-06-11T08:56:27+00:00","dateModified":"2026-03-27T07:32:48+00:00","breadcrumb":{"@id":"https:\/\/www.spnz.sk\/kontakt\/#breadcrumb"},"inLanguage":"sk-SK","potentialAction":[{"@type":"ReadAction","target":["https:\/\/www.spnz.sk\/kontakt\/"]}]},{"@type":"BreadcrumbList","@id":"https:\/\/www.spnz.sk\/kontakt\/#breadcrumb","itemListElement":[{"@type":"ListItem","position":1,"name":"Domovsk\u00e1 str\u00e1nka","item":"https:\/\/www.spnz.sk\/"},{"@type":"ListItem","position":2,"name":"KONTAKT"}]},{"@type":"WebSite","@id":"https:\/\/www.spnz.sk\/#website","url":"https:\/\/www.spnz.sk\/","name":"Slovensk\u00fd plyn\u00e1rensk\u00fd a naftov\u00fd zv\u00e4z","description":"","potentialAction":[{"@type":"SearchAction","target":{"@type":"EntryPoint","urlTemplate":"https:\/\/www.spnz.sk\/?s={search_term_string}"},"query-input":{"@type":"PropertyValueSpecification","valueRequired":true,"valueName":"search_term_string"}}],"inLanguage":"sk-SK"}]}},"uagb_featured_image_src":{"full":false,"thumbnail":false,"medium":false,"medium_large":false,"large":false,"thumblist":false,"meccarouselthumb":false,"gridsquare":false,"tileview":false,"1536x1536":false,"2048x2048":false,"woocommerce_thumbnail":false,"woocommerce_single":false,"woocommerce_gallery_thumbnail":false},"uagb_author_info":{"display_name":"spnz-admin","author_link":"https:\/\/d.r1.wbsprt.com\/spnz.sk\/author\/spnz-admin\/"},"uagb_comment_info":0,"uagb_excerpt":null,"_links":{"self":[{"href":"https:\/\/d.r1.wbsprt.com\/spnz.sk\/wp-json\/wp\/v2\/pages\/22","targetHints":{"allow":["GET"]}}],"collection":[{"href":"https:\/\/d.r1.wbsprt.com\/spnz.sk\/wp-json\/wp\/v2\/pages"}],"about":[{"href":"https:\/\/d.r1.wbsprt.com\/spnz.sk\/wp-json\/wp\/v2\/types\/page"}],"author":[{"embeddable":true,"href":"https:\/\/d.r1.wbsprt.com\/spnz.sk\/wp-json\/wp\/v2\/users\/1"}],"replies":[{"embeddable":true,"href":"https:\/\/d.r1.wbsprt.com\/spnz.sk\/wp-json\/wp\/v2\/comments?post=22"}],"version-history":[{"count":41,"href":"https:\/\/d.r1.wbsprt.com\/spnz.sk\/wp-json\/wp\/v2\/pages\/22\/revisions"}],"predecessor-version":[{"id":6298,"href":"https:\/\/d.r1.wbsprt.com\/spnz.sk\/wp-json\/wp\/v2\/pages\/22\/revisions\/6298"}],"wp:attachment":[{"href":"https:\/\/d.r1.wbsprt.com\/spnz.sk\/wp-json\/wp\/v2\/media?parent=22"}],"curies":[{"name":"wp","href":"https:\/\/api.w.org\/{rel}","templated":true}]}}