{"id":20,"date":"2021-06-11T10:56:12","date_gmt":"2021-06-11T08:56:12","guid":{"rendered":"https:\/\/d.r1.wbsprt.com\/spnz.sk\/?page_id=20"},"modified":"2022-11-10T11:28:27","modified_gmt":"2022-11-10T10:28:27","slug":"clenstvo","status":"publish","type":"page","link":"https:\/\/d.r1.wbsprt.com\/spnz.sk\/clenstvo\/","title":{"rendered":"\u010cLENSTVO"},"content":{"rendered":"\t<section class=\"section\" id=\"section_1608669109\">\r\n\t\t<div class=\"bg section-bg fill bg-fill  bg-loaded\" >\r\n\r\n\t\t\t\r\n\t\t\t\r\n\t\t\t\r\n\r\n\t\t<\/div><!-- .section-bg -->\r\n\r\n\t\t<div class=\"section-content relative\">\r\n\t\t\t\n<div class=\"row align-equal\"  id=\"row-420430240\">\n<div class=\"col small-12 large-12\"  ><div class=\"col-inner box-shadow-1\" style=\"background-color:rgb(255, 255, 255);padding:20px 20px 20px 20px;\" >\n<h2 class=\"uppercase\">Kolekt\u00edvne \u010dlenstvo<\/h2>\n<p>Kolekt\u00edvnym \u010dlenom zv\u00e4zu sa m\u00f4\u017ee sta\u0165 pr\u00e1vnick\u00e1 osoba alebo fyzick\u00e1 osoba &#8211; podnikate\u013e, ktor\u00e1 je \u010dinn\u00e1 v plyn\u00e1renskom odvetv\u00ed alebo naftovom odvetv\u00ed alebo odboroch s\u00favisiacich s plyn\u00e1rensk\u00fdm alebo naftov\u00fdm odvetv\u00edm.<\/p>\n<p>Kolekt\u00edvne \u010dlenstvo vznik\u00e1 schv\u00e1len\u00edm prihl\u00e1\u0161ky uch\u00e1dza\u010da o \u010dlenstvo na rokovan\u00ed Rady SPNZ, d\u0148om podp\u00edsania Zmluvy o kolekt\u00edvnom \u010dlenstve a \u00fahradou \u010dlensk\u00e9ho pr\u00edspevku.<\/p>\n<p>Rada SPNZ posudzuje krit\u00e9ri\u00e1 kolekt\u00edvneho \u010dlenstva a sp\u00f4sob, ak\u00fdm sa kolekt\u00edvni \u010dlenovia podie\u013eaj\u00fa na \u010dinnosti zv\u00e4zu.<\/p>\n<p>\u010eal\u0161\u00edmi podmienkami kolektivneho \u010dlenstva sa zaober\u00e1 \u010cl\u00e1nok 5 (Kolekt\u00edvne \u010dlenstvo) <a href=\"https:\/\/spnz.sk\/wp-content\/uploads\/2021\/06\/Stanovy-2012.pdf\" target=\"_blank\" rel=\"noopener\">Stanov SPNZ<\/a>.<\/p>\n<p><strong>Prihl\u00e1\u0161ka a dotazn\u00edk kolekt\u00edvneho \u010dlena na stiahnutie:<\/strong><br \/>\n<a href=\"https:\/\/www.spnz.sk\/wp-content\/uploads\/2022\/11\/Dotaznik_kolektivny-clen.doc\"><i>Dotazn\u00edk <\/i><i>kolekt\u00edvny \u010dlen.doc<br \/>\n<\/i><\/a><a href=\"https:\/\/www.spnz.sk\/wp-content\/uploads\/2022\/11\/Dotaznik_kolektivny-clen.pdf\"><i>Dotazn\u00edk-kolekt\u00edvny \u010dlen.pdf<\/i><\/a><\/p>\n<p><a href=\"https:\/\/www.spnz.sk\/wp-content\/uploads\/2022\/11\/Ziadost_kolektivny-clen.doc\"><i>\u017diados<\/i><i>\u0165 <\/i><i>kolekt\u00edvny<\/i><i> \u010dlen.doc<\/i><\/a><br \/>\n<a href=\"https:\/\/www.spnz.sk\/wp-content\/uploads\/2022\/11\/Ziadost_kolektivny-clen.pdf\"><i>\u017diados\u0165 kolekt\u00edvny \u010dlen.pdf<\/i><\/a><i><\/i><\/p>\n<p><a href=\"https:\/\/www.spnz.sk\/wp-content\/uploads\/2022\/11\/OU_clen.pdf\"><em>Inform\u00e1cie o spracovan\u00ed osobn\u00fdch \u00fadajov a pr\u00e1va dotknutej osoby\u00a0<\/em><\/a><\/p>\n<\/div><\/div>\n<div class=\"col medium-6 small-12 large-6\"  ><div class=\"col-inner box-shadow-1\" style=\"background-color:rgb(255, 255, 255);padding:20px 20px 20px 20px;\" >\n<h3>Individu\u00e1lny \u010dlen<\/h3>\n<div style=\"text-align: justify;\">\n<p>Individu\u00e1lnym \u010dlenom zv\u00e4zu sa m\u00f4\u017ee sta\u0165 fyzick\u00e1 osoba, ktor\u00e1 pracuje, je inak \u010dinn\u00e1, alebo sa zauj\u00edma o plyn\u00e1rensk\u00e9 alebo naftov\u00e9 odvetvie, ak pod\u00e1 zv\u00e4zu riadne vyplnen\u00fa \u017eiados\u0165 o prijatie za individu\u00e1lneho \u010dlena, odporu\u010den\u00fa aspo\u0148 dvoma individu\u00e1lnymi \u010dlenmi zv\u00e4zu.<\/p>\n<p>Podmienky individu\u00e1lneho \u010dlenstva upravuje \u010cl\u00e1nok 4 (Individu\u00e1lne \u010dlenstvo) <a href=\"https:\/\/spnz.sk\/wp-content\/uploads\/2021\/06\/Stanovy-2012.pdf\" target=\"_blank\" rel=\"noopener\">Stanov SPNZ<\/a>.<\/p>\n<p>\u010clensk\u00fd pr\u00edspevok je <strong>20,- \u20ac<\/strong> ro\u010dne.<\/p>\n<p>\u010c\u00edslo \u00fa\u010dtu na \u00fahradu \u010dlensk\u00e9ho pr\u00edspevku je 2667455133\/1100 (IBAN: SK04 1100 0000 0026 6745 5133, BIC: TATRSKBX) ako VS treba uvies\u0165 pr\u00edslu\u0161n\u00fd rok a do pozn\u00e1mky priezvisko \u010dlena, za ktor\u00e9ho je pr\u00edspevok hraden\u00fd.<\/p>\n<p><a href=\"https:\/\/spnz.sk\/wp-content\/uploads\/2021\/06\/Prihlaska_indiv_SPNZ.doc\" target=\"_blank\" rel=\"noopener\"><br \/>\n<\/a><a href=\"https:\/\/www.spnz.sk\/wp-content\/uploads\/2022\/11\/Prihlaska_indiv_SPNZ-1-1.doc\"><i>Prihl\u00e1\u0161ka individu\u00e1lneho \u010dlena SPNZ<\/i><\/a><a href=\"https:\/\/spnz.sk\/wp-content\/uploads\/2021\/06\/Prihlaska_indiv_SPNZ.doc\" target=\"_blank\" rel=\"noopener\"><br \/>\n<\/a><\/p>\n<p><em><a href=\"https:\/\/www.spnz.sk\/wp-content\/uploads\/2022\/11\/OU_clen.pdf\">Inform\u00e1cie o spracovan\u00ed osobn\u00fdch \u00fadajov a pr\u00e1va dotknutej osoby<\/a><\/em><\/p>\n<\/div><\/div>\n<\/div>\n<div class=\"col medium-6 small-12 large-6\"  ><div class=\"col-inner box-shadow-1\" style=\"background-color:rgb(255, 255, 255);padding:20px 20px 20px 20px;\" >\n<h3>\u010cestn\u00fd \u010dlen<\/h3>\n<div style=\"text-align: justify;\">\n<p>\u010cestn\u00fdm \u010dlenom zv\u00e4zu sa m\u00f4\u017ee sta\u0165 fyzick\u00e1 osoba, ktor\u00e1 sa dlhoro\u010dnou akt\u00edvnou pr\u00e1cou alebo mimoriadne v\u00fdznamn\u00fdm sp\u00f4sobom zasl\u00fa\u017eila o rozvoj plyn\u00e1rensk\u00e9ho alebo naftov\u00e9ho odvetvia.<\/p>\n<p>Podmienky \u010destn\u00e9ho \u010dlenstva upravuje \u010cl\u00e1nok 6 (\u010cestn\u00e9 \u010dlenstvo) <a href=\"https:\/\/spnz.sk\/wp-content\/uploads\/2021\/06\/Stanovy-2012.pdf\" target=\"_blank\" rel=\"noopener\">Stanov SPNZ<\/a>.<\/p>\n<\/div>\n<\/div><\/div>\n\n<style scope=\"scope\">\n\n<\/style>\n<\/div>\n\t\t<\/div><!-- .section-content -->\r\n\r\n\t\t\n<style scope=\"scope\">\n\n#section_1608669109 {\n  padding-top: 30px;\n  padding-bottom: 30px;\n  background-color: rgb(248, 249, 250);\n}\n<\/style>\n\t<\/section>\r\n\t\n\t<section class=\"section has-mask mask-arrow\" id=\"section_417565044\">\r\n\t\t<div class=\"bg section-bg fill bg-fill  bg-loaded\" >\r\n\r\n\t\t\t\r\n\t\t\t\r\n\t\t\t\r\n\t<div class=\"is-border\"\r\n\t\tstyle=\"border-color:rgb(235, 235, 235);border-width:1px 0px 0px 0px;\">\r\n\t<\/div>\r\n\r\n\t\t<\/div><!-- .section-bg -->\r\n\r\n\t\t<div class=\"section-content relative\">\r\n\t\t\t\n<div class=\"row\"  id=\"row-1710474308\">\n<div class=\"col small-12 large-12\"  ><div class=\"col-inner\"  >\n<p class=\"lead\" style=\"margin: 0;\">Zoznam kolekt\u00edvnych \u010dlenov:<\/p>\n<\/div><\/div>\n<div class=\"col medium-6 small-12 large-6\"  ><div class=\"col-inner\"  >\n\n<table id=\"tablepress-1\" class=\"tablepress tablepress-id-1\">\n<tbody class=\"row-striping row-hover\">\n<tr class=\"row-1\">\n\t<td class=\"column-1\"><a href=\"http:\/\/www.aquagas.sk\/\" target=\"_blank\" rel=\"noopener\">AQUAGAS, spol. sr.o.<\/a><\/td>\n<\/tr>\n<tr class=\"row-2\">\n\t<td class=\"column-1\"><a href=\"http:\/\/www.areko.sk\" target=\"_blank\" rel=\"noopener\">AREKO, s.r.o.<\/a><\/td>\n<\/tr>\n<tr class=\"row-3\">\n\t<td class=\"column-1\"><a href=\"https:\/\/www.asimex.sk\/kontakty\/\">ASIMEX s.r.o.<\/a><\/td>\n<\/tr>\n<tr class=\"row-4\">\n\t<td class=\"column-1\"><a href=\"http:\/\/www.bonett.sk\" target=\"_blank\" rel=\"noopener\">Bonett Slovakia, s.r.o.<\/a><\/td>\n<\/tr>\n<tr class=\"row-5\">\n\t<td class=\"column-1\"><a href=\"http:\/\/www.comtherm.sk\" target=\"_blank\" rel=\"noopener\">COM-therm, spol. s.r.o.<\/a><\/td>\n<\/tr>\n<tr class=\"row-6\">\n\t<td class=\"column-1\"><a href=\"http:\/\/www.plynovod.sk\" target=\"_blank\" rel=\"noopener\">Compact-Gas, s.r.o.<\/a><\/td>\n<\/tr>\n<tr class=\"row-7\">\n\t<td class=\"column-1\">CVTT<\/td>\n<\/tr>\n<tr class=\"row-8\">\n\t<td class=\"column-1\"><a href=\"https:\/\/process.honeywell.com\/us\/en\/site\/elster-instromet\">Elster, s.r.o.<\/a><\/td>\n<\/tr>\n<tr class=\"row-9\">\n\t<td class=\"column-1\"><a href=\"https:\/\/www.emerson.com\/sk-sk\">EMERSON<\/a><\/td>\n<\/tr>\n<tr class=\"row-10\">\n\t<td class=\"column-1\"><a href=\"https:\/\/energe.sk\/\">ENERGE s.r.o.<\/a><\/td>\n<\/tr>\n<tr class=\"row-11\">\n\t<td class=\"column-1\"><a href=\"https:\/\/www.yzamer.sk\/\">ESM-YZAMER, energetick\u00e9 slu\u017eby a monitoring s.r.o.<\/a><\/td>\n<\/tr>\n<tr class=\"row-12\">\n\t<td class=\"column-1\"><a href=\"http:\/\/www.eustream.sk\" target=\"_blank\" rel=\"noopener\">eustream, a.s.<\/a><\/td>\n<\/tr>\n<tr class=\"row-13\">\n\t<td class=\"column-1\"><a href=\"https:\/\/www.fuergy.com\/\">FUERGY Industries j.s.a.<\/a><\/td>\n<\/tr>\n<tr class=\"row-14\">\n\t<td class=\"column-1\"><a href=\"http:\/\/www.gasoil-tech.com\" target=\"_blank\" rel=\"noopener\">GasOil Technology a.s.<\/a><\/td>\n<\/tr>\n<tr class=\"row-15\">\n\t<td class=\"column-1\"><a href=\"http:\/\/www.heloro.sk\" target=\"_blank\" rel=\"noopener\">HELORO, s.r.o.<\/a><\/td>\n<\/tr>\n<tr class=\"row-16\">\n\t<td class=\"column-1\">HOLKO \u2013 s\u00fakr. firma<\/td>\n<\/tr>\n<tr class=\"row-17\">\n\t<td class=\"column-1\"><a href=\"http:\/\/www.hutiraslovakia.sk\" target=\"_blank\" rel=\"noopener\">HUTIRA Slovakia, s.r.o.<\/a><\/td>\n<\/tr>\n<tr class=\"row-18\">\n\t<td class=\"column-1\"><a href=\"https:\/\/www.ipesoft.sk\" target=\"_blank\" rel=\"noopener\">Ipesoft s.r.o.<\/a><\/td>\n<\/tr>\n<tr class=\"row-19\">\n\t<td class=\"column-1\"><a href=\"https:\/\/www.mat.savba.sk\/\" target=\"_blank\" rel=\"noopener\">Matematick\u00fd \u00fastav SAV<\/a><\/td>\n<\/tr>\n<tr class=\"row-20\">\n\t<td class=\"column-1\"><a href=\"https:\/\/www.menert.sk\" target=\"_blank\" rel=\"noopener\">MENERT spol. s r. o.<\/a><\/td>\n<\/tr>\n<tr class=\"row-21\">\n\t<td class=\"column-1\"><a href=\"https:\/\/www.montpetrol.com\/\">MONTPETROL SLOVAKIA, s.r.o.<\/a><\/td>\n<\/tr>\n<tr class=\"row-22\">\n\t<td class=\"column-1\"><a href=\"http:\/\/www.montrur.sk\" target=\"_blank\" rel=\"noopener\">Montr\u00far, s.r.o.<\/a><\/td>\n<\/tr>\n<tr class=\"row-23\">\n\t<td class=\"column-1\"><a href=\"https:\/\/www.nafta.sk\" target=\"_blank\" rel=\"noopener\">NAFTA a.s.<\/a><\/td>\n<\/tr>\n<tr class=\"row-24\">\n\t<td class=\"column-1\"><a href=\"http:\/\/www.hbu.sk\" target=\"_blank\" rel=\"noopener\">Obvodn\u00fd bansk\u00fd \u00farad<\/a><\/td>\n<\/tr>\n<tr class=\"row-25\">\n\t<td class=\"column-1\"><a href=\"https:\/\/www.polacekpartners.sk\/\">Pol\u00e1\u010dek &amp; Partners, s.r.o.<\/a><\/td>\n<\/tr>\n<\/tbody>\n<\/table>\n<!-- #tablepress-1 from cache -->\n<\/div><\/div>\n<div class=\"col medium-6 small-12 large-6\"  ><div class=\"col-inner\"  >\n\n<table id=\"tablepress-2\" class=\"tablepress tablepress-id-2\">\n<tbody class=\"row-striping row-hover\">\n<tr class=\"row-1\">\n\t<td class=\"column-1\"><a href=\"https:\/\/www.pozagas.sk\" target=\"_blank\" rel=\"noopener\">POZAGAS, a.s.<\/a><\/td>\n<\/tr>\n<tr class=\"row-2\">\n\t<td class=\"column-1\"><a href=\"https:\/\/www.ppa.sk\" target=\"_blank\" rel=\"noopener\">PPA CONTROLL, a.s.<\/a><\/td>\n<\/tr>\n<tr class=\"row-3\">\n\t<td class=\"column-1\"><a href=\"http:\/\/www.reprogas.sk\" target=\"_blank\" rel=\"noopener\">REPROGAS s.r.o.<\/a><\/td>\n<\/tr>\n<tr class=\"row-4\">\n\t<td class=\"column-1\"><a href=\"https:\/\/www.sepssk.sk\" target=\"_blank\" rel=\"noopener\">SEPS, a.s.<\/a><\/td>\n<\/tr>\n<tr class=\"row-5\">\n\t<td class=\"column-1\"><a href=\"https:\/\/www.sfera.sk\" target=\"_blank\" rel=\"noopener\">sf\u00e9ra, a.s.<\/a><\/td>\n<\/tr>\n<tr class=\"row-6\">\n\t<td class=\"column-1\">SCHUCK Slovensko, s.r.o.<\/td>\n<\/tr>\n<tr class=\"row-7\">\n\t<td class=\"column-1\"><a href=\"http:\/\/szswelding.sk\/\" target=\"_blank\" rel=\"noopener\">Slovensk\u00e1 zv\u00e1ra\u010dsk\u00e1 spolo\u010dnos\u0165<\/a><\/td>\n<\/tr>\n<tr class=\"row-8\">\n\t<td class=\"column-1\"><a href=\"http:\/\/www.spp.sk\" target=\"_blank\" rel=\"noopener\">Slovensk\u00fd plyn\u00e1rensk\u00fd\u00a0priemysel, a.s.<\/a><\/td>\n<\/tr>\n<tr class=\"row-9\">\n\t<td class=\"column-1\"><a href=\"http:\/\/www.sjf.stuba.sk\" target=\"_blank\" rel=\"noopener\">Slovensk\u00e1 technick\u00e1\u00a0univerzita,\u00a0Strojn\u00edcka fakulta<\/a><\/td>\n<\/tr>\n<tr class=\"row-10\">\n\t<td class=\"column-1\"><a href=\"https:\/\/www.mtf.stuba.sk\" target=\"_blank\" rel=\"noopener\">Slovensk\u00e1 technick\u00e1\u00a0univerzita,\u00a0Materi\u00e1lovotechnologick\u00e1\u00a0fakulta<\/a><\/td>\n<\/tr>\n<tr class=\"row-11\">\n\t<td class=\"column-1\"><a href=\"https:\/\/www.fchpt.stuba.sk\" target=\"_blank\" rel=\"noopener\">Slovensk\u00e1 technick\u00e1 univerzita, Fakulta chemickej a potravin\u00e1rskej technol\u00f3gie<\/a><\/td>\n<\/tr>\n<tr class=\"row-12\">\n\t<td class=\"column-1\"><a href=\"https:\/\/www.spp-distribucia.sk\/\">SPP-distrib\u00facia, a.s.<\/a><\/td>\n<\/tr>\n<tr class=\"row-13\">\n\t<td class=\"column-1\"><a href=\"https:\/\/www.squirepattonboggs.com\/en\/locations\/bratislava\">Squire Patton Boggs s.r.o.<\/a><\/td>\n<\/tr>\n<tr class=\"row-14\">\n\t<td class=\"column-1\"><a href=\"http:\/\/www.stendhal.sk\" target=\"_blank\" rel=\"noopener\">Stendhal, s.r.o.<\/a><\/td>\n<\/tr>\n<tr class=\"row-15\">\n\t<td class=\"column-1\"><a href=\"http:\/\/www.streicher.sk\" target=\"_blank\" rel=\"noopener\">STREICHER SK, a. s.<\/a><\/td>\n<\/tr>\n<tr class=\"row-16\">\n\t<td class=\"column-1\"><a href=\"http:\/\/www.t-gas.sk\" target=\"_blank\" rel=\"noopener\">t-gas, s.r.o.<\/a><\/td>\n<\/tr>\n<tr class=\"row-17\">\n\t<td class=\"column-1\"><a href=\"http:\/\/www.tisr.sk\">Technick\u00e1 in\u0161pekcia a.s.<\/a><\/td>\n<\/tr>\n<tr class=\"row-18\">\n\t<td class=\"column-1\"><a href=\"https:\/\/fmmr.tuke.sk\/wps\/portal\" target=\"_blank\" rel=\"noopener\">Technick\u00e1 univerzita Ko\u0161ice,\u00a0Fakulta materi\u00e1lov, metalurgie a recykl\u00e1cie<\/a><\/td>\n<\/tr>\n<tr class=\"row-19\">\n\t<td class=\"column-1\"><a href=\"https:\/\/www.fberg.tuke.sk\" target=\"_blank\" rel=\"noopener\">Technick\u00e1 univerzita\u00a0Ko\u0161ice,\u00a0Fakulta BERG<\/a><\/td>\n<\/tr>\n<tr class=\"row-20\">\n\t<td class=\"column-1\"><a href=\"http:\/\/www.transpetrol.sk\" target=\"_blank\" rel=\"noopener\">TRANSPETROL, a.s.<\/a><\/td>\n<\/tr>\n<tr class=\"row-21\">\n\t<td class=\"column-1\"><a href=\"http:\/\/www.vscht.cz\" target=\"_blank\" rel=\"noopener\">V\u0160 chem.- technologick\u00e1,\u00a0\u00dastav plyn. a koksochemie<\/a><\/td>\n<\/tr>\n<tr class=\"row-22\">\n\t<td class=\"column-1\"><a href=\"http:\/\/www.vusapl.sk\" target=\"_blank\" rel=\"noopener\">V\u00daSAPL, a.s.<\/a><\/td>\n<\/tr>\n<tr class=\"row-23\">\n\t<td class=\"column-1\"><a href=\"http:\/\/www.vuz.sk\" target=\"_blank\" rel=\"noopener\">V\u00daZ - PI SR<\/a><\/td>\n<\/tr>\n<tr class=\"row-24\">\n\t<td class=\"column-1\"><a href=\"http:\/\/www.yms.sk\/\" target=\"_blank\" rel=\"noopener\">YMS, a.s.<br \/>\n<\/a><\/td>\n<\/tr>\n<tr class=\"row-25\">\n\t<td class=\"column-1\"><a href=\"http:\/\/www.fstroj.uniza.sk\/\" target=\"_blank\" rel=\"noopener\">\u017dilinsk\u00e1 univerzita,\u00a0Strojn\u00edcka fakulta<\/a><\/td>\n<\/tr>\n<\/tbody>\n<\/table>\n<!-- #tablepress-2 from cache -->\n<\/div><\/div>\n<\/div>\n\t\t<\/div><!-- .section-content -->\r\n\r\n\t\t\n<style scope=\"scope\">\n\n#section_417565044 {\n  padding-top: 59px;\n  padding-bottom: 59px;\n  min-height: 300px;\n  background-color: rgb(255, 255, 255);\n}\n<\/style>\n\t<\/section>\r\n\t\n","protected":false},"excerpt":{"rendered":"","protected":false},"author":1,"featured_media":0,"parent":0,"menu_order":0,"comment_status":"closed","ping_status":"closed","template":"page-blank.php","meta":{"inline_featured_image":false,"_uag_custom_page_level_css":"","footnotes":""},"class_list":["post-20","page","type-page","status-publish","hentry"],"yoast_head":"<!-- This site is optimized with the Yoast SEO plugin v24.7 - https:\/\/yoast.com\/wordpress\/plugins\/seo\/ -->\n<title>\u010cLENSTVO - Slovensk\u00fd plyn\u00e1rensk\u00fd a naftov\u00fd zv\u00e4z<\/title>\n<meta name=\"robots\" content=\"index, follow, max-snippet:-1, max-image-preview:large, max-video-preview:-1\" \/>\n<link rel=\"canonical\" href=\"https:\/\/www.spnz.sk\/clenstvo\/\" \/>\n<meta property=\"og:locale\" content=\"sk_SK\" \/>\n<meta property=\"og:type\" content=\"article\" \/>\n<meta property=\"og:title\" content=\"\u010cLENSTVO - Slovensk\u00fd plyn\u00e1rensk\u00fd a naftov\u00fd zv\u00e4z\" \/>\n<meta property=\"og:url\" content=\"https:\/\/www.spnz.sk\/clenstvo\/\" \/>\n<meta property=\"og:site_name\" content=\"Slovensk\u00fd plyn\u00e1rensk\u00fd a naftov\u00fd zv\u00e4z\" \/>\n<meta property=\"article:modified_time\" content=\"2022-11-10T10:28:27+00:00\" \/>\n<meta name=\"twitter:card\" content=\"summary_large_image\" \/>\n<meta name=\"twitter:label1\" content=\"Predpokladan\u00fd \u010das \u010d\u00edtania\" \/>\n\t<meta name=\"twitter:data1\" content=\"2 min\u00faty\" \/>\n<script type=\"application\/ld+json\" class=\"yoast-schema-graph\">{\"@context\":\"https:\/\/schema.org\",\"@graph\":[{\"@type\":\"WebPage\",\"@id\":\"https:\/\/www.spnz.sk\/clenstvo\/\",\"url\":\"https:\/\/www.spnz.sk\/clenstvo\/\",\"name\":\"\u010cLENSTVO - Slovensk\u00fd plyn\u00e1rensk\u00fd a naftov\u00fd zv\u00e4z\",\"isPartOf\":{\"@id\":\"https:\/\/www.spnz.sk\/#website\"},\"datePublished\":\"2021-06-11T08:56:12+00:00\",\"dateModified\":\"2022-11-10T10:28:27+00:00\",\"breadcrumb\":{\"@id\":\"https:\/\/www.spnz.sk\/clenstvo\/#breadcrumb\"},\"inLanguage\":\"sk-SK\",\"potentialAction\":[{\"@type\":\"ReadAction\",\"target\":[\"https:\/\/www.spnz.sk\/clenstvo\/\"]}]},{\"@type\":\"BreadcrumbList\",\"@id\":\"https:\/\/www.spnz.sk\/clenstvo\/#breadcrumb\",\"itemListElement\":[{\"@type\":\"ListItem\",\"position\":1,\"name\":\"Domovsk\u00e1 str\u00e1nka\",\"item\":\"https:\/\/www.spnz.sk\/\"},{\"@type\":\"ListItem\",\"position\":2,\"name\":\"\u010cLENSTVO\"}]},{\"@type\":\"WebSite\",\"@id\":\"https:\/\/www.spnz.sk\/#website\",\"url\":\"https:\/\/www.spnz.sk\/\",\"name\":\"Slovensk\u00fd plyn\u00e1rensk\u00fd a naftov\u00fd zv\u00e4z\",\"description\":\"\",\"potentialAction\":[{\"@type\":\"SearchAction\",\"target\":{\"@type\":\"EntryPoint\",\"urlTemplate\":\"https:\/\/www.spnz.sk\/?s={search_term_string}\"},\"query-input\":{\"@type\":\"PropertyValueSpecification\",\"valueRequired\":true,\"valueName\":\"search_term_string\"}}],\"inLanguage\":\"sk-SK\"}]}<\/script>\n<!-- \/ Yoast SEO plugin. -->","yoast_head_json":{"title":"\u010cLENSTVO - Slovensk\u00fd plyn\u00e1rensk\u00fd a naftov\u00fd zv\u00e4z","robots":{"index":"index","follow":"follow","max-snippet":"max-snippet:-1","max-image-preview":"max-image-preview:large","max-video-preview":"max-video-preview:-1"},"canonical":"https:\/\/www.spnz.sk\/clenstvo\/","og_locale":"sk_SK","og_type":"article","og_title":"\u010cLENSTVO - Slovensk\u00fd plyn\u00e1rensk\u00fd a naftov\u00fd zv\u00e4z","og_url":"https:\/\/www.spnz.sk\/clenstvo\/","og_site_name":"Slovensk\u00fd plyn\u00e1rensk\u00fd a naftov\u00fd zv\u00e4z","article_modified_time":"2022-11-10T10:28:27+00:00","twitter_card":"summary_large_image","twitter_misc":{"Predpokladan\u00fd \u010das \u010d\u00edtania":"2 min\u00faty"},"schema":{"@context":"https:\/\/schema.org","@graph":[{"@type":"WebPage","@id":"https:\/\/www.spnz.sk\/clenstvo\/","url":"https:\/\/www.spnz.sk\/clenstvo\/","name":"\u010cLENSTVO - Slovensk\u00fd plyn\u00e1rensk\u00fd a naftov\u00fd zv\u00e4z","isPartOf":{"@id":"https:\/\/www.spnz.sk\/#website"},"datePublished":"2021-06-11T08:56:12+00:00","dateModified":"2022-11-10T10:28:27+00:00","breadcrumb":{"@id":"https:\/\/www.spnz.sk\/clenstvo\/#breadcrumb"},"inLanguage":"sk-SK","potentialAction":[{"@type":"ReadAction","target":["https:\/\/www.spnz.sk\/clenstvo\/"]}]},{"@type":"BreadcrumbList","@id":"https:\/\/www.spnz.sk\/clenstvo\/#breadcrumb","itemListElement":[{"@type":"ListItem","position":1,"name":"Domovsk\u00e1 str\u00e1nka","item":"https:\/\/www.spnz.sk\/"},{"@type":"ListItem","position":2,"name":"\u010cLENSTVO"}]},{"@type":"WebSite","@id":"https:\/\/www.spnz.sk\/#website","url":"https:\/\/www.spnz.sk\/","name":"Slovensk\u00fd plyn\u00e1rensk\u00fd a naftov\u00fd zv\u00e4z","description":"","potentialAction":[{"@type":"SearchAction","target":{"@type":"EntryPoint","urlTemplate":"https:\/\/www.spnz.sk\/?s={search_term_string}"},"query-input":{"@type":"PropertyValueSpecification","valueRequired":true,"valueName":"search_term_string"}}],"inLanguage":"sk-SK"}]}},"uagb_featured_image_src":{"full":false,"thumbnail":false,"medium":false,"medium_large":false,"large":false,"thumblist":false,"meccarouselthumb":false,"gridsquare":false,"tileview":false,"1536x1536":false,"2048x2048":false,"woocommerce_thumbnail":false,"woocommerce_single":false,"woocommerce_gallery_thumbnail":false},"uagb_author_info":{"display_name":"spnz-admin","author_link":"https:\/\/d.r1.wbsprt.com\/spnz.sk\/author\/spnz-admin\/"},"uagb_comment_info":0,"uagb_excerpt":null,"_links":{"self":[{"href":"https:\/\/d.r1.wbsprt.com\/spnz.sk\/wp-json\/wp\/v2\/pages\/20","targetHints":{"allow":["GET"]}}],"collection":[{"href":"https:\/\/d.r1.wbsprt.com\/spnz.sk\/wp-json\/wp\/v2\/pages"}],"about":[{"href":"https:\/\/d.r1.wbsprt.com\/spnz.sk\/wp-json\/wp\/v2\/types\/page"}],"author":[{"embeddable":true,"href":"https:\/\/d.r1.wbsprt.com\/spnz.sk\/wp-json\/wp\/v2\/users\/1"}],"replies":[{"embeddable":true,"href":"https:\/\/d.r1.wbsprt.com\/spnz.sk\/wp-json\/wp\/v2\/comments?post=20"}],"version-history":[{"count":41,"href":"https:\/\/d.r1.wbsprt.com\/spnz.sk\/wp-json\/wp\/v2\/pages\/20\/revisions"}],"predecessor-version":[{"id":2193,"href":"https:\/\/d.r1.wbsprt.com\/spnz.sk\/wp-json\/wp\/v2\/pages\/20\/revisions\/2193"}],"wp:attachment":[{"href":"https:\/\/d.r1.wbsprt.com\/spnz.sk\/wp-json\/wp\/v2\/media?parent=20"}],"curies":[{"name":"wp","href":"https:\/\/api.w.org\/{rel}","templated":true}]}}