{"id":18,"date":"2021-06-11T10:55:54","date_gmt":"2021-06-11T08:55:54","guid":{"rendered":"https:\/\/d.r1.wbsprt.com\/spnz.sk\/?page_id=18"},"modified":"2026-01-31T16:31:51","modified_gmt":"2026-01-31T15:31:51","slug":"vizia-a-poslanie","status":"publish","type":"page","link":"https:\/\/d.r1.wbsprt.com\/spnz.sk\/vizia-a-poslanie\/","title":{"rendered":"V\u00cdZIA A POSLANIE"},"content":{"rendered":"<div class=\"row\"  id=\"row-1635568675\">\n<div class=\"col small-12 large-12\"  ><div class=\"col-inner\"  >\n<h2 class=\"uppercase text-center\">V\u00edzia a poslanie Slovensk\u00e9ho plyn\u00e1rensk\u00e9ho a naftov\u00e9ho zv\u00e4zu<br \/>\n(tri\u00e9nium 2025 \u2013 2028)<\/h2>\n<div class=\"text-center\"><div class=\"is-divider divider clearfix\" style=\"background-color:rgb(3, 78, 162);\"><\/div><\/div><!-- .divider -->\n<div style=\"text-align: justify;\">\n<p><strong><u>Na\u0161a v\u00edzia<\/u><\/strong><\/p>\n<p>Plyn\u00e1renstvo je s\u00fa\u010das\u0165ou efekt\u00edvnej transform\u00e1cie slovensk\u00e9ho hospod\u00e1rstva na n\u00edzkouhl\u00edkov\u00e9. Plyn\u00e1renstvo pon\u00faka modern\u00e9 technol\u00f3gie, ktor\u00e9 nap\u013a\u0148aj\u00fa princ\u00edp hodnoty za peniaze, zni\u017euj\u00fa spotrebu a\u00a0v\u00a0plnej miere integruj\u00fa obnovite\u013en\u00e9 plyny ako je biomet\u00e1n a vod\u00edk. SPNZ zastupuje \u00a0plyn\u00e1rensk\u00e9 a\u00a0ropn\u00e9 odvetvia na Slovensku, ktor\u00e9 prispieva k\u00a0udr\u017eate\u013enej energetickej bud\u00facnosti krajiny.<\/p>\n<p>&nbsp;<\/p>\n<p><strong><u>Na\u0161e poslanie<\/u><\/strong><\/p>\n<ul>\n<li>prezentova\u0165 a propagova\u0165 zemn\u00fd plyn ako bezpe\u010dn\u00fd, spo\u013eahliv\u00fd, konkurencieschopn\u00fd zdroj energie, ako k\u013e\u00fa\u010dov\u00fa s\u00fa\u010das\u0165 slovensk\u00e9ho energetick\u00e9ho mixu a ako d\u00f4le\u017eit\u00fa s\u00fa\u010das\u0165 cesty za dosiahnut\u00edm uhl\u00edkovej neutrality v E\u00da;<\/li>\n<li>podporova\u0165 iniciat\u00edvy a projekty v oblasti plyn\u00e1renstva, ktor\u00e9 zvy\u0161uj\u00fa energetick\u00fa bezpe\u010dnos\u0165 a sebesta\u010dnos\u0165 krajiny, \u010di u\u017e formou diverzifik\u00e1cie dod\u00e1vok a tr\u00e1s, ale aj vyu\u017eitie potenci\u00e1lu vlastnej \u0165a\u017eby a produkcie obnovite\u013en\u00fdch plynov ako je vod\u00edk a biomet\u00e1n;<\/li>\n<li>podporova\u0165 digitaliz\u00e1ciu, vyu\u017eitie AI a inovat\u00edvne projekty v plyn\u00e1renstve a prispie\u0165 k tomu, aby sa mohli uch\u00e1dza\u0165 podporu IPCEI, \u010di r\u00f4znych eur\u00f3pskych fondov;<\/li>\n<li>presadzova\u0165 plynov\u00fa mobilitu ako relevantn\u00fa alternat\u00edvu vo\u010di in\u00fdm pohonom, spolupracova\u0165 so samospr\u00e1vami a verejn\u00fdm sektorom na jej vyu\u017e\u00edvan\u00ed aj ako s\u00fa\u010dasti cirkul\u00e1rnej ekonomiky;<\/li>\n<li>budova\u0165 SPNZ \u00a0ako integruj\u00faci prvok slovensk\u00e9ho plyn\u00e1renstva a\u00a0pr\u00edbuzn\u00fdch odvetv\u00ed, ako ich reprezentanta \u00a0\u00a0vo\u010di\u00a0 \u00a0eur\u00f3pskym \u00a0i\u00a0slovensk\u00fdm \u00a0\u0161t\u00e1tnym \u00a0org\u00e1nom \u00a0a\u00a0 organiz\u00e1ci\u00e1m \u00a0v\u00a0 oblasti legislat\u00edvy, \u00a0\u00a0\u00a0energetickej \u00a0\u00a0politiky, \u00a0\u00a0\u00a0ekol\u00f3gie,\u00a0 \u00a0normaliz\u00e1cie, \u00a0\u00a0\u00a0sk\u00fa\u0161obn\u00edctva,\u00a0 \u00a0certifik\u00e1cie\u00a0 \u00a0a bezpe\u010dnosti pr\u00e1ce;<\/li>\n<li>vytv\u00e1ra\u0165 partnerstv\u00e1 a spolupracova\u0165 s profesijn\u00fdmi zdru\u017eeniami s pr\u00edbuzn\u00fdm zameran\u00edm alebo ve\u013ek\u00fdm spolo\u010densk\u00fdm v\u00fdtlakom ako je Zdru\u017eenie miest a obc\u00ed Slovenska, Slovensk\u00e1 bioplynov\u00e1 asoci\u00e1cia, Asoci\u00e1cia biomet\u00e1nu Slovenska alebo N\u00e1rodn\u00e1 vod\u00edkov\u00e1 asoci\u00e1cia Slovenska;<\/li>\n<li>monitorova\u0165 \u00a0\u00a0\u00a0proces\u00a0\u00a0\u00a0 \u00a0tvorby \u00a0\u00a0\u00a0a\u00a0implement\u00e1cie\u00a0\u00a0\u00a0 nariaden\u00ed \u00a0\u00a0\u00a0\u00a0a\u00a0\u00a0 smern\u00edc \u00a0\u00a0Eur\u00f3pskej\u00a0 \u00a0rady a\u00a0Eur\u00f3pskeho\u00a0 \u00a0parlamentu \u00a0\u00a0s\u00favisiacich\u00a0 \u00a0s\u00a0 plyn\u00e1rensk\u00fdm \u00a0\u00a0a \u00a0ropn\u00fdm\u00a0 \u00a0odvetv\u00edm, \u00a0\u00a0zabezpe\u010di\u0165 pripomienkov\u00e9 \u00a0\u00a0konania \u00a0\u00a0v\u00a0\u00a0 r\u00e1mci \u00a0\u00a0SPNZ\u00a0 \u00a0k\u00a0\u00a0 n\u00e1vrhom \u00a0a \u00a0novel\u00e1m \u00a0slovenskej \u00a0\u00a0energetickej legislat\u00edvy prostredn\u00edctvom \u010dlenstva v\u00a0AZZZ SR;<\/li>\n<li>zastupova\u0165 slovensk\u00e9 plyn\u00e1renstvo v medzin\u00e1rodn\u00fdch organiz\u00e1ci\u00e1ch, predov\u0161etk\u00fdm IGU, MARCOGAZ, CEOCOR, \u0161\u00edri\u0165 z\u00edskan\u00e9 poznatky a na\u010falej pestova\u0165 kontakty s in\u0161tit\u00faciami, prostredn\u00edctvom ktor\u00fdch je mo\u017en\u00e9 podpori\u0165 export slu\u017eieb, produkuj\u00facich kolekt\u00edvnymi \u010dlenmi SPNZ;<\/li>\n<li>posil\u0148ova\u0165 a budova\u0165 kontakty, spolupr\u00e1cu a partnerstv\u00e1 s plyn\u00e1rensk\u00fdmi zv\u00e4zmi a organiz\u00e1ciami v susedn\u00fdch krajin\u00e1ch, najm\u00e4 v \u010cesku, Po\u013esku, Ma\u010farsku s cie\u013eom prezentova\u0165 spolo\u010dn\u00fd hlas na medzin\u00e1rodnej \u00farovni a preberanie, \u010di in\u0161pirovanie v projektovej a technickej oblasti;<\/li>\n<li>pokra\u010dova\u0165 v aktualiz\u00e1cii a tvorbe technick\u00fdch pravidiel pre plyn\u00e1renstvo (TPP) s orient\u00e1ciou na aplik\u00e1ciu modern\u00fdch a efekt\u00edvnych trendov v prev\u00e1dzke a \u00fadr\u017ebe a vyu\u017eit\u00ed nov\u00fdch technol\u00f3gi\u00ed, z\u00e1rove\u0148 zlep\u0161i\u0165 dostupnos\u0165 a ponuku noriem pre \u010dlenov SPNZ a \u0161ir\u0161iu verejnos\u0165 digitaliz\u00e1ciou a presunom do online priestoru, u\u017e\u00edvate\u013esky priate\u013esk\u00e9ho;<\/li>\n<li>podporova\u0165 a rozv\u00edja\u0165 profesijn\u00e9 vzdel\u00e1vanie technick\u00fdch, prev\u00e1dzkov\u00fdch i obchodn\u00fdch pracovn\u00edkov plyn\u00e1rensk\u00fdch spolo\u010dnost\u00ed a vytv\u00e1ra\u0165 podmienky pre preh\u013abenie spolupr\u00e1ce s vysok\u00fdmi \u0161kolami, odborn\u00fdmi a vedeck\u00fdmi in\u0161tit\u00faciami pri v\u00fdchove mlad\u00fdch plyn\u00e1rensk\u00fdch odborn\u00edkov i pri realiz\u00e1cii programu Gas Advocacy.<\/li>\n<\/ul>\n<\/div>\n<\/div><\/div>\n<\/div>\n","protected":false},"excerpt":{"rendered":"","protected":false},"author":1,"featured_media":0,"parent":0,"menu_order":0,"comment_status":"closed","ping_status":"closed","template":"","meta":{"inline_featured_image":false,"_uag_custom_page_level_css":"","footnotes":""},"class_list":["post-18","page","type-page","status-publish","hentry"],"yoast_head":"<!-- This site is optimized with the Yoast SEO plugin v24.7 - https:\/\/yoast.com\/wordpress\/plugins\/seo\/ -->\n<title>V\u00cdZIA A POSLANIE - Slovensk\u00fd plyn\u00e1rensk\u00fd a naftov\u00fd zv\u00e4z<\/title>\n<meta name=\"robots\" content=\"index, follow, max-snippet:-1, max-image-preview:large, max-video-preview:-1\" \/>\n<link rel=\"canonical\" href=\"https:\/\/www.spnz.sk\/vizia-a-poslanie\/\" \/>\n<meta property=\"og:locale\" content=\"sk_SK\" \/>\n<meta property=\"og:type\" content=\"article\" \/>\n<meta property=\"og:title\" content=\"V\u00cdZIA A POSLANIE - Slovensk\u00fd plyn\u00e1rensk\u00fd a naftov\u00fd zv\u00e4z\" \/>\n<meta property=\"og:url\" content=\"https:\/\/www.spnz.sk\/vizia-a-poslanie\/\" \/>\n<meta property=\"og:site_name\" content=\"Slovensk\u00fd plyn\u00e1rensk\u00fd a naftov\u00fd zv\u00e4z\" \/>\n<meta property=\"article:modified_time\" content=\"2026-01-31T15:31:51+00:00\" \/>\n<meta name=\"twitter:card\" content=\"summary_large_image\" \/>\n<meta name=\"twitter:label1\" content=\"Predpokladan\u00fd \u010das \u010d\u00edtania\" \/>\n\t<meta name=\"twitter:data1\" content=\"3 min\u00faty\" \/>\n<script type=\"application\/ld+json\" class=\"yoast-schema-graph\">{\"@context\":\"https:\/\/schema.org\",\"@graph\":[{\"@type\":\"WebPage\",\"@id\":\"https:\/\/www.spnz.sk\/vizia-a-poslanie\/\",\"url\":\"https:\/\/www.spnz.sk\/vizia-a-poslanie\/\",\"name\":\"V\u00cdZIA A POSLANIE - Slovensk\u00fd plyn\u00e1rensk\u00fd a naftov\u00fd zv\u00e4z\",\"isPartOf\":{\"@id\":\"https:\/\/www.spnz.sk\/#website\"},\"datePublished\":\"2021-06-11T08:55:54+00:00\",\"dateModified\":\"2026-01-31T15:31:51+00:00\",\"breadcrumb\":{\"@id\":\"https:\/\/www.spnz.sk\/vizia-a-poslanie\/#breadcrumb\"},\"inLanguage\":\"sk-SK\",\"potentialAction\":[{\"@type\":\"ReadAction\",\"target\":[\"https:\/\/www.spnz.sk\/vizia-a-poslanie\/\"]}]},{\"@type\":\"BreadcrumbList\",\"@id\":\"https:\/\/www.spnz.sk\/vizia-a-poslanie\/#breadcrumb\",\"itemListElement\":[{\"@type\":\"ListItem\",\"position\":1,\"name\":\"Domovsk\u00e1 str\u00e1nka\",\"item\":\"https:\/\/www.spnz.sk\/\"},{\"@type\":\"ListItem\",\"position\":2,\"name\":\"V\u00cdZIA A POSLANIE\"}]},{\"@type\":\"WebSite\",\"@id\":\"https:\/\/www.spnz.sk\/#website\",\"url\":\"https:\/\/www.spnz.sk\/\",\"name\":\"Slovensk\u00fd plyn\u00e1rensk\u00fd a naftov\u00fd zv\u00e4z\",\"description\":\"\",\"potentialAction\":[{\"@type\":\"SearchAction\",\"target\":{\"@type\":\"EntryPoint\",\"urlTemplate\":\"https:\/\/www.spnz.sk\/?s={search_term_string}\"},\"query-input\":{\"@type\":\"PropertyValueSpecification\",\"valueRequired\":true,\"valueName\":\"search_term_string\"}}],\"inLanguage\":\"sk-SK\"}]}<\/script>\n<!-- \/ Yoast SEO plugin. -->","yoast_head_json":{"title":"V\u00cdZIA A POSLANIE - Slovensk\u00fd plyn\u00e1rensk\u00fd a naftov\u00fd zv\u00e4z","robots":{"index":"index","follow":"follow","max-snippet":"max-snippet:-1","max-image-preview":"max-image-preview:large","max-video-preview":"max-video-preview:-1"},"canonical":"https:\/\/www.spnz.sk\/vizia-a-poslanie\/","og_locale":"sk_SK","og_type":"article","og_title":"V\u00cdZIA A POSLANIE - Slovensk\u00fd plyn\u00e1rensk\u00fd a naftov\u00fd zv\u00e4z","og_url":"https:\/\/www.spnz.sk\/vizia-a-poslanie\/","og_site_name":"Slovensk\u00fd plyn\u00e1rensk\u00fd a naftov\u00fd zv\u00e4z","article_modified_time":"2026-01-31T15:31:51+00:00","twitter_card":"summary_large_image","twitter_misc":{"Predpokladan\u00fd \u010das \u010d\u00edtania":"3 min\u00faty"},"schema":{"@context":"https:\/\/schema.org","@graph":[{"@type":"WebPage","@id":"https:\/\/www.spnz.sk\/vizia-a-poslanie\/","url":"https:\/\/www.spnz.sk\/vizia-a-poslanie\/","name":"V\u00cdZIA A POSLANIE - Slovensk\u00fd plyn\u00e1rensk\u00fd a naftov\u00fd zv\u00e4z","isPartOf":{"@id":"https:\/\/www.spnz.sk\/#website"},"datePublished":"2021-06-11T08:55:54+00:00","dateModified":"2026-01-31T15:31:51+00:00","breadcrumb":{"@id":"https:\/\/www.spnz.sk\/vizia-a-poslanie\/#breadcrumb"},"inLanguage":"sk-SK","potentialAction":[{"@type":"ReadAction","target":["https:\/\/www.spnz.sk\/vizia-a-poslanie\/"]}]},{"@type":"BreadcrumbList","@id":"https:\/\/www.spnz.sk\/vizia-a-poslanie\/#breadcrumb","itemListElement":[{"@type":"ListItem","position":1,"name":"Domovsk\u00e1 str\u00e1nka","item":"https:\/\/www.spnz.sk\/"},{"@type":"ListItem","position":2,"name":"V\u00cdZIA A POSLANIE"}]},{"@type":"WebSite","@id":"https:\/\/www.spnz.sk\/#website","url":"https:\/\/www.spnz.sk\/","name":"Slovensk\u00fd plyn\u00e1rensk\u00fd a naftov\u00fd zv\u00e4z","description":"","potentialAction":[{"@type":"SearchAction","target":{"@type":"EntryPoint","urlTemplate":"https:\/\/www.spnz.sk\/?s={search_term_string}"},"query-input":{"@type":"PropertyValueSpecification","valueRequired":true,"valueName":"search_term_string"}}],"inLanguage":"sk-SK"}]}},"uagb_featured_image_src":{"full":false,"thumbnail":false,"medium":false,"medium_large":false,"large":false,"thumblist":false,"meccarouselthumb":false,"gridsquare":false,"tileview":false,"1536x1536":false,"2048x2048":false,"woocommerce_thumbnail":false,"woocommerce_single":false,"woocommerce_gallery_thumbnail":false},"uagb_author_info":{"display_name":"spnz-admin","author_link":"https:\/\/d.r1.wbsprt.com\/spnz.sk\/author\/spnz-admin\/"},"uagb_comment_info":0,"uagb_excerpt":null,"_links":{"self":[{"href":"https:\/\/d.r1.wbsprt.com\/spnz.sk\/wp-json\/wp\/v2\/pages\/18","targetHints":{"allow":["GET"]}}],"collection":[{"href":"https:\/\/d.r1.wbsprt.com\/spnz.sk\/wp-json\/wp\/v2\/pages"}],"about":[{"href":"https:\/\/d.r1.wbsprt.com\/spnz.sk\/wp-json\/wp\/v2\/types\/page"}],"author":[{"embeddable":true,"href":"https:\/\/d.r1.wbsprt.com\/spnz.sk\/wp-json\/wp\/v2\/users\/1"}],"replies":[{"embeddable":true,"href":"https:\/\/d.r1.wbsprt.com\/spnz.sk\/wp-json\/wp\/v2\/comments?post=18"}],"version-history":[{"count":14,"href":"https:\/\/d.r1.wbsprt.com\/spnz.sk\/wp-json\/wp\/v2\/pages\/18\/revisions"}],"predecessor-version":[{"id":6115,"href":"https:\/\/d.r1.wbsprt.com\/spnz.sk\/wp-json\/wp\/v2\/pages\/18\/revisions\/6115"}],"wp:attachment":[{"href":"https:\/\/d.r1.wbsprt.com\/spnz.sk\/wp-json\/wp\/v2\/media?parent=18"}],"curies":[{"name":"wp","href":"https:\/\/api.w.org\/{rel}","templated":true}]}}