{"id":1780,"date":"2022-01-20T13:43:26","date_gmt":"2022-01-20T12:43:26","guid":{"rendered":"https:\/\/www.spnz.sk\/?page_id=1780"},"modified":"2026-04-09T14:30:45","modified_gmt":"2026-04-09T12:30:45","slug":"tvorba-tpp-2026","status":"publish","type":"page","link":"https:\/\/d.r1.wbsprt.com\/spnz.sk\/tpp\/tvorba-tpp-2026\/","title":{"rendered":"TVORBA TPP 2026"},"content":{"rendered":"<p>Preh\u013ead tvorby Technick\u00fdch pravidiel plyn na rok 2026.<\/p>\n<p>Do extern\u00e9ho pripomienkov\u00e9ho konania sa m\u00f4\u017eete prihl\u00e1si\u0165 na: <a href=\"mailto:spnz@sgoa.sk\">spnz@sgoa.sk<\/a> do d\u00e1tumu uveden\u00e9ho v tabu\u013eke.<\/p>\n\n<table id=\"tablepress-18\" class=\"tablepress tablepress-id-18\">\n<thead>\n<tr class=\"row-1\">\n\t<th class=\"column-1\">N\u00e1zov TPP<\/th><th class=\"column-2\">1. n\u00e1vrh TPP <\/th><th class=\"column-3\">Prihl\u00e1si\u0165 sa na pripomienkov\u00e9 konanie do<\/th><th class=\"column-4\">Pl\u00e1novan\u00e1 \u00fa\u010dinnos\u0165 TPP od<\/th>\n<\/tr>\n<\/thead>\n<tbody class=\"row-striping row-hover\">\n<tr class=\"row-2\">\n\t<td class=\"column-1\"><\/td><td class=\"column-2\"><\/td><td class=\"column-3\"><\/td><td class=\"column-4\"><\/td>\n<\/tr>\n<\/tbody>\n<\/table>\n<!-- #tablepress-18 from cache -->\n","protected":false},"excerpt":{"rendered":"<p>Preh\u013ead tvorby Technick\u00fdch pravidiel plyn na rok 2026. Do extern\u00e9ho pripomienkov\u00e9ho konania sa m\u00f4\u017eete prihl\u00e1si\u0165 na: spnz@sgoa.sk do d\u00e1tumu uveden\u00e9ho v tabu\u013eke.<\/p>\n","protected":false},"author":2,"featured_media":0,"parent":41,"menu_order":0,"comment_status":"closed","ping_status":"closed","template":"","meta":{"inline_featured_image":false,"_uag_custom_page_level_css":"","footnotes":""},"class_list":["post-1780","page","type-page","status-publish","hentry"],"yoast_head":"<!-- This site is optimized with the Yoast SEO plugin v24.7 - https:\/\/yoast.com\/wordpress\/plugins\/seo\/ -->\n<title>TVORBA TPP 2026 - Slovensk\u00fd plyn\u00e1rensk\u00fd a naftov\u00fd zv\u00e4z<\/title>\n<meta name=\"robots\" content=\"index, follow, max-snippet:-1, max-image-preview:large, max-video-preview:-1\" \/>\n<link rel=\"canonical\" href=\"https:\/\/www.spnz.sk\/tpp\/tvorba-tpp-2026\/\" \/>\n<meta property=\"og:locale\" content=\"sk_SK\" \/>\n<meta property=\"og:type\" content=\"article\" \/>\n<meta property=\"og:title\" content=\"TVORBA TPP 2026 - Slovensk\u00fd plyn\u00e1rensk\u00fd a naftov\u00fd zv\u00e4z\" \/>\n<meta property=\"og:description\" content=\"Preh\u013ead tvorby Technick\u00fdch pravidiel plyn na rok 2026. Do extern\u00e9ho pripomienkov\u00e9ho konania sa m\u00f4\u017eete prihl\u00e1si\u0165 na: spnz@sgoa.sk do d\u00e1tumu uveden\u00e9ho v tabu\u013eke.\" \/>\n<meta property=\"og:url\" content=\"https:\/\/www.spnz.sk\/tpp\/tvorba-tpp-2026\/\" \/>\n<meta property=\"og:site_name\" content=\"Slovensk\u00fd plyn\u00e1rensk\u00fd a naftov\u00fd zv\u00e4z\" \/>\n<meta property=\"article:modified_time\" content=\"2026-04-09T12:30:45+00:00\" \/>\n<meta name=\"twitter:card\" content=\"summary_large_image\" \/>\n<meta name=\"twitter:label1\" content=\"Predpokladan\u00fd \u010das \u010d\u00edtania\" \/>\n\t<meta name=\"twitter:data1\" content=\"1 min\u00fata\" \/>\n<script type=\"application\/ld+json\" class=\"yoast-schema-graph\">{\"@context\":\"https:\/\/schema.org\",\"@graph\":[{\"@type\":\"WebPage\",\"@id\":\"https:\/\/www.spnz.sk\/tpp\/tvorba-tpp-2026\/\",\"url\":\"https:\/\/www.spnz.sk\/tpp\/tvorba-tpp-2026\/\",\"name\":\"TVORBA TPP 2026 - Slovensk\u00fd plyn\u00e1rensk\u00fd a naftov\u00fd zv\u00e4z\",\"isPartOf\":{\"@id\":\"https:\/\/www.spnz.sk\/#website\"},\"datePublished\":\"2022-01-20T12:43:26+00:00\",\"dateModified\":\"2026-04-09T12:30:45+00:00\",\"breadcrumb\":{\"@id\":\"https:\/\/www.spnz.sk\/tpp\/tvorba-tpp-2026\/#breadcrumb\"},\"inLanguage\":\"sk-SK\",\"potentialAction\":[{\"@type\":\"ReadAction\",\"target\":[\"https:\/\/www.spnz.sk\/tpp\/tvorba-tpp-2026\/\"]}]},{\"@type\":\"BreadcrumbList\",\"@id\":\"https:\/\/www.spnz.sk\/tpp\/tvorba-tpp-2026\/#breadcrumb\",\"itemListElement\":[{\"@type\":\"ListItem\",\"position\":1,\"name\":\"Domovsk\u00e1 str\u00e1nka\",\"item\":\"https:\/\/www.spnz.sk\/\"},{\"@type\":\"ListItem\",\"position\":2,\"name\":\"TPP\",\"item\":\"https:\/\/www.spnz.sk\/tpp\/\"},{\"@type\":\"ListItem\",\"position\":3,\"name\":\"TVORBA TPP 2026\"}]},{\"@type\":\"WebSite\",\"@id\":\"https:\/\/www.spnz.sk\/#website\",\"url\":\"https:\/\/www.spnz.sk\/\",\"name\":\"Slovensk\u00fd plyn\u00e1rensk\u00fd a naftov\u00fd zv\u00e4z\",\"description\":\"\",\"potentialAction\":[{\"@type\":\"SearchAction\",\"target\":{\"@type\":\"EntryPoint\",\"urlTemplate\":\"https:\/\/www.spnz.sk\/?s={search_term_string}\"},\"query-input\":{\"@type\":\"PropertyValueSpecification\",\"valueRequired\":true,\"valueName\":\"search_term_string\"}}],\"inLanguage\":\"sk-SK\"}]}<\/script>\n<!-- \/ Yoast SEO plugin. -->","yoast_head_json":{"title":"TVORBA TPP 2026 - Slovensk\u00fd plyn\u00e1rensk\u00fd a naftov\u00fd zv\u00e4z","robots":{"index":"index","follow":"follow","max-snippet":"max-snippet:-1","max-image-preview":"max-image-preview:large","max-video-preview":"max-video-preview:-1"},"canonical":"https:\/\/www.spnz.sk\/tpp\/tvorba-tpp-2026\/","og_locale":"sk_SK","og_type":"article","og_title":"TVORBA TPP 2026 - Slovensk\u00fd plyn\u00e1rensk\u00fd a naftov\u00fd zv\u00e4z","og_description":"Preh\u013ead tvorby Technick\u00fdch pravidiel plyn na rok 2026. Do extern\u00e9ho pripomienkov\u00e9ho konania sa m\u00f4\u017eete prihl\u00e1si\u0165 na: spnz@sgoa.sk do d\u00e1tumu uveden\u00e9ho v tabu\u013eke.","og_url":"https:\/\/www.spnz.sk\/tpp\/tvorba-tpp-2026\/","og_site_name":"Slovensk\u00fd plyn\u00e1rensk\u00fd a naftov\u00fd zv\u00e4z","article_modified_time":"2026-04-09T12:30:45+00:00","twitter_card":"summary_large_image","twitter_misc":{"Predpokladan\u00fd \u010das \u010d\u00edtania":"1 min\u00fata"},"schema":{"@context":"https:\/\/schema.org","@graph":[{"@type":"WebPage","@id":"https:\/\/www.spnz.sk\/tpp\/tvorba-tpp-2026\/","url":"https:\/\/www.spnz.sk\/tpp\/tvorba-tpp-2026\/","name":"TVORBA TPP 2026 - Slovensk\u00fd plyn\u00e1rensk\u00fd a naftov\u00fd zv\u00e4z","isPartOf":{"@id":"https:\/\/www.spnz.sk\/#website"},"datePublished":"2022-01-20T12:43:26+00:00","dateModified":"2026-04-09T12:30:45+00:00","breadcrumb":{"@id":"https:\/\/www.spnz.sk\/tpp\/tvorba-tpp-2026\/#breadcrumb"},"inLanguage":"sk-SK","potentialAction":[{"@type":"ReadAction","target":["https:\/\/www.spnz.sk\/tpp\/tvorba-tpp-2026\/"]}]},{"@type":"BreadcrumbList","@id":"https:\/\/www.spnz.sk\/tpp\/tvorba-tpp-2026\/#breadcrumb","itemListElement":[{"@type":"ListItem","position":1,"name":"Domovsk\u00e1 str\u00e1nka","item":"https:\/\/www.spnz.sk\/"},{"@type":"ListItem","position":2,"name":"TPP","item":"https:\/\/www.spnz.sk\/tpp\/"},{"@type":"ListItem","position":3,"name":"TVORBA TPP 2026"}]},{"@type":"WebSite","@id":"https:\/\/www.spnz.sk\/#website","url":"https:\/\/www.spnz.sk\/","name":"Slovensk\u00fd plyn\u00e1rensk\u00fd a naftov\u00fd zv\u00e4z","description":"","potentialAction":[{"@type":"SearchAction","target":{"@type":"EntryPoint","urlTemplate":"https:\/\/www.spnz.sk\/?s={search_term_string}"},"query-input":{"@type":"PropertyValueSpecification","valueRequired":true,"valueName":"search_term_string"}}],"inLanguage":"sk-SK"}]}},"uagb_featured_image_src":{"full":false,"thumbnail":false,"medium":false,"medium_large":false,"large":false,"thumblist":false,"meccarouselthumb":false,"gridsquare":false,"tileview":false,"1536x1536":false,"2048x2048":false,"woocommerce_thumbnail":false,"woocommerce_single":false,"woocommerce_gallery_thumbnail":false},"uagb_author_info":{"display_name":"kzvadova","author_link":"https:\/\/d.r1.wbsprt.com\/spnz.sk\/author\/kzvadova\/"},"uagb_comment_info":0,"uagb_excerpt":"Preh\u013ead tvorby Technick\u00fdch pravidiel plyn na rok 2026. Do extern\u00e9ho pripomienkov\u00e9ho konania sa m\u00f4\u017eete prihl\u00e1si\u0165 na: spnz@sgoa.sk do d\u00e1tumu uveden\u00e9ho v tabu\u013eke.","_links":{"self":[{"href":"https:\/\/d.r1.wbsprt.com\/spnz.sk\/wp-json\/wp\/v2\/pages\/1780","targetHints":{"allow":["GET"]}}],"collection":[{"href":"https:\/\/d.r1.wbsprt.com\/spnz.sk\/wp-json\/wp\/v2\/pages"}],"about":[{"href":"https:\/\/d.r1.wbsprt.com\/spnz.sk\/wp-json\/wp\/v2\/types\/page"}],"author":[{"embeddable":true,"href":"https:\/\/d.r1.wbsprt.com\/spnz.sk\/wp-json\/wp\/v2\/users\/2"}],"replies":[{"embeddable":true,"href":"https:\/\/d.r1.wbsprt.com\/spnz.sk\/wp-json\/wp\/v2\/comments?post=1780"}],"version-history":[{"count":8,"href":"https:\/\/d.r1.wbsprt.com\/spnz.sk\/wp-json\/wp\/v2\/pages\/1780\/revisions"}],"predecessor-version":[{"id":6411,"href":"https:\/\/d.r1.wbsprt.com\/spnz.sk\/wp-json\/wp\/v2\/pages\/1780\/revisions\/6411"}],"up":[{"embeddable":true,"href":"https:\/\/d.r1.wbsprt.com\/spnz.sk\/wp-json\/wp\/v2\/pages\/41"}],"wp:attachment":[{"href":"https:\/\/d.r1.wbsprt.com\/spnz.sk\/wp-json\/wp\/v2\/media?parent=1780"}],"curies":[{"name":"wp","href":"https:\/\/api.w.org\/{rel}","templated":true}]}}