{"id":16,"date":"2021-06-11T10:55:38","date_gmt":"2021-06-11T08:55:38","guid":{"rendered":"https:\/\/d.r1.wbsprt.com\/spnz.sk\/?page_id=16"},"modified":"2021-07-28T12:59:17","modified_gmt":"2021-07-28T10:59:17","slug":"cinnost","status":"publish","type":"page","link":"https:\/\/d.r1.wbsprt.com\/spnz.sk\/cinnost\/","title":{"rendered":"\u010cINNOS\u0164"},"content":{"rendered":"<div class=\"row\"  id=\"row-305751204\">\n<div class=\"col small-12 large-12\"  ><div class=\"col-inner\"  >\n<h2 class=\"uppercase text-center\">\u010cinnos\u0165 v SR<\/h2>\n<div class=\"text-center\"><div class=\"is-divider divider clearfix\" style=\"background-color:rgb(3, 78, 162);\"><\/div><\/div><!-- .divider -->\n<div style=\"text-align:justify\">\n<ul>\n<li>Odborn\u00e9 aktivity pracovn\u00fdch komisi\u00ed<\/li>\n<li>Vyd\u00e1vanie \u010dasopisu SLOVGAS &#8211; jedin\u00e9ho odborn\u00e9ho plyn\u00e1rensk\u00e9ho \u010dasopisu na Slovensku<\/li>\n<li>Ka\u017edoro\u010dn\u00e9 organizovanie v\u00fdro\u010dnej Jesennej plyn\u00e1renskej konferencie s aktu\u00e1lnou tematikou pre \u010dlenov zv\u00e4zu a \u0161ir\u0161iu verejnos\u0165<\/li>\n<li>Organizovanie odborn\u00fdch konferenci\u00ed, semin\u00e1rov a workshopov s medzin\u00e1rodnou \u00fa\u010das\u0165ou<\/li>\n<li>Spolupr\u00e1ca s univerzitami a podpora vedeck\u00fdch aktiv\u00edt na:\n<ul>\n<li>Slovenskej technickej univerzite v Bratislave<\/li>\n<li>Technickej univerzite v Ko\u0161iciach<\/li>\n<li>\u017dilinskej univerzite v \u017diline<\/li>\n<\/ul>\n<\/li>\n<li>Komunik\u00e1cia so \u0161t\u00e1tnou spr\u00e1vou, N\u00e1rodnou radou SR (z\u00e1stupca SPNZ p\u00f4sob\u00ed vo v\u00fdbore pre energetiku), \u00daradom pre regul\u00e1ciu sie\u0165ov\u00fdch odvetv\u00ed (\u00daRSO) a s in\u00fdmi odborn\u00fdmi organiz\u00e1ciami<\/li>\n<li>\u00da\u010das\u0165 na tvorbe pr\u00e1vnych noriem, vyhl\u00e1\u0161ok a technick\u00fdch predpisov v oblasti plyn\u00e1renstva a \u017eivotn\u00e9ho prostredia, SPNZ je pripomienkovac\u00edm miestom pri tvorbe z\u00e1konov, vyhl\u00e1\u0161ok a nariaden\u00ed, pri tvorbe z\u00e1konov z oblasti energetiky<\/li>\n<li>Organizovanie s\u00fa\u0165a\u017ee o najlep\u0161iu diplomov\u00fa pr\u00e1cu z odboru plyn\u00e1renstva &#8222;Cena prof. Nemess\u00e1nyiho&#8220;<\/li>\n<li>Spolupr\u00e1ca s pr\u00edbuzn\u00fdmi odborn\u00fdmi a stavovsk\u00fdmi organiz\u00e1ciami &#8211; Asoci\u00e1cia vod\u00e1rensk\u00fdch spolo\u010dnost\u00ed, Slovensk\u00e1 obchodn\u00e1 a priemyseln\u00e1 komora at\u010f.<\/li>\n<\/ul>\n<\/div>\n<\/div><\/div>\n<\/div>\n","protected":false},"excerpt":{"rendered":"","protected":false},"author":1,"featured_media":0,"parent":0,"menu_order":0,"comment_status":"closed","ping_status":"closed","template":"","meta":{"inline_featured_image":false,"_uag_custom_page_level_css":"","footnotes":""},"class_list":["post-16","page","type-page","status-publish","hentry"],"yoast_head":"<!-- This site is optimized with the Yoast SEO plugin v24.7 - https:\/\/yoast.com\/wordpress\/plugins\/seo\/ -->\n<title>\u010cINNOS\u0164 - Slovensk\u00fd plyn\u00e1rensk\u00fd a naftov\u00fd zv\u00e4z<\/title>\n<meta name=\"robots\" content=\"index, follow, max-snippet:-1, max-image-preview:large, max-video-preview:-1\" \/>\n<link rel=\"canonical\" href=\"https:\/\/www.spnz.sk\/cinnost\/\" \/>\n<meta property=\"og:locale\" content=\"sk_SK\" \/>\n<meta property=\"og:type\" content=\"article\" \/>\n<meta property=\"og:title\" content=\"\u010cINNOS\u0164 - Slovensk\u00fd plyn\u00e1rensk\u00fd a naftov\u00fd zv\u00e4z\" \/>\n<meta property=\"og:url\" content=\"https:\/\/www.spnz.sk\/cinnost\/\" \/>\n<meta property=\"og:site_name\" content=\"Slovensk\u00fd plyn\u00e1rensk\u00fd a naftov\u00fd zv\u00e4z\" \/>\n<meta property=\"article:modified_time\" content=\"2021-07-28T10:59:17+00:00\" \/>\n<meta name=\"twitter:card\" content=\"summary_large_image\" \/>\n<meta name=\"twitter:label1\" content=\"Predpokladan\u00fd \u010das \u010d\u00edtania\" \/>\n\t<meta name=\"twitter:data1\" content=\"1 min\u00fata\" \/>\n<script type=\"application\/ld+json\" class=\"yoast-schema-graph\">{\"@context\":\"https:\/\/schema.org\",\"@graph\":[{\"@type\":\"WebPage\",\"@id\":\"https:\/\/www.spnz.sk\/cinnost\/\",\"url\":\"https:\/\/www.spnz.sk\/cinnost\/\",\"name\":\"\u010cINNOS\u0164 - Slovensk\u00fd plyn\u00e1rensk\u00fd a naftov\u00fd zv\u00e4z\",\"isPartOf\":{\"@id\":\"https:\/\/www.spnz.sk\/#website\"},\"datePublished\":\"2021-06-11T08:55:38+00:00\",\"dateModified\":\"2021-07-28T10:59:17+00:00\",\"breadcrumb\":{\"@id\":\"https:\/\/www.spnz.sk\/cinnost\/#breadcrumb\"},\"inLanguage\":\"sk-SK\",\"potentialAction\":[{\"@type\":\"ReadAction\",\"target\":[\"https:\/\/www.spnz.sk\/cinnost\/\"]}]},{\"@type\":\"BreadcrumbList\",\"@id\":\"https:\/\/www.spnz.sk\/cinnost\/#breadcrumb\",\"itemListElement\":[{\"@type\":\"ListItem\",\"position\":1,\"name\":\"Domovsk\u00e1 str\u00e1nka\",\"item\":\"https:\/\/www.spnz.sk\/\"},{\"@type\":\"ListItem\",\"position\":2,\"name\":\"\u010cINNOS\u0164\"}]},{\"@type\":\"WebSite\",\"@id\":\"https:\/\/www.spnz.sk\/#website\",\"url\":\"https:\/\/www.spnz.sk\/\",\"name\":\"Slovensk\u00fd plyn\u00e1rensk\u00fd a naftov\u00fd zv\u00e4z\",\"description\":\"\",\"potentialAction\":[{\"@type\":\"SearchAction\",\"target\":{\"@type\":\"EntryPoint\",\"urlTemplate\":\"https:\/\/www.spnz.sk\/?s={search_term_string}\"},\"query-input\":{\"@type\":\"PropertyValueSpecification\",\"valueRequired\":true,\"valueName\":\"search_term_string\"}}],\"inLanguage\":\"sk-SK\"}]}<\/script>\n<!-- \/ Yoast SEO plugin. -->","yoast_head_json":{"title":"\u010cINNOS\u0164 - Slovensk\u00fd plyn\u00e1rensk\u00fd a naftov\u00fd zv\u00e4z","robots":{"index":"index","follow":"follow","max-snippet":"max-snippet:-1","max-image-preview":"max-image-preview:large","max-video-preview":"max-video-preview:-1"},"canonical":"https:\/\/www.spnz.sk\/cinnost\/","og_locale":"sk_SK","og_type":"article","og_title":"\u010cINNOS\u0164 - Slovensk\u00fd plyn\u00e1rensk\u00fd a naftov\u00fd zv\u00e4z","og_url":"https:\/\/www.spnz.sk\/cinnost\/","og_site_name":"Slovensk\u00fd plyn\u00e1rensk\u00fd a naftov\u00fd zv\u00e4z","article_modified_time":"2021-07-28T10:59:17+00:00","twitter_card":"summary_large_image","twitter_misc":{"Predpokladan\u00fd \u010das \u010d\u00edtania":"1 min\u00fata"},"schema":{"@context":"https:\/\/schema.org","@graph":[{"@type":"WebPage","@id":"https:\/\/www.spnz.sk\/cinnost\/","url":"https:\/\/www.spnz.sk\/cinnost\/","name":"\u010cINNOS\u0164 - Slovensk\u00fd plyn\u00e1rensk\u00fd a naftov\u00fd zv\u00e4z","isPartOf":{"@id":"https:\/\/www.spnz.sk\/#website"},"datePublished":"2021-06-11T08:55:38+00:00","dateModified":"2021-07-28T10:59:17+00:00","breadcrumb":{"@id":"https:\/\/www.spnz.sk\/cinnost\/#breadcrumb"},"inLanguage":"sk-SK","potentialAction":[{"@type":"ReadAction","target":["https:\/\/www.spnz.sk\/cinnost\/"]}]},{"@type":"BreadcrumbList","@id":"https:\/\/www.spnz.sk\/cinnost\/#breadcrumb","itemListElement":[{"@type":"ListItem","position":1,"name":"Domovsk\u00e1 str\u00e1nka","item":"https:\/\/www.spnz.sk\/"},{"@type":"ListItem","position":2,"name":"\u010cINNOS\u0164"}]},{"@type":"WebSite","@id":"https:\/\/www.spnz.sk\/#website","url":"https:\/\/www.spnz.sk\/","name":"Slovensk\u00fd plyn\u00e1rensk\u00fd a naftov\u00fd zv\u00e4z","description":"","potentialAction":[{"@type":"SearchAction","target":{"@type":"EntryPoint","urlTemplate":"https:\/\/www.spnz.sk\/?s={search_term_string}"},"query-input":{"@type":"PropertyValueSpecification","valueRequired":true,"valueName":"search_term_string"}}],"inLanguage":"sk-SK"}]}},"uagb_featured_image_src":{"full":false,"thumbnail":false,"medium":false,"medium_large":false,"large":false,"thumblist":false,"meccarouselthumb":false,"gridsquare":false,"tileview":false,"1536x1536":false,"2048x2048":false,"woocommerce_thumbnail":false,"woocommerce_single":false,"woocommerce_gallery_thumbnail":false},"uagb_author_info":{"display_name":"spnz-admin","author_link":"https:\/\/d.r1.wbsprt.com\/spnz.sk\/author\/spnz-admin\/"},"uagb_comment_info":0,"uagb_excerpt":null,"_links":{"self":[{"href":"https:\/\/d.r1.wbsprt.com\/spnz.sk\/wp-json\/wp\/v2\/pages\/16","targetHints":{"allow":["GET"]}}],"collection":[{"href":"https:\/\/d.r1.wbsprt.com\/spnz.sk\/wp-json\/wp\/v2\/pages"}],"about":[{"href":"https:\/\/d.r1.wbsprt.com\/spnz.sk\/wp-json\/wp\/v2\/types\/page"}],"author":[{"embeddable":true,"href":"https:\/\/d.r1.wbsprt.com\/spnz.sk\/wp-json\/wp\/v2\/users\/1"}],"replies":[{"embeddable":true,"href":"https:\/\/d.r1.wbsprt.com\/spnz.sk\/wp-json\/wp\/v2\/comments?post=16"}],"version-history":[{"count":9,"href":"https:\/\/d.r1.wbsprt.com\/spnz.sk\/wp-json\/wp\/v2\/pages\/16\/revisions"}],"predecessor-version":[{"id":892,"href":"https:\/\/d.r1.wbsprt.com\/spnz.sk\/wp-json\/wp\/v2\/pages\/16\/revisions\/892"}],"wp:attachment":[{"href":"https:\/\/d.r1.wbsprt.com\/spnz.sk\/wp-json\/wp\/v2\/media?parent=16"}],"curies":[{"name":"wp","href":"https:\/\/api.w.org\/{rel}","templated":true}]}}