{"id":791,"date":"2021-02-12T21:01:36","date_gmt":"2021-02-12T20:01:36","guid":{"rendered":"https:\/\/pizzeriadedapala.sk\/?page_id=791"},"modified":"2026-04-26T14:10:25","modified_gmt":"2026-04-26T12:10:25","slug":"menu","status":"publish","type":"page","link":"https:\/\/d.r1.wbsprt.com\/pizzeriadedapala.sk\/menu\/","title":{"rendered":"Obedov\u00e9 menu"},"content":{"rendered":"\t\t<div data-elementor-type=\"wp-page\" data-elementor-id=\"791\" class=\"elementor elementor-791\" data-elementor-settings=\"[]\">\n\t\t\t\t\t\t<div class=\"elementor-inner\">\n\t\t\t\t\t\t\t<div class=\"elementor-section-wrap\">\n\t\t\t\t\t\t\t<section class=\"elementor-section elementor-top-section elementor-element elementor-element-270c1f2a elementor-section-boxed elementor-section-height-default elementor-section-height-default\" data-id=\"270c1f2a\" data-element_type=\"section\" data-settings=\"{&quot;background_background&quot;:&quot;classic&quot;}\">\n\t\t\t\t\t\t\t<div class=\"elementor-background-overlay\"><\/div>\n\t\t\t\t\t\t\t<div class=\"elementor-container elementor-column-gap-default\">\n\t\t\t\t\t\t\t<div class=\"elementor-row\">\n\t\t\t\t\t<div class=\"elementor-column elementor-col-100 elementor-top-column elementor-element elementor-element-7ba73d24\" data-id=\"7ba73d24\" data-element_type=\"column\">\n\t\t\t<div class=\"elementor-column-wrap elementor-element-populated\">\n\t\t\t\t\t\t\t<div class=\"elementor-widget-wrap\">\n\t\t\t\t\t\t<div class=\"elementor-element elementor-element-2fd3c577 elementor-widget elementor-widget-heading\" data-id=\"2fd3c577\" data-element_type=\"widget\" data-widget_type=\"heading.default\">\n\t\t\t\t<div class=\"elementor-widget-container\">\n\t\t\t<h1 class=\"elementor-heading-title elementor-size-default\">Obedov\u00e9 menu<\/h1>\t\t<\/div>\n\t\t\t\t<\/div>\n\t\t\t\t<div class=\"elementor-element elementor-element-77e5c37b elementor-widget elementor-widget-image\" data-id=\"77e5c37b\" data-element_type=\"widget\" data-widget_type=\"image.default\">\n\t\t\t\t<div class=\"elementor-widget-container\">\n\t\t\t\t\t<div class=\"elementor-image\">\n\t\t\t\t\t\t\t\t\t\t<img width=\"250\" height=\"27\" src=\"https:\/\/d.r1.wbsprt.com\/pizzeriadedapala.sk\/wp-content\/uploads\/2018\/09\/frill-free-img.png\" class=\"attachment-large size-large\" alt=\"\" loading=\"lazy\" \/>\t\t\t\t\t\t\t\t\t\t\t<\/div>\n\t\t\t\t<\/div>\n\t\t\t\t<\/div>\n\t\t\t\t\t\t<\/div>\n\t\t\t\t\t<\/div>\n\t\t<\/div>\n\t\t\t\t\t\t\t\t<\/div>\n\t\t\t\t\t<\/div>\n\t\t<\/section>\n\t\t\t\t<section class=\"elementor-section elementor-top-section elementor-element elementor-element-1a37987 elementor-reverse-mobile elementor-section-boxed elementor-section-height-default elementor-section-height-default\" data-id=\"1a37987\" data-element_type=\"section\" data-settings=\"{&quot;background_background&quot;:&quot;classic&quot;}\">\n\t\t\t\t\t\t<div class=\"elementor-container elementor-column-gap-no\">\n\t\t\t\t\t\t\t<div class=\"elementor-row\">\n\t\t\t\t\t<div class=\"elementor-column elementor-col-100 elementor-top-column elementor-element elementor-element-1d42c837 elementor-invisible\" data-id=\"1d42c837\" data-element_type=\"column\" data-settings=\"{&quot;background_background&quot;:&quot;classic&quot;,&quot;animation&quot;:&quot;fadeIn&quot;,&quot;animation_delay&quot;:200}\">\n\t\t\t<div class=\"elementor-column-wrap elementor-element-populated\">\n\t\t\t\t\t\t\t<div class=\"elementor-widget-wrap\">\n\t\t\t\t\t\t<section class=\"elementor-section elementor-inner-section elementor-element elementor-element-2cef6074 elementor-section-boxed elementor-section-height-default elementor-section-height-default\" data-id=\"2cef6074\" data-element_type=\"section\">\n\t\t\t\t\t\t<div class=\"elementor-container elementor-column-gap-no\">\n\t\t\t\t\t\t\t<div class=\"elementor-row\">\n\t\t\t\t\t<div class=\"elementor-column elementor-col-100 elementor-inner-column elementor-element elementor-element-4816d96f\" data-id=\"4816d96f\" data-element_type=\"column\">\n\t\t\t<div class=\"elementor-column-wrap elementor-element-populated\">\n\t\t\t\t\t\t\t<div class=\"elementor-widget-wrap\">\n\t\t\t\t\t\t<div class=\"elementor-element elementor-element-22aeebd elementor-widget elementor-widget-heading\" data-id=\"22aeebd\" data-element_type=\"widget\" data-widget_type=\"heading.default\">\n\t\t\t\t<div class=\"elementor-widget-container\">\n\t\t\t<h3 class=\"elementor-heading-title elementor-size-medium\">Ak m\u00e1te chu\u0165 na nie\u010do dobr\u00e9, zavolajte n\u00e1m a objednajte si. Obedov\u00e9 menu V\u00e1m radi zabal\u00edme a donesieme priamo domov \u010di do pr\u00e1ce. V cene menu je hlavn\u00e9 jedlo aj polievka. Prajeme v\u00e1m dobr\u00fa chu\u0165!<br><\/h3>\t\t<\/div>\n\t\t\t\t<\/div>\n\t\t\t\t<div class=\"elementor-element elementor-element-07489a6 elementor-widget elementor-widget-image\" data-id=\"07489a6\" data-element_type=\"widget\" data-widget_type=\"image.default\">\n\t\t\t\t<div class=\"elementor-widget-container\">\n\t\t\t\t\t<div class=\"elementor-image\">\n\t\t\t\t\t\t\t\t\t\t\t<a href=\"https:\/\/pizzeriadedapala.sk\/wp-content\/uploads\/2026\/04\/Obedove-menu-PD-4.jpg\" data-elementor-open-lightbox=\"yes\" data-elementor-lightbox-title=\"Obedov\u00e9 menu PD\">\n\t\t\t\t\t\t\t<img width=\"1414\" height=\"2000\" src=\"https:\/\/d.r1.wbsprt.com\/pizzeriadedapala.sk\/wp-content\/uploads\/2026\/04\/Obedove-menu-PD-4.jpg\" class=\"attachment-full size-full\" alt=\"\" loading=\"lazy\" srcset=\"https:\/\/d.r1.wbsprt.com\/pizzeriadedapala.sk\/wp-content\/uploads\/2026\/04\/Obedove-menu-PD-4.jpg 1414w, https:\/\/d.r1.wbsprt.com\/pizzeriadedapala.sk\/wp-content\/uploads\/2026\/04\/Obedove-menu-PD-4-212x300.jpg 212w, https:\/\/d.r1.wbsprt.com\/pizzeriadedapala.sk\/wp-content\/uploads\/2026\/04\/Obedove-menu-PD-4-724x1024.jpg 724w, https:\/\/d.r1.wbsprt.com\/pizzeriadedapala.sk\/wp-content\/uploads\/2026\/04\/Obedove-menu-PD-4-768x1086.jpg 768w, https:\/\/d.r1.wbsprt.com\/pizzeriadedapala.sk\/wp-content\/uploads\/2026\/04\/Obedove-menu-PD-4-1086x1536.jpg 1086w\" sizes=\"(max-width: 1414px) 100vw, 1414px\" \/>\t\t\t\t\t\t\t\t<\/a>\n\t\t\t\t\t\t\t\t\t\t\t<\/div>\n\t\t\t\t<\/div>\n\t\t\t\t<\/div>\n\t\t\t\t<div class=\"elementor-element elementor-element-3a16b36 elementor-widget elementor-widget-spacer\" data-id=\"3a16b36\" data-element_type=\"widget\" data-widget_type=\"spacer.default\">\n\t\t\t\t<div class=\"elementor-widget-container\">\n\t\t\t\t\t<div class=\"elementor-spacer\">\n\t\t\t<div class=\"elementor-spacer-inner\"><\/div>\n\t\t<\/div>\n\t\t\t\t<\/div>\n\t\t\t\t<\/div>\n\t\t\t\t\t\t<\/div>\n\t\t\t\t\t<\/div>\n\t\t<\/div>\n\t\t\t\t\t\t\t\t<\/div>\n\t\t\t\t\t<\/div>\n\t\t<\/section>\n\t\t\t\t<div class=\"elementor-element elementor-element-9449609 elementor-view-default elementor-vertical-align-top elementor-widget elementor-widget-icon-box\" data-id=\"9449609\" data-element_type=\"widget\" data-widget_type=\"icon-box.default\">\n\t\t\t\t<div class=\"elementor-widget-container\">\n\t\t\t\t\t<div class=\"elementor-icon-box-wrapper\">\n\t\t\t\t\t\t<div class=\"elementor-icon-box-content\">\n\t\t\t\t<h2 class=\"elementor-icon-box-title\">\n\t\t\t\t\t<span >Rozvoz\n<\/span>\n\t\t\t\t<\/h2>\n\t\t\t\t\t\t\t<\/div>\n\t\t<\/div>\n\t\t\t\t<\/div>\n\t\t\t\t<\/div>\n\t\t\t\t\t\t<\/div>\n\t\t\t\t\t<\/div>\n\t\t<\/div>\n\t\t\t\t\t\t\t\t<\/div>\n\t\t\t\t\t<\/div>\n\t\t<\/section>\n\t\t\t\t<section class=\"elementor-section elementor-top-section elementor-element elementor-element-7f34643 elementor-section-boxed elementor-section-height-default elementor-section-height-default\" data-id=\"7f34643\" data-element_type=\"section\" data-settings=\"{&quot;background_background&quot;:&quot;classic&quot;}\">\n\t\t\t\t\t\t\t<div class=\"elementor-background-overlay\"><\/div>\n\t\t\t\t\t\t\t<div class=\"elementor-container elementor-column-gap-default\">\n\t\t\t\t\t\t\t<div class=\"elementor-row\">\n\t\t\t\t\t<div class=\"elementor-column elementor-col-50 elementor-top-column elementor-element elementor-element-83e2728\" data-id=\"83e2728\" data-element_type=\"column\" data-settings=\"{&quot;background_background&quot;:&quot;classic&quot;}\">\n\t\t\t<div class=\"elementor-column-wrap elementor-element-populated\">\n\t\t\t\t\t<div class=\"elementor-background-overlay\"><\/div>\n\t\t\t\t\t\t\t<div class=\"elementor-widget-wrap\">\n\t\t\t\t\t\t<section class=\"elementor-section elementor-inner-section elementor-element elementor-element-184bfbc elementor-section-content-middle elementor-section-boxed elementor-section-height-default elementor-section-height-default\" data-id=\"184bfbc\" data-element_type=\"section\">\n\t\t\t\t\t\t<div class=\"elementor-container elementor-column-gap-default\">\n\t\t\t\t\t\t\t<div class=\"elementor-row\">\n\t\t\t\t\t<div class=\"elementor-column elementor-col-100 elementor-inner-column elementor-element elementor-element-47454fb\" data-id=\"47454fb\" data-element_type=\"column\">\n\t\t\t<div class=\"elementor-column-wrap elementor-element-populated\">\n\t\t\t\t\t\t\t<div class=\"elementor-widget-wrap\">\n\t\t\t\t\t\t<div class=\"elementor-element elementor-element-956cd39 elementor-position-left elementor-vertical-align-middle elementor-widget elementor-widget-image-box\" data-id=\"956cd39\" data-element_type=\"widget\" data-widget_type=\"image-box.default\">\n\t\t\t\t<div class=\"elementor-widget-container\">\n\t\t\t<div class=\"elementor-image-box-wrapper\"><div class=\"elementor-image-box-content\"><h3 class=\"elementor-image-box-title\">ROZVOZ ZDARMA<\/h3><\/div><\/div>\t\t<\/div>\n\t\t\t\t<\/div>\n\t\t\t\t<div class=\"elementor-element elementor-element-83abdd3 elementor-position-left elementor-vertical-align-middle elementor-widget elementor-widget-image-box\" data-id=\"83abdd3\" data-element_type=\"widget\" data-widget_type=\"image-box.default\">\n\t\t\t\t<div class=\"elementor-widget-container\">\n\t\t\t<div class=\"elementor-image-box-wrapper\"><div class=\"elementor-image-box-content\"><h3 class=\"elementor-image-box-title\">Kalinkovo <\/h3><\/div><\/div>\t\t<\/div>\n\t\t\t\t<\/div>\n\t\t\t\t\t\t<\/div>\n\t\t\t\t\t<\/div>\n\t\t<\/div>\n\t\t\t\t\t\t\t\t<\/div>\n\t\t\t\t\t<\/div>\n\t\t<\/section>\n\t\t\t\t<section class=\"elementor-section elementor-inner-section elementor-element elementor-element-5fb12b1 elementor-section-content-middle elementor-section-boxed elementor-section-height-default elementor-section-height-default\" data-id=\"5fb12b1\" data-element_type=\"section\">\n\t\t\t\t\t\t<div class=\"elementor-container elementor-column-gap-default\">\n\t\t\t\t\t\t\t<div class=\"elementor-row\">\n\t\t\t\t\t<div class=\"elementor-column elementor-col-100 elementor-inner-column elementor-element elementor-element-606d135\" data-id=\"606d135\" data-element_type=\"column\">\n\t\t\t<div class=\"elementor-column-wrap elementor-element-populated\">\n\t\t\t\t\t\t\t<div class=\"elementor-widget-wrap\">\n\t\t\t\t\t\t<div class=\"elementor-element elementor-element-ec6571f elementor-position-left elementor-vertical-align-middle elementor-widget elementor-widget-image-box\" data-id=\"ec6571f\" data-element_type=\"widget\" data-widget_type=\"image-box.default\">\n\t\t\t\t<div class=\"elementor-widget-container\">\n\t\t\t<div class=\"elementor-image-box-wrapper\"><div class=\"elementor-image-box-content\"><h3 class=\"elementor-image-box-title\">ROZVOZ - 1\u20ac<\/h3><\/div><\/div>\t\t<\/div>\n\t\t\t\t<\/div>\n\t\t\t\t<div class=\"elementor-element elementor-element-8fbcbb6 elementor-position-left elementor-vertical-align-middle elementor-widget elementor-widget-image-box\" data-id=\"8fbcbb6\" data-element_type=\"widget\" data-widget_type=\"image-box.default\">\n\t\t\t\t<div class=\"elementor-widget-container\">\n\t\t\t<div class=\"elementor-image-box-wrapper\"><div class=\"elementor-image-box-content\"><h3 class=\"elementor-image-box-title\">Hamuliakovo, Dunajsk\u00e1 Lu\u017en\u00e1<br><span style=\" blcolor: rgb(48, 44, 44); font-size: 15px; font-style: normal; font-weight: 700; background-color: r255, 255, 255);\">*rozvoz zdarma pri odbere 2 a viac ks pizze\/menu<\/span><\/h3><\/div><\/div>\t\t<\/div>\n\t\t\t\t<\/div>\n\t\t\t\t\t\t<\/div>\n\t\t\t\t\t<\/div>\n\t\t<\/div>\n\t\t\t\t\t\t\t\t<\/div>\n\t\t\t\t\t<\/div>\n\t\t<\/section>\n\t\t\t\t\t\t<\/div>\n\t\t\t\t\t<\/div>\n\t\t<\/div>\n\t\t\t\t<div class=\"elementor-column elementor-col-50 elementor-top-column elementor-element elementor-element-4f04e54\" data-id=\"4f04e54\" data-element_type=\"column\" data-settings=\"{&quot;background_background&quot;:&quot;classic&quot;}\">\n\t\t\t<div class=\"elementor-column-wrap elementor-element-populated\">\n\t\t\t\t\t<div class=\"elementor-background-overlay\"><\/div>\n\t\t\t\t\t\t\t<div class=\"elementor-widget-wrap\">\n\t\t\t\t\t\t<section class=\"elementor-section elementor-inner-section elementor-element elementor-element-46999f0 elementor-section-content-middle elementor-section-boxed elementor-section-height-default elementor-section-height-default\" data-id=\"46999f0\" data-element_type=\"section\">\n\t\t\t\t\t\t<div class=\"elementor-container elementor-column-gap-default\">\n\t\t\t\t\t\t\t<div class=\"elementor-row\">\n\t\t\t\t\t<div class=\"elementor-column elementor-col-100 elementor-inner-column elementor-element elementor-element-00dc321\" data-id=\"00dc321\" data-element_type=\"column\">\n\t\t\t<div class=\"elementor-column-wrap elementor-element-populated\">\n\t\t\t\t\t\t\t<div class=\"elementor-widget-wrap\">\n\t\t\t\t\t\t<div class=\"elementor-element elementor-element-0e0e2a9 elementor-position-left elementor-vertical-align-middle elementor-widget elementor-widget-image-box\" data-id=\"0e0e2a9\" data-element_type=\"widget\" data-widget_type=\"image-box.default\">\n\t\t\t\t<div class=\"elementor-widget-container\">\n\t\t\t<div class=\"elementor-image-box-wrapper\"><div class=\"elementor-image-box-content\"><h3 class=\"elementor-image-box-title\">Rozvoz - 1,50\u20ac <\/h3><\/div><\/div>\t\t<\/div>\n\t\t\t\t<\/div>\n\t\t\t\t<div class=\"elementor-element elementor-element-9949357 elementor-position-left elementor-vertical-align-middle elementor-widget elementor-widget-image-box\" data-id=\"9949357\" data-element_type=\"widget\" data-widget_type=\"image-box.default\">\n\t\t\t\t<div class=\"elementor-widget-container\">\n\t\t\t<div class=\"elementor-image-box-wrapper\"><div class=\"elementor-image-box-content\"><h3 class=\"elementor-image-box-title\"><h3 class=\"elementor-image-box-title elementor-inline-editing pen\" data-elementor-setting-key=\"title_text\" data-elementor-inline-editing-toolbar=\"none\" data-pen-placeholder=\"P\u00ed\u0161te tu...\" style=\"font-style: normal;\">Rovinka, \u0160amor\u00edn, Miloslavov, <\/h3><h3 class=\"elementor-image-box-title elementor-inline-editing pen\" data-elementor-setting-key=\"title_text\" data-elementor-inline-editing-toolbar=\"none\" data-pen-placeholder=\"P\u00ed\u0161te tu...\" style=\"font-style: normal;\">Al\u017ebetin dvor<br><span style=\"font-size: 15px; font-style: normal; font-weight: 700; color: rgb(48, 44, 44); background-color: rgb(255, 255, 255);\">*rozvoz zdarma pri objedn\u00e1vke nad 15 <\/span><span style=\"font-size: 15px; font-style: normal; font-weight: 700; color: rgb(48, 44, 44); background-color: rgb(255, 255, 255);\">\u20ac<\/span><\/h3><\/h3><\/div><\/div>\t\t<\/div>\n\t\t\t\t<\/div>\n\t\t\t\t\t\t<\/div>\n\t\t\t\t\t<\/div>\n\t\t<\/div>\n\t\t\t\t\t\t\t\t<\/div>\n\t\t\t\t\t<\/div>\n\t\t<\/section>\n\t\t\t\t<section class=\"elementor-section elementor-inner-section elementor-element elementor-element-56c848b elementor-section-content-middle elementor-section-boxed elementor-section-height-default elementor-section-height-default\" data-id=\"56c848b\" data-element_type=\"section\">\n\t\t\t\t\t\t<div class=\"elementor-container elementor-column-gap-default\">\n\t\t\t\t\t\t\t<div class=\"elementor-row\">\n\t\t\t\t\t<div class=\"elementor-column elementor-col-100 elementor-inner-column elementor-element elementor-element-c400613\" data-id=\"c400613\" data-element_type=\"column\">\n\t\t\t<div class=\"elementor-column-wrap elementor-element-populated\">\n\t\t\t\t\t\t\t<div class=\"elementor-widget-wrap\">\n\t\t\t\t\t\t<div class=\"elementor-element elementor-element-658fe3e elementor-position-left elementor-vertical-align-middle elementor-widget elementor-widget-image-box\" data-id=\"658fe3e\" data-element_type=\"widget\" data-widget_type=\"image-box.default\">\n\t\t\t\t<div class=\"elementor-widget-container\">\n\t\t\t<div class=\"elementor-image-box-wrapper\"><div class=\"elementor-image-box-content\"><h3 class=\"elementor-image-box-title\">ROZVOZ - 2\u20ac<\/h3><\/div><\/div>\t\t<\/div>\n\t\t\t\t<\/div>\n\t\t\t\t<div class=\"elementor-element elementor-element-5b074e0 elementor-position-left elementor-vertical-align-middle elementor-widget elementor-widget-image-box\" data-id=\"5b074e0\" data-element_type=\"widget\" data-widget_type=\"image-box.default\">\n\t\t\t\t<div class=\"elementor-widget-container\">\n\t\t\t<div class=\"elementor-image-box-wrapper\"><div class=\"elementor-image-box-content\"><h3 class=\"elementor-image-box-title\">Kvetoslavov, Hviezdoslavov<br><span style=\"font-size: 15px; font-style: normal; font-weight: 700; color: rgb(48, 44, 44); background-color: rgb(255, 255, 255);\">*rozvoz zdarma pri objedn\u00e1vke nad 20 <\/span><span style=\"font-size: 15px; font-style: normal; font-weight: 700; color: rgb(48, 44, 44); background-color: rgb(255, 255, 255);\">\u20ac<\/span><\/h3><\/div><\/div>\t\t<\/div>\n\t\t\t\t<\/div>\n\t\t\t\t\t\t<\/div>\n\t\t\t\t\t<\/div>\n\t\t<\/div>\n\t\t\t\t\t\t\t\t<\/div>\n\t\t\t\t\t<\/div>\n\t\t<\/section>\n\t\t\t\t\t\t<\/div>\n\t\t\t\t\t<\/div>\n\t\t<\/div>\n\t\t\t\t\t\t\t\t<\/div>\n\t\t\t\t\t<\/div>\n\t\t<\/section>\n\t\t\t\t<section class=\"elementor-section elementor-top-section elementor-element elementor-element-dadf445 elementor-section-boxed elementor-section-height-default elementor-section-height-default\" data-id=\"dadf445\" data-element_type=\"section\">\n\t\t\t\t\t\t<div class=\"elementor-container elementor-column-gap-default\">\n\t\t\t\t\t\t\t<div class=\"elementor-row\">\n\t\t\t\t\t<div class=\"elementor-column elementor-col-100 elementor-top-column elementor-element elementor-element-4d906d7\" data-id=\"4d906d7\" data-element_type=\"column\">\n\t\t\t<div class=\"elementor-column-wrap elementor-element-populated\">\n\t\t\t\t\t\t\t<div class=\"elementor-widget-wrap\">\n\t\t\t\t\t\t<div class=\"elementor-element elementor-element-2b564b7 elementor-widget elementor-widget-image\" data-id=\"2b564b7\" data-element_type=\"widget\" data-widget_type=\"image.default\">\n\t\t\t\t<div class=\"elementor-widget-container\">\n\t\t\t\t\t<div class=\"elementor-image\">\n\t\t\t\t\t\t\t\t\t\t\t<a href=\"https:\/\/pizzeriadedapala.sk\/kontakt\/\">\n\t\t\t\t\t\t\t<img width=\"1536\" height=\"584\" src=\"https:\/\/d.r1.wbsprt.com\/pizzeriadedapala.sk\/wp-content\/uploads\/2021\/03\/FB-title-pizza-1536x584.jpg\" class=\"attachment-1536x1536 size-1536x1536\" alt=\"\" loading=\"lazy\" srcset=\"https:\/\/d.r1.wbsprt.com\/pizzeriadedapala.sk\/wp-content\/uploads\/2021\/03\/FB-title-pizza-1536x584.jpg 1536w, https:\/\/d.r1.wbsprt.com\/pizzeriadedapala.sk\/wp-content\/uploads\/2021\/03\/FB-title-pizza-300x114.jpg 300w, https:\/\/d.r1.wbsprt.com\/pizzeriadedapala.sk\/wp-content\/uploads\/2021\/03\/FB-title-pizza-1024x390.jpg 1024w, https:\/\/d.r1.wbsprt.com\/pizzeriadedapala.sk\/wp-content\/uploads\/2021\/03\/FB-title-pizza-768x292.jpg 768w, https:\/\/d.r1.wbsprt.com\/pizzeriadedapala.sk\/wp-content\/uploads\/2021\/03\/FB-title-pizza-2048x779.jpg 2048w\" sizes=\"(max-width: 1536px) 100vw, 1536px\" \/>\t\t\t\t\t\t\t\t<\/a>\n\t\t\t\t\t\t\t\t\t\t\t<\/div>\n\t\t\t\t<\/div>\n\t\t\t\t<\/div>\n\t\t\t\t\t\t<\/div>\n\t\t\t\t\t<\/div>\n\t\t<\/div>\n\t\t\t\t\t\t\t\t<\/div>\n\t\t\t\t\t<\/div>\n\t\t<\/section>\n\t\t\t\t<section class=\"elementor-section elementor-top-section elementor-element elementor-element-8cded03 elementor-section-boxed elementor-section-height-default elementor-section-height-default\" data-id=\"8cded03\" data-element_type=\"section\">\n\t\t\t\t\t\t<div class=\"elementor-container elementor-column-gap-default\">\n\t\t\t\t\t\t\t<div class=\"elementor-row\">\n\t\t\t\t\t<div class=\"elementor-column elementor-col-100 elementor-top-column elementor-element elementor-element-2c8f3c3\" data-id=\"2c8f3c3\" data-element_type=\"column\">\n\t\t\t<div class=\"elementor-column-wrap elementor-element-populated\">\n\t\t\t\t\t\t\t<div class=\"elementor-widget-wrap\">\n\t\t\t\t\t\t<div class=\"elementor-element elementor-element-755d0fa elementor-widget-divider--view-line elementor-widget elementor-widget-divider\" data-id=\"755d0fa\" data-element_type=\"widget\" data-widget_type=\"divider.default\">\n\t\t\t\t<div class=\"elementor-widget-container\">\n\t\t\t\t\t<div class=\"elementor-divider\">\n\t\t\t<span class=\"elementor-divider-separator\">\n\t\t\t\t\t\t<\/span>\n\t\t<\/div>\n\t\t\t\t<\/div>\n\t\t\t\t<\/div>\n\t\t\t\t\t\t<\/div>\n\t\t\t\t\t<\/div>\n\t\t<\/div>\n\t\t\t\t\t\t\t\t<\/div>\n\t\t\t\t\t<\/div>\n\t\t<\/section>\n\t\t\t\t\t\t<\/div>\n\t\t\t\t\t\t<\/div>\n\t\t\t\t\t<\/div>\n\t\t","protected":false},"excerpt":{"rendered":"<p>Obedov\u00e9 menu Ak m\u00e1te chu\u0165 na nie\u010do dobr\u00e9, zavolajte n\u00e1m a objednajte si. Obedov\u00e9 menu V\u00e1m radi zabal\u00edme a donesieme priamo domov \u010di do pr\u00e1ce. V cene menu je hlavn\u00e9 jedlo aj polievka. Prajeme v\u00e1m dobr\u00fa chu\u0165! Rozvoz ROZVOZ ZDARMA Kalinkovo ROZVOZ &#8211; 1\u20ac Hamuliakovo, Dunajsk\u00e1 Lu\u017en\u00e1*rozvoz zdarma pri odbere 2 a viac ks pizze\/menu &hellip;<\/p>\n<p class=\"read-more\"> <a class=\"\" href=\"https:\/\/d.r1.wbsprt.com\/pizzeriadedapala.sk\/menu\/\"> <span class=\"screen-reader-text\">Obedov\u00e9 menu<\/span> \u010c\u00edtajte viac &raquo;<\/a><\/p>\n","protected":false},"author":1,"featured_media":0,"parent":0,"menu_order":0,"comment_status":"closed","ping_status":"closed","template":"","meta":{"_monsterinsights_skip_tracking":false,"_monsterinsights_sitenote_active":false,"_monsterinsights_sitenote_note":"","_monsterinsights_sitenote_category":0},"yoast_head":"<!-- This site is optimized with the Yoast SEO plugin v15.7 - https:\/\/yoast.com\/wordpress\/plugins\/seo\/ -->\n<title>Obedov\u00e9 menu - pizzeriadedapala.sk<\/title>\n<meta name=\"robots\" content=\"index, follow, max-snippet:-1, max-image-preview:large, max-video-preview:-1\" \/>\n<link rel=\"canonical\" href=\"https:\/\/pizzeriadedapala.sk\/menu\/\" \/>\n<meta property=\"og:locale\" content=\"sk_SK\" \/>\n<meta property=\"og:type\" content=\"article\" \/>\n<meta property=\"og:title\" content=\"Obedov\u00e9 menu - pizzeriadedapala.sk\" \/>\n<meta property=\"og:description\" content=\"Obedov\u00e9 menu Ak m\u00e1te chu\u0165 na nie\u010do dobr\u00e9, zavolajte n\u00e1m a objednajte si. Obedov\u00e9 menu V\u00e1m radi zabal\u00edme a donesieme priamo domov \u010di do pr\u00e1ce. V cene menu je hlavn\u00e9 jedlo aj polievka. Prajeme v\u00e1m dobr\u00fa chu\u0165! Rozvoz ROZVOZ ZDARMA Kalinkovo ROZVOZ &#8211; 1\u20ac Hamuliakovo, Dunajsk\u00e1 Lu\u017en\u00e1*rozvoz zdarma pri odbere 2 a viac ks pizze\/menu &hellip; Obedov\u00e9 menu \u010c\u00edtajte viac &raquo;\" \/>\n<meta property=\"og:url\" content=\"https:\/\/pizzeriadedapala.sk\/menu\/\" \/>\n<meta property=\"og:site_name\" content=\"pizzeriadedapala.sk\" \/>\n<meta property=\"article:modified_time\" content=\"2026-04-26T12:10:25+00:00\" \/>\n<meta property=\"og:image\" content=\"https:\/\/pizzeriadedapala.sk\/wp-content\/uploads\/2018\/09\/frill-free-img.png\" \/>\n<meta name=\"twitter:card\" content=\"summary_large_image\" \/>\n<meta name=\"twitter:label1\" content=\"Predpokladan\u00fd \u010das \u010d\u00edtania\">\n\t<meta name=\"twitter:data1\" content=\"1 min\u00fata\">\n<script type=\"application\/ld+json\" class=\"yoast-schema-graph\">{\"@context\":\"https:\/\/schema.org\",\"@graph\":[{\"@type\":\"WebSite\",\"@id\":\"https:\/\/pizzeriadedapala.sk\/#website\",\"url\":\"https:\/\/pizzeriadedapala.sk\/\",\"name\":\"pizzeriadedapala.sk\",\"description\":\"\",\"potentialAction\":[{\"@type\":\"SearchAction\",\"target\":\"https:\/\/pizzeriadedapala.sk\/?s={search_term_string}\",\"query-input\":\"required name=search_term_string\"}],\"inLanguage\":\"sk-SK\"},{\"@type\":\"ImageObject\",\"@id\":\"https:\/\/pizzeriadedapala.sk\/menu\/#primaryimage\",\"inLanguage\":\"sk-SK\",\"url\":\"https:\/\/pizzeriadedapala.sk\/wp-content\/uploads\/2018\/09\/frill-free-img.png\"},{\"@type\":\"WebPage\",\"@id\":\"https:\/\/pizzeriadedapala.sk\/menu\/#webpage\",\"url\":\"https:\/\/pizzeriadedapala.sk\/menu\/\",\"name\":\"Obedov\\u00e9 menu - pizzeriadedapala.sk\",\"isPartOf\":{\"@id\":\"https:\/\/pizzeriadedapala.sk\/#website\"},\"primaryImageOfPage\":{\"@id\":\"https:\/\/pizzeriadedapala.sk\/menu\/#primaryimage\"},\"datePublished\":\"2021-02-12T20:01:36+00:00\",\"dateModified\":\"2026-04-26T12:10:25+00:00\",\"inLanguage\":\"sk-SK\",\"potentialAction\":[{\"@type\":\"ReadAction\",\"target\":[\"https:\/\/pizzeriadedapala.sk\/menu\/\"]}]}]}<\/script>\n<!-- \/ Yoast SEO plugin. -->","_links":{"self":[{"href":"https:\/\/d.r1.wbsprt.com\/pizzeriadedapala.sk\/wp-json\/wp\/v2\/pages\/791"}],"collection":[{"href":"https:\/\/d.r1.wbsprt.com\/pizzeriadedapala.sk\/wp-json\/wp\/v2\/pages"}],"about":[{"href":"https:\/\/d.r1.wbsprt.com\/pizzeriadedapala.sk\/wp-json\/wp\/v2\/types\/page"}],"author":[{"embeddable":true,"href":"https:\/\/d.r1.wbsprt.com\/pizzeriadedapala.sk\/wp-json\/wp\/v2\/users\/1"}],"replies":[{"embeddable":true,"href":"https:\/\/d.r1.wbsprt.com\/pizzeriadedapala.sk\/wp-json\/wp\/v2\/comments?post=791"}],"version-history":[{"count":6,"href":"https:\/\/d.r1.wbsprt.com\/pizzeriadedapala.sk\/wp-json\/wp\/v2\/pages\/791\/revisions"}],"predecessor-version":[{"id":3062,"href":"https:\/\/d.r1.wbsprt.com\/pizzeriadedapala.sk\/wp-json\/wp\/v2\/pages\/791\/revisions\/3062"}],"wp:attachment":[{"href":"https:\/\/d.r1.wbsprt.com\/pizzeriadedapala.sk\/wp-json\/wp\/v2\/media?parent=791"}],"curies":[{"name":"wp","href":"https:\/\/api.w.org\/{rel}","templated":true}]}}