{"id":9030,"date":"2023-05-08T11:30:46","date_gmt":"2023-05-08T09:30:46","guid":{"rendered":"https:\/\/www.nabytok-prestige.sk\/?post_type=product&#038;p=9030"},"modified":"2023-05-08T11:34:12","modified_gmt":"2023-05-08T09:34:12","slug":"kansas-sedacia-suprava","status":"publish","type":"product","link":"https:\/\/d.r1.wbsprt.com\/nabytok-prestige.sk\/produkt\/kansas-sedacia-suprava\/","title":{"rendered":"Kansas sedacia s\u00faprava"},"content":{"rendered":"<p>Kansas sedacia s\u00faprava je modern\u00e1 komfortn\u00e1 seda\u010dka s pohodln\u00fdm seden\u00edm.<\/p>\n<p>Modern\u00fd, elegantn\u00fd dizajn, ktor\u00fd prin\u00e1\u0161a \u013eahkos\u0165 do interi\u00e9ru postaven\u00fd na vysok\u00fdch kovov\u00fdch no\u017ei\u010dk\u00e1ch (17cm). \u0160irok\u00e1 variabilita rozmerov. Vo\u013en\u00e9 vank\u00fa\u0161e.<\/p>\n<p>Sedacia s\u00faprava Kansas <a href=\"https:\/\/www.nabytok-prestige.sk\/wp-content\/uploads\/2023\/05\/kansas-sedacka-prospekt.pdf\" target=\"_blank\" rel=\"noopener\">prospekt v PDF.<\/a><\/p>\n<p><a href=\"https:\/\/www.gkt.sk\/vzorkovnik\/\" target=\"_blank\" rel=\"noopener\">Po\u0165ah sa d\u00e1 vybra\u0165 zo vzorkovn\u00edka po\u0165ahov\u00fdch kolekci\u00ed od II. cenovej skupiny a\u017e po VII. cenov\u00fa skupinu a taktie\u017e aj z kolekci\u00ed ko\u017e\u00ed.<\/a><\/p>\n<p>Po\u017eadovan\u00e9 prevedenie m\u00f4\u017eete uvies\u0165 pri objedn\u00e1vke na z\u00e1ver do pozn\u00e1mky.<br \/>\nPo odoslan\u00ed objedn\u00e1vky objedn\u00e1vku s vami e\u0161te telefonicky alebo mailom prekonzultujeme za \u00fa\u010delom potvrdenia spr\u00e1vneho prevedenia .<\/p>\n<p>&nbsp;<\/p>\n<p>&nbsp;<\/p>\n","protected":false},"excerpt":{"rendered":"<p>Kansas sedacia s\u00faprava je modern\u00e1 komfortn\u00e1 seda\u010dka s pohodln\u00fdm seden\u00edm. Modern\u00fd, elegantn\u00fd dizajn, ktor\u00fd prin\u00e1\u0161a \u013eahkos\u0165 do interi\u00e9ru postaven\u00fd na vysok\u00fdch kovov\u00fdch no\u017ei\u010dk\u00e1ch (17cm). \u0160irok\u00e1 variabilita rozmerov. Vo\u013en\u00e9 vank\u00fa\u0161e. Sedacia s\u00faprava Kansas prospekt v PDF. Po\u0165ah sa d\u00e1 vybra\u0165 zo vzorkovn\u00edka po\u0165ahov\u00fdch kolekci\u00ed od II. cenovej skupiny a\u017e po VII. cenov\u00fa skupinu a taktie\u017e aj [&hellip;]<\/p>\n","protected":false},"featured_media":9026,"template":"","meta":{"site-sidebar-layout":"default","site-content-layout":"default","ast-site-content-layout":"default","site-content-style":"default","site-sidebar-style":"default","ast-global-header-display":"","ast-banner-title-visibility":"","ast-main-header-display":"","ast-hfb-above-header-display":"","ast-hfb-below-header-display":"","ast-hfb-mobile-header-display":"","site-post-title":"","ast-breadcrumbs-content":"","ast-featured-img":"","footer-sml-layout":"","ast-disable-related-posts":"","theme-transparent-header-meta":"default","adv-header-id-meta":"","stick-header-meta":"","header-above-stick-meta":"","header-main-stick-meta":"","header-below-stick-meta":"","astra-migrate-meta-layouts":"default","ast-page-background-enabled":"default","ast-page-background-meta":{"desktop":{"background-color":"","background-image":"","background-repeat":"repeat","background-position":"center center","background-size":"auto","background-attachment":"scroll","background-type":"","background-media":"","overlay-type":"","overlay-color":"","overlay-opacity":"","overlay-gradient":""},"tablet":{"background-color":"","background-image":"","background-repeat":"repeat","background-position":"center center","background-size":"auto","background-attachment":"scroll","background-type":"","background-media":"","overlay-type":"","overlay-color":"","overlay-opacity":"","overlay-gradient":""},"mobile":{"background-color":"","background-image":"","background-repeat":"repeat","background-position":"center center","background-size":"auto","background-attachment":"scroll","background-type":"","background-media":"","overlay-type":"","overlay-color":"","overlay-opacity":"","overlay-gradient":""}},"ast-content-background-meta":{"desktop":{"background-color":"var(--ast-global-color-5)","background-image":"","background-repeat":"repeat","background-position":"center center","background-size":"auto","background-attachment":"scroll","background-type":"","background-media":"","overlay-type":"","overlay-color":"","overlay-opacity":"","overlay-gradient":""},"tablet":{"background-color":"var(--ast-global-color-5)","background-image":"","background-repeat":"repeat","background-position":"center center","background-size":"auto","background-attachment":"scroll","background-type":"","background-media":"","overlay-type":"","overlay-color":"","overlay-opacity":"","overlay-gradient":""},"mobile":{"background-color":"var(--ast-global-color-5)","background-image":"","background-repeat":"repeat","background-position":"center center","background-size":"auto","background-attachment":"scroll","background-type":"","background-media":"","overlay-type":"","overlay-color":"","overlay-opacity":"","overlay-gradient":""}}},"product_brand":[],"product_cat":[55],"product_tag":[],"class_list":{"0":"post-9030","1":"product","2":"type-product","3":"status-publish","4":"has-post-thumbnail","6":"product_cat-sedacie-supravy-gkt","7":"desktop-align-left","8":"tablet-align-left","9":"mobile-align-left","11":"first","12":"instock","13":"shipping-taxable","14":"product-type-simple"},"yoast_head":"<!-- This site is optimized with the Yoast SEO plugin v27.4 - https:\/\/yoast.com\/product\/yoast-seo-wordpress\/ -->\n<title>Kansas sedacia s\u00faprava - N\u00e1bytok Prestige, Ru\u017eomberok<\/title>\n<meta name=\"description\" content=\"Kansas sedacia s\u00faprava je modern\u00e1 komfortn\u00e1 seda\u010dka s pohodln\u00fdm seden\u00edm.Seda\u010dka je na vysok\u00fdch kovov\u00fdch no\u017ei\u010dk\u00e1ch (17cm). \u0160irok\u00e1 variabilita rozmerov.\" \/>\n<meta name=\"robots\" content=\"index, follow, max-snippet:-1, max-image-preview:large, max-video-preview:-1\" \/>\n<link rel=\"canonical\" href=\"https:\/\/www.nabytok-prestige.sk\/produkt\/kansas-sedacia-suprava\/\" \/>\n<meta property=\"og:locale\" content=\"sk_SK\" \/>\n<meta property=\"og:type\" content=\"article\" \/>\n<meta property=\"og:title\" content=\"Kansas sedacia s\u00faprava - N\u00e1bytok Prestige, Ru\u017eomberok\" \/>\n<meta property=\"og:description\" content=\"Kansas sedacia s\u00faprava je modern\u00e1 komfortn\u00e1 seda\u010dka s pohodln\u00fdm seden\u00edm.Seda\u010dka je na vysok\u00fdch kovov\u00fdch no\u017ei\u010dk\u00e1ch (17cm). \u0160irok\u00e1 variabilita rozmerov.\" \/>\n<meta property=\"og:url\" content=\"https:\/\/www.nabytok-prestige.sk\/produkt\/kansas-sedacia-suprava\/\" \/>\n<meta property=\"og:site_name\" content=\"N\u00e1bytok Prestige, Ru\u017eomberok\" \/>\n<meta property=\"article:modified_time\" content=\"2023-05-08T09:34:12+00:00\" \/>\n<meta property=\"og:image\" content=\"https:\/\/www.nabytok-prestige.sk\/wp-content\/uploads\/2023\/05\/Kansas-sedacia-suprava.jpg\" \/>\n\t<meta property=\"og:image:width\" content=\"900\" \/>\n\t<meta property=\"og:image:height\" content=\"900\" \/>\n\t<meta property=\"og:image:type\" content=\"image\/jpeg\" \/>\n<meta name=\"twitter:card\" content=\"summary_large_image\" \/>\n<meta name=\"twitter:label1\" content=\"Predpokladan\u00fd \u010das \u010d\u00edtania\" \/>\n\t<meta name=\"twitter:data1\" content=\"1 min\u00fata\" \/>\n<script type=\"application\/ld+json\" class=\"yoast-schema-graph\">{\"@context\":\"https:\\\/\\\/schema.org\",\"@graph\":[{\"@type\":\"WebPage\",\"@id\":\"https:\\\/\\\/www.nabytok-prestige.sk\\\/produkt\\\/kansas-sedacia-suprava\\\/\",\"url\":\"https:\\\/\\\/www.nabytok-prestige.sk\\\/produkt\\\/kansas-sedacia-suprava\\\/\",\"name\":\"Kansas sedacia s\u00faprava - N\u00e1bytok Prestige, Ru\u017eomberok\",\"isPartOf\":{\"@id\":\"https:\\\/\\\/www.nabytok-prestige.sk\\\/#website\"},\"primaryImageOfPage\":{\"@id\":\"https:\\\/\\\/www.nabytok-prestige.sk\\\/produkt\\\/kansas-sedacia-suprava\\\/#primaryimage\"},\"image\":{\"@id\":\"https:\\\/\\\/www.nabytok-prestige.sk\\\/produkt\\\/kansas-sedacia-suprava\\\/#primaryimage\"},\"thumbnailUrl\":\"https:\\\/\\\/d.r1.wbsprt.com\\\/nabytok-prestige.sk\\\/wp-content\\\/uploads\\\/2023\\\/05\\\/Kansas-sedacia-suprava.jpg\",\"datePublished\":\"2023-05-08T09:30:46+00:00\",\"dateModified\":\"2023-05-08T09:34:12+00:00\",\"description\":\"Kansas sedacia s\u00faprava je modern\u00e1 komfortn\u00e1 seda\u010dka s pohodln\u00fdm seden\u00edm.Seda\u010dka je na vysok\u00fdch kovov\u00fdch no\u017ei\u010dk\u00e1ch (17cm). \u0160irok\u00e1 variabilita rozmerov.\",\"breadcrumb\":{\"@id\":\"https:\\\/\\\/www.nabytok-prestige.sk\\\/produkt\\\/kansas-sedacia-suprava\\\/#breadcrumb\"},\"inLanguage\":\"sk-SK\",\"potentialAction\":[{\"@type\":\"ReadAction\",\"target\":[\"https:\\\/\\\/www.nabytok-prestige.sk\\\/produkt\\\/kansas-sedacia-suprava\\\/\"]}]},{\"@type\":\"ImageObject\",\"inLanguage\":\"sk-SK\",\"@id\":\"https:\\\/\\\/www.nabytok-prestige.sk\\\/produkt\\\/kansas-sedacia-suprava\\\/#primaryimage\",\"url\":\"https:\\\/\\\/d.r1.wbsprt.com\\\/nabytok-prestige.sk\\\/wp-content\\\/uploads\\\/2023\\\/05\\\/Kansas-sedacia-suprava.jpg\",\"contentUrl\":\"https:\\\/\\\/d.r1.wbsprt.com\\\/nabytok-prestige.sk\\\/wp-content\\\/uploads\\\/2023\\\/05\\\/Kansas-sedacia-suprava.jpg\",\"width\":900,\"height\":900,\"caption\":\"Kansas sedacia s\u00faprava\"},{\"@type\":\"BreadcrumbList\",\"@id\":\"https:\\\/\\\/www.nabytok-prestige.sk\\\/produkt\\\/kansas-sedacia-suprava\\\/#breadcrumb\",\"itemListElement\":[{\"@type\":\"ListItem\",\"position\":1,\"name\":\"Home\",\"item\":\"https:\\\/\\\/www.nabytok-prestige.sk\\\/\"},{\"@type\":\"ListItem\",\"position\":2,\"name\":\"Obchod\",\"item\":\"https:\\\/\\\/www.nabytok-prestige.sk\\\/shop\\\/\"},{\"@type\":\"ListItem\",\"position\":3,\"name\":\"Kansas sedacia s\u00faprava\"}]},{\"@type\":\"WebSite\",\"@id\":\"https:\\\/\\\/www.nabytok-prestige.sk\\\/#website\",\"url\":\"https:\\\/\\\/www.nabytok-prestige.sk\\\/\",\"name\":\"N\u00e1bytok Prestige, Ru\u017eomberok\",\"description\":\"Sme s Vami u\u017e 31 rokov\",\"publisher\":{\"@id\":\"https:\\\/\\\/www.nabytok-prestige.sk\\\/#organization\"},\"potentialAction\":[{\"@type\":\"SearchAction\",\"target\":{\"@type\":\"EntryPoint\",\"urlTemplate\":\"https:\\\/\\\/www.nabytok-prestige.sk\\\/?s={search_term_string}\"},\"query-input\":{\"@type\":\"PropertyValueSpecification\",\"valueRequired\":true,\"valueName\":\"search_term_string\"}}],\"inLanguage\":\"sk-SK\"},{\"@type\":\"Organization\",\"@id\":\"https:\\\/\\\/www.nabytok-prestige.sk\\\/#organization\",\"name\":\"N\u00e1bytok Prestige, Ru\u017eomberok\",\"url\":\"https:\\\/\\\/www.nabytok-prestige.sk\\\/\",\"logo\":{\"@type\":\"ImageObject\",\"inLanguage\":\"sk-SK\",\"@id\":\"https:\\\/\\\/www.nabytok-prestige.sk\\\/#\\\/schema\\\/logo\\\/image\\\/\",\"url\":\"https:\\\/\\\/d.r1.wbsprt.com\\\/nabytok-prestige.sk\\\/wp-content\\\/uploads\\\/2021\\\/05\\\/Prestige.jpg\",\"contentUrl\":\"https:\\\/\\\/d.r1.wbsprt.com\\\/nabytok-prestige.sk\\\/wp-content\\\/uploads\\\/2021\\\/05\\\/Prestige.jpg\",\"width\":180,\"height\":67,\"caption\":\"N\u00e1bytok Prestige, Ru\u017eomberok\"},\"image\":{\"@id\":\"https:\\\/\\\/www.nabytok-prestige.sk\\\/#\\\/schema\\\/logo\\\/image\\\/\"}}]}<\/script>\n<!-- \/ Yoast SEO plugin. -->","yoast_head_json":{"title":"Kansas sedacia s\u00faprava - N\u00e1bytok Prestige, Ru\u017eomberok","description":"Kansas sedacia s\u00faprava je modern\u00e1 komfortn\u00e1 seda\u010dka s pohodln\u00fdm seden\u00edm.Seda\u010dka je na vysok\u00fdch kovov\u00fdch no\u017ei\u010dk\u00e1ch (17cm). \u0160irok\u00e1 variabilita rozmerov.","robots":{"index":"index","follow":"follow","max-snippet":"max-snippet:-1","max-image-preview":"max-image-preview:large","max-video-preview":"max-video-preview:-1"},"canonical":"https:\/\/www.nabytok-prestige.sk\/produkt\/kansas-sedacia-suprava\/","og_locale":"sk_SK","og_type":"article","og_title":"Kansas sedacia s\u00faprava - N\u00e1bytok Prestige, Ru\u017eomberok","og_description":"Kansas sedacia s\u00faprava je modern\u00e1 komfortn\u00e1 seda\u010dka s pohodln\u00fdm seden\u00edm.Seda\u010dka je na vysok\u00fdch kovov\u00fdch no\u017ei\u010dk\u00e1ch (17cm). \u0160irok\u00e1 variabilita rozmerov.","og_url":"https:\/\/www.nabytok-prestige.sk\/produkt\/kansas-sedacia-suprava\/","og_site_name":"N\u00e1bytok Prestige, Ru\u017eomberok","article_modified_time":"2023-05-08T09:34:12+00:00","og_image":[{"width":900,"height":900,"url":"https:\/\/www.nabytok-prestige.sk\/wp-content\/uploads\/2023\/05\/Kansas-sedacia-suprava.jpg","type":"image\/jpeg"}],"twitter_card":"summary_large_image","twitter_misc":{"Predpokladan\u00fd \u010das \u010d\u00edtania":"1 min\u00fata"},"schema":{"@context":"https:\/\/schema.org","@graph":[{"@type":"WebPage","@id":"https:\/\/www.nabytok-prestige.sk\/produkt\/kansas-sedacia-suprava\/","url":"https:\/\/www.nabytok-prestige.sk\/produkt\/kansas-sedacia-suprava\/","name":"Kansas sedacia s\u00faprava - N\u00e1bytok Prestige, Ru\u017eomberok","isPartOf":{"@id":"https:\/\/www.nabytok-prestige.sk\/#website"},"primaryImageOfPage":{"@id":"https:\/\/www.nabytok-prestige.sk\/produkt\/kansas-sedacia-suprava\/#primaryimage"},"image":{"@id":"https:\/\/www.nabytok-prestige.sk\/produkt\/kansas-sedacia-suprava\/#primaryimage"},"thumbnailUrl":"https:\/\/d.r1.wbsprt.com\/nabytok-prestige.sk\/wp-content\/uploads\/2023\/05\/Kansas-sedacia-suprava.jpg","datePublished":"2023-05-08T09:30:46+00:00","dateModified":"2023-05-08T09:34:12+00:00","description":"Kansas sedacia s\u00faprava je modern\u00e1 komfortn\u00e1 seda\u010dka s pohodln\u00fdm seden\u00edm.Seda\u010dka je na vysok\u00fdch kovov\u00fdch no\u017ei\u010dk\u00e1ch (17cm). \u0160irok\u00e1 variabilita rozmerov.","breadcrumb":{"@id":"https:\/\/www.nabytok-prestige.sk\/produkt\/kansas-sedacia-suprava\/#breadcrumb"},"inLanguage":"sk-SK","potentialAction":[{"@type":"ReadAction","target":["https:\/\/www.nabytok-prestige.sk\/produkt\/kansas-sedacia-suprava\/"]}]},{"@type":"ImageObject","inLanguage":"sk-SK","@id":"https:\/\/www.nabytok-prestige.sk\/produkt\/kansas-sedacia-suprava\/#primaryimage","url":"https:\/\/d.r1.wbsprt.com\/nabytok-prestige.sk\/wp-content\/uploads\/2023\/05\/Kansas-sedacia-suprava.jpg","contentUrl":"https:\/\/d.r1.wbsprt.com\/nabytok-prestige.sk\/wp-content\/uploads\/2023\/05\/Kansas-sedacia-suprava.jpg","width":900,"height":900,"caption":"Kansas sedacia s\u00faprava"},{"@type":"BreadcrumbList","@id":"https:\/\/www.nabytok-prestige.sk\/produkt\/kansas-sedacia-suprava\/#breadcrumb","itemListElement":[{"@type":"ListItem","position":1,"name":"Home","item":"https:\/\/www.nabytok-prestige.sk\/"},{"@type":"ListItem","position":2,"name":"Obchod","item":"https:\/\/www.nabytok-prestige.sk\/shop\/"},{"@type":"ListItem","position":3,"name":"Kansas sedacia s\u00faprava"}]},{"@type":"WebSite","@id":"https:\/\/www.nabytok-prestige.sk\/#website","url":"https:\/\/www.nabytok-prestige.sk\/","name":"N\u00e1bytok Prestige, Ru\u017eomberok","description":"Sme s Vami u\u017e 31 rokov","publisher":{"@id":"https:\/\/www.nabytok-prestige.sk\/#organization"},"potentialAction":[{"@type":"SearchAction","target":{"@type":"EntryPoint","urlTemplate":"https:\/\/www.nabytok-prestige.sk\/?s={search_term_string}"},"query-input":{"@type":"PropertyValueSpecification","valueRequired":true,"valueName":"search_term_string"}}],"inLanguage":"sk-SK"},{"@type":"Organization","@id":"https:\/\/www.nabytok-prestige.sk\/#organization","name":"N\u00e1bytok Prestige, Ru\u017eomberok","url":"https:\/\/www.nabytok-prestige.sk\/","logo":{"@type":"ImageObject","inLanguage":"sk-SK","@id":"https:\/\/www.nabytok-prestige.sk\/#\/schema\/logo\/image\/","url":"https:\/\/d.r1.wbsprt.com\/nabytok-prestige.sk\/wp-content\/uploads\/2021\/05\/Prestige.jpg","contentUrl":"https:\/\/d.r1.wbsprt.com\/nabytok-prestige.sk\/wp-content\/uploads\/2021\/05\/Prestige.jpg","width":180,"height":67,"caption":"N\u00e1bytok Prestige, Ru\u017eomberok"},"image":{"@id":"https:\/\/www.nabytok-prestige.sk\/#\/schema\/logo\/image\/"}}]}},"_links":{"self":[{"href":"https:\/\/d.r1.wbsprt.com\/nabytok-prestige.sk\/wp-json\/wp\/v2\/product\/9030","targetHints":{"allow":["GET"]}}],"collection":[{"href":"https:\/\/d.r1.wbsprt.com\/nabytok-prestige.sk\/wp-json\/wp\/v2\/product"}],"about":[{"href":"https:\/\/d.r1.wbsprt.com\/nabytok-prestige.sk\/wp-json\/wp\/v2\/types\/product"}],"wp:featuredmedia":[{"embeddable":true,"href":"https:\/\/d.r1.wbsprt.com\/nabytok-prestige.sk\/wp-json\/wp\/v2\/media\/9026"}],"wp:attachment":[{"href":"https:\/\/d.r1.wbsprt.com\/nabytok-prestige.sk\/wp-json\/wp\/v2\/media?parent=9030"}],"wp:term":[{"taxonomy":"product_brand","embeddable":true,"href":"https:\/\/d.r1.wbsprt.com\/nabytok-prestige.sk\/wp-json\/wp\/v2\/product_brand?post=9030"},{"taxonomy":"product_cat","embeddable":true,"href":"https:\/\/d.r1.wbsprt.com\/nabytok-prestige.sk\/wp-json\/wp\/v2\/product_cat?post=9030"},{"taxonomy":"product_tag","embeddable":true,"href":"https:\/\/d.r1.wbsprt.com\/nabytok-prestige.sk\/wp-json\/wp\/v2\/product_tag?post=9030"}],"curies":[{"name":"wp","href":"https:\/\/api.w.org\/{rel}","templated":true}]}}