{"id":8807,"date":"2023-04-18T23:07:32","date_gmt":"2023-04-18T21:07:32","guid":{"rendered":"https:\/\/www.nabytok-prestige.sk\/?post_type=product&#038;p=8807"},"modified":"2023-04-18T23:28:34","modified_gmt":"2023-04-18T21:28:34","slug":"lara-sedacia-suprava-rohova","status":"publish","type":"product","link":"https:\/\/d.r1.wbsprt.com\/nabytok-prestige.sk\/produkt\/lara-sedacia-suprava-rohova\/","title":{"rendered":"Lara sedacia s\u00faprava rohov\u00e1"},"content":{"rendered":"<div id=\"tab-description\" class=\"woocommerce-Tabs-panel woocommerce-Tabs-panel--description panel entry-content wc-tab\" role=\"tabpanel\" aria-labelledby=\"tab-title-description\">\n<p>Lara sedacia s\u00faprava rohov\u00e1 je modern\u00e1 seda\u010dka s polohovan\u00edm operadiel chrbtovej \u010dasti a polohovan\u00edm z\u00e1hlavn\u00fdch opierok \u010do je zn\u00e1zornen\u00e9 aj v prilo\u017een\u00fdch animovan\u00fdch obr\u00e1zkoch.<\/p>\n<p>Je to mal\u00e1 rohov\u00e1 s\u00faprava s variabilnou h\u013abkou sedenia, to\u00a0 znamen\u00e1 \u017ee operadl\u00e1 na elementoch 2F a na koncovom otomane sa daj\u00fa pos\u00fava\u0165 dopredu i dozadu.<\/p>\n<p>Na v\u0161etk\u00fdch troch elementoch s\u00fa polohovate\u013en\u00e9 opierky hlavy. Pohovka 2F je rozkladacia na pr\u00edle\u017eitostn\u00e9 spanie, a koncov\u00fd otoman m\u00e1 \u00falo\u017en\u00fd priestor.<\/p>\n<p>Nohy s\u00fa dreven\u00e9 vo farb\u00e1ch buk pr\u00edrodn\u00fd, \u010dere\u0161\u0148a, orech, wenge a strieborn\u00e1.<\/p>\n<p><a href=\"https:\/\/www.gkt.sk\/vzorkovnik\/\" target=\"_blank\" rel=\"noopener\">Po\u0165ah sa d\u00e1 vybra\u0165 zo vzorkovn\u00edka po\u0165ahov\u00fdch kolekci\u00ed od II. cenovej skupiny a\u017e po VII. cenov\u00fa skupinu a taktie\u017e aj z kolekci\u00ed ko\u017e\u00ed.<\/a><\/p>\n<\/div>\n","protected":false},"excerpt":{"rendered":"<p>Lara sedacia s\u00faprava rohov\u00e1 je modern\u00e1 seda\u010dka s polohovan\u00edm operadiel chrbtovej \u010dasti a polohovan\u00edm z\u00e1hlavn\u00fdch opierok \u010do je zn\u00e1zornen\u00e9 aj v prilo\u017een\u00fdch animovan\u00fdch obr\u00e1zkoch. Je to mal\u00e1 rohov\u00e1 s\u00faprava s variabilnou h\u013abkou sedenia, to\u00a0 znamen\u00e1 \u017ee operadl\u00e1 na elementoch 2F a na koncovom otomane sa daj\u00fa pos\u00fava\u0165 dopredu i dozadu. Na v\u0161etk\u00fdch troch elementoch s\u00fa [&hellip;]<\/p>\n","protected":false},"featured_media":8811,"template":"","meta":{"site-sidebar-layout":"default","site-content-layout":"default","ast-site-content-layout":"default","site-content-style":"default","site-sidebar-style":"default","ast-global-header-display":"","ast-banner-title-visibility":"","ast-main-header-display":"","ast-hfb-above-header-display":"","ast-hfb-below-header-display":"","ast-hfb-mobile-header-display":"","site-post-title":"","ast-breadcrumbs-content":"","ast-featured-img":"","footer-sml-layout":"","ast-disable-related-posts":"","theme-transparent-header-meta":"default","adv-header-id-meta":"","stick-header-meta":"","header-above-stick-meta":"","header-main-stick-meta":"","header-below-stick-meta":"","astra-migrate-meta-layouts":"default","ast-page-background-enabled":"default","ast-page-background-meta":{"desktop":{"background-color":"","background-image":"","background-repeat":"repeat","background-position":"center center","background-size":"auto","background-attachment":"scroll","background-type":"","background-media":"","overlay-type":"","overlay-color":"","overlay-opacity":"","overlay-gradient":""},"tablet":{"background-color":"","background-image":"","background-repeat":"repeat","background-position":"center center","background-size":"auto","background-attachment":"scroll","background-type":"","background-media":"","overlay-type":"","overlay-color":"","overlay-opacity":"","overlay-gradient":""},"mobile":{"background-color":"","background-image":"","background-repeat":"repeat","background-position":"center center","background-size":"auto","background-attachment":"scroll","background-type":"","background-media":"","overlay-type":"","overlay-color":"","overlay-opacity":"","overlay-gradient":""}},"ast-content-background-meta":{"desktop":{"background-color":"var(--ast-global-color-5)","background-image":"","background-repeat":"repeat","background-position":"center center","background-size":"auto","background-attachment":"scroll","background-type":"","background-media":"","overlay-type":"","overlay-color":"","overlay-opacity":"","overlay-gradient":""},"tablet":{"background-color":"var(--ast-global-color-5)","background-image":"","background-repeat":"repeat","background-position":"center center","background-size":"auto","background-attachment":"scroll","background-type":"","background-media":"","overlay-type":"","overlay-color":"","overlay-opacity":"","overlay-gradient":""},"mobile":{"background-color":"var(--ast-global-color-5)","background-image":"","background-repeat":"repeat","background-position":"center center","background-size":"auto","background-attachment":"scroll","background-type":"","background-media":"","overlay-type":"","overlay-color":"","overlay-opacity":"","overlay-gradient":""}}},"product_brand":[],"product_cat":[55],"product_tag":[],"class_list":{"0":"post-8807","1":"product","2":"type-product","3":"status-publish","4":"has-post-thumbnail","6":"product_cat-sedacie-supravy-gkt","7":"desktop-align-left","8":"tablet-align-left","9":"mobile-align-left","11":"first","12":"instock","13":"shipping-taxable","14":"product-type-simple"},"yoast_head":"<!-- This site is optimized with the Yoast SEO plugin v27.4 - https:\/\/yoast.com\/product\/yoast-seo-wordpress\/ -->\n<title>Lara sedacia s\u00faprava rohov\u00e1 - N\u00e1bytok Prestige, Ru\u017eomberok<\/title>\n<meta name=\"description\" content=\"Lara sedacia s\u00faprava rohov\u00e1Lara sedacia s\u00faprava rohov\u00e1 je modern\u00e1 seda\u010dka s polohovan\u00edm operadiel chrbtovej \u010dasti a polohovan\u00edm z\u00e1hlavn\u00fdch opierok\" \/>\n<meta name=\"robots\" content=\"index, follow, max-snippet:-1, max-image-preview:large, max-video-preview:-1\" \/>\n<link rel=\"canonical\" href=\"https:\/\/www.nabytok-prestige.sk\/produkt\/lara-sedacia-suprava-rohova\/\" \/>\n<meta property=\"og:locale\" content=\"sk_SK\" \/>\n<meta property=\"og:type\" content=\"article\" \/>\n<meta property=\"og:title\" content=\"Lara sedacia s\u00faprava rohov\u00e1 - N\u00e1bytok Prestige, Ru\u017eomberok\" \/>\n<meta property=\"og:description\" content=\"Lara sedacia s\u00faprava rohov\u00e1Lara sedacia s\u00faprava rohov\u00e1 je modern\u00e1 seda\u010dka s polohovan\u00edm operadiel chrbtovej \u010dasti a polohovan\u00edm z\u00e1hlavn\u00fdch opierok\" \/>\n<meta property=\"og:url\" content=\"https:\/\/www.nabytok-prestige.sk\/produkt\/lara-sedacia-suprava-rohova\/\" \/>\n<meta property=\"og:site_name\" content=\"N\u00e1bytok Prestige, Ru\u017eomberok\" \/>\n<meta property=\"article:modified_time\" content=\"2023-04-18T21:28:34+00:00\" \/>\n<meta property=\"og:image\" content=\"https:\/\/www.nabytok-prestige.sk\/wp-content\/uploads\/2023\/04\/Lara-sedacia-suprava-rohova.webp\" \/>\n\t<meta property=\"og:image:width\" content=\"999\" \/>\n\t<meta property=\"og:image:height\" content=\"999\" \/>\n\t<meta property=\"og:image:type\" content=\"image\/webp\" \/>\n<meta name=\"twitter:card\" content=\"summary_large_image\" \/>\n<meta name=\"twitter:label1\" content=\"Predpokladan\u00fd \u010das \u010d\u00edtania\" \/>\n\t<meta name=\"twitter:data1\" content=\"1 min\u00fata\" \/>\n<script type=\"application\/ld+json\" class=\"yoast-schema-graph\">{\"@context\":\"https:\\\/\\\/schema.org\",\"@graph\":[{\"@type\":\"WebPage\",\"@id\":\"https:\\\/\\\/www.nabytok-prestige.sk\\\/produkt\\\/lara-sedacia-suprava-rohova\\\/\",\"url\":\"https:\\\/\\\/www.nabytok-prestige.sk\\\/produkt\\\/lara-sedacia-suprava-rohova\\\/\",\"name\":\"Lara sedacia s\u00faprava rohov\u00e1 - N\u00e1bytok Prestige, Ru\u017eomberok\",\"isPartOf\":{\"@id\":\"https:\\\/\\\/www.nabytok-prestige.sk\\\/#website\"},\"primaryImageOfPage\":{\"@id\":\"https:\\\/\\\/www.nabytok-prestige.sk\\\/produkt\\\/lara-sedacia-suprava-rohova\\\/#primaryimage\"},\"image\":{\"@id\":\"https:\\\/\\\/www.nabytok-prestige.sk\\\/produkt\\\/lara-sedacia-suprava-rohova\\\/#primaryimage\"},\"thumbnailUrl\":\"https:\\\/\\\/d.r1.wbsprt.com\\\/nabytok-prestige.sk\\\/wp-content\\\/uploads\\\/2023\\\/04\\\/Lara-sedacia-suprava-rohova.webp\",\"datePublished\":\"2023-04-18T21:07:32+00:00\",\"dateModified\":\"2023-04-18T21:28:34+00:00\",\"description\":\"Lara sedacia s\u00faprava rohov\u00e1Lara sedacia s\u00faprava rohov\u00e1 je modern\u00e1 seda\u010dka s polohovan\u00edm operadiel chrbtovej \u010dasti a polohovan\u00edm z\u00e1hlavn\u00fdch opierok\",\"breadcrumb\":{\"@id\":\"https:\\\/\\\/www.nabytok-prestige.sk\\\/produkt\\\/lara-sedacia-suprava-rohova\\\/#breadcrumb\"},\"inLanguage\":\"sk-SK\",\"potentialAction\":[{\"@type\":\"ReadAction\",\"target\":[\"https:\\\/\\\/www.nabytok-prestige.sk\\\/produkt\\\/lara-sedacia-suprava-rohova\\\/\"]}]},{\"@type\":\"ImageObject\",\"inLanguage\":\"sk-SK\",\"@id\":\"https:\\\/\\\/www.nabytok-prestige.sk\\\/produkt\\\/lara-sedacia-suprava-rohova\\\/#primaryimage\",\"url\":\"https:\\\/\\\/d.r1.wbsprt.com\\\/nabytok-prestige.sk\\\/wp-content\\\/uploads\\\/2023\\\/04\\\/Lara-sedacia-suprava-rohova.webp\",\"contentUrl\":\"https:\\\/\\\/d.r1.wbsprt.com\\\/nabytok-prestige.sk\\\/wp-content\\\/uploads\\\/2023\\\/04\\\/Lara-sedacia-suprava-rohova.webp\",\"width\":999,\"height\":999,\"caption\":\"Lara sedacia s\u00faprava rohov\u00e1\"},{\"@type\":\"BreadcrumbList\",\"@id\":\"https:\\\/\\\/www.nabytok-prestige.sk\\\/produkt\\\/lara-sedacia-suprava-rohova\\\/#breadcrumb\",\"itemListElement\":[{\"@type\":\"ListItem\",\"position\":1,\"name\":\"Home\",\"item\":\"https:\\\/\\\/www.nabytok-prestige.sk\\\/\"},{\"@type\":\"ListItem\",\"position\":2,\"name\":\"Obchod\",\"item\":\"https:\\\/\\\/www.nabytok-prestige.sk\\\/shop\\\/\"},{\"@type\":\"ListItem\",\"position\":3,\"name\":\"Lara sedacia s\u00faprava rohov\u00e1\"}]},{\"@type\":\"WebSite\",\"@id\":\"https:\\\/\\\/www.nabytok-prestige.sk\\\/#website\",\"url\":\"https:\\\/\\\/www.nabytok-prestige.sk\\\/\",\"name\":\"N\u00e1bytok Prestige, Ru\u017eomberok\",\"description\":\"Sme s Vami u\u017e 31 rokov\",\"publisher\":{\"@id\":\"https:\\\/\\\/www.nabytok-prestige.sk\\\/#organization\"},\"potentialAction\":[{\"@type\":\"SearchAction\",\"target\":{\"@type\":\"EntryPoint\",\"urlTemplate\":\"https:\\\/\\\/www.nabytok-prestige.sk\\\/?s={search_term_string}\"},\"query-input\":{\"@type\":\"PropertyValueSpecification\",\"valueRequired\":true,\"valueName\":\"search_term_string\"}}],\"inLanguage\":\"sk-SK\"},{\"@type\":\"Organization\",\"@id\":\"https:\\\/\\\/www.nabytok-prestige.sk\\\/#organization\",\"name\":\"N\u00e1bytok Prestige, Ru\u017eomberok\",\"url\":\"https:\\\/\\\/www.nabytok-prestige.sk\\\/\",\"logo\":{\"@type\":\"ImageObject\",\"inLanguage\":\"sk-SK\",\"@id\":\"https:\\\/\\\/www.nabytok-prestige.sk\\\/#\\\/schema\\\/logo\\\/image\\\/\",\"url\":\"https:\\\/\\\/d.r1.wbsprt.com\\\/nabytok-prestige.sk\\\/wp-content\\\/uploads\\\/2021\\\/05\\\/Prestige.jpg\",\"contentUrl\":\"https:\\\/\\\/d.r1.wbsprt.com\\\/nabytok-prestige.sk\\\/wp-content\\\/uploads\\\/2021\\\/05\\\/Prestige.jpg\",\"width\":180,\"height\":67,\"caption\":\"N\u00e1bytok Prestige, Ru\u017eomberok\"},\"image\":{\"@id\":\"https:\\\/\\\/www.nabytok-prestige.sk\\\/#\\\/schema\\\/logo\\\/image\\\/\"}}]}<\/script>\n<!-- \/ Yoast SEO plugin. -->","yoast_head_json":{"title":"Lara sedacia s\u00faprava rohov\u00e1 - N\u00e1bytok Prestige, Ru\u017eomberok","description":"Lara sedacia s\u00faprava rohov\u00e1Lara sedacia s\u00faprava rohov\u00e1 je modern\u00e1 seda\u010dka s polohovan\u00edm operadiel chrbtovej \u010dasti a polohovan\u00edm z\u00e1hlavn\u00fdch opierok","robots":{"index":"index","follow":"follow","max-snippet":"max-snippet:-1","max-image-preview":"max-image-preview:large","max-video-preview":"max-video-preview:-1"},"canonical":"https:\/\/www.nabytok-prestige.sk\/produkt\/lara-sedacia-suprava-rohova\/","og_locale":"sk_SK","og_type":"article","og_title":"Lara sedacia s\u00faprava rohov\u00e1 - N\u00e1bytok Prestige, Ru\u017eomberok","og_description":"Lara sedacia s\u00faprava rohov\u00e1Lara sedacia s\u00faprava rohov\u00e1 je modern\u00e1 seda\u010dka s polohovan\u00edm operadiel chrbtovej \u010dasti a polohovan\u00edm z\u00e1hlavn\u00fdch opierok","og_url":"https:\/\/www.nabytok-prestige.sk\/produkt\/lara-sedacia-suprava-rohova\/","og_site_name":"N\u00e1bytok Prestige, Ru\u017eomberok","article_modified_time":"2023-04-18T21:28:34+00:00","og_image":[{"width":999,"height":999,"url":"https:\/\/www.nabytok-prestige.sk\/wp-content\/uploads\/2023\/04\/Lara-sedacia-suprava-rohova.webp","type":"image\/webp"}],"twitter_card":"summary_large_image","twitter_misc":{"Predpokladan\u00fd \u010das \u010d\u00edtania":"1 min\u00fata"},"schema":{"@context":"https:\/\/schema.org","@graph":[{"@type":"WebPage","@id":"https:\/\/www.nabytok-prestige.sk\/produkt\/lara-sedacia-suprava-rohova\/","url":"https:\/\/www.nabytok-prestige.sk\/produkt\/lara-sedacia-suprava-rohova\/","name":"Lara sedacia s\u00faprava rohov\u00e1 - N\u00e1bytok Prestige, Ru\u017eomberok","isPartOf":{"@id":"https:\/\/www.nabytok-prestige.sk\/#website"},"primaryImageOfPage":{"@id":"https:\/\/www.nabytok-prestige.sk\/produkt\/lara-sedacia-suprava-rohova\/#primaryimage"},"image":{"@id":"https:\/\/www.nabytok-prestige.sk\/produkt\/lara-sedacia-suprava-rohova\/#primaryimage"},"thumbnailUrl":"https:\/\/d.r1.wbsprt.com\/nabytok-prestige.sk\/wp-content\/uploads\/2023\/04\/Lara-sedacia-suprava-rohova.webp","datePublished":"2023-04-18T21:07:32+00:00","dateModified":"2023-04-18T21:28:34+00:00","description":"Lara sedacia s\u00faprava rohov\u00e1Lara sedacia s\u00faprava rohov\u00e1 je modern\u00e1 seda\u010dka s polohovan\u00edm operadiel chrbtovej \u010dasti a polohovan\u00edm z\u00e1hlavn\u00fdch opierok","breadcrumb":{"@id":"https:\/\/www.nabytok-prestige.sk\/produkt\/lara-sedacia-suprava-rohova\/#breadcrumb"},"inLanguage":"sk-SK","potentialAction":[{"@type":"ReadAction","target":["https:\/\/www.nabytok-prestige.sk\/produkt\/lara-sedacia-suprava-rohova\/"]}]},{"@type":"ImageObject","inLanguage":"sk-SK","@id":"https:\/\/www.nabytok-prestige.sk\/produkt\/lara-sedacia-suprava-rohova\/#primaryimage","url":"https:\/\/d.r1.wbsprt.com\/nabytok-prestige.sk\/wp-content\/uploads\/2023\/04\/Lara-sedacia-suprava-rohova.webp","contentUrl":"https:\/\/d.r1.wbsprt.com\/nabytok-prestige.sk\/wp-content\/uploads\/2023\/04\/Lara-sedacia-suprava-rohova.webp","width":999,"height":999,"caption":"Lara sedacia s\u00faprava rohov\u00e1"},{"@type":"BreadcrumbList","@id":"https:\/\/www.nabytok-prestige.sk\/produkt\/lara-sedacia-suprava-rohova\/#breadcrumb","itemListElement":[{"@type":"ListItem","position":1,"name":"Home","item":"https:\/\/www.nabytok-prestige.sk\/"},{"@type":"ListItem","position":2,"name":"Obchod","item":"https:\/\/www.nabytok-prestige.sk\/shop\/"},{"@type":"ListItem","position":3,"name":"Lara sedacia s\u00faprava rohov\u00e1"}]},{"@type":"WebSite","@id":"https:\/\/www.nabytok-prestige.sk\/#website","url":"https:\/\/www.nabytok-prestige.sk\/","name":"N\u00e1bytok Prestige, Ru\u017eomberok","description":"Sme s Vami u\u017e 31 rokov","publisher":{"@id":"https:\/\/www.nabytok-prestige.sk\/#organization"},"potentialAction":[{"@type":"SearchAction","target":{"@type":"EntryPoint","urlTemplate":"https:\/\/www.nabytok-prestige.sk\/?s={search_term_string}"},"query-input":{"@type":"PropertyValueSpecification","valueRequired":true,"valueName":"search_term_string"}}],"inLanguage":"sk-SK"},{"@type":"Organization","@id":"https:\/\/www.nabytok-prestige.sk\/#organization","name":"N\u00e1bytok Prestige, Ru\u017eomberok","url":"https:\/\/www.nabytok-prestige.sk\/","logo":{"@type":"ImageObject","inLanguage":"sk-SK","@id":"https:\/\/www.nabytok-prestige.sk\/#\/schema\/logo\/image\/","url":"https:\/\/d.r1.wbsprt.com\/nabytok-prestige.sk\/wp-content\/uploads\/2021\/05\/Prestige.jpg","contentUrl":"https:\/\/d.r1.wbsprt.com\/nabytok-prestige.sk\/wp-content\/uploads\/2021\/05\/Prestige.jpg","width":180,"height":67,"caption":"N\u00e1bytok Prestige, Ru\u017eomberok"},"image":{"@id":"https:\/\/www.nabytok-prestige.sk\/#\/schema\/logo\/image\/"}}]}},"_links":{"self":[{"href":"https:\/\/d.r1.wbsprt.com\/nabytok-prestige.sk\/wp-json\/wp\/v2\/product\/8807","targetHints":{"allow":["GET"]}}],"collection":[{"href":"https:\/\/d.r1.wbsprt.com\/nabytok-prestige.sk\/wp-json\/wp\/v2\/product"}],"about":[{"href":"https:\/\/d.r1.wbsprt.com\/nabytok-prestige.sk\/wp-json\/wp\/v2\/types\/product"}],"wp:featuredmedia":[{"embeddable":true,"href":"https:\/\/d.r1.wbsprt.com\/nabytok-prestige.sk\/wp-json\/wp\/v2\/media\/8811"}],"wp:attachment":[{"href":"https:\/\/d.r1.wbsprt.com\/nabytok-prestige.sk\/wp-json\/wp\/v2\/media?parent=8807"}],"wp:term":[{"taxonomy":"product_brand","embeddable":true,"href":"https:\/\/d.r1.wbsprt.com\/nabytok-prestige.sk\/wp-json\/wp\/v2\/product_brand?post=8807"},{"taxonomy":"product_cat","embeddable":true,"href":"https:\/\/d.r1.wbsprt.com\/nabytok-prestige.sk\/wp-json\/wp\/v2\/product_cat?post=8807"},{"taxonomy":"product_tag","embeddable":true,"href":"https:\/\/d.r1.wbsprt.com\/nabytok-prestige.sk\/wp-json\/wp\/v2\/product_tag?post=8807"}],"curies":[{"name":"wp","href":"https:\/\/api.w.org\/{rel}","templated":true}]}}