{"id":7332,"date":"2021-06-29T20:58:20","date_gmt":"2021-06-29T18:58:20","guid":{"rendered":"https:\/\/www.nabytok-prestige.sk\/?post_type=product&#038;p=7332"},"modified":"2024-12-03T21:28:56","modified_gmt":"2024-12-03T20:28:56","slug":"linda-sedacia-suprava-rohova","status":"publish","type":"product","link":"https:\/\/d.r1.wbsprt.com\/nabytok-prestige.sk\/produkt\/linda-sedacia-suprava-rohova\/","title":{"rendered":"Linda Sedacia s\u00faprava rohov\u00e1"},"content":{"rendered":"<p><strong>Linda Sedacia s\u00faprava rohov\u00e1 rozkladacia.<\/strong><\/p>\n<p>Rohov\u00e1 rozkladacia seda\u010dka Linda s pevn\u00fdmi vank\u00fa\u0161mi. Ergonomick\u00e9 sedenie. Sedacia zostava klasick\u00fdch tvarov s vy\u0161\u0161\u00edm operadlom. Mas\u00edvne dreven\u00e9 nohy. Kvalitn\u00e1 slovensk\u00e1 sedacia s\u00faprava v\u00fdrobcu GKT Topo\u013e\u010dany z kvalitnej po\u0165ahovej l\u00e1tky.<\/p>\n<p>Seda\u010dka Linda m\u00e1 rozmery : 278 x 163 cm .<\/p>\n<p>Jadro sedenia : Pru\u017eina Vlnovec \/ Studen\u00e1 pena.<\/p>\n<p><a href=\"https:\/\/www.gkt.sk\/vzorkovnik\/\" target=\"_blank\" rel=\"noopener\">Po\u0165ah sa d\u00e1 vybra\u0165 zo vzorkovn\u00edka po\u0165ahov\u00fdch kolekci\u00ed od II. cenovej skupiny a\u017e po VII. cenov\u00fa skupinu a taktie\u017e aj z kolekci\u00ed ko\u017e\u00ed.<\/a><\/p>\n<p>Seda\u010dka Linda sa d\u00e1\u00a0<a href=\"https:\/\/www.prestige-nabytok.sk\/predaj-na-splatky\/\" target=\"_blank\" rel=\"noopener\">k\u00fapi\u0165 aj na spl\u00e1tky.<\/a><\/p>\n<p>Sp\u00f4sob rozkladania seda\u010dky\u00a0<b>LINDA\u00a0<\/b>a pr\u00edstup ku \u00falo\u017en\u00e9mu priestoru ukazuje nasleduj\u00face video<\/p>\n<p>nahrat\u00e9 v na\u0161ej predajni:<\/p>\n<div style=\"width: 1440px;\" class=\"wp-video\"><video class=\"wp-video-shortcode\" id=\"video-7332-1\" width=\"1440\" height=\"810\" preload=\"metadata\" controls=\"controls\"><source type=\"video\/mp4\" src=\"https:\/\/www.nabytok-prestige.sk\/wp-content\/uploads\/2021\/06\/Linda-sedacka-rozkladanie-video.mp4?_=1\" \/><a href=\"https:\/\/www.nabytok-prestige.sk\/wp-content\/uploads\/2021\/06\/Linda-sedacka-rozkladanie-video.mp4\">https:\/\/www.nabytok-prestige.sk\/wp-content\/uploads\/2021\/06\/Linda-sedacka-rozkladanie-video.mp4<\/a><\/video><\/div>\n<p>&nbsp;<\/p>\n<p>&nbsp;<\/p>\n","protected":false},"excerpt":{"rendered":"<p>Linda Sedacia s\u00faprava rohov\u00e1 rozkladacia. Rohov\u00e1 rozkladacia seda\u010dka Linda s pevn\u00fdmi vank\u00fa\u0161mi. Ergonomick\u00e9 sedenie. Sedacia zostava klasick\u00fdch tvarov s vy\u0161\u0161\u00edm operadlom. Mas\u00edvne dreven\u00e9 nohy. Kvalitn\u00e1 slovensk\u00e1 sedacia s\u00faprava v\u00fdrobcu GKT Topo\u013e\u010dany z kvalitnej po\u0165ahovej l\u00e1tky. Seda\u010dka Linda m\u00e1 rozmery : 278 x 163 cm . Jadro sedenia : Pru\u017eina Vlnovec \/ Studen\u00e1 pena. Po\u0165ah sa [&hellip;]<\/p>\n","protected":false},"featured_media":7240,"template":"","meta":{"site-sidebar-layout":"default","site-content-layout":"default","ast-site-content-layout":"default","site-content-style":"default","site-sidebar-style":"default","ast-global-header-display":"","ast-banner-title-visibility":"","ast-main-header-display":"","ast-hfb-above-header-display":"","ast-hfb-below-header-display":"","ast-hfb-mobile-header-display":"","site-post-title":"","ast-breadcrumbs-content":"","ast-featured-img":"","footer-sml-layout":"","ast-disable-related-posts":"","theme-transparent-header-meta":"default","adv-header-id-meta":"","stick-header-meta":"","header-above-stick-meta":"","header-main-stick-meta":"","header-below-stick-meta":"","astra-migrate-meta-layouts":"set","ast-page-background-enabled":"default","ast-page-background-meta":{"desktop":{"background-color":"","background-image":"","background-repeat":"repeat","background-position":"center center","background-size":"auto","background-attachment":"scroll","background-type":"","background-media":"","overlay-type":"","overlay-color":"","overlay-opacity":"","overlay-gradient":""},"tablet":{"background-color":"","background-image":"","background-repeat":"repeat","background-position":"center center","background-size":"auto","background-attachment":"scroll","background-type":"","background-media":"","overlay-type":"","overlay-color":"","overlay-opacity":"","overlay-gradient":""},"mobile":{"background-color":"","background-image":"","background-repeat":"repeat","background-position":"center center","background-size":"auto","background-attachment":"scroll","background-type":"","background-media":"","overlay-type":"","overlay-color":"","overlay-opacity":"","overlay-gradient":""}},"ast-content-background-meta":{"desktop":{"background-color":"var(--ast-global-color-5)","background-image":"","background-repeat":"repeat","background-position":"center center","background-size":"auto","background-attachment":"scroll","background-type":"","background-media":"","overlay-type":"","overlay-color":"","overlay-opacity":"","overlay-gradient":""},"tablet":{"background-color":"var(--ast-global-color-5)","background-image":"","background-repeat":"repeat","background-position":"center center","background-size":"auto","background-attachment":"scroll","background-type":"","background-media":"","overlay-type":"","overlay-color":"","overlay-opacity":"","overlay-gradient":""},"mobile":{"background-color":"var(--ast-global-color-5)","background-image":"","background-repeat":"repeat","background-position":"center center","background-size":"auto","background-attachment":"scroll","background-type":"","background-media":"","overlay-type":"","overlay-color":"","overlay-opacity":"","overlay-gradient":""}}},"product_brand":[],"product_cat":[55],"product_tag":[],"class_list":{"0":"post-7332","1":"product","2":"type-product","3":"status-publish","4":"has-post-thumbnail","6":"product_cat-sedacie-supravy-gkt","7":"desktop-align-left","8":"tablet-align-left","9":"mobile-align-left","11":"first","12":"onbackorder","13":"shipping-taxable","14":"product-type-simple"},"yoast_head":"<!-- This site is optimized with the Yoast SEO plugin v27.4 - https:\/\/yoast.com\/product\/yoast-seo-wordpress\/ -->\n<title>Linda Sedacia s\u00faprava rohov\u00e1 - N\u00e1bytok Prestige, Ru\u017eomberok<\/title>\n<meta name=\"description\" content=\"Sedacia s\u00faprava Linda rohov\u00e1 rozkladacia.Rohov\u00e1 rozkladacia seda\u010dka Linda s pevn\u00fdmi vank\u00fa\u0161mi. Ergonomick\u00e9 sedenie .\" \/>\n<meta name=\"robots\" content=\"index, follow, max-snippet:-1, max-image-preview:large, max-video-preview:-1\" \/>\n<link rel=\"canonical\" href=\"https:\/\/d.r1.wbsprt.com\/nabytok-prestige.sk\/produkt\/linda-sedacia-suprava-rohova\/\" \/>\n<meta property=\"og:locale\" content=\"sk_SK\" \/>\n<meta property=\"og:type\" content=\"article\" \/>\n<meta property=\"og:title\" content=\"Linda Sedacia s\u00faprava rohov\u00e1 - N\u00e1bytok Prestige, Ru\u017eomberok\" \/>\n<meta property=\"og:description\" content=\"Sedacia s\u00faprava Linda rohov\u00e1 rozkladacia.Rohov\u00e1 rozkladacia seda\u010dka Linda s pevn\u00fdmi vank\u00fa\u0161mi. Ergonomick\u00e9 sedenie .\" \/>\n<meta property=\"og:url\" content=\"https:\/\/d.r1.wbsprt.com\/nabytok-prestige.sk\/produkt\/linda-sedacia-suprava-rohova\/\" \/>\n<meta property=\"og:site_name\" content=\"N\u00e1bytok Prestige, Ru\u017eomberok\" \/>\n<meta property=\"article:modified_time\" content=\"2024-12-03T20:28:56+00:00\" \/>\n<meta property=\"og:image\" content=\"https:\/\/d.r1.wbsprt.com\/nabytok-prestige.sk\/wp-content\/uploads\/2021\/06\/sedacia-suprava-linda-tvar-u-hneda.jpg\" \/>\n\t<meta property=\"og:image:width\" content=\"900\" \/>\n\t<meta property=\"og:image:height\" content=\"900\" \/>\n\t<meta property=\"og:image:type\" content=\"image\/jpeg\" \/>\n<meta name=\"twitter:card\" content=\"summary_large_image\" \/>\n<meta name=\"twitter:label1\" content=\"Predpokladan\u00fd \u010das \u010d\u00edtania\" \/>\n\t<meta name=\"twitter:data1\" content=\"1 min\u00fata\" \/>\n<script type=\"application\/ld+json\" class=\"yoast-schema-graph\">{\"@context\":\"https:\\\/\\\/schema.org\",\"@graph\":[{\"@type\":\"WebPage\",\"@id\":\"https:\\\/\\\/d.r1.wbsprt.com\\\/nabytok-prestige.sk\\\/produkt\\\/linda-sedacia-suprava-rohova\\\/\",\"url\":\"https:\\\/\\\/d.r1.wbsprt.com\\\/nabytok-prestige.sk\\\/produkt\\\/linda-sedacia-suprava-rohova\\\/\",\"name\":\"Linda Sedacia s\u00faprava rohov\u00e1 - N\u00e1bytok Prestige, Ru\u017eomberok\",\"isPartOf\":{\"@id\":\"https:\\\/\\\/www.nabytok-prestige.sk\\\/#website\"},\"primaryImageOfPage\":{\"@id\":\"https:\\\/\\\/d.r1.wbsprt.com\\\/nabytok-prestige.sk\\\/produkt\\\/linda-sedacia-suprava-rohova\\\/#primaryimage\"},\"image\":{\"@id\":\"https:\\\/\\\/d.r1.wbsprt.com\\\/nabytok-prestige.sk\\\/produkt\\\/linda-sedacia-suprava-rohova\\\/#primaryimage\"},\"thumbnailUrl\":\"https:\\\/\\\/d.r1.wbsprt.com\\\/nabytok-prestige.sk\\\/wp-content\\\/uploads\\\/2021\\\/06\\\/sedacia-suprava-linda-tvar-u-hneda.jpg\",\"datePublished\":\"2021-06-29T18:58:20+00:00\",\"dateModified\":\"2024-12-03T20:28:56+00:00\",\"description\":\"Sedacia s\u00faprava Linda rohov\u00e1 rozkladacia.Rohov\u00e1 rozkladacia seda\u010dka Linda s pevn\u00fdmi vank\u00fa\u0161mi. Ergonomick\u00e9 sedenie .\",\"breadcrumb\":{\"@id\":\"https:\\\/\\\/d.r1.wbsprt.com\\\/nabytok-prestige.sk\\\/produkt\\\/linda-sedacia-suprava-rohova\\\/#breadcrumb\"},\"inLanguage\":\"sk-SK\",\"potentialAction\":[{\"@type\":\"ReadAction\",\"target\":[\"https:\\\/\\\/d.r1.wbsprt.com\\\/nabytok-prestige.sk\\\/produkt\\\/linda-sedacia-suprava-rohova\\\/\"]}]},{\"@type\":\"ImageObject\",\"inLanguage\":\"sk-SK\",\"@id\":\"https:\\\/\\\/d.r1.wbsprt.com\\\/nabytok-prestige.sk\\\/produkt\\\/linda-sedacia-suprava-rohova\\\/#primaryimage\",\"url\":\"https:\\\/\\\/d.r1.wbsprt.com\\\/nabytok-prestige.sk\\\/wp-content\\\/uploads\\\/2021\\\/06\\\/sedacia-suprava-linda-tvar-u-hneda.jpg\",\"contentUrl\":\"https:\\\/\\\/d.r1.wbsprt.com\\\/nabytok-prestige.sk\\\/wp-content\\\/uploads\\\/2021\\\/06\\\/sedacia-suprava-linda-tvar-u-hneda.jpg\",\"width\":900,\"height\":900,\"caption\":\"Linda sedacia s\u00faprava tvar U hned\u00e1\"},{\"@type\":\"BreadcrumbList\",\"@id\":\"https:\\\/\\\/d.r1.wbsprt.com\\\/nabytok-prestige.sk\\\/produkt\\\/linda-sedacia-suprava-rohova\\\/#breadcrumb\",\"itemListElement\":[{\"@type\":\"ListItem\",\"position\":1,\"name\":\"Home\",\"item\":\"https:\\\/\\\/www.nabytok-prestige.sk\\\/\"},{\"@type\":\"ListItem\",\"position\":2,\"name\":\"Obchod\",\"item\":\"https:\\\/\\\/www.nabytok-prestige.sk\\\/shop\\\/\"},{\"@type\":\"ListItem\",\"position\":3,\"name\":\"Linda Sedacia s\u00faprava rohov\u00e1\"}]},{\"@type\":\"WebSite\",\"@id\":\"https:\\\/\\\/www.nabytok-prestige.sk\\\/#website\",\"url\":\"https:\\\/\\\/www.nabytok-prestige.sk\\\/\",\"name\":\"N\u00e1bytok Prestige, Ru\u017eomberok\",\"description\":\"Sme s Vami u\u017e 31 rokov\",\"publisher\":{\"@id\":\"https:\\\/\\\/www.nabytok-prestige.sk\\\/#organization\"},\"potentialAction\":[{\"@type\":\"SearchAction\",\"target\":{\"@type\":\"EntryPoint\",\"urlTemplate\":\"https:\\\/\\\/www.nabytok-prestige.sk\\\/?s={search_term_string}\"},\"query-input\":{\"@type\":\"PropertyValueSpecification\",\"valueRequired\":true,\"valueName\":\"search_term_string\"}}],\"inLanguage\":\"sk-SK\"},{\"@type\":\"Organization\",\"@id\":\"https:\\\/\\\/www.nabytok-prestige.sk\\\/#organization\",\"name\":\"N\u00e1bytok Prestige, Ru\u017eomberok\",\"url\":\"https:\\\/\\\/www.nabytok-prestige.sk\\\/\",\"logo\":{\"@type\":\"ImageObject\",\"inLanguage\":\"sk-SK\",\"@id\":\"https:\\\/\\\/www.nabytok-prestige.sk\\\/#\\\/schema\\\/logo\\\/image\\\/\",\"url\":\"https:\\\/\\\/d.r1.wbsprt.com\\\/nabytok-prestige.sk\\\/wp-content\\\/uploads\\\/2021\\\/05\\\/Prestige.jpg\",\"contentUrl\":\"https:\\\/\\\/d.r1.wbsprt.com\\\/nabytok-prestige.sk\\\/wp-content\\\/uploads\\\/2021\\\/05\\\/Prestige.jpg\",\"width\":180,\"height\":67,\"caption\":\"N\u00e1bytok Prestige, Ru\u017eomberok\"},\"image\":{\"@id\":\"https:\\\/\\\/www.nabytok-prestige.sk\\\/#\\\/schema\\\/logo\\\/image\\\/\"}}]}<\/script>\n<!-- \/ Yoast SEO plugin. -->","yoast_head_json":{"title":"Linda Sedacia s\u00faprava rohov\u00e1 - N\u00e1bytok Prestige, Ru\u017eomberok","description":"Sedacia s\u00faprava Linda rohov\u00e1 rozkladacia.Rohov\u00e1 rozkladacia seda\u010dka Linda s pevn\u00fdmi vank\u00fa\u0161mi. Ergonomick\u00e9 sedenie .","robots":{"index":"index","follow":"follow","max-snippet":"max-snippet:-1","max-image-preview":"max-image-preview:large","max-video-preview":"max-video-preview:-1"},"canonical":"https:\/\/d.r1.wbsprt.com\/nabytok-prestige.sk\/produkt\/linda-sedacia-suprava-rohova\/","og_locale":"sk_SK","og_type":"article","og_title":"Linda Sedacia s\u00faprava rohov\u00e1 - N\u00e1bytok Prestige, Ru\u017eomberok","og_description":"Sedacia s\u00faprava Linda rohov\u00e1 rozkladacia.Rohov\u00e1 rozkladacia seda\u010dka Linda s pevn\u00fdmi vank\u00fa\u0161mi. Ergonomick\u00e9 sedenie .","og_url":"https:\/\/d.r1.wbsprt.com\/nabytok-prestige.sk\/produkt\/linda-sedacia-suprava-rohova\/","og_site_name":"N\u00e1bytok Prestige, Ru\u017eomberok","article_modified_time":"2024-12-03T20:28:56+00:00","og_image":[{"width":900,"height":900,"url":"https:\/\/d.r1.wbsprt.com\/nabytok-prestige.sk\/wp-content\/uploads\/2021\/06\/sedacia-suprava-linda-tvar-u-hneda.jpg","type":"image\/jpeg"}],"twitter_card":"summary_large_image","twitter_misc":{"Predpokladan\u00fd \u010das \u010d\u00edtania":"1 min\u00fata"},"schema":{"@context":"https:\/\/schema.org","@graph":[{"@type":"WebPage","@id":"https:\/\/d.r1.wbsprt.com\/nabytok-prestige.sk\/produkt\/linda-sedacia-suprava-rohova\/","url":"https:\/\/d.r1.wbsprt.com\/nabytok-prestige.sk\/produkt\/linda-sedacia-suprava-rohova\/","name":"Linda Sedacia s\u00faprava rohov\u00e1 - N\u00e1bytok Prestige, Ru\u017eomberok","isPartOf":{"@id":"https:\/\/www.nabytok-prestige.sk\/#website"},"primaryImageOfPage":{"@id":"https:\/\/d.r1.wbsprt.com\/nabytok-prestige.sk\/produkt\/linda-sedacia-suprava-rohova\/#primaryimage"},"image":{"@id":"https:\/\/d.r1.wbsprt.com\/nabytok-prestige.sk\/produkt\/linda-sedacia-suprava-rohova\/#primaryimage"},"thumbnailUrl":"https:\/\/d.r1.wbsprt.com\/nabytok-prestige.sk\/wp-content\/uploads\/2021\/06\/sedacia-suprava-linda-tvar-u-hneda.jpg","datePublished":"2021-06-29T18:58:20+00:00","dateModified":"2024-12-03T20:28:56+00:00","description":"Sedacia s\u00faprava Linda rohov\u00e1 rozkladacia.Rohov\u00e1 rozkladacia seda\u010dka Linda s pevn\u00fdmi vank\u00fa\u0161mi. Ergonomick\u00e9 sedenie .","breadcrumb":{"@id":"https:\/\/d.r1.wbsprt.com\/nabytok-prestige.sk\/produkt\/linda-sedacia-suprava-rohova\/#breadcrumb"},"inLanguage":"sk-SK","potentialAction":[{"@type":"ReadAction","target":["https:\/\/d.r1.wbsprt.com\/nabytok-prestige.sk\/produkt\/linda-sedacia-suprava-rohova\/"]}]},{"@type":"ImageObject","inLanguage":"sk-SK","@id":"https:\/\/d.r1.wbsprt.com\/nabytok-prestige.sk\/produkt\/linda-sedacia-suprava-rohova\/#primaryimage","url":"https:\/\/d.r1.wbsprt.com\/nabytok-prestige.sk\/wp-content\/uploads\/2021\/06\/sedacia-suprava-linda-tvar-u-hneda.jpg","contentUrl":"https:\/\/d.r1.wbsprt.com\/nabytok-prestige.sk\/wp-content\/uploads\/2021\/06\/sedacia-suprava-linda-tvar-u-hneda.jpg","width":900,"height":900,"caption":"Linda sedacia s\u00faprava tvar U hned\u00e1"},{"@type":"BreadcrumbList","@id":"https:\/\/d.r1.wbsprt.com\/nabytok-prestige.sk\/produkt\/linda-sedacia-suprava-rohova\/#breadcrumb","itemListElement":[{"@type":"ListItem","position":1,"name":"Home","item":"https:\/\/www.nabytok-prestige.sk\/"},{"@type":"ListItem","position":2,"name":"Obchod","item":"https:\/\/www.nabytok-prestige.sk\/shop\/"},{"@type":"ListItem","position":3,"name":"Linda Sedacia s\u00faprava rohov\u00e1"}]},{"@type":"WebSite","@id":"https:\/\/www.nabytok-prestige.sk\/#website","url":"https:\/\/www.nabytok-prestige.sk\/","name":"N\u00e1bytok Prestige, Ru\u017eomberok","description":"Sme s Vami u\u017e 31 rokov","publisher":{"@id":"https:\/\/www.nabytok-prestige.sk\/#organization"},"potentialAction":[{"@type":"SearchAction","target":{"@type":"EntryPoint","urlTemplate":"https:\/\/www.nabytok-prestige.sk\/?s={search_term_string}"},"query-input":{"@type":"PropertyValueSpecification","valueRequired":true,"valueName":"search_term_string"}}],"inLanguage":"sk-SK"},{"@type":"Organization","@id":"https:\/\/www.nabytok-prestige.sk\/#organization","name":"N\u00e1bytok Prestige, Ru\u017eomberok","url":"https:\/\/www.nabytok-prestige.sk\/","logo":{"@type":"ImageObject","inLanguage":"sk-SK","@id":"https:\/\/www.nabytok-prestige.sk\/#\/schema\/logo\/image\/","url":"https:\/\/d.r1.wbsprt.com\/nabytok-prestige.sk\/wp-content\/uploads\/2021\/05\/Prestige.jpg","contentUrl":"https:\/\/d.r1.wbsprt.com\/nabytok-prestige.sk\/wp-content\/uploads\/2021\/05\/Prestige.jpg","width":180,"height":67,"caption":"N\u00e1bytok Prestige, Ru\u017eomberok"},"image":{"@id":"https:\/\/www.nabytok-prestige.sk\/#\/schema\/logo\/image\/"}}]}},"_links":{"self":[{"href":"https:\/\/d.r1.wbsprt.com\/nabytok-prestige.sk\/wp-json\/wp\/v2\/product\/7332","targetHints":{"allow":["GET"]}}],"collection":[{"href":"https:\/\/d.r1.wbsprt.com\/nabytok-prestige.sk\/wp-json\/wp\/v2\/product"}],"about":[{"href":"https:\/\/d.r1.wbsprt.com\/nabytok-prestige.sk\/wp-json\/wp\/v2\/types\/product"}],"wp:featuredmedia":[{"embeddable":true,"href":"https:\/\/d.r1.wbsprt.com\/nabytok-prestige.sk\/wp-json\/wp\/v2\/media\/7240"}],"wp:attachment":[{"href":"https:\/\/d.r1.wbsprt.com\/nabytok-prestige.sk\/wp-json\/wp\/v2\/media?parent=7332"}],"wp:term":[{"taxonomy":"product_brand","embeddable":true,"href":"https:\/\/d.r1.wbsprt.com\/nabytok-prestige.sk\/wp-json\/wp\/v2\/product_brand?post=7332"},{"taxonomy":"product_cat","embeddable":true,"href":"https:\/\/d.r1.wbsprt.com\/nabytok-prestige.sk\/wp-json\/wp\/v2\/product_cat?post=7332"},{"taxonomy":"product_tag","embeddable":true,"href":"https:\/\/d.r1.wbsprt.com\/nabytok-prestige.sk\/wp-json\/wp\/v2\/product_tag?post=7332"}],"curies":[{"name":"wp","href":"https:\/\/api.w.org\/{rel}","templated":true}]}}