{"id":7280,"date":"2021-06-28T23:06:39","date_gmt":"2021-06-28T21:06:39","guid":{"rendered":"https:\/\/www.nabytok-prestige.sk\/?post_type=product&#038;p=7280"},"modified":"2025-04-17T21:56:37","modified_gmt":"2025-04-17T19:56:37","slug":"nina-sedacia-suprava-rohova","status":"publish","type":"product","link":"https:\/\/d.r1.wbsprt.com\/nabytok-prestige.sk\/produkt\/nina-sedacia-suprava-rohova\/","title":{"rendered":"Nina sedacia s\u00faprava rohov\u00e1"},"content":{"rendered":"<p>Nina sedacia s\u00faprava rohov\u00e1 je seda\u010dka klasick\u00fdch tvarov s vy\u0161\u0161\u00edm operadlom. Mas\u00edvne dreven\u00e9 nohy. Ve\u013ek\u00fd v\u00fdber kvalitn\u00fdch po\u0165ahov\u00fdch l\u00e1tok alebo ko\u017een\u00e9ho prevedenia . Rozkladacia pohovka s otomanom, ktor\u00fd je v\u00fdklopn\u00fd a m\u00e1 \u00falo\u017en\u00fd priestor. Maxim\u00e1lne povolen\u00e9 za\u0165a\u017eenie l\u00f4\u017eka je 200kg. Kvalitn\u00e1 slovensk\u00e1 sedacia s\u00faprava.<\/p>\n<p>NINA sedacia s\u00faprava rozkladacia s rozkladac\u00edm mechanizmom AUTOMAT. Je to kvalitn\u00e1 pohovka od firmy GKT . Je vhodn\u00e1 aj na ka\u017edodenn\u00e9 spanie .V\u010faka jednoduch\u00e9mu syst\u00e9mu rozkladania je v\u00fdborn\u00fdm rie\u0161en\u00edm v pr\u00edpade \u017ee chcete svoju sedaciu s\u00fapravu vyu\u017ei\u0165 ako seda\u010dku alebo na spanie. Je v nej aj mal\u00fd \u00falo\u017en\u00fd priestor na vank\u00fa\u0161e.<\/p>\n<p>Podr\u00fa\u010dky sa vyr\u00e1baj\u00fa a dod\u00e1vaj\u00fa v\u00a0\u0161tyroch \u0161\u00edrkach a to 7 cm,12 cm,17 cm a\u00a022 cm .<\/p>\n<p>Sedacia s\u00faprava m\u00e1 vo variante pohovky m\u00e1 priestor na sedenie v\u00a0\u0161\u00edrke 2P-154 cm,2,5F -140 cm, a\u00a03F-180 cm. Ku t\u00fdmto rozmerom treba dor\u00e1ta\u0165 \u0161\u00edrku podr\u00fa\u010diek ktor\u00e9 sa daj\u00fa vybra\u0165 v\u00a0\u0161tyroch \u0161\u00edrkach.<\/p>\n<p>Seda\u010dka sa vyr\u00e1ba v\u00a0preveden\u00ed samostatn\u00e1 pohovka alebo v\u00a0preveden\u00ed plnohodnotnej rohovej seda\u010dky s\u00a0otomanom a\u00a0s \u00falo\u017en\u00fdm priestorom v\u00a0otomane.<\/p>\n<p>D\u00e1 sa objedna\u0165 aj jednokreslo NINA s rozkladacou funkciou.<\/p>\n<p>Maxim\u00e1lne povolen\u00e9 za\u0165a\u017eenie spacej plochy je 200kg.<\/p>\n<p>Cena z\u00e1vis\u00ed od zvolenej varianty a vybranej po\u0165ahovej l\u00e1tky.<\/p>\n<p><a href=\"https:\/\/www.gkt.sk\/vzorkovnik\/\" target=\"_blank\" rel=\"noopener\">Po\u0165ah sa d\u00e1 vybra\u0165 zo vzorkovn\u00edka po\u0165ahov\u00fdch kolekci\u00ed od II. cenovej skupiny a\u017e po VII. cenov\u00fa skupinu a taktie\u017e aj z kolekci\u00ed ko\u017e\u00ed.<\/a><\/p>\n<p>Seda\u010dka Nina sa d\u00e1\u00a0<a href=\"https:\/\/www.prestige-nabytok.sk\/predaj-na-splatky\/\" target=\"_blank\" rel=\"noopener\">k\u00fapi\u0165 aj na spl\u00e1tky.<\/a><\/p>\n<p>&nbsp;<\/p>\n<p>&nbsp;<\/p>\n","protected":false},"excerpt":{"rendered":"<p>Nina sedacia s\u00faprava rohov\u00e1 je seda\u010dka klasick\u00fdch tvarov s vy\u0161\u0161\u00edm operadlom. Mas\u00edvne dreven\u00e9 nohy. Ve\u013ek\u00fd v\u00fdber kvalitn\u00fdch po\u0165ahov\u00fdch l\u00e1tok alebo ko\u017een\u00e9ho prevedenia . Rozkladacia pohovka s otomanom, ktor\u00fd je v\u00fdklopn\u00fd a m\u00e1 \u00falo\u017en\u00fd priestor. Maxim\u00e1lne povolen\u00e9 za\u0165a\u017eenie l\u00f4\u017eka je 200kg. Kvalitn\u00e1 slovensk\u00e1 sedacia s\u00faprava. NINA sedacia s\u00faprava rozkladacia s rozkladac\u00edm mechanizmom AUTOMAT. Je to kvalitn\u00e1 [&hellip;]<\/p>\n","protected":false},"featured_media":7283,"template":"","meta":{"site-sidebar-layout":"default","site-content-layout":"default","ast-site-content-layout":"default","site-content-style":"default","site-sidebar-style":"default","ast-global-header-display":"","ast-banner-title-visibility":"","ast-main-header-display":"","ast-hfb-above-header-display":"","ast-hfb-below-header-display":"","ast-hfb-mobile-header-display":"","site-post-title":"","ast-breadcrumbs-content":"","ast-featured-img":"","footer-sml-layout":"","ast-disable-related-posts":"","theme-transparent-header-meta":"default","adv-header-id-meta":"","stick-header-meta":"","header-above-stick-meta":"","header-main-stick-meta":"","header-below-stick-meta":"","astra-migrate-meta-layouts":"set","ast-page-background-enabled":"default","ast-page-background-meta":{"desktop":{"background-color":"","background-image":"","background-repeat":"repeat","background-position":"center center","background-size":"auto","background-attachment":"scroll","background-type":"","background-media":"","overlay-type":"","overlay-color":"","overlay-opacity":"","overlay-gradient":""},"tablet":{"background-color":"","background-image":"","background-repeat":"repeat","background-position":"center center","background-size":"auto","background-attachment":"scroll","background-type":"","background-media":"","overlay-type":"","overlay-color":"","overlay-opacity":"","overlay-gradient":""},"mobile":{"background-color":"","background-image":"","background-repeat":"repeat","background-position":"center center","background-size":"auto","background-attachment":"scroll","background-type":"","background-media":"","overlay-type":"","overlay-color":"","overlay-opacity":"","overlay-gradient":""}},"ast-content-background-meta":{"desktop":{"background-color":"var(--ast-global-color-5)","background-image":"","background-repeat":"repeat","background-position":"center center","background-size":"auto","background-attachment":"scroll","background-type":"","background-media":"","overlay-type":"","overlay-color":"","overlay-opacity":"","overlay-gradient":""},"tablet":{"background-color":"var(--ast-global-color-5)","background-image":"","background-repeat":"repeat","background-position":"center center","background-size":"auto","background-attachment":"scroll","background-type":"","background-media":"","overlay-type":"","overlay-color":"","overlay-opacity":"","overlay-gradient":""},"mobile":{"background-color":"var(--ast-global-color-5)","background-image":"","background-repeat":"repeat","background-position":"center center","background-size":"auto","background-attachment":"scroll","background-type":"","background-media":"","overlay-type":"","overlay-color":"","overlay-opacity":"","overlay-gradient":""}}},"product_brand":[],"product_cat":[55],"product_tag":[],"class_list":{"0":"post-7280","1":"product","2":"type-product","3":"status-publish","4":"has-post-thumbnail","6":"product_cat-sedacie-supravy-gkt","7":"desktop-align-left","8":"tablet-align-left","9":"mobile-align-left","11":"first","12":"onbackorder","13":"shipping-taxable","14":"product-type-simple"},"yoast_head":"<!-- This site is optimized with the Yoast SEO plugin v27.4 - https:\/\/yoast.com\/product\/yoast-seo-wordpress\/ -->\n<title>Nina sedacia s\u00faprava rohov\u00e1 - N\u00e1bytok Prestige, Ru\u017eomberok<\/title>\n<meta name=\"description\" content=\"Nina sedacia s\u00faprava rohov\u00e1 je seda\u010dka klasick\u00fdch tvarov s vy\u0161\u0161\u00edm operadlom. Mas\u00edvne dreven\u00e9 nohy.Kvalitn\u00e1 slovensk\u00e1 sedacia s\u00faprava.\" \/>\n<meta name=\"robots\" content=\"index, follow, max-snippet:-1, max-image-preview:large, max-video-preview:-1\" \/>\n<link rel=\"canonical\" href=\"https:\/\/d.r1.wbsprt.com\/nabytok-prestige.sk\/produkt\/nina-sedacia-suprava-rohova\/\" \/>\n<meta property=\"og:locale\" content=\"sk_SK\" \/>\n<meta property=\"og:type\" content=\"article\" \/>\n<meta property=\"og:title\" content=\"Nina sedacia s\u00faprava rohov\u00e1 - N\u00e1bytok Prestige, Ru\u017eomberok\" \/>\n<meta property=\"og:description\" content=\"Nina sedacia s\u00faprava rohov\u00e1 je seda\u010dka klasick\u00fdch tvarov s vy\u0161\u0161\u00edm operadlom. Mas\u00edvne dreven\u00e9 nohy.Kvalitn\u00e1 slovensk\u00e1 sedacia s\u00faprava.\" \/>\n<meta property=\"og:url\" content=\"https:\/\/d.r1.wbsprt.com\/nabytok-prestige.sk\/produkt\/nina-sedacia-suprava-rohova\/\" \/>\n<meta property=\"og:site_name\" content=\"N\u00e1bytok Prestige, Ru\u017eomberok\" \/>\n<meta property=\"article:modified_time\" content=\"2025-04-17T19:56:37+00:00\" \/>\n<meta property=\"og:image\" content=\"https:\/\/d.r1.wbsprt.com\/nabytok-prestige.sk\/wp-content\/uploads\/2021\/06\/nina-sedacia-suprava-rohova.jpg\" \/>\n\t<meta property=\"og:image:width\" content=\"900\" \/>\n\t<meta property=\"og:image:height\" content=\"900\" \/>\n\t<meta property=\"og:image:type\" content=\"image\/jpeg\" \/>\n<meta name=\"twitter:card\" content=\"summary_large_image\" \/>\n<meta name=\"twitter:label1\" content=\"Predpokladan\u00fd \u010das \u010d\u00edtania\" \/>\n\t<meta name=\"twitter:data1\" content=\"2 min\u00faty\" \/>\n<script type=\"application\/ld+json\" class=\"yoast-schema-graph\">{\"@context\":\"https:\\\/\\\/schema.org\",\"@graph\":[{\"@type\":\"WebPage\",\"@id\":\"https:\\\/\\\/d.r1.wbsprt.com\\\/nabytok-prestige.sk\\\/produkt\\\/nina-sedacia-suprava-rohova\\\/\",\"url\":\"https:\\\/\\\/d.r1.wbsprt.com\\\/nabytok-prestige.sk\\\/produkt\\\/nina-sedacia-suprava-rohova\\\/\",\"name\":\"Nina sedacia s\u00faprava rohov\u00e1 - N\u00e1bytok Prestige, Ru\u017eomberok\",\"isPartOf\":{\"@id\":\"https:\\\/\\\/www.nabytok-prestige.sk\\\/#website\"},\"primaryImageOfPage\":{\"@id\":\"https:\\\/\\\/d.r1.wbsprt.com\\\/nabytok-prestige.sk\\\/produkt\\\/nina-sedacia-suprava-rohova\\\/#primaryimage\"},\"image\":{\"@id\":\"https:\\\/\\\/d.r1.wbsprt.com\\\/nabytok-prestige.sk\\\/produkt\\\/nina-sedacia-suprava-rohova\\\/#primaryimage\"},\"thumbnailUrl\":\"https:\\\/\\\/d.r1.wbsprt.com\\\/nabytok-prestige.sk\\\/wp-content\\\/uploads\\\/2021\\\/06\\\/nina-sedacia-suprava-rohova.jpg\",\"datePublished\":\"2021-06-28T21:06:39+00:00\",\"dateModified\":\"2025-04-17T19:56:37+00:00\",\"description\":\"Nina sedacia s\u00faprava rohov\u00e1 je seda\u010dka klasick\u00fdch tvarov s vy\u0161\u0161\u00edm operadlom. Mas\u00edvne dreven\u00e9 nohy.Kvalitn\u00e1 slovensk\u00e1 sedacia s\u00faprava.\",\"breadcrumb\":{\"@id\":\"https:\\\/\\\/d.r1.wbsprt.com\\\/nabytok-prestige.sk\\\/produkt\\\/nina-sedacia-suprava-rohova\\\/#breadcrumb\"},\"inLanguage\":\"sk-SK\",\"potentialAction\":[{\"@type\":\"ReadAction\",\"target\":[\"https:\\\/\\\/d.r1.wbsprt.com\\\/nabytok-prestige.sk\\\/produkt\\\/nina-sedacia-suprava-rohova\\\/\"]}]},{\"@type\":\"ImageObject\",\"inLanguage\":\"sk-SK\",\"@id\":\"https:\\\/\\\/d.r1.wbsprt.com\\\/nabytok-prestige.sk\\\/produkt\\\/nina-sedacia-suprava-rohova\\\/#primaryimage\",\"url\":\"https:\\\/\\\/d.r1.wbsprt.com\\\/nabytok-prestige.sk\\\/wp-content\\\/uploads\\\/2021\\\/06\\\/nina-sedacia-suprava-rohova.jpg\",\"contentUrl\":\"https:\\\/\\\/d.r1.wbsprt.com\\\/nabytok-prestige.sk\\\/wp-content\\\/uploads\\\/2021\\\/06\\\/nina-sedacia-suprava-rohova.jpg\",\"width\":900,\"height\":900,\"caption\":\"Nina sedacia s\u00faprava rohov\u00e1\"},{\"@type\":\"BreadcrumbList\",\"@id\":\"https:\\\/\\\/d.r1.wbsprt.com\\\/nabytok-prestige.sk\\\/produkt\\\/nina-sedacia-suprava-rohova\\\/#breadcrumb\",\"itemListElement\":[{\"@type\":\"ListItem\",\"position\":1,\"name\":\"Home\",\"item\":\"https:\\\/\\\/www.nabytok-prestige.sk\\\/\"},{\"@type\":\"ListItem\",\"position\":2,\"name\":\"Obchod\",\"item\":\"https:\\\/\\\/www.nabytok-prestige.sk\\\/shop\\\/\"},{\"@type\":\"ListItem\",\"position\":3,\"name\":\"Nina sedacia s\u00faprava rohov\u00e1\"}]},{\"@type\":\"WebSite\",\"@id\":\"https:\\\/\\\/www.nabytok-prestige.sk\\\/#website\",\"url\":\"https:\\\/\\\/www.nabytok-prestige.sk\\\/\",\"name\":\"N\u00e1bytok Prestige, Ru\u017eomberok\",\"description\":\"Sme s Vami u\u017e 31 rokov\",\"publisher\":{\"@id\":\"https:\\\/\\\/www.nabytok-prestige.sk\\\/#organization\"},\"potentialAction\":[{\"@type\":\"SearchAction\",\"target\":{\"@type\":\"EntryPoint\",\"urlTemplate\":\"https:\\\/\\\/www.nabytok-prestige.sk\\\/?s={search_term_string}\"},\"query-input\":{\"@type\":\"PropertyValueSpecification\",\"valueRequired\":true,\"valueName\":\"search_term_string\"}}],\"inLanguage\":\"sk-SK\"},{\"@type\":\"Organization\",\"@id\":\"https:\\\/\\\/www.nabytok-prestige.sk\\\/#organization\",\"name\":\"N\u00e1bytok Prestige, Ru\u017eomberok\",\"url\":\"https:\\\/\\\/www.nabytok-prestige.sk\\\/\",\"logo\":{\"@type\":\"ImageObject\",\"inLanguage\":\"sk-SK\",\"@id\":\"https:\\\/\\\/www.nabytok-prestige.sk\\\/#\\\/schema\\\/logo\\\/image\\\/\",\"url\":\"https:\\\/\\\/d.r1.wbsprt.com\\\/nabytok-prestige.sk\\\/wp-content\\\/uploads\\\/2021\\\/05\\\/Prestige.jpg\",\"contentUrl\":\"https:\\\/\\\/d.r1.wbsprt.com\\\/nabytok-prestige.sk\\\/wp-content\\\/uploads\\\/2021\\\/05\\\/Prestige.jpg\",\"width\":180,\"height\":67,\"caption\":\"N\u00e1bytok Prestige, Ru\u017eomberok\"},\"image\":{\"@id\":\"https:\\\/\\\/www.nabytok-prestige.sk\\\/#\\\/schema\\\/logo\\\/image\\\/\"}}]}<\/script>\n<!-- \/ Yoast SEO plugin. -->","yoast_head_json":{"title":"Nina sedacia s\u00faprava rohov\u00e1 - N\u00e1bytok Prestige, Ru\u017eomberok","description":"Nina sedacia s\u00faprava rohov\u00e1 je seda\u010dka klasick\u00fdch tvarov s vy\u0161\u0161\u00edm operadlom. Mas\u00edvne dreven\u00e9 nohy.Kvalitn\u00e1 slovensk\u00e1 sedacia s\u00faprava.","robots":{"index":"index","follow":"follow","max-snippet":"max-snippet:-1","max-image-preview":"max-image-preview:large","max-video-preview":"max-video-preview:-1"},"canonical":"https:\/\/d.r1.wbsprt.com\/nabytok-prestige.sk\/produkt\/nina-sedacia-suprava-rohova\/","og_locale":"sk_SK","og_type":"article","og_title":"Nina sedacia s\u00faprava rohov\u00e1 - N\u00e1bytok Prestige, Ru\u017eomberok","og_description":"Nina sedacia s\u00faprava rohov\u00e1 je seda\u010dka klasick\u00fdch tvarov s vy\u0161\u0161\u00edm operadlom. Mas\u00edvne dreven\u00e9 nohy.Kvalitn\u00e1 slovensk\u00e1 sedacia s\u00faprava.","og_url":"https:\/\/d.r1.wbsprt.com\/nabytok-prestige.sk\/produkt\/nina-sedacia-suprava-rohova\/","og_site_name":"N\u00e1bytok Prestige, Ru\u017eomberok","article_modified_time":"2025-04-17T19:56:37+00:00","og_image":[{"width":900,"height":900,"url":"https:\/\/d.r1.wbsprt.com\/nabytok-prestige.sk\/wp-content\/uploads\/2021\/06\/nina-sedacia-suprava-rohova.jpg","type":"image\/jpeg"}],"twitter_card":"summary_large_image","twitter_misc":{"Predpokladan\u00fd \u010das \u010d\u00edtania":"2 min\u00faty"},"schema":{"@context":"https:\/\/schema.org","@graph":[{"@type":"WebPage","@id":"https:\/\/d.r1.wbsprt.com\/nabytok-prestige.sk\/produkt\/nina-sedacia-suprava-rohova\/","url":"https:\/\/d.r1.wbsprt.com\/nabytok-prestige.sk\/produkt\/nina-sedacia-suprava-rohova\/","name":"Nina sedacia s\u00faprava rohov\u00e1 - N\u00e1bytok Prestige, Ru\u017eomberok","isPartOf":{"@id":"https:\/\/www.nabytok-prestige.sk\/#website"},"primaryImageOfPage":{"@id":"https:\/\/d.r1.wbsprt.com\/nabytok-prestige.sk\/produkt\/nina-sedacia-suprava-rohova\/#primaryimage"},"image":{"@id":"https:\/\/d.r1.wbsprt.com\/nabytok-prestige.sk\/produkt\/nina-sedacia-suprava-rohova\/#primaryimage"},"thumbnailUrl":"https:\/\/d.r1.wbsprt.com\/nabytok-prestige.sk\/wp-content\/uploads\/2021\/06\/nina-sedacia-suprava-rohova.jpg","datePublished":"2021-06-28T21:06:39+00:00","dateModified":"2025-04-17T19:56:37+00:00","description":"Nina sedacia s\u00faprava rohov\u00e1 je seda\u010dka klasick\u00fdch tvarov s vy\u0161\u0161\u00edm operadlom. Mas\u00edvne dreven\u00e9 nohy.Kvalitn\u00e1 slovensk\u00e1 sedacia s\u00faprava.","breadcrumb":{"@id":"https:\/\/d.r1.wbsprt.com\/nabytok-prestige.sk\/produkt\/nina-sedacia-suprava-rohova\/#breadcrumb"},"inLanguage":"sk-SK","potentialAction":[{"@type":"ReadAction","target":["https:\/\/d.r1.wbsprt.com\/nabytok-prestige.sk\/produkt\/nina-sedacia-suprava-rohova\/"]}]},{"@type":"ImageObject","inLanguage":"sk-SK","@id":"https:\/\/d.r1.wbsprt.com\/nabytok-prestige.sk\/produkt\/nina-sedacia-suprava-rohova\/#primaryimage","url":"https:\/\/d.r1.wbsprt.com\/nabytok-prestige.sk\/wp-content\/uploads\/2021\/06\/nina-sedacia-suprava-rohova.jpg","contentUrl":"https:\/\/d.r1.wbsprt.com\/nabytok-prestige.sk\/wp-content\/uploads\/2021\/06\/nina-sedacia-suprava-rohova.jpg","width":900,"height":900,"caption":"Nina sedacia s\u00faprava rohov\u00e1"},{"@type":"BreadcrumbList","@id":"https:\/\/d.r1.wbsprt.com\/nabytok-prestige.sk\/produkt\/nina-sedacia-suprava-rohova\/#breadcrumb","itemListElement":[{"@type":"ListItem","position":1,"name":"Home","item":"https:\/\/www.nabytok-prestige.sk\/"},{"@type":"ListItem","position":2,"name":"Obchod","item":"https:\/\/www.nabytok-prestige.sk\/shop\/"},{"@type":"ListItem","position":3,"name":"Nina sedacia s\u00faprava rohov\u00e1"}]},{"@type":"WebSite","@id":"https:\/\/www.nabytok-prestige.sk\/#website","url":"https:\/\/www.nabytok-prestige.sk\/","name":"N\u00e1bytok Prestige, Ru\u017eomberok","description":"Sme s Vami u\u017e 31 rokov","publisher":{"@id":"https:\/\/www.nabytok-prestige.sk\/#organization"},"potentialAction":[{"@type":"SearchAction","target":{"@type":"EntryPoint","urlTemplate":"https:\/\/www.nabytok-prestige.sk\/?s={search_term_string}"},"query-input":{"@type":"PropertyValueSpecification","valueRequired":true,"valueName":"search_term_string"}}],"inLanguage":"sk-SK"},{"@type":"Organization","@id":"https:\/\/www.nabytok-prestige.sk\/#organization","name":"N\u00e1bytok Prestige, Ru\u017eomberok","url":"https:\/\/www.nabytok-prestige.sk\/","logo":{"@type":"ImageObject","inLanguage":"sk-SK","@id":"https:\/\/www.nabytok-prestige.sk\/#\/schema\/logo\/image\/","url":"https:\/\/d.r1.wbsprt.com\/nabytok-prestige.sk\/wp-content\/uploads\/2021\/05\/Prestige.jpg","contentUrl":"https:\/\/d.r1.wbsprt.com\/nabytok-prestige.sk\/wp-content\/uploads\/2021\/05\/Prestige.jpg","width":180,"height":67,"caption":"N\u00e1bytok Prestige, Ru\u017eomberok"},"image":{"@id":"https:\/\/www.nabytok-prestige.sk\/#\/schema\/logo\/image\/"}}]}},"_links":{"self":[{"href":"https:\/\/d.r1.wbsprt.com\/nabytok-prestige.sk\/wp-json\/wp\/v2\/product\/7280","targetHints":{"allow":["GET"]}}],"collection":[{"href":"https:\/\/d.r1.wbsprt.com\/nabytok-prestige.sk\/wp-json\/wp\/v2\/product"}],"about":[{"href":"https:\/\/d.r1.wbsprt.com\/nabytok-prestige.sk\/wp-json\/wp\/v2\/types\/product"}],"wp:featuredmedia":[{"embeddable":true,"href":"https:\/\/d.r1.wbsprt.com\/nabytok-prestige.sk\/wp-json\/wp\/v2\/media\/7283"}],"wp:attachment":[{"href":"https:\/\/d.r1.wbsprt.com\/nabytok-prestige.sk\/wp-json\/wp\/v2\/media?parent=7280"}],"wp:term":[{"taxonomy":"product_brand","embeddable":true,"href":"https:\/\/d.r1.wbsprt.com\/nabytok-prestige.sk\/wp-json\/wp\/v2\/product_brand?post=7280"},{"taxonomy":"product_cat","embeddable":true,"href":"https:\/\/d.r1.wbsprt.com\/nabytok-prestige.sk\/wp-json\/wp\/v2\/product_cat?post=7280"},{"taxonomy":"product_tag","embeddable":true,"href":"https:\/\/d.r1.wbsprt.com\/nabytok-prestige.sk\/wp-json\/wp\/v2\/product_tag?post=7280"}],"curies":[{"name":"wp","href":"https:\/\/api.w.org\/{rel}","templated":true}]}}