{"id":7222,"date":"2021-06-27T22:38:09","date_gmt":"2021-06-27T20:38:09","guid":{"rendered":"https:\/\/www.nabytok-prestige.sk\/?post_type=product&#038;p=7222"},"modified":"2025-12-06T23:58:25","modified_gmt":"2025-12-06T22:58:25","slug":"eva-sedacia-suprava","status":"publish","type":"product","link":"https:\/\/d.r1.wbsprt.com\/nabytok-prestige.sk\/produkt\/eva-sedacia-suprava\/","title":{"rendered":"EVA Sedacia s\u00faprava"},"content":{"rendered":"<p>EVA Sedacia s\u00faprava vynik\u00e1 v\u00fdbornou ergon\u00f3miou sedenia a jednoduch\u00fdm sp\u00f4sobom roz\u0165ahovania tzv. AUTOMATOM. Seda\u010dka sa objedn\u00e1va ako samostatn\u00e1 trojpohovka pr\u00edpadne 2,5 pohovka alebo dva a pol pohovka spojen\u00e1 s otomanom, \u010d\u00edm vytvor\u00ed rohov\u00fa kvalitn\u00fa rozkladaciu sedaciu s\u00fapravu s \u00falo\u017en\u00fdm priestorom v otomane.<br \/>\nMaxim\u00e1lne za\u0165a\u017eenie l\u00f4\u017eka je 200 kg.<br \/>\nD\u00e1 sa objedna\u0165 opierka hlavy na prvky 3F,2,5 F,KR-F.<br \/>\n\u0160\u00edrka podr\u00fa\u010diek sa d\u00e1 vybra\u0165 17 alebo 22 cm.<\/p>\n<p>Je ur\u010den\u00e1 na ka\u017edodenn\u00e9 spanie.<\/p>\n<p>Cena je z\u00e1visl\u00e1 na konkr\u00e9tnej vybranej variante ,teda \u0161\u00edrka podr\u00fa\u010diek, z\u00e1hlavn\u00edky, zvolen\u00fd po\u0165ah a teda tu nie je z toho d\u00f4vodu uveden\u00e1 . Cena vybranej varianty na vy\u017eiadanie telefonicky alebo mailom.<\/p>\n<p><a href=\"https:\/\/www.nabytok-prestige.sk\/wp-content\/uploads\/2021\/06\/Nina-pohovka-rozkladanie.mp4\" target=\"_blank\" rel=\"noopener\">Pohodln\u00e9 Rozkladanie Automat je podobn\u00e9 ako na pohovke zn\u00e1zornen\u00e9 v uk\u00e1\u017eke tohto linku.<\/a><\/p>\n<p><a href=\"https:\/\/www.gkt.sk\/vzorkovnik\/\" target=\"_blank\" rel=\"noopener\">Po\u0165ah sa d\u00e1 vybra\u0165 zo vzorkovn\u00edka po\u0165ahov\u00fdch kolekci\u00ed od II. cenovej skupiny a\u017e po VII. cenov\u00fa skupinu a taktie\u017e aj z kolekci\u00ed ko\u017e\u00ed.<\/a><\/p>\n<p>&nbsp;<\/p>\n<p>&nbsp;<\/p>\n","protected":false},"excerpt":{"rendered":"<p>EVA Sedacia s\u00faprava vynik\u00e1 v\u00fdbornou ergon\u00f3miou sedenia a jednoduch\u00fdm sp\u00f4sobom roz\u0165ahovania tzv. AUTOMATOM. Seda\u010dka sa objedn\u00e1va ako samostatn\u00e1 trojpohovka pr\u00edpadne 2,5 pohovka alebo dva a pol pohovka spojen\u00e1 s otomanom, \u010d\u00edm vytvor\u00ed rohov\u00fa kvalitn\u00fa rozkladaciu sedaciu s\u00fapravu s \u00falo\u017en\u00fdm priestorom v otomane. Maxim\u00e1lne za\u0165a\u017eenie l\u00f4\u017eka je 200 kg. D\u00e1 sa objedna\u0165 opierka hlavy na prvky [&hellip;]<\/p>\n","protected":false},"featured_media":7224,"template":"","meta":{"site-sidebar-layout":"default","site-content-layout":"default","ast-site-content-layout":"default","site-content-style":"default","site-sidebar-style":"default","ast-global-header-display":"","ast-banner-title-visibility":"","ast-main-header-display":"","ast-hfb-above-header-display":"","ast-hfb-below-header-display":"","ast-hfb-mobile-header-display":"","site-post-title":"","ast-breadcrumbs-content":"","ast-featured-img":"","footer-sml-layout":"","ast-disable-related-posts":"","theme-transparent-header-meta":"default","adv-header-id-meta":"","stick-header-meta":"","header-above-stick-meta":"","header-main-stick-meta":"","header-below-stick-meta":"","astra-migrate-meta-layouts":"set","ast-page-background-enabled":"default","ast-page-background-meta":{"desktop":{"background-color":"","background-image":"","background-repeat":"repeat","background-position":"center center","background-size":"auto","background-attachment":"scroll","background-type":"","background-media":"","overlay-type":"","overlay-color":"","overlay-opacity":"","overlay-gradient":""},"tablet":{"background-color":"","background-image":"","background-repeat":"repeat","background-position":"center center","background-size":"auto","background-attachment":"scroll","background-type":"","background-media":"","overlay-type":"","overlay-color":"","overlay-opacity":"","overlay-gradient":""},"mobile":{"background-color":"","background-image":"","background-repeat":"repeat","background-position":"center center","background-size":"auto","background-attachment":"scroll","background-type":"","background-media":"","overlay-type":"","overlay-color":"","overlay-opacity":"","overlay-gradient":""}},"ast-content-background-meta":{"desktop":{"background-color":"var(--ast-global-color-5)","background-image":"","background-repeat":"repeat","background-position":"center center","background-size":"auto","background-attachment":"scroll","background-type":"","background-media":"","overlay-type":"","overlay-color":"","overlay-opacity":"","overlay-gradient":""},"tablet":{"background-color":"var(--ast-global-color-5)","background-image":"","background-repeat":"repeat","background-position":"center center","background-size":"auto","background-attachment":"scroll","background-type":"","background-media":"","overlay-type":"","overlay-color":"","overlay-opacity":"","overlay-gradient":""},"mobile":{"background-color":"var(--ast-global-color-5)","background-image":"","background-repeat":"repeat","background-position":"center center","background-size":"auto","background-attachment":"scroll","background-type":"","background-media":"","overlay-type":"","overlay-color":"","overlay-opacity":"","overlay-gradient":""}}},"product_brand":[],"product_cat":[55],"product_tag":[],"class_list":{"0":"post-7222","1":"product","2":"type-product","3":"status-publish","4":"has-post-thumbnail","6":"product_cat-sedacie-supravy-gkt","7":"desktop-align-left","8":"tablet-align-left","9":"mobile-align-left","11":"first","12":"onbackorder","13":"shipping-taxable","14":"product-type-simple"},"yoast_head":"<!-- This site is optimized with the Yoast SEO plugin v27.4 - https:\/\/yoast.com\/product\/yoast-seo-wordpress\/ -->\n<title>EVA Sedacia s\u00faprava - N\u00e1bytok Prestige, Ru\u017eomberok<\/title>\n<meta name=\"description\" content=\"EVA Sedacia s\u00faprava vynik\u00e1 v\u00fdbornou ergon\u00f3miou sedenia a jednoduch\u00fdm sp\u00f4sobom roz\u0165ahovania tzv. AUTOMATOM .\" \/>\n<meta name=\"robots\" content=\"index, follow, max-snippet:-1, max-image-preview:large, max-video-preview:-1\" \/>\n<link rel=\"canonical\" href=\"https:\/\/www.nabytok-prestige.sk\/produkt\/eva-sedacia-suprava\/\" \/>\n<meta property=\"og:locale\" content=\"sk_SK\" \/>\n<meta property=\"og:type\" content=\"article\" \/>\n<meta property=\"og:title\" content=\"EVA Sedacia s\u00faprava - N\u00e1bytok Prestige, Ru\u017eomberok\" \/>\n<meta property=\"og:description\" content=\"EVA Sedacia s\u00faprava vynik\u00e1 v\u00fdbornou ergon\u00f3miou sedenia a jednoduch\u00fdm sp\u00f4sobom roz\u0165ahovania tzv. AUTOMATOM .\" \/>\n<meta property=\"og:url\" content=\"https:\/\/www.nabytok-prestige.sk\/produkt\/eva-sedacia-suprava\/\" \/>\n<meta property=\"og:site_name\" content=\"N\u00e1bytok Prestige, Ru\u017eomberok\" \/>\n<meta property=\"article:modified_time\" content=\"2025-12-06T22:58:25+00:00\" \/>\n<meta property=\"og:image\" content=\"https:\/\/www.nabytok-prestige.sk\/wp-content\/uploads\/2021\/06\/Eva-sedacia-suprava.jpg\" \/>\n\t<meta property=\"og:image:width\" content=\"900\" \/>\n\t<meta property=\"og:image:height\" content=\"900\" \/>\n\t<meta property=\"og:image:type\" content=\"image\/jpeg\" \/>\n<meta name=\"twitter:card\" content=\"summary_large_image\" \/>\n<meta name=\"twitter:label1\" content=\"Predpokladan\u00fd \u010das \u010d\u00edtania\" \/>\n\t<meta name=\"twitter:data1\" content=\"2 min\u00faty\" \/>\n<script type=\"application\/ld+json\" class=\"yoast-schema-graph\">{\"@context\":\"https:\\\/\\\/schema.org\",\"@graph\":[{\"@type\":\"WebPage\",\"@id\":\"https:\\\/\\\/www.nabytok-prestige.sk\\\/produkt\\\/eva-sedacia-suprava\\\/\",\"url\":\"https:\\\/\\\/www.nabytok-prestige.sk\\\/produkt\\\/eva-sedacia-suprava\\\/\",\"name\":\"EVA Sedacia s\u00faprava - N\u00e1bytok Prestige, Ru\u017eomberok\",\"isPartOf\":{\"@id\":\"https:\\\/\\\/www.nabytok-prestige.sk\\\/#website\"},\"primaryImageOfPage\":{\"@id\":\"https:\\\/\\\/www.nabytok-prestige.sk\\\/produkt\\\/eva-sedacia-suprava\\\/#primaryimage\"},\"image\":{\"@id\":\"https:\\\/\\\/www.nabytok-prestige.sk\\\/produkt\\\/eva-sedacia-suprava\\\/#primaryimage\"},\"thumbnailUrl\":\"https:\\\/\\\/d.r1.wbsprt.com\\\/nabytok-prestige.sk\\\/wp-content\\\/uploads\\\/2021\\\/06\\\/Eva-sedacia-suprava.jpg\",\"datePublished\":\"2021-06-27T20:38:09+00:00\",\"dateModified\":\"2025-12-06T22:58:25+00:00\",\"description\":\"EVA Sedacia s\u00faprava vynik\u00e1 v\u00fdbornou ergon\u00f3miou sedenia a jednoduch\u00fdm sp\u00f4sobom roz\u0165ahovania tzv. AUTOMATOM .\",\"breadcrumb\":{\"@id\":\"https:\\\/\\\/www.nabytok-prestige.sk\\\/produkt\\\/eva-sedacia-suprava\\\/#breadcrumb\"},\"inLanguage\":\"sk-SK\",\"potentialAction\":[{\"@type\":\"ReadAction\",\"target\":[\"https:\\\/\\\/www.nabytok-prestige.sk\\\/produkt\\\/eva-sedacia-suprava\\\/\"]}]},{\"@type\":\"ImageObject\",\"inLanguage\":\"sk-SK\",\"@id\":\"https:\\\/\\\/www.nabytok-prestige.sk\\\/produkt\\\/eva-sedacia-suprava\\\/#primaryimage\",\"url\":\"https:\\\/\\\/d.r1.wbsprt.com\\\/nabytok-prestige.sk\\\/wp-content\\\/uploads\\\/2021\\\/06\\\/Eva-sedacia-suprava.jpg\",\"contentUrl\":\"https:\\\/\\\/d.r1.wbsprt.com\\\/nabytok-prestige.sk\\\/wp-content\\\/uploads\\\/2021\\\/06\\\/Eva-sedacia-suprava.jpg\",\"width\":900,\"height\":900,\"caption\":\"Eva sedacia s\u00faprava\"},{\"@type\":\"BreadcrumbList\",\"@id\":\"https:\\\/\\\/www.nabytok-prestige.sk\\\/produkt\\\/eva-sedacia-suprava\\\/#breadcrumb\",\"itemListElement\":[{\"@type\":\"ListItem\",\"position\":1,\"name\":\"Home\",\"item\":\"https:\\\/\\\/www.nabytok-prestige.sk\\\/\"},{\"@type\":\"ListItem\",\"position\":2,\"name\":\"Obchod\",\"item\":\"https:\\\/\\\/www.nabytok-prestige.sk\\\/shop\\\/\"},{\"@type\":\"ListItem\",\"position\":3,\"name\":\"EVA Sedacia s\u00faprava\"}]},{\"@type\":\"WebSite\",\"@id\":\"https:\\\/\\\/www.nabytok-prestige.sk\\\/#website\",\"url\":\"https:\\\/\\\/www.nabytok-prestige.sk\\\/\",\"name\":\"N\u00e1bytok Prestige, Ru\u017eomberok\",\"description\":\"Sme s Vami u\u017e 31 rokov\",\"publisher\":{\"@id\":\"https:\\\/\\\/www.nabytok-prestige.sk\\\/#organization\"},\"potentialAction\":[{\"@type\":\"SearchAction\",\"target\":{\"@type\":\"EntryPoint\",\"urlTemplate\":\"https:\\\/\\\/www.nabytok-prestige.sk\\\/?s={search_term_string}\"},\"query-input\":{\"@type\":\"PropertyValueSpecification\",\"valueRequired\":true,\"valueName\":\"search_term_string\"}}],\"inLanguage\":\"sk-SK\"},{\"@type\":\"Organization\",\"@id\":\"https:\\\/\\\/www.nabytok-prestige.sk\\\/#organization\",\"name\":\"N\u00e1bytok Prestige, Ru\u017eomberok\",\"url\":\"https:\\\/\\\/www.nabytok-prestige.sk\\\/\",\"logo\":{\"@type\":\"ImageObject\",\"inLanguage\":\"sk-SK\",\"@id\":\"https:\\\/\\\/www.nabytok-prestige.sk\\\/#\\\/schema\\\/logo\\\/image\\\/\",\"url\":\"https:\\\/\\\/d.r1.wbsprt.com\\\/nabytok-prestige.sk\\\/wp-content\\\/uploads\\\/2021\\\/05\\\/Prestige.jpg\",\"contentUrl\":\"https:\\\/\\\/d.r1.wbsprt.com\\\/nabytok-prestige.sk\\\/wp-content\\\/uploads\\\/2021\\\/05\\\/Prestige.jpg\",\"width\":180,\"height\":67,\"caption\":\"N\u00e1bytok Prestige, Ru\u017eomberok\"},\"image\":{\"@id\":\"https:\\\/\\\/www.nabytok-prestige.sk\\\/#\\\/schema\\\/logo\\\/image\\\/\"}}]}<\/script>\n<!-- \/ Yoast SEO plugin. -->","yoast_head_json":{"title":"EVA Sedacia s\u00faprava - N\u00e1bytok Prestige, Ru\u017eomberok","description":"EVA Sedacia s\u00faprava vynik\u00e1 v\u00fdbornou ergon\u00f3miou sedenia a jednoduch\u00fdm sp\u00f4sobom roz\u0165ahovania tzv. AUTOMATOM .","robots":{"index":"index","follow":"follow","max-snippet":"max-snippet:-1","max-image-preview":"max-image-preview:large","max-video-preview":"max-video-preview:-1"},"canonical":"https:\/\/www.nabytok-prestige.sk\/produkt\/eva-sedacia-suprava\/","og_locale":"sk_SK","og_type":"article","og_title":"EVA Sedacia s\u00faprava - N\u00e1bytok Prestige, Ru\u017eomberok","og_description":"EVA Sedacia s\u00faprava vynik\u00e1 v\u00fdbornou ergon\u00f3miou sedenia a jednoduch\u00fdm sp\u00f4sobom roz\u0165ahovania tzv. AUTOMATOM .","og_url":"https:\/\/www.nabytok-prestige.sk\/produkt\/eva-sedacia-suprava\/","og_site_name":"N\u00e1bytok Prestige, Ru\u017eomberok","article_modified_time":"2025-12-06T22:58:25+00:00","og_image":[{"width":900,"height":900,"url":"https:\/\/www.nabytok-prestige.sk\/wp-content\/uploads\/2021\/06\/Eva-sedacia-suprava.jpg","type":"image\/jpeg"}],"twitter_card":"summary_large_image","twitter_misc":{"Predpokladan\u00fd \u010das \u010d\u00edtania":"2 min\u00faty"},"schema":{"@context":"https:\/\/schema.org","@graph":[{"@type":"WebPage","@id":"https:\/\/www.nabytok-prestige.sk\/produkt\/eva-sedacia-suprava\/","url":"https:\/\/www.nabytok-prestige.sk\/produkt\/eva-sedacia-suprava\/","name":"EVA Sedacia s\u00faprava - N\u00e1bytok Prestige, Ru\u017eomberok","isPartOf":{"@id":"https:\/\/www.nabytok-prestige.sk\/#website"},"primaryImageOfPage":{"@id":"https:\/\/www.nabytok-prestige.sk\/produkt\/eva-sedacia-suprava\/#primaryimage"},"image":{"@id":"https:\/\/www.nabytok-prestige.sk\/produkt\/eva-sedacia-suprava\/#primaryimage"},"thumbnailUrl":"https:\/\/d.r1.wbsprt.com\/nabytok-prestige.sk\/wp-content\/uploads\/2021\/06\/Eva-sedacia-suprava.jpg","datePublished":"2021-06-27T20:38:09+00:00","dateModified":"2025-12-06T22:58:25+00:00","description":"EVA Sedacia s\u00faprava vynik\u00e1 v\u00fdbornou ergon\u00f3miou sedenia a jednoduch\u00fdm sp\u00f4sobom roz\u0165ahovania tzv. AUTOMATOM .","breadcrumb":{"@id":"https:\/\/www.nabytok-prestige.sk\/produkt\/eva-sedacia-suprava\/#breadcrumb"},"inLanguage":"sk-SK","potentialAction":[{"@type":"ReadAction","target":["https:\/\/www.nabytok-prestige.sk\/produkt\/eva-sedacia-suprava\/"]}]},{"@type":"ImageObject","inLanguage":"sk-SK","@id":"https:\/\/www.nabytok-prestige.sk\/produkt\/eva-sedacia-suprava\/#primaryimage","url":"https:\/\/d.r1.wbsprt.com\/nabytok-prestige.sk\/wp-content\/uploads\/2021\/06\/Eva-sedacia-suprava.jpg","contentUrl":"https:\/\/d.r1.wbsprt.com\/nabytok-prestige.sk\/wp-content\/uploads\/2021\/06\/Eva-sedacia-suprava.jpg","width":900,"height":900,"caption":"Eva sedacia s\u00faprava"},{"@type":"BreadcrumbList","@id":"https:\/\/www.nabytok-prestige.sk\/produkt\/eva-sedacia-suprava\/#breadcrumb","itemListElement":[{"@type":"ListItem","position":1,"name":"Home","item":"https:\/\/www.nabytok-prestige.sk\/"},{"@type":"ListItem","position":2,"name":"Obchod","item":"https:\/\/www.nabytok-prestige.sk\/shop\/"},{"@type":"ListItem","position":3,"name":"EVA Sedacia s\u00faprava"}]},{"@type":"WebSite","@id":"https:\/\/www.nabytok-prestige.sk\/#website","url":"https:\/\/www.nabytok-prestige.sk\/","name":"N\u00e1bytok Prestige, Ru\u017eomberok","description":"Sme s Vami u\u017e 31 rokov","publisher":{"@id":"https:\/\/www.nabytok-prestige.sk\/#organization"},"potentialAction":[{"@type":"SearchAction","target":{"@type":"EntryPoint","urlTemplate":"https:\/\/www.nabytok-prestige.sk\/?s={search_term_string}"},"query-input":{"@type":"PropertyValueSpecification","valueRequired":true,"valueName":"search_term_string"}}],"inLanguage":"sk-SK"},{"@type":"Organization","@id":"https:\/\/www.nabytok-prestige.sk\/#organization","name":"N\u00e1bytok Prestige, Ru\u017eomberok","url":"https:\/\/www.nabytok-prestige.sk\/","logo":{"@type":"ImageObject","inLanguage":"sk-SK","@id":"https:\/\/www.nabytok-prestige.sk\/#\/schema\/logo\/image\/","url":"https:\/\/d.r1.wbsprt.com\/nabytok-prestige.sk\/wp-content\/uploads\/2021\/05\/Prestige.jpg","contentUrl":"https:\/\/d.r1.wbsprt.com\/nabytok-prestige.sk\/wp-content\/uploads\/2021\/05\/Prestige.jpg","width":180,"height":67,"caption":"N\u00e1bytok Prestige, Ru\u017eomberok"},"image":{"@id":"https:\/\/www.nabytok-prestige.sk\/#\/schema\/logo\/image\/"}}]}},"_links":{"self":[{"href":"https:\/\/d.r1.wbsprt.com\/nabytok-prestige.sk\/wp-json\/wp\/v2\/product\/7222","targetHints":{"allow":["GET"]}}],"collection":[{"href":"https:\/\/d.r1.wbsprt.com\/nabytok-prestige.sk\/wp-json\/wp\/v2\/product"}],"about":[{"href":"https:\/\/d.r1.wbsprt.com\/nabytok-prestige.sk\/wp-json\/wp\/v2\/types\/product"}],"wp:featuredmedia":[{"embeddable":true,"href":"https:\/\/d.r1.wbsprt.com\/nabytok-prestige.sk\/wp-json\/wp\/v2\/media\/7224"}],"wp:attachment":[{"href":"https:\/\/d.r1.wbsprt.com\/nabytok-prestige.sk\/wp-json\/wp\/v2\/media?parent=7222"}],"wp:term":[{"taxonomy":"product_brand","embeddable":true,"href":"https:\/\/d.r1.wbsprt.com\/nabytok-prestige.sk\/wp-json\/wp\/v2\/product_brand?post=7222"},{"taxonomy":"product_cat","embeddable":true,"href":"https:\/\/d.r1.wbsprt.com\/nabytok-prestige.sk\/wp-json\/wp\/v2\/product_cat?post=7222"},{"taxonomy":"product_tag","embeddable":true,"href":"https:\/\/d.r1.wbsprt.com\/nabytok-prestige.sk\/wp-json\/wp\/v2\/product_tag?post=7222"}],"curies":[{"name":"wp","href":"https:\/\/api.w.org\/{rel}","templated":true}]}}