{"id":4442,"date":"2021-05-04T20:56:37","date_gmt":"2021-05-04T18:56:37","guid":{"rendered":"https:\/\/www.nabytok-prestige.sk\/?post_type=product&#038;p=4442"},"modified":"2024-11-28T22:11:15","modified_gmt":"2024-11-28T21:11:15","slug":"predsien-renata","status":"publish","type":"product","link":"https:\/\/d.r1.wbsprt.com\/nabytok-prestige.sk\/produkt\/predsien-renata\/","title":{"rendered":"Predsie\u0148 Ren\u00e1ta"},"content":{"rendered":"<p>Predsie\u0148 Ren\u00e1ta je predsie\u0148 do mal\u00e9ho priestoru s ve\u013ek\u00fdm odkladac\u00edm priestorom.<\/p>\n<p>Rozmery : \u0161\u00edrka \u2013 128 cm , v\u00fd\u0161ka \u2013 200 cm , h\u013abka \u2013 34 cm . Rozmery sa daj\u00fa prisp\u00f4sobi\u0165 aj na mieru .Prevedenie lamino 18 mm , hr\u00fabka ABS hrany 2 mm .<\/p>\n","protected":false},"excerpt":{"rendered":"<p>Predsie\u0148 Ren\u00e1ta je predsie\u0148 do mal\u00e9ho priestoru s ve\u013ek\u00fdm odkladac\u00edm priestorom. Rozmery : \u0161\u00edrka \u2013 128 cm , v\u00fd\u0161ka \u2013 200 cm , h\u013abka \u2013 34 cm . Rozmery sa daj\u00fa prisp\u00f4sobi\u0165 aj na mieru .Prevedenie lamino 18 mm , hr\u00fabka ABS hrany 2 mm .<\/p>\n","protected":false},"featured_media":4443,"template":"","meta":{"site-sidebar-layout":"default","site-content-layout":"default","ast-site-content-layout":"default","site-content-style":"default","site-sidebar-style":"default","ast-global-header-display":"","ast-banner-title-visibility":"","ast-main-header-display":"","ast-hfb-above-header-display":"","ast-hfb-below-header-display":"","ast-hfb-mobile-header-display":"","site-post-title":"","ast-breadcrumbs-content":"","ast-featured-img":"","footer-sml-layout":"","ast-disable-related-posts":"","theme-transparent-header-meta":"default","adv-header-id-meta":"","stick-header-meta":"","header-above-stick-meta":"","header-main-stick-meta":"","header-below-stick-meta":"","astra-migrate-meta-layouts":"set","ast-page-background-enabled":"default","ast-page-background-meta":{"desktop":{"background-color":"","background-image":"","background-repeat":"repeat","background-position":"center center","background-size":"auto","background-attachment":"scroll","background-type":"","background-media":"","overlay-type":"","overlay-color":"","overlay-opacity":"","overlay-gradient":""},"tablet":{"background-color":"","background-image":"","background-repeat":"repeat","background-position":"center center","background-size":"auto","background-attachment":"scroll","background-type":"","background-media":"","overlay-type":"","overlay-color":"","overlay-opacity":"","overlay-gradient":""},"mobile":{"background-color":"","background-image":"","background-repeat":"repeat","background-position":"center center","background-size":"auto","background-attachment":"scroll","background-type":"","background-media":"","overlay-type":"","overlay-color":"","overlay-opacity":"","overlay-gradient":""}},"ast-content-background-meta":{"desktop":{"background-color":"var(--ast-global-color-5)","background-image":"","background-repeat":"repeat","background-position":"center center","background-size":"auto","background-attachment":"scroll","background-type":"","background-media":"","overlay-type":"","overlay-color":"","overlay-opacity":"","overlay-gradient":""},"tablet":{"background-color":"var(--ast-global-color-5)","background-image":"","background-repeat":"repeat","background-position":"center center","background-size":"auto","background-attachment":"scroll","background-type":"","background-media":"","overlay-type":"","overlay-color":"","overlay-opacity":"","overlay-gradient":""},"mobile":{"background-color":"var(--ast-global-color-5)","background-image":"","background-repeat":"repeat","background-position":"center center","background-size":"auto","background-attachment":"scroll","background-type":"","background-media":"","overlay-type":"","overlay-color":"","overlay-opacity":"","overlay-gradient":""}}},"product_brand":[],"product_cat":[36],"product_tag":[],"class_list":{"0":"post-4442","1":"product","2":"type-product","3":"status-publish","4":"has-post-thumbnail","6":"product_cat-predsiene","7":"desktop-align-left","8":"tablet-align-left","9":"mobile-align-left","11":"first","12":"onbackorder","13":"shipping-taxable","14":"purchasable","15":"product-type-simple"},"yoast_head":"<!-- This site is optimized with the Yoast SEO plugin v27.4 - https:\/\/yoast.com\/product\/yoast-seo-wordpress\/ -->\n<title>Predsie\u0148 Ren\u00e1ta - N\u00e1bytok Prestige, Ru\u017eomberok<\/title>\n<meta name=\"description\" content=\"Predsie\u0148 Ren\u00e1ta je predsie\u0148 do mal\u00e9ho priestoru s ve\u013ek\u00fdm odkladac\u00edm priestorom.Rozmery : \u0161\u00edrka \u2013 128 cm , v\u00fd\u0161ka \u2013 200 cm , h\u013abka \u2013 34 cm .\" \/>\n<meta name=\"robots\" content=\"index, follow, max-snippet:-1, max-image-preview:large, max-video-preview:-1\" \/>\n<link rel=\"canonical\" href=\"https:\/\/d.r1.wbsprt.com\/nabytok-prestige.sk\/produkt\/predsien-renata\/\" \/>\n<meta property=\"og:locale\" content=\"sk_SK\" \/>\n<meta property=\"og:type\" content=\"article\" \/>\n<meta property=\"og:title\" content=\"Predsie\u0148 Ren\u00e1ta - N\u00e1bytok Prestige, Ru\u017eomberok\" \/>\n<meta property=\"og:description\" content=\"Predsie\u0148 Ren\u00e1ta je predsie\u0148 do mal\u00e9ho priestoru s ve\u013ek\u00fdm odkladac\u00edm priestorom.Rozmery : \u0161\u00edrka \u2013 128 cm , v\u00fd\u0161ka \u2013 200 cm , h\u013abka \u2013 34 cm .\" \/>\n<meta property=\"og:url\" content=\"https:\/\/d.r1.wbsprt.com\/nabytok-prestige.sk\/produkt\/predsien-renata\/\" \/>\n<meta property=\"og:site_name\" content=\"N\u00e1bytok Prestige, Ru\u017eomberok\" \/>\n<meta property=\"article:modified_time\" content=\"2024-11-28T21:11:15+00:00\" \/>\n<meta property=\"og:image\" content=\"https:\/\/d.r1.wbsprt.com\/nabytok-prestige.sk\/wp-content\/uploads\/2021\/05\/predsien-renata.jpg\" \/>\n\t<meta property=\"og:image:width\" content=\"900\" \/>\n\t<meta property=\"og:image:height\" content=\"900\" \/>\n\t<meta property=\"og:image:type\" content=\"image\/jpeg\" \/>\n<meta name=\"twitter:card\" content=\"summary_large_image\" \/>\n<meta name=\"twitter:label1\" content=\"Predpokladan\u00fd \u010das \u010d\u00edtania\" \/>\n\t<meta name=\"twitter:data1\" content=\"1 min\u00fata\" \/>\n<script type=\"application\/ld+json\" class=\"yoast-schema-graph\">{\"@context\":\"https:\\\/\\\/schema.org\",\"@graph\":[{\"@type\":\"WebPage\",\"@id\":\"https:\\\/\\\/d.r1.wbsprt.com\\\/nabytok-prestige.sk\\\/produkt\\\/predsien-renata\\\/\",\"url\":\"https:\\\/\\\/d.r1.wbsprt.com\\\/nabytok-prestige.sk\\\/produkt\\\/predsien-renata\\\/\",\"name\":\"Predsie\u0148 Ren\u00e1ta - N\u00e1bytok Prestige, Ru\u017eomberok\",\"isPartOf\":{\"@id\":\"https:\\\/\\\/www.nabytok-prestige.sk\\\/#website\"},\"primaryImageOfPage\":{\"@id\":\"https:\\\/\\\/d.r1.wbsprt.com\\\/nabytok-prestige.sk\\\/produkt\\\/predsien-renata\\\/#primaryimage\"},\"image\":{\"@id\":\"https:\\\/\\\/d.r1.wbsprt.com\\\/nabytok-prestige.sk\\\/produkt\\\/predsien-renata\\\/#primaryimage\"},\"thumbnailUrl\":\"https:\\\/\\\/d.r1.wbsprt.com\\\/nabytok-prestige.sk\\\/wp-content\\\/uploads\\\/2021\\\/05\\\/predsien-renata.jpg\",\"datePublished\":\"2021-05-04T18:56:37+00:00\",\"dateModified\":\"2024-11-28T21:11:15+00:00\",\"description\":\"Predsie\u0148 Ren\u00e1ta je predsie\u0148 do mal\u00e9ho priestoru s ve\u013ek\u00fdm odkladac\u00edm priestorom.Rozmery : \u0161\u00edrka \u2013 128 cm , v\u00fd\u0161ka \u2013 200 cm , h\u013abka \u2013 34 cm .\",\"breadcrumb\":{\"@id\":\"https:\\\/\\\/d.r1.wbsprt.com\\\/nabytok-prestige.sk\\\/produkt\\\/predsien-renata\\\/#breadcrumb\"},\"inLanguage\":\"sk-SK\",\"potentialAction\":[{\"@type\":\"ReadAction\",\"target\":[\"https:\\\/\\\/d.r1.wbsprt.com\\\/nabytok-prestige.sk\\\/produkt\\\/predsien-renata\\\/\"]}]},{\"@type\":\"ImageObject\",\"inLanguage\":\"sk-SK\",\"@id\":\"https:\\\/\\\/d.r1.wbsprt.com\\\/nabytok-prestige.sk\\\/produkt\\\/predsien-renata\\\/#primaryimage\",\"url\":\"https:\\\/\\\/d.r1.wbsprt.com\\\/nabytok-prestige.sk\\\/wp-content\\\/uploads\\\/2021\\\/05\\\/predsien-renata.jpg\",\"contentUrl\":\"https:\\\/\\\/d.r1.wbsprt.com\\\/nabytok-prestige.sk\\\/wp-content\\\/uploads\\\/2021\\\/05\\\/predsien-renata.jpg\",\"width\":900,\"height\":900,\"caption\":\"Predsie\u0148 Ren\u00e1ta\"},{\"@type\":\"BreadcrumbList\",\"@id\":\"https:\\\/\\\/d.r1.wbsprt.com\\\/nabytok-prestige.sk\\\/produkt\\\/predsien-renata\\\/#breadcrumb\",\"itemListElement\":[{\"@type\":\"ListItem\",\"position\":1,\"name\":\"Home\",\"item\":\"https:\\\/\\\/www.nabytok-prestige.sk\\\/\"},{\"@type\":\"ListItem\",\"position\":2,\"name\":\"Obchod\",\"item\":\"https:\\\/\\\/www.nabytok-prestige.sk\\\/shop\\\/\"},{\"@type\":\"ListItem\",\"position\":3,\"name\":\"Predsie\u0148 Ren\u00e1ta\"}]},{\"@type\":\"WebSite\",\"@id\":\"https:\\\/\\\/www.nabytok-prestige.sk\\\/#website\",\"url\":\"https:\\\/\\\/www.nabytok-prestige.sk\\\/\",\"name\":\"N\u00e1bytok Prestige, Ru\u017eomberok\",\"description\":\"Sme s Vami u\u017e 31 rokov\",\"publisher\":{\"@id\":\"https:\\\/\\\/www.nabytok-prestige.sk\\\/#organization\"},\"potentialAction\":[{\"@type\":\"SearchAction\",\"target\":{\"@type\":\"EntryPoint\",\"urlTemplate\":\"https:\\\/\\\/www.nabytok-prestige.sk\\\/?s={search_term_string}\"},\"query-input\":{\"@type\":\"PropertyValueSpecification\",\"valueRequired\":true,\"valueName\":\"search_term_string\"}}],\"inLanguage\":\"sk-SK\"},{\"@type\":\"Organization\",\"@id\":\"https:\\\/\\\/www.nabytok-prestige.sk\\\/#organization\",\"name\":\"N\u00e1bytok Prestige, Ru\u017eomberok\",\"url\":\"https:\\\/\\\/www.nabytok-prestige.sk\\\/\",\"logo\":{\"@type\":\"ImageObject\",\"inLanguage\":\"sk-SK\",\"@id\":\"https:\\\/\\\/www.nabytok-prestige.sk\\\/#\\\/schema\\\/logo\\\/image\\\/\",\"url\":\"https:\\\/\\\/d.r1.wbsprt.com\\\/nabytok-prestige.sk\\\/wp-content\\\/uploads\\\/2021\\\/05\\\/Prestige.jpg\",\"contentUrl\":\"https:\\\/\\\/d.r1.wbsprt.com\\\/nabytok-prestige.sk\\\/wp-content\\\/uploads\\\/2021\\\/05\\\/Prestige.jpg\",\"width\":180,\"height\":67,\"caption\":\"N\u00e1bytok Prestige, Ru\u017eomberok\"},\"image\":{\"@id\":\"https:\\\/\\\/www.nabytok-prestige.sk\\\/#\\\/schema\\\/logo\\\/image\\\/\"}}]}<\/script>\n<!-- \/ Yoast SEO plugin. -->","yoast_head_json":{"title":"Predsie\u0148 Ren\u00e1ta - N\u00e1bytok Prestige, Ru\u017eomberok","description":"Predsie\u0148 Ren\u00e1ta je predsie\u0148 do mal\u00e9ho priestoru s ve\u013ek\u00fdm odkladac\u00edm priestorom.Rozmery : \u0161\u00edrka \u2013 128 cm , v\u00fd\u0161ka \u2013 200 cm , h\u013abka \u2013 34 cm .","robots":{"index":"index","follow":"follow","max-snippet":"max-snippet:-1","max-image-preview":"max-image-preview:large","max-video-preview":"max-video-preview:-1"},"canonical":"https:\/\/d.r1.wbsprt.com\/nabytok-prestige.sk\/produkt\/predsien-renata\/","og_locale":"sk_SK","og_type":"article","og_title":"Predsie\u0148 Ren\u00e1ta - N\u00e1bytok Prestige, Ru\u017eomberok","og_description":"Predsie\u0148 Ren\u00e1ta je predsie\u0148 do mal\u00e9ho priestoru s ve\u013ek\u00fdm odkladac\u00edm priestorom.Rozmery : \u0161\u00edrka \u2013 128 cm , v\u00fd\u0161ka \u2013 200 cm , h\u013abka \u2013 34 cm .","og_url":"https:\/\/d.r1.wbsprt.com\/nabytok-prestige.sk\/produkt\/predsien-renata\/","og_site_name":"N\u00e1bytok Prestige, Ru\u017eomberok","article_modified_time":"2024-11-28T21:11:15+00:00","og_image":[{"width":900,"height":900,"url":"https:\/\/d.r1.wbsprt.com\/nabytok-prestige.sk\/wp-content\/uploads\/2021\/05\/predsien-renata.jpg","type":"image\/jpeg"}],"twitter_card":"summary_large_image","twitter_misc":{"Predpokladan\u00fd \u010das \u010d\u00edtania":"1 min\u00fata"},"schema":{"@context":"https:\/\/schema.org","@graph":[{"@type":"WebPage","@id":"https:\/\/d.r1.wbsprt.com\/nabytok-prestige.sk\/produkt\/predsien-renata\/","url":"https:\/\/d.r1.wbsprt.com\/nabytok-prestige.sk\/produkt\/predsien-renata\/","name":"Predsie\u0148 Ren\u00e1ta - N\u00e1bytok Prestige, Ru\u017eomberok","isPartOf":{"@id":"https:\/\/www.nabytok-prestige.sk\/#website"},"primaryImageOfPage":{"@id":"https:\/\/d.r1.wbsprt.com\/nabytok-prestige.sk\/produkt\/predsien-renata\/#primaryimage"},"image":{"@id":"https:\/\/d.r1.wbsprt.com\/nabytok-prestige.sk\/produkt\/predsien-renata\/#primaryimage"},"thumbnailUrl":"https:\/\/d.r1.wbsprt.com\/nabytok-prestige.sk\/wp-content\/uploads\/2021\/05\/predsien-renata.jpg","datePublished":"2021-05-04T18:56:37+00:00","dateModified":"2024-11-28T21:11:15+00:00","description":"Predsie\u0148 Ren\u00e1ta je predsie\u0148 do mal\u00e9ho priestoru s ve\u013ek\u00fdm odkladac\u00edm priestorom.Rozmery : \u0161\u00edrka \u2013 128 cm , v\u00fd\u0161ka \u2013 200 cm , h\u013abka \u2013 34 cm .","breadcrumb":{"@id":"https:\/\/d.r1.wbsprt.com\/nabytok-prestige.sk\/produkt\/predsien-renata\/#breadcrumb"},"inLanguage":"sk-SK","potentialAction":[{"@type":"ReadAction","target":["https:\/\/d.r1.wbsprt.com\/nabytok-prestige.sk\/produkt\/predsien-renata\/"]}]},{"@type":"ImageObject","inLanguage":"sk-SK","@id":"https:\/\/d.r1.wbsprt.com\/nabytok-prestige.sk\/produkt\/predsien-renata\/#primaryimage","url":"https:\/\/d.r1.wbsprt.com\/nabytok-prestige.sk\/wp-content\/uploads\/2021\/05\/predsien-renata.jpg","contentUrl":"https:\/\/d.r1.wbsprt.com\/nabytok-prestige.sk\/wp-content\/uploads\/2021\/05\/predsien-renata.jpg","width":900,"height":900,"caption":"Predsie\u0148 Ren\u00e1ta"},{"@type":"BreadcrumbList","@id":"https:\/\/d.r1.wbsprt.com\/nabytok-prestige.sk\/produkt\/predsien-renata\/#breadcrumb","itemListElement":[{"@type":"ListItem","position":1,"name":"Home","item":"https:\/\/www.nabytok-prestige.sk\/"},{"@type":"ListItem","position":2,"name":"Obchod","item":"https:\/\/www.nabytok-prestige.sk\/shop\/"},{"@type":"ListItem","position":3,"name":"Predsie\u0148 Ren\u00e1ta"}]},{"@type":"WebSite","@id":"https:\/\/www.nabytok-prestige.sk\/#website","url":"https:\/\/www.nabytok-prestige.sk\/","name":"N\u00e1bytok Prestige, Ru\u017eomberok","description":"Sme s Vami u\u017e 31 rokov","publisher":{"@id":"https:\/\/www.nabytok-prestige.sk\/#organization"},"potentialAction":[{"@type":"SearchAction","target":{"@type":"EntryPoint","urlTemplate":"https:\/\/www.nabytok-prestige.sk\/?s={search_term_string}"},"query-input":{"@type":"PropertyValueSpecification","valueRequired":true,"valueName":"search_term_string"}}],"inLanguage":"sk-SK"},{"@type":"Organization","@id":"https:\/\/www.nabytok-prestige.sk\/#organization","name":"N\u00e1bytok Prestige, Ru\u017eomberok","url":"https:\/\/www.nabytok-prestige.sk\/","logo":{"@type":"ImageObject","inLanguage":"sk-SK","@id":"https:\/\/www.nabytok-prestige.sk\/#\/schema\/logo\/image\/","url":"https:\/\/d.r1.wbsprt.com\/nabytok-prestige.sk\/wp-content\/uploads\/2021\/05\/Prestige.jpg","contentUrl":"https:\/\/d.r1.wbsprt.com\/nabytok-prestige.sk\/wp-content\/uploads\/2021\/05\/Prestige.jpg","width":180,"height":67,"caption":"N\u00e1bytok Prestige, Ru\u017eomberok"},"image":{"@id":"https:\/\/www.nabytok-prestige.sk\/#\/schema\/logo\/image\/"}}]}},"_links":{"self":[{"href":"https:\/\/d.r1.wbsprt.com\/nabytok-prestige.sk\/wp-json\/wp\/v2\/product\/4442","targetHints":{"allow":["GET"]}}],"collection":[{"href":"https:\/\/d.r1.wbsprt.com\/nabytok-prestige.sk\/wp-json\/wp\/v2\/product"}],"about":[{"href":"https:\/\/d.r1.wbsprt.com\/nabytok-prestige.sk\/wp-json\/wp\/v2\/types\/product"}],"wp:featuredmedia":[{"embeddable":true,"href":"https:\/\/d.r1.wbsprt.com\/nabytok-prestige.sk\/wp-json\/wp\/v2\/media\/4443"}],"wp:attachment":[{"href":"https:\/\/d.r1.wbsprt.com\/nabytok-prestige.sk\/wp-json\/wp\/v2\/media?parent=4442"}],"wp:term":[{"taxonomy":"product_brand","embeddable":true,"href":"https:\/\/d.r1.wbsprt.com\/nabytok-prestige.sk\/wp-json\/wp\/v2\/product_brand?post=4442"},{"taxonomy":"product_cat","embeddable":true,"href":"https:\/\/d.r1.wbsprt.com\/nabytok-prestige.sk\/wp-json\/wp\/v2\/product_cat?post=4442"},{"taxonomy":"product_tag","embeddable":true,"href":"https:\/\/d.r1.wbsprt.com\/nabytok-prestige.sk\/wp-json\/wp\/v2\/product_tag?post=4442"}],"curies":[{"name":"wp","href":"https:\/\/api.w.org\/{rel}","templated":true}]}}