{"id":10023,"date":"2024-12-15T13:23:09","date_gmt":"2024-12-15T12:23:09","guid":{"rendered":"https:\/\/www.nabytok-prestige.sk\/?post_type=product&#038;p=10023"},"modified":"2025-12-14T17:22:57","modified_gmt":"2025-12-14T16:22:57","slug":"893-e-mona-sedacia-suprava","status":"publish","type":"product","link":"https:\/\/d.r1.wbsprt.com\/nabytok-prestige.sk\/produkt\/893-e-mona-sedacia-suprava\/","title":{"rendered":"893 \u20ac Mona sedacia s\u00faprava"},"content":{"rendered":"","protected":false},"excerpt":{"rendered":"","protected":false},"featured_media":12921,"template":"","meta":{"site-sidebar-layout":"default","site-content-layout":"","ast-site-content-layout":"default","site-content-style":"default","site-sidebar-style":"default","ast-global-header-display":"","ast-banner-title-visibility":"","ast-main-header-display":"","ast-hfb-above-header-display":"","ast-hfb-below-header-display":"","ast-hfb-mobile-header-display":"","site-post-title":"","ast-breadcrumbs-content":"","ast-featured-img":"","footer-sml-layout":"","ast-disable-related-posts":"","theme-transparent-header-meta":"default","adv-header-id-meta":"","stick-header-meta":"","header-above-stick-meta":"","header-main-stick-meta":"","header-below-stick-meta":"","astra-migrate-meta-layouts":"set","ast-page-background-enabled":"default","ast-page-background-meta":{"desktop":{"background-color":"","background-image":"","background-repeat":"repeat","background-position":"center center","background-size":"auto","background-attachment":"scroll","background-type":"","background-media":"","overlay-type":"","overlay-color":"","overlay-opacity":"","overlay-gradient":""},"tablet":{"background-color":"","background-image":"","background-repeat":"repeat","background-position":"center center","background-size":"auto","background-attachment":"scroll","background-type":"","background-media":"","overlay-type":"","overlay-color":"","overlay-opacity":"","overlay-gradient":""},"mobile":{"background-color":"","background-image":"","background-repeat":"repeat","background-position":"center center","background-size":"auto","background-attachment":"scroll","background-type":"","background-media":"","overlay-type":"","overlay-color":"","overlay-opacity":"","overlay-gradient":""}},"ast-content-background-meta":{"desktop":{"background-color":"var(--ast-global-color-5)","background-image":"","background-repeat":"repeat","background-position":"center center","background-size":"auto","background-attachment":"scroll","background-type":"","background-media":"","overlay-type":"","overlay-color":"","overlay-opacity":"","overlay-gradient":""},"tablet":{"background-color":"var(--ast-global-color-5)","background-image":"","background-repeat":"repeat","background-position":"center center","background-size":"auto","background-attachment":"scroll","background-type":"","background-media":"","overlay-type":"","overlay-color":"","overlay-opacity":"","overlay-gradient":""},"mobile":{"background-color":"var(--ast-global-color-5)","background-image":"","background-repeat":"repeat","background-position":"center center","background-size":"auto","background-attachment":"scroll","background-type":"","background-media":"","overlay-type":"","overlay-color":"","overlay-opacity":"","overlay-gradient":""}}},"product_brand":[],"product_cat":[65],"product_tag":[],"class_list":{"0":"post-10023","1":"product","2":"type-product","3":"status-publish","4":"has-post-thumbnail","6":"product_cat-sedacky-na-predajni","7":"desktop-align-left","8":"tablet-align-left","9":"mobile-align-left","11":"first","12":"instock","13":"featured","14":"shipping-taxable","15":"product-type-simple"},"yoast_head":"<!-- This site is optimized with the Yoast SEO plugin v27.4 - https:\/\/yoast.com\/product\/yoast-seo-wordpress\/ -->\n<title>893 \u20ac Mona sedacia s\u00faprava - N\u00e1bytok Prestige, Ru\u017eomberok<\/title>\n<meta name=\"description\" content=\"Mona sedacia s\u00faprava\" \/>\n<meta name=\"robots\" content=\"index, follow, max-snippet:-1, max-image-preview:large, max-video-preview:-1\" \/>\n<link rel=\"canonical\" href=\"https:\/\/www.nabytok-prestige.sk\/produkt\/893-e-mona-sedacia-suprava\/\" \/>\n<meta property=\"og:locale\" content=\"sk_SK\" \/>\n<meta property=\"og:type\" content=\"article\" \/>\n<meta property=\"og:title\" content=\"893 \u20ac Mona sedacia s\u00faprava - N\u00e1bytok Prestige, Ru\u017eomberok\" \/>\n<meta property=\"og:description\" content=\"Mona sedacia s\u00faprava\" \/>\n<meta property=\"og:url\" content=\"https:\/\/www.nabytok-prestige.sk\/produkt\/893-e-mona-sedacia-suprava\/\" \/>\n<meta property=\"og:site_name\" content=\"N\u00e1bytok Prestige, Ru\u017eomberok\" \/>\n<meta property=\"article:modified_time\" content=\"2025-12-14T16:22:57+00:00\" \/>\n<meta property=\"og:image\" content=\"https:\/\/www.nabytok-prestige.sk\/wp-content\/uploads\/2024\/12\/Mona-sedacia-suprava-zlta.jpg\" \/>\n\t<meta property=\"og:image:width\" content=\"900\" \/>\n\t<meta property=\"og:image:height\" content=\"900\" \/>\n\t<meta property=\"og:image:type\" content=\"image\/jpeg\" \/>\n<meta name=\"twitter:card\" content=\"summary_large_image\" \/>\n<meta name=\"twitter:label1\" content=\"Predpokladan\u00fd \u010das \u010d\u00edtania\" \/>\n\t<meta name=\"twitter:data1\" content=\"1 min\u00fata\" \/>\n<script type=\"application\/ld+json\" class=\"yoast-schema-graph\">{\"@context\":\"https:\\\/\\\/schema.org\",\"@graph\":[{\"@type\":\"WebPage\",\"@id\":\"https:\\\/\\\/www.nabytok-prestige.sk\\\/produkt\\\/893-e-mona-sedacia-suprava\\\/\",\"url\":\"https:\\\/\\\/www.nabytok-prestige.sk\\\/produkt\\\/893-e-mona-sedacia-suprava\\\/\",\"name\":\"893 \u20ac Mona sedacia s\u00faprava - N\u00e1bytok Prestige, Ru\u017eomberok\",\"isPartOf\":{\"@id\":\"https:\\\/\\\/www.nabytok-prestige.sk\\\/#website\"},\"primaryImageOfPage\":{\"@id\":\"https:\\\/\\\/www.nabytok-prestige.sk\\\/produkt\\\/893-e-mona-sedacia-suprava\\\/#primaryimage\"},\"image\":{\"@id\":\"https:\\\/\\\/www.nabytok-prestige.sk\\\/produkt\\\/893-e-mona-sedacia-suprava\\\/#primaryimage\"},\"thumbnailUrl\":\"https:\\\/\\\/d.r1.wbsprt.com\\\/nabytok-prestige.sk\\\/wp-content\\\/uploads\\\/2024\\\/12\\\/Mona-sedacia-suprava-zlta.jpg\",\"datePublished\":\"2024-12-15T12:23:09+00:00\",\"dateModified\":\"2025-12-14T16:22:57+00:00\",\"description\":\"Mona sedacia s\u00faprava\",\"breadcrumb\":{\"@id\":\"https:\\\/\\\/www.nabytok-prestige.sk\\\/produkt\\\/893-e-mona-sedacia-suprava\\\/#breadcrumb\"},\"inLanguage\":\"sk-SK\",\"potentialAction\":[{\"@type\":\"ReadAction\",\"target\":[\"https:\\\/\\\/www.nabytok-prestige.sk\\\/produkt\\\/893-e-mona-sedacia-suprava\\\/\"]}]},{\"@type\":\"ImageObject\",\"inLanguage\":\"sk-SK\",\"@id\":\"https:\\\/\\\/www.nabytok-prestige.sk\\\/produkt\\\/893-e-mona-sedacia-suprava\\\/#primaryimage\",\"url\":\"https:\\\/\\\/d.r1.wbsprt.com\\\/nabytok-prestige.sk\\\/wp-content\\\/uploads\\\/2024\\\/12\\\/Mona-sedacia-suprava-zlta.jpg\",\"contentUrl\":\"https:\\\/\\\/d.r1.wbsprt.com\\\/nabytok-prestige.sk\\\/wp-content\\\/uploads\\\/2024\\\/12\\\/Mona-sedacia-suprava-zlta.jpg\",\"width\":900,\"height\":900,\"caption\":\"Mona sedacia s\u00faprava \u017elt\u00e1\"},{\"@type\":\"BreadcrumbList\",\"@id\":\"https:\\\/\\\/www.nabytok-prestige.sk\\\/produkt\\\/893-e-mona-sedacia-suprava\\\/#breadcrumb\",\"itemListElement\":[{\"@type\":\"ListItem\",\"position\":1,\"name\":\"Home\",\"item\":\"https:\\\/\\\/www.nabytok-prestige.sk\\\/\"},{\"@type\":\"ListItem\",\"position\":2,\"name\":\"Obchod\",\"item\":\"https:\\\/\\\/www.nabytok-prestige.sk\\\/shop\\\/\"},{\"@type\":\"ListItem\",\"position\":3,\"name\":\"893 \u20ac Mona sedacia s\u00faprava\"}]},{\"@type\":\"WebSite\",\"@id\":\"https:\\\/\\\/www.nabytok-prestige.sk\\\/#website\",\"url\":\"https:\\\/\\\/www.nabytok-prestige.sk\\\/\",\"name\":\"N\u00e1bytok Prestige, Ru\u017eomberok\",\"description\":\"Sme s Vami u\u017e 31 rokov\",\"publisher\":{\"@id\":\"https:\\\/\\\/www.nabytok-prestige.sk\\\/#organization\"},\"potentialAction\":[{\"@type\":\"SearchAction\",\"target\":{\"@type\":\"EntryPoint\",\"urlTemplate\":\"https:\\\/\\\/www.nabytok-prestige.sk\\\/?s={search_term_string}\"},\"query-input\":{\"@type\":\"PropertyValueSpecification\",\"valueRequired\":true,\"valueName\":\"search_term_string\"}}],\"inLanguage\":\"sk-SK\"},{\"@type\":\"Organization\",\"@id\":\"https:\\\/\\\/www.nabytok-prestige.sk\\\/#organization\",\"name\":\"N\u00e1bytok Prestige, Ru\u017eomberok\",\"url\":\"https:\\\/\\\/www.nabytok-prestige.sk\\\/\",\"logo\":{\"@type\":\"ImageObject\",\"inLanguage\":\"sk-SK\",\"@id\":\"https:\\\/\\\/www.nabytok-prestige.sk\\\/#\\\/schema\\\/logo\\\/image\\\/\",\"url\":\"https:\\\/\\\/d.r1.wbsprt.com\\\/nabytok-prestige.sk\\\/wp-content\\\/uploads\\\/2021\\\/05\\\/Prestige.jpg\",\"contentUrl\":\"https:\\\/\\\/d.r1.wbsprt.com\\\/nabytok-prestige.sk\\\/wp-content\\\/uploads\\\/2021\\\/05\\\/Prestige.jpg\",\"width\":180,\"height\":67,\"caption\":\"N\u00e1bytok Prestige, Ru\u017eomberok\"},\"image\":{\"@id\":\"https:\\\/\\\/www.nabytok-prestige.sk\\\/#\\\/schema\\\/logo\\\/image\\\/\"}}]}<\/script>\n<!-- \/ Yoast SEO plugin. -->","yoast_head_json":{"title":"893 \u20ac Mona sedacia s\u00faprava - N\u00e1bytok Prestige, Ru\u017eomberok","description":"Mona sedacia s\u00faprava","robots":{"index":"index","follow":"follow","max-snippet":"max-snippet:-1","max-image-preview":"max-image-preview:large","max-video-preview":"max-video-preview:-1"},"canonical":"https:\/\/www.nabytok-prestige.sk\/produkt\/893-e-mona-sedacia-suprava\/","og_locale":"sk_SK","og_type":"article","og_title":"893 \u20ac Mona sedacia s\u00faprava - N\u00e1bytok Prestige, Ru\u017eomberok","og_description":"Mona sedacia s\u00faprava","og_url":"https:\/\/www.nabytok-prestige.sk\/produkt\/893-e-mona-sedacia-suprava\/","og_site_name":"N\u00e1bytok Prestige, Ru\u017eomberok","article_modified_time":"2025-12-14T16:22:57+00:00","og_image":[{"width":900,"height":900,"url":"https:\/\/www.nabytok-prestige.sk\/wp-content\/uploads\/2024\/12\/Mona-sedacia-suprava-zlta.jpg","type":"image\/jpeg"}],"twitter_card":"summary_large_image","twitter_misc":{"Predpokladan\u00fd \u010das \u010d\u00edtania":"1 min\u00fata"},"schema":{"@context":"https:\/\/schema.org","@graph":[{"@type":"WebPage","@id":"https:\/\/www.nabytok-prestige.sk\/produkt\/893-e-mona-sedacia-suprava\/","url":"https:\/\/www.nabytok-prestige.sk\/produkt\/893-e-mona-sedacia-suprava\/","name":"893 \u20ac Mona sedacia s\u00faprava - N\u00e1bytok Prestige, Ru\u017eomberok","isPartOf":{"@id":"https:\/\/www.nabytok-prestige.sk\/#website"},"primaryImageOfPage":{"@id":"https:\/\/www.nabytok-prestige.sk\/produkt\/893-e-mona-sedacia-suprava\/#primaryimage"},"image":{"@id":"https:\/\/www.nabytok-prestige.sk\/produkt\/893-e-mona-sedacia-suprava\/#primaryimage"},"thumbnailUrl":"https:\/\/d.r1.wbsprt.com\/nabytok-prestige.sk\/wp-content\/uploads\/2024\/12\/Mona-sedacia-suprava-zlta.jpg","datePublished":"2024-12-15T12:23:09+00:00","dateModified":"2025-12-14T16:22:57+00:00","description":"Mona sedacia s\u00faprava","breadcrumb":{"@id":"https:\/\/www.nabytok-prestige.sk\/produkt\/893-e-mona-sedacia-suprava\/#breadcrumb"},"inLanguage":"sk-SK","potentialAction":[{"@type":"ReadAction","target":["https:\/\/www.nabytok-prestige.sk\/produkt\/893-e-mona-sedacia-suprava\/"]}]},{"@type":"ImageObject","inLanguage":"sk-SK","@id":"https:\/\/www.nabytok-prestige.sk\/produkt\/893-e-mona-sedacia-suprava\/#primaryimage","url":"https:\/\/d.r1.wbsprt.com\/nabytok-prestige.sk\/wp-content\/uploads\/2024\/12\/Mona-sedacia-suprava-zlta.jpg","contentUrl":"https:\/\/d.r1.wbsprt.com\/nabytok-prestige.sk\/wp-content\/uploads\/2024\/12\/Mona-sedacia-suprava-zlta.jpg","width":900,"height":900,"caption":"Mona sedacia s\u00faprava \u017elt\u00e1"},{"@type":"BreadcrumbList","@id":"https:\/\/www.nabytok-prestige.sk\/produkt\/893-e-mona-sedacia-suprava\/#breadcrumb","itemListElement":[{"@type":"ListItem","position":1,"name":"Home","item":"https:\/\/www.nabytok-prestige.sk\/"},{"@type":"ListItem","position":2,"name":"Obchod","item":"https:\/\/www.nabytok-prestige.sk\/shop\/"},{"@type":"ListItem","position":3,"name":"893 \u20ac Mona sedacia s\u00faprava"}]},{"@type":"WebSite","@id":"https:\/\/www.nabytok-prestige.sk\/#website","url":"https:\/\/www.nabytok-prestige.sk\/","name":"N\u00e1bytok Prestige, Ru\u017eomberok","description":"Sme s Vami u\u017e 31 rokov","publisher":{"@id":"https:\/\/www.nabytok-prestige.sk\/#organization"},"potentialAction":[{"@type":"SearchAction","target":{"@type":"EntryPoint","urlTemplate":"https:\/\/www.nabytok-prestige.sk\/?s={search_term_string}"},"query-input":{"@type":"PropertyValueSpecification","valueRequired":true,"valueName":"search_term_string"}}],"inLanguage":"sk-SK"},{"@type":"Organization","@id":"https:\/\/www.nabytok-prestige.sk\/#organization","name":"N\u00e1bytok Prestige, Ru\u017eomberok","url":"https:\/\/www.nabytok-prestige.sk\/","logo":{"@type":"ImageObject","inLanguage":"sk-SK","@id":"https:\/\/www.nabytok-prestige.sk\/#\/schema\/logo\/image\/","url":"https:\/\/d.r1.wbsprt.com\/nabytok-prestige.sk\/wp-content\/uploads\/2021\/05\/Prestige.jpg","contentUrl":"https:\/\/d.r1.wbsprt.com\/nabytok-prestige.sk\/wp-content\/uploads\/2021\/05\/Prestige.jpg","width":180,"height":67,"caption":"N\u00e1bytok Prestige, Ru\u017eomberok"},"image":{"@id":"https:\/\/www.nabytok-prestige.sk\/#\/schema\/logo\/image\/"}}]}},"_links":{"self":[{"href":"https:\/\/d.r1.wbsprt.com\/nabytok-prestige.sk\/wp-json\/wp\/v2\/product\/10023","targetHints":{"allow":["GET"]}}],"collection":[{"href":"https:\/\/d.r1.wbsprt.com\/nabytok-prestige.sk\/wp-json\/wp\/v2\/product"}],"about":[{"href":"https:\/\/d.r1.wbsprt.com\/nabytok-prestige.sk\/wp-json\/wp\/v2\/types\/product"}],"wp:featuredmedia":[{"embeddable":true,"href":"https:\/\/d.r1.wbsprt.com\/nabytok-prestige.sk\/wp-json\/wp\/v2\/media\/12921"}],"wp:attachment":[{"href":"https:\/\/d.r1.wbsprt.com\/nabytok-prestige.sk\/wp-json\/wp\/v2\/media?parent=10023"}],"wp:term":[{"taxonomy":"product_brand","embeddable":true,"href":"https:\/\/d.r1.wbsprt.com\/nabytok-prestige.sk\/wp-json\/wp\/v2\/product_brand?post=10023"},{"taxonomy":"product_cat","embeddable":true,"href":"https:\/\/d.r1.wbsprt.com\/nabytok-prestige.sk\/wp-json\/wp\/v2\/product_cat?post=10023"},{"taxonomy":"product_tag","embeddable":true,"href":"https:\/\/d.r1.wbsprt.com\/nabytok-prestige.sk\/wp-json\/wp\/v2\/product_tag?post=10023"}],"curies":[{"name":"wp","href":"https:\/\/api.w.org\/{rel}","templated":true}]}}