{"id":5970,"date":"2018-03-13T12:23:22","date_gmt":"2018-03-13T10:23:22","guid":{"rendered":"http:\/\/klasterrr.sk\/?page_id=5970"},"modified":"2025-06-16T13:03:33","modified_gmt":"2025-06-16T11:03:33","slug":"objednavky","status":"publish","type":"page","link":"https:\/\/d.r1.wbsprt.com\/krr.sk\/povinne-zverejnovanie\/objednavky\/","title":{"rendered":"Objedn\u00e1vky"},"content":{"rendered":"\t\t<div data-elementor-type=\"wp-page\" data-elementor-id=\"5970\" class=\"elementor elementor-5970\" data-elementor-post-type=\"page\">\n\t\t\t\t\t\t<section class=\"elementor-section elementor-top-section elementor-element elementor-element-4ceb509 elementor-section-height-min-height elementor-section-content-middle elementor-section-stretched elementor-section-boxed elementor-section-height-default elementor-section-items-middle\" data-id=\"4ceb509\" data-element_type=\"section\" data-settings=\"{&quot;stretch_section&quot;:&quot;section-stretched&quot;,&quot;jet_parallax_layout_list&quot;:[{&quot;jet_parallax_layout_image&quot;:{&quot;url&quot;:&quot;&quot;,&quot;id&quot;:&quot;&quot;,&quot;size&quot;:&quot;&quot;},&quot;_id&quot;:&quot;2744215&quot;,&quot;jet_parallax_layout_image_tablet&quot;:{&quot;url&quot;:&quot;&quot;,&quot;id&quot;:&quot;&quot;,&quot;size&quot;:&quot;&quot;},&quot;jet_parallax_layout_image_mobile&quot;:{&quot;url&quot;:&quot;&quot;,&quot;id&quot;:&quot;&quot;,&quot;size&quot;:&quot;&quot;},&quot;jet_parallax_layout_speed&quot;:{&quot;unit&quot;:&quot;%&quot;,&quot;size&quot;:50,&quot;sizes&quot;:[]},&quot;jet_parallax_layout_type&quot;:&quot;scroll&quot;,&quot;jet_parallax_layout_direction&quot;:&quot;1&quot;,&quot;jet_parallax_layout_fx_direction&quot;:null,&quot;jet_parallax_layout_z_index&quot;:&quot;&quot;,&quot;jet_parallax_layout_bg_x&quot;:50,&quot;jet_parallax_layout_bg_x_tablet&quot;:&quot;&quot;,&quot;jet_parallax_layout_bg_x_mobile&quot;:&quot;&quot;,&quot;jet_parallax_layout_bg_y&quot;:50,&quot;jet_parallax_layout_bg_y_tablet&quot;:&quot;&quot;,&quot;jet_parallax_layout_bg_y_mobile&quot;:&quot;&quot;,&quot;jet_parallax_layout_bg_size&quot;:&quot;auto&quot;,&quot;jet_parallax_layout_bg_size_tablet&quot;:&quot;&quot;,&quot;jet_parallax_layout_bg_size_mobile&quot;:&quot;&quot;,&quot;jet_parallax_layout_animation_prop&quot;:&quot;transform&quot;,&quot;jet_parallax_layout_on&quot;:[&quot;desktop&quot;,&quot;tablet&quot;]}],&quot;background_background&quot;:&quot;classic&quot;}\">\n\t\t\t\t\t\t<div class=\"elementor-container elementor-column-gap-no\">\n\t\t\t\t\t<div class=\"elementor-column elementor-col-50 elementor-top-column elementor-element elementor-element-77b08b7\" data-id=\"77b08b7\" data-element_type=\"column\">\n\t\t\t<div class=\"elementor-widget-wrap elementor-element-populated\">\n\t\t\t\t\t\t<div class=\"elementor-element elementor-element-725e1c9 elementor-widget elementor-widget-heading\" data-id=\"725e1c9\" data-element_type=\"widget\" data-widget_type=\"heading.default\">\n\t\t\t\t<div class=\"elementor-widget-container\">\n\t\t\t\t\t<h1 class=\"elementor-heading-title elementor-size-default\">Objedn\u00e1vky<\/h1>\t\t\t\t<\/div>\n\t\t\t\t<\/div>\n\t\t\t\t\t<\/div>\n\t\t<\/div>\n\t\t\t\t<div class=\"elementor-column elementor-col-50 elementor-top-column elementor-element elementor-element-cad6139\" data-id=\"cad6139\" data-element_type=\"column\">\n\t\t\t<div class=\"elementor-widget-wrap elementor-element-populated\">\n\t\t\t\t\t\t<div class=\"elementor-element elementor-element-49cd13e jet-breadcrumbs-align-right elementor-widget elementor-widget-jet-breadcrumbs\" data-id=\"49cd13e\" data-element_type=\"widget\" data-widget_type=\"jet-breadcrumbs.default\">\n\t\t\t\t<div class=\"elementor-widget-container\">\n\t\t\t\t\t<div class=\"elementor-jet-breadcrumbs jet-blocks\">\n\t\t<div class=\"jet-breadcrumbs\">\n\t\t<div class=\"jet-breadcrumbs__content\">\n\t\t<div class=\"jet-breadcrumbs__wrap\"><div class=\"jet-breadcrumbs__item\"><a href=\"https:\/\/d.r1.wbsprt.com\/krr.sk\/\" class=\"jet-breadcrumbs__item-link is-home\" rel=\"home\" title=\"Domov\">Domov<\/a><\/div>\n\t\t<\/div>\n\t\t<\/div>\n\t\t<\/div><\/div>\t\t\t\t<\/div>\n\t\t\t\t<\/div>\n\t\t\t\t\t<\/div>\n\t\t<\/div>\n\t\t\t\t\t<\/div>\n\t\t<\/section>\n\t\t\t\t<section class=\"elementor-section elementor-top-section elementor-element elementor-element-1782095b elementor-section-stretched elementor-section-boxed elementor-section-height-default elementor-section-height-default\" data-id=\"1782095b\" data-element_type=\"section\" data-settings=\"{&quot;jet_parallax_layout_list&quot;:[{&quot;jet_parallax_layout_image&quot;:{&quot;url&quot;:&quot;&quot;,&quot;id&quot;:&quot;&quot;,&quot;size&quot;:&quot;&quot;},&quot;_id&quot;:&quot;82fab14&quot;,&quot;jet_parallax_layout_image_tablet&quot;:{&quot;url&quot;:&quot;&quot;,&quot;id&quot;:&quot;&quot;,&quot;size&quot;:&quot;&quot;},&quot;jet_parallax_layout_image_mobile&quot;:{&quot;url&quot;:&quot;&quot;,&quot;id&quot;:&quot;&quot;,&quot;size&quot;:&quot;&quot;},&quot;jet_parallax_layout_speed&quot;:{&quot;unit&quot;:&quot;%&quot;,&quot;size&quot;:50,&quot;sizes&quot;:[]},&quot;jet_parallax_layout_type&quot;:&quot;scroll&quot;,&quot;jet_parallax_layout_direction&quot;:&quot;1&quot;,&quot;jet_parallax_layout_fx_direction&quot;:null,&quot;jet_parallax_layout_z_index&quot;:&quot;&quot;,&quot;jet_parallax_layout_bg_x&quot;:50,&quot;jet_parallax_layout_bg_x_tablet&quot;:&quot;&quot;,&quot;jet_parallax_layout_bg_x_mobile&quot;:&quot;&quot;,&quot;jet_parallax_layout_bg_y&quot;:50,&quot;jet_parallax_layout_bg_y_tablet&quot;:&quot;&quot;,&quot;jet_parallax_layout_bg_y_mobile&quot;:&quot;&quot;,&quot;jet_parallax_layout_bg_size&quot;:&quot;auto&quot;,&quot;jet_parallax_layout_bg_size_tablet&quot;:&quot;&quot;,&quot;jet_parallax_layout_bg_size_mobile&quot;:&quot;&quot;,&quot;jet_parallax_layout_animation_prop&quot;:&quot;transform&quot;,&quot;jet_parallax_layout_on&quot;:[&quot;desktop&quot;,&quot;tablet&quot;]}],&quot;stretch_section&quot;:&quot;section-stretched&quot;}\">\n\t\t\t\t\t\t<div class=\"elementor-container elementor-column-gap-default\">\n\t\t\t\t\t<div class=\"elementor-column elementor-col-100 elementor-top-column elementor-element elementor-element-27bf6de4\" data-id=\"27bf6de4\" data-element_type=\"column\">\n\t\t\t<div class=\"elementor-widget-wrap elementor-element-populated\">\n\t\t\t\t\t\t<div class=\"elementor-element elementor-element-2c99a58a elementor-widget elementor-widget-shortcode\" data-id=\"2c99a58a\" data-element_type=\"widget\" data-widget_type=\"shortcode.default\">\n\t\t\t\t<div class=\"elementor-widget-container\">\n\t\t\t\t\t\t\t<div class=\"elementor-shortcode\">        \n\t\t<table class=\"table table-striped\">\n\t\t<thead>\n\t\t<tr>\n\t\t\t<th>D\u00e1tum<\/th>\n\n            \n\t\t\t<th>Predmet<\/th>\n\t\t\t<th>Partner<\/th>\n\t\t\t<th>I\u010cO<\/th>\n\n            \t\t\t\t<th>Cena<\/th>\n            \n\t\t\t<th>Dokument<\/th>\n\t\t<\/tr>\n\t\t<\/thead>\n\t\t<tbody>\n\n        \t\t\t\t<tr>\n\t\t\t\t\t<td>12.02.2022<\/td>\n\n                    \n\t\t\t\t\t<td>APPs pre Maximus<\/td>\n\t\t\t\t\t<td>JDN spol. s r.o.<\/td>\n\t\t\t\t\t<td>53377591<\/td>\n\n                    \t\t\t\t\t\t<td>20000<\/td>\n                    \n\t\t\t\t\t<td>\n                        \t\t\t\t\t\t\t<a download\n\t\t\t\t\t\t\t   href=\"https:\/\/d.r1.wbsprt.com\/krr.sk\/wp-content\/uploads\/2023\/04\/Objednavka-Mobil-APPs-JDN-Maximus.pdf\">\n\t\t\t\t\t\t\t\t<img decoding=\"async\" style=\"height: 30px;\"\n\t\t\t\t\t\t\t\t\t src=\"https:\/\/d.r1.wbsprt.com\/krr.sk\/wp-content\/mu-plugins\/krr\/assets\/icons\/file.svg\"\n\t\t\t\t\t\t\t\t\t alt=\"apps-pre-maximus\"\/>\n\t\t\t\t\t\t\t<\/a>\n                        \t\t\t\t\t<\/td>\n\t\t\t\t<\/tr>\n\n            \t\t\t\t<tr>\n\t\t\t\t\t<td>2.3.2022<\/td>\n\n                    \n\t\t\t\t\t<td>InCOOP Nitra<\/td>\n\t\t\t\t\t<td>Fand\u00edme Slovensku o.z.<\/td>\n\t\t\t\t\t<td>42447054<\/td>\n\n                    \t\t\t\t\t\t<td>4900<\/td>\n                    \n\t\t\t\t\t<td>\n                        \t\t\t\t\t\t\t<a download\n\t\t\t\t\t\t\t   href=\"https:\/\/d.r1.wbsprt.com\/krr.sk\/wp-content\/uploads\/2022\/03\/objednavak-Fandime-Slovensku-Nitra-veltrh-InCOOP.pdf\">\n\t\t\t\t\t\t\t\t<img decoding=\"async\" style=\"height: 30px;\"\n\t\t\t\t\t\t\t\t\t src=\"https:\/\/d.r1.wbsprt.com\/krr.sk\/wp-content\/mu-plugins\/krr\/assets\/icons\/file.svg\"\n\t\t\t\t\t\t\t\t\t alt=\"incoop-nitra\"\/>\n\t\t\t\t\t\t\t<\/a>\n                        \t\t\t\t\t<\/td>\n\t\t\t\t<\/tr>\n\n            \t\t\t\t<tr>\n\t\t\t\t\t<td>8.2.2022<\/td>\n\n                    \n\t\t\t\t\t<td>Objedn\u00e1vka Gazdovsk\u00fd dvor N\u00e1\u0161 sen<\/td>\n\t\t\t\t\t<td>Gazdovsk\u00fd dvor N\u00e1\u0161 sen<\/td>\n\t\t\t\t\t<td><\/td>\n\n                    \t\t\t\t\t\t<td>500<\/td>\n                    \n\t\t\t\t\t<td>\n                        \t\t\t\t\t\t\t<a download\n\t\t\t\t\t\t\t   href=\"https:\/\/d.r1.wbsprt.com\/krr.sk\/wp-content\/uploads\/2022\/02\/Objednavka-reklamny-priestor-Gazdovsky-dvor-2022.pdf\">\n\t\t\t\t\t\t\t\t<img decoding=\"async\" style=\"height: 30px;\"\n\t\t\t\t\t\t\t\t\t src=\"https:\/\/d.r1.wbsprt.com\/krr.sk\/wp-content\/mu-plugins\/krr\/assets\/icons\/file.svg\"\n\t\t\t\t\t\t\t\t\t alt=\"objednavka-gazdovsky-dvor-nas-sen\"\/>\n\t\t\t\t\t\t\t<\/a>\n                        \t\t\t\t\t<\/td>\n\t\t\t\t<\/tr>\n\n            \t\t\t\t<tr>\n\t\t\t\t\t<td>11.01.2022<\/td>\n\n                    \n\t\t\t\t\t<td>Objedn\u00e1vka InCoop Fair suppor<\/td>\n\t\t\t\t\t<td>Brandsetter s.r.o.<\/td>\n\t\t\t\t\t<td>52555283<\/td>\n\n                    \t\t\t\t\t\t<td>4500<\/td>\n                    \n\t\t\t\t\t<td>\n                        \t\t\t\t\t\t\t<a download\n\t\t\t\t\t\t\t   href=\"https:\/\/d.r1.wbsprt.com\/krr.sk\/wp-content\/uploads\/2022\/02\/Objednavka-InCOOP-Fair-Nitra-support.pdf\">\n\t\t\t\t\t\t\t\t<img decoding=\"async\" style=\"height: 30px;\"\n\t\t\t\t\t\t\t\t\t src=\"https:\/\/d.r1.wbsprt.com\/krr.sk\/wp-content\/mu-plugins\/krr\/assets\/icons\/file.svg\"\n\t\t\t\t\t\t\t\t\t alt=\"objednavka-incoop-fair-suppor\"\/>\n\t\t\t\t\t\t\t<\/a>\n                        \t\t\t\t\t<\/td>\n\t\t\t\t<\/tr>\n\n            \t\t\t\t<tr>\n\t\t\t\t\t<td>3.12.2021<\/td>\n\n                    \n\t\t\t\t\t<td>Objedn\u00e1vka - \u00faprava web krr.sk<\/td>\n\t\t\t\t\t<td>Milan Navr\u00e1til<\/td>\n\t\t\t\t\t<td>51830400<\/td>\n\n                    \t\t\t\t\t\t<td>390<\/td>\n                    \n\t\t\t\t\t<td>\n                        \t\t\t\t\t\t\t<a download\n\t\t\t\t\t\t\t   href=\"https:\/\/d.r1.wbsprt.com\/krr.sk\/wp-content\/uploads\/2021\/12\/Objednavka-Uprava-WEB-KRR-dec-2021.pdf\">\n\t\t\t\t\t\t\t\t<img decoding=\"async\" style=\"height: 30px;\"\n\t\t\t\t\t\t\t\t\t src=\"https:\/\/d.r1.wbsprt.com\/krr.sk\/wp-content\/mu-plugins\/krr\/assets\/icons\/file.svg\"\n\t\t\t\t\t\t\t\t\t alt=\"objednavka-uprava-web-krr-sk\"\/>\n\t\t\t\t\t\t\t<\/a>\n                        \t\t\t\t\t<\/td>\n\t\t\t\t<\/tr>\n\n            \t\t\t\t<tr>\n\t\t\t\t\t<td>29.11.2021<\/td>\n\n                    \n\t\t\t\t\t<td>Objedn\u00e1vka grafick\u00e9 pr\u00e1ce<\/td>\n\t\t\t\t\t<td>REBRAND, s.r.o.<\/td>\n\t\t\t\t\t<td>47 001 526 <\/td>\n\n                    \t\t\t\t\t\t<td>1.040<\/td>\n                    \n\t\t\t\t\t<td>\n                        \t\t\t\t\t\t\t<a download\n\t\t\t\t\t\t\t   href=\"https:\/\/d.r1.wbsprt.com\/krr.sk\/wp-content\/uploads\/2021\/11\/Objednavka-REBRAND-Grafika-POI-2021.pdf\">\n\t\t\t\t\t\t\t\t<img decoding=\"async\" style=\"height: 30px;\"\n\t\t\t\t\t\t\t\t\t src=\"https:\/\/d.r1.wbsprt.com\/krr.sk\/wp-content\/mu-plugins\/krr\/assets\/icons\/file.svg\"\n\t\t\t\t\t\t\t\t\t alt=\"objednavka-graficke-prace\"\/>\n\t\t\t\t\t\t\t<\/a>\n                        \t\t\t\t\t<\/td>\n\t\t\t\t<\/tr>\n\n            \t\t\t\t<tr>\n\t\t\t\t\t<td>1.6.2021<\/td>\n\n                    \n\t\t\t\t\t<td><\/td>\n\t\t\t\t\t<td>Zepelin, s.r.o.<\/td>\n\t\t\t\t\t<td>36322181<\/td>\n\n                    \t\t\t\t\t\t<td>1619,28 EUR<\/td>\n                    \n\t\t\t\t\t<td>\n                        \t\t\t\t\t\t\t<a download\n\t\t\t\t\t\t\t   href=\"https:\/\/d.r1.wbsprt.com\/krr.sk\/wp-content\/uploads\/2021\/06\/Objednavka-BF-KRR-Zepelin.pdf\">\n\t\t\t\t\t\t\t\t<img decoding=\"async\" style=\"height: 30px;\"\n\t\t\t\t\t\t\t\t\t src=\"https:\/\/d.r1.wbsprt.com\/krr.sk\/wp-content\/mu-plugins\/krr\/assets\/icons\/file.svg\"\n\t\t\t\t\t\t\t\t\t alt=\"7912\"\/>\n\t\t\t\t\t\t\t<\/a>\n                        \t\t\t\t\t<\/td>\n\t\t\t\t<\/tr>\n\n            \t\t\t\t<tr>\n\t\t\t\t\t<td>11.06.2021<\/td>\n\n                    \n\t\t\t\t\t<td><\/td>\n\t\t\t\t\t<td>Finery Decor s.r.o.<\/td>\n\t\t\t\t\t<td>45279276<\/td>\n\n                    \t\t\t\t\t\t<td>637,80 EUR<\/td>\n                    \n\t\t\t\t\t<td>\n                        \t\t\t\t\t\t\t<a download\n\t\t\t\t\t\t\t   href=\"https:\/\/d.r1.wbsprt.com\/krr.sk\/wp-content\/uploads\/2021\/06\/Objednavka-reklamne-predmety.pdf\">\n\t\t\t\t\t\t\t\t<img decoding=\"async\" style=\"height: 30px;\"\n\t\t\t\t\t\t\t\t\t src=\"https:\/\/d.r1.wbsprt.com\/krr.sk\/wp-content\/mu-plugins\/krr\/assets\/icons\/file.svg\"\n\t\t\t\t\t\t\t\t\t alt=\"7909\"\/>\n\t\t\t\t\t\t\t<\/a>\n                        \t\t\t\t\t<\/td>\n\t\t\t\t<\/tr>\n\n            \t\t\t\t<tr>\n\t\t\t\t\t<td>21.7.2021<\/td>\n\n                    \n\t\t\t\t\t<td>Test_Objedn\u00e1vka<\/td>\n\t\t\t\t\t<td>ITermix s.r.o.<\/td>\n\t\t\t\t\t<td>50 658 719<\/td>\n\n                    \t\t\t\t\t\t<td>1000 \u20ac<\/td>\n                    \n\t\t\t\t\t<td>\n                        \t\t\t\t\t\t\t<a download\n\t\t\t\t\t\t\t   href=\"https:\/\/d.r1.wbsprt.com\/krr.sk\/wp-content\/uploads\/2021\/10\/POI_tabula_Vseobecna_102_zapoisaSK_KRR-scaled.jpg\">\n\t\t\t\t\t\t\t\t<img decoding=\"async\" style=\"height: 30px;\"\n\t\t\t\t\t\t\t\t\t src=\"https:\/\/d.r1.wbsprt.com\/krr.sk\/wp-content\/mu-plugins\/krr\/assets\/icons\/file.svg\"\n\t\t\t\t\t\t\t\t\t alt=\"test_objednavka\"\/>\n\t\t\t\t\t\t\t<\/a>\n                        \t\t\t\t\t<\/td>\n\t\t\t\t<\/tr>\n\n            \t\t\t\t<tr>\n\t\t\t\t\t<td>04.06.2018<\/td>\n\n                    \n\t\t\t\t\t<td>Objedn\u00e1vka - slu\u017eby<\/td>\n\t\t\t\t\t<td>REBRAND, s.r.o.<\/td>\n\t\t\t\t\t<td>47001526<\/td>\n\n                    \t\t\t\t\t\t<td>620<\/td>\n                    \n\t\t\t\t\t<td>\n                        \t\t\t\t\t\t\t<a download\n\t\t\t\t\t\t\t   href=\"https:\/\/d.r1.wbsprt.com\/krr.sk\/wp-content\/uploads\/2018\/10\/Objednavka-REBRAND-0406-2.pdf\">\n\t\t\t\t\t\t\t\t<img decoding=\"async\" style=\"height: 30px;\"\n\t\t\t\t\t\t\t\t\t src=\"https:\/\/d.r1.wbsprt.com\/krr.sk\/wp-content\/mu-plugins\/krr\/assets\/icons\/file.svg\"\n\t\t\t\t\t\t\t\t\t alt=\"objednavka-sluzby\"\/>\n\t\t\t\t\t\t\t<\/a>\n                        \t\t\t\t\t<\/td>\n\t\t\t\t<\/tr>\n\n            \t\t\t\t<tr>\n\t\t\t\t\t<td>10.05.2018<\/td>\n\n                    \n\t\t\t\t\t<td>Objedn\u00e1vka - cyklomapy<\/td>\n\t\t\t\t\t<td>CBS spol, s.r.o.<\/td>\n\t\t\t\t\t<td>36754749<\/td>\n\n                    \t\t\t\t\t\t<td>525<\/td>\n                    \n\t\t\t\t\t<td>\n                        \t\t\t\t\t\t\t<a download\n\t\t\t\t\t\t\t   href=\"https:\/\/d.r1.wbsprt.com\/krr.sk\/wp-content\/uploads\/2018\/06\/Objednavka-10-05-2018-CBS-2.pdf\">\n\t\t\t\t\t\t\t\t<img decoding=\"async\" style=\"height: 30px;\"\n\t\t\t\t\t\t\t\t\t src=\"https:\/\/d.r1.wbsprt.com\/krr.sk\/wp-content\/mu-plugins\/krr\/assets\/icons\/file.svg\"\n\t\t\t\t\t\t\t\t\t alt=\"objednavka-cyklomapy\"\/>\n\t\t\t\t\t\t\t<\/a>\n                        \t\t\t\t\t<\/td>\n\t\t\t\t<\/tr>\n\n            \t\t\t\t<tr>\n\t\t\t\t\t<td>17.04.2018<\/td>\n\n                    \n\t\t\t\t\t<td>Objedn\u00e1vka - kuchynsk\u00e1 linka<\/td>\n\t\t\t\t\t<td>MAVIF, s.r.o.<\/td>\n\t\t\t\t\t<td>50606158<\/td>\n\n                    \t\t\t\t\t\t<td>400<\/td>\n                    \n\t\t\t\t\t<td>\n                        \t\t\t\t\t\t\t<a download\n\t\t\t\t\t\t\t   href=\"https:\/\/d.r1.wbsprt.com\/krr.sk\/wp-content\/uploads\/2018\/06\/Objednavka-MAVIF-Kuchyn.linka-17-04-2.pdf\">\n\t\t\t\t\t\t\t\t<img decoding=\"async\" style=\"height: 30px;\"\n\t\t\t\t\t\t\t\t\t src=\"https:\/\/d.r1.wbsprt.com\/krr.sk\/wp-content\/mu-plugins\/krr\/assets\/icons\/file.svg\"\n\t\t\t\t\t\t\t\t\t alt=\"objednavka-kuchynska-linka\"\/>\n\t\t\t\t\t\t\t<\/a>\n                        \t\t\t\t\t<\/td>\n\t\t\t\t<\/tr>\n\n            \t\t\t\t<tr>\n\t\t\t\t\t<td>10.01.2018<\/td>\n\n                    \n\t\t\t\t\t<td>Objedn\u00e1vka<\/td>\n\t\t\t\t\t<td>Cech vin\u00e1rov Hlohovecka, o.z.<\/td>\n\t\t\t\t\t<td>37992741<\/td>\n\n                    \t\t\t\t\t\t<td>500<\/td>\n                    \n\t\t\t\t\t<td>\n                        \t\t\t\t\t\t\t<a download\n\t\t\t\t\t\t\t   href=\"https:\/\/d.r1.wbsprt.com\/krr.sk\/wp-content\/uploads\/2018\/06\/Objednavka-Cech-vinarov-10-01-2.pdf\">\n\t\t\t\t\t\t\t\t<img decoding=\"async\" style=\"height: 30px;\"\n\t\t\t\t\t\t\t\t\t src=\"https:\/\/d.r1.wbsprt.com\/krr.sk\/wp-content\/mu-plugins\/krr\/assets\/icons\/file.svg\"\n\t\t\t\t\t\t\t\t\t alt=\"objednavka-43\"\/>\n\t\t\t\t\t\t\t<\/a>\n                        \t\t\t\t\t<\/td>\n\t\t\t\t<\/tr>\n\n            \t\t\t\t<tr>\n\t\t\t\t\t<td>11.12.2017<\/td>\n\n                    \n\t\t\t\t\t<td>Objedn\u00e1vka<\/td>\n\t\t\t\t\t<td>REVA Bojni\u010dky, a.s.<\/td>\n\t\t\t\t\t<td><\/td>\n\n                    \t\t\t\t\t\t<td>161,50<\/td>\n                    \n\t\t\t\t\t<td>\n                        \t\t\t\t\t\t\t<a download\n\t\t\t\t\t\t\t   href=\"https:\/\/d.r1.wbsprt.com\/krr.sk\/wp-content\/uploads\/2017\/12\/Objednavka-Reva-Bojnicky-prezent-na-VZ-2.pdf\">\n\t\t\t\t\t\t\t\t<img decoding=\"async\" style=\"height: 30px;\"\n\t\t\t\t\t\t\t\t\t src=\"https:\/\/d.r1.wbsprt.com\/krr.sk\/wp-content\/mu-plugins\/krr\/assets\/icons\/file.svg\"\n\t\t\t\t\t\t\t\t\t alt=\"objednavka-42\"\/>\n\t\t\t\t\t\t\t<\/a>\n                        \t\t\t\t\t<\/td>\n\t\t\t\t<\/tr>\n\n            \t\t\t\t<tr>\n\t\t\t\t\t<td>04.12.2017<\/td>\n\n                    \n\t\t\t\t\t<td>Objedn\u00e1vka<\/td>\n\t\t\t\t\t<td>SO\u0160 obchodu a slu\u017eieb, Galanta<\/td>\n\t\t\t\t\t<td><\/td>\n\n                    \t\t\t\t\t\t<td>600,-<\/td>\n                    \n\t\t\t\t\t<td>\n                        \t\t\t\t\t\t\t<a download\n\t\t\t\t\t\t\t   href=\"https:\/\/d.r1.wbsprt.com\/krr.sk\/wp-content\/uploads\/2017\/12\/Objednavka-vian.pecivo-12-2017-2.pdf\">\n\t\t\t\t\t\t\t\t<img decoding=\"async\" style=\"height: 30px;\"\n\t\t\t\t\t\t\t\t\t src=\"https:\/\/d.r1.wbsprt.com\/krr.sk\/wp-content\/mu-plugins\/krr\/assets\/icons\/file.svg\"\n\t\t\t\t\t\t\t\t\t alt=\"objednavka-41\"\/>\n\t\t\t\t\t\t\t<\/a>\n                        \t\t\t\t\t<\/td>\n\t\t\t\t<\/tr>\n\n            \t\t\t\t<tr>\n\t\t\t\t\t<td>28.11.2017<\/td>\n\n                    \n\t\t\t\t\t<td>Objedn\u00e1vka<\/td>\n\t\t\t\t\t<td>SO\u0160 obchodu a slu\u017eieb, Trnava<\/td>\n\t\t\t\t\t<td><\/td>\n\n                    \t\t\t\t\t\t<td>1.476,88<\/td>\n                    \n\t\t\t\t\t<td>\n                        \t\t\t\t\t\t\t<a download\n\t\t\t\t\t\t\t   href=\"https:\/\/d.r1.wbsprt.com\/krr.sk\/wp-content\/uploads\/2017\/12\/Objednavka-VZ-2.pdf\">\n\t\t\t\t\t\t\t\t<img decoding=\"async\" style=\"height: 30px;\"\n\t\t\t\t\t\t\t\t\t src=\"https:\/\/d.r1.wbsprt.com\/krr.sk\/wp-content\/mu-plugins\/krr\/assets\/icons\/file.svg\"\n\t\t\t\t\t\t\t\t\t alt=\"objednavka-40\"\/>\n\t\t\t\t\t\t\t<\/a>\n                        \t\t\t\t\t<\/td>\n\t\t\t\t<\/tr>\n\n            \t\t\t\t<tr>\n\t\t\t\t\t<td>20.11.2017<\/td>\n\n                    \n\t\t\t\t\t<td>Objedn\u00e1vka<\/td>\n\t\t\t\t\t<td>RM tes, s.r.o.<\/td>\n\t\t\t\t\t<td>31415237<\/td>\n\n                    \t\t\t\t\t\t<td>5.955,60<\/td>\n                    \n\t\t\t\t\t<td>\n                        \t\t\t\t\t\t\t<a download\n\t\t\t\t\t\t\t   href=\"https:\/\/d.r1.wbsprt.com\/krr.sk\/wp-content\/uploads\/2017\/11\/Objednavka-RM-tes-1.pdf\">\n\t\t\t\t\t\t\t\t<img decoding=\"async\" style=\"height: 30px;\"\n\t\t\t\t\t\t\t\t\t src=\"https:\/\/d.r1.wbsprt.com\/krr.sk\/wp-content\/mu-plugins\/krr\/assets\/icons\/file.svg\"\n\t\t\t\t\t\t\t\t\t alt=\"objednavka-39\"\/>\n\t\t\t\t\t\t\t<\/a>\n                        \t\t\t\t\t<\/td>\n\t\t\t\t<\/tr>\n\n            \t\t\t\t<tr>\n\t\t\t\t\t<td>02.11.2017<\/td>\n\n                    \n\t\t\t\t\t<td>Objedn\u00e1vka<\/td>\n\t\t\t\t\t<td>Ing. Marek Boh\u00e1\u010dek - MaroDesign<\/td>\n\t\t\t\t\t<td>45283117<\/td>\n\n                    \t\t\t\t\t\t<td>250,-<\/td>\n                    \n\t\t\t\t\t<td>\n                        \t\t\t\t\t\t\t<a download\n\t\t\t\t\t\t\t   href=\"https:\/\/d.r1.wbsprt.com\/krr.sk\/wp-content\/uploads\/2017\/11\/Objednavka-Bohacek-11-2017-2.pdf\">\n\t\t\t\t\t\t\t\t<img decoding=\"async\" style=\"height: 30px;\"\n\t\t\t\t\t\t\t\t\t src=\"https:\/\/d.r1.wbsprt.com\/krr.sk\/wp-content\/mu-plugins\/krr\/assets\/icons\/file.svg\"\n\t\t\t\t\t\t\t\t\t alt=\"objednavka-38\"\/>\n\t\t\t\t\t\t\t<\/a>\n                        \t\t\t\t\t<\/td>\n\t\t\t\t<\/tr>\n\n            \t\t\t\t<tr>\n\t\t\t\t\t<td>08.09.2017<\/td>\n\n                    \n\t\t\t\t\t<td>Objedn\u00e1vka<\/td>\n\t\t\t\t\t<td>BAJT, s.r.o.<\/td>\n\t\t\t\t\t<td>50383019<\/td>\n\n                    \t\t\t\t\t\t<td>880,66<\/td>\n                    \n\t\t\t\t\t<td>\n                        \t\t\t\t\t\t\t<a download\n\t\t\t\t\t\t\t   href=\"https:\/\/d.r1.wbsprt.com\/krr.sk\/wp-content\/uploads\/2017\/09\/Objednavka-BAJT-08092017-2.pdf\">\n\t\t\t\t\t\t\t\t<img decoding=\"async\" style=\"height: 30px;\"\n\t\t\t\t\t\t\t\t\t src=\"https:\/\/d.r1.wbsprt.com\/krr.sk\/wp-content\/mu-plugins\/krr\/assets\/icons\/file.svg\"\n\t\t\t\t\t\t\t\t\t alt=\"objednavka-37\"\/>\n\t\t\t\t\t\t\t<\/a>\n                        \t\t\t\t\t<\/td>\n\t\t\t\t<\/tr>\n\n            \t\t\t\t<tr>\n\t\t\t\t\t<td>28.07.2017<\/td>\n\n                    \n\t\t\t\t\t<td>Objedn\u00e1vka<\/td>\n\t\t\t\t\t<td>Forexin ONE, s.r.o.<\/td>\n\t\t\t\t\t<td>37840371<\/td>\n\n                    \t\t\t\t\t\t<td>1.198,80<\/td>\n                    \n\t\t\t\t\t<td>\n                        \t\t\t\t\t\t\t<a download\n\t\t\t\t\t\t\t   href=\"https:\/\/d.r1.wbsprt.com\/krr.sk\/wp-content\/uploads\/2017\/08\/Objednavka-2907-Forexin-one-1.pdf\">\n\t\t\t\t\t\t\t\t<img decoding=\"async\" style=\"height: 30px;\"\n\t\t\t\t\t\t\t\t\t src=\"https:\/\/d.r1.wbsprt.com\/krr.sk\/wp-content\/mu-plugins\/krr\/assets\/icons\/file.svg\"\n\t\t\t\t\t\t\t\t\t alt=\"objednavka-35\"\/>\n\t\t\t\t\t\t\t<\/a>\n                        \t\t\t\t\t<\/td>\n\t\t\t\t<\/tr>\n\n            \n\t\t\t<\/tbody>\n\n\t\t\t<\/table>\n\n            \n\t<nav class=\"navigation posts-pagination\" aria-label=\"Str\u00e1nkovanie pr\u00edspevkov\">\n\t\t<h2 class=\"screen-reader-text\">Str\u00e1nkovanie pr\u00edspevkov<\/h2>\n\t\t<div class=\"nav-links\"><span aria-current=\"page\" class=\"page-numbers current\">1<\/span>\n<a class=\"page-numbers\" href=\"https:\/\/d.r1.wbsprt.com\/krr.sk\/wp-json\/wp\/v2\/pages\/5970\/page\/2\/\">2<\/a>\n<a class=\"page-numbers\" href=\"https:\/\/d.r1.wbsprt.com\/krr.sk\/wp-json\/wp\/v2\/pages\/5970\/page\/3\/\">3<\/a>\n<a class=\"next page-numbers\" href=\"https:\/\/d.r1.wbsprt.com\/krr.sk\/wp-json\/wp\/v2\/pages\/5970\/page\/2\/\">\u010ealej &raquo;<\/a><\/div>\n\t<\/nav>\n        \n        <\/div>\n\t\t\t\t\t\t<\/div>\n\t\t\t\t<\/div>\n\t\t\t\t\t<\/div>\n\t\t<\/div>\n\t\t\t\t\t<\/div>\n\t\t<\/section>\n\t\t\t\t<\/div>\n\t\t","protected":false},"excerpt":{"rendered":"<p>Objedn\u00e1vky Domov<\/p>\n","protected":false},"author":9,"featured_media":0,"parent":544,"menu_order":0,"comment_status":"closed","ping_status":"closed","template":"","meta":{"_acf_changed":false,"footnotes":""},"class_list":["post-5970","page","type-page","status-publish","hentry"],"acf":[],"_links":{"self":[{"href":"https:\/\/d.r1.wbsprt.com\/krr.sk\/wp-json\/wp\/v2\/pages\/5970","targetHints":{"allow":["GET"]}}],"collection":[{"href":"https:\/\/d.r1.wbsprt.com\/krr.sk\/wp-json\/wp\/v2\/pages"}],"about":[{"href":"https:\/\/d.r1.wbsprt.com\/krr.sk\/wp-json\/wp\/v2\/types\/page"}],"author":[{"embeddable":true,"href":"https:\/\/d.r1.wbsprt.com\/krr.sk\/wp-json\/wp\/v2\/users\/9"}],"replies":[{"embeddable":true,"href":"https:\/\/d.r1.wbsprt.com\/krr.sk\/wp-json\/wp\/v2\/comments?post=5970"}],"version-history":[{"count":4,"href":"https:\/\/d.r1.wbsprt.com\/krr.sk\/wp-json\/wp\/v2\/pages\/5970\/revisions"}],"predecessor-version":[{"id":13775,"href":"https:\/\/d.r1.wbsprt.com\/krr.sk\/wp-json\/wp\/v2\/pages\/5970\/revisions\/13775"}],"up":[{"embeddable":true,"href":"https:\/\/d.r1.wbsprt.com\/krr.sk\/wp-json\/wp\/v2\/pages\/544"}],"wp:attachment":[{"href":"https:\/\/d.r1.wbsprt.com\/krr.sk\/wp-json\/wp\/v2\/media?parent=5970"}],"curies":[{"name":"wp","href":"https:\/\/api.w.org\/{rel}","templated":true}]}}