{"id":5956,"date":"2018-03-13T11:04:37","date_gmt":"2018-03-13T09:04:37","guid":{"rendered":"http:\/\/klasterrr.sk\/?page_id=5956"},"modified":"2025-06-16T13:03:20","modified_gmt":"2025-06-16T11:03:20","slug":"zmluvy","status":"publish","type":"page","link":"https:\/\/d.r1.wbsprt.com\/krr.sk\/povinne-zverejnovanie\/zmluvy\/","title":{"rendered":"Zmluvy"},"content":{"rendered":"\t\t<div data-elementor-type=\"wp-page\" data-elementor-id=\"5956\" class=\"elementor elementor-5956\" data-elementor-post-type=\"page\">\n\t\t\t\t\t\t<section class=\"elementor-section elementor-top-section elementor-element elementor-element-b8d5944 elementor-section-height-min-height elementor-section-content-middle elementor-section-stretched elementor-section-boxed elementor-section-height-default elementor-section-items-middle\" data-id=\"b8d5944\" data-element_type=\"section\" data-settings=\"{&quot;stretch_section&quot;:&quot;section-stretched&quot;,&quot;jet_parallax_layout_list&quot;:[{&quot;jet_parallax_layout_image&quot;:{&quot;url&quot;:&quot;&quot;,&quot;id&quot;:&quot;&quot;,&quot;size&quot;:&quot;&quot;},&quot;_id&quot;:&quot;2744215&quot;,&quot;jet_parallax_layout_image_tablet&quot;:{&quot;url&quot;:&quot;&quot;,&quot;id&quot;:&quot;&quot;,&quot;size&quot;:&quot;&quot;},&quot;jet_parallax_layout_image_mobile&quot;:{&quot;url&quot;:&quot;&quot;,&quot;id&quot;:&quot;&quot;,&quot;size&quot;:&quot;&quot;},&quot;jet_parallax_layout_speed&quot;:{&quot;unit&quot;:&quot;%&quot;,&quot;size&quot;:50,&quot;sizes&quot;:[]},&quot;jet_parallax_layout_type&quot;:&quot;scroll&quot;,&quot;jet_parallax_layout_direction&quot;:&quot;1&quot;,&quot;jet_parallax_layout_fx_direction&quot;:null,&quot;jet_parallax_layout_z_index&quot;:&quot;&quot;,&quot;jet_parallax_layout_bg_x&quot;:50,&quot;jet_parallax_layout_bg_x_tablet&quot;:&quot;&quot;,&quot;jet_parallax_layout_bg_x_mobile&quot;:&quot;&quot;,&quot;jet_parallax_layout_bg_y&quot;:50,&quot;jet_parallax_layout_bg_y_tablet&quot;:&quot;&quot;,&quot;jet_parallax_layout_bg_y_mobile&quot;:&quot;&quot;,&quot;jet_parallax_layout_bg_size&quot;:&quot;auto&quot;,&quot;jet_parallax_layout_bg_size_tablet&quot;:&quot;&quot;,&quot;jet_parallax_layout_bg_size_mobile&quot;:&quot;&quot;,&quot;jet_parallax_layout_animation_prop&quot;:&quot;transform&quot;,&quot;jet_parallax_layout_on&quot;:[&quot;desktop&quot;,&quot;tablet&quot;]}],&quot;background_background&quot;:&quot;classic&quot;}\">\n\t\t\t\t\t\t<div class=\"elementor-container elementor-column-gap-no\">\n\t\t\t\t\t<div class=\"elementor-column elementor-col-50 elementor-top-column elementor-element elementor-element-544b846\" data-id=\"544b846\" data-element_type=\"column\">\n\t\t\t<div class=\"elementor-widget-wrap elementor-element-populated\">\n\t\t\t\t\t\t<div class=\"elementor-element elementor-element-ae75c48 elementor-widget elementor-widget-heading\" data-id=\"ae75c48\" data-element_type=\"widget\" data-widget_type=\"heading.default\">\n\t\t\t\t<div class=\"elementor-widget-container\">\n\t\t\t\t\t<h1 class=\"elementor-heading-title elementor-size-default\">Zmluvy<\/h1>\t\t\t\t<\/div>\n\t\t\t\t<\/div>\n\t\t\t\t\t<\/div>\n\t\t<\/div>\n\t\t\t\t<div class=\"elementor-column elementor-col-50 elementor-top-column elementor-element elementor-element-894564e\" data-id=\"894564e\" data-element_type=\"column\">\n\t\t\t<div class=\"elementor-widget-wrap elementor-element-populated\">\n\t\t\t\t\t\t<div class=\"elementor-element elementor-element-45a592c jet-breadcrumbs-align-right elementor-widget elementor-widget-jet-breadcrumbs\" data-id=\"45a592c\" data-element_type=\"widget\" data-widget_type=\"jet-breadcrumbs.default\">\n\t\t\t\t<div class=\"elementor-widget-container\">\n\t\t\t\t\t<div class=\"elementor-jet-breadcrumbs jet-blocks\">\n\t\t<div class=\"jet-breadcrumbs\">\n\t\t<div class=\"jet-breadcrumbs__content\">\n\t\t<div class=\"jet-breadcrumbs__wrap\"><div class=\"jet-breadcrumbs__item\"><a href=\"https:\/\/d.r1.wbsprt.com\/krr.sk\/\" class=\"jet-breadcrumbs__item-link is-home\" rel=\"home\" title=\"Domov\">Domov<\/a><\/div>\n\t\t<\/div>\n\t\t<\/div>\n\t\t<\/div><\/div>\t\t\t\t<\/div>\n\t\t\t\t<\/div>\n\t\t\t\t\t<\/div>\n\t\t<\/div>\n\t\t\t\t\t<\/div>\n\t\t<\/section>\n\t\t\t\t<section class=\"elementor-section elementor-top-section elementor-element elementor-element-281b9cd7 elementor-section-stretched elementor-section-boxed elementor-section-height-default elementor-section-height-default\" data-id=\"281b9cd7\" data-element_type=\"section\" data-settings=\"{&quot;jet_parallax_layout_list&quot;:[{&quot;jet_parallax_layout_image&quot;:{&quot;url&quot;:&quot;&quot;,&quot;id&quot;:&quot;&quot;,&quot;size&quot;:&quot;&quot;},&quot;_id&quot;:&quot;195c2f7&quot;,&quot;jet_parallax_layout_image_tablet&quot;:{&quot;url&quot;:&quot;&quot;,&quot;id&quot;:&quot;&quot;,&quot;size&quot;:&quot;&quot;},&quot;jet_parallax_layout_image_mobile&quot;:{&quot;url&quot;:&quot;&quot;,&quot;id&quot;:&quot;&quot;,&quot;size&quot;:&quot;&quot;},&quot;jet_parallax_layout_speed&quot;:{&quot;unit&quot;:&quot;%&quot;,&quot;size&quot;:50,&quot;sizes&quot;:[]},&quot;jet_parallax_layout_type&quot;:&quot;scroll&quot;,&quot;jet_parallax_layout_direction&quot;:&quot;1&quot;,&quot;jet_parallax_layout_fx_direction&quot;:null,&quot;jet_parallax_layout_z_index&quot;:&quot;&quot;,&quot;jet_parallax_layout_bg_x&quot;:50,&quot;jet_parallax_layout_bg_x_tablet&quot;:&quot;&quot;,&quot;jet_parallax_layout_bg_x_mobile&quot;:&quot;&quot;,&quot;jet_parallax_layout_bg_y&quot;:50,&quot;jet_parallax_layout_bg_y_tablet&quot;:&quot;&quot;,&quot;jet_parallax_layout_bg_y_mobile&quot;:&quot;&quot;,&quot;jet_parallax_layout_bg_size&quot;:&quot;auto&quot;,&quot;jet_parallax_layout_bg_size_tablet&quot;:&quot;&quot;,&quot;jet_parallax_layout_bg_size_mobile&quot;:&quot;&quot;,&quot;jet_parallax_layout_animation_prop&quot;:&quot;transform&quot;,&quot;jet_parallax_layout_on&quot;:[&quot;desktop&quot;,&quot;tablet&quot;]}],&quot;stretch_section&quot;:&quot;section-stretched&quot;}\">\n\t\t\t\t\t\t<div class=\"elementor-container elementor-column-gap-default\">\n\t\t\t\t\t<div class=\"elementor-column elementor-col-100 elementor-top-column elementor-element elementor-element-1fd69081\" data-id=\"1fd69081\" data-element_type=\"column\">\n\t\t\t<div class=\"elementor-widget-wrap elementor-element-populated\">\n\t\t\t\t\t\t<div class=\"elementor-element elementor-element-2a99df37 elementor-widget elementor-widget-shortcode\" data-id=\"2a99df37\" data-element_type=\"widget\" data-widget_type=\"shortcode.default\">\n\t\t\t\t<div class=\"elementor-widget-container\">\n\t\t\t\t\t\t\t<div class=\"elementor-shortcode\">        \n\t\t<table class=\"table table-striped\">\n\t\t<thead>\n\t\t<tr>\n\t\t\t<th>D\u00e1tum<\/th>\n\n            \t\t\t\t<th>\u010c\u00edslo<\/th>\n            \n\t\t\t<th>Predmet<\/th>\n\t\t\t<th>Partner<\/th>\n\t\t\t<th>I\u010cO<\/th>\n\n            \n\t\t\t<th>Dokument<\/th>\n\t\t<\/tr>\n\t\t<\/thead>\n\t\t<tbody>\n\n        \t\t\t\t<tr>\n\t\t\t\t\t<td>25.3.2023<\/td>\n\n                    \t\t\t\t\t\t<td>230325<\/td>\n                    \n\t\t\t\t\t<td>Zmluva o umeleckom v\u00fdkone<\/td>\n\t\t\t\t\t<td>Rastislav Spev\u00e1k<\/td>\n\t\t\t\t\t<td><\/td>\n\n                    \n\t\t\t\t\t<td>\n                        \t\t\t\t\t\t\t<a download\n\t\t\t\t\t\t\t   href=\"https:\/\/d.r1.wbsprt.com\/krr.sk\/wp-content\/uploads\/2023\/04\/Hudobna-skupina-Vieska-zmluva-o-umelecnom-vykone.pdf\">\n\t\t\t\t\t\t\t\t<img decoding=\"async\" style=\"height: 30px;\"\n\t\t\t\t\t\t\t\t\t src=\"https:\/\/d.r1.wbsprt.com\/krr.sk\/wp-content\/mu-plugins\/krr\/assets\/icons\/file.svg\"\n\t\t\t\t\t\t\t\t\t alt=\"zmluva-o-umeleckom-vykone\"\/>\n\t\t\t\t\t\t\t<\/a>\n                        \t\t\t\t\t<\/td>\n\t\t\t\t<\/tr>\n\n            \t\t\t\t<tr>\n\t\t\t\t\t<td>1.1.2023<\/td>\n\n                    \t\t\t\t\t\t<td>42020008<\/td>\n                    \n\t\t\t\t\t<td>Zmluva o n\u00e1jme nebytov\u00fdch priestorov<\/td>\n\t\t\t\t\t<td>AIRNET, s.r.o.<\/td>\n\t\t\t\t\t<td>44996420<\/td>\n\n                    \n\t\t\t\t\t<td>\n                        \t\t\t\t\t\t\t<a download\n\t\t\t\t\t\t\t   href=\"https:\/\/d.r1.wbsprt.com\/krr.sk\/wp-content\/uploads\/2023\/01\/Najomna-zmluva-KRR-a-AIR-1-2023.pdf\">\n\t\t\t\t\t\t\t\t<img decoding=\"async\" style=\"height: 30px;\"\n\t\t\t\t\t\t\t\t\t src=\"https:\/\/d.r1.wbsprt.com\/krr.sk\/wp-content\/mu-plugins\/krr\/assets\/icons\/file.svg\"\n\t\t\t\t\t\t\t\t\t alt=\"zmluva-o-najme-nebytovych-priestorov\"\/>\n\t\t\t\t\t\t\t<\/a>\n                        \t\t\t\t\t<\/td>\n\t\t\t\t<\/tr>\n\n            \t\t\t\t<tr>\n\t\t\t\t\t<td>14.01.2022<\/td>\n\n                    \t\t\t\t\t\t<td>220114<\/td>\n                    \n\t\t\t\t\t<td>Zmluva o spolupr\u00e1ci na projektovom z\u00e1mere KRR a ZMO Z\u00e1horie<\/td>\n\t\t\t\t\t<td>ZMO Z\u00e1horie<\/td>\n\t\t\t\t\t<td>34076336<\/td>\n\n                    \n\t\t\t\t\t<td>\n                        \t\t\t\t\t\t\t<a download\n\t\t\t\t\t\t\t   href=\"https:\/\/d.r1.wbsprt.com\/krr.sk\/wp-content\/uploads\/2022\/02\/Priloha-c.-1-k-zmluve-o-spolupraci-ZMO-Zahorie.pdf\">\n\t\t\t\t\t\t\t\t<img decoding=\"async\" style=\"height: 30px;\"\n\t\t\t\t\t\t\t\t\t src=\"https:\/\/d.r1.wbsprt.com\/krr.sk\/wp-content\/mu-plugins\/krr\/assets\/icons\/file.svg\"\n\t\t\t\t\t\t\t\t\t alt=\"zmluva-o-spolupraci-na-projektovom-zamere-krr-a-zmo-zahorie\"\/>\n\t\t\t\t\t\t\t<\/a>\n                        \t\t\t\t\t<\/td>\n\t\t\t\t<\/tr>\n\n            \t\t\t\t<tr>\n\t\t\t\t\t<td>14.01.2022<\/td>\n\n                    \t\t\t\t\t\t<td>220114-1<\/td>\n                    \n\t\t\t\t\t<td>Dodatok \u010d. 1 k Zmluve o spolupr\u00e1ci na projektovom z\u00e1mere<\/td>\n\t\t\t\t\t<td>ZMO JE JB - \u017dO - GA\u0160A - Z\u00e1horie<\/td>\n\t\t\t\t\t<td><\/td>\n\n                    \n\t\t\t\t\t<td>\n                        \t\t\t\t\t\t\t<a download\n\t\t\t\t\t\t\t   href=\"https:\/\/d.r1.wbsprt.com\/krr.sk\/wp-content\/uploads\/2022\/02\/Dodatok-c.-1-k-Zmluve-o-spolupraci-na-projetovom-zamere.pdf\">\n\t\t\t\t\t\t\t\t<img decoding=\"async\" style=\"height: 30px;\"\n\t\t\t\t\t\t\t\t\t src=\"https:\/\/d.r1.wbsprt.com\/krr.sk\/wp-content\/mu-plugins\/krr\/assets\/icons\/file.svg\"\n\t\t\t\t\t\t\t\t\t alt=\"dodatok-c-1-k-zmluve-o-spolupraci-na-projektovom-zamere\"\/>\n\t\t\t\t\t\t\t<\/a>\n                        \t\t\t\t\t<\/td>\n\t\t\t\t<\/tr>\n\n            \t\t\t\t<tr>\n\t\t\t\t\t<td>14.01.2022<\/td>\n\n                    \t\t\t\t\t\t<td>220114-2<\/td>\n                    \n\t\t\t\t\t<td>Zmluva o spolupr\u00e1ci na projektovom z\u00e1mere KRR a ZMO \u017dO<\/td>\n\t\t\t\t\t<td>ZMO \u017dO<\/td>\n\t\t\t\t\t<td>31870236<\/td>\n\n                    \n\t\t\t\t\t<td>\n                        \t\t\t\t\t\t\t<a download\n\t\t\t\t\t\t\t   href=\"https:\/\/d.r1.wbsprt.com\/krr.sk\/wp-content\/uploads\/2022\/02\/Priloha-c.-2-k-zmluve-o-spolupraci-ZMOZO.pdf\">\n\t\t\t\t\t\t\t\t<img decoding=\"async\" style=\"height: 30px;\"\n\t\t\t\t\t\t\t\t\t src=\"https:\/\/d.r1.wbsprt.com\/krr.sk\/wp-content\/mu-plugins\/krr\/assets\/icons\/file.svg\"\n\t\t\t\t\t\t\t\t\t alt=\"zmluva-o-spolupraci-na-projektovom-zamere-krr-a-zmo-zo\"\/>\n\t\t\t\t\t\t\t<\/a>\n                        \t\t\t\t\t<\/td>\n\t\t\t\t<\/tr>\n\n            \t\t\t\t<tr>\n\t\t\t\t\t<td>28.12.2021<\/td>\n\n                    \t\t\t\t\t\t<td>211228<\/td>\n                    \n\t\t\t\t\t<td>Zmluva o spolupr\u00e1ci na projektovom z\u00e1mere KRR a ZMO JE JB<\/td>\n\t\t\t\t\t<td>ZMO JE JB<\/td>\n\t\t\t\t\t<td>31826385<\/td>\n\n                    \n\t\t\t\t\t<td>\n                        \t\t\t\t\t\t\t<a download\n\t\t\t\t\t\t\t   href=\"https:\/\/d.r1.wbsprt.com\/krr.sk\/wp-content\/uploads\/2022\/02\/Zmluva-o-spolupraci-na-projektovom-zamere-KRR-a-ZMO-JE-JB-1.pdf\">\n\t\t\t\t\t\t\t\t<img decoding=\"async\" style=\"height: 30px;\"\n\t\t\t\t\t\t\t\t\t src=\"https:\/\/d.r1.wbsprt.com\/krr.sk\/wp-content\/mu-plugins\/krr\/assets\/icons\/file.svg\"\n\t\t\t\t\t\t\t\t\t alt=\"zmluva-o-spolupraci-na-projektovom-zamere-krr-a-zmo-je-jb-2\"\/>\n\t\t\t\t\t\t\t<\/a>\n                        \t\t\t\t\t<\/td>\n\t\t\t\t<\/tr>\n\n            \t\t\t\t<tr>\n\t\t\t\t\t<td>28.12.2021<\/td>\n\n                    \t\t\t\t\t\t<td>211228-2<\/td>\n                    \n\t\t\t\t\t<td>Zmluva o spolupr\u00e1ci na projektovom z\u00e1mere KRR a ZMO GA\u0160A<\/td>\n\t\t\t\t\t<td>ZMO GA\u0160A<\/td>\n\t\t\t\t\t<td>45014523<\/td>\n\n                    \n\t\t\t\t\t<td>\n                        \t\t\t\t\t\t\t<a download\n\t\t\t\t\t\t\t   href=\"https:\/\/d.r1.wbsprt.com\/krr.sk\/wp-content\/uploads\/2021\/12\/Priloha-c.-3-k-zmluve-o-spolupraci-ZMO-GASA.pdf\">\n\t\t\t\t\t\t\t\t<img decoding=\"async\" style=\"height: 30px;\"\n\t\t\t\t\t\t\t\t\t src=\"https:\/\/d.r1.wbsprt.com\/krr.sk\/wp-content\/mu-plugins\/krr\/assets\/icons\/file.svg\"\n\t\t\t\t\t\t\t\t\t alt=\"zmluva-o-spolupraci-na-projektovom-zamere-krr-a-zmo-je-jb\"\/>\n\t\t\t\t\t\t\t<\/a>\n                        \t\t\t\t\t<\/td>\n\t\t\t\t<\/tr>\n\n            \t\t\t\t<tr>\n\t\t\t\t\t<td>29.11.2021<\/td>\n\n                    \t\t\t\t\t\t<td><\/td>\n                    \n\t\t\t\t\t<td>Zmluva o spolupr\u00e1ci Vl\u010dkovce<\/td>\n\t\t\t\t\t<td>Obec Vl\u010dkovce<\/td>\n\t\t\t\t\t<td>00682209<\/td>\n\n                    \n\t\t\t\t\t<td>\n                        \t\t\t\t\t\t\t<a download\n\t\t\t\t\t\t\t   href=\"https:\/\/d.r1.wbsprt.com\/krr.sk\/wp-content\/uploads\/2021\/12\/Zmluva-o-spolupraci-mobiliar-Vlckovce.pdf\">\n\t\t\t\t\t\t\t\t<img decoding=\"async\" style=\"height: 30px;\"\n\t\t\t\t\t\t\t\t\t src=\"https:\/\/d.r1.wbsprt.com\/krr.sk\/wp-content\/mu-plugins\/krr\/assets\/icons\/file.svg\"\n\t\t\t\t\t\t\t\t\t alt=\"zmluva-o-spolupraci-vlckovce\"\/>\n\t\t\t\t\t\t\t<\/a>\n                        \t\t\t\t\t<\/td>\n\t\t\t\t<\/tr>\n\n            \t\t\t\t<tr>\n\t\t\t\t\t<td>29.11.2021<\/td>\n\n                    \t\t\t\t\t\t<td><\/td>\n                    \n\t\t\t\t\t<td>Zmluva o spolupr\u00e1ci Ve\u013ek\u00e9 \u00da\u013eany<\/td>\n\t\t\t\t\t<td>Obec Ve\u013ek\u00e9 \u00da\u013eany<\/td>\n\t\t\t\t\t<td>00306282<\/td>\n\n                    \n\t\t\t\t\t<td>\n                        \t\t\t\t\t\t\t<a download\n\t\t\t\t\t\t\t   href=\"https:\/\/d.r1.wbsprt.com\/krr.sk\/wp-content\/uploads\/2021\/12\/Zmluva-o-spolupraci-Mobiliar-Velke-Ulany.pdf\">\n\t\t\t\t\t\t\t\t<img decoding=\"async\" style=\"height: 30px;\"\n\t\t\t\t\t\t\t\t\t src=\"https:\/\/d.r1.wbsprt.com\/krr.sk\/wp-content\/mu-plugins\/krr\/assets\/icons\/file.svg\"\n\t\t\t\t\t\t\t\t\t alt=\"zmluva-o-spolupraci-velke-ulany\"\/>\n\t\t\t\t\t\t\t<\/a>\n                        \t\t\t\t\t<\/td>\n\t\t\t\t<\/tr>\n\n            \t\t\t\t<tr>\n\t\t\t\t\t<td>29.11.2021<\/td>\n\n                    \t\t\t\t\t\t<td><\/td>\n                    \n\t\t\t\t\t<td>Zmluva o spolupr\u00e1ci Pust\u00e9 \u00da\u013eany<\/td>\n\t\t\t\t\t<td>Obec Pust\u00e9 \u00da\u013eany<\/td>\n\t\t\t\t\t<td>00306134<\/td>\n\n                    \n\t\t\t\t\t<td>\n                        \t\t\t\t\t\t\t<a download\n\t\t\t\t\t\t\t   href=\"https:\/\/d.r1.wbsprt.com\/krr.sk\/wp-content\/uploads\/2021\/12\/Zmluva-o-spolupraci-mobiliar-Puste-Ulany.pdf\">\n\t\t\t\t\t\t\t\t<img decoding=\"async\" style=\"height: 30px;\"\n\t\t\t\t\t\t\t\t\t src=\"https:\/\/d.r1.wbsprt.com\/krr.sk\/wp-content\/mu-plugins\/krr\/assets\/icons\/file.svg\"\n\t\t\t\t\t\t\t\t\t alt=\"zmluva-o-spolupraci-puste-ulany\"\/>\n\t\t\t\t\t\t\t<\/a>\n                        \t\t\t\t\t<\/td>\n\t\t\t\t<\/tr>\n\n            \t\t\t\t<tr>\n\t\t\t\t\t<td>29.11.2021<\/td>\n\n                    \t\t\t\t\t\t<td><\/td>\n                    \n\t\t\t\t\t<td>Zmluva o spolupr\u00e1ci Opoj<\/td>\n\t\t\t\t\t<td>Obec Opoj<\/td>\n\t\t\t\t\t<td>00682217<\/td>\n\n                    \n\t\t\t\t\t<td>\n                        \t\t\t\t\t\t\t<a download\n\t\t\t\t\t\t\t   href=\"https:\/\/d.r1.wbsprt.com\/krr.sk\/wp-content\/uploads\/2021\/12\/Zmluva-o-spolupraci-mobiliar-Opoj-1.pdf\">\n\t\t\t\t\t\t\t\t<img decoding=\"async\" style=\"height: 30px;\"\n\t\t\t\t\t\t\t\t\t src=\"https:\/\/d.r1.wbsprt.com\/krr.sk\/wp-content\/mu-plugins\/krr\/assets\/icons\/file.svg\"\n\t\t\t\t\t\t\t\t\t alt=\"zmluva-o-spolupraci-opoj\"\/>\n\t\t\t\t\t\t\t<\/a>\n                        \t\t\t\t\t<\/td>\n\t\t\t\t<\/tr>\n\n            \t\t\t\t<tr>\n\t\t\t\t\t<td>29.11.2021<\/td>\n\n                    \t\t\t\t\t\t<td><\/td>\n                    \n\t\t\t\t\t<td>Zmluva o spolupr\u00e1ci MR nad Hole\u0161kou<\/td>\n\t\t\t\t\t<td>Mikroregi\u00f3n nad Hole\u0161kou<\/td>\n\t\t\t\t\t<td>36095524<\/td>\n\n                    \n\t\t\t\t\t<td>\n                        \t\t\t\t\t\t\t<a download\n\t\t\t\t\t\t\t   href=\"https:\/\/d.r1.wbsprt.com\/krr.sk\/wp-content\/uploads\/2021\/12\/Zmluva-o-spolupraci-Mikroregion-nad-Holeskou-stromy.pdf\">\n\t\t\t\t\t\t\t\t<img decoding=\"async\" style=\"height: 30px;\"\n\t\t\t\t\t\t\t\t\t src=\"https:\/\/d.r1.wbsprt.com\/krr.sk\/wp-content\/mu-plugins\/krr\/assets\/icons\/file.svg\"\n\t\t\t\t\t\t\t\t\t alt=\"zmluva-o-spolupraci-mr-nad-holeskou\"\/>\n\t\t\t\t\t\t\t<\/a>\n                        \t\t\t\t\t<\/td>\n\t\t\t\t<\/tr>\n\n            \t\t\t\t<tr>\n\t\t\t\t\t<td>29.11.2021<\/td>\n\n                    \t\t\t\t\t\t<td><\/td>\n                    \n\t\t\t\t\t<td>Zmluva o spolupr\u00e1ci Majcichov<\/td>\n\t\t\t\t\t<td>Obec Majcichov<\/td>\n\t\t\t\t\t<td>00312746<\/td>\n\n                    \n\t\t\t\t\t<td>\n                        \t\t\t\t\t\t\t<a download\n\t\t\t\t\t\t\t   href=\"https:\/\/d.r1.wbsprt.com\/krr.sk\/wp-content\/uploads\/2021\/12\/Zmluva-o-spolupraci-Majcichov-mobiliar.pdf\">\n\t\t\t\t\t\t\t\t<img decoding=\"async\" style=\"height: 30px;\"\n\t\t\t\t\t\t\t\t\t src=\"https:\/\/d.r1.wbsprt.com\/krr.sk\/wp-content\/mu-plugins\/krr\/assets\/icons\/file.svg\"\n\t\t\t\t\t\t\t\t\t alt=\"zmluva-o-spolupraci-majcichov\"\/>\n\t\t\t\t\t\t\t<\/a>\n                        \t\t\t\t\t<\/td>\n\t\t\t\t<\/tr>\n\n            \t\t\t\t<tr>\n\t\t\t\t\t<td>29.11.2021<\/td>\n\n                    \t\t\t\t\t\t<td><\/td>\n                    \n\t\t\t\t\t<td>Zmluva o spolupr\u00e1ci Kri\u017eovany n\/D<\/td>\n\t\t\t\t\t<td>Obec Kri\u017eovany nad Dudv\u00e1hom<\/td>\n\t\t\t\t\t<td>00682187<\/td>\n\n                    \n\t\t\t\t\t<td>\n                        \t\t\t\t\t\t\t<a download\n\t\t\t\t\t\t\t   href=\"https:\/\/d.r1.wbsprt.com\/krr.sk\/wp-content\/uploads\/2021\/12\/Zmluva-o-spolupraci-Krizovany-nad-Dudvahom-mobiliar.pdf\">\n\t\t\t\t\t\t\t\t<img decoding=\"async\" style=\"height: 30px;\"\n\t\t\t\t\t\t\t\t\t src=\"https:\/\/d.r1.wbsprt.com\/krr.sk\/wp-content\/mu-plugins\/krr\/assets\/icons\/file.svg\"\n\t\t\t\t\t\t\t\t\t alt=\"zmluva-o-spolupraci-krizovany-n-d\"\/>\n\t\t\t\t\t\t\t<\/a>\n                        \t\t\t\t\t<\/td>\n\t\t\t\t<\/tr>\n\n            \t\t\t\t<tr>\n\t\t\t\t\t<td>29.11.2021<\/td>\n\n                    \t\t\t\t\t\t<td><\/td>\n                    \n\t\t\t\t\t<td>Zmluva o spolupr\u00e1ci Hrn\u010diarovce nad Parnou<\/td>\n\t\t\t\t\t<td>Obec Hrn\u010diarovce nad Parnou <\/td>\n\t\t\t\t\t<td>34007521<\/td>\n\n                    \n\t\t\t\t\t<td>\n                        \t\t\t\t\t\t\t<a download\n\t\t\t\t\t\t\t   href=\"https:\/\/d.r1.wbsprt.com\/krr.sk\/wp-content\/uploads\/2021\/12\/Zmluva-o-spolupraci-Hrnciarovce-nad-Parnou-mobiliar.pdf\">\n\t\t\t\t\t\t\t\t<img decoding=\"async\" style=\"height: 30px;\"\n\t\t\t\t\t\t\t\t\t src=\"https:\/\/d.r1.wbsprt.com\/krr.sk\/wp-content\/mu-plugins\/krr\/assets\/icons\/file.svg\"\n\t\t\t\t\t\t\t\t\t alt=\"zmluva-o-spolupraci-hrnciarovce-nad-parnou\"\/>\n\t\t\t\t\t\t\t<\/a>\n                        \t\t\t\t\t<\/td>\n\t\t\t\t<\/tr>\n\n            \t\t\t\t<tr>\n\t\t\t\t\t<td>29.11.2021<\/td>\n\n                    \t\t\t\t\t\t<td><\/td>\n                    \n\t\t\t\t\t<td>Zmluva o spolupr\u00e1ci KRR a Dubov\u00e1<\/td>\n\t\t\t\t\t<td>Obec Dubov\u00e1<\/td>\n\t\t\t\t\t<td>00304735<\/td>\n\n                    \n\t\t\t\t\t<td>\n                        \t\t\t\t\t\t\t<a download\n\t\t\t\t\t\t\t   href=\"https:\/\/d.r1.wbsprt.com\/krr.sk\/wp-content\/uploads\/2021\/12\/Zmluva-o-spolupraci-mobiliar-Dubova.pdf\">\n\t\t\t\t\t\t\t\t<img decoding=\"async\" style=\"height: 30px;\"\n\t\t\t\t\t\t\t\t\t src=\"https:\/\/d.r1.wbsprt.com\/krr.sk\/wp-content\/mu-plugins\/krr\/assets\/icons\/file.svg\"\n\t\t\t\t\t\t\t\t\t alt=\"zmluva-o-spolupraci-krr-a-dubova\"\/>\n\t\t\t\t\t\t\t<\/a>\n                        \t\t\t\t\t<\/td>\n\t\t\t\t<\/tr>\n\n            \t\t\t\t<tr>\n\t\t\t\t\t<td>29.11.2021<\/td>\n\n                    \t\t\t\t\t\t<td><\/td>\n                    \n\t\t\t\t\t<td>Zmluva o spolupr\u00e1ci<\/td>\n\t\t\t\t\t<td>Obec C\u00edfer<\/td>\n\t\t\t\t\t<td>00312347<\/td>\n\n                    \n\t\t\t\t\t<td>\n                        \t\t\t\t\t\t\t<a download\n\t\t\t\t\t\t\t   href=\"https:\/\/d.r1.wbsprt.com\/krr.sk\/wp-content\/uploads\/2021\/12\/Zmluva-o-spolupraci-mobiliar-Cifer.pdf\">\n\t\t\t\t\t\t\t\t<img decoding=\"async\" style=\"height: 30px;\"\n\t\t\t\t\t\t\t\t\t src=\"https:\/\/d.r1.wbsprt.com\/krr.sk\/wp-content\/mu-plugins\/krr\/assets\/icons\/file.svg\"\n\t\t\t\t\t\t\t\t\t alt=\"zmluva-o-spolupraci-7\"\/>\n\t\t\t\t\t\t\t<\/a>\n                        \t\t\t\t\t<\/td>\n\t\t\t\t<\/tr>\n\n            \t\t\t\t<tr>\n\t\t\t\t\t<td>3.9.2021<\/td>\n\n                    \t\t\t\t\t\t<td>210903<\/td>\n                    \n\t\t\t\t\t<td>Zmluva o spolupr\u00e1ci<\/td>\n\t\t\t\t\t<td>Obec C\u00edfer<\/td>\n\t\t\t\t\t<td>00312347<\/td>\n\n                    \n\t\t\t\t\t<td>\n                        \t\t\t\t\t\t\t<a download\n\t\t\t\t\t\t\t   href=\"https:\/\/d.r1.wbsprt.com\/krr.sk\/wp-content\/uploads\/2021\/11\/Sochy-Cifer-a-spolufinancovanie.pdf\">\n\t\t\t\t\t\t\t\t<img decoding=\"async\" style=\"height: 30px;\"\n\t\t\t\t\t\t\t\t\t src=\"https:\/\/d.r1.wbsprt.com\/krr.sk\/wp-content\/mu-plugins\/krr\/assets\/icons\/file.svg\"\n\t\t\t\t\t\t\t\t\t alt=\"zmluva-o-spolupraci-6\"\/>\n\t\t\t\t\t\t\t<\/a>\n                        \t\t\t\t\t<\/td>\n\t\t\t\t<\/tr>\n\n            \t\t\t\t<tr>\n\t\t\t\t\t<td>23.09.2021<\/td>\n\n                    \t\t\t\t\t\t<td><\/td>\n                    \n\t\t\t\t\t<td>Zmluva o spolupr\u00e1ci<\/td>\n\t\t\t\t\t<td>Obec Pust\u00e9 \u00da\u013eany<\/td>\n\t\t\t\t\t<td>00306134<\/td>\n\n                    \n\t\t\t\t\t<td>\n                        \t\t\t\t\t\t\t<a download\n\t\t\t\t\t\t\t   href=\"https:\/\/d.r1.wbsprt.com\/krr.sk\/wp-content\/uploads\/2021\/11\/Zmluva-Puste-Ulany-a-spolufinancovanie-II.pdf\">\n\t\t\t\t\t\t\t\t<img decoding=\"async\" style=\"height: 30px;\"\n\t\t\t\t\t\t\t\t\t src=\"https:\/\/d.r1.wbsprt.com\/krr.sk\/wp-content\/mu-plugins\/krr\/assets\/icons\/file.svg\"\n\t\t\t\t\t\t\t\t\t alt=\"zmluva-o-spolupraci-5\"\/>\n\t\t\t\t\t\t\t<\/a>\n                        \t\t\t\t\t<\/td>\n\t\t\t\t<\/tr>\n\n            \t\t\t\t<tr>\n\t\t\t\t\t<td>23.09.2021<\/td>\n\n                    \t\t\t\t\t\t<td>210923<\/td>\n                    \n\t\t\t\t\t<td>Zmluva o spolupr\u00e1ci<\/td>\n\t\t\t\t\t<td>Pre \u00da\u013eany - Pro Fudemus, N.O.<\/td>\n\t\t\t\t\t<td>37986848<\/td>\n\n                    \n\t\t\t\t\t<td>\n                        \t\t\t\t\t\t\t<a download\n\t\t\t\t\t\t\t   href=\"https:\/\/d.r1.wbsprt.com\/krr.sk\/wp-content\/uploads\/2021\/11\/Zmluva-Pro-Fudemus-Puste-Ulany-Ceresne.pdf\">\n\t\t\t\t\t\t\t\t<img decoding=\"async\" style=\"height: 30px;\"\n\t\t\t\t\t\t\t\t\t src=\"https:\/\/d.r1.wbsprt.com\/krr.sk\/wp-content\/mu-plugins\/krr\/assets\/icons\/file.svg\"\n\t\t\t\t\t\t\t\t\t alt=\"zmluva-o-spolupraci-4\"\/>\n\t\t\t\t\t\t\t<\/a>\n                        \t\t\t\t\t<\/td>\n\t\t\t\t<\/tr>\n\n            \n\t\t\t<\/tbody>\n\n\t\t\t<\/table>\n\n            \n\t<nav class=\"navigation posts-pagination\" aria-label=\"Str\u00e1nkovanie pr\u00edspevkov\">\n\t\t<h2 class=\"screen-reader-text\">Str\u00e1nkovanie pr\u00edspevkov<\/h2>\n\t\t<div class=\"nav-links\"><span aria-current=\"page\" class=\"page-numbers current\">1<\/span>\n<a class=\"page-numbers\" href=\"https:\/\/d.r1.wbsprt.com\/krr.sk\/wp-json\/wp\/v2\/pages\/5956\/page\/2\/\">2<\/a>\n<a class=\"page-numbers\" href=\"https:\/\/d.r1.wbsprt.com\/krr.sk\/wp-json\/wp\/v2\/pages\/5956\/page\/3\/\">3<\/a>\n<a class=\"page-numbers\" href=\"https:\/\/d.r1.wbsprt.com\/krr.sk\/wp-json\/wp\/v2\/pages\/5956\/page\/4\/\">4<\/a>\n<a class=\"next page-numbers\" href=\"https:\/\/d.r1.wbsprt.com\/krr.sk\/wp-json\/wp\/v2\/pages\/5956\/page\/2\/\">\u010ealej &raquo;<\/a><\/div>\n\t<\/nav>\n        \n        <\/div>\n\t\t\t\t\t\t<\/div>\n\t\t\t\t<\/div>\n\t\t\t\t\t<\/div>\n\t\t<\/div>\n\t\t\t\t\t<\/div>\n\t\t<\/section>\n\t\t\t\t<\/div>\n\t\t","protected":false},"excerpt":{"rendered":"<p>Zmluvy Domov<\/p>\n","protected":false},"author":9,"featured_media":0,"parent":544,"menu_order":0,"comment_status":"closed","ping_status":"closed","template":"","meta":{"_acf_changed":false,"footnotes":""},"class_list":["post-5956","page","type-page","status-publish","hentry"],"acf":[],"_links":{"self":[{"href":"https:\/\/d.r1.wbsprt.com\/krr.sk\/wp-json\/wp\/v2\/pages\/5956","targetHints":{"allow":["GET"]}}],"collection":[{"href":"https:\/\/d.r1.wbsprt.com\/krr.sk\/wp-json\/wp\/v2\/pages"}],"about":[{"href":"https:\/\/d.r1.wbsprt.com\/krr.sk\/wp-json\/wp\/v2\/types\/page"}],"author":[{"embeddable":true,"href":"https:\/\/d.r1.wbsprt.com\/krr.sk\/wp-json\/wp\/v2\/users\/9"}],"replies":[{"embeddable":true,"href":"https:\/\/d.r1.wbsprt.com\/krr.sk\/wp-json\/wp\/v2\/comments?post=5956"}],"version-history":[{"count":4,"href":"https:\/\/d.r1.wbsprt.com\/krr.sk\/wp-json\/wp\/v2\/pages\/5956\/revisions"}],"predecessor-version":[{"id":13774,"href":"https:\/\/d.r1.wbsprt.com\/krr.sk\/wp-json\/wp\/v2\/pages\/5956\/revisions\/13774"}],"up":[{"embeddable":true,"href":"https:\/\/d.r1.wbsprt.com\/krr.sk\/wp-json\/wp\/v2\/pages\/544"}],"wp:attachment":[{"href":"https:\/\/d.r1.wbsprt.com\/krr.sk\/wp-json\/wp\/v2\/media?parent=5956"}],"curies":[{"name":"wp","href":"https:\/\/api.w.org\/{rel}","templated":true}]}}