{"id":756,"date":"2025-02-10T08:52:31","date_gmt":"2025-02-10T08:52:31","guid":{"rendered":"https:\/\/www.inklucity.sk\/?page_id=756"},"modified":"2025-12-27T13:34:07","modified_gmt":"2025-12-27T13:34:07","slug":"zavreta-skola","status":"publish","type":"page","link":"https:\/\/d.r1.wbsprt.com\/inklucity.sk\/zavreta-skola\/","title":{"rendered":"Zavret\u00e1 \u0161kola"},"content":{"rendered":"\n<p>Na za\u010diatku pandemick\u00e9ho zatvorenia \u0161k\u00f4l v roku 2020 sme vytvorili s rodi\u010dmi vzdel\u00e1vaj\u00facimi doma svoje deti a priate\u013emi facebookov\u00fa skupinu <a href=\"https:\/\/www.facebook.com\/groups\/zavretaskola\/\">Zavret\u00e1 \u0161kola<\/a>, ktorej cie\u013eom bolo navz\u00e1jom sa povzbudzova\u0165, prin\u00e1\u0161a\u0165 zauj\u00edmav\u00e9 n\u00e1pady, inform\u00e1cie, vide\u00e1 a linky pre t\u00fdch \u0161kol\u00e1kov, rodi\u010dov a u\u010dite\u013eov, ktor\u00ed n\u00e1hle zostali doma, lebo \u0161koly boli zavret\u00e9. K str\u00e1nke vznikla r\u00fdchlo webstr\u00e1nka &#8211; kni\u017enica materi\u00e1lov. Dom\u00e1ci \u0161kol\u00e1ci, najm\u00e4 rodiny det\u00ed v n\u00fatenom homeschoolingu maj\u00fa s u\u010den\u00edm doma bohat\u00e9 sk\u00fasenosti. <\/p>\n\n\n\n<p>Nech sa p\u00e1\u010di, nechajme sa vz\u00e1jomne in\u0161pirova\u0165 &#8211; <a href=\"https:\/\/www.zavretaskola.sk\" target=\"_blank\" rel=\"noreferrer noopener\">www.zavretaskola.sk<\/a><\/p>\n\n\n\n<figure class=\"wp-block-image size-large\"><img loading=\"lazy\" decoding=\"async\" width=\"1024\" height=\"510\" src=\"https:\/\/www.inklucity.sk\/wp-content\/uploads\/2025\/08\/Snimka-obrazovky-2025-08-30-152105-1024x510.png\" alt=\"\" class=\"wp-image-1340\" srcset=\"https:\/\/d.r1.wbsprt.com\/inklucity.sk\/wp-content\/uploads\/2025\/08\/Snimka-obrazovky-2025-08-30-152105-1024x510.png 1024w, https:\/\/d.r1.wbsprt.com\/inklucity.sk\/wp-content\/uploads\/2025\/08\/Snimka-obrazovky-2025-08-30-152105-300x150.png 300w, https:\/\/d.r1.wbsprt.com\/inklucity.sk\/wp-content\/uploads\/2025\/08\/Snimka-obrazovky-2025-08-30-152105-768x383.png 768w, https:\/\/d.r1.wbsprt.com\/inklucity.sk\/wp-content\/uploads\/2025\/08\/Snimka-obrazovky-2025-08-30-152105.png 1350w\" sizes=\"auto, (max-width: 767px) 89vw, (max-width: 1000px) 54vw, (max-width: 1071px) 543px, 580px\" \/><\/figure>\n","protected":false},"excerpt":{"rendered":"<p>Na za\u010diatku pandemick\u00e9ho zatvorenia \u0161k\u00f4l v roku 2020 sme vytvorili s rodi\u010dmi vzdel\u00e1vaj\u00facimi doma svoje deti a priate\u013emi facebookov\u00fa skupinu Zavret\u00e1 \u0161kola, ktorej cie\u013eom bolo navz\u00e1jom sa povzbudzova\u0165, prin\u00e1\u0161a\u0165 zauj\u00edmav\u00e9 &hellip; <\/p>\n<p class=\"link-more\"><a href=\"https:\/\/d.r1.wbsprt.com\/inklucity.sk\/zavreta-skola\/\" class=\"more-link\">Pokra\u010dova\u0165 v \u010d\u00edtan\u00ed<span class=\"screen-reader-text\"> &#8222;Zavret\u00e1 \u0161kola&#8220;<\/span><\/a><\/p>\n","protected":false},"author":5,"featured_media":1341,"parent":0,"menu_order":0,"comment_status":"closed","ping_status":"closed","template":"","meta":{"footnotes":""},"class_list":["post-756","page","type-page","status-publish","has-post-thumbnail","hentry"],"_links":{"self":[{"href":"https:\/\/d.r1.wbsprt.com\/inklucity.sk\/wp-json\/wp\/v2\/pages\/756","targetHints":{"allow":["GET"]}}],"collection":[{"href":"https:\/\/d.r1.wbsprt.com\/inklucity.sk\/wp-json\/wp\/v2\/pages"}],"about":[{"href":"https:\/\/d.r1.wbsprt.com\/inklucity.sk\/wp-json\/wp\/v2\/types\/page"}],"author":[{"embeddable":true,"href":"https:\/\/d.r1.wbsprt.com\/inklucity.sk\/wp-json\/wp\/v2\/users\/5"}],"replies":[{"embeddable":true,"href":"https:\/\/d.r1.wbsprt.com\/inklucity.sk\/wp-json\/wp\/v2\/comments?post=756"}],"version-history":[{"count":8,"href":"https:\/\/d.r1.wbsprt.com\/inklucity.sk\/wp-json\/wp\/v2\/pages\/756\/revisions"}],"predecessor-version":[{"id":2205,"href":"https:\/\/d.r1.wbsprt.com\/inklucity.sk\/wp-json\/wp\/v2\/pages\/756\/revisions\/2205"}],"wp:featuredmedia":[{"embeddable":true,"href":"https:\/\/d.r1.wbsprt.com\/inklucity.sk\/wp-json\/wp\/v2\/media\/1341"}],"wp:attachment":[{"href":"https:\/\/d.r1.wbsprt.com\/inklucity.sk\/wp-json\/wp\/v2\/media?parent=756"}],"curies":[{"name":"wp","href":"https:\/\/api.w.org\/{rel}","templated":true}]}}