{"id":693,"date":"2024-02-22T13:02:38","date_gmt":"2024-02-22T13:02:38","guid":{"rendered":"http:\/\/inklucity.sk\/?page_id=693"},"modified":"2025-12-27T13:28:10","modified_gmt":"2025-12-27T13:28:10","slug":"bratislavsky-klub","status":"publish","type":"page","link":"https:\/\/d.r1.wbsprt.com\/inklucity.sk\/bratislavsky-klub\/","title":{"rendered":"Bratislavsk\u00fd klub"},"content":{"rendered":"\n<iframe loading=\"lazy\" src=\"https:\/\/calendar.google.com\/calendar\/embed?height=600&#038;wkst=1&#038;ctz=Europe%2FPrague&#038;showPrint=0&#038;src=YnJhdGlzbGF2c2t5a2x1YkBnbWFpbC5jb20&#038;color=%23d50000\" style=\"border:solid 1px #777\" width=\"800\" height=\"600\" frameborder=\"0\" scrolling=\"no\"><\/iframe>\n\n\n\n<p><a href=\"https:\/\/www.facebook.com\/inklucity.sk\" target=\"_blank\" rel=\"noreferrer noopener\">Bratislavsk\u00fd klub<\/a><\/p>\n\n\n\n<p>Spolu tvor\u00edme v na\u0161om meste bezpe\u010dn\u00fd, inkluz\u00edvny, otvoren\u00fd, medzigenera\u010dn\u00fd priestor.<\/p>\n\n\n\n<p><\/p>\n\n\n\n<p>Ak n\u00e1m chcete darova\u0165 svoje 2% (alebo 3% ak ste dobrovo\u013en\u00edk\/\u010dka) zo svojej dane, viac inform\u00e1ci\u00ed n\u00e1jdete <a href=\"https:\/\/d.r1.wbsprt.com\/inklucity.sk\/2percenta\/\">tu. <\/a> Vyu\u017eijeme ich na n\u00e1kup ob\u010derstvenia pre na\u0161ich klientov \/klientky (niektor\u00ed s\u00fa v n\u00fadzi), kreat\u00edvneho a vzdel\u00e1vacieho materi\u00e1lu, zaplatenia vstupn\u00e9ho pri spolo\u010dn\u00fdch n\u00e1v\u0161tev\u00e1ch kult\u00farnych podujat\u00ed, \u010di zaplatenie odbornej podpory (napr. potrebn\u00fdch terapi\u00ed) a vzdel\u00e1vanie dobrovo\u013en\u00edkov. Nezabudnite n\u00e1s informova\u0165, \u017ee Va\u0161e dane chcete darova\u0165 pre Bratislavsk\u00fd klub.<\/p>\n\n\n\n<p>\u010eakujeme! <\/p>\n\n\n\n<figure class=\"wp-block-gallery has-nested-images columns-default is-cropped wp-block-gallery-1 is-layout-flex wp-block-gallery-is-layout-flex\">\n<figure class=\"wp-block-image size-large\"><img loading=\"lazy\" decoding=\"async\" width=\"1024\" height=\"768\" data-id=\"997\" src=\"https:\/\/www.inklucity.sk\/wp-content\/uploads\/2025\/07\/klub-1024x768.jpg\" alt=\"\" class=\"wp-image-997\" srcset=\"https:\/\/d.r1.wbsprt.com\/inklucity.sk\/wp-content\/uploads\/2025\/07\/klub-1024x768.jpg 1024w, https:\/\/d.r1.wbsprt.com\/inklucity.sk\/wp-content\/uploads\/2025\/07\/klub-300x225.jpg 300w, https:\/\/d.r1.wbsprt.com\/inklucity.sk\/wp-content\/uploads\/2025\/07\/klub-768x576.jpg 768w, https:\/\/d.r1.wbsprt.com\/inklucity.sk\/wp-content\/uploads\/2025\/07\/klub-1536x1152.jpg 1536w, https:\/\/d.r1.wbsprt.com\/inklucity.sk\/wp-content\/uploads\/2025\/07\/klub-2048x1536.jpg 2048w\" sizes=\"auto, (max-width: 767px) 89vw, (max-width: 1000px) 54vw, (max-width: 1071px) 543px, 580px\" \/><\/figure>\n\n\n\n<figure class=\"wp-block-image size-large\"><img loading=\"lazy\" decoding=\"async\" width=\"768\" height=\"1024\" data-id=\"985\" src=\"https:\/\/www.inklucity.sk\/wp-content\/uploads\/2025\/07\/matika-deti-768x1024.jpg\" alt=\"\" class=\"wp-image-985\" srcset=\"https:\/\/d.r1.wbsprt.com\/inklucity.sk\/wp-content\/uploads\/2025\/07\/matika-deti-768x1024.jpg 768w, https:\/\/d.r1.wbsprt.com\/inklucity.sk\/wp-content\/uploads\/2025\/07\/matika-deti-225x300.jpg 225w, https:\/\/d.r1.wbsprt.com\/inklucity.sk\/wp-content\/uploads\/2025\/07\/matika-deti-1152x1536.jpg 1152w, https:\/\/d.r1.wbsprt.com\/inklucity.sk\/wp-content\/uploads\/2025\/07\/matika-deti-1536x2048.jpg 1536w, https:\/\/d.r1.wbsprt.com\/inklucity.sk\/wp-content\/uploads\/2025\/07\/matika-deti-scaled.jpg 1920w\" sizes=\"auto, (max-width: 767px) 89vw, (max-width: 1000px) 54vw, (max-width: 1071px) 543px, 580px\" \/><\/figure>\n\n\n\n<figure class=\"wp-block-image size-large\"><img loading=\"lazy\" decoding=\"async\" width=\"768\" height=\"1024\" data-id=\"915\" src=\"https:\/\/www.inklucity.sk\/wp-content\/uploads\/2025\/06\/medzigeneracna-sitie-768x1024.jpg\" alt=\"\" class=\"wp-image-915\" srcset=\"https:\/\/d.r1.wbsprt.com\/inklucity.sk\/wp-content\/uploads\/2025\/06\/medzigeneracna-sitie-768x1024.jpg 768w, https:\/\/d.r1.wbsprt.com\/inklucity.sk\/wp-content\/uploads\/2025\/06\/medzigeneracna-sitie-225x300.jpg 225w, https:\/\/d.r1.wbsprt.com\/inklucity.sk\/wp-content\/uploads\/2025\/06\/medzigeneracna-sitie-1152x1536.jpg 1152w, https:\/\/d.r1.wbsprt.com\/inklucity.sk\/wp-content\/uploads\/2025\/06\/medzigeneracna-sitie-1536x2048.jpg 1536w, https:\/\/d.r1.wbsprt.com\/inklucity.sk\/wp-content\/uploads\/2025\/06\/medzigeneracna-sitie-scaled.jpg 1920w\" sizes=\"auto, (max-width: 767px) 89vw, (max-width: 1000px) 54vw, (max-width: 1071px) 543px, 580px\" \/><\/figure>\n\n\n\n<figure class=\"wp-block-image size-large\"><img loading=\"lazy\" decoding=\"async\" width=\"1024\" height=\"768\" data-id=\"979\" src=\"https:\/\/www.inklucity.sk\/wp-content\/uploads\/2025\/07\/pamatovy-trening-1024x768.jpg\" alt=\"\" class=\"wp-image-979\" srcset=\"https:\/\/d.r1.wbsprt.com\/inklucity.sk\/wp-content\/uploads\/2025\/07\/pamatovy-trening-1024x768.jpg 1024w, https:\/\/d.r1.wbsprt.com\/inklucity.sk\/wp-content\/uploads\/2025\/07\/pamatovy-trening-300x225.jpg 300w, https:\/\/d.r1.wbsprt.com\/inklucity.sk\/wp-content\/uploads\/2025\/07\/pamatovy-trening-768x576.jpg 768w, https:\/\/d.r1.wbsprt.com\/inklucity.sk\/wp-content\/uploads\/2025\/07\/pamatovy-trening-1536x1152.jpg 1536w, https:\/\/d.r1.wbsprt.com\/inklucity.sk\/wp-content\/uploads\/2025\/07\/pamatovy-trening-2048x1536.jpg 2048w\" sizes=\"auto, (max-width: 767px) 89vw, (max-width: 1000px) 54vw, (max-width: 1071px) 543px, 580px\" \/><\/figure>\n\n\n\n<figure class=\"wp-block-image size-large\"><img loading=\"lazy\" decoding=\"async\" width=\"768\" height=\"1024\" data-id=\"942\" src=\"https:\/\/www.inklucity.sk\/wp-content\/uploads\/2025\/06\/sad-j-krala-768x1024.jpg\" alt=\"\" class=\"wp-image-942\" srcset=\"https:\/\/d.r1.wbsprt.com\/inklucity.sk\/wp-content\/uploads\/2025\/06\/sad-j-krala-768x1024.jpg 768w, https:\/\/d.r1.wbsprt.com\/inklucity.sk\/wp-content\/uploads\/2025\/06\/sad-j-krala-225x300.jpg 225w, https:\/\/d.r1.wbsprt.com\/inklucity.sk\/wp-content\/uploads\/2025\/06\/sad-j-krala-1152x1536.jpg 1152w, https:\/\/d.r1.wbsprt.com\/inklucity.sk\/wp-content\/uploads\/2025\/06\/sad-j-krala-1536x2048.jpg 1536w, https:\/\/d.r1.wbsprt.com\/inklucity.sk\/wp-content\/uploads\/2025\/06\/sad-j-krala-scaled.jpg 1920w\" sizes=\"auto, (max-width: 767px) 89vw, (max-width: 1000px) 54vw, (max-width: 1071px) 543px, 580px\" \/><\/figure>\n\n\n\n<figure class=\"wp-block-image size-large\"><img loading=\"lazy\" decoding=\"async\" width=\"768\" height=\"1024\" data-id=\"923\" src=\"https:\/\/www.inklucity.sk\/wp-content\/uploads\/2025\/06\/deti-768x1024.jpg\" alt=\"\" class=\"wp-image-923\" srcset=\"https:\/\/d.r1.wbsprt.com\/inklucity.sk\/wp-content\/uploads\/2025\/06\/deti-768x1024.jpg 768w, https:\/\/d.r1.wbsprt.com\/inklucity.sk\/wp-content\/uploads\/2025\/06\/deti-225x300.jpg 225w, https:\/\/d.r1.wbsprt.com\/inklucity.sk\/wp-content\/uploads\/2025\/06\/deti-1152x1536.jpg 1152w, https:\/\/d.r1.wbsprt.com\/inklucity.sk\/wp-content\/uploads\/2025\/06\/deti-1536x2048.jpg 1536w, https:\/\/d.r1.wbsprt.com\/inklucity.sk\/wp-content\/uploads\/2025\/06\/deti-scaled.jpg 1920w\" sizes=\"auto, (max-width: 767px) 89vw, (max-width: 1000px) 54vw, (max-width: 1071px) 543px, 580px\" \/><\/figure>\n\n\n\n<figure class=\"wp-block-image size-large\"><img loading=\"lazy\" decoding=\"async\" width=\"576\" height=\"1024\" data-id=\"827\" src=\"https:\/\/www.inklucity.sk\/wp-content\/uploads\/2025\/06\/500152931_122264095964062014_3590581836623325908_n-576x1024.jpg\" alt=\"\" class=\"wp-image-827\" srcset=\"https:\/\/d.r1.wbsprt.com\/inklucity.sk\/wp-content\/uploads\/2025\/06\/500152931_122264095964062014_3590581836623325908_n-576x1024.jpg 576w, https:\/\/d.r1.wbsprt.com\/inklucity.sk\/wp-content\/uploads\/2025\/06\/500152931_122264095964062014_3590581836623325908_n-169x300.jpg 169w, https:\/\/d.r1.wbsprt.com\/inklucity.sk\/wp-content\/uploads\/2025\/06\/500152931_122264095964062014_3590581836623325908_n-768x1365.jpg 768w, https:\/\/d.r1.wbsprt.com\/inklucity.sk\/wp-content\/uploads\/2025\/06\/500152931_122264095964062014_3590581836623325908_n-864x1536.jpg 864w, https:\/\/d.r1.wbsprt.com\/inklucity.sk\/wp-content\/uploads\/2025\/06\/500152931_122264095964062014_3590581836623325908_n.jpg 1125w\" sizes=\"auto, (max-width: 576px) 100vw, 576px\" \/><\/figure>\n<\/figure>\n\n\n\n<figure class=\"wp-block-gallery has-nested-images columns-default is-cropped wp-block-gallery-2 is-layout-flex wp-block-gallery-is-layout-flex\">\n<figure class=\"wp-block-image size-large\"><img loading=\"lazy\" decoding=\"async\" width=\"1024\" height=\"768\" data-id=\"700\" src=\"https:\/\/www.inklucity.sk\/wp-content\/uploads\/2024\/02\/web5.-1024x768.jpg\" alt=\"\" class=\"wp-image-700\" srcset=\"https:\/\/d.r1.wbsprt.com\/inklucity.sk\/wp-content\/uploads\/2024\/02\/web5.-1024x768.jpg 1024w, https:\/\/d.r1.wbsprt.com\/inklucity.sk\/wp-content\/uploads\/2024\/02\/web5.-300x225.jpg 300w, https:\/\/d.r1.wbsprt.com\/inklucity.sk\/wp-content\/uploads\/2024\/02\/web5.-768x576.jpg 768w, https:\/\/d.r1.wbsprt.com\/inklucity.sk\/wp-content\/uploads\/2024\/02\/web5.-1536x1152.jpg 1536w, https:\/\/d.r1.wbsprt.com\/inklucity.sk\/wp-content\/uploads\/2024\/02\/web5..jpg 2048w\" sizes=\"auto, (max-width: 767px) 89vw, (max-width: 1000px) 54vw, (max-width: 1071px) 543px, 580px\" \/><\/figure>\n<\/figure>\n","protected":false},"excerpt":{"rendered":"<p>Bratislavsk\u00fd klub Spolu tvor\u00edme v na\u0161om meste bezpe\u010dn\u00fd, inkluz\u00edvny, otvoren\u00fd, medzigenera\u010dn\u00fd priestor. Ak n\u00e1m chcete darova\u0165 svoje 2% (alebo 3% ak ste dobrovo\u013en\u00edk\/\u010dka) zo svojej dane, viac inform\u00e1ci\u00ed n\u00e1jdete tu. &hellip; <\/p>\n<p class=\"link-more\"><a href=\"https:\/\/d.r1.wbsprt.com\/inklucity.sk\/bratislavsky-klub\/\" class=\"more-link\">Pokra\u010dova\u0165 v \u010d\u00edtan\u00ed<span class=\"screen-reader-text\"> &#8222;Bratislavsk\u00fd klub&#8220;<\/span><\/a><\/p>\n","protected":false},"author":2,"featured_media":1103,"parent":0,"menu_order":0,"comment_status":"closed","ping_status":"closed","template":"","meta":{"footnotes":""},"class_list":["post-693","page","type-page","status-publish","has-post-thumbnail","hentry"],"_links":{"self":[{"href":"https:\/\/d.r1.wbsprt.com\/inklucity.sk\/wp-json\/wp\/v2\/pages\/693","targetHints":{"allow":["GET"]}}],"collection":[{"href":"https:\/\/d.r1.wbsprt.com\/inklucity.sk\/wp-json\/wp\/v2\/pages"}],"about":[{"href":"https:\/\/d.r1.wbsprt.com\/inklucity.sk\/wp-json\/wp\/v2\/types\/page"}],"author":[{"embeddable":true,"href":"https:\/\/d.r1.wbsprt.com\/inklucity.sk\/wp-json\/wp\/v2\/users\/2"}],"replies":[{"embeddable":true,"href":"https:\/\/d.r1.wbsprt.com\/inklucity.sk\/wp-json\/wp\/v2\/comments?post=693"}],"version-history":[{"count":33,"href":"https:\/\/d.r1.wbsprt.com\/inklucity.sk\/wp-json\/wp\/v2\/pages\/693\/revisions"}],"predecessor-version":[{"id":2199,"href":"https:\/\/d.r1.wbsprt.com\/inklucity.sk\/wp-json\/wp\/v2\/pages\/693\/revisions\/2199"}],"wp:featuredmedia":[{"embeddable":true,"href":"https:\/\/d.r1.wbsprt.com\/inklucity.sk\/wp-json\/wp\/v2\/media\/1103"}],"wp:attachment":[{"href":"https:\/\/d.r1.wbsprt.com\/inklucity.sk\/wp-json\/wp\/v2\/media?parent=693"}],"curies":[{"name":"wp","href":"https:\/\/api.w.org\/{rel}","templated":true}]}}