{"id":39,"date":"2018-01-14T12:00:48","date_gmt":"2018-01-14T12:00:48","guid":{"rendered":"http:\/\/inklucity.sk\/?page_id=39"},"modified":"2026-02-23T16:28:46","modified_gmt":"2026-02-23T16:28:46","slug":"kontakt","status":"publish","type":"page","link":"https:\/\/d.r1.wbsprt.com\/inklucity.sk\/kontakt\/","title":{"rendered":"Kontakt"},"content":{"rendered":"<p><strong>OZ InkluCiTy<\/strong><\/p>\n<p>Adresa: Gessayova 43, 851 03 Bratislava<\/p>\n<p>Aktivity Bratislavsk\u00e9ho klubu prebiehaj\u00fa najm\u00e4 na Ba\u0161tovej 5, Bratislava.<\/p>\n<p>I\u010cO: 50629191<\/p>\n<p>Pr\u00e1vna forma: Ob\u010dianske zdru\u017eenie<\/p>\n<p>Bankov\u00e9 spojenie v SR v EUR:<br \/>\nIBAN: SK7483300000002401309227<br \/>\nBIC k\u00f3d\/SWIFT: FIOZSKBAXXX<br \/>\n\u010d. \u00fa\u010dtu: 2401309227\/8330 (FIO banka)<\/p>\n<p>inklucity@gmail.com<br \/>\n+421904558536<\/p>\n","protected":false},"excerpt":{"rendered":"<p>OZ InkluCiTy Adresa: Gessayova 43, 851 03 Bratislava Aktivity Bratislavsk\u00e9ho klubu prebiehaj\u00fa najm\u00e4 na Ba\u0161tovej 5, Bratislava. I\u010cO: 50629191 Pr\u00e1vna forma: Ob\u010dianske zdru\u017eenie Bankov\u00e9 spojenie v SR v EUR: IBAN: &hellip; <\/p>\n<p class=\"link-more\"><a href=\"https:\/\/d.r1.wbsprt.com\/inklucity.sk\/kontakt\/\" class=\"more-link\">Pokra\u010dova\u0165 v \u010d\u00edtan\u00ed<span class=\"screen-reader-text\"> &#8222;Kontakt&#8220;<\/span><\/a><\/p>\n","protected":false},"author":2,"featured_media":63,"parent":0,"menu_order":0,"comment_status":"closed","ping_status":"closed","template":"","meta":{"footnotes":""},"class_list":["post-39","page","type-page","status-publish","has-post-thumbnail","hentry"],"_links":{"self":[{"href":"https:\/\/d.r1.wbsprt.com\/inklucity.sk\/wp-json\/wp\/v2\/pages\/39","targetHints":{"allow":["GET"]}}],"collection":[{"href":"https:\/\/d.r1.wbsprt.com\/inklucity.sk\/wp-json\/wp\/v2\/pages"}],"about":[{"href":"https:\/\/d.r1.wbsprt.com\/inklucity.sk\/wp-json\/wp\/v2\/types\/page"}],"author":[{"embeddable":true,"href":"https:\/\/d.r1.wbsprt.com\/inklucity.sk\/wp-json\/wp\/v2\/users\/2"}],"replies":[{"embeddable":true,"href":"https:\/\/d.r1.wbsprt.com\/inklucity.sk\/wp-json\/wp\/v2\/comments?post=39"}],"version-history":[{"count":10,"href":"https:\/\/d.r1.wbsprt.com\/inklucity.sk\/wp-json\/wp\/v2\/pages\/39\/revisions"}],"predecessor-version":[{"id":2228,"href":"https:\/\/d.r1.wbsprt.com\/inklucity.sk\/wp-json\/wp\/v2\/pages\/39\/revisions\/2228"}],"wp:featuredmedia":[{"embeddable":true,"href":"https:\/\/d.r1.wbsprt.com\/inklucity.sk\/wp-json\/wp\/v2\/media\/63"}],"wp:attachment":[{"href":"https:\/\/d.r1.wbsprt.com\/inklucity.sk\/wp-json\/wp\/v2\/media?parent=39"}],"curies":[{"name":"wp","href":"https:\/\/api.w.org\/{rel}","templated":true}]}}