{"id":345,"date":"2018-03-13T19:50:06","date_gmt":"2018-03-13T19:50:06","guid":{"rendered":"http:\/\/inklucity.sk\/?page_id=345"},"modified":"2026-03-07T17:39:20","modified_gmt":"2026-03-07T17:39:20","slug":"dakujeme","status":"publish","type":"page","link":"https:\/\/d.r1.wbsprt.com\/inklucity.sk\/dakujeme\/","title":{"rendered":"\u010eakujeme"},"content":{"rendered":"<p>\u010eakujeme v\u00e1m, \u017ee sme:<\/p>\n<p>Mat\u00fa\u0161ovi Kov\u00e1\u010dikovi R.I.P., v\u017edy bude\u0161 na\u0161ou in\u0161pir\u00e1ciu k slobode (<a href=\"http:\/\/www.digitalnomads.sk\">www.digitalnomads.sk<\/a>, <a href=\"http:\/\/slobodavpraci.sk\">slobodavpraci.sk<\/a>), \u010fakujeme ti nielen za prv\u00fa webku, ale aj nastavenie demokratick\u00e9ho a nehierarchick\u00e9ho prostredia inkluCiTy.<\/p>\n<p>\u010eakujeme KALAB (https:\/\/krajanskyinstitut.wixsite.com\/kalabcentrum), Vladkovi a Zuzke R.I.P., za povzbudenia, za mo\u017enos\u0165 realizova\u0165 aktivity u V\u00e1s a s Vami. Bolo pre n\u00e1s c\u0165ou s Vami spolupracova\u0165.\u00a0 Nech ste kdeko\u013evek, nezabudneme.\u00a0<\/p>\n<p>\u010eakujeme darcom a darkyniam, bez V\u00e1s by to nebolo mo\u017en\u00e9.<\/p>\n<p>A najm\u00e4 \u010fakujeme dobrovo\u013en\u00ed\u010dkam a dobrovo\u013en\u00edkom, ste krvn\u00fdm rie\u010di\u0161\u0165om a tvorcami\/tvorky\u0148ami komunity.\u00a0<\/p>\n\n\n<p>Podporili n\u00e1s:<\/p>\n\n\n\n<figure class=\"wp-block-image size-large\"><img loading=\"lazy\" decoding=\"async\" width=\"724\" height=\"1024\" src=\"https:\/\/www.inklucity.sk\/wp-content\/uploads\/2026\/03\/logo-pre-webku-724x1024.jpg\" alt=\"\" class=\"wp-image-2286\" srcset=\"https:\/\/d.r1.wbsprt.com\/inklucity.sk\/wp-content\/uploads\/2026\/03\/logo-pre-webku-724x1024.jpg 724w, https:\/\/d.r1.wbsprt.com\/inklucity.sk\/wp-content\/uploads\/2026\/03\/logo-pre-webku-212x300.jpg 212w, https:\/\/d.r1.wbsprt.com\/inklucity.sk\/wp-content\/uploads\/2026\/03\/logo-pre-webku-768x1086.jpg 768w, https:\/\/d.r1.wbsprt.com\/inklucity.sk\/wp-content\/uploads\/2026\/03\/logo-pre-webku-1086x1536.jpg 1086w, https:\/\/d.r1.wbsprt.com\/inklucity.sk\/wp-content\/uploads\/2026\/03\/logo-pre-webku-1448x2048.jpg 1448w, https:\/\/d.r1.wbsprt.com\/inklucity.sk\/wp-content\/uploads\/2026\/03\/logo-pre-webku-scaled.jpg 1810w\" sizes=\"auto, (max-width: 724px) 100vw, 724px\" \/><\/figure>\n","protected":false},"excerpt":{"rendered":"<p>\u010eakujeme v\u00e1m, \u017ee sme: Mat\u00fa\u0161ovi Kov\u00e1\u010dikovi R.I.P., v\u017edy bude\u0161 na\u0161ou in\u0161pir\u00e1ciu k slobode (www.digitalnomads.sk, slobodavpraci.sk), \u010fakujeme ti nielen za prv\u00fa webku, ale aj nastavenie demokratick\u00e9ho a nehierarchick\u00e9ho prostredia inkluCiTy. \u010eakujeme &hellip; <\/p>\n<p class=\"link-more\"><a href=\"https:\/\/d.r1.wbsprt.com\/inklucity.sk\/dakujeme\/\" class=\"more-link\">Pokra\u010dova\u0165 v \u010d\u00edtan\u00ed<span class=\"screen-reader-text\"> &#8222;\u010eakujeme&#8220;<\/span><\/a><\/p>\n","protected":false},"author":2,"featured_media":346,"parent":0,"menu_order":0,"comment_status":"closed","ping_status":"closed","template":"","meta":{"footnotes":""},"class_list":["post-345","page","type-page","status-publish","has-post-thumbnail","hentry"],"_links":{"self":[{"href":"https:\/\/d.r1.wbsprt.com\/inklucity.sk\/wp-json\/wp\/v2\/pages\/345","targetHints":{"allow":["GET"]}}],"collection":[{"href":"https:\/\/d.r1.wbsprt.com\/inklucity.sk\/wp-json\/wp\/v2\/pages"}],"about":[{"href":"https:\/\/d.r1.wbsprt.com\/inklucity.sk\/wp-json\/wp\/v2\/types\/page"}],"author":[{"embeddable":true,"href":"https:\/\/d.r1.wbsprt.com\/inklucity.sk\/wp-json\/wp\/v2\/users\/2"}],"replies":[{"embeddable":true,"href":"https:\/\/d.r1.wbsprt.com\/inklucity.sk\/wp-json\/wp\/v2\/comments?post=345"}],"version-history":[{"count":9,"href":"https:\/\/d.r1.wbsprt.com\/inklucity.sk\/wp-json\/wp\/v2\/pages\/345\/revisions"}],"predecessor-version":[{"id":2287,"href":"https:\/\/d.r1.wbsprt.com\/inklucity.sk\/wp-json\/wp\/v2\/pages\/345\/revisions\/2287"}],"wp:featuredmedia":[{"embeddable":true,"href":"https:\/\/d.r1.wbsprt.com\/inklucity.sk\/wp-json\/wp\/v2\/media\/346"}],"wp:attachment":[{"href":"https:\/\/d.r1.wbsprt.com\/inklucity.sk\/wp-json\/wp\/v2\/media?parent=345"}],"curies":[{"name":"wp","href":"https:\/\/api.w.org\/{rel}","templated":true}]}}