{"id":2253,"date":"2026-02-27T14:55:47","date_gmt":"2026-02-27T14:55:47","guid":{"rendered":"https:\/\/www.inklucity.sk\/?page_id=2253"},"modified":"2026-02-27T16:08:29","modified_gmt":"2026-02-27T16:08:29","slug":"aktivizmus","status":"publish","type":"page","link":"https:\/\/d.r1.wbsprt.com\/inklucity.sk\/aktivizmus\/","title":{"rendered":"Aktivizmus"},"content":{"rendered":"\n<p><strong>Projekt <em>Aktivizmus BA<\/em>:<\/strong><br><br>Na\u0161a organiz\u00e1cia sa akt\u00edvne zap\u00e1ja do ob\u010dianskeho aktivizmu a dobrovo\u013en\u00edckych \u010dinnost\u00ed, aby sme podporili demokraciu na Slovensku. Spolupracujeme s ob\u010dianskymi iniciat\u00edvami (Mier Ukrajine, Slovensko je Eur\u00f3pa, Otvoren\u00e1 kult\u00fara, Mest\u00e1 pre demokraciu,&#8230;).&nbsp;<\/p>\n\n\n\n<p>Dobrovo\u013en\u00ed\u010dime a koordinujeme dobrovo\u013en\u00edctvo na verejn\u00fdch zhroma\u017edeniach, pietnych spomienkach, protestoch, festivaloch\u2026 pom\u00e1hame organiz\u00e1torstvu.&nbsp;<\/p>\n\n\n\n<p>Podporujeme ob\u010dianske kampane \u2013 kriedov\u00e1 revol\u00facia, bannery Pravda a l\u00e1ska zv\u00ed\u0165az\u00ed <br>k 17.novembru, Ferov\u00e9 vo\u013eby,&#8230;<\/p>\n\n\n\n<p>Organizujeme diskusie s osobnos\u0165ami pre verejnos\u0165.&nbsp;<\/p>\n\n\n\n<p>Budujeme komunitu akt\u00edvnych ob\u010dianiek a ob\u010danov.&nbsp;<\/p>\n\n\n\n<p>Ak sa k n\u00e1m chce\u0161 prida\u0165, ozvi sa n\u00e1m <a href=\"https:\/\/www.inklucity.sk\/kontakt\/\">https:\/\/www.inklucity.sk\/kontakt\/<\/a>&nbsp;<\/p>\n\n\n\n<p>Ako n\u00e1s viete podpori\u0165:<\/p>\n\n\n\n<p>&#8211;&nbsp; &nbsp; &nbsp; &nbsp; <a href=\"https:\/\/www.inklucity.sk\/2percenta\/\" data-type=\"page\" data-id=\"437\">2% <\/a><\/p>\n\n\n\n<p>&#8211;&nbsp; &nbsp; &nbsp; &nbsp; Finan\u010dne darom na n\u00e1\u0161 <a href=\"https:\/\/www.inklucity.sk\/kontakt\/\" data-type=\"page\" data-id=\"39\">\u00fa\u010det <\/a>(nezabudnite nap\u00edsa\u0165 do spr\u00e1vy pre prij\u00edmate\u013ea, \u017ee ide o dar na aktivizmus).<\/p>\n\n\n\n<p>&#8211;&nbsp; &nbsp; &nbsp; &nbsp; Podporou na soci\u00e1lnych <a href=\"https:\/\/www.facebook.com\/inklucity.sk\/\">sie\u0165ach<\/a> a pomocou so soci\u00e1lnymi sie\u0165ami (nest\u00edhame v\u0161etko \ud83d\ude42&nbsp; )<\/p>\n\n\n\n<p>&#8211;&nbsp; &nbsp; &nbsp; &nbsp; N\u00e1padmi na akcie&nbsp;<\/p>\n\n\n\n<p>&#8211;&nbsp; &nbsp; &nbsp; A najm\u00e4 t\u00fdm,  \u017ee sa k n\u00e1m prid\u00e1te <\/p>\n\n\n\n<figure class=\"wp-block-gallery has-nested-images columns-default is-cropped wp-block-gallery-1 is-layout-flex wp-block-gallery-is-layout-flex\">\n<figure class=\"wp-block-image size-large\"><img loading=\"lazy\" decoding=\"async\" width=\"1024\" height=\"768\" data-id=\"2264\" src=\"https:\/\/www.inklucity.sk\/wp-content\/uploads\/2026\/02\/Banner-pre-Prezidenta-2-1024x768.jpg\" alt=\"\" class=\"wp-image-2264\" srcset=\"https:\/\/d.r1.wbsprt.com\/inklucity.sk\/wp-content\/uploads\/2026\/02\/Banner-pre-Prezidenta-2-1024x768.jpg 1024w, https:\/\/d.r1.wbsprt.com\/inklucity.sk\/wp-content\/uploads\/2026\/02\/Banner-pre-Prezidenta-2-300x225.jpg 300w, https:\/\/d.r1.wbsprt.com\/inklucity.sk\/wp-content\/uploads\/2026\/02\/Banner-pre-Prezidenta-2-768x576.jpg 768w, https:\/\/d.r1.wbsprt.com\/inklucity.sk\/wp-content\/uploads\/2026\/02\/Banner-pre-Prezidenta-2-1536x1152.jpg 1536w, https:\/\/d.r1.wbsprt.com\/inklucity.sk\/wp-content\/uploads\/2026\/02\/Banner-pre-Prezidenta-2.jpg 1600w\" sizes=\"auto, (max-width: 767px) 89vw, (max-width: 1000px) 54vw, (max-width: 1071px) 543px, 580px\" \/><\/figure>\n\n\n\n<figure class=\"wp-block-image size-large\"><img loading=\"lazy\" decoding=\"async\" width=\"1024\" height=\"768\" data-id=\"2265\" src=\"https:\/\/www.inklucity.sk\/wp-content\/uploads\/2026\/02\/Duhove-priechody-1024x768.jpg\" alt=\"\" class=\"wp-image-2265\" srcset=\"https:\/\/d.r1.wbsprt.com\/inklucity.sk\/wp-content\/uploads\/2026\/02\/Duhove-priechody-1024x768.jpg 1024w, https:\/\/d.r1.wbsprt.com\/inklucity.sk\/wp-content\/uploads\/2026\/02\/Duhove-priechody-300x225.jpg 300w, https:\/\/d.r1.wbsprt.com\/inklucity.sk\/wp-content\/uploads\/2026\/02\/Duhove-priechody-768x576.jpg 768w, https:\/\/d.r1.wbsprt.com\/inklucity.sk\/wp-content\/uploads\/2026\/02\/Duhove-priechody-1536x1152.jpg 1536w, https:\/\/d.r1.wbsprt.com\/inklucity.sk\/wp-content\/uploads\/2026\/02\/Duhove-priechody.jpg 1600w\" sizes=\"auto, (max-width: 767px) 89vw, (max-width: 1000px) 54vw, (max-width: 1071px) 543px, 580px\" \/><\/figure>\n\n\n\n<figure class=\"wp-block-image size-large\"><img loading=\"lazy\" decoding=\"async\" width=\"1024\" height=\"472\" data-id=\"2266\" src=\"https:\/\/www.inklucity.sk\/wp-content\/uploads\/2026\/02\/Hlina-Nikita-1024x472.jpg\" alt=\"\" class=\"wp-image-2266\" srcset=\"https:\/\/d.r1.wbsprt.com\/inklucity.sk\/wp-content\/uploads\/2026\/02\/Hlina-Nikita-1024x472.jpg 1024w, https:\/\/d.r1.wbsprt.com\/inklucity.sk\/wp-content\/uploads\/2026\/02\/Hlina-Nikita-300x138.jpg 300w, https:\/\/d.r1.wbsprt.com\/inklucity.sk\/wp-content\/uploads\/2026\/02\/Hlina-Nikita-768x354.jpg 768w, https:\/\/d.r1.wbsprt.com\/inklucity.sk\/wp-content\/uploads\/2026\/02\/Hlina-Nikita-1536x708.jpg 1536w, https:\/\/d.r1.wbsprt.com\/inklucity.sk\/wp-content\/uploads\/2026\/02\/Hlina-Nikita.jpg 1600w\" sizes=\"auto, (max-width: 767px) 89vw, (max-width: 1000px) 54vw, (max-width: 1071px) 543px, 580px\" \/><\/figure>\n\n\n\n<figure class=\"wp-block-image size-large\"><img loading=\"lazy\" decoding=\"async\" width=\"768\" height=\"1024\" data-id=\"2270\" src=\"https:\/\/www.inklucity.sk\/wp-content\/uploads\/2026\/02\/Kriedova-revolucia-4-768x1024.jpg\" alt=\"\" class=\"wp-image-2270\" srcset=\"https:\/\/d.r1.wbsprt.com\/inklucity.sk\/wp-content\/uploads\/2026\/02\/Kriedova-revolucia-4-768x1024.jpg 768w, https:\/\/d.r1.wbsprt.com\/inklucity.sk\/wp-content\/uploads\/2026\/02\/Kriedova-revolucia-4-225x300.jpg 225w, https:\/\/d.r1.wbsprt.com\/inklucity.sk\/wp-content\/uploads\/2026\/02\/Kriedova-revolucia-4-1152x1536.jpg 1152w, https:\/\/d.r1.wbsprt.com\/inklucity.sk\/wp-content\/uploads\/2026\/02\/Kriedova-revolucia-4-1536x2048.jpg 1536w, https:\/\/d.r1.wbsprt.com\/inklucity.sk\/wp-content\/uploads\/2026\/02\/Kriedova-revolucia-4-scaled.jpg 1920w\" sizes=\"auto, (max-width: 767px) 89vw, (max-width: 1000px) 54vw, (max-width: 1071px) 543px, 580px\" \/><\/figure>\n\n\n\n<figure class=\"wp-block-image size-large\"><img loading=\"lazy\" decoding=\"async\" width=\"768\" height=\"1024\" data-id=\"2273\" src=\"https:\/\/www.inklucity.sk\/wp-content\/uploads\/2026\/02\/Pieta-pred-ruZZkou-ambasadou-1-768x1024.jpg\" alt=\"\" class=\"wp-image-2273\" srcset=\"https:\/\/d.r1.wbsprt.com\/inklucity.sk\/wp-content\/uploads\/2026\/02\/Pieta-pred-ruZZkou-ambasadou-1-768x1024.jpg 768w, https:\/\/d.r1.wbsprt.com\/inklucity.sk\/wp-content\/uploads\/2026\/02\/Pieta-pred-ruZZkou-ambasadou-1-225x300.jpg 225w, https:\/\/d.r1.wbsprt.com\/inklucity.sk\/wp-content\/uploads\/2026\/02\/Pieta-pred-ruZZkou-ambasadou-1-1152x1536.jpg 1152w, https:\/\/d.r1.wbsprt.com\/inklucity.sk\/wp-content\/uploads\/2026\/02\/Pieta-pred-ruZZkou-ambasadou-1-1536x2048.jpg 1536w, https:\/\/d.r1.wbsprt.com\/inklucity.sk\/wp-content\/uploads\/2026\/02\/Pieta-pred-ruZZkou-ambasadou-1-scaled.jpg 1920w\" sizes=\"auto, (max-width: 767px) 89vw, (max-width: 1000px) 54vw, (max-width: 1071px) 543px, 580px\" \/><\/figure>\n\n\n\n<figure class=\"wp-block-image size-full\"><img loading=\"lazy\" decoding=\"async\" width=\"960\" height=\"958\" data-id=\"2272\" src=\"https:\/\/www.inklucity.sk\/wp-content\/uploads\/2026\/02\/Kriedova-revolucia-1.jpg\" alt=\"\" class=\"wp-image-2272\" srcset=\"https:\/\/d.r1.wbsprt.com\/inklucity.sk\/wp-content\/uploads\/2026\/02\/Kriedova-revolucia-1.jpg 960w, https:\/\/d.r1.wbsprt.com\/inklucity.sk\/wp-content\/uploads\/2026\/02\/Kriedova-revolucia-1-300x300.jpg 300w, https:\/\/d.r1.wbsprt.com\/inklucity.sk\/wp-content\/uploads\/2026\/02\/Kriedova-revolucia-1-150x150.jpg 150w, https:\/\/d.r1.wbsprt.com\/inklucity.sk\/wp-content\/uploads\/2026\/02\/Kriedova-revolucia-1-768x766.jpg 768w, https:\/\/d.r1.wbsprt.com\/inklucity.sk\/wp-content\/uploads\/2026\/02\/Kriedova-revolucia-1-100x100.jpg 100w\" sizes=\"auto, (max-width: 767px) 89vw, (max-width: 1000px) 54vw, (max-width: 1071px) 543px, 580px\" \/><\/figure>\n<\/figure>\n\n\n\n<figure class=\"wp-block-gallery has-nested-images columns-default is-cropped wp-block-gallery-2 is-layout-flex wp-block-gallery-is-layout-flex\">\n<figure class=\"wp-block-image size-large\"><img loading=\"lazy\" decoding=\"async\" width=\"1024\" height=\"488\" data-id=\"2277\" src=\"https:\/\/www.inklucity.sk\/wp-content\/uploads\/2026\/02\/diskusia-kacer-1024x488.jpg\" alt=\"\" class=\"wp-image-2277\" srcset=\"https:\/\/d.r1.wbsprt.com\/inklucity.sk\/wp-content\/uploads\/2026\/02\/diskusia-kacer-1024x488.jpg 1024w, https:\/\/d.r1.wbsprt.com\/inklucity.sk\/wp-content\/uploads\/2026\/02\/diskusia-kacer-300x143.jpg 300w, https:\/\/d.r1.wbsprt.com\/inklucity.sk\/wp-content\/uploads\/2026\/02\/diskusia-kacer-768x366.jpg 768w, https:\/\/d.r1.wbsprt.com\/inklucity.sk\/wp-content\/uploads\/2026\/02\/diskusia-kacer-1536x732.jpg 1536w, https:\/\/d.r1.wbsprt.com\/inklucity.sk\/wp-content\/uploads\/2026\/02\/diskusia-kacer-2048x976.jpg 2048w\" sizes=\"auto, (max-width: 767px) 89vw, (max-width: 1000px) 54vw, (max-width: 1071px) 543px, 580px\" \/><\/figure>\n\n\n\n<figure class=\"wp-block-image size-large\"><img loading=\"lazy\" decoding=\"async\" width=\"768\" height=\"1024\" data-id=\"2278\" src=\"https:\/\/www.inklucity.sk\/wp-content\/uploads\/2026\/02\/dobr-1-768x1024.jpg\" alt=\"\" class=\"wp-image-2278\" srcset=\"https:\/\/d.r1.wbsprt.com\/inklucity.sk\/wp-content\/uploads\/2026\/02\/dobr-1-768x1024.jpg 768w, https:\/\/d.r1.wbsprt.com\/inklucity.sk\/wp-content\/uploads\/2026\/02\/dobr-1-225x300.jpg 225w, https:\/\/d.r1.wbsprt.com\/inklucity.sk\/wp-content\/uploads\/2026\/02\/dobr-1-1152x1536.jpg 1152w, https:\/\/d.r1.wbsprt.com\/inklucity.sk\/wp-content\/uploads\/2026\/02\/dobr-1-1536x2048.jpg 1536w, https:\/\/d.r1.wbsprt.com\/inklucity.sk\/wp-content\/uploads\/2026\/02\/dobr-1-scaled.jpg 1920w\" sizes=\"auto, (max-width: 767px) 89vw, (max-width: 1000px) 54vw, (max-width: 1071px) 543px, 580px\" \/><\/figure>\n\n\n\n<figure class=\"wp-block-image size-large\"><img loading=\"lazy\" decoding=\"async\" width=\"1024\" height=\"768\" data-id=\"2280\" src=\"https:\/\/www.inklucity.sk\/wp-content\/uploads\/2026\/02\/dobr-1024x768.jpg\" alt=\"\" class=\"wp-image-2280\" srcset=\"https:\/\/d.r1.wbsprt.com\/inklucity.sk\/wp-content\/uploads\/2026\/02\/dobr-1024x768.jpg 1024w, https:\/\/d.r1.wbsprt.com\/inklucity.sk\/wp-content\/uploads\/2026\/02\/dobr-300x225.jpg 300w, https:\/\/d.r1.wbsprt.com\/inklucity.sk\/wp-content\/uploads\/2026\/02\/dobr-768x576.jpg 768w, https:\/\/d.r1.wbsprt.com\/inklucity.sk\/wp-content\/uploads\/2026\/02\/dobr-1536x1152.jpg 1536w, https:\/\/d.r1.wbsprt.com\/inklucity.sk\/wp-content\/uploads\/2026\/02\/dobr-2048x1536.jpg 2048w\" sizes=\"auto, (max-width: 767px) 89vw, (max-width: 1000px) 54vw, (max-width: 1071px) 543px, 580px\" \/><\/figure>\n\n\n\n<figure class=\"wp-block-image size-large\"><img loading=\"lazy\" decoding=\"async\" width=\"768\" height=\"1024\" data-id=\"2279\" src=\"https:\/\/www.inklucity.sk\/wp-content\/uploads\/2026\/02\/dobrivolnici-768x1024.jpg\" alt=\"\" class=\"wp-image-2279\" srcset=\"https:\/\/d.r1.wbsprt.com\/inklucity.sk\/wp-content\/uploads\/2026\/02\/dobrivolnici-768x1024.jpg 768w, https:\/\/d.r1.wbsprt.com\/inklucity.sk\/wp-content\/uploads\/2026\/02\/dobrivolnici-225x300.jpg 225w, https:\/\/d.r1.wbsprt.com\/inklucity.sk\/wp-content\/uploads\/2026\/02\/dobrivolnici-1152x1536.jpg 1152w, https:\/\/d.r1.wbsprt.com\/inklucity.sk\/wp-content\/uploads\/2026\/02\/dobrivolnici-1536x2048.jpg 1536w, https:\/\/d.r1.wbsprt.com\/inklucity.sk\/wp-content\/uploads\/2026\/02\/dobrivolnici-scaled.jpg 1920w\" sizes=\"auto, (max-width: 767px) 89vw, (max-width: 1000px) 54vw, (max-width: 1071px) 543px, 580px\" \/><\/figure>\n\n\n\n<figure class=\"wp-block-image size-large\"><img loading=\"lazy\" decoding=\"async\" width=\"1024\" height=\"576\" data-id=\"2275\" src=\"https:\/\/www.inklucity.sk\/wp-content\/uploads\/2026\/02\/dobrovolnici-komunita-1024x576.jpg\" alt=\"\" class=\"wp-image-2275\" srcset=\"https:\/\/d.r1.wbsprt.com\/inklucity.sk\/wp-content\/uploads\/2026\/02\/dobrovolnici-komunita-1024x576.jpg 1024w, https:\/\/d.r1.wbsprt.com\/inklucity.sk\/wp-content\/uploads\/2026\/02\/dobrovolnici-komunita-300x169.jpg 300w, https:\/\/d.r1.wbsprt.com\/inklucity.sk\/wp-content\/uploads\/2026\/02\/dobrovolnici-komunita-768x432.jpg 768w, https:\/\/d.r1.wbsprt.com\/inklucity.sk\/wp-content\/uploads\/2026\/02\/dobrovolnici-komunita.jpg 1080w\" sizes=\"auto, (max-width: 767px) 89vw, (max-width: 1000px) 54vw, (max-width: 1071px) 543px, 580px\" \/><\/figure>\n\n\n\n<figure class=\"wp-block-image size-large\"><img loading=\"lazy\" decoding=\"async\" width=\"1024\" height=\"636\" data-id=\"2276\" src=\"https:\/\/www.inklucity.sk\/wp-content\/uploads\/2026\/02\/dobrovopnici-1024x636.jpg\" alt=\"\" class=\"wp-image-2276\" srcset=\"https:\/\/d.r1.wbsprt.com\/inklucity.sk\/wp-content\/uploads\/2026\/02\/dobrovopnici-1024x636.jpg 1024w, https:\/\/d.r1.wbsprt.com\/inklucity.sk\/wp-content\/uploads\/2026\/02\/dobrovopnici-300x186.jpg 300w, https:\/\/d.r1.wbsprt.com\/inklucity.sk\/wp-content\/uploads\/2026\/02\/dobrovopnici-768x477.jpg 768w, https:\/\/d.r1.wbsprt.com\/inklucity.sk\/wp-content\/uploads\/2026\/02\/dobrovopnici-1536x954.jpg 1536w, https:\/\/d.r1.wbsprt.com\/inklucity.sk\/wp-content\/uploads\/2026\/02\/dobrovopnici-2048x1272.jpg 2048w\" sizes=\"auto, (max-width: 767px) 89vw, (max-width: 1000px) 54vw, (max-width: 1071px) 543px, 580px\" \/><\/figure>\n<\/figure>\n","protected":false},"excerpt":{"rendered":"<p>Projekt Aktivizmus BA: Na\u0161a organiz\u00e1cia sa akt\u00edvne zap\u00e1ja do ob\u010dianskeho aktivizmu a dobrovo\u013en\u00edckych \u010dinnost\u00ed, aby sme podporili demokraciu na Slovensku. Spolupracujeme s ob\u010dianskymi iniciat\u00edvami (Mier Ukrajine, Slovensko je Eur\u00f3pa, Otvoren\u00e1 &hellip; <\/p>\n<p class=\"link-more\"><a href=\"https:\/\/d.r1.wbsprt.com\/inklucity.sk\/aktivizmus\/\" class=\"more-link\">Pokra\u010dova\u0165 v \u010d\u00edtan\u00ed<span class=\"screen-reader-text\"> &#8222;Aktivizmus&#8220;<\/span><\/a><\/p>\n","protected":false},"author":9,"featured_media":0,"parent":0,"menu_order":0,"comment_status":"closed","ping_status":"closed","template":"","meta":{"footnotes":""},"class_list":["post-2253","page","type-page","status-publish","hentry"],"_links":{"self":[{"href":"https:\/\/d.r1.wbsprt.com\/inklucity.sk\/wp-json\/wp\/v2\/pages\/2253","targetHints":{"allow":["GET"]}}],"collection":[{"href":"https:\/\/d.r1.wbsprt.com\/inklucity.sk\/wp-json\/wp\/v2\/pages"}],"about":[{"href":"https:\/\/d.r1.wbsprt.com\/inklucity.sk\/wp-json\/wp\/v2\/types\/page"}],"author":[{"embeddable":true,"href":"https:\/\/d.r1.wbsprt.com\/inklucity.sk\/wp-json\/wp\/v2\/users\/9"}],"replies":[{"embeddable":true,"href":"https:\/\/d.r1.wbsprt.com\/inklucity.sk\/wp-json\/wp\/v2\/comments?post=2253"}],"version-history":[{"count":10,"href":"https:\/\/d.r1.wbsprt.com\/inklucity.sk\/wp-json\/wp\/v2\/pages\/2253\/revisions"}],"predecessor-version":[{"id":2282,"href":"https:\/\/d.r1.wbsprt.com\/inklucity.sk\/wp-json\/wp\/v2\/pages\/2253\/revisions\/2282"}],"wp:attachment":[{"href":"https:\/\/d.r1.wbsprt.com\/inklucity.sk\/wp-json\/wp\/v2\/media?parent=2253"}],"curies":[{"name":"wp","href":"https:\/\/api.w.org\/{rel}","templated":true}]}}