{"id":2180,"date":"2025-12-27T12:43:09","date_gmt":"2025-12-27T12:43:09","guid":{"rendered":"https:\/\/www.inklucity.sk\/?page_id=2180"},"modified":"2025-12-27T14:23:03","modified_gmt":"2025-12-27T14:23:03","slug":"vyrocne-spravy","status":"publish","type":"page","link":"https:\/\/d.r1.wbsprt.com\/inklucity.sk\/vyrocne-spravy\/","title":{"rendered":"V\u00fdro\u010dn\u00e9 spr\u00e1vy"},"content":{"rendered":"\n<div class=\"wp-block-file\"><a id=\"wp-block-file--media-fd358c3a-d86b-4663-82e4-a4fad9154295\" href=\"https:\/\/www.inklucity.sk\/wp-content\/uploads\/2025\/04\/2024-Vyrocna-a-financna-sprava-InkluCiTy.docx.pdf\" target=\"_blank\" rel=\"noreferrer noopener\">2024 V\u00fdro\u010dn\u00e1 a finan\u010dn\u00e1 spr\u00e1va InkluCiTy<\/a><a href=\"https:\/\/www.inklucity.sk\/wp-content\/uploads\/2025\/04\/2024-Vyrocna-a-financna-sprava-InkluCiTy.docx.pdf\" class=\"wp-block-file__button wp-element-button\" download aria-describedby=\"wp-block-file--media-fd358c3a-d86b-4663-82e4-a4fad9154295\">Stiahnu\u0165<\/a><\/div>\n\n\n\n<div class=\"wp-block-file\"><a id=\"wp-block-file--media-0ac0c701-01b7-4a06-be0d-2d87b1ec47c9\" href=\"https:\/\/www.inklucity.sk\/wp-content\/uploads\/2025\/12\/2023-Vyrocna-a-financna-sprava-InkluCiTy.pdf\" target=\"_blank\" rel=\"noreferrer noopener\">2023 V\u00fdro\u010dn\u00e1 a finan\u010dn\u00e1 spr\u00e1va InkluCiTy<\/a><a href=\"https:\/\/www.inklucity.sk\/wp-content\/uploads\/2025\/12\/2023-Vyrocna-a-financna-sprava-InkluCiTy.pdf\" class=\"wp-block-file__button wp-element-button\" download aria-describedby=\"wp-block-file--media-0ac0c701-01b7-4a06-be0d-2d87b1ec47c9\">Stiahnu\u0165<\/a><\/div>\n\n\n\n<div data-wp-interactive=\"core\/file\" class=\"wp-block-file\"><object data-wp-bind--hidden=\"!state.hasPdfPreview\" hidden class=\"wp-block-file__embed\" data=\"https:\/\/www.inklucity.sk\/wp-content\/uploads\/2025\/12\/2022-Vyrocna-a-finacna-sprava-InkluCiTy.pdf\" type=\"application\/pdf\" style=\"width:100%;height:600px\" aria-label=\"Vlo\u017ei\u0165 2022 V\u00fdro\u010dn\u00e1 a fina\u010dn\u00e1 spr\u00e1va InkluCiTy.\"><\/object><a id=\"wp-block-file--media-2416d5a8-3391-44d7-beec-b0a1f842ae10\" href=\"https:\/\/www.inklucity.sk\/wp-content\/uploads\/2025\/12\/2022-Vyrocna-a-finacna-sprava-InkluCiTy.pdf\">2022 V\u00fdro\u010dn\u00e1 a fina\u010dn\u00e1 spr\u00e1va InkluCiTy<\/a><a href=\"https:\/\/www.inklucity.sk\/wp-content\/uploads\/2025\/12\/2022-Vyrocna-a-finacna-sprava-InkluCiTy.pdf\" class=\"wp-block-file__button wp-element-button\" download aria-describedby=\"wp-block-file--media-2416d5a8-3391-44d7-beec-b0a1f842ae10\">Stiahnu\u0165<\/a><\/div>\n\n\n\n<p><\/p>\n","protected":false},"excerpt":{"rendered":"","protected":false},"author":2,"featured_media":0,"parent":0,"menu_order":0,"comment_status":"closed","ping_status":"closed","template":"","meta":{"footnotes":""},"class_list":["post-2180","page","type-page","status-publish","hentry"],"_links":{"self":[{"href":"https:\/\/d.r1.wbsprt.com\/inklucity.sk\/wp-json\/wp\/v2\/pages\/2180","targetHints":{"allow":["GET"]}}],"collection":[{"href":"https:\/\/d.r1.wbsprt.com\/inklucity.sk\/wp-json\/wp\/v2\/pages"}],"about":[{"href":"https:\/\/d.r1.wbsprt.com\/inklucity.sk\/wp-json\/wp\/v2\/types\/page"}],"author":[{"embeddable":true,"href":"https:\/\/d.r1.wbsprt.com\/inklucity.sk\/wp-json\/wp\/v2\/users\/2"}],"replies":[{"embeddable":true,"href":"https:\/\/d.r1.wbsprt.com\/inklucity.sk\/wp-json\/wp\/v2\/comments?post=2180"}],"version-history":[{"count":7,"href":"https:\/\/d.r1.wbsprt.com\/inklucity.sk\/wp-json\/wp\/v2\/pages\/2180\/revisions"}],"predecessor-version":[{"id":2214,"href":"https:\/\/d.r1.wbsprt.com\/inklucity.sk\/wp-json\/wp\/v2\/pages\/2180\/revisions\/2214"}],"wp:attachment":[{"href":"https:\/\/d.r1.wbsprt.com\/inklucity.sk\/wp-json\/wp\/v2\/media?parent=2180"}],"curies":[{"name":"wp","href":"https:\/\/api.w.org\/{rel}","templated":true}]}}