{"id":2170,"date":"2025-12-27T12:19:56","date_gmt":"2025-12-27T12:19:56","guid":{"rendered":"https:\/\/www.inklucity.sk\/?page_id=2170"},"modified":"2025-12-27T13:54:56","modified_gmt":"2025-12-27T13:54:56","slug":"kampan","status":"publish","type":"page","link":"https:\/\/d.r1.wbsprt.com\/inklucity.sk\/kampan\/","title":{"rendered":"Kampa\u0148"},"content":{"rendered":"\n<p>Na str\u00e1nke usilovne pracujeme. Chyst\u00e1me kampa\u0148 na Donio. Zatia\u013e n\u00e1s m\u00f4\u017ete podpori\u0165 darom na n\u00e1\u0161 \u00fa\u010det. \u010eakujeme za trpezlivos\u0165. <\/p>\n\n\n\n<p>Dar na \u010dinnos\u0165 InkluCiTy (ob\u010dianske zdru\u017eenie, Bratislavsk\u00fd klub &#8211; seniorsk\u00e9 a inkluz\u00edvne detsk\u00e9 kluby, peer poradenstvo, dobrovo\u013en\u00edctvo at\u010f): <\/p>\n\n\n\n<figure class=\"wp-block-image size-full is-resized\"><img loading=\"lazy\" decoding=\"async\" width=\"211\" height=\"215\" src=\"https:\/\/www.inklucity.sk\/wp-content\/uploads\/2025\/12\/dar_inklucity_bezramceka.png\" alt=\"\" class=\"wp-image-2207\" style=\"width:134px;height:auto\"\/><\/figure>\n\n\n\n<p>Dar na podporu komunity aktivizmu: <\/p>\n\n\n\n<figure class=\"wp-block-image size-full is-resized\"><img loading=\"lazy\" decoding=\"async\" width=\"211\" height=\"215\" src=\"https:\/\/www.inklucity.sk\/wp-content\/uploads\/2025\/12\/dar_aktivizmus_bezramceka.png\" alt=\"\" class=\"wp-image-2209\" style=\"width:137px;height:auto\"\/><\/figure>\n","protected":false},"excerpt":{"rendered":"<p>Na str\u00e1nke usilovne pracujeme. Chyst\u00e1me kampa\u0148 na Donio. Zatia\u013e n\u00e1s m\u00f4\u017ete podpori\u0165 darom na n\u00e1\u0161 \u00fa\u010det. \u010eakujeme za trpezlivos\u0165. Dar na \u010dinnos\u0165 InkluCiTy (ob\u010dianske zdru\u017eenie, Bratislavsk\u00fd klub &#8211; seniorsk\u00e9 a &hellip; <\/p>\n<p class=\"link-more\"><a href=\"https:\/\/d.r1.wbsprt.com\/inklucity.sk\/kampan\/\" class=\"more-link\">Pokra\u010dova\u0165 v \u010d\u00edtan\u00ed<span class=\"screen-reader-text\"> &#8222;Kampa\u0148&#8220;<\/span><\/a><\/p>\n","protected":false},"author":5,"featured_media":0,"parent":0,"menu_order":0,"comment_status":"closed","ping_status":"closed","template":"","meta":{"footnotes":""},"class_list":["post-2170","page","type-page","status-publish","hentry"],"_links":{"self":[{"href":"https:\/\/d.r1.wbsprt.com\/inklucity.sk\/wp-json\/wp\/v2\/pages\/2170","targetHints":{"allow":["GET"]}}],"collection":[{"href":"https:\/\/d.r1.wbsprt.com\/inklucity.sk\/wp-json\/wp\/v2\/pages"}],"about":[{"href":"https:\/\/d.r1.wbsprt.com\/inklucity.sk\/wp-json\/wp\/v2\/types\/page"}],"author":[{"embeddable":true,"href":"https:\/\/d.r1.wbsprt.com\/inklucity.sk\/wp-json\/wp\/v2\/users\/5"}],"replies":[{"embeddable":true,"href":"https:\/\/d.r1.wbsprt.com\/inklucity.sk\/wp-json\/wp\/v2\/comments?post=2170"}],"version-history":[{"count":4,"href":"https:\/\/d.r1.wbsprt.com\/inklucity.sk\/wp-json\/wp\/v2\/pages\/2170\/revisions"}],"predecessor-version":[{"id":2210,"href":"https:\/\/d.r1.wbsprt.com\/inklucity.sk\/wp-json\/wp\/v2\/pages\/2170\/revisions\/2210"}],"wp:attachment":[{"href":"https:\/\/d.r1.wbsprt.com\/inklucity.sk\/wp-json\/wp\/v2\/media?parent=2170"}],"curies":[{"name":"wp","href":"https:\/\/api.w.org\/{rel}","templated":true}]}}