{"id":2168,"date":"2025-12-27T12:18:59","date_gmt":"2025-12-27T12:18:59","guid":{"rendered":"https:\/\/www.inklucity.sk\/?page_id=2168"},"modified":"2025-12-27T12:23:29","modified_gmt":"2025-12-27T12:23:29","slug":"dobrovolnictvo","status":"publish","type":"page","link":"https:\/\/d.r1.wbsprt.com\/inklucity.sk\/dobrovolnictvo\/","title":{"rendered":"Dobrovo\u013en\u00edctvo"},"content":{"rendered":"\n<p>Na str\u00e1nke sa pracuje. \u010eakujeme za trpezlivos\u0165. <\/p>\n","protected":false},"excerpt":{"rendered":"<p>Na str\u00e1nke sa pracuje. \u010eakujeme za trpezlivos\u0165.<\/p>\n","protected":false},"author":5,"featured_media":0,"parent":0,"menu_order":0,"comment_status":"closed","ping_status":"closed","template":"","meta":{"footnotes":""},"class_list":["post-2168","page","type-page","status-publish","hentry"],"_links":{"self":[{"href":"https:\/\/d.r1.wbsprt.com\/inklucity.sk\/wp-json\/wp\/v2\/pages\/2168","targetHints":{"allow":["GET"]}}],"collection":[{"href":"https:\/\/d.r1.wbsprt.com\/inklucity.sk\/wp-json\/wp\/v2\/pages"}],"about":[{"href":"https:\/\/d.r1.wbsprt.com\/inklucity.sk\/wp-json\/wp\/v2\/types\/page"}],"author":[{"embeddable":true,"href":"https:\/\/d.r1.wbsprt.com\/inklucity.sk\/wp-json\/wp\/v2\/users\/5"}],"replies":[{"embeddable":true,"href":"https:\/\/d.r1.wbsprt.com\/inklucity.sk\/wp-json\/wp\/v2\/comments?post=2168"}],"version-history":[{"count":2,"href":"https:\/\/d.r1.wbsprt.com\/inklucity.sk\/wp-json\/wp\/v2\/pages\/2168\/revisions"}],"predecessor-version":[{"id":2174,"href":"https:\/\/d.r1.wbsprt.com\/inklucity.sk\/wp-json\/wp\/v2\/pages\/2168\/revisions\/2174"}],"wp:attachment":[{"href":"https:\/\/d.r1.wbsprt.com\/inklucity.sk\/wp-json\/wp\/v2\/media?parent=2168"}],"curies":[{"name":"wp","href":"https:\/\/api.w.org\/{rel}","templated":true}]}}