{"id":2,"date":"2018-01-11T17:17:52","date_gmt":"2018-01-11T17:17:52","guid":{"rendered":"http:\/\/inklucity.sk\/?page_id=2"},"modified":"2025-09-12T16:33:36","modified_gmt":"2025-09-12T16:33:36","slug":"dokumenty","status":"publish","type":"page","link":"https:\/\/d.r1.wbsprt.com\/inklucity.sk\/dokumenty\/","title":{"rendered":"Dokumenty"},"content":{"rendered":"\n<div class=\"wp-block-file\"><a id=\"wp-block-file--media-fd358c3a-d86b-4663-82e4-a4fad9154295\" href=\"https:\/\/www.inklucity.sk\/wp-content\/uploads\/2025\/04\/2024-Vyrocna-a-financna-sprava-InkluCiTy.docx.pdf\" target=\"_blank\" rel=\"noreferrer noopener\">2024 V\u00fdro\u010dn\u00e1 a finan\u010dn\u00e1 spr\u00e1va InkluCiTy<\/a><a href=\"https:\/\/www.inklucity.sk\/wp-content\/uploads\/2025\/04\/2024-Vyrocna-a-financna-sprava-InkluCiTy.docx.pdf\" class=\"wp-block-file__button wp-element-button\" download aria-describedby=\"wp-block-file--media-fd358c3a-d86b-4663-82e4-a4fad9154295\">Stiahnu\u0165<\/a><\/div>\n\n\n<p><strong>Verejn\u00e1 zbierka:<\/strong><\/p>\n\n\n<div class=\"wp-block-file\"><a href=\"https:\/\/d.r1.wbsprt.com\/inklucity.sk\/wp-content\/uploads\/2025\/01\/Verejna-zbierka_Dobry-trh_povolenie.pdf\" target=\"_blank\" rel=\"noreferrer noopener\">Verejna-zbierka_Dobry-trh_povolenie<\/a><a href=\"https:\/\/d.r1.wbsprt.com\/inklucity.sk\/wp-content\/uploads\/2025\/01\/Verejna-zbierka_Dobry-trh_povolenie.pdf\" class=\"wp-block-file__button wp-element-button\" download>Stiahnu\u0165<\/a><\/div>\n\n\n\n<div class=\"wp-block-file\"><a href=\"https:\/\/d.r1.wbsprt.com\/inklucity.sk\/wp-content\/uploads\/2025\/01\/Predbezna-sprava-VZ.pdf\">Predbezna-sprava-VZ<\/a><a href=\"https:\/\/d.r1.wbsprt.com\/inklucity.sk\/wp-content\/uploads\/2025\/01\/Predbezna-sprava-VZ.pdf\" class=\"wp-block-file__button wp-element-button\" download>Stiahnu\u0165<\/a><\/div>\n","protected":false},"excerpt":{"rendered":"<p>Verejn\u00e1 zbierka:<\/p>\n","protected":false},"author":1,"featured_media":775,"parent":0,"menu_order":0,"comment_status":"closed","ping_status":"open","template":"","meta":{"footnotes":""},"class_list":["post-2","page","type-page","status-publish","has-post-thumbnail","hentry"],"_links":{"self":[{"href":"https:\/\/d.r1.wbsprt.com\/inklucity.sk\/wp-json\/wp\/v2\/pages\/2","targetHints":{"allow":["GET"]}}],"collection":[{"href":"https:\/\/d.r1.wbsprt.com\/inklucity.sk\/wp-json\/wp\/v2\/pages"}],"about":[{"href":"https:\/\/d.r1.wbsprt.com\/inklucity.sk\/wp-json\/wp\/v2\/types\/page"}],"author":[{"embeddable":true,"href":"https:\/\/d.r1.wbsprt.com\/inklucity.sk\/wp-json\/wp\/v2\/users\/1"}],"replies":[{"embeddable":true,"href":"https:\/\/d.r1.wbsprt.com\/inklucity.sk\/wp-json\/wp\/v2\/comments?post=2"}],"version-history":[{"count":3,"href":"https:\/\/d.r1.wbsprt.com\/inklucity.sk\/wp-json\/wp\/v2\/pages\/2\/revisions"}],"predecessor-version":[{"id":1465,"href":"https:\/\/d.r1.wbsprt.com\/inklucity.sk\/wp-json\/wp\/v2\/pages\/2\/revisions\/1465"}],"wp:featuredmedia":[{"embeddable":true,"href":"https:\/\/d.r1.wbsprt.com\/inklucity.sk\/wp-json\/wp\/v2\/media\/775"}],"wp:attachment":[{"href":"https:\/\/d.r1.wbsprt.com\/inklucity.sk\/wp-json\/wp\/v2\/media?parent=2"}],"curies":[{"name":"wp","href":"https:\/\/api.w.org\/{rel}","templated":true}]}}