{"id":303,"date":"2020-12-29T20:26:33","date_gmt":"2020-12-29T19:26:33","guid":{"rendered":"http:\/\/d.r1.wbsprt.com\/farnostmalelevare.sk\/?page_id=303"},"modified":"2022-07-30T22:49:54","modified_gmt":"2022-07-30T20:49:54","slug":"lurdska-jaskyna-farnost-male-levare","status":"publish","type":"page","link":"https:\/\/d.r1.wbsprt.com\/farnostmalelevare.sk\/lurdska-jaskyna-farnost-male-levare\/","title":{"rendered":"Lurdsk\u00e1 jasky\u0148a"},"content":{"rendered":"\r\n<figure class=\"wp-block-image size-large\"><img loading=\"lazy\" width=\"600\" height=\"400\" class=\"wp-image-304\" src=\"http:\/\/d.r1.wbsprt.com\/farnostmalelevare.sk\/wp-content\/uploads\/2020\/12\/kostol_1.jpg\" alt=\"\" srcset=\"http:\/\/d.r1.wbsprt.com\/farnostmalelevare.sk\/wp-content\/uploads\/2020\/12\/kostol_1.jpg 600w, http:\/\/d.r1.wbsprt.com\/farnostmalelevare.sk\/wp-content\/uploads\/2020\/12\/kostol_1-300x200.jpg 300w\" sizes=\"(max-width: 600px) 100vw, 600px\" \/><\/figure>\r\n\r\n\r\n\r\n<p>Jasky\u0148a Lurdskej Panny M\u00e1rie sa nach\u00e1dza v are\u00e1li kostola, v ktorom bol v minulosti cintor\u00edn. Bola postaven\u00e1 v roku 1942, ke\u010f bola vo farnosti zalo\u017een\u00e1 Mari\u00e1nska kongreg\u00e1cia a Zv\u00e4z katol\u00edckej ml\u00e1de\u017ee. Na financovan\u00ed a realiz\u00e1cii jej stavby sa podie\u013eala cel\u00e1 farnos\u0165.<\/p>\r\n","protected":false},"excerpt":{"rendered":"<p>Jasky\u0148a Lurdskej Panny M\u00e1rie sa nach\u00e1dza v are\u00e1li kostola, v ktorom bol v minulosti cintor\u00edn. Bola postaven\u00e1 v roku 1942, ke\u010f bola vo farnosti zalo\u017een\u00e1 Mari\u00e1nska kongreg\u00e1cia a Zv\u00e4z katol\u00edckej ml\u00e1de\u017ee. Na financovan\u00ed a realiz\u00e1cii jej stavby sa podie\u013eala cel\u00e1 farnos\u0165.<\/p>\n","protected":false},"author":1,"featured_media":0,"parent":0,"menu_order":0,"comment_status":"closed","ping_status":"closed","template":"","meta":[],"yoast_head":"<!-- This site is optimized with the Yoast SEO plugin v15.5 - https:\/\/yoast.com\/wordpress\/plugins\/seo\/ -->\n<title>Lurdsk\u00e1 jasky\u0148a &bull; Farnos\u0165 Mal\u00e9 Lev\u00e1re<\/title>\n<meta name=\"robots\" content=\"index, follow, max-snippet:-1, max-image-preview:large, max-video-preview:-1\" \/>\n<link rel=\"canonical\" href=\"http:\/\/farnostmalelevare.sk\/lurdska-jaskyna-farnost-male-levare\/\" \/>\n<meta property=\"og:locale\" content=\"sk_SK\" \/>\n<meta property=\"og:type\" content=\"article\" \/>\n<meta property=\"og:title\" content=\"Lurdsk\u00e1 jasky\u0148a &bull; Farnos\u0165 Mal\u00e9 Lev\u00e1re\" \/>\n<meta property=\"og:description\" content=\"Jasky\u0148a Lurdskej Panny M\u00e1rie sa nach\u00e1dza v are\u00e1li kostola, v ktorom bol v minulosti cintor\u00edn. Bola postaven\u00e1 v roku 1942, ke\u010f bola vo farnosti zalo\u017een\u00e1 Mari\u00e1nska kongreg\u00e1cia a Zv\u00e4z katol\u00edckej ml\u00e1de\u017ee. Na financovan\u00ed a realiz\u00e1cii jej stavby sa podie\u013eala cel\u00e1 farnos\u0165.\" \/>\n<meta property=\"og:url\" content=\"http:\/\/farnostmalelevare.sk\/lurdska-jaskyna-farnost-male-levare\/\" \/>\n<meta property=\"og:site_name\" content=\"Farnos\u0165 Mal\u00e9 Lev\u00e1re\" \/>\n<meta property=\"article:modified_time\" content=\"2022-07-30T20:49:54+00:00\" \/>\n<meta property=\"og:image\" content=\"http:\/\/d.r1.wbsprt.com\/farnostmalelevare.sk\/wp-content\/uploads\/2020\/12\/kostol_1.jpg\" \/>\n<meta name=\"twitter:card\" content=\"summary_large_image\" \/>\n<meta name=\"twitter:label1\" content=\"Predpokladan\u00fd \u010das \u010d\u00edtania\">\n\t<meta name=\"twitter:data1\" content=\"0 min\u00fat\">\n<script type=\"application\/ld+json\" class=\"yoast-schema-graph\">{\"@context\":\"https:\/\/schema.org\",\"@graph\":[{\"@type\":\"Organization\",\"@id\":\"http:\/\/farnostmalelevare.sk\/#organization\",\"name\":\"Farnos\\u0165 Mal\\u00e9 Lev\\u00e1re\",\"url\":\"http:\/\/farnostmalelevare.sk\/\",\"sameAs\":[],\"logo\":{\"@type\":\"ImageObject\",\"@id\":\"http:\/\/farnostmalelevare.sk\/#logo\",\"inLanguage\":\"sk-SK\",\"url\":\"https:\/\/d.r1.wbsprt.com\/farnostmalelevare.sk\/wp-content\/uploads\/2020\/12\/marianska-hviezda.png\",\"width\":8000,\"height\":4500,\"caption\":\"Farnos\\u0165 Mal\\u00e9 Lev\\u00e1re\"},\"image\":{\"@id\":\"http:\/\/farnostmalelevare.sk\/#logo\"}},{\"@type\":\"WebSite\",\"@id\":\"http:\/\/farnostmalelevare.sk\/#website\",\"url\":\"http:\/\/farnostmalelevare.sk\/\",\"name\":\"Farnos\\u0165 Mal\\u00e9 Lev\\u00e1re\",\"description\":\"\",\"publisher\":{\"@id\":\"http:\/\/farnostmalelevare.sk\/#organization\"},\"potentialAction\":[{\"@type\":\"SearchAction\",\"target\":\"http:\/\/farnostmalelevare.sk\/?s={search_term_string}\",\"query-input\":\"required name=search_term_string\"}],\"inLanguage\":\"sk-SK\"},{\"@type\":\"ImageObject\",\"@id\":\"http:\/\/farnostmalelevare.sk\/lurdska-jaskyna-farnost-male-levare\/#primaryimage\",\"inLanguage\":\"sk-SK\",\"url\":\"http:\/\/d.r1.wbsprt.com\/farnostmalelevare.sk\/wp-content\/uploads\/2020\/12\/kostol_1.jpg\"},{\"@type\":\"WebPage\",\"@id\":\"http:\/\/farnostmalelevare.sk\/lurdska-jaskyna-farnost-male-levare\/#webpage\",\"url\":\"http:\/\/farnostmalelevare.sk\/lurdska-jaskyna-farnost-male-levare\/\",\"name\":\"Lurdsk\\u00e1 jasky\\u0148a &bull; Farnos\\u0165 Mal\\u00e9 Lev\\u00e1re\",\"isPartOf\":{\"@id\":\"http:\/\/farnostmalelevare.sk\/#website\"},\"primaryImageOfPage\":{\"@id\":\"http:\/\/farnostmalelevare.sk\/lurdska-jaskyna-farnost-male-levare\/#primaryimage\"},\"datePublished\":\"2020-12-29T19:26:33+00:00\",\"dateModified\":\"2022-07-30T20:49:54+00:00\",\"inLanguage\":\"sk-SK\",\"potentialAction\":[{\"@type\":\"ReadAction\",\"target\":[\"http:\/\/farnostmalelevare.sk\/lurdska-jaskyna-farnost-male-levare\/\"]}]}]}<\/script>\n<!-- \/ Yoast SEO plugin. -->","_links":{"self":[{"href":"https:\/\/d.r1.wbsprt.com\/farnostmalelevare.sk\/wp-json\/wp\/v2\/pages\/303"}],"collection":[{"href":"https:\/\/d.r1.wbsprt.com\/farnostmalelevare.sk\/wp-json\/wp\/v2\/pages"}],"about":[{"href":"https:\/\/d.r1.wbsprt.com\/farnostmalelevare.sk\/wp-json\/wp\/v2\/types\/page"}],"author":[{"embeddable":true,"href":"https:\/\/d.r1.wbsprt.com\/farnostmalelevare.sk\/wp-json\/wp\/v2\/users\/1"}],"replies":[{"embeddable":true,"href":"https:\/\/d.r1.wbsprt.com\/farnostmalelevare.sk\/wp-json\/wp\/v2\/comments?post=303"}],"version-history":[{"count":6,"href":"https:\/\/d.r1.wbsprt.com\/farnostmalelevare.sk\/wp-json\/wp\/v2\/pages\/303\/revisions"}],"predecessor-version":[{"id":1728,"href":"https:\/\/d.r1.wbsprt.com\/farnostmalelevare.sk\/wp-json\/wp\/v2\/pages\/303\/revisions\/1728"}],"wp:attachment":[{"href":"https:\/\/d.r1.wbsprt.com\/farnostmalelevare.sk\/wp-json\/wp\/v2\/media?parent=303"}],"curies":[{"name":"wp","href":"https:\/\/api.w.org\/{rel}","templated":true}]}}