{"id":169,"date":"2020-12-28T08:43:21","date_gmt":"2020-12-28T07:43:21","guid":{"rendered":"http:\/\/d.r1.wbsprt.com\/farnostmalelevare.sk\/?page_id=169"},"modified":"2026-04-26T23:16:43","modified_gmt":"2026-04-26T21:16:43","slug":"farnost-male-levare","status":"publish","type":"page","link":"https:\/\/d.r1.wbsprt.com\/farnostmalelevare.sk\/","title":{"rendered":"\u00davod"},"content":{"rendered":"<p><span style=\"color: #000000;\"><em>\u201ePo tvojej pravici, Pane, stoj\u00ed kr\u00e1\u013eovn\u00e1 ozdoben\u00e1 zlatom.\u201c<\/em><\/span><\/p>\n<p>Farnos\u0165 Mal\u00e9 Lev\u00e1re je zasv\u00e4ten\u00e1 Preblahoslavenej Panne M\u00e1rii Nanebovzatej.<\/p>\n<p>&nbsp;<\/p>\n<hr \/>\n<div class='modlitba-za-farnost'><br>Dnes je <strong>\u0161tvrtok, 30. apr\u00edla 2026<\/strong><br>Modlime sa za farnos\u0165:<br><strong>Hol\u00ed\u010d, dekan\u00e1t Skalica<\/strong>\n<\/div>\n<p>&nbsp;<\/p>\n<hr \/>\n<section id=\"block_f8f84309d91d446db181ef716f766d60\" class=\"section-text transparent section-text align-full\">\n<div class=\"container\">\n<div class=\"row justify-content-center\"><\/div>\n<\/div>\n<\/section>\n<p><strong><br \/>\nApr\u00edlov\u00fd \u00famysel apo\u0161tol\u00e1tu modlitby<\/strong><\/p>\n<p><strong>Za\u00a0k\u0148azov v kr\u00edze<\/strong><\/p>\n<p><em>\u00damysel Sv\u00e4t\u00e9ho Otca:<\/em>\u00a0 Modlime sa za k\u0148azov, ktor\u00ed pre\u017e\u00edvaj\u00fa kr\u00edzu povolania, aby ich mal kto duchovne sprev\u00e1dza\u0165 a aby ich spolo\u010denstvo podr\u017ealo porozumen\u00edm a modlitbou<\/p>\n<p><em>\u00damysel na\u0161ich biskupov:<\/em> Za \u013eud\u00ed \u017eij\u00facich na perif\u00e9rii spolo\u010dnosti, aby ich Kristovo zm\u0155tvychvstanie pozdvihlo k v\u00e4\u010d\u0161ej d\u00f4stojnosti a n\u00e1deji.<\/p>\n<p>Viac <a href=\"https:\/\/jezuiti.sk\/modlime-sa-za-knazov-v-krize\/\">jezuiti.sk<\/a>.<\/p>\n","protected":false},"excerpt":{"rendered":"<p>\u201ePo tvojej pravici, Pane, stoj\u00ed kr\u00e1\u013eovn\u00e1 ozdoben\u00e1 zlatom.\u201c Farnos\u0165 Mal\u00e9 Lev\u00e1re je zasv\u00e4ten\u00e1 Preblahoslavenej Panne M\u00e1rii Nanebovzatej. &nbsp; &nbsp; Apr\u00edlov\u00fd \u00famysel apo\u0161tol\u00e1tu modlitby Za\u00a0k\u0148azov v kr\u00edze \u00damysel Sv\u00e4t\u00e9ho Otca:\u00a0 Modlime sa za k\u0148azov, ktor\u00ed pre\u017e\u00edvaj\u00fa kr\u00edzu povolania, aby ich mal kto duchovne sprev\u00e1dza\u0165 a aby ich spolo\u010denstvo podr\u017ealo porozumen\u00edm a modlitbou \u00damysel na\u0161ich biskupov: Za &hellip; <\/p>\n<p class=\"link-more\"><a href=\"https:\/\/d.r1.wbsprt.com\/farnostmalelevare.sk\/\" class=\"more-link\">Pokra\u010dova\u0165 v \u010d\u00edtan\u00ed<span class=\"screen-reader-text\"> &#8222;\u00davod&#8220;<\/span><\/a><\/p>\n","protected":false},"author":1,"featured_media":0,"parent":0,"menu_order":0,"comment_status":"closed","ping_status":"closed","template":"","meta":[],"yoast_head":"<!-- This site is optimized with the Yoast SEO plugin v15.5 - https:\/\/yoast.com\/wordpress\/plugins\/seo\/ -->\n<title>Farnos\u0165 Mal\u00e9 Lev\u00e1re<\/title>\n<meta name=\"description\" content=\"\u201ePo tvojej pravici, Pane, stoj\u00ed kr\u00e1\u013eovn\u00e1 ozdoben\u00e1 zlatom.\u201c Farnos\u0165 Mal\u00e9 Lev\u00e1re je zasv\u00e4ten\u00e1 Preblahoslavenej Panne M\u00e1rii nanebovzatej.\" \/>\n<meta name=\"robots\" content=\"index, follow, max-snippet:-1, max-image-preview:large, max-video-preview:-1\" \/>\n<link rel=\"canonical\" href=\"http:\/\/farnostmalelevare.sk\/\" \/>\n<meta property=\"og:locale\" content=\"sk_SK\" \/>\n<meta property=\"og:type\" content=\"article\" \/>\n<meta property=\"og:title\" content=\"Farnos\u0165 Mal\u00e9 Lev\u00e1re\" \/>\n<meta property=\"og:description\" content=\"\u201ePo tvojej pravici, Pane, stoj\u00ed kr\u00e1\u013eovn\u00e1 ozdoben\u00e1 zlatom.\u201c Farnos\u0165 Mal\u00e9 Lev\u00e1re je zasv\u00e4ten\u00e1 Preblahoslavenej Panne M\u00e1rii nanebovzatej.\" \/>\n<meta property=\"og:url\" content=\"http:\/\/farnostmalelevare.sk\/\" \/>\n<meta property=\"og:site_name\" content=\"Farnos\u0165 Mal\u00e9 Lev\u00e1re\" \/>\n<meta property=\"article:modified_time\" content=\"2026-04-26T21:16:43+00:00\" \/>\n<meta name=\"twitter:card\" content=\"summary_large_image\" \/>\n<meta name=\"twitter:label1\" content=\"Predpokladan\u00fd \u010das \u010d\u00edtania\">\n\t<meta name=\"twitter:data1\" content=\"0 min\u00fat\">\n<script type=\"application\/ld+json\" class=\"yoast-schema-graph\">{\"@context\":\"https:\/\/schema.org\",\"@graph\":[{\"@type\":\"Organization\",\"@id\":\"http:\/\/farnostmalelevare.sk\/#organization\",\"name\":\"Farnos\\u0165 Mal\\u00e9 Lev\\u00e1re\",\"url\":\"http:\/\/farnostmalelevare.sk\/\",\"sameAs\":[],\"logo\":{\"@type\":\"ImageObject\",\"@id\":\"http:\/\/farnostmalelevare.sk\/#logo\",\"inLanguage\":\"sk-SK\",\"url\":\"https:\/\/d.r1.wbsprt.com\/farnostmalelevare.sk\/wp-content\/uploads\/2020\/12\/marianska-hviezda.png\",\"width\":8000,\"height\":4500,\"caption\":\"Farnos\\u0165 Mal\\u00e9 Lev\\u00e1re\"},\"image\":{\"@id\":\"http:\/\/farnostmalelevare.sk\/#logo\"}},{\"@type\":\"WebSite\",\"@id\":\"http:\/\/farnostmalelevare.sk\/#website\",\"url\":\"http:\/\/farnostmalelevare.sk\/\",\"name\":\"Farnos\\u0165 Mal\\u00e9 Lev\\u00e1re\",\"description\":\"\",\"publisher\":{\"@id\":\"http:\/\/farnostmalelevare.sk\/#organization\"},\"potentialAction\":[{\"@type\":\"SearchAction\",\"target\":\"http:\/\/farnostmalelevare.sk\/?s={search_term_string}\",\"query-input\":\"required name=search_term_string\"}],\"inLanguage\":\"sk-SK\"},{\"@type\":\"WebPage\",\"@id\":\"http:\/\/farnostmalelevare.sk\/#webpage\",\"url\":\"http:\/\/farnostmalelevare.sk\/\",\"name\":\"Farnos\\u0165 Mal\\u00e9 Lev\\u00e1re\",\"isPartOf\":{\"@id\":\"http:\/\/farnostmalelevare.sk\/#website\"},\"datePublished\":\"2020-12-28T07:43:21+00:00\",\"dateModified\":\"2026-04-26T21:16:43+00:00\",\"description\":\"\\u201ePo tvojej pravici, Pane, stoj\\u00ed kr\\u00e1\\u013eovn\\u00e1 ozdoben\\u00e1 zlatom.\\u201c Farnos\\u0165 Mal\\u00e9 Lev\\u00e1re je zasv\\u00e4ten\\u00e1 Preblahoslavenej Panne M\\u00e1rii nanebovzatej.\",\"inLanguage\":\"sk-SK\",\"potentialAction\":[{\"@type\":\"ReadAction\",\"target\":[\"http:\/\/farnostmalelevare.sk\/\"]}]}]}<\/script>\n<!-- \/ Yoast SEO plugin. -->","_links":{"self":[{"href":"https:\/\/d.r1.wbsprt.com\/farnostmalelevare.sk\/wp-json\/wp\/v2\/pages\/169"}],"collection":[{"href":"https:\/\/d.r1.wbsprt.com\/farnostmalelevare.sk\/wp-json\/wp\/v2\/pages"}],"about":[{"href":"https:\/\/d.r1.wbsprt.com\/farnostmalelevare.sk\/wp-json\/wp\/v2\/types\/page"}],"author":[{"embeddable":true,"href":"https:\/\/d.r1.wbsprt.com\/farnostmalelevare.sk\/wp-json\/wp\/v2\/users\/1"}],"replies":[{"embeddable":true,"href":"https:\/\/d.r1.wbsprt.com\/farnostmalelevare.sk\/wp-json\/wp\/v2\/comments?post=169"}],"version-history":[{"count":6,"href":"https:\/\/d.r1.wbsprt.com\/farnostmalelevare.sk\/wp-json\/wp\/v2\/pages\/169\/revisions"}],"predecessor-version":[{"id":3463,"href":"https:\/\/d.r1.wbsprt.com\/farnostmalelevare.sk\/wp-json\/wp\/v2\/pages\/169\/revisions\/3463"}],"wp:attachment":[{"href":"https:\/\/d.r1.wbsprt.com\/farnostmalelevare.sk\/wp-json\/wp\/v2\/media?parent=169"}],"curies":[{"name":"wp","href":"https:\/\/api.w.org\/{rel}","templated":true}]}}