{"id":6184,"date":"2020-08-20T06:55:28","date_gmt":"2020-08-20T04:55:28","guid":{"rendered":"https:\/\/binchio.websy.sk\/?page_id=6184"},"modified":"2022-06-09T20:43:19","modified_gmt":"2022-06-09T18:43:19","slug":"caste-dotazy","status":"publish","type":"page","link":"https:\/\/d.r1.wbsprt.com\/binchio.com\/caste-dotazy\/","title":{"rendered":"\u010cast\u00e9 dotazy"},"content":{"rendered":"[vc_row type=&#8220;full_width_background&#8220; full_screen_row_position=&#8220;middle&#8220; column_margin=&#8220;default&#8220; equal_height=&#8220;yes&#8220; content_placement=&#8220;middle&#8220; column_direction=&#8220;default&#8220; column_direction_tablet=&#8220;default&#8220; column_direction_phone=&#8220;default&#8220; scene_position=&#8220;center&#8220; top_padding=&#8220;3%&#8220; bottom_padding=&#8220;3%&#8220; text_color=&#8220;dark&#8220; text_align=&#8220;left&#8220; row_border_radius=&#8220;none&#8220; row_border_radius_applies=&#8220;bg&#8220; overflow=&#8220;visible&#8220; id=&#8220;navod&#8220; row_name=&#8220;Sign Up Steps&#8220; overlay_strength=&#8220;0.3&#8243; gradient_direction=&#8220;left_to_right&#8220; shape_divider_position=&#8220;bottom&#8220; bg_image_animation=&#8220;none&#8220; shape_type=&#8220;&#8220;][vc_column column_padding=&#8220;padding-2-percent&#8220; column_padding_tablet=&#8220;inherit&#8220; column_padding_phone=&#8220;inherit&#8220; column_padding_position=&#8220;top-bottom&#8220; column_element_spacing=&#8220;default&#8220; background_color_opacity=&#8220;1&#8243; background_hover_color_opacity=&#8220;1&#8243; column_shadow=&#8220;none&#8220; column_border_radius=&#8220;none&#8220; column_link_target=&#8220;_self&#8220; column_position=&#8220;default&#8220; gradient_direction=&#8220;left_to_right&#8220; overlay_strength=&#8220;0.3&#8243; width=&#8220;1\/1&#8243; tablet_width_inherit=&#8220;default&#8220; tablet_text_alignment=&#8220;default&#8220; phone_text_alignment=&#8220;default&#8220; animation_type=&#8220;default&#8220; bg_image_animation=&#8220;none&#8220; border_type=&#8220;simple&#8220; column_border_width=&#8220;none&#8220; column_border_style=&#8220;solid&#8220; offset=&#8220;vc_col-xs-12&#8243;][vc_row_inner content_placement=&#8220;middle&#8220; column_margin=&#8220;default&#8220; column_direction=&#8220;default&#8220; column_direction_tablet=&#8220;default&#8220; column_direction_phone=&#8220;default&#8220; text_align=&#8220;left&#8220; row_position=&#8220;default&#8220; row_position_tablet=&#8220;inherit&#8220; row_position_phone=&#8220;inherit&#8220; overflow=&#8220;visible&#8220; pointer_events=&#8220;all&#8220;][vc_column_inner column_padding=&#8220;no-extra-padding&#8220; column_padding_tablet=&#8220;inherit&#8220; column_padding_phone=&#8220;inherit&#8220; column_padding_position=&#8220;all&#8220; column_element_spacing=&#8220;default&#8220; background_color_opacity=&#8220;1&#8243; background_hover_color_opacity=&#8220;1&#8243; column_shadow=&#8220;none&#8220; column_border_radius=&#8220;none&#8220; column_link_target=&#8220;_self&#8220; gradient_direction=&#8220;left_to_right&#8220; overlay_strength=&#8220;0.3&#8243; width=&#8220;1\/1&#8243; tablet_width_inherit=&#8220;default&#8220; animation_type=&#8220;default&#8220; bg_image_animation=&#8220;none&#8220; border_type=&#8220;simple&#8220; column_border_width=&#8220;none&#8220; column_border_style=&#8220;solid&#8220;][nectar_highlighted_text color_type=&#8220;regular&#8220; highlight_color=&#8220;#2ed397&#8243; style=&#8220;half_text&#8220;]\n<h1>\u010cast\u00e9 <em>dotazy<\/em> na Binchio<\/h1>\n[\/nectar_highlighted_text][\/vc_column_inner][\/vc_row_inner][\/vc_column][\/vc_row][vc_row type=&#8220;full_width_content&#8220; full_screen_row_position=&#8220;middle&#8220; column_margin=&#8220;default&#8220; equal_height=&#8220;yes&#8220; content_placement=&#8220;middle&#8220; column_direction=&#8220;default&#8220; column_direction_tablet=&#8220;default&#8220; column_direction_phone=&#8220;default&#8220; bg_color=&#8220;#f7f7f7&#8243; scene_position=&#8220;center&#8220; text_color=&#8220;dark&#8220; text_align=&#8220;left&#8220; row_border_radius=&#8220;none&#8220; row_border_radius_applies=&#8220;bg&#8220; overflow=&#8220;visible&#8220; id=&#8220;otazky&#8220; overlay_strength=&#8220;0.3&#8243; gradient_direction=&#8220;left_to_right&#8220; shape_divider_position=&#8220;bottom&#8220; bg_image_animation=&#8220;none&#8220; shape_type=&#8220;&#8220;][vc_column column_padding=&#8220;padding-8-percent&#8220; column_padding_tablet=&#8220;inherit&#8220; column_padding_phone=&#8220;inherit&#8220; column_padding_position=&#8220;all&#8220; column_element_spacing=&#8220;default&#8220; background_color=&#8220;#0a0a0a&#8220; background_color_opacity=&#8220;0.8&#8243; background_hover_color_opacity=&#8220;1&#8243; background_image=&#8220;6216&#8243; background_image_position=&#8220;center center&#8220; background_image_loading=&#8220;default&#8220; font_color=&#8220;#ffffff&#8220; column_shadow=&#8220;none&#8220; column_border_radius=&#8220;none&#8220; column_link_target=&#8220;_self&#8220; column_position=&#8220;default&#8220; gradient_direction=&#8220;left_to_right&#8220; overlay_strength=&#8220;0.3&#8243; width=&#8220;1\/2&#8243; tablet_width_inherit=&#8220;default&#8220; tablet_text_alignment=&#8220;default&#8220; phone_text_alignment=&#8220;default&#8220; animation_type=&#8220;default&#8220; bg_image_animation=&#8220;none&#8220; border_type=&#8220;simple&#8220; column_border_width=&#8220;none&#8220; column_border_style=&#8220;solid&#8220;][vc_custom_heading text=&#8220;M\u00e1te ot\u00e1zky?<br \/>\n\u017d\u00e1dn\u00fd probl\u00e9m.&#8220; font_container=&#8220;tag:h2|text_align:left|color:%23ffffff&#8220; use_theme_fonts=&#8220;yes&#8220;][nectar_cta btn_style=&#8220;underline&#8220; heading_tag=&#8220;h5&#8243; text_color=&#8220;#ffffff&#8220; button_color=&#8220;default&#8220; button_border_thickness=&#8220;0px&#8220; link_type=&#8220;regular&#8220; alignment=&#8220;left&#8220; alignment_tablet=&#8220;default&#8220; alignment_phone=&#8220;default&#8220; display=&#8220;block&#8220; display_tablet=&#8220;inherit&#8220; display_phone=&#8220;inherit&#8220; link_text=&#8220;Kontaktujte n\u00e1s&#8220; url=&#8220;\/kontakt\/&#8220;][\/vc_column][vc_column column_padding=&#8220;padding-8-percent&#8220; column_padding_tablet=&#8220;inherit&#8220; column_padding_phone=&#8220;inherit&#8220; column_padding_position=&#8220;all&#8220; column_element_spacing=&#8220;default&#8220; background_color=&#8220;#e8e8e8&#8243; background_color_opacity=&#8220;1&#8243; background_hover_color_opacity=&#8220;1&#8243; column_shadow=&#8220;none&#8220; column_border_radius=&#8220;none&#8220; column_link_target=&#8220;_self&#8220; column_position=&#8220;default&#8220; gradient_direction=&#8220;left_to_right&#8220; overlay_strength=&#8220;0.3&#8243; width=&#8220;1\/2&#8243; tablet_width_inherit=&#8220;default&#8220; tablet_text_alignment=&#8220;default&#8220; phone_text_alignment=&#8220;default&#8220; animation_type=&#8220;default&#8220; bg_image_animation=&#8220;none&#8220; border_type=&#8220;simple&#8220; column_border_width=&#8220;none&#8220; column_border_style=&#8220;solid&#8220;][vc_column_text]\n<h3>Jak Binchio pou\u017e\u00edvat<\/h3>\n[\/vc_column_text][toggles style=&#8220;minimal_small&#8220;][toggle color=&#8220;Default&#8220; heading_tag=&#8220;default&#8220; title=&#8220;M\u00e1 se ty\u010dinka Binchio p\u0159ed prvn\u00edm pou\u017eit\u00edm um\u00fdt?&#8220;][vc_column_text]Ano. Binchio je z aktivn\u00edho uhl\u00ed binchotanu, kter\u00e9 se naz\u00fdv\u00e1 i \u201eb\u00edl\u00e9 uhl\u00ed\u201c kv\u016fli specifick\u00e9mu v\u00fdrobn\u00edmu procesu (o tom v\u00edce v \u010dl\u00e1nku &#8222;V \u010dem tkv\u00ed tajemstv\u00ed binchotanu&#8220; na blogu). Po rozbalen\u00ed tento b\u00edl\u00fd pr\u00e1\u0161ek jemn\u011b set\u0159ete a ty\u010dinku opl\u00e1chn\u011bte od b\u00edl\u00e9ho prachu a drobn\u00fdch ne\u010distot. Nen\u00ed vhodn\u00e9 ho \u010distit s pomoc\u00ed detergent\u016f nebo m\u00fddla.[\/vc_column_text][nectar_cta btn_style=&#8220;underline&#8220; heading_tag=&#8220;h5&#8243; text_color=&#8220;#323232&#8243; button_color=&#8220;default&#8220; button_border_thickness=&#8220;0px&#8220; link_type=&#8220;regular&#8220; alignment=&#8220;left&#8220; alignment_tablet=&#8220;default&#8220; alignment_phone=&#8220;default&#8220; display=&#8220;block&#8220; display_tablet=&#8220;inherit&#8220; display_phone=&#8220;inherit&#8220; link_text=&#8220;Cel\u00fd n\u00e1vod na pou\u017eit\u00ed&#8220; url=&#8220;\/aktivni-uhli\/#jak-to-funguje&#8220;][\/toggle][toggle color=&#8220;Default&#8220; heading_tag=&#8220;default&#8220; title=&#8220;M\u016f\u017eu pou\u017e\u00edt ty\u010dinku Binchio na \u010di\u0161t\u011bn\u00ed ochucen\u00e9 vody (d\u017eusu nebo \u010daje)?&#8220;][vc_column_text]Ne. Uhl\u00ed Binchio by se nem\u011blo vkl\u00e1dat do ochucen\u00fdch vod, nap\u0159\u00edklad vod ochucen\u00fdch ovocn\u00fdmi sirupy nebo ovocn\u00fdmi p\u0159\u00edchut\u011bmi, ani do \u010daj\u016f.[\/vc_column_text][\/toggle][toggle color=&#8220;Default&#8220; heading_tag=&#8220;default&#8220; title=&#8220;Jak m\u00e1m ty\u010dinku Binchio pou\u017e\u00edvat?&#8220;][vc_column_text]Do karafy jednodu\u0161e um\u00edst\u011bte uhl\u00ed a napou\u0161t\u011bjte pitnou vodu z kohoutku. Ide\u00e1ln\u00ed je, kdy\u017e nech\u00e1te vodu v karaf\u011b n\u011bkolik hodin, nicm\u00e9n\u011b rozd\u00edl v chuti vody pozn\u00e1te ji\u017e po hodin\u011b.[\/vc_column_text][nectar_cta btn_style=&#8220;underline&#8220; heading_tag=&#8220;h5&#8243; text_color=&#8220;#323232&#8243; button_color=&#8220;default&#8220; button_border_thickness=&#8220;0px&#8220; link_type=&#8220;regular&#8220; alignment=&#8220;left&#8220; alignment_tablet=&#8220;default&#8220; alignment_phone=&#8220;default&#8220; display=&#8220;block&#8220; display_tablet=&#8220;inherit&#8220; display_phone=&#8220;inherit&#8220; link_text=&#8220;Cel\u00fd n\u00e1vod na pou\u017eit\u00ed&#8220; url=&#8220;\/aktivni-uhli\/#jak-to-funguje&#8220;][\/toggle][toggle color=&#8220;Default&#8220; heading_tag=&#8220;default&#8220; title=&#8220;Jak dlouho ty\u010dinka Binchio vydr\u017e\u00ed?&#8220;][vc_column_text]Budete-li karafu s uhl\u00edm napl\u0148ovat ka\u017ed\u00fd den vodou, pak v\u00e1m uhl\u00ed vydr\u017e\u00ed nejsp\u00ed\u0161 4 m\u011bs\u00edce celkov\u011b. P\u0159ibli\u017en\u011b ka\u017ed\u00e9 2 t\u00fddny je vhodn\u00e9 ty\u010dinku \u201enab\u00edt\u201c a op\u011btovn\u011b pou\u017e\u00edt. Jak? Uhl\u00ed vlo\u017ete na chv\u00edli do vrouc\u00ed vody a pak nechte osu\u0161it. N\u00e1sledn\u011b ho m\u016f\u017eete dal\u0161\u00ed 2-3 t\u00fddny u\u017e\u00edvat (celkov\u00e1 \u017eivotnost uhl\u00ed je \u010dty\u0159i m\u011bs\u00edce).[\/vc_column_text][\/toggle][toggle color=&#8220;Default&#8220; heading_tag=&#8220;default&#8220; title=&#8220;Je spolknut\u00ed \u010d\u00e1sti aktivn\u00edho uhl\u00ed Binchio nebezpe\u010dn\u00e9?&#8220;][vc_column_text]Ne. Ve vod\u011b m\u016f\u017eete p\u0159\u00edle\u017eitostn\u011b spat\u0159it mali\u010dk\u00e9 pevn\u00e9 \u010d\u00e1stice z uhl\u00ed. Jejich spolknut\u00ed ale nen\u00ed nijak nebezpe\u010dn\u00e9. Obdobn\u00e9 druhy uhl\u00ed se pou\u017e\u00edvaj\u00ed i jako l\u00e9ky, nap\u0159. proti pr\u016fjmu nebo pro \u00fapravu tr\u00e1ven\u00ed.[\/vc_column_text][\/toggle][\/toggles][divider line_type=&#8220;No Line&#8220; custom_height=&#8220;30&#8243;][vc_column_text]\n<h3>Ot\u00e1zky o binchotanu<\/h3>\n[\/vc_column_text][toggles style=&#8220;minimal_small&#8220;][toggle color=&#8220;Default&#8220; heading_tag=&#8220;default&#8220; title=&#8220;Pro\u010d se uhl\u00ed binchotan ozna\u010duje jako \u201eaktivn\u00ed\u201c?&#8220;][vc_column_text]Uhl\u00ed se ozna\u010duje jako \u201eaktivn\u00ed\u201c, jeliko\u017e ionty ciz\u00edch l\u00e1tek jsou p\u0159itahov\u00e1ny k povrchu uhl\u00ed a dr\u017e\u00ed se tam. Uhl\u00ed tak\u00e9 mineralizuje &#8211; pozvolna vypou\u0161t\u00ed do vody r\u016fzn\u00e9 u\u017eite\u010dn\u00e9 miner\u00e1ly jako ho\u0159\u010d\u00edk, v\u00e1pn\u00edk nebo \u017eelezo, \u010d\u00edm\u017e vodu obohacuje a dod\u00e1v\u00e1 j\u00ed skv\u011blou chu\u0165.[\/vc_column_text][nectar_cta btn_style=&#8220;underline&#8220; heading_tag=&#8220;h5&#8243; text_color=&#8220;#323232&#8243; button_color=&#8220;default&#8220; button_border_thickness=&#8220;0px&#8220; link_type=&#8220;regular&#8220; alignment=&#8220;left&#8220; alignment_tablet=&#8220;default&#8220; alignment_phone=&#8220;default&#8220; display=&#8220;block&#8220; display_tablet=&#8220;inherit&#8220; display_phone=&#8220;inherit&#8220; link_text=&#8220;V\u00edce o tajemstv\u00ed binchotanu&#8220; url=&#8220;\/pribeh-binchotanu\/&#8220;][\/toggle][toggle color=&#8220;Default&#8220; heading_tag=&#8220;default&#8220; title=&#8220;Z \u010deho se binchotan vyr\u00e1b\u00ed? V \u010dem je proces jeho v\u00fdroby v\u00fdjime\u010dn\u00fd?&#8220;][nectar_cta btn_style=&#8220;underline&#8220; heading_tag=&#8220;h5&#8243; text_color=&#8220;#323232&#8243; button_color=&#8220;default&#8220; button_border_thickness=&#8220;0px&#8220; link_type=&#8220;regular&#8220; alignment=&#8220;left&#8220; alignment_tablet=&#8220;default&#8220; alignment_phone=&#8220;default&#8220; display=&#8220;block&#8220; display_tablet=&#8220;inherit&#8220; display_phone=&#8220;inherit&#8220; link_text=&#8220;Jak se binchotan vyr\u00e1b\u00ed a pro\u010d je tak v\u00fdjime\u010dn\u00e9&#8220; url=&#8220;\/pribeh-binchotanu\/&#8220;][\/toggle][toggle color=&#8220;Default&#8220; heading_tag=&#8220;default&#8220; title=&#8220;Jak dlouho ty\u010dinka Binchio vydr\u017e\u00ed?&#8220;][vc_column_text]Budete-li karafu s uhl\u00edm napl\u0148ovat ka\u017ed\u00fd den vodou, pak v\u00e1m uhl\u00ed vydr\u017e\u00ed nejsp\u00ed\u0161 4 m\u011bs\u00edce celkov\u011b. P\u0159ibli\u017en\u011b ka\u017ed\u00e9 2 t\u00fddny je vhodn\u00e9 ty\u010dinku \u201enab\u00edt\u201c a op\u011btovn\u011b pou\u017e\u00edt. Jak? Uhl\u00ed vlo\u017ete na chv\u00edli do vrouc\u00ed vody a pak nechte osu\u0161it. N\u00e1sledn\u011b ho m\u016f\u017eete dal\u0161\u00ed 2-3 t\u00fddny u\u017e\u00edvat (celkov\u00e1 \u017eivotnost uhl\u00ed je \u010dty\u0159i m\u011bs\u00edce).[\/vc_column_text][\/toggle][\/toggles][\/vc_column][\/vc_row]\n","protected":false},"excerpt":{"rendered":"<p>[vc_row type=&#8220;full_width_background&#8220; full_screen_row_position=&#8220;middle&#8220; column_margin=&#8220;default&#8220; equal_height=&#8220;yes&#8220; content_placement=&#8220;middle&#8220; column_direction=&#8220;default&#8220; column_direction_tablet=&#8220;default&#8220; column_direction_phone=&#8220;default&#8220; scene_position=&#8220;center&#8220; top_padding=&#8220;3%&#8220; bottom_padding=&#8220;3%&#8220; text_color=&#8220;dark&#8220; text_align=&#8220;left&#8220; row_border_radius=&#8220;none&#8220; row_border_radius_applies=&#8220;bg&#8220; overflow=&#8220;visible&#8220; id=&#8220;navod&#8220; row_name=&#8220;Sign Up Steps&#8220; overlay_strength=&#8220;0.3&#8243; gradient_direction=&#8220;left_to_right&#8220; shape_divider_position=&#8220;bottom&#8220; bg_image_animation=&#8220;none&#8220;&#8230;<\/p>\n","protected":false},"author":2,"featured_media":0,"parent":0,"menu_order":0,"comment_status":"closed","ping_status":"closed","template":"","meta":{"_acf_changed":false,"footnotes":""},"class_list":["post-6184","page","type-page","status-publish"],"acf":[],"yoast_head":"<!-- This site is optimized with the Yoast SEO plugin v27.2 - https:\/\/yoast.com\/product\/yoast-seo-wordpress\/ -->\n<title>\u010cast\u00e9 dotazy na aktivn\u00ed filtra\u010dn\u00ed uhl\u00ed Binchio<\/title>\n<meta name=\"description\" content=\"M\u00e1te ot\u00e1zky? \u017d\u00e1dn\u00fd probl\u00e9m.\" \/>\n<meta name=\"robots\" content=\"index, follow, max-snippet:-1, max-image-preview:large, max-video-preview:-1\" \/>\n<link rel=\"canonical\" href=\"https:\/\/binchio.com\/caste-dotazy\/\" \/>\n<meta property=\"og:locale\" content=\"cs_CZ\" \/>\n<meta property=\"og:type\" content=\"article\" \/>\n<meta property=\"og:title\" content=\"\u010cast\u00e9 dotazy na aktivn\u00ed filtra\u010dn\u00ed uhl\u00ed Binchio\" \/>\n<meta property=\"og:description\" content=\"M\u00e1te ot\u00e1zky? \u017d\u00e1dn\u00fd probl\u00e9m.\" \/>\n<meta property=\"og:url\" content=\"https:\/\/binchio.com\/caste-dotazy\/\" \/>\n<meta property=\"og:site_name\" content=\"Binchio\" \/>\n<meta property=\"article:publisher\" content=\"https:\/\/www.facebook.com\/binchiouhli\/\" \/>\n<meta property=\"article:modified_time\" content=\"2022-06-09T18:43:19+00:00\" \/>\n<meta property=\"og:image\" content=\"https:\/\/d.r1.wbsprt.com\/binchio.com\/wp-content\/uploads\/2020\/08\/binchio-fb-default-share-image-v20200802-1.jpg\" \/>\n\t<meta property=\"og:image:width\" content=\"1800\" \/>\n\t<meta property=\"og:image:height\" content=\"945\" \/>\n\t<meta property=\"og:image:type\" content=\"image\/jpeg\" \/>\n<meta name=\"twitter:card\" content=\"summary_large_image\" \/>\n<meta name=\"twitter:label1\" content=\"Odhadovan\u00e1 doba \u010dten\u00ed\" \/>\n\t<meta name=\"twitter:data1\" content=\"7 minut\" \/>\n<script type=\"application\/ld+json\" class=\"yoast-schema-graph\">{\"@context\":\"https:\/\/schema.org\",\"@graph\":[{\"@type\":\"WebPage\",\"@id\":\"https:\/\/binchio.com\/caste-dotazy\/\",\"url\":\"https:\/\/binchio.com\/caste-dotazy\/\",\"name\":\"\u010cast\u00e9 dotazy na aktivn\u00ed filtra\u010dn\u00ed uhl\u00ed Binchio\",\"isPartOf\":{\"@id\":\"https:\/\/binchio.com\/#website\"},\"datePublished\":\"2020-08-20T04:55:28+00:00\",\"dateModified\":\"2022-06-09T18:43:19+00:00\",\"description\":\"M\u00e1te ot\u00e1zky? \u017d\u00e1dn\u00fd probl\u00e9m.\",\"breadcrumb\":{\"@id\":\"https:\/\/binchio.com\/caste-dotazy\/#breadcrumb\"},\"inLanguage\":\"cs\",\"potentialAction\":[{\"@type\":\"ReadAction\",\"target\":[\"https:\/\/binchio.com\/caste-dotazy\/\"]}]},{\"@type\":\"BreadcrumbList\",\"@id\":\"https:\/\/binchio.com\/caste-dotazy\/#breadcrumb\",\"itemListElement\":[{\"@type\":\"ListItem\",\"position\":1,\"name\":\"Home\",\"item\":\"https:\/\/binchio.com\/\"},{\"@type\":\"ListItem\",\"position\":2,\"name\":\"\u010cast\u00e9 dotazy\"}]},{\"@type\":\"WebSite\",\"@id\":\"https:\/\/binchio.com\/#website\",\"url\":\"https:\/\/binchio.com\/\",\"name\":\"Binchio\",\"description\":\"100% p\u0159\u00edrodn\u00ed filtrace vody pomoc\u00ed aktivn\u00edho filtra\u010dn\u00edho uhl\u00ed binchotan\",\"publisher\":{\"@id\":\"https:\/\/binchio.com\/#organization\"},\"potentialAction\":[{\"@type\":\"SearchAction\",\"target\":{\"@type\":\"EntryPoint\",\"urlTemplate\":\"https:\/\/binchio.com\/?s={search_term_string}\"},\"query-input\":{\"@type\":\"PropertyValueSpecification\",\"valueRequired\":true,\"valueName\":\"search_term_string\"}}],\"inLanguage\":\"cs\"},{\"@type\":\"Organization\",\"@id\":\"https:\/\/binchio.com\/#organization\",\"name\":\"Binchio\",\"url\":\"https:\/\/binchio.com\/\",\"logo\":{\"@type\":\"ImageObject\",\"inLanguage\":\"cs\",\"@id\":\"https:\/\/binchio.com\/#\/schema\/logo\/image\/\",\"url\":\"https:\/\/binchio.com\/wp-content\/uploads\/2020\/07\/binchio-logo.svg\",\"contentUrl\":\"https:\/\/binchio.com\/wp-content\/uploads\/2020\/07\/binchio-logo.svg\",\"width\":200,\"height\":430,\"caption\":\"Binchio\"},\"image\":{\"@id\":\"https:\/\/binchio.com\/#\/schema\/logo\/image\/\"},\"sameAs\":[\"https:\/\/www.facebook.com\/binchiouhli\/\",\"https:\/\/www.instagram.com\/milan_suchy\"]}]}<\/script>\n<!-- \/ Yoast SEO plugin. -->","yoast_head_json":{"title":"\u010cast\u00e9 dotazy na aktivn\u00ed filtra\u010dn\u00ed uhl\u00ed Binchio","description":"M\u00e1te ot\u00e1zky? \u017d\u00e1dn\u00fd probl\u00e9m.","robots":{"index":"index","follow":"follow","max-snippet":"max-snippet:-1","max-image-preview":"max-image-preview:large","max-video-preview":"max-video-preview:-1"},"canonical":"https:\/\/binchio.com\/caste-dotazy\/","og_locale":"cs_CZ","og_type":"article","og_title":"\u010cast\u00e9 dotazy na aktivn\u00ed filtra\u010dn\u00ed uhl\u00ed Binchio","og_description":"M\u00e1te ot\u00e1zky? \u017d\u00e1dn\u00fd probl\u00e9m.","og_url":"https:\/\/binchio.com\/caste-dotazy\/","og_site_name":"Binchio","article_publisher":"https:\/\/www.facebook.com\/binchiouhli\/","article_modified_time":"2022-06-09T18:43:19+00:00","og_image":[{"width":1800,"height":945,"url":"https:\/\/d.r1.wbsprt.com\/binchio.com\/wp-content\/uploads\/2020\/08\/binchio-fb-default-share-image-v20200802-1.jpg","type":"image\/jpeg"}],"twitter_card":"summary_large_image","twitter_misc":{"Odhadovan\u00e1 doba \u010dten\u00ed":"7 minut"},"schema":{"@context":"https:\/\/schema.org","@graph":[{"@type":"WebPage","@id":"https:\/\/binchio.com\/caste-dotazy\/","url":"https:\/\/binchio.com\/caste-dotazy\/","name":"\u010cast\u00e9 dotazy na aktivn\u00ed filtra\u010dn\u00ed uhl\u00ed Binchio","isPartOf":{"@id":"https:\/\/binchio.com\/#website"},"datePublished":"2020-08-20T04:55:28+00:00","dateModified":"2022-06-09T18:43:19+00:00","description":"M\u00e1te ot\u00e1zky? \u017d\u00e1dn\u00fd probl\u00e9m.","breadcrumb":{"@id":"https:\/\/binchio.com\/caste-dotazy\/#breadcrumb"},"inLanguage":"cs","potentialAction":[{"@type":"ReadAction","target":["https:\/\/binchio.com\/caste-dotazy\/"]}]},{"@type":"BreadcrumbList","@id":"https:\/\/binchio.com\/caste-dotazy\/#breadcrumb","itemListElement":[{"@type":"ListItem","position":1,"name":"Home","item":"https:\/\/binchio.com\/"},{"@type":"ListItem","position":2,"name":"\u010cast\u00e9 dotazy"}]},{"@type":"WebSite","@id":"https:\/\/binchio.com\/#website","url":"https:\/\/binchio.com\/","name":"Binchio","description":"100% p\u0159\u00edrodn\u00ed filtrace vody pomoc\u00ed aktivn\u00edho filtra\u010dn\u00edho uhl\u00ed binchotan","publisher":{"@id":"https:\/\/binchio.com\/#organization"},"potentialAction":[{"@type":"SearchAction","target":{"@type":"EntryPoint","urlTemplate":"https:\/\/binchio.com\/?s={search_term_string}"},"query-input":{"@type":"PropertyValueSpecification","valueRequired":true,"valueName":"search_term_string"}}],"inLanguage":"cs"},{"@type":"Organization","@id":"https:\/\/binchio.com\/#organization","name":"Binchio","url":"https:\/\/binchio.com\/","logo":{"@type":"ImageObject","inLanguage":"cs","@id":"https:\/\/binchio.com\/#\/schema\/logo\/image\/","url":"https:\/\/binchio.com\/wp-content\/uploads\/2020\/07\/binchio-logo.svg","contentUrl":"https:\/\/binchio.com\/wp-content\/uploads\/2020\/07\/binchio-logo.svg","width":200,"height":430,"caption":"Binchio"},"image":{"@id":"https:\/\/binchio.com\/#\/schema\/logo\/image\/"},"sameAs":["https:\/\/www.facebook.com\/binchiouhli\/","https:\/\/www.instagram.com\/milan_suchy"]}]}},"_links":{"self":[{"href":"https:\/\/d.r1.wbsprt.com\/binchio.com\/wp-json\/wp\/v2\/pages\/6184","targetHints":{"allow":["GET"]}}],"collection":[{"href":"https:\/\/d.r1.wbsprt.com\/binchio.com\/wp-json\/wp\/v2\/pages"}],"about":[{"href":"https:\/\/d.r1.wbsprt.com\/binchio.com\/wp-json\/wp\/v2\/types\/page"}],"author":[{"embeddable":true,"href":"https:\/\/d.r1.wbsprt.com\/binchio.com\/wp-json\/wp\/v2\/users\/2"}],"replies":[{"embeddable":true,"href":"https:\/\/d.r1.wbsprt.com\/binchio.com\/wp-json\/wp\/v2\/comments?post=6184"}],"version-history":[{"count":0,"href":"https:\/\/d.r1.wbsprt.com\/binchio.com\/wp-json\/wp\/v2\/pages\/6184\/revisions"}],"wp:attachment":[{"href":"https:\/\/d.r1.wbsprt.com\/binchio.com\/wp-json\/wp\/v2\/media?parent=6184"}],"curies":[{"name":"wp","href":"https:\/\/api.w.org\/{rel}","templated":true}]}}