{"id":995,"date":"2021-03-01T11:46:05","date_gmt":"2021-03-01T10:46:05","guid":{"rendered":"http:\/\/d.r1.wbsprt.com\/beservice.sk\/?page_id=995"},"modified":"2022-04-26T08:42:22","modified_gmt":"2022-04-26T06:42:22","slug":"partneri","status":"publish","type":"page","link":"https:\/\/d.r1.wbsprt.com\/beservice.sk\/partneri\/","title":{"rendered":"Partneri"},"content":{"rendered":"<p>[vc_row row_type=&#8221;row_full_center_content&#8221; bg_image=&#8221;1015&#8243; bg_position=&#8221;center center&#8221; row_parallax=&#8221;false&#8221; row_text_color=&#8221;row_text_light&#8221; padding_top=&#8221;150&#8243; padding_bottom=&#8221;150&#8243;][vc_column css=&#8221;.vc_custom_1558517820316{padding-top: 20px !important;padding-right: 20px !important;padding-bottom: 20px !important;padding-left: 20px !important;background-color: rgba(255,255,255,0.79) !important;*background-color: rgb(255,255,255) !important;}&#8221;][vc_empty_space]\n\t<div class=\"custom-heading wpb_content_element  text-center\">\n\t\t<h2 class=\"heading-title\" >NA\u0160I PARTNERI<\/h2>\n\t\t<span class=\"heading-line primary\"><\/span>\n\t<\/div>[vc_column_text]<\/p>\n<h3 style=\"text-align: center;\">Na\u0161i dod\u00e1vatelia pre jednotliv\u00e9 v\u00fdrobky, komponenty a slu\u017eby s\u00fa overen\u00e9 spolo\u010dnosti s dlhoro\u010dnou p\u00f4sobnos\u0165ou v stavebnom odvetv\u00ed.<\/h3>\n<p>[\/vc_column_text][vc_empty_space][\/vc_column][\/vc_row][vc_row][vc_column]\n\t<div class=\"custom-heading wpb_content_element  text-center\">\n\t\t<h2 class=\"heading-title\" >OVEREN\u00c9 SPOLO\u010cNOSTI<\/h2>\n\t\t<span class=\"heading-line primary\"><\/span>\n\t<\/div>[vc_column_text]<\/p>\n<h3 style=\"text-align: center;\">Prostredn\u00edctvom nich sme schopn\u00ed zabezpe\u010di\u0165 takmer cel\u00fa \u0161k\u00e1lu jednotliv\u00fdch prvkov<\/h3>\n<h3 style=\"text-align: center;\">pre servis, \u00fadr\u017ebu a opravu okien, dver\u00ed a fas\u00e1d.<\/h3>\n<p>[\/vc_column_text][\/vc_column][\/vc_row][vc_row row_type=&#8221;row_full_center_content&#8221; bg_color=&#8221;#f7f7f7&#8243;][vc_column][vc_empty_space height=&#8221;50px&#8221;][vc_row_inner][vc_column_inner width=&#8221;1\/2&#8243;]\n\t<div class=\"custom-heading wpb_content_element  heading-medium\">\n\t\t<h2 class=\"heading-title\" >PROFILOV\u00c9 SYST\u00c9MY<\/h2>\n\t\t<span class=\"heading-line primary\"><\/span>\n\t<\/div>[vc_column_text]SCH\u00dcCO, HUECK-HARTMANN, REYNAERS, WICONA, HEROAL, ALUPROF, ALIPLAST, JANSEN, CORTIZO, ALUMIL, SAPA, THYSSEN,REHAU, SALAMANDER, VEKA, GEALAN, TROCAL\u2026[\/vc_column_text][\/vc_column_inner][vc_column_inner width=&#8221;1\/2&#8243;]\n\t<div class=\"custom-heading wpb_content_element  heading-medium\">\n\t\t<h2 class=\"heading-title\" >SYST\u00c9MY KOVAN\u00cd A PR\u00cdSLU\u0160ENSTVA<\/h2>\n\t\t<span class=\"heading-line primary\"><\/span>\n\t<\/div>[vc_column_text]SCH\u00dcCO, HUECK-HARTMANN, SOBINCO, G-U, SIEGENIA, WINKHAUS, WICONA, ROTO, MACO, FAPIM, GEZE, DORMA, HOPPE, Dr.HAHN, CISA, ASSA ABLOY, NEMEF, FAB, HAUTAU, PLANET, BKW, WALA, AGB\u2026[\/vc_column_text][\/vc_column_inner][\/vc_row_inner][vc_empty_space height=&#8221;50px&#8221;][vc_separator][vc_empty_space height=&#8221;50px&#8221;][vc_row_inner][vc_column_inner width=&#8221;1\/2&#8243;]\n\t<div class=\"custom-heading wpb_content_element  heading-medium\">\n\t\t<h2 class=\"heading-title\" >PRODUKTY SKIEL<\/h2>\n\t\t<span class=\"heading-line primary\"><\/span>\n\t<\/div>[vc_column_text]SAINT-GOBAIN, GUARDIAN INDUSTRIES, AGC Group, PILKINGTON, INTERPANE, GLASKO, SGP, JULICH GLASS\u2026[\/vc_column_text][\/vc_column_inner][vc_column_inner width=&#8221;1\/2&#8243;]\n\t<div class=\"custom-heading wpb_content_element  heading-medium\">\n\t\t<h2 class=\"heading-title\" >AUTOMATICK\u00c9 DVERN\u00c9 SYST\u00c9MY<\/h2>\n\t\t<span class=\"heading-line primary\"><\/span>\n\t<\/div>[vc_column_text]GEZE, EMOS ALUMATIC\u2026[\/vc_column_text][\/vc_column_inner][\/vc_row_inner][vc_empty_space height=&#8221;50px&#8221;][\/vc_column][\/vc_row][vc_row row_type=&#8221;row_full_center_content&#8221; padding_top=&#8221;60&#8243; padding_bottom=&#8221;50&#8243;][vc_column]\n\t<div class=\"custom-heading wpb_content_element  text-center\">\n\t\t<h2 class=\"heading-title\" >NA\u0160I PARTNERI<\/h2>\n\t\t<span class=\"heading-line primary\"><\/span>\n\t<\/div>[vc_empty_space][vc_row_inner][vc_column_inner width=&#8221;1\/4&#8243;][vc_single_image image=&#8221;873&#8243; img_size=&#8221;&#8221; alignment=&#8221;center&#8221; onclick=&#8221;custom_link&#8221; link=&#8221;https:\/\/www.hasta.sk\/?gclid=CjwKCAjwjZmTBhB4EiwAynRmD4_nJXN1epdF_45X34WvhqO9zeW7Tx_saFbpT8E1lZ3K_rqUYOTzYhoCe6YQAvD_BwE&#8221;][vc_empty_space height=&#8221;15px&#8221;][\/vc_column_inner][vc_column_inner width=&#8221;1\/4&#8243;][vc_single_image image=&#8221;874&#8243; img_size=&#8221;&#8221; alignment=&#8221;center&#8221; onclick=&#8221;custom_link&#8221; link=&#8221;https:\/\/www.schueco.com\/sk\/individualni-zakaznici&#8221;][vc_empty_space height=&#8221;15px&#8221;][\/vc_column_inner][vc_column_inner width=&#8221;1\/4&#8243;][vc_single_image image=&#8221;875&#8243; img_size=&#8221;&#8221; alignment=&#8221;center&#8221; onclick=&#8221;custom_link&#8221; link=&#8221;https:\/\/www.hueck.cz\/alu-sys\/cs\/cz\/home.html&#8221;][vc_empty_space height=&#8221;15px&#8221;][\/vc_column_inner][vc_column_inner width=&#8221;1\/4&#8243;][vc_single_image image=&#8221;876&#8243; img_size=&#8221;&#8221; alignment=&#8221;center&#8221; onclick=&#8221;custom_link&#8221; link=&#8221;https:\/\/www.g-u.com\/en\/SK.html&#8221;][vc_empty_space height=&#8221;15px&#8221;][\/vc_column_inner][\/vc_row_inner][vc_empty_space][vc_row_inner][vc_column_inner width=&#8221;1\/4&#8243;][vc_single_image image=&#8221;879&#8243; img_size=&#8221;&#8221; alignment=&#8221;center&#8221; onclick=&#8221;custom_link&#8221; link=&#8221;https:\/\/www.hamax.sk\/&#8221;][vc_empty_space height=&#8221;15px&#8221;][\/vc_column_inner][vc_column_inner width=&#8221;1\/4&#8243;][vc_single_image image=&#8221;880&#8243; img_size=&#8221;&#8221; alignment=&#8221;center&#8221; onclick=&#8221;custom_link&#8221; link=&#8221;https:\/\/www.kjg.sk\/&#8221;][vc_empty_space height=&#8221;15px&#8221;][\/vc_column_inner][vc_column_inner width=&#8221;1\/4&#8243;][vc_single_image image=&#8221;881&#8243; img_size=&#8221;&#8221; alignment=&#8221;center&#8221; onclick=&#8221;custom_link&#8221; link=&#8221;https:\/\/www.allmedia.sk\/&#8221;][vc_empty_space height=&#8221;15px&#8221;][\/vc_column_inner][vc_column_inner width=&#8221;1\/4&#8243;][vc_single_image image=&#8221;882&#8243; img_size=&#8221;&#8221; alignment=&#8221;center&#8221; onclick=&#8221;custom_link&#8221; link=&#8221;http:\/\/www.autokovolak.sk\/&#8221;][vc_empty_space height=&#8221;15px&#8221;][\/vc_column_inner][\/vc_row_inner][vc_empty_space][vc_row_inner][vc_column_inner width=&#8221;1\/4&#8243;][vc_single_image image=&#8221;885&#8243; img_size=&#8221;&#8221; alignment=&#8221;center&#8221; onclick=&#8221;custom_link&#8221; link=&#8221;https:\/\/www.reynaers.com\/&#8221;][vc_empty_space height=&#8221;15px&#8221;][\/vc_column_inner][vc_column_inner width=&#8221;1\/4&#8243;][vc_single_image image=&#8221;886&#8243; img_size=&#8221;&#8221; alignment=&#8221;center&#8221; onclick=&#8221;custom_link&#8221; link=&#8221;https:\/\/www.wicona.com\/en\/int\/&#8221;][vc_empty_space height=&#8221;15px&#8221;][\/vc_column_inner][vc_column_inner width=&#8221;1\/4&#8243;][vc_single_image image=&#8221;887&#8243; img_size=&#8221;&#8221; alignment=&#8221;center&#8221; onclick=&#8221;custom_link&#8221; link=&#8221;https:\/\/www.rehau.com\/sk-sk&#8221;][vc_empty_space height=&#8221;15px&#8221;][\/vc_column_inner][vc_column_inner width=&#8221;1\/4&#8243;][vc_single_image image=&#8221;888&#8243; img_size=&#8221;&#8221; alignment=&#8221;center&#8221; onclick=&#8221;custom_link&#8221; link=&#8221;https:\/\/glassolutions.sk\/sk&#8221;][vc_empty_space height=&#8221;15px&#8221;][\/vc_column_inner][\/vc_row_inner][vc_empty_space][vc_row_inner][vc_column_inner width=&#8221;1\/4&#8243;][vc_single_image image=&#8221;883&#8243; img_size=&#8221;&#8221; alignment=&#8221;center&#8221; onclick=&#8221;custom_link&#8221; link=&#8221;https:\/\/www.schachermayer.sk\/&#8221;][vc_empty_space height=&#8221;15px&#8221;][\/vc_column_inner][vc_column_inner width=&#8221;1\/4&#8243;][vc_single_image image=&#8221;884&#8243; img_size=&#8221;&#8221; alignment=&#8221;center&#8221; onclick=&#8221;custom_link&#8221; link=&#8221;https:\/\/ravagobuildingsolutions.com\/sk\/sk\/&#8221;][vc_empty_space height=&#8221;15px&#8221;][\/vc_column_inner][vc_column_inner width=&#8221;1\/4&#8243;][vc_single_image image=&#8221;890&#8243; img_size=&#8221;&#8221; alignment=&#8221;center&#8221; onclick=&#8221;custom_link&#8221; link=&#8221;https:\/\/www.fenestrask.sk\/sk&#8221;][vc_empty_space height=&#8221;15px&#8221;][\/vc_column_inner][vc_column_inner width=&#8221;1\/4&#8243;][vc_single_image image=&#8221;889&#8243; img_size=&#8221;&#8221; alignment=&#8221;center&#8221; onclick=&#8221;custom_link&#8221; link=&#8221;http:\/\/www.glasko.sk\/&#8221;][vc_empty_space height=&#8221;15px&#8221;][\/vc_column_inner][\/vc_row_inner][vc_empty_space][vc_row_inner][vc_column_inner width=&#8221;1\/4&#8243;][vc_single_image image=&#8221;891&#8243; img_size=&#8221;&#8221; alignment=&#8221;center&#8221; onclick=&#8221;custom_link&#8221; link=&#8221;https:\/\/www.winktrade.sk\/&#8221;][vc_empty_space height=&#8221;15px&#8221;][\/vc_column_inner][vc_column_inner width=&#8221;1\/4&#8243;][vc_single_image image=&#8221;892&#8243; img_size=&#8221;&#8221; alignment=&#8221;center&#8221; onclick=&#8221;custom_link&#8221; link=&#8221;https:\/\/www.boels.com\/sk-sk\/&#8221;][vc_empty_space height=&#8221;15px&#8221;][\/vc_column_inner][vc_column_inner width=&#8221;1\/4&#8243;][vc_single_image image=&#8221;893&#8243; img_size=&#8221;&#8221; alignment=&#8221;center&#8221; onclick=&#8221;custom_link&#8221; link=&#8221;https:\/\/www.felbermayr.sk\/&#8221;][vc_empty_space height=&#8221;15px&#8221;][\/vc_column_inner][vc_column_inner width=&#8221;1\/4&#8243;][vc_single_image image=&#8221;894&#8243; img_size=&#8221;&#8221; alignment=&#8221;center&#8221; onclick=&#8221;custom_link&#8221; link=&#8221;https:\/\/www.slovaktual.sk\/?gclid=CjwKCAjwjZmTBhB4EiwAynRmD4f7cWRSldHTzLekdTsj_gIcwLzLwon-VREsfXB7CaMfEgWKm8nxGRoCdzEQAvD_BwE&#8221;][vc_empty_space height=&#8221;15px&#8221;][\/vc_column_inner][\/vc_row_inner][vc_empty_space][vc_row_inner][vc_column_inner width=&#8221;1\/4&#8243;][vc_single_image image=&#8221;897&#8243; img_size=&#8221;&#8221; alignment=&#8221;center&#8221; onclick=&#8221;custom_link&#8221; link=&#8221;https:\/\/www.emos-alumatic.sk\/&#8221;][vc_empty_space height=&#8221;15px&#8221;][\/vc_column_inner][vc_column_inner width=&#8221;1\/4&#8243;][vc_single_image image=&#8221;898&#8243; img_size=&#8221;&#8221; alignment=&#8221;center&#8221; onclick=&#8221;custom_link&#8221; link=&#8221;https:\/\/www.tesmont.sk\/&#8221;][vc_empty_space height=&#8221;15px&#8221;][\/vc_column_inner][vc_column_inner width=&#8221;1\/4&#8243;][vc_single_image image=&#8221;878&#8243; img_size=&#8221;&#8221; alignment=&#8221;center&#8221; onclick=&#8221;custom_link&#8221; link=&#8221;https:\/\/www.agc-trencin.sk\/&#8221;][vc_empty_space height=&#8221;15px&#8221;][\/vc_column_inner][vc_column_inner width=&#8221;1\/4&#8243;][vc_single_image image=&#8221;896&#8243; img_size=&#8221;&#8221; alignment=&#8221;center&#8221; onclick=&#8221;custom_link&#8221; link=&#8221;https:\/\/www.geze.sk\/sk\/&#8221;][vc_empty_space height=&#8221;15px&#8221;][\/vc_column_inner][\/vc_row_inner][vc_empty_space][vc_row_inner][vc_column_inner width=&#8221;1\/4&#8243;][vc_single_image image=&#8221;895&#8243; img_size=&#8221;&#8221; alignment=&#8221;center&#8221; onclick=&#8221;custom_link&#8221; link=&#8221;https:\/\/www.hk-impex.sk\/&#8221;][vc_empty_space height=&#8221;15px&#8221;][\/vc_column_inner][vc_column_inner width=&#8221;1\/4&#8243;][\/vc_column_inner][vc_column_inner width=&#8221;1\/4&#8243;][\/vc_column_inner][vc_column_inner width=&#8221;1\/4&#8243;][\/vc_column_inner][\/vc_row_inner][\/vc_column][\/vc_row]<\/p>\n","protected":false},"excerpt":{"rendered":"<p>[vc_row row_type=&#8221;row_full_center_content&#8221; bg_image=&#8221;1015&#8243; bg_position=&#8221;center center&#8221; row_parallax=&#8221;false&#8221; row_text_color=&#8221;row_text_light&#8221; padding_top=&#8221;150&#8243; padding_bottom=&#8221;150&#8243;][vc_column css=&#8221;.vc_custom_1558517820316{padding-top: 20px !important;padding-right: 20px !important;padding-bottom: 20px !important;padding-left: 20px !important;background-color: rgba(255,255,255,0.79) !important;*background-color: rgb(255,255,255) &#8230;<\/p>\n","protected":false},"author":2,"featured_media":0,"parent":0,"menu_order":0,"comment_status":"closed","ping_status":"closed","template":"","meta":{"_mi_skip_tracking":false,"_monsterinsights_sitenote_active":false,"_monsterinsights_sitenote_note":"","_monsterinsights_sitenote_category":0,"footnotes":""},"yoast_head":"<!-- This site is optimized with the Yoast SEO plugin v20.10 - https:\/\/yoast.com\/wordpress\/plugins\/seo\/ -->\n<title>Partneri - beservice.sk - na\u0161imi partnermi s\u00fa overen\u00e9 spolo\u010dnosti<\/title>\n<meta name=\"description\" content=\"Na\u0161i dod\u00e1vatelia pre jednotliv\u00e9 v\u00fdrobky, komponenty a slu\u017eby s\u00fa overen\u00e9 spolo\u010dnosti s dlhoro\u010dnou p\u00f4sobnos\u0165ou v stavebnom odvetv\u00ed. Servis, \u00fadr\u017ebu a opravu okien, dver\u00ed a fas\u00e1d.\" \/>\n<meta name=\"robots\" content=\"index, follow, max-snippet:-1, max-image-preview:large, max-video-preview:-1\" \/>\n<link rel=\"canonical\" href=\"https:\/\/beservice.sk\/partneri\/\" \/>\n<meta property=\"og:locale\" content=\"sk_SK\" \/>\n<meta property=\"og:type\" content=\"article\" \/>\n<meta property=\"og:title\" content=\"Partneri - beservice.sk - na\u0161imi partnermi s\u00fa overen\u00e9 spolo\u010dnosti\" \/>\n<meta property=\"og:description\" content=\"Na\u0161i dod\u00e1vatelia pre jednotliv\u00e9 v\u00fdrobky, komponenty a slu\u017eby s\u00fa overen\u00e9 spolo\u010dnosti s dlhoro\u010dnou p\u00f4sobnos\u0165ou v stavebnom odvetv\u00ed. Servis, \u00fadr\u017ebu a opravu okien, dver\u00ed a fas\u00e1d.\" \/>\n<meta property=\"og:url\" content=\"https:\/\/beservice.sk\/partneri\/\" \/>\n<meta property=\"og:site_name\" content=\"beservice.sk\" \/>\n<meta property=\"article:modified_time\" content=\"2022-04-26T06:42:22+00:00\" \/>\n<meta name=\"twitter:card\" content=\"summary_large_image\" \/>\n<meta name=\"twitter:label1\" content=\"Predpokladan\u00fd \u010das \u010d\u00edtania\" \/>\n\t<meta name=\"twitter:data1\" content=\"2 min\u00faty\" \/>\n<script type=\"application\/ld+json\" class=\"yoast-schema-graph\">{\"@context\":\"https:\/\/schema.org\",\"@graph\":[{\"@type\":\"WebPage\",\"@id\":\"https:\/\/beservice.sk\/partneri\/\",\"url\":\"https:\/\/beservice.sk\/partneri\/\",\"name\":\"Partneri - beservice.sk - na\u0161imi partnermi s\u00fa overen\u00e9 spolo\u010dnosti\",\"isPartOf\":{\"@id\":\"https:\/\/beservice.sk\/#website\"},\"datePublished\":\"2021-03-01T10:46:05+00:00\",\"dateModified\":\"2022-04-26T06:42:22+00:00\",\"description\":\"Na\u0161i dod\u00e1vatelia pre jednotliv\u00e9 v\u00fdrobky, komponenty a slu\u017eby s\u00fa overen\u00e9 spolo\u010dnosti s dlhoro\u010dnou p\u00f4sobnos\u0165ou v stavebnom odvetv\u00ed. Servis, \u00fadr\u017ebu a opravu okien, dver\u00ed a fas\u00e1d.\",\"breadcrumb\":{\"@id\":\"https:\/\/beservice.sk\/partneri\/#breadcrumb\"},\"inLanguage\":\"sk-SK\",\"potentialAction\":[{\"@type\":\"ReadAction\",\"target\":[\"https:\/\/beservice.sk\/partneri\/\"]}]},{\"@type\":\"BreadcrumbList\",\"@id\":\"https:\/\/beservice.sk\/partneri\/#breadcrumb\",\"itemListElement\":[{\"@type\":\"ListItem\",\"position\":1,\"name\":\"Home\",\"item\":\"https:\/\/beservice.sk\/\"},{\"@type\":\"ListItem\",\"position\":2,\"name\":\"Partneri\"}]},{\"@type\":\"WebSite\",\"@id\":\"https:\/\/beservice.sk\/#website\",\"url\":\"https:\/\/beservice.sk\/\",\"name\":\"beservice.sk\",\"description\":\"Spo\u013eahliv\u00fd partner v oblasti \u00fadr\u017eby a servisu obvodov\u00fdch pl\u00e1\u0161\u0165ov a v\u00fdpln\u00ed stavebn\u00fdch otvorov\",\"potentialAction\":[{\"@type\":\"SearchAction\",\"target\":{\"@type\":\"EntryPoint\",\"urlTemplate\":\"https:\/\/beservice.sk\/?s={search_term_string}\"},\"query-input\":\"required name=search_term_string\"}],\"inLanguage\":\"sk-SK\"}]}<\/script>\n<!-- \/ Yoast SEO plugin. -->","yoast_head_json":{"title":"Partneri - beservice.sk - na\u0161imi partnermi s\u00fa overen\u00e9 spolo\u010dnosti","description":"Na\u0161i dod\u00e1vatelia pre jednotliv\u00e9 v\u00fdrobky, komponenty a slu\u017eby s\u00fa overen\u00e9 spolo\u010dnosti s dlhoro\u010dnou p\u00f4sobnos\u0165ou v stavebnom odvetv\u00ed. Servis, \u00fadr\u017ebu a opravu okien, dver\u00ed a fas\u00e1d.","robots":{"index":"index","follow":"follow","max-snippet":"max-snippet:-1","max-image-preview":"max-image-preview:large","max-video-preview":"max-video-preview:-1"},"canonical":"https:\/\/beservice.sk\/partneri\/","og_locale":"sk_SK","og_type":"article","og_title":"Partneri - beservice.sk - na\u0161imi partnermi s\u00fa overen\u00e9 spolo\u010dnosti","og_description":"Na\u0161i dod\u00e1vatelia pre jednotliv\u00e9 v\u00fdrobky, komponenty a slu\u017eby s\u00fa overen\u00e9 spolo\u010dnosti s dlhoro\u010dnou p\u00f4sobnos\u0165ou v stavebnom odvetv\u00ed. Servis, \u00fadr\u017ebu a opravu okien, dver\u00ed a fas\u00e1d.","og_url":"https:\/\/beservice.sk\/partneri\/","og_site_name":"beservice.sk","article_modified_time":"2022-04-26T06:42:22+00:00","twitter_card":"summary_large_image","twitter_misc":{"Predpokladan\u00fd \u010das \u010d\u00edtania":"2 min\u00faty"},"schema":{"@context":"https:\/\/schema.org","@graph":[{"@type":"WebPage","@id":"https:\/\/beservice.sk\/partneri\/","url":"https:\/\/beservice.sk\/partneri\/","name":"Partneri - beservice.sk - na\u0161imi partnermi s\u00fa overen\u00e9 spolo\u010dnosti","isPartOf":{"@id":"https:\/\/beservice.sk\/#website"},"datePublished":"2021-03-01T10:46:05+00:00","dateModified":"2022-04-26T06:42:22+00:00","description":"Na\u0161i dod\u00e1vatelia pre jednotliv\u00e9 v\u00fdrobky, komponenty a slu\u017eby s\u00fa overen\u00e9 spolo\u010dnosti s dlhoro\u010dnou p\u00f4sobnos\u0165ou v stavebnom odvetv\u00ed. Servis, \u00fadr\u017ebu a opravu okien, dver\u00ed a fas\u00e1d.","breadcrumb":{"@id":"https:\/\/beservice.sk\/partneri\/#breadcrumb"},"inLanguage":"sk-SK","potentialAction":[{"@type":"ReadAction","target":["https:\/\/beservice.sk\/partneri\/"]}]},{"@type":"BreadcrumbList","@id":"https:\/\/beservice.sk\/partneri\/#breadcrumb","itemListElement":[{"@type":"ListItem","position":1,"name":"Home","item":"https:\/\/beservice.sk\/"},{"@type":"ListItem","position":2,"name":"Partneri"}]},{"@type":"WebSite","@id":"https:\/\/beservice.sk\/#website","url":"https:\/\/beservice.sk\/","name":"beservice.sk","description":"Spo\u013eahliv\u00fd partner v oblasti \u00fadr\u017eby a servisu obvodov\u00fdch pl\u00e1\u0161\u0165ov a v\u00fdpln\u00ed stavebn\u00fdch otvorov","potentialAction":[{"@type":"SearchAction","target":{"@type":"EntryPoint","urlTemplate":"https:\/\/beservice.sk\/?s={search_term_string}"},"query-input":"required name=search_term_string"}],"inLanguage":"sk-SK"}]}},"_links":{"self":[{"href":"https:\/\/d.r1.wbsprt.com\/beservice.sk\/wp-json\/wp\/v2\/pages\/995"}],"collection":[{"href":"https:\/\/d.r1.wbsprt.com\/beservice.sk\/wp-json\/wp\/v2\/pages"}],"about":[{"href":"https:\/\/d.r1.wbsprt.com\/beservice.sk\/wp-json\/wp\/v2\/types\/page"}],"author":[{"embeddable":true,"href":"https:\/\/d.r1.wbsprt.com\/beservice.sk\/wp-json\/wp\/v2\/users\/2"}],"replies":[{"embeddable":true,"href":"https:\/\/d.r1.wbsprt.com\/beservice.sk\/wp-json\/wp\/v2\/comments?post=995"}],"version-history":[{"count":7,"href":"https:\/\/d.r1.wbsprt.com\/beservice.sk\/wp-json\/wp\/v2\/pages\/995\/revisions"}],"predecessor-version":[{"id":1974,"href":"https:\/\/d.r1.wbsprt.com\/beservice.sk\/wp-json\/wp\/v2\/pages\/995\/revisions\/1974"}],"wp:attachment":[{"href":"https:\/\/d.r1.wbsprt.com\/beservice.sk\/wp-json\/wp\/v2\/media?parent=995"}],"curies":[{"name":"wp","href":"https:\/\/api.w.org\/{rel}","templated":true}]}}