{"id":30,"date":"2021-02-18T13:20:50","date_gmt":"2021-02-18T12:20:50","guid":{"rendered":"http:\/\/d.r1.wbsprt.com\/beservice.sk\/?page_id=30"},"modified":"2021-05-13T10:34:08","modified_gmt":"2021-05-13T08:34:08","slug":"predaj-a-montaz-doplnkov","status":"publish","type":"page","link":"https:\/\/d.r1.wbsprt.com\/beservice.sk\/sluzby\/predaj-a-montaz-doplnkov\/","title":{"rendered":"Dod\u00e1vka a mont\u00e1\u017e"},"content":{"rendered":"<p>[vc_row row_type=&#8221;row_full_center_content&#8221; bg_image=&#8221;987&#8243; bg_position=&#8221;center center&#8221; row_parallax=&#8221;false&#8221; row_text_color=&#8221;row_text_light&#8221; padding_top=&#8221;150&#8243; padding_bottom=&#8221;150&#8243;][vc_column css=&#8221;.vc_custom_1558517820316{padding-top: 20px !important;padding-right: 20px !important;padding-bottom: 20px !important;padding-left: 20px !important;background-color: rgba(255,255,255,0.79) !important;*background-color: rgb(255,255,255) !important;}&#8221;][vc_empty_space][vc_column_text]<\/p>\n<h3 style=\"text-align: center;\">Zabezpe\u010d\u00edme pre V\u00e1s technick\u00fa obhliadku, ur\u010d\u00edme rozsah opotrebenia a po\u0161kodenia\u00a0 jednotliv\u00fdch v\u00fdrobkov, alebo ich \u010dast\u00ed a navrhneme optim\u00e1lne rie\u0161enie probl\u00e9mu. Dod\u00e1me a namontujeme n\u00e1hradn\u00e9 diely a v pr\u00edpade, ak u\u017e k v\u00fdrobkom na trhu be\u017ene nie s\u00fa dostupn\u00e9, navrhneme adekv\u00e1tne technick\u00e9 rie\u0161enie tak, aby sme V\u00e1\u0161 probl\u00e9m vyrie\u0161ili.<\/h3>\n<p>[\/vc_column_text][vc_empty_space][\/vc_column][\/vc_row][vc_row row_type=&#8221;row_full_center_content&#8221;][vc_column]\n\t<div class=\"custom-heading wpb_content_element  text-center\">\n\t\t<h2 class=\"heading-title\" >DOD\u00c1VKA A MONT\u00c1\u017d<\/h2>\n\t\t<span class=\"heading-line primary\"><\/span>\n\t<\/div>[vc_row_inner][vc_column_inner width=&#8221;1\/2&#8243;][vc_column_text]<\/p>\n<ul>\n<li>\n<h4>N\u00e1hradn\u00e9 diely &#8211; kovania, tesnenia&#8230;<\/h4>\n<h4><\/h4>\n<\/li>\n<li>\n<h4>Izola\u010dn\u00e9 skl\u00e1<\/h4>\n<h4><\/h4>\n<\/li>\n<li>\n<h4>Okn\u00e1 a dvere &#8211; plastov\u00e9, hlin\u00edkov\u00e9<\/h4>\n<h4><\/h4>\n<\/li>\n<li>\n<h4>Protipo\u017eiarne dvere<\/h4>\n<\/li>\n<\/ul>\n<p>[\/vc_column_text][\/vc_column_inner][vc_column_inner width=&#8221;1\/2&#8243;][vc_column_text]<\/p>\n<ul>\n<li>\n<h4>Automatick\u00e9 posuvn\u00e9 dvere<\/h4>\n<\/li>\n<li>\n<h4>Interi\u00e9rov\u00e9 presklen\u00e9 prie\u010dky<\/h4>\n<\/li>\n<li>\n<h4>Doplnky a tienenie<\/h4>\n<\/li>\n<\/ul>\n<p>[\/vc_column_text][\/vc_column_inner][\/vc_row_inner][\/vc_column][\/vc_row][vc_row row_type=&#8221;row_full_center_content&#8221; padding_bottom=&#8221;0&#8243;][vc_column width=&#8221;1\/2&#8243;][vc_single_image image=&#8221;988&#8243; img_size=&#8221;full&#8221; alignment=&#8221;center&#8221;][\/vc_column][vc_column width=&#8221;1\/2&#8243;][vc_single_image image=&#8221;910&#8243; img_size=&#8221;full&#8221; alignment=&#8221;center&#8221;][\/vc_column][\/vc_row]<\/p>\n","protected":false},"excerpt":{"rendered":"<p>[vc_row row_type=&#8221;row_full_center_content&#8221; bg_image=&#8221;987&#8243; bg_position=&#8221;center center&#8221; row_parallax=&#8221;false&#8221; row_text_color=&#8221;row_text_light&#8221; padding_top=&#8221;150&#8243; padding_bottom=&#8221;150&#8243;][vc_column css=&#8221;.vc_custom_1558517820316{padding-top: 20px !important;padding-right: 20px !important;padding-bottom: 20px !important;padding-left: 20px !important;background-color: rgba(255,255,255,0.79) !important;*background-color: rgb(255,255,255) &#8230;<\/p>\n","protected":false},"author":3,"featured_media":0,"parent":11,"menu_order":0,"comment_status":"closed","ping_status":"closed","template":"","meta":{"_mi_skip_tracking":false,"_monsterinsights_sitenote_active":false,"_monsterinsights_sitenote_note":"","_monsterinsights_sitenote_category":0,"footnotes":""},"yoast_head":"<!-- This site is optimized with the Yoast SEO plugin v20.10 - https:\/\/yoast.com\/wordpress\/plugins\/seo\/ -->\n<title>Dod\u00e1vka a mont\u00e1\u017e - beservice.sk - okn\u00e1 a dvere, n\u00e1hradn\u00e9 diely, izola\u010dn\u00e9 skl\u00e1, presklen\u00e9 prie\u010dky...<\/title>\n<meta name=\"description\" content=\"Zabezpe\u010d\u00edme technick\u00fa obhliadku, ur\u010d\u00edme rozsah opotrebenia a po\u0161kodenia jednotliv\u00fdch v\u00fdrobkov a navrhneme optim\u00e1lne rie\u0161enie probl\u00e9mu. Dod\u00e1me a namontujeme n\u00e1hradn\u00e9 diely\" \/>\n<meta name=\"robots\" content=\"index, follow, max-snippet:-1, max-image-preview:large, max-video-preview:-1\" \/>\n<link rel=\"canonical\" href=\"https:\/\/beservice.sk\/sluzby\/predaj-a-montaz-doplnkov\/\" \/>\n<meta property=\"og:locale\" content=\"sk_SK\" \/>\n<meta property=\"og:type\" content=\"article\" \/>\n<meta property=\"og:title\" content=\"Dod\u00e1vka a mont\u00e1\u017e - beservice.sk - okn\u00e1 a dvere, n\u00e1hradn\u00e9 diely, izola\u010dn\u00e9 skl\u00e1, presklen\u00e9 prie\u010dky...\" \/>\n<meta property=\"og:description\" content=\"Zabezpe\u010d\u00edme technick\u00fa obhliadku, ur\u010d\u00edme rozsah opotrebenia a po\u0161kodenia jednotliv\u00fdch v\u00fdrobkov a navrhneme optim\u00e1lne rie\u0161enie probl\u00e9mu. Dod\u00e1me a namontujeme n\u00e1hradn\u00e9 diely\" \/>\n<meta property=\"og:url\" content=\"https:\/\/beservice.sk\/sluzby\/predaj-a-montaz-doplnkov\/\" \/>\n<meta property=\"og:site_name\" content=\"beservice.sk\" \/>\n<meta property=\"article:modified_time\" content=\"2021-05-13T08:34:08+00:00\" \/>\n<meta name=\"twitter:card\" content=\"summary_large_image\" \/>\n<meta name=\"twitter:label1\" content=\"Predpokladan\u00fd \u010das \u010d\u00edtania\" \/>\n\t<meta name=\"twitter:data1\" content=\"1 min\u00fata\" \/>\n<script type=\"application\/ld+json\" class=\"yoast-schema-graph\">{\"@context\":\"https:\/\/schema.org\",\"@graph\":[{\"@type\":\"WebPage\",\"@id\":\"https:\/\/beservice.sk\/sluzby\/predaj-a-montaz-doplnkov\/\",\"url\":\"https:\/\/beservice.sk\/sluzby\/predaj-a-montaz-doplnkov\/\",\"name\":\"Dod\u00e1vka a mont\u00e1\u017e - beservice.sk - okn\u00e1 a dvere, n\u00e1hradn\u00e9 diely, izola\u010dn\u00e9 skl\u00e1, presklen\u00e9 prie\u010dky...\",\"isPartOf\":{\"@id\":\"https:\/\/beservice.sk\/#website\"},\"datePublished\":\"2021-02-18T12:20:50+00:00\",\"dateModified\":\"2021-05-13T08:34:08+00:00\",\"description\":\"Zabezpe\u010d\u00edme technick\u00fa obhliadku, ur\u010d\u00edme rozsah opotrebenia a po\u0161kodenia jednotliv\u00fdch v\u00fdrobkov a navrhneme optim\u00e1lne rie\u0161enie probl\u00e9mu. Dod\u00e1me a namontujeme n\u00e1hradn\u00e9 diely\",\"breadcrumb\":{\"@id\":\"https:\/\/beservice.sk\/sluzby\/predaj-a-montaz-doplnkov\/#breadcrumb\"},\"inLanguage\":\"sk-SK\",\"potentialAction\":[{\"@type\":\"ReadAction\",\"target\":[\"https:\/\/beservice.sk\/sluzby\/predaj-a-montaz-doplnkov\/\"]}]},{\"@type\":\"BreadcrumbList\",\"@id\":\"https:\/\/beservice.sk\/sluzby\/predaj-a-montaz-doplnkov\/#breadcrumb\",\"itemListElement\":[{\"@type\":\"ListItem\",\"position\":1,\"name\":\"Home\",\"item\":\"https:\/\/beservice.sk\/\"},{\"@type\":\"ListItem\",\"position\":2,\"name\":\"Produkty a slu\u017eby\",\"item\":\"https:\/\/beservice.sk\/sluzby\/\"},{\"@type\":\"ListItem\",\"position\":3,\"name\":\"Dod\u00e1vka a mont\u00e1\u017e\"}]},{\"@type\":\"WebSite\",\"@id\":\"https:\/\/beservice.sk\/#website\",\"url\":\"https:\/\/beservice.sk\/\",\"name\":\"beservice.sk\",\"description\":\"Spo\u013eahliv\u00fd partner v oblasti \u00fadr\u017eby a servisu obvodov\u00fdch pl\u00e1\u0161\u0165ov a v\u00fdpln\u00ed stavebn\u00fdch otvorov\",\"potentialAction\":[{\"@type\":\"SearchAction\",\"target\":{\"@type\":\"EntryPoint\",\"urlTemplate\":\"https:\/\/beservice.sk\/?s={search_term_string}\"},\"query-input\":\"required name=search_term_string\"}],\"inLanguage\":\"sk-SK\"}]}<\/script>\n<!-- \/ Yoast SEO plugin. -->","yoast_head_json":{"title":"Dod\u00e1vka a mont\u00e1\u017e - beservice.sk - okn\u00e1 a dvere, n\u00e1hradn\u00e9 diely, izola\u010dn\u00e9 skl\u00e1, presklen\u00e9 prie\u010dky...","description":"Zabezpe\u010d\u00edme technick\u00fa obhliadku, ur\u010d\u00edme rozsah opotrebenia a po\u0161kodenia jednotliv\u00fdch v\u00fdrobkov a navrhneme optim\u00e1lne rie\u0161enie probl\u00e9mu. Dod\u00e1me a namontujeme n\u00e1hradn\u00e9 diely","robots":{"index":"index","follow":"follow","max-snippet":"max-snippet:-1","max-image-preview":"max-image-preview:large","max-video-preview":"max-video-preview:-1"},"canonical":"https:\/\/beservice.sk\/sluzby\/predaj-a-montaz-doplnkov\/","og_locale":"sk_SK","og_type":"article","og_title":"Dod\u00e1vka a mont\u00e1\u017e - beservice.sk - okn\u00e1 a dvere, n\u00e1hradn\u00e9 diely, izola\u010dn\u00e9 skl\u00e1, presklen\u00e9 prie\u010dky...","og_description":"Zabezpe\u010d\u00edme technick\u00fa obhliadku, ur\u010d\u00edme rozsah opotrebenia a po\u0161kodenia jednotliv\u00fdch v\u00fdrobkov a navrhneme optim\u00e1lne rie\u0161enie probl\u00e9mu. Dod\u00e1me a namontujeme n\u00e1hradn\u00e9 diely","og_url":"https:\/\/beservice.sk\/sluzby\/predaj-a-montaz-doplnkov\/","og_site_name":"beservice.sk","article_modified_time":"2021-05-13T08:34:08+00:00","twitter_card":"summary_large_image","twitter_misc":{"Predpokladan\u00fd \u010das \u010d\u00edtania":"1 min\u00fata"},"schema":{"@context":"https:\/\/schema.org","@graph":[{"@type":"WebPage","@id":"https:\/\/beservice.sk\/sluzby\/predaj-a-montaz-doplnkov\/","url":"https:\/\/beservice.sk\/sluzby\/predaj-a-montaz-doplnkov\/","name":"Dod\u00e1vka a mont\u00e1\u017e - beservice.sk - okn\u00e1 a dvere, n\u00e1hradn\u00e9 diely, izola\u010dn\u00e9 skl\u00e1, presklen\u00e9 prie\u010dky...","isPartOf":{"@id":"https:\/\/beservice.sk\/#website"},"datePublished":"2021-02-18T12:20:50+00:00","dateModified":"2021-05-13T08:34:08+00:00","description":"Zabezpe\u010d\u00edme technick\u00fa obhliadku, ur\u010d\u00edme rozsah opotrebenia a po\u0161kodenia jednotliv\u00fdch v\u00fdrobkov a navrhneme optim\u00e1lne rie\u0161enie probl\u00e9mu. Dod\u00e1me a namontujeme n\u00e1hradn\u00e9 diely","breadcrumb":{"@id":"https:\/\/beservice.sk\/sluzby\/predaj-a-montaz-doplnkov\/#breadcrumb"},"inLanguage":"sk-SK","potentialAction":[{"@type":"ReadAction","target":["https:\/\/beservice.sk\/sluzby\/predaj-a-montaz-doplnkov\/"]}]},{"@type":"BreadcrumbList","@id":"https:\/\/beservice.sk\/sluzby\/predaj-a-montaz-doplnkov\/#breadcrumb","itemListElement":[{"@type":"ListItem","position":1,"name":"Home","item":"https:\/\/beservice.sk\/"},{"@type":"ListItem","position":2,"name":"Produkty a slu\u017eby","item":"https:\/\/beservice.sk\/sluzby\/"},{"@type":"ListItem","position":3,"name":"Dod\u00e1vka a mont\u00e1\u017e"}]},{"@type":"WebSite","@id":"https:\/\/beservice.sk\/#website","url":"https:\/\/beservice.sk\/","name":"beservice.sk","description":"Spo\u013eahliv\u00fd partner v oblasti \u00fadr\u017eby a servisu obvodov\u00fdch pl\u00e1\u0161\u0165ov a v\u00fdpln\u00ed stavebn\u00fdch otvorov","potentialAction":[{"@type":"SearchAction","target":{"@type":"EntryPoint","urlTemplate":"https:\/\/beservice.sk\/?s={search_term_string}"},"query-input":"required name=search_term_string"}],"inLanguage":"sk-SK"}]}},"_links":{"self":[{"href":"https:\/\/d.r1.wbsprt.com\/beservice.sk\/wp-json\/wp\/v2\/pages\/30"}],"collection":[{"href":"https:\/\/d.r1.wbsprt.com\/beservice.sk\/wp-json\/wp\/v2\/pages"}],"about":[{"href":"https:\/\/d.r1.wbsprt.com\/beservice.sk\/wp-json\/wp\/v2\/types\/page"}],"author":[{"embeddable":true,"href":"https:\/\/d.r1.wbsprt.com\/beservice.sk\/wp-json\/wp\/v2\/users\/3"}],"replies":[{"embeddable":true,"href":"https:\/\/d.r1.wbsprt.com\/beservice.sk\/wp-json\/wp\/v2\/comments?post=30"}],"version-history":[{"count":6,"href":"https:\/\/d.r1.wbsprt.com\/beservice.sk\/wp-json\/wp\/v2\/pages\/30\/revisions"}],"predecessor-version":[{"id":1769,"href":"https:\/\/d.r1.wbsprt.com\/beservice.sk\/wp-json\/wp\/v2\/pages\/30\/revisions\/1769"}],"up":[{"embeddable":true,"href":"https:\/\/d.r1.wbsprt.com\/beservice.sk\/wp-json\/wp\/v2\/pages\/11"}],"wp:attachment":[{"href":"https:\/\/d.r1.wbsprt.com\/beservice.sk\/wp-json\/wp\/v2\/media?parent=30"}],"curies":[{"name":"wp","href":"https:\/\/api.w.org\/{rel}","templated":true}]}}