{"id":28,"date":"2021-02-18T13:20:23","date_gmt":"2021-02-18T12:20:23","guid":{"rendered":"http:\/\/d.r1.wbsprt.com\/beservice.sk\/?page_id=28"},"modified":"2021-05-13T10:38:00","modified_gmt":"2021-05-13T08:38:00","slug":"plastove-a-hlinikove-okna-a-dvere","status":"publish","type":"page","link":"https:\/\/d.r1.wbsprt.com\/beservice.sk\/sluzby\/plastove-a-hlinikove-okna-a-dvere\/","title":{"rendered":"Inovat\u00edvne rie\u0161enia"},"content":{"rendered":"<p>[vc_row row_type=&#8221;row_full_center_content&#8221; bg_image=&#8221;977&#8243; bg_position=&#8221;center center&#8221; row_parallax=&#8221;false&#8221; row_text_color=&#8221;row_text_light&#8221; padding_top=&#8221;150&#8243; padding_bottom=&#8221;150&#8243;][vc_column css=&#8221;.vc_custom_1558517820316{padding-top: 20px !important;padding-right: 20px !important;padding-bottom: 20px !important;padding-left: 20px !important;background-color: rgba(255,255,255,0.79) !important;*background-color: rgb(255,255,255) !important;}&#8221;][vc_empty_space][vc_column_text]<\/p>\n<h3 style=\"text-align: center;\"><span style=\"color: #333333;\">Ako l\u00edder na trhu akt\u00edvne sledujeme v\u0161etky inov\u00e1cie v\u00a0odvetv\u00ed a\u00a0prin\u00e1\u0161ame ich na\u0161im z\u00e1kazn\u00edkom. Na\u0161im cie\u013eom je \u010do najefekt\u00edvnej\u0161ie odstr\u00e1ni\u0165 probl\u00e9my s\u00a0fas\u00e1dnymi prvkami a\u00a0v\u00fdpl\u0148ami stavebn\u00fdch otvorov a\u00a0tie najspr\u00e1vnej\u0161ie rie\u0161enia h\u013ead\u00e1me spolu s\u00a0na\u0161imi dod\u00e1vate\u013emi po celom svete.<\/span><\/h3>\n<p>[\/vc_column_text][vc_empty_space][\/vc_column][\/vc_row][vc_row row_type=&#8221;row_full_center_content&#8221;][vc_column]\n\t<div class=\"custom-heading wpb_content_element  text-center\">\n\t\t<h2 class=\"heading-title\" >INOVAT\u00cdVNE RIE\u0160ENIA<\/h2>\n\t\t<span class=\"heading-line primary\"><\/span>\n\t<\/div>[vc_row_inner][vc_column_inner width=&#8221;1\/2&#8243;][vc_column_text]<\/p>\n<ul>\n<li>\n<h4>Rie\u0161enia na zv\u00fd\u0161enia tepeln\u00fdch parametrov okien, dver\u00ed a zasklen\u00ed<\/h4>\n<\/li>\n<\/ul>\n<p>[\/vc_column_text][\/vc_column_inner][vc_column_inner width=&#8221;1\/2&#8243;][vc_column_text]<\/p>\n<ul>\n<li>\n<h4>Rie\u0161enia na zv\u00fd\u0161enia zvukovej izol\u00e1cie okien, dver\u00ed a zasklen\u00ed<\/h4>\n<\/li>\n<\/ul>\n<p>[\/vc_column_text][\/vc_column_inner][\/vc_row_inner][\/vc_column][\/vc_row][vc_row row_type=&#8221;row_full_center_content&#8221; padding_bottom=&#8221;0&#8243;][vc_column][vc_media_grid gap=&#8221;10&#8243; grid_id=&#8221;vc_gid:1617716227882-72de8aa2-e951-8&#8243; include=&#8221;1601,1568,1616&#8243;][\/vc_column][\/vc_row]<\/p>\n","protected":false},"excerpt":{"rendered":"<p>[vc_row row_type=&#8221;row_full_center_content&#8221; bg_image=&#8221;977&#8243; bg_position=&#8221;center center&#8221; row_parallax=&#8221;false&#8221; row_text_color=&#8221;row_text_light&#8221; padding_top=&#8221;150&#8243; padding_bottom=&#8221;150&#8243;][vc_column css=&#8221;.vc_custom_1558517820316{padding-top: 20px !important;padding-right: 20px !important;padding-bottom: 20px !important;padding-left: 20px !important;background-color: rgba(255,255,255,0.79) !important;*background-color: rgb(255,255,255) &#8230;<\/p>\n","protected":false},"author":3,"featured_media":0,"parent":11,"menu_order":0,"comment_status":"closed","ping_status":"closed","template":"","meta":{"_mi_skip_tracking":false,"_monsterinsights_sitenote_active":false,"_monsterinsights_sitenote_note":"","_monsterinsights_sitenote_category":0,"footnotes":""},"yoast_head":"<!-- This site is optimized with the Yoast SEO plugin v20.10 - https:\/\/yoast.com\/wordpress\/plugins\/seo\/ -->\n<title>Inovat\u00edvne rie\u0161enia - beservice.sk - tepeln\u00e9 parametre a zvukov\u00e1 izol\u00e1cia okien, dver\u00ed, zasklen\u00ed<\/title>\n<meta name=\"description\" content=\"Rie\u0161enia na zv\u00fd\u0161enia tepeln\u00fdch parametrov okien, dver\u00ed a zasklen\u00ed. Rie\u0161enia na zv\u00fd\u0161enia zvukovej izol\u00e1cie okien, dver\u00ed a zasklen\u00ed.\" \/>\n<meta name=\"robots\" content=\"index, follow, max-snippet:-1, max-image-preview:large, max-video-preview:-1\" \/>\n<link rel=\"canonical\" href=\"https:\/\/beservice.sk\/sluzby\/plastove-a-hlinikove-okna-a-dvere\/\" \/>\n<meta property=\"og:locale\" content=\"sk_SK\" \/>\n<meta property=\"og:type\" content=\"article\" \/>\n<meta property=\"og:title\" content=\"Inovat\u00edvne rie\u0161enia - beservice.sk - tepeln\u00e9 parametre a zvukov\u00e1 izol\u00e1cia okien, dver\u00ed, zasklen\u00ed\" \/>\n<meta property=\"og:description\" content=\"Rie\u0161enia na zv\u00fd\u0161enia tepeln\u00fdch parametrov okien, dver\u00ed a zasklen\u00ed. Rie\u0161enia na zv\u00fd\u0161enia zvukovej izol\u00e1cie okien, dver\u00ed a zasklen\u00ed.\" \/>\n<meta property=\"og:url\" content=\"https:\/\/beservice.sk\/sluzby\/plastove-a-hlinikove-okna-a-dvere\/\" \/>\n<meta property=\"og:site_name\" content=\"beservice.sk\" \/>\n<meta property=\"article:modified_time\" content=\"2021-05-13T08:38:00+00:00\" \/>\n<meta name=\"twitter:card\" content=\"summary_large_image\" \/>\n<meta name=\"twitter:label1\" content=\"Predpokladan\u00fd \u010das \u010d\u00edtania\" \/>\n\t<meta name=\"twitter:data1\" content=\"1 min\u00fata\" \/>\n<script type=\"application\/ld+json\" class=\"yoast-schema-graph\">{\"@context\":\"https:\/\/schema.org\",\"@graph\":[{\"@type\":\"WebPage\",\"@id\":\"https:\/\/beservice.sk\/sluzby\/plastove-a-hlinikove-okna-a-dvere\/\",\"url\":\"https:\/\/beservice.sk\/sluzby\/plastove-a-hlinikove-okna-a-dvere\/\",\"name\":\"Inovat\u00edvne rie\u0161enia - beservice.sk - tepeln\u00e9 parametre a zvukov\u00e1 izol\u00e1cia okien, dver\u00ed, zasklen\u00ed\",\"isPartOf\":{\"@id\":\"https:\/\/beservice.sk\/#website\"},\"datePublished\":\"2021-02-18T12:20:23+00:00\",\"dateModified\":\"2021-05-13T08:38:00+00:00\",\"description\":\"Rie\u0161enia na zv\u00fd\u0161enia tepeln\u00fdch parametrov okien, dver\u00ed a zasklen\u00ed. Rie\u0161enia na zv\u00fd\u0161enia zvukovej izol\u00e1cie okien, dver\u00ed a zasklen\u00ed.\",\"breadcrumb\":{\"@id\":\"https:\/\/beservice.sk\/sluzby\/plastove-a-hlinikove-okna-a-dvere\/#breadcrumb\"},\"inLanguage\":\"sk-SK\",\"potentialAction\":[{\"@type\":\"ReadAction\",\"target\":[\"https:\/\/beservice.sk\/sluzby\/plastove-a-hlinikove-okna-a-dvere\/\"]}]},{\"@type\":\"BreadcrumbList\",\"@id\":\"https:\/\/beservice.sk\/sluzby\/plastove-a-hlinikove-okna-a-dvere\/#breadcrumb\",\"itemListElement\":[{\"@type\":\"ListItem\",\"position\":1,\"name\":\"Home\",\"item\":\"https:\/\/beservice.sk\/\"},{\"@type\":\"ListItem\",\"position\":2,\"name\":\"Produkty a slu\u017eby\",\"item\":\"https:\/\/beservice.sk\/sluzby\/\"},{\"@type\":\"ListItem\",\"position\":3,\"name\":\"Inovat\u00edvne rie\u0161enia\"}]},{\"@type\":\"WebSite\",\"@id\":\"https:\/\/beservice.sk\/#website\",\"url\":\"https:\/\/beservice.sk\/\",\"name\":\"beservice.sk\",\"description\":\"Spo\u013eahliv\u00fd partner v oblasti \u00fadr\u017eby a servisu obvodov\u00fdch pl\u00e1\u0161\u0165ov a v\u00fdpln\u00ed stavebn\u00fdch otvorov\",\"potentialAction\":[{\"@type\":\"SearchAction\",\"target\":{\"@type\":\"EntryPoint\",\"urlTemplate\":\"https:\/\/beservice.sk\/?s={search_term_string}\"},\"query-input\":\"required name=search_term_string\"}],\"inLanguage\":\"sk-SK\"}]}<\/script>\n<!-- \/ Yoast SEO plugin. -->","yoast_head_json":{"title":"Inovat\u00edvne rie\u0161enia - beservice.sk - tepeln\u00e9 parametre a zvukov\u00e1 izol\u00e1cia okien, dver\u00ed, zasklen\u00ed","description":"Rie\u0161enia na zv\u00fd\u0161enia tepeln\u00fdch parametrov okien, dver\u00ed a zasklen\u00ed. Rie\u0161enia na zv\u00fd\u0161enia zvukovej izol\u00e1cie okien, dver\u00ed a zasklen\u00ed.","robots":{"index":"index","follow":"follow","max-snippet":"max-snippet:-1","max-image-preview":"max-image-preview:large","max-video-preview":"max-video-preview:-1"},"canonical":"https:\/\/beservice.sk\/sluzby\/plastove-a-hlinikove-okna-a-dvere\/","og_locale":"sk_SK","og_type":"article","og_title":"Inovat\u00edvne rie\u0161enia - beservice.sk - tepeln\u00e9 parametre a zvukov\u00e1 izol\u00e1cia okien, dver\u00ed, zasklen\u00ed","og_description":"Rie\u0161enia na zv\u00fd\u0161enia tepeln\u00fdch parametrov okien, dver\u00ed a zasklen\u00ed. Rie\u0161enia na zv\u00fd\u0161enia zvukovej izol\u00e1cie okien, dver\u00ed a zasklen\u00ed.","og_url":"https:\/\/beservice.sk\/sluzby\/plastove-a-hlinikove-okna-a-dvere\/","og_site_name":"beservice.sk","article_modified_time":"2021-05-13T08:38:00+00:00","twitter_card":"summary_large_image","twitter_misc":{"Predpokladan\u00fd \u010das \u010d\u00edtania":"1 min\u00fata"},"schema":{"@context":"https:\/\/schema.org","@graph":[{"@type":"WebPage","@id":"https:\/\/beservice.sk\/sluzby\/plastove-a-hlinikove-okna-a-dvere\/","url":"https:\/\/beservice.sk\/sluzby\/plastove-a-hlinikove-okna-a-dvere\/","name":"Inovat\u00edvne rie\u0161enia - beservice.sk - tepeln\u00e9 parametre a zvukov\u00e1 izol\u00e1cia okien, dver\u00ed, zasklen\u00ed","isPartOf":{"@id":"https:\/\/beservice.sk\/#website"},"datePublished":"2021-02-18T12:20:23+00:00","dateModified":"2021-05-13T08:38:00+00:00","description":"Rie\u0161enia na zv\u00fd\u0161enia tepeln\u00fdch parametrov okien, dver\u00ed a zasklen\u00ed. Rie\u0161enia na zv\u00fd\u0161enia zvukovej izol\u00e1cie okien, dver\u00ed a zasklen\u00ed.","breadcrumb":{"@id":"https:\/\/beservice.sk\/sluzby\/plastove-a-hlinikove-okna-a-dvere\/#breadcrumb"},"inLanguage":"sk-SK","potentialAction":[{"@type":"ReadAction","target":["https:\/\/beservice.sk\/sluzby\/plastove-a-hlinikove-okna-a-dvere\/"]}]},{"@type":"BreadcrumbList","@id":"https:\/\/beservice.sk\/sluzby\/plastove-a-hlinikove-okna-a-dvere\/#breadcrumb","itemListElement":[{"@type":"ListItem","position":1,"name":"Home","item":"https:\/\/beservice.sk\/"},{"@type":"ListItem","position":2,"name":"Produkty a slu\u017eby","item":"https:\/\/beservice.sk\/sluzby\/"},{"@type":"ListItem","position":3,"name":"Inovat\u00edvne rie\u0161enia"}]},{"@type":"WebSite","@id":"https:\/\/beservice.sk\/#website","url":"https:\/\/beservice.sk\/","name":"beservice.sk","description":"Spo\u013eahliv\u00fd partner v oblasti \u00fadr\u017eby a servisu obvodov\u00fdch pl\u00e1\u0161\u0165ov a v\u00fdpln\u00ed stavebn\u00fdch otvorov","potentialAction":[{"@type":"SearchAction","target":{"@type":"EntryPoint","urlTemplate":"https:\/\/beservice.sk\/?s={search_term_string}"},"query-input":"required name=search_term_string"}],"inLanguage":"sk-SK"}]}},"_links":{"self":[{"href":"https:\/\/d.r1.wbsprt.com\/beservice.sk\/wp-json\/wp\/v2\/pages\/28"}],"collection":[{"href":"https:\/\/d.r1.wbsprt.com\/beservice.sk\/wp-json\/wp\/v2\/pages"}],"about":[{"href":"https:\/\/d.r1.wbsprt.com\/beservice.sk\/wp-json\/wp\/v2\/types\/page"}],"author":[{"embeddable":true,"href":"https:\/\/d.r1.wbsprt.com\/beservice.sk\/wp-json\/wp\/v2\/users\/3"}],"replies":[{"embeddable":true,"href":"https:\/\/d.r1.wbsprt.com\/beservice.sk\/wp-json\/wp\/v2\/comments?post=28"}],"version-history":[{"count":6,"href":"https:\/\/d.r1.wbsprt.com\/beservice.sk\/wp-json\/wp\/v2\/pages\/28\/revisions"}],"predecessor-version":[{"id":1771,"href":"https:\/\/d.r1.wbsprt.com\/beservice.sk\/wp-json\/wp\/v2\/pages\/28\/revisions\/1771"}],"up":[{"embeddable":true,"href":"https:\/\/d.r1.wbsprt.com\/beservice.sk\/wp-json\/wp\/v2\/pages\/11"}],"wp:attachment":[{"href":"https:\/\/d.r1.wbsprt.com\/beservice.sk\/wp-json\/wp\/v2\/media?parent=28"}],"curies":[{"name":"wp","href":"https:\/\/api.w.org\/{rel}","templated":true}]}}