{"id":1497,"date":"2021-03-12T07:40:11","date_gmt":"2021-03-12T06:40:11","guid":{"rendered":"http:\/\/d.r1.wbsprt.com\/beservice.sk\/?page_id=1497"},"modified":"2021-05-13T10:05:07","modified_gmt":"2021-05-13T08:05:07","slug":"partneri-be-service","status":"publish","type":"page","link":"https:\/\/d.r1.wbsprt.com\/beservice.sk\/partneri-be-service\/","title":{"rendered":"Partneri BE SERVICE"},"content":{"rendered":"<p>[vc_row row_type=&#8221;row_full_center_content&#8221; bg_image=&#8221;429&#8243; bg_position=&#8221;center center&#8221; row_parallax=&#8221;false&#8221; padding_top=&#8221;200&#8243; padding_bottom=&#8221;200&#8243;][vc_column css=&#8221;.vc_custom_1558528515670{padding-top: 50px !important;padding-right: 20px !important;padding-bottom: 50px !important;padding-left: 20px !important;background-color: rgba(255,255,255,0.72) !important;*background-color: rgb(255,255,255) !important;}&#8221;]\n\t<div class=\"custom-heading wpb_content_element  text-center\" style=\"margin-bottom: -10px;\">\n\t\t<h2 class=\"heading-title\" >NA\u0160I PARTNERI<\/h2>\n\t\t<span class=\"heading-line primary\"><\/span>\n\t<\/div>[vc_empty_space][vc_column_text]<\/p>\n<h3 style=\"text-align: center;\">Ako trhov\u00fd l\u00edder sme relevantn\u00fd partner pre v\u0161etk\u00fdch dod\u00e1vate\u013eov a v\u00fdrobcov v odvetv\u00ed. Na\u0161u profesionalitu neust\u00e1le zdokona\u013eujeme kontinu\u00e1lnym syst\u00e9mom \u0161kolen\u00ed.<\/h3>\n<p>[\/vc_column_text][\/vc_column][\/vc_row][vc_row row_type=&#8221;row_full_center_content&#8221; padding_bottom=&#8221;0&#8243;][vc_column][\/vc_column][\/vc_row][vc_row row_type=&#8221;row_full_center_content&#8221;][vc_column width=&#8221;1\/2&#8243;][vc_icon icon_fontawesome=&#8221;fas fa-retweet&#8221; color=&#8221;custom&#8221; size=&#8221;lg&#8221; custom_color=&#8221;#8dbf20&#8243; link=&#8221;url:https%3A%2F%2Fbeservice.sk%2Fpartneri%2F&#8221;][vc_column_text]<\/p>\n<h2 style=\"margin-top: -25px; margin-bottom: 0px;\">Partneri<\/h2>\n<p>[\/vc_column_text][vc_hoverbox image=&#8221;977&#8243; primary_title=&#8221;&#8221; hover_title=&#8221;&#8221; hover_title_use_theme_fonts=&#8221;yes&#8221; shape=&#8221;square&#8221; hover_btn_title=&#8221;POZRIE\u0164&#8221; css_animation=&#8221;fadeInDown&#8221; use_custom_fonts_primary_title=&#8221;true&#8221; use_custom_fonts_hover_title=&#8221;true&#8221; hover_add_button=&#8221;true&#8221; hover_title_link=&#8221;url:https%3A%2F%2Fbeservice.sk%2Fpartneri%2F&#8221; hover_btn_link=&#8221;url:https%3A%2F%2Fbeservice.sk%2Fpartneri%2F&#8221;]Na\u0161i dod\u00e1vatelia s\u00fa overen\u00e9 spolo\u010dnosti s dlhoro\u010dnou p\u00f4sobnos\u0165ou v odvetv\u00ed, v\u010faka ktor\u00fdm sme schopn\u00ed zabezpe\u010di\u0165 \u0161irok\u00fa \u0161k\u00e1lu prvkov pre servis, \u00fadr\u017ebu a opravu okien, dver\u00ed a\u00a0r\u00f4znych druhov opl\u00e1\u0161ten\u00ed budov.[\/vc_hoverbox][\/vc_column][vc_column width=&#8221;1\/2&#8243;][vc_icon icon_fontawesome=&#8221;fas fa-history&#8221; color=&#8221;custom&#8221; size=&#8221;lg&#8221; custom_color=&#8221;#8dbf20&#8243; link=&#8221;url:https%3A%2F%2Fbeservice.sk%2Fcertifikaty-a-opravnenia%2F&#8221;][vc_column_text]<\/p>\n<h2 style=\"margin-top: -25px; margin-bottom: 0px;\">Certifik\u00e1ty a opr\u00e1vnenia<\/h2>\n<p>[\/vc_column_text][vc_hoverbox image=&#8221;916&#8243; primary_title=&#8221;&#8221; hover_title=&#8221;&#8221; hover_title_use_theme_fonts=&#8221;yes&#8221; shape=&#8221;square&#8221; hover_btn_title=&#8221;POZRIE\u0164&#8221; css_animation=&#8221;fadeInDown&#8221; use_custom_fonts_primary_title=&#8221;true&#8221; use_custom_fonts_hover_title=&#8221;true&#8221; hover_add_button=&#8221;true&#8221; hover_title_link=&#8221;url:https%3A%2F%2Fbeservice.sk%2Fcertifikaty-a-opravnenia%2F&#8221; hover_btn_link=&#8221;url:https%3A%2F%2Fbeservice.sk%2Fcertifikaty-a-opravnenia%2F&#8221;]Na\u0161u spo\u013eahlivos\u0165 a odbornos\u0165 dokumentuj\u00fa opr\u00e1vnenia, certifik\u00e1ty a autoriz\u00e1cie od v\u0161etk\u00fdch relevantn\u00fdch syst\u00e9mov\u00fdch domov, v\u00fdrobcov a spracovate\u013eov na trhu.[\/vc_hoverbox][\/vc_column][\/vc_row]<\/p>\n","protected":false},"excerpt":{"rendered":"<p>[vc_row row_type=&#8221;row_full_center_content&#8221; bg_image=&#8221;429&#8243; bg_position=&#8221;center center&#8221; row_parallax=&#8221;false&#8221; padding_top=&#8221;200&#8243; padding_bottom=&#8221;200&#8243;][vc_column css=&#8221;.vc_custom_1558528515670{padding-top: 50px !important;padding-right: 20px !important;padding-bottom: 50px !important;padding-left: 20px !important;background-color: rgba(255,255,255,0.72) !important;*background-color: rgb(255,255,255) !important;}&#8221;][vc_empty_space][vc_column_text] &#8230;<\/p>\n","protected":false},"author":2,"featured_media":0,"parent":0,"menu_order":0,"comment_status":"closed","ping_status":"closed","template":"","meta":{"_mi_skip_tracking":false,"_monsterinsights_sitenote_active":false,"_monsterinsights_sitenote_note":"","_monsterinsights_sitenote_category":0,"footnotes":""},"yoast_head":"<!-- This site is optimized with the Yoast SEO plugin v20.10 - https:\/\/yoast.com\/wordpress\/plugins\/seo\/ -->\n<title>Partneri BE SERVICE - beservice.sk - Na\u0161i dod\u00e1vatelia s\u00fa overen\u00e9 spolo\u010dnosti<\/title>\n<meta name=\"description\" content=\"Ako trhov\u00fd l\u00edder sme relevantn\u00fd partner pre v\u0161etk\u00fdch dod\u00e1vate\u013eov a v\u00fdrobcov v odvetv\u00ed. Na\u0161u profesionalitu neust\u00e1le zdokona\u013eujeme kontinu\u00e1lnym syst\u00e9mom \u0161kolen\u00ed.\" \/>\n<meta name=\"robots\" content=\"index, follow, max-snippet:-1, max-image-preview:large, max-video-preview:-1\" \/>\n<link rel=\"canonical\" href=\"https:\/\/beservice.sk\/partneri-be-service\/\" \/>\n<meta property=\"og:locale\" content=\"sk_SK\" \/>\n<meta property=\"og:type\" content=\"article\" \/>\n<meta property=\"og:title\" content=\"Partneri BE SERVICE - beservice.sk - Na\u0161i dod\u00e1vatelia s\u00fa overen\u00e9 spolo\u010dnosti\" \/>\n<meta property=\"og:description\" content=\"Ako trhov\u00fd l\u00edder sme relevantn\u00fd partner pre v\u0161etk\u00fdch dod\u00e1vate\u013eov a v\u00fdrobcov v odvetv\u00ed. Na\u0161u profesionalitu neust\u00e1le zdokona\u013eujeme kontinu\u00e1lnym syst\u00e9mom \u0161kolen\u00ed.\" \/>\n<meta property=\"og:url\" content=\"https:\/\/beservice.sk\/partneri-be-service\/\" \/>\n<meta property=\"og:site_name\" content=\"beservice.sk\" \/>\n<meta property=\"article:modified_time\" content=\"2021-05-13T08:05:07+00:00\" \/>\n<meta name=\"twitter:card\" content=\"summary_large_image\" \/>\n<meta name=\"twitter:label1\" content=\"Predpokladan\u00fd \u010das \u010d\u00edtania\" \/>\n\t<meta name=\"twitter:data1\" content=\"1 min\u00fata\" \/>\n<script type=\"application\/ld+json\" class=\"yoast-schema-graph\">{\"@context\":\"https:\/\/schema.org\",\"@graph\":[{\"@type\":\"WebPage\",\"@id\":\"https:\/\/beservice.sk\/partneri-be-service\/\",\"url\":\"https:\/\/beservice.sk\/partneri-be-service\/\",\"name\":\"Partneri BE SERVICE - beservice.sk - Na\u0161i dod\u00e1vatelia s\u00fa overen\u00e9 spolo\u010dnosti\",\"isPartOf\":{\"@id\":\"https:\/\/beservice.sk\/#website\"},\"datePublished\":\"2021-03-12T06:40:11+00:00\",\"dateModified\":\"2021-05-13T08:05:07+00:00\",\"description\":\"Ako trhov\u00fd l\u00edder sme relevantn\u00fd partner pre v\u0161etk\u00fdch dod\u00e1vate\u013eov a v\u00fdrobcov v odvetv\u00ed. Na\u0161u profesionalitu neust\u00e1le zdokona\u013eujeme kontinu\u00e1lnym syst\u00e9mom \u0161kolen\u00ed.\",\"breadcrumb\":{\"@id\":\"https:\/\/beservice.sk\/partneri-be-service\/#breadcrumb\"},\"inLanguage\":\"sk-SK\",\"potentialAction\":[{\"@type\":\"ReadAction\",\"target\":[\"https:\/\/beservice.sk\/partneri-be-service\/\"]}]},{\"@type\":\"BreadcrumbList\",\"@id\":\"https:\/\/beservice.sk\/partneri-be-service\/#breadcrumb\",\"itemListElement\":[{\"@type\":\"ListItem\",\"position\":1,\"name\":\"Home\",\"item\":\"https:\/\/beservice.sk\/\"},{\"@type\":\"ListItem\",\"position\":2,\"name\":\"Partneri BE SERVICE\"}]},{\"@type\":\"WebSite\",\"@id\":\"https:\/\/beservice.sk\/#website\",\"url\":\"https:\/\/beservice.sk\/\",\"name\":\"beservice.sk\",\"description\":\"Spo\u013eahliv\u00fd partner v oblasti \u00fadr\u017eby a servisu obvodov\u00fdch pl\u00e1\u0161\u0165ov a v\u00fdpln\u00ed stavebn\u00fdch otvorov\",\"potentialAction\":[{\"@type\":\"SearchAction\",\"target\":{\"@type\":\"EntryPoint\",\"urlTemplate\":\"https:\/\/beservice.sk\/?s={search_term_string}\"},\"query-input\":\"required name=search_term_string\"}],\"inLanguage\":\"sk-SK\"}]}<\/script>\n<!-- \/ Yoast SEO plugin. -->","yoast_head_json":{"title":"Partneri BE SERVICE - beservice.sk - Na\u0161i dod\u00e1vatelia s\u00fa overen\u00e9 spolo\u010dnosti","description":"Ako trhov\u00fd l\u00edder sme relevantn\u00fd partner pre v\u0161etk\u00fdch dod\u00e1vate\u013eov a v\u00fdrobcov v odvetv\u00ed. Na\u0161u profesionalitu neust\u00e1le zdokona\u013eujeme kontinu\u00e1lnym syst\u00e9mom \u0161kolen\u00ed.","robots":{"index":"index","follow":"follow","max-snippet":"max-snippet:-1","max-image-preview":"max-image-preview:large","max-video-preview":"max-video-preview:-1"},"canonical":"https:\/\/beservice.sk\/partneri-be-service\/","og_locale":"sk_SK","og_type":"article","og_title":"Partneri BE SERVICE - beservice.sk - Na\u0161i dod\u00e1vatelia s\u00fa overen\u00e9 spolo\u010dnosti","og_description":"Ako trhov\u00fd l\u00edder sme relevantn\u00fd partner pre v\u0161etk\u00fdch dod\u00e1vate\u013eov a v\u00fdrobcov v odvetv\u00ed. Na\u0161u profesionalitu neust\u00e1le zdokona\u013eujeme kontinu\u00e1lnym syst\u00e9mom \u0161kolen\u00ed.","og_url":"https:\/\/beservice.sk\/partneri-be-service\/","og_site_name":"beservice.sk","article_modified_time":"2021-05-13T08:05:07+00:00","twitter_card":"summary_large_image","twitter_misc":{"Predpokladan\u00fd \u010das \u010d\u00edtania":"1 min\u00fata"},"schema":{"@context":"https:\/\/schema.org","@graph":[{"@type":"WebPage","@id":"https:\/\/beservice.sk\/partneri-be-service\/","url":"https:\/\/beservice.sk\/partneri-be-service\/","name":"Partneri BE SERVICE - beservice.sk - Na\u0161i dod\u00e1vatelia s\u00fa overen\u00e9 spolo\u010dnosti","isPartOf":{"@id":"https:\/\/beservice.sk\/#website"},"datePublished":"2021-03-12T06:40:11+00:00","dateModified":"2021-05-13T08:05:07+00:00","description":"Ako trhov\u00fd l\u00edder sme relevantn\u00fd partner pre v\u0161etk\u00fdch dod\u00e1vate\u013eov a v\u00fdrobcov v odvetv\u00ed. Na\u0161u profesionalitu neust\u00e1le zdokona\u013eujeme kontinu\u00e1lnym syst\u00e9mom \u0161kolen\u00ed.","breadcrumb":{"@id":"https:\/\/beservice.sk\/partneri-be-service\/#breadcrumb"},"inLanguage":"sk-SK","potentialAction":[{"@type":"ReadAction","target":["https:\/\/beservice.sk\/partneri-be-service\/"]}]},{"@type":"BreadcrumbList","@id":"https:\/\/beservice.sk\/partneri-be-service\/#breadcrumb","itemListElement":[{"@type":"ListItem","position":1,"name":"Home","item":"https:\/\/beservice.sk\/"},{"@type":"ListItem","position":2,"name":"Partneri BE SERVICE"}]},{"@type":"WebSite","@id":"https:\/\/beservice.sk\/#website","url":"https:\/\/beservice.sk\/","name":"beservice.sk","description":"Spo\u013eahliv\u00fd partner v oblasti \u00fadr\u017eby a servisu obvodov\u00fdch pl\u00e1\u0161\u0165ov a v\u00fdpln\u00ed stavebn\u00fdch otvorov","potentialAction":[{"@type":"SearchAction","target":{"@type":"EntryPoint","urlTemplate":"https:\/\/beservice.sk\/?s={search_term_string}"},"query-input":"required name=search_term_string"}],"inLanguage":"sk-SK"}]}},"_links":{"self":[{"href":"https:\/\/d.r1.wbsprt.com\/beservice.sk\/wp-json\/wp\/v2\/pages\/1497"}],"collection":[{"href":"https:\/\/d.r1.wbsprt.com\/beservice.sk\/wp-json\/wp\/v2\/pages"}],"about":[{"href":"https:\/\/d.r1.wbsprt.com\/beservice.sk\/wp-json\/wp\/v2\/types\/page"}],"author":[{"embeddable":true,"href":"https:\/\/d.r1.wbsprt.com\/beservice.sk\/wp-json\/wp\/v2\/users\/2"}],"replies":[{"embeddable":true,"href":"https:\/\/d.r1.wbsprt.com\/beservice.sk\/wp-json\/wp\/v2\/comments?post=1497"}],"version-history":[{"count":6,"href":"https:\/\/d.r1.wbsprt.com\/beservice.sk\/wp-json\/wp\/v2\/pages\/1497\/revisions"}],"predecessor-version":[{"id":1518,"href":"https:\/\/d.r1.wbsprt.com\/beservice.sk\/wp-json\/wp\/v2\/pages\/1497\/revisions\/1518"}],"wp:attachment":[{"href":"https:\/\/d.r1.wbsprt.com\/beservice.sk\/wp-json\/wp\/v2\/media?parent=1497"}],"curies":[{"name":"wp","href":"https:\/\/api.w.org\/{rel}","templated":true}]}}