{"id":1470,"date":"2021-03-11T13:02:52","date_gmt":"2021-03-11T12:02:52","guid":{"rendered":"http:\/\/d.r1.wbsprt.com\/beservice.sk\/?page_id=1470"},"modified":"2022-05-06T10:16:46","modified_gmt":"2022-05-06T08:16:46","slug":"objekty","status":"publish","type":"page","link":"https:\/\/d.r1.wbsprt.com\/beservice.sk\/objekty\/","title":{"rendered":"Objekty"},"content":{"rendered":"<p>[vc_row row_type=&#8221;row_full_center_content&#8221; bg_image=&#8221;1151&#8243; bg_position=&#8221;center center&#8221; row_parallax=&#8221;false&#8221; row_text_color=&#8221;row_text_light&#8221; padding_top=&#8221;150&#8243; padding_bottom=&#8221;150&#8243;][vc_column css=&#8221;.vc_custom_1558517820316{padding-top: 20px !important;padding-right: 20px !important;padding-bottom: 20px !important;padding-left: 20px !important;background-color: rgba(255,255,255,0.79) !important;*background-color: rgb(255,255,255) !important;}&#8221;][vc_empty_space]\n\t<div class=\"custom-heading wpb_content_element  text-center\">\n\t\t<h2 class=\"heading-title\" >REFERENCIE<\/h2>\n\t\t<span class=\"heading-line primary\"><\/span>\n\t<\/div>[vc_column_text]<\/p>\n<h3 style=\"text-align: center;\">Na\u0161imi z\u00e1kazn\u00edkmi s\u00fa spolo\u010dnosti, ktor\u00e9 p\u00f4sobia v oblasti facility managmentu, spr\u00e1vcovia objektov, investorsk\u00e9 a developersk\u00e9 spolo\u010dnosti a individu\u00e1lni klienti.<\/h3>\n<h3 style=\"text-align: center;\">Ka\u017ed\u00e1 na\u0161a realiz\u00e1cia je preveden\u00e1 odborn\u00fdm t\u00edmom, ktor\u00fd m\u00e1 rozsiahle sk\u00fasenosti v podobe opr\u00e1v, \u00fadr\u017eby a servisu na r\u00f4znych objektoch. Sme odborn\u00fdm technick\u00fdm garantom kvality a na\u0161\u00edm cie\u013eom je spokojn\u00fd z\u00e1kazn\u00edk.<\/h3>\n<p>[\/vc_column_text][vc_empty_space][\/vc_column][\/vc_row][vc_row row_type=&#8221;row_full_center_content&#8221;][vc_column]\n\t<div class=\"custom-heading wpb_content_element  text-center\">\n\t\t<h2 class=\"heading-title\" >V\u00ddBER Z NA\u0160ICH REFERENCI\u00cd<\/h2>\n\t\t<span class=\"heading-line primary\"><\/span>\n\t<\/div>[vc_row_inner][vc_column_inner width=&#8221;1\/3&#8243;][vc_column_text]<\/p>\n<ul>\n<li>\n<h4>Administrat\u00edvne budovy<\/h4>\n<\/li>\n<li>\n<h4>Obchodn\u00e9 centr\u00e1<\/h4>\n<\/li>\n<li>\n<h4>Banky<\/h4>\n<\/li>\n<li>\n<h4>\u0160t\u00e1tne in\u0161tit\u00facie<\/h4>\n<\/li>\n<\/ul>\n<p>[\/vc_column_text][\/vc_column_inner][vc_column_inner width=&#8221;1\/3&#8243;][vc_column_text]<\/p>\n<ul>\n<li>\n<h4>Hotely<\/h4>\n<h4><\/h4>\n<\/li>\n<li>\n<h4>Letisk\u00e1<\/h4>\n<\/li>\n<li>\n<h4>Priemyseln\u00e9 objekty<\/h4>\n<\/li>\n<li>\n<h4>\u0160koly a univerzity<\/h4>\n<\/li>\n<\/ul>\n<p>[\/vc_column_text][\/vc_column_inner][vc_column_inner width=&#8221;1\/3&#8243;][vc_column_text]<\/p>\n<ul>\n<li>\n<h4>Nemocnice<\/h4>\n<\/li>\n<li>\n<h4>Bytov\u00e9 domy<\/h4>\n<\/li>\n<li>\n<h4>Rodinn\u00e9 domy<\/h4>\n<\/li>\n<\/ul>\n<p>[\/vc_column_text][\/vc_column_inner][\/vc_row_inner][\/vc_column][\/vc_row][vc_row][vc_column][vc_basic_grid post_type=&#8221;portfolio&#8221; max_items=&#8221;-1&#8243; style=&#8221;lazy&#8221; items_per_page=&#8221;6&#8243; show_filter=&#8221;yes&#8221; gap=&#8221;20&#8243; item=&#8221;mediaGrid_SlideInTitle&#8221; initial_loading_animation=&#8221;bounceInUp&#8221; grid_id=&#8221;vc_gid:1651824962737-8b79ec62-a2c7-1&#8243; filter_source=&#8221;category&#8221; taxonomies=&#8221;54&#8243;][\/vc_column][\/vc_row]<\/p>\n","protected":false},"excerpt":{"rendered":"<p>[vc_row row_type=&#8221;row_full_center_content&#8221; bg_image=&#8221;1151&#8243; bg_position=&#8221;center center&#8221; row_parallax=&#8221;false&#8221; row_text_color=&#8221;row_text_light&#8221; padding_top=&#8221;150&#8243; padding_bottom=&#8221;150&#8243;][vc_column css=&#8221;.vc_custom_1558517820316{padding-top: 20px !important;padding-right: 20px !important;padding-bottom: 20px !important;padding-left: 20px !important;background-color: rgba(255,255,255,0.79) !important;*background-color: rgb(255,255,255) &#8230;<\/p>\n","protected":false},"author":2,"featured_media":0,"parent":0,"menu_order":0,"comment_status":"closed","ping_status":"closed","template":"","meta":{"_mi_skip_tracking":false,"_monsterinsights_sitenote_active":false,"_monsterinsights_sitenote_note":"","_monsterinsights_sitenote_category":0,"footnotes":""},"yoast_head":"<!-- This site is optimized with the Yoast SEO plugin v20.10 - https:\/\/yoast.com\/wordpress\/plugins\/seo\/ -->\n<title>Objekty - beservice.sk - V\u00ddBER Z NA\u0160ICH REFERENCI\u00cd<\/title>\n<meta name=\"description\" content=\"Ka\u017ed\u00e1 na\u0161a realiz\u00e1cia je preveden\u00e1 odborn\u00fdm t\u00edmom, ktor\u00fd m\u00e1 rozsiahle sk\u00fasenosti v podobe opr\u00e1v, \u00fadr\u017eby a servisu na r\u00f4znych objektoch. Sme odborn\u00fdm technick\u00fdm garantom kvality a na\u0161\u00edm cie\u013eom je spokojn\u00fd z\u00e1kazn\u00edk.\" \/>\n<meta name=\"robots\" content=\"index, follow, max-snippet:-1, max-image-preview:large, max-video-preview:-1\" \/>\n<link rel=\"canonical\" href=\"https:\/\/beservice.sk\/objekty\/\" \/>\n<meta property=\"og:locale\" content=\"sk_SK\" \/>\n<meta property=\"og:type\" content=\"article\" \/>\n<meta property=\"og:title\" content=\"Objekty - beservice.sk - V\u00ddBER Z NA\u0160ICH REFERENCI\u00cd\" \/>\n<meta property=\"og:description\" content=\"Ka\u017ed\u00e1 na\u0161a realiz\u00e1cia je preveden\u00e1 odborn\u00fdm t\u00edmom, ktor\u00fd m\u00e1 rozsiahle sk\u00fasenosti v podobe opr\u00e1v, \u00fadr\u017eby a servisu na r\u00f4znych objektoch. Sme odborn\u00fdm technick\u00fdm garantom kvality a na\u0161\u00edm cie\u013eom je spokojn\u00fd z\u00e1kazn\u00edk.\" \/>\n<meta property=\"og:url\" content=\"https:\/\/beservice.sk\/objekty\/\" \/>\n<meta property=\"og:site_name\" content=\"beservice.sk\" \/>\n<meta property=\"article:modified_time\" content=\"2022-05-06T08:16:46+00:00\" \/>\n<meta name=\"twitter:card\" content=\"summary_large_image\" \/>\n<meta name=\"twitter:label1\" content=\"Predpokladan\u00fd \u010das \u010d\u00edtania\" \/>\n\t<meta name=\"twitter:data1\" content=\"1 min\u00fata\" \/>\n<script type=\"application\/ld+json\" class=\"yoast-schema-graph\">{\"@context\":\"https:\/\/schema.org\",\"@graph\":[{\"@type\":\"WebPage\",\"@id\":\"https:\/\/beservice.sk\/objekty\/\",\"url\":\"https:\/\/beservice.sk\/objekty\/\",\"name\":\"Objekty - beservice.sk - V\u00ddBER Z NA\u0160ICH REFERENCI\u00cd\",\"isPartOf\":{\"@id\":\"https:\/\/beservice.sk\/#website\"},\"datePublished\":\"2021-03-11T12:02:52+00:00\",\"dateModified\":\"2022-05-06T08:16:46+00:00\",\"description\":\"Ka\u017ed\u00e1 na\u0161a realiz\u00e1cia je preveden\u00e1 odborn\u00fdm t\u00edmom, ktor\u00fd m\u00e1 rozsiahle sk\u00fasenosti v podobe opr\u00e1v, \u00fadr\u017eby a servisu na r\u00f4znych objektoch. Sme odborn\u00fdm technick\u00fdm garantom kvality a na\u0161\u00edm cie\u013eom je spokojn\u00fd z\u00e1kazn\u00edk.\",\"breadcrumb\":{\"@id\":\"https:\/\/beservice.sk\/objekty\/#breadcrumb\"},\"inLanguage\":\"sk-SK\",\"potentialAction\":[{\"@type\":\"ReadAction\",\"target\":[\"https:\/\/beservice.sk\/objekty\/\"]}]},{\"@type\":\"BreadcrumbList\",\"@id\":\"https:\/\/beservice.sk\/objekty\/#breadcrumb\",\"itemListElement\":[{\"@type\":\"ListItem\",\"position\":1,\"name\":\"Home\",\"item\":\"https:\/\/beservice.sk\/\"},{\"@type\":\"ListItem\",\"position\":2,\"name\":\"Objekty\"}]},{\"@type\":\"WebSite\",\"@id\":\"https:\/\/beservice.sk\/#website\",\"url\":\"https:\/\/beservice.sk\/\",\"name\":\"beservice.sk\",\"description\":\"Spo\u013eahliv\u00fd partner v oblasti \u00fadr\u017eby a servisu obvodov\u00fdch pl\u00e1\u0161\u0165ov a v\u00fdpln\u00ed stavebn\u00fdch otvorov\",\"potentialAction\":[{\"@type\":\"SearchAction\",\"target\":{\"@type\":\"EntryPoint\",\"urlTemplate\":\"https:\/\/beservice.sk\/?s={search_term_string}\"},\"query-input\":\"required name=search_term_string\"}],\"inLanguage\":\"sk-SK\"}]}<\/script>\n<!-- \/ Yoast SEO plugin. -->","yoast_head_json":{"title":"Objekty - beservice.sk - V\u00ddBER Z NA\u0160ICH REFERENCI\u00cd","description":"Ka\u017ed\u00e1 na\u0161a realiz\u00e1cia je preveden\u00e1 odborn\u00fdm t\u00edmom, ktor\u00fd m\u00e1 rozsiahle sk\u00fasenosti v podobe opr\u00e1v, \u00fadr\u017eby a servisu na r\u00f4znych objektoch. Sme odborn\u00fdm technick\u00fdm garantom kvality a na\u0161\u00edm cie\u013eom je spokojn\u00fd z\u00e1kazn\u00edk.","robots":{"index":"index","follow":"follow","max-snippet":"max-snippet:-1","max-image-preview":"max-image-preview:large","max-video-preview":"max-video-preview:-1"},"canonical":"https:\/\/beservice.sk\/objekty\/","og_locale":"sk_SK","og_type":"article","og_title":"Objekty - beservice.sk - V\u00ddBER Z NA\u0160ICH REFERENCI\u00cd","og_description":"Ka\u017ed\u00e1 na\u0161a realiz\u00e1cia je preveden\u00e1 odborn\u00fdm t\u00edmom, ktor\u00fd m\u00e1 rozsiahle sk\u00fasenosti v podobe opr\u00e1v, \u00fadr\u017eby a servisu na r\u00f4znych objektoch. Sme odborn\u00fdm technick\u00fdm garantom kvality a na\u0161\u00edm cie\u013eom je spokojn\u00fd z\u00e1kazn\u00edk.","og_url":"https:\/\/beservice.sk\/objekty\/","og_site_name":"beservice.sk","article_modified_time":"2022-05-06T08:16:46+00:00","twitter_card":"summary_large_image","twitter_misc":{"Predpokladan\u00fd \u010das \u010d\u00edtania":"1 min\u00fata"},"schema":{"@context":"https:\/\/schema.org","@graph":[{"@type":"WebPage","@id":"https:\/\/beservice.sk\/objekty\/","url":"https:\/\/beservice.sk\/objekty\/","name":"Objekty - beservice.sk - V\u00ddBER Z NA\u0160ICH REFERENCI\u00cd","isPartOf":{"@id":"https:\/\/beservice.sk\/#website"},"datePublished":"2021-03-11T12:02:52+00:00","dateModified":"2022-05-06T08:16:46+00:00","description":"Ka\u017ed\u00e1 na\u0161a realiz\u00e1cia je preveden\u00e1 odborn\u00fdm t\u00edmom, ktor\u00fd m\u00e1 rozsiahle sk\u00fasenosti v podobe opr\u00e1v, \u00fadr\u017eby a servisu na r\u00f4znych objektoch. Sme odborn\u00fdm technick\u00fdm garantom kvality a na\u0161\u00edm cie\u013eom je spokojn\u00fd z\u00e1kazn\u00edk.","breadcrumb":{"@id":"https:\/\/beservice.sk\/objekty\/#breadcrumb"},"inLanguage":"sk-SK","potentialAction":[{"@type":"ReadAction","target":["https:\/\/beservice.sk\/objekty\/"]}]},{"@type":"BreadcrumbList","@id":"https:\/\/beservice.sk\/objekty\/#breadcrumb","itemListElement":[{"@type":"ListItem","position":1,"name":"Home","item":"https:\/\/beservice.sk\/"},{"@type":"ListItem","position":2,"name":"Objekty"}]},{"@type":"WebSite","@id":"https:\/\/beservice.sk\/#website","url":"https:\/\/beservice.sk\/","name":"beservice.sk","description":"Spo\u013eahliv\u00fd partner v oblasti \u00fadr\u017eby a servisu obvodov\u00fdch pl\u00e1\u0161\u0165ov a v\u00fdpln\u00ed stavebn\u00fdch otvorov","potentialAction":[{"@type":"SearchAction","target":{"@type":"EntryPoint","urlTemplate":"https:\/\/beservice.sk\/?s={search_term_string}"},"query-input":"required name=search_term_string"}],"inLanguage":"sk-SK"}]}},"_links":{"self":[{"href":"https:\/\/d.r1.wbsprt.com\/beservice.sk\/wp-json\/wp\/v2\/pages\/1470"}],"collection":[{"href":"https:\/\/d.r1.wbsprt.com\/beservice.sk\/wp-json\/wp\/v2\/pages"}],"about":[{"href":"https:\/\/d.r1.wbsprt.com\/beservice.sk\/wp-json\/wp\/v2\/types\/page"}],"author":[{"embeddable":true,"href":"https:\/\/d.r1.wbsprt.com\/beservice.sk\/wp-json\/wp\/v2\/users\/2"}],"replies":[{"embeddable":true,"href":"https:\/\/d.r1.wbsprt.com\/beservice.sk\/wp-json\/wp\/v2\/comments?post=1470"}],"version-history":[{"count":6,"href":"https:\/\/d.r1.wbsprt.com\/beservice.sk\/wp-json\/wp\/v2\/pages\/1470\/revisions"}],"predecessor-version":[{"id":1980,"href":"https:\/\/d.r1.wbsprt.com\/beservice.sk\/wp-json\/wp\/v2\/pages\/1470\/revisions\/1980"}],"wp:attachment":[{"href":"https:\/\/d.r1.wbsprt.com\/beservice.sk\/wp-json\/wp\/v2\/media?parent=1470"}],"curies":[{"name":"wp","href":"https:\/\/api.w.org\/{rel}","templated":true}]}}