{"id":1468,"date":"2021-03-11T13:01:43","date_gmt":"2021-03-11T12:01:43","guid":{"rendered":"http:\/\/d.r1.wbsprt.com\/beservice.sk\/?page_id=1468"},"modified":"2022-03-28T09:27:45","modified_gmt":"2022-03-28T07:27:45","slug":"nase-riesenia","status":"publish","type":"page","link":"https:\/\/d.r1.wbsprt.com\/beservice.sk\/nase-riesenia\/","title":{"rendered":"Na\u0161e rie\u0161enia"},"content":{"rendered":"<p>[vc_row row_type=&#8221;row_full_center_content&#8221; bg_image=&#8221;1151&#8243; bg_position=&#8221;center center&#8221; row_parallax=&#8221;false&#8221; row_text_color=&#8221;row_text_light&#8221; padding_top=&#8221;150&#8243; padding_bottom=&#8221;150&#8243;][vc_column css=&#8221;.vc_custom_1558517820316{padding-top: 20px !important;padding-right: 20px !important;padding-bottom: 20px !important;padding-left: 20px !important;background-color: rgba(255,255,255,0.79) !important;*background-color: rgb(255,255,255) !important;}&#8221;][vc_empty_space]\n\t<div class=\"custom-heading wpb_content_element  text-center\">\n\t\t<h2 class=\"heading-title\" >\u010cO NAJ\u010cASTEJ\u0160IE RIE\u0160IME U NA\u0160ICH KLIENTOV?<\/h2>\n\t\t<span class=\"heading-line primary\"><\/span>\n\t<\/div>[vc_column_text]<\/p>\n<div class=\"text\">\n<h3 style=\"padding-left: 40px; text-align: center;\">Od 90-tych rokov sa na na\u0161om \u00fazem\u00ed zrealizovalo mno\u017estvo objektov. Kon\u0161truk\u010dn\u00e9 rie\u0161enie ich obvodov\u00fdch pl\u00e1\u0161\u0165ov vznikalo na z\u00e1klade po\u017eiadaviek investorov a architektov v zmysle aktu\u00e1lneho trendu v\u00fdvoja nov\u00fdch produktov.<\/h3>\n<h3 style=\"padding-left: 40px; text-align: center;\"><\/h3>\n<h3 style=\"padding-left: 40px; text-align: center;\">Av\u0161ak postupom \u010dasu tieto produkty vplyvom u\u017e\u00edvania a p\u00f4sobenia poveternostn\u00fdch podmienok za\u010d\u00ednaj\u00fa meni\u0165 svoje vlastnosti a t\u00fdm zhor\u0161uj\u00fa po\u017eadovan\u00fd komfort.<\/h3>\n<\/div>\n<p>[\/vc_column_text][vc_empty_space][\/vc_column][\/vc_row][vc_row row_type=&#8221;row_full_center_content&#8221;][vc_column][vc_empty_space][vc_column_text]<\/p>\n<h3 style=\"text-align: center;\">Rie\u0161en\u00edm okrem jednor\u00e1zovej opravy je i periodick\u00fd servis, ktor\u00fd zabezpe\u010d\u00ed nielen st\u00e1lu funk\u010dnos\u0165, ale aj zn\u00ed\u017ei po\u010det doposia\u013e opakuj\u00facich sa por\u00fach.<\/h3>\n<p>[\/vc_column_text][\/vc_column][\/vc_row][vc_row row_type=&#8221;row_full_center_content&#8221; bg_color=&#8221;#ffffff&#8221; bg_position=&#8221;left bottom&#8221;][vc_column width=&#8221;1\/2&#8243; css=&#8221;.vc_custom_1617105478051{padding-top: 20px !important;padding-right: 20px !important;padding-bottom: 20px !important;padding-left: 20px !important;background-color: #f7f7f7 !important;}&#8221;]\n\t<div class=\"custom-heading wpb_content_element  heading-medium\">\n\t\t<h2 class=\"heading-title\" >Funk\u010dn\u00e9 poruchy<\/h2>\n\t\t<span class=\"heading-line primary\"><\/span>\n\t<\/div>[vc_column_text]<\/p>\n<ul>\n<li>\n<h4>poruchy ovl\u00e1dania okien a\u00a0dver\u00ed<\/h4>\n<\/li>\n<li>\n<h4>zatekanie<\/h4>\n<\/li>\n<li>\n<h4>prefukovanie<\/h4>\n<\/li>\n<li>\n<h4>nadmern\u00e1 hlu\u010dnos\u0165<\/h4>\n<\/li>\n<li>\n<h4>rosenie, vlhnutie a\u00a0tvorba plesn\u00ed<\/h4>\n<\/li>\n<li>\n<h4>probl\u00e9my s tienen\u00edm<\/h4>\n<\/li>\n<li>\n<h4>po\u0161koden\u00e9 skl\u00e1<\/h4>\n<\/li>\n<li>\n<h4>nevyhovuj\u00face technick\u00e9 rie\u0161enie<\/h4>\n<\/li>\n<\/ul>\n<p style=\"text-align: right;\"><strong>\u00a0<\/strong><\/p>\n<p>[\/vc_column_text][\/vc_column][vc_column width=&#8221;1\/2&#8243; css=&#8221;.vc_custom_1617105524832{padding-top: 20px !important;padding-right: 20px !important;padding-bottom: 20px !important;padding-left: 20px !important;background-color: #f7f7f7 !important;}&#8221;]\n\t<div class=\"custom-heading wpb_content_element  heading-medium\">\n\t\t<h2 class=\"heading-title\" >Estetick\u00e9 poruchy<\/h2>\n\t\t<span class=\"heading-line primary\"><\/span>\n\t<\/div>[vc_column_text]<\/p>\n<ul>\n<li>\n<h4>praskliny, \u0161krabance<\/h4>\n<\/li>\n<li>\n<h4>zmena farby profilu okien, dver\u00ed<\/h4>\n<\/li>\n<li>\n<h4>be\u017ene neodstr\u00e1nite\u013en\u00e9 ne\u010distoty skiel, okien, dver\u00ed a fas\u00e1d<\/h4>\n<\/li>\n<li>\n<h4>nevyhovuj\u00face estetick\u00e9 rie\u0161enie<\/h4>\n<\/li>\n<\/ul>\n<p style=\"text-align: right;\"><strong>\u00a0<\/strong><\/p>\n<p>[\/vc_column_text][\/vc_column][\/vc_row][vc_row][vc_column]\n\t<div class=\"custom-heading wpb_content_element  text-center\">\n\t\t<h2 class=\"heading-title\" >NA\u0160E RIE\u0160ENIA<\/h2>\n\t\t<span class=\"heading-line primary\"><\/span>\n\t<\/div>[vc_basic_grid post_type=&#8221;portfolio&#8221; max_items=&#8221;-1&#8243; style=&#8221;lazy&#8221; items_per_page=&#8221;6&#8243; show_filter=&#8221;yes&#8221; gap=&#8221;20&#8243; item=&#8221;1960&#8243; initial_loading_animation=&#8221;bounceInUp&#8221; grid_id=&#8221;vc_gid:1648451813330-4476cdaa-d538-10&#8243; filter_source=&#8221;category&#8221; taxonomies=&#8221;70&#8243;][\/vc_column][\/vc_row]<\/p>\n","protected":false},"excerpt":{"rendered":"<p>[vc_row row_type=&#8221;row_full_center_content&#8221; bg_image=&#8221;1151&#8243; bg_position=&#8221;center center&#8221; row_parallax=&#8221;false&#8221; row_text_color=&#8221;row_text_light&#8221; padding_top=&#8221;150&#8243; padding_bottom=&#8221;150&#8243;][vc_column css=&#8221;.vc_custom_1558517820316{padding-top: 20px !important;padding-right: 20px !important;padding-bottom: 20px !important;padding-left: 20px !important;background-color: rgba(255,255,255,0.79) !important;*background-color: rgb(255,255,255) &#8230;<\/p>\n","protected":false},"author":2,"featured_media":0,"parent":0,"menu_order":0,"comment_status":"closed","ping_status":"closed","template":"","meta":{"_mi_skip_tracking":false,"_monsterinsights_sitenote_active":false,"_monsterinsights_sitenote_note":"","_monsterinsights_sitenote_category":0,"footnotes":""},"yoast_head":"<!-- This site is optimized with the Yoast SEO plugin v20.10 - https:\/\/yoast.com\/wordpress\/plugins\/seo\/ -->\n<title>Na\u0161e rie\u0161enia - beservice.sk - jednor\u00e1zov\u00e9 opravy a periodick\u00fd servis obvodov\u00fdch pl\u00e1\u0161\u0165ov<\/title>\n<meta name=\"description\" content=\"\u010cO NAJ\u010cASTEJ\u0160IE RIE\u0160IME U NA\u0160ICH KLIENTOV? Funk\u010dn\u00e9 a estetick\u00e9 poruchy, poruchy ovl\u00e1dania okien a dver\u00ed, zatekanie, praskliny, probl\u00e9my s tienen\u00edm, po\u0161koden\u00e9 skl\u00e1, \u0161krabance\" \/>\n<meta name=\"robots\" content=\"index, follow, max-snippet:-1, max-image-preview:large, max-video-preview:-1\" \/>\n<link rel=\"canonical\" href=\"https:\/\/beservice.sk\/nase-riesenia\/\" \/>\n<meta property=\"og:locale\" content=\"sk_SK\" \/>\n<meta property=\"og:type\" content=\"article\" \/>\n<meta property=\"og:title\" content=\"Na\u0161e rie\u0161enia - beservice.sk - jednor\u00e1zov\u00e9 opravy a periodick\u00fd servis obvodov\u00fdch pl\u00e1\u0161\u0165ov\" \/>\n<meta property=\"og:description\" content=\"\u010cO NAJ\u010cASTEJ\u0160IE RIE\u0160IME U NA\u0160ICH KLIENTOV? Funk\u010dn\u00e9 a estetick\u00e9 poruchy, poruchy ovl\u00e1dania okien a dver\u00ed, zatekanie, praskliny, probl\u00e9my s tienen\u00edm, po\u0161koden\u00e9 skl\u00e1, \u0161krabance\" \/>\n<meta property=\"og:url\" content=\"https:\/\/beservice.sk\/nase-riesenia\/\" \/>\n<meta property=\"og:site_name\" content=\"beservice.sk\" \/>\n<meta property=\"article:modified_time\" content=\"2022-03-28T07:27:45+00:00\" \/>\n<meta name=\"twitter:card\" content=\"summary_large_image\" \/>\n<meta name=\"twitter:label1\" content=\"Predpokladan\u00fd \u010das \u010d\u00edtania\" \/>\n\t<meta name=\"twitter:data1\" content=\"1 min\u00fata\" \/>\n<script type=\"application\/ld+json\" class=\"yoast-schema-graph\">{\"@context\":\"https:\/\/schema.org\",\"@graph\":[{\"@type\":\"WebPage\",\"@id\":\"https:\/\/beservice.sk\/nase-riesenia\/\",\"url\":\"https:\/\/beservice.sk\/nase-riesenia\/\",\"name\":\"Na\u0161e rie\u0161enia - beservice.sk - jednor\u00e1zov\u00e9 opravy a periodick\u00fd servis obvodov\u00fdch pl\u00e1\u0161\u0165ov\",\"isPartOf\":{\"@id\":\"https:\/\/beservice.sk\/#website\"},\"datePublished\":\"2021-03-11T12:01:43+00:00\",\"dateModified\":\"2022-03-28T07:27:45+00:00\",\"description\":\"\u010cO NAJ\u010cASTEJ\u0160IE RIE\u0160IME U NA\u0160ICH KLIENTOV? Funk\u010dn\u00e9 a estetick\u00e9 poruchy, poruchy ovl\u00e1dania okien a dver\u00ed, zatekanie, praskliny, probl\u00e9my s tienen\u00edm, po\u0161koden\u00e9 skl\u00e1, \u0161krabance\",\"breadcrumb\":{\"@id\":\"https:\/\/beservice.sk\/nase-riesenia\/#breadcrumb\"},\"inLanguage\":\"sk-SK\",\"potentialAction\":[{\"@type\":\"ReadAction\",\"target\":[\"https:\/\/beservice.sk\/nase-riesenia\/\"]}]},{\"@type\":\"BreadcrumbList\",\"@id\":\"https:\/\/beservice.sk\/nase-riesenia\/#breadcrumb\",\"itemListElement\":[{\"@type\":\"ListItem\",\"position\":1,\"name\":\"Home\",\"item\":\"https:\/\/beservice.sk\/\"},{\"@type\":\"ListItem\",\"position\":2,\"name\":\"Na\u0161e rie\u0161enia\"}]},{\"@type\":\"WebSite\",\"@id\":\"https:\/\/beservice.sk\/#website\",\"url\":\"https:\/\/beservice.sk\/\",\"name\":\"beservice.sk\",\"description\":\"Spo\u013eahliv\u00fd partner v oblasti \u00fadr\u017eby a servisu obvodov\u00fdch pl\u00e1\u0161\u0165ov a v\u00fdpln\u00ed stavebn\u00fdch otvorov\",\"potentialAction\":[{\"@type\":\"SearchAction\",\"target\":{\"@type\":\"EntryPoint\",\"urlTemplate\":\"https:\/\/beservice.sk\/?s={search_term_string}\"},\"query-input\":\"required name=search_term_string\"}],\"inLanguage\":\"sk-SK\"}]}<\/script>\n<!-- \/ Yoast SEO plugin. -->","yoast_head_json":{"title":"Na\u0161e rie\u0161enia - beservice.sk - jednor\u00e1zov\u00e9 opravy a periodick\u00fd servis obvodov\u00fdch pl\u00e1\u0161\u0165ov","description":"\u010cO NAJ\u010cASTEJ\u0160IE RIE\u0160IME U NA\u0160ICH KLIENTOV? Funk\u010dn\u00e9 a estetick\u00e9 poruchy, poruchy ovl\u00e1dania okien a dver\u00ed, zatekanie, praskliny, probl\u00e9my s tienen\u00edm, po\u0161koden\u00e9 skl\u00e1, \u0161krabance","robots":{"index":"index","follow":"follow","max-snippet":"max-snippet:-1","max-image-preview":"max-image-preview:large","max-video-preview":"max-video-preview:-1"},"canonical":"https:\/\/beservice.sk\/nase-riesenia\/","og_locale":"sk_SK","og_type":"article","og_title":"Na\u0161e rie\u0161enia - beservice.sk - jednor\u00e1zov\u00e9 opravy a periodick\u00fd servis obvodov\u00fdch pl\u00e1\u0161\u0165ov","og_description":"\u010cO NAJ\u010cASTEJ\u0160IE RIE\u0160IME U NA\u0160ICH KLIENTOV? Funk\u010dn\u00e9 a estetick\u00e9 poruchy, poruchy ovl\u00e1dania okien a dver\u00ed, zatekanie, praskliny, probl\u00e9my s tienen\u00edm, po\u0161koden\u00e9 skl\u00e1, \u0161krabance","og_url":"https:\/\/beservice.sk\/nase-riesenia\/","og_site_name":"beservice.sk","article_modified_time":"2022-03-28T07:27:45+00:00","twitter_card":"summary_large_image","twitter_misc":{"Predpokladan\u00fd \u010das \u010d\u00edtania":"1 min\u00fata"},"schema":{"@context":"https:\/\/schema.org","@graph":[{"@type":"WebPage","@id":"https:\/\/beservice.sk\/nase-riesenia\/","url":"https:\/\/beservice.sk\/nase-riesenia\/","name":"Na\u0161e rie\u0161enia - beservice.sk - jednor\u00e1zov\u00e9 opravy a periodick\u00fd servis obvodov\u00fdch pl\u00e1\u0161\u0165ov","isPartOf":{"@id":"https:\/\/beservice.sk\/#website"},"datePublished":"2021-03-11T12:01:43+00:00","dateModified":"2022-03-28T07:27:45+00:00","description":"\u010cO NAJ\u010cASTEJ\u0160IE RIE\u0160IME U NA\u0160ICH KLIENTOV? Funk\u010dn\u00e9 a estetick\u00e9 poruchy, poruchy ovl\u00e1dania okien a dver\u00ed, zatekanie, praskliny, probl\u00e9my s tienen\u00edm, po\u0161koden\u00e9 skl\u00e1, \u0161krabance","breadcrumb":{"@id":"https:\/\/beservice.sk\/nase-riesenia\/#breadcrumb"},"inLanguage":"sk-SK","potentialAction":[{"@type":"ReadAction","target":["https:\/\/beservice.sk\/nase-riesenia\/"]}]},{"@type":"BreadcrumbList","@id":"https:\/\/beservice.sk\/nase-riesenia\/#breadcrumb","itemListElement":[{"@type":"ListItem","position":1,"name":"Home","item":"https:\/\/beservice.sk\/"},{"@type":"ListItem","position":2,"name":"Na\u0161e rie\u0161enia"}]},{"@type":"WebSite","@id":"https:\/\/beservice.sk\/#website","url":"https:\/\/beservice.sk\/","name":"beservice.sk","description":"Spo\u013eahliv\u00fd partner v oblasti \u00fadr\u017eby a servisu obvodov\u00fdch pl\u00e1\u0161\u0165ov a v\u00fdpln\u00ed stavebn\u00fdch otvorov","potentialAction":[{"@type":"SearchAction","target":{"@type":"EntryPoint","urlTemplate":"https:\/\/beservice.sk\/?s={search_term_string}"},"query-input":"required name=search_term_string"}],"inLanguage":"sk-SK"}]}},"_links":{"self":[{"href":"https:\/\/d.r1.wbsprt.com\/beservice.sk\/wp-json\/wp\/v2\/pages\/1468"}],"collection":[{"href":"https:\/\/d.r1.wbsprt.com\/beservice.sk\/wp-json\/wp\/v2\/pages"}],"about":[{"href":"https:\/\/d.r1.wbsprt.com\/beservice.sk\/wp-json\/wp\/v2\/types\/page"}],"author":[{"embeddable":true,"href":"https:\/\/d.r1.wbsprt.com\/beservice.sk\/wp-json\/wp\/v2\/users\/2"}],"replies":[{"embeddable":true,"href":"https:\/\/d.r1.wbsprt.com\/beservice.sk\/wp-json\/wp\/v2\/comments?post=1468"}],"version-history":[{"count":7,"href":"https:\/\/d.r1.wbsprt.com\/beservice.sk\/wp-json\/wp\/v2\/pages\/1468\/revisions"}],"predecessor-version":[{"id":1968,"href":"https:\/\/d.r1.wbsprt.com\/beservice.sk\/wp-json\/wp\/v2\/pages\/1468\/revisions\/1968"}],"wp:attachment":[{"href":"https:\/\/d.r1.wbsprt.com\/beservice.sk\/wp-json\/wp\/v2\/media?parent=1468"}],"curies":[{"name":"wp","href":"https:\/\/api.w.org\/{rel}","templated":true}]}}