{"id":1464,"date":"2021-03-11T12:30:21","date_gmt":"2021-03-11T11:30:21","guid":{"rendered":"http:\/\/d.r1.wbsprt.com\/beservice.sk\/?page_id=1464"},"modified":"2021-05-13T09:38:43","modified_gmt":"2021-05-13T07:38:43","slug":"certifikaty-a-opravnenia","status":"publish","type":"page","link":"https:\/\/d.r1.wbsprt.com\/beservice.sk\/certifikaty-a-opravnenia\/","title":{"rendered":"Certifik\u00e1ty a opr\u00e1vnenia"},"content":{"rendered":"<p>[vc_row row_type=&#8221;row_full_center_content&#8221; bg_image=&#8221;1015&#8243; bg_position=&#8221;center center&#8221; row_parallax=&#8221;false&#8221; row_text_color=&#8221;row_text_light&#8221; padding_top=&#8221;150&#8243; padding_bottom=&#8221;150&#8243;][vc_column css=&#8221;.vc_custom_1558517820316{padding-top: 20px !important;padding-right: 20px !important;padding-bottom: 20px !important;padding-left: 20px !important;background-color: rgba(255,255,255,0.79) !important;*background-color: rgb(255,255,255) !important;}&#8221;][vc_empty_space]\n\t<div class=\"custom-heading wpb_content_element  text-center\">\n\t\t<h2 class=\"heading-title\" >CERTIFIK\u00c1TY A OPR\u00c1VNENIA<\/h2>\n\t\t<span class=\"heading-line primary\"><\/span>\n\t<\/div>[vc_column_text]<\/p>\n<h3 style=\"text-align: center;\">Na\u0161u spo\u013eahlivos\u0165 a odbornos\u0165 dokumentuj\u00fa opr\u00e1vnenia, certifik\u00e1ty a autoriz\u00e1cie od v\u0161etk\u00fdch relevantn\u00fdch syst\u00e9mov\u00fdch domov, v\u00fdrobcov a spracovate\u013eov na trhu.<\/h3>\n<p>[\/vc_column_text][vc_empty_space][\/vc_column][\/vc_row][vc_row row_type=&#8221;row_full_center_content&#8221;][vc_column][vc_row_inner][vc_column_inner width=&#8221;1\/3&#8243;][vc_single_image image=&#8221;1673&#8243; img_size=&#8221;large&#8221; alignment=&#8221;center&#8221; style=&#8221;vc_box_shadow_border&#8221; onclick=&#8221;custom_link&#8221; link=&#8221;http:\/\/d.r1.wbsprt.com\/beservice.sk\/wp-content\/uploads\/2021\/03\/Reynaers-osvedcenie.pdf&#8221;][\/vc_column_inner][vc_column_inner width=&#8221;1\/3&#8243;][vc_single_image image=&#8221;1668&#8243; img_size=&#8221;large&#8221; alignment=&#8221;center&#8221; style=&#8221;vc_box_shadow_border&#8221; onclick=&#8221;custom_link&#8221; link=&#8221;http:\/\/d.r1.wbsprt.com\/beservice.sk\/wp-content\/uploads\/2021\/03\/Assa-Abloy-certifikat.pdf&#8221;][\/vc_column_inner][vc_column_inner width=&#8221;1\/3&#8243;][vc_single_image image=&#8221;1670&#8243; img_size=&#8221;large&#8221; alignment=&#8221;center&#8221; style=&#8221;vc_box_shadow_border&#8221; onclick=&#8221;custom_link&#8221; link=&#8221;http:\/\/d.r1.wbsprt.com\/beservice.sk\/wp-content\/uploads\/2021\/03\/HSE-osvedcenie.pdf&#8221;][\/vc_column_inner][\/vc_row_inner][\/vc_column][\/vc_row][vc_row row_type=&#8221;row_full_center_content&#8221;][vc_column][vc_row_inner][vc_column_inner width=&#8221;1\/3&#8243;][vc_single_image image=&#8221;1677&#8243; img_size=&#8221;large&#8221; alignment=&#8221;center&#8221; style=&#8221;vc_box_shadow_border&#8221; onclick=&#8221;custom_link&#8221; link=&#8221;http:\/\/d.r1.wbsprt.com\/beservice.sk\/wp-content\/uploads\/2021\/03\/Wicona-osvedcenie.pdf&#8221;][\/vc_column_inner][vc_column_inner width=&#8221;1\/3&#8243;][vc_single_image image=&#8221;1676&#8243; img_size=&#8221;large&#8221; alignment=&#8221;center&#8221; style=&#8221;vc_box_shadow_border&#8221; onclick=&#8221;custom_link&#8221; link=&#8221;http:\/\/d.r1.wbsprt.com\/beservice.sk\/wp-content\/uploads\/2021\/03\/Tesmont-certifikat.pdf&#8221;][\/vc_column_inner][vc_column_inner width=&#8221;1\/3&#8243;][vc_single_image image=&#8221;1675&#8243; img_size=&#8221;large&#8221; alignment=&#8221;center&#8221; style=&#8221;vc_box_shadow_border&#8221; onclick=&#8221;custom_link&#8221; link=&#8221;http:\/\/d.r1.wbsprt.com\/beservice.sk\/wp-content\/uploads\/2021\/03\/Schueco-osvedcenie.pdf&#8221;][\/vc_column_inner][\/vc_row_inner][\/vc_column][\/vc_row][vc_row row_type=&#8221;row_full_center_content&#8221;][vc_column][vc_row_inner][vc_column_inner width=&#8221;1\/3&#8243;][vc_single_image image=&#8221;1674&#8243; img_size=&#8221;large&#8221; alignment=&#8221;center&#8221; style=&#8221;vc_box_shadow_border&#8221; onclick=&#8221;custom_link&#8221; link=&#8221;http:\/\/d.r1.wbsprt.com\/beservice.sk\/wp-content\/uploads\/2021\/03\/Reynaers-osvedcenie-na-co-sa-vztahuje.pdf&#8221;][\/vc_column_inner][vc_column_inner width=&#8221;1\/3&#8243;][vc_single_image image=&#8221;1672&#8243; img_size=&#8221;large&#8221; alignment=&#8221;center&#8221; style=&#8221;vc_box_shadow_border&#8221; onclick=&#8221;custom_link&#8221; link=&#8221;http:\/\/d.r1.wbsprt.com\/beservice.sk\/wp-content\/uploads\/2021\/03\/Hueck-Osvedcenie.pdf&#8221;][\/vc_column_inner][vc_column_inner width=&#8221;1\/3&#8243;][vc_single_image image=&#8221;1671&#8243; img_size=&#8221;large&#8221; alignment=&#8221;center&#8221; style=&#8221;vc_box_shadow_border&#8221; onclick=&#8221;custom_link&#8221; link=&#8221;http:\/\/d.r1.wbsprt.com\/beservice.sk\/wp-content\/uploads\/2021\/03\/Hueck-Osvedcenie.pdf&#8221;][\/vc_column_inner][\/vc_row_inner][\/vc_column][\/vc_row][vc_row row_type=&#8221;row_full_center_content&#8221;][vc_column][vc_row_inner][vc_column_inner width=&#8221;1\/3&#8243;][vc_single_image image=&#8221;1667&#8243; img_size=&#8221;large&#8221; alignment=&#8221;center&#8221; style=&#8221;vc_box_shadow_border&#8221; onclick=&#8221;custom_link&#8221; link=&#8221;http:\/\/d.r1.wbsprt.com\/beservice.sk\/wp-content\/uploads\/2021\/03\/Aluprof-osvedcenie.pdf&#8221;][\/vc_column_inner][vc_column_inner width=&#8221;1\/3&#8243;][vc_single_image image=&#8221;1669&#8243; img_size=&#8221;large&#8221; alignment=&#8221;center&#8221; style=&#8221;vc_box_shadow_border&#8221; onclick=&#8221;custom_link&#8221; link=&#8221;http:\/\/d.r1.wbsprt.com\/beservice.sk\/wp-content\/uploads\/2021\/03\/EMOS-Certifikat.pdf&#8221;][\/vc_column_inner][vc_column_inner width=&#8221;1\/3&#8243;][\/vc_column_inner][\/vc_row_inner][\/vc_column][\/vc_row]<\/p>\n","protected":false},"excerpt":{"rendered":"<p>[vc_row row_type=&#8221;row_full_center_content&#8221; bg_image=&#8221;1015&#8243; bg_position=&#8221;center center&#8221; row_parallax=&#8221;false&#8221; row_text_color=&#8221;row_text_light&#8221; padding_top=&#8221;150&#8243; padding_bottom=&#8221;150&#8243;][vc_column css=&#8221;.vc_custom_1558517820316{padding-top: 20px !important;padding-right: 20px !important;padding-bottom: 20px !important;padding-left: 20px !important;background-color: rgba(255,255,255,0.79) !important;*background-color: rgb(255,255,255) &#8230;<\/p>\n","protected":false},"author":2,"featured_media":0,"parent":0,"menu_order":0,"comment_status":"closed","ping_status":"closed","template":"","meta":{"_mi_skip_tracking":false,"_monsterinsights_sitenote_active":false,"_monsterinsights_sitenote_note":"","_monsterinsights_sitenote_category":0,"footnotes":""},"yoast_head":"<!-- This site is optimized with the Yoast SEO plugin v20.10 - https:\/\/yoast.com\/wordpress\/plugins\/seo\/ -->\n<title>Certifik\u00e1ty a opr\u00e1vnenia - beservice.sk<\/title>\n<meta name=\"description\" content=\"Na\u0161u spo\u013eahlivos\u0165 a odbornos\u0165 dokumentuj\u00fa opr\u00e1vnenia, certifik\u00e1ty a autoriz\u00e1cie od v\u0161etk\u00fdch relevantn\u00fdch syst\u00e9mov\u00fdch domov, v\u00fdrobcov a spracovate\u013eov na trhu.\" \/>\n<meta name=\"robots\" content=\"index, follow, max-snippet:-1, max-image-preview:large, max-video-preview:-1\" \/>\n<link rel=\"canonical\" href=\"https:\/\/beservice.sk\/certifikaty-a-opravnenia\/\" \/>\n<meta property=\"og:locale\" content=\"sk_SK\" \/>\n<meta property=\"og:type\" content=\"article\" \/>\n<meta property=\"og:title\" content=\"Certifik\u00e1ty a opr\u00e1vnenia - beservice.sk\" \/>\n<meta property=\"og:description\" content=\"Na\u0161u spo\u013eahlivos\u0165 a odbornos\u0165 dokumentuj\u00fa opr\u00e1vnenia, certifik\u00e1ty a autoriz\u00e1cie od v\u0161etk\u00fdch relevantn\u00fdch syst\u00e9mov\u00fdch domov, v\u00fdrobcov a spracovate\u013eov na trhu.\" \/>\n<meta property=\"og:url\" content=\"https:\/\/beservice.sk\/certifikaty-a-opravnenia\/\" \/>\n<meta property=\"og:site_name\" content=\"beservice.sk\" \/>\n<meta property=\"article:modified_time\" content=\"2021-05-13T07:38:43+00:00\" \/>\n<meta name=\"twitter:card\" content=\"summary_large_image\" \/>\n<meta name=\"twitter:label1\" content=\"Predpokladan\u00fd \u010das \u010d\u00edtania\" \/>\n\t<meta name=\"twitter:data1\" content=\"1 min\u00fata\" \/>\n<script type=\"application\/ld+json\" class=\"yoast-schema-graph\">{\"@context\":\"https:\/\/schema.org\",\"@graph\":[{\"@type\":\"WebPage\",\"@id\":\"https:\/\/beservice.sk\/certifikaty-a-opravnenia\/\",\"url\":\"https:\/\/beservice.sk\/certifikaty-a-opravnenia\/\",\"name\":\"Certifik\u00e1ty a opr\u00e1vnenia - beservice.sk\",\"isPartOf\":{\"@id\":\"https:\/\/beservice.sk\/#website\"},\"datePublished\":\"2021-03-11T11:30:21+00:00\",\"dateModified\":\"2021-05-13T07:38:43+00:00\",\"description\":\"Na\u0161u spo\u013eahlivos\u0165 a odbornos\u0165 dokumentuj\u00fa opr\u00e1vnenia, certifik\u00e1ty a autoriz\u00e1cie od v\u0161etk\u00fdch relevantn\u00fdch syst\u00e9mov\u00fdch domov, v\u00fdrobcov a spracovate\u013eov na trhu.\",\"breadcrumb\":{\"@id\":\"https:\/\/beservice.sk\/certifikaty-a-opravnenia\/#breadcrumb\"},\"inLanguage\":\"sk-SK\",\"potentialAction\":[{\"@type\":\"ReadAction\",\"target\":[\"https:\/\/beservice.sk\/certifikaty-a-opravnenia\/\"]}]},{\"@type\":\"BreadcrumbList\",\"@id\":\"https:\/\/beservice.sk\/certifikaty-a-opravnenia\/#breadcrumb\",\"itemListElement\":[{\"@type\":\"ListItem\",\"position\":1,\"name\":\"Home\",\"item\":\"https:\/\/beservice.sk\/\"},{\"@type\":\"ListItem\",\"position\":2,\"name\":\"Certifik\u00e1ty a opr\u00e1vnenia\"}]},{\"@type\":\"WebSite\",\"@id\":\"https:\/\/beservice.sk\/#website\",\"url\":\"https:\/\/beservice.sk\/\",\"name\":\"beservice.sk\",\"description\":\"Spo\u013eahliv\u00fd partner v oblasti \u00fadr\u017eby a servisu obvodov\u00fdch pl\u00e1\u0161\u0165ov a v\u00fdpln\u00ed stavebn\u00fdch otvorov\",\"potentialAction\":[{\"@type\":\"SearchAction\",\"target\":{\"@type\":\"EntryPoint\",\"urlTemplate\":\"https:\/\/beservice.sk\/?s={search_term_string}\"},\"query-input\":\"required name=search_term_string\"}],\"inLanguage\":\"sk-SK\"}]}<\/script>\n<!-- \/ Yoast SEO plugin. -->","yoast_head_json":{"title":"Certifik\u00e1ty a opr\u00e1vnenia - beservice.sk","description":"Na\u0161u spo\u013eahlivos\u0165 a odbornos\u0165 dokumentuj\u00fa opr\u00e1vnenia, certifik\u00e1ty a autoriz\u00e1cie od v\u0161etk\u00fdch relevantn\u00fdch syst\u00e9mov\u00fdch domov, v\u00fdrobcov a spracovate\u013eov na trhu.","robots":{"index":"index","follow":"follow","max-snippet":"max-snippet:-1","max-image-preview":"max-image-preview:large","max-video-preview":"max-video-preview:-1"},"canonical":"https:\/\/beservice.sk\/certifikaty-a-opravnenia\/","og_locale":"sk_SK","og_type":"article","og_title":"Certifik\u00e1ty a opr\u00e1vnenia - beservice.sk","og_description":"Na\u0161u spo\u013eahlivos\u0165 a odbornos\u0165 dokumentuj\u00fa opr\u00e1vnenia, certifik\u00e1ty a autoriz\u00e1cie od v\u0161etk\u00fdch relevantn\u00fdch syst\u00e9mov\u00fdch domov, v\u00fdrobcov a spracovate\u013eov na trhu.","og_url":"https:\/\/beservice.sk\/certifikaty-a-opravnenia\/","og_site_name":"beservice.sk","article_modified_time":"2021-05-13T07:38:43+00:00","twitter_card":"summary_large_image","twitter_misc":{"Predpokladan\u00fd \u010das \u010d\u00edtania":"1 min\u00fata"},"schema":{"@context":"https:\/\/schema.org","@graph":[{"@type":"WebPage","@id":"https:\/\/beservice.sk\/certifikaty-a-opravnenia\/","url":"https:\/\/beservice.sk\/certifikaty-a-opravnenia\/","name":"Certifik\u00e1ty a opr\u00e1vnenia - beservice.sk","isPartOf":{"@id":"https:\/\/beservice.sk\/#website"},"datePublished":"2021-03-11T11:30:21+00:00","dateModified":"2021-05-13T07:38:43+00:00","description":"Na\u0161u spo\u013eahlivos\u0165 a odbornos\u0165 dokumentuj\u00fa opr\u00e1vnenia, certifik\u00e1ty a autoriz\u00e1cie od v\u0161etk\u00fdch relevantn\u00fdch syst\u00e9mov\u00fdch domov, v\u00fdrobcov a spracovate\u013eov na trhu.","breadcrumb":{"@id":"https:\/\/beservice.sk\/certifikaty-a-opravnenia\/#breadcrumb"},"inLanguage":"sk-SK","potentialAction":[{"@type":"ReadAction","target":["https:\/\/beservice.sk\/certifikaty-a-opravnenia\/"]}]},{"@type":"BreadcrumbList","@id":"https:\/\/beservice.sk\/certifikaty-a-opravnenia\/#breadcrumb","itemListElement":[{"@type":"ListItem","position":1,"name":"Home","item":"https:\/\/beservice.sk\/"},{"@type":"ListItem","position":2,"name":"Certifik\u00e1ty a opr\u00e1vnenia"}]},{"@type":"WebSite","@id":"https:\/\/beservice.sk\/#website","url":"https:\/\/beservice.sk\/","name":"beservice.sk","description":"Spo\u013eahliv\u00fd partner v oblasti \u00fadr\u017eby a servisu obvodov\u00fdch pl\u00e1\u0161\u0165ov a v\u00fdpln\u00ed stavebn\u00fdch otvorov","potentialAction":[{"@type":"SearchAction","target":{"@type":"EntryPoint","urlTemplate":"https:\/\/beservice.sk\/?s={search_term_string}"},"query-input":"required name=search_term_string"}],"inLanguage":"sk-SK"}]}},"_links":{"self":[{"href":"https:\/\/d.r1.wbsprt.com\/beservice.sk\/wp-json\/wp\/v2\/pages\/1464"}],"collection":[{"href":"https:\/\/d.r1.wbsprt.com\/beservice.sk\/wp-json\/wp\/v2\/pages"}],"about":[{"href":"https:\/\/d.r1.wbsprt.com\/beservice.sk\/wp-json\/wp\/v2\/types\/page"}],"author":[{"embeddable":true,"href":"https:\/\/d.r1.wbsprt.com\/beservice.sk\/wp-json\/wp\/v2\/users\/2"}],"replies":[{"embeddable":true,"href":"https:\/\/d.r1.wbsprt.com\/beservice.sk\/wp-json\/wp\/v2\/comments?post=1464"}],"version-history":[{"count":6,"href":"https:\/\/d.r1.wbsprt.com\/beservice.sk\/wp-json\/wp\/v2\/pages\/1464\/revisions"}],"predecessor-version":[{"id":1779,"href":"https:\/\/d.r1.wbsprt.com\/beservice.sk\/wp-json\/wp\/v2\/pages\/1464\/revisions\/1779"}],"wp:attachment":[{"href":"https:\/\/d.r1.wbsprt.com\/beservice.sk\/wp-json\/wp\/v2\/media?parent=1464"}],"curies":[{"name":"wp","href":"https:\/\/api.w.org\/{rel}","templated":true}]}}