{"id":1344,"date":"2021-03-04T11:56:24","date_gmt":"2021-03-04T10:56:24","guid":{"rendered":"http:\/\/d.r1.wbsprt.com\/beservice.sk\/?page_id=1344"},"modified":"2021-10-27T12:54:07","modified_gmt":"2021-10-27T10:54:07","slug":"kontakt","status":"publish","type":"page","link":"https:\/\/d.r1.wbsprt.com\/beservice.sk\/kontakt\/","title":{"rendered":"Kontakt"},"content":{"rendered":"<p>[vc_row row_type=&#8221;row_full_center_content&#8221; bg_image=&#8221;915&#8243; bg_position=&#8221;center center&#8221; row_parallax=&#8221;false&#8221; row_text_color=&#8221;row_text_light&#8221; padding_top=&#8221;150&#8243; padding_bottom=&#8221;150&#8243;][vc_column css=&#8221;.vc_custom_1558517820316{padding-top: 20px !important;padding-right: 20px !important;padding-bottom: 20px !important;padding-left: 20px !important;background-color: rgba(255,255,255,0.79) !important;*background-color: rgb(255,255,255) !important;}&#8221;][vc_empty_space]\n\t<div class=\"custom-heading wpb_content_element  text-center\">\n\t\t<h2 class=\"heading-title\" >KONTAKTUJTE N\u00c1S<\/h2>\n\t\t<span class=\"heading-line primary\"><\/span>\n\t<\/div>[vc_column_text]<\/p>\n<h3 style=\"text-align: center;\">To \u010do najviac oce\u0148uj\u00fa na\u0161i z\u00e1kazn\u00edci s\u00fa: r\u00fdchla reakcia na ich po\u017eiadavky, odborn\u00e9 pos\u00fadenie probl\u00e9mu, n\u00e1vrh ekonomicky optim\u00e1lneho rie\u0161enia a profesion\u00e1lna realiz\u00e1cia.<\/h3>\n<p>[\/vc_column_text][vc_empty_space][\/vc_column][\/vc_row][vc_row row_type=&#8221;row_full_center_content&#8221;][vc_column][vc_empty_space]\n\t<div class=\"custom-heading wpb_content_element \">\n\t\t<h2 class=\"heading-title\" >B.E.Service SK, s.r.o.<br \/>\nSpolo\u010dnos\u0165 s ru\u010den\u00edm obmedzen\u00fdm<\/h2>\n\t<\/div>[vc_separator][\/vc_column][\/vc_row][vc_row row_type=&#8221;row_full_center_content&#8221; padding_top=&#8221;10&#8243;][vc_column width=&#8221;1\/2&#8243;][vc_column_text]<\/p>\n<h4>CONTACT INFO<\/h4>\n<p>E-mail: <a href=\"mailto:info@beservice.sk\">info@beservice.sk<\/a><\/p>\n<p>Tel.: +421 917 052 476<\/p>\n<p>Technick\u00e9 oddelenie: +421 918 781 288[\/vc_column_text][\/vc_column][vc_column width=&#8221;1\/2&#8243;][vc_empty_space][vc_single_image image=&#8221;1352&#8243; img_size=&#8221;full&#8221; alignment=&#8221;center&#8221;][\/vc_column][\/vc_row][vc_row][vc_column][vc_separator][vc_empty_space][\/vc_column][\/vc_row][vc_row row_type=&#8221;row_full_center_content&#8221; margin_top=&#8221;-60&#8243;][vc_column width=&#8221;1\/2&#8243;][vc_column_text]<\/p>\n<h4>IDENTIFIKA\u010cN\u00c9 \u00daDAJE<\/h4>\n<p>Obchodn\u00e9 meno: B.E.Service SK, s.r.o.<br \/>\nPr\u00e1vna forma: Spolo\u010dnos\u0165 s ru\u010den\u00edm obmedzen\u00fdm<br \/>\nI\u010cO: 47 133 449<br \/>\nDI\u010c: 2023755844<br \/>\nI\u010c DPH: SK2023755844<\/p>\n<p>S\u00eddlo: \u017dikava \u010d.202, 951 92<br \/>\nKancel\u00e1ria Bratislava: Ra\u010dianska 153, 831 54 Bratislava<\/p>\n<p>Zodpovedn\u00fd z\u00e1stupca: Ing. Kukla Miroslav \u2013 konate\u013e spolo\u010dnosti<br \/>\n\u0160tatut\u00e1rny org\u00e1n: Konate\u013e<\/p>\n<p>Registr\u00e1cia: v Obchodnom registri OS v Nitre, odd. Sro, vl.\u010d. 34145\/N[\/vc_column_text][\/vc_column][vc_column width=&#8221;1\/2&#8243;][vc_column_text]<\/p>\n<h4>BANKOV\u00c9 SPOJENIE<\/h4>\n<p>Banka: V\u00daB, a.s., Mlynsk\u00e9 nivy 1, 829 90, Bratislava 25<br \/>\n\u010c\u00edslo \u00fa\u010dtu: 3132027153\/0200<br \/>\nIBAN: SK74 0200 0000 0031 3202 7153[\/vc_column_text][\/vc_column][\/vc_row][vc_row row_type=&#8221;row_full_center_content&#8221; margin_top=&#8221;-40&#8243;][vc_column][vc_gmaps link=&#8221;#E-8_JTNDaWZyYW1lJTIwc3JjJTNEJTIyaHR0cHMlM0ElMkYlMkZ3d3cuZ29vZ2xlLmNvbSUyRm1hcHMlMkZlbWJlZCUzRnBiJTNEJTIxMW0xOCUyMTFtMTIlMjExbTMlMjExZDI2NTkuODQ3Mjk4MjcxNDg5MyUyMTJkMTcuMTM1MDAyNDE1Mjc1NTIlMjEzZDQ4LjE5MDI5MzU3OTIyNzcwNiUyMTJtMyUyMTFmMCUyMTJmMCUyMTNmMCUyMTNtMiUyMTFpMTAyNCUyMTJpNzY4JTIxNGYxMy4xJTIxM20zJTIxMW0yJTIxMXMweDQ3NmM4ZjI0ZWRkMzY4NDklMjUzQTB4ZGZiNGY1OTM3YWNjMWJlYSUyMTJzQi5FLlNlcnZpY2UlMjUyQyUyNTIwc3BvbC4lMjUyMHMlMjUyMHIuby4lMjE1ZTAlMjEzbTIlMjExc3NrJTIxMnNzayUyMTR2MTYxNDg1NTQxNTU4OSUyMTVtMiUyMTFzc2slMjEyc3NrJTIyJTIwd2lkdGglM0QlMjI2MDAlMjIlMjBoZWlnaHQlM0QlMjI0NTAlMjIlMjBzdHlsZSUzRCUyMmJvcmRlciUzQTAlM0IlMjIlMjBhbGxvd2Z1bGxzY3JlZW4lM0QlMjIlMjIlMjBsb2FkaW5nJTNEJTIybGF6eSUyMiUzRSUzQyUyRmlmcmFtZSUzRQ==&#8221;]\n\t<div class=\"custom-heading wpb_content_element  text-center\">\n\t\t<h2 class=\"heading-title\" >NAP\u00cd\u0160TE N\u00c1M!<\/h2>\n\t\t<span class=\"heading-line primary\"><\/span>\n\t<\/div>\n<div class=\"wpcf7 no-js\" id=\"wpcf7-f1368-o1\" lang=\"sk-SK\" dir=\"ltr\">\n<div class=\"screen-reader-response\"><p role=\"status\" aria-live=\"polite\" aria-atomic=\"true\"><\/p> <ul><\/ul><\/div>\n<form action=\"\/wp-json\/wp\/v2\/pages\/1344#wpcf7-f1368-o1\" method=\"post\" class=\"wpcf7-form init\" aria-label=\"Contact form\" novalidate=\"novalidate\" data-status=\"init\">\n<div style=\"display: none;\">\n<input type=\"hidden\" name=\"_wpcf7\" value=\"1368\" \/>\n<input type=\"hidden\" name=\"_wpcf7_version\" value=\"5.7.7\" \/>\n<input type=\"hidden\" name=\"_wpcf7_locale\" value=\"sk_SK\" \/>\n<input type=\"hidden\" name=\"_wpcf7_unit_tag\" value=\"wpcf7-f1368-o1\" \/>\n<input type=\"hidden\" name=\"_wpcf7_container_post\" value=\"0\" \/>\n<input type=\"hidden\" name=\"_wpcf7_posted_data_hash\" value=\"\" \/>\n<input type=\"hidden\" name=\"_wpcf7_recaptcha_response\" value=\"\" \/>\n<\/div>\n<p><label> Va\u0161e meno (povinn\u00e9)<br \/>\n<span class=\"wpcf7-form-control-wrap\" data-name=\"your-name\"><input size=\"40\" class=\"wpcf7-form-control wpcf7-text wpcf7-validates-as-required\" aria-required=\"true\" aria-invalid=\"false\" value=\"\" type=\"text\" name=\"your-name\" \/><\/span> <\/label>\n<\/p>\n<p><label> V\u00e1\u0161 email (povinn\u00e9)<br \/>\n<span class=\"wpcf7-form-control-wrap\" data-name=\"your-email\"><input size=\"40\" class=\"wpcf7-form-control wpcf7-text wpcf7-email wpcf7-validates-as-required wpcf7-validates-as-email\" aria-required=\"true\" aria-invalid=\"false\" value=\"\" type=\"email\" name=\"your-email\" \/><\/span> <\/label>\n<\/p>\n<p><label> Predmet<br \/>\n<span class=\"wpcf7-form-control-wrap\" data-name=\"your-subject\"><input size=\"40\" class=\"wpcf7-form-control wpcf7-text\" aria-invalid=\"false\" value=\"\" type=\"text\" name=\"your-subject\" \/><\/span> <\/label>\n<\/p>\n<p><label> Va\u0161a spr\u00e1va<br \/>\n<span class=\"wpcf7-form-control-wrap\" data-name=\"your-message\"><textarea cols=\"40\" rows=\"10\" class=\"wpcf7-form-control wpcf7-textarea\" aria-invalid=\"false\" name=\"your-message\"><\/textarea><\/span> <\/label>\n<\/p>\n<p><span class=\"wpcf7-form-control-wrap wpgdprc\"><span class=\"wpcf7-form-control wpcf7-validates-as-required wpcf7-wpgdprc\"><span class=\"wpcf7-list-item\"><input type=\"checkbox\" name=\"wpgdprc\" value=\"1\" aria-required=\"true\" aria-invalid=\"false\" \/><span class=\"wpcf7-list-item-label\">Vyplnenen\u00edm tohto formul\u00e1ra s\u00fahlas\u00edte so spracovan\u00edm osobn\u00fdch \u00fadajov. Viac inform\u00e1ci\u00ed:<\/span><\/span><\/span>    <\/span><a href=\"https:\/\/beservice.sk\/ochrana-sukromia\/\"> GDPR inform\u00e1cie<\/a>\n<\/p>\n<p><input class=\"wpcf7-form-control has-spinner wpcf7-submit\" type=\"submit\" value=\"Odo\u0161li\" \/>\n<\/p><div class=\"wpcf7-response-output\" aria-hidden=\"true\"><\/div>\n<\/form>\n<\/div>\n[\/vc_column][\/vc_row]<\/p>\n","protected":false},"excerpt":{"rendered":"<p>[vc_row row_type=&#8221;row_full_center_content&#8221; bg_image=&#8221;915&#8243; bg_position=&#8221;center center&#8221; row_parallax=&#8221;false&#8221; row_text_color=&#8221;row_text_light&#8221; padding_top=&#8221;150&#8243; padding_bottom=&#8221;150&#8243;][vc_column css=&#8221;.vc_custom_1558517820316{padding-top: 20px !important;padding-right: 20px !important;padding-bottom: 20px !important;padding-left: 20px !important;background-color: rgba(255,255,255,0.79) !important;*background-color: rgb(255,255,255) &#8230;<\/p>\n","protected":false},"author":2,"featured_media":0,"parent":0,"menu_order":0,"comment_status":"closed","ping_status":"closed","template":"","meta":{"_mi_skip_tracking":false,"_monsterinsights_sitenote_active":false,"_monsterinsights_sitenote_note":"","_monsterinsights_sitenote_category":0,"footnotes":""},"yoast_head":"<!-- This site is optimized with the Yoast SEO plugin v20.10 - https:\/\/yoast.com\/wordpress\/plugins\/seo\/ -->\n<title>Kontakt - beservice.sk - B.E. Service, spol. s r.o.Spolo\u010dnos\u0165 s ru\u010den\u00edm obmedzen\u00fdm<\/title>\n<meta name=\"description\" content=\"KONTAKTUJTE N\u00c1S - info@beservice.sk, Tel.: +421 917 052 476. To \u010do najviac oce\u0148uj\u00fa na\u0161i z\u00e1kazn\u00edci s\u00fa r\u00fdchla reakcia na ich po\u017eiadavky, odborn\u00e9 pos\u00fadenie probl\u00e9mu, profesion\u00e1lna realiz\u00e1cia...\" \/>\n<meta name=\"robots\" content=\"index, follow, max-snippet:-1, max-image-preview:large, max-video-preview:-1\" \/>\n<link rel=\"canonical\" href=\"https:\/\/beservice.sk\/kontakt\/\" \/>\n<meta property=\"og:locale\" content=\"sk_SK\" \/>\n<meta property=\"og:type\" content=\"article\" \/>\n<meta property=\"og:title\" content=\"Kontakt - beservice.sk - B.E. Service, spol. s r.o.Spolo\u010dnos\u0165 s ru\u010den\u00edm obmedzen\u00fdm\" \/>\n<meta property=\"og:description\" content=\"KONTAKTUJTE N\u00c1S - info@beservice.sk, Tel.: +421 917 052 476. To \u010do najviac oce\u0148uj\u00fa na\u0161i z\u00e1kazn\u00edci s\u00fa r\u00fdchla reakcia na ich po\u017eiadavky, odborn\u00e9 pos\u00fadenie probl\u00e9mu, profesion\u00e1lna realiz\u00e1cia...\" \/>\n<meta property=\"og:url\" content=\"https:\/\/beservice.sk\/kontakt\/\" \/>\n<meta property=\"og:site_name\" content=\"beservice.sk\" \/>\n<meta property=\"article:modified_time\" content=\"2021-10-27T10:54:07+00:00\" \/>\n<meta name=\"twitter:card\" content=\"summary_large_image\" \/>\n<meta name=\"twitter:label1\" content=\"Predpokladan\u00fd \u010das \u010d\u00edtania\" \/>\n\t<meta name=\"twitter:data1\" content=\"1 min\u00fata\" \/>\n<script type=\"application\/ld+json\" class=\"yoast-schema-graph\">{\"@context\":\"https:\/\/schema.org\",\"@graph\":[{\"@type\":\"WebPage\",\"@id\":\"https:\/\/beservice.sk\/kontakt\/\",\"url\":\"https:\/\/beservice.sk\/kontakt\/\",\"name\":\"Kontakt - beservice.sk - B.E. Service, spol. s r.o.Spolo\u010dnos\u0165 s ru\u010den\u00edm obmedzen\u00fdm\",\"isPartOf\":{\"@id\":\"https:\/\/beservice.sk\/#website\"},\"datePublished\":\"2021-03-04T10:56:24+00:00\",\"dateModified\":\"2021-10-27T10:54:07+00:00\",\"description\":\"KONTAKTUJTE N\u00c1S - info@beservice.sk, Tel.: +421 917 052 476. To \u010do najviac oce\u0148uj\u00fa na\u0161i z\u00e1kazn\u00edci s\u00fa r\u00fdchla reakcia na ich po\u017eiadavky, odborn\u00e9 pos\u00fadenie probl\u00e9mu, profesion\u00e1lna realiz\u00e1cia...\",\"breadcrumb\":{\"@id\":\"https:\/\/beservice.sk\/kontakt\/#breadcrumb\"},\"inLanguage\":\"sk-SK\",\"potentialAction\":[{\"@type\":\"ReadAction\",\"target\":[\"https:\/\/beservice.sk\/kontakt\/\"]}]},{\"@type\":\"BreadcrumbList\",\"@id\":\"https:\/\/beservice.sk\/kontakt\/#breadcrumb\",\"itemListElement\":[{\"@type\":\"ListItem\",\"position\":1,\"name\":\"Home\",\"item\":\"https:\/\/beservice.sk\/\"},{\"@type\":\"ListItem\",\"position\":2,\"name\":\"Kontakt\"}]},{\"@type\":\"WebSite\",\"@id\":\"https:\/\/beservice.sk\/#website\",\"url\":\"https:\/\/beservice.sk\/\",\"name\":\"beservice.sk\",\"description\":\"Spo\u013eahliv\u00fd partner v oblasti \u00fadr\u017eby a servisu obvodov\u00fdch pl\u00e1\u0161\u0165ov a v\u00fdpln\u00ed stavebn\u00fdch otvorov\",\"potentialAction\":[{\"@type\":\"SearchAction\",\"target\":{\"@type\":\"EntryPoint\",\"urlTemplate\":\"https:\/\/beservice.sk\/?s={search_term_string}\"},\"query-input\":\"required name=search_term_string\"}],\"inLanguage\":\"sk-SK\"}]}<\/script>\n<!-- \/ Yoast SEO plugin. -->","yoast_head_json":{"title":"Kontakt - beservice.sk - B.E. Service, spol. s r.o.Spolo\u010dnos\u0165 s ru\u010den\u00edm obmedzen\u00fdm","description":"KONTAKTUJTE N\u00c1S - info@beservice.sk, Tel.: +421 917 052 476. To \u010do najviac oce\u0148uj\u00fa na\u0161i z\u00e1kazn\u00edci s\u00fa r\u00fdchla reakcia na ich po\u017eiadavky, odborn\u00e9 pos\u00fadenie probl\u00e9mu, profesion\u00e1lna realiz\u00e1cia...","robots":{"index":"index","follow":"follow","max-snippet":"max-snippet:-1","max-image-preview":"max-image-preview:large","max-video-preview":"max-video-preview:-1"},"canonical":"https:\/\/beservice.sk\/kontakt\/","og_locale":"sk_SK","og_type":"article","og_title":"Kontakt - beservice.sk - B.E. Service, spol. s r.o.Spolo\u010dnos\u0165 s ru\u010den\u00edm obmedzen\u00fdm","og_description":"KONTAKTUJTE N\u00c1S - info@beservice.sk, Tel.: +421 917 052 476. To \u010do najviac oce\u0148uj\u00fa na\u0161i z\u00e1kazn\u00edci s\u00fa r\u00fdchla reakcia na ich po\u017eiadavky, odborn\u00e9 pos\u00fadenie probl\u00e9mu, profesion\u00e1lna realiz\u00e1cia...","og_url":"https:\/\/beservice.sk\/kontakt\/","og_site_name":"beservice.sk","article_modified_time":"2021-10-27T10:54:07+00:00","twitter_card":"summary_large_image","twitter_misc":{"Predpokladan\u00fd \u010das \u010d\u00edtania":"1 min\u00fata"},"schema":{"@context":"https:\/\/schema.org","@graph":[{"@type":"WebPage","@id":"https:\/\/beservice.sk\/kontakt\/","url":"https:\/\/beservice.sk\/kontakt\/","name":"Kontakt - beservice.sk - B.E. Service, spol. s r.o.Spolo\u010dnos\u0165 s ru\u010den\u00edm obmedzen\u00fdm","isPartOf":{"@id":"https:\/\/beservice.sk\/#website"},"datePublished":"2021-03-04T10:56:24+00:00","dateModified":"2021-10-27T10:54:07+00:00","description":"KONTAKTUJTE N\u00c1S - info@beservice.sk, Tel.: +421 917 052 476. To \u010do najviac oce\u0148uj\u00fa na\u0161i z\u00e1kazn\u00edci s\u00fa r\u00fdchla reakcia na ich po\u017eiadavky, odborn\u00e9 pos\u00fadenie probl\u00e9mu, profesion\u00e1lna realiz\u00e1cia...","breadcrumb":{"@id":"https:\/\/beservice.sk\/kontakt\/#breadcrumb"},"inLanguage":"sk-SK","potentialAction":[{"@type":"ReadAction","target":["https:\/\/beservice.sk\/kontakt\/"]}]},{"@type":"BreadcrumbList","@id":"https:\/\/beservice.sk\/kontakt\/#breadcrumb","itemListElement":[{"@type":"ListItem","position":1,"name":"Home","item":"https:\/\/beservice.sk\/"},{"@type":"ListItem","position":2,"name":"Kontakt"}]},{"@type":"WebSite","@id":"https:\/\/beservice.sk\/#website","url":"https:\/\/beservice.sk\/","name":"beservice.sk","description":"Spo\u013eahliv\u00fd partner v oblasti \u00fadr\u017eby a servisu obvodov\u00fdch pl\u00e1\u0161\u0165ov a v\u00fdpln\u00ed stavebn\u00fdch otvorov","potentialAction":[{"@type":"SearchAction","target":{"@type":"EntryPoint","urlTemplate":"https:\/\/beservice.sk\/?s={search_term_string}"},"query-input":"required name=search_term_string"}],"inLanguage":"sk-SK"}]}},"_links":{"self":[{"href":"https:\/\/d.r1.wbsprt.com\/beservice.sk\/wp-json\/wp\/v2\/pages\/1344"}],"collection":[{"href":"https:\/\/d.r1.wbsprt.com\/beservice.sk\/wp-json\/wp\/v2\/pages"}],"about":[{"href":"https:\/\/d.r1.wbsprt.com\/beservice.sk\/wp-json\/wp\/v2\/types\/page"}],"author":[{"embeddable":true,"href":"https:\/\/d.r1.wbsprt.com\/beservice.sk\/wp-json\/wp\/v2\/users\/2"}],"replies":[{"embeddable":true,"href":"https:\/\/d.r1.wbsprt.com\/beservice.sk\/wp-json\/wp\/v2\/comments?post=1344"}],"version-history":[{"count":6,"href":"https:\/\/d.r1.wbsprt.com\/beservice.sk\/wp-json\/wp\/v2\/pages\/1344\/revisions"}],"predecessor-version":[{"id":1851,"href":"https:\/\/d.r1.wbsprt.com\/beservice.sk\/wp-json\/wp\/v2\/pages\/1344\/revisions\/1851"}],"wp:attachment":[{"href":"https:\/\/d.r1.wbsprt.com\/beservice.sk\/wp-json\/wp\/v2\/media?parent=1344"}],"curies":[{"name":"wp","href":"https:\/\/api.w.org\/{rel}","templated":true}]}}