{"id":11,"date":"2021-02-18T12:58:39","date_gmt":"2021-02-18T11:58:39","guid":{"rendered":"http:\/\/d.r1.wbsprt.com\/beservice.sk\/?page_id=11"},"modified":"2021-05-13T10:30:37","modified_gmt":"2021-05-13T08:30:37","slug":"sluzby","status":"publish","type":"page","link":"https:\/\/d.r1.wbsprt.com\/beservice.sk\/sluzby\/","title":{"rendered":"Produkty a slu\u017eby"},"content":{"rendered":"<p>[vc_row row_type=&#8221;row_full_center_content&#8221; bg_image=&#8221;429&#8243; bg_position=&#8221;center center&#8221; row_parallax=&#8221;false&#8221; padding_top=&#8221;200&#8243; padding_bottom=&#8221;200&#8243;][vc_column css=&#8221;.vc_custom_1558528515670{padding-top: 50px !important;padding-right: 20px !important;padding-bottom: 50px !important;padding-left: 20px !important;background-color: rgba(255,255,255,0.72) !important;*background-color: rgb(255,255,255) !important;}&#8221;]\n\t<div class=\"custom-heading wpb_content_element  text-center\" style=\"margin-bottom: -10px;\">\n\t\t<h2 class=\"heading-title\" >VYSK\u00da\u0160AJTE NA\u0160E SLU\u017dBY<\/h2>\n\t\t<span class=\"heading-line primary\"><\/span>\n\t<\/div>[vc_empty_space][vc_column_text]<\/p>\n<h3 style=\"text-align: center;\">Na\u0161i z\u00e1kazn\u00edci najviac oce\u0148uj\u00fa na\u0161u r\u00fdchlu reakciu na ich po\u017eiadavky, odborn\u00e9 pos\u00fadenie probl\u00e9mu, n\u00e1vrh optim\u00e1lneho rie\u0161enia a profesion\u00e1lnu realiz\u00e1ciu.<\/h3>\n<p>[\/vc_column_text][\/vc_column][\/vc_row][vc_row row_type=&#8221;row_full_center_content&#8221; padding_bottom=&#8221;0&#8243;][vc_column][\/vc_column][\/vc_row][vc_row row_type=&#8221;row_full_center_content&#8221;][vc_column width=&#8221;1\/2&#8243;][vc_icon icon_fontawesome=&#8221;fas fa-tools&#8221; color=&#8221;custom&#8221; size=&#8221;lg&#8221; custom_color=&#8221;#8dbf20&#8243; link=&#8221;url:https%3A%2F%2Fbeservice.sk%2Fsluzby%2Fzarucny-a-pozarucny-servis%2F&#8221;][vc_column_text]<\/p>\n<h2 style=\"margin-top: -25px; margin-bottom: 0px;\">Servis, \u00fadr\u017eba a oprava<\/h2>\n<p>[\/vc_column_text][vc_hoverbox image=&#8221;1218&#8243; primary_title=&#8221;&#8221; hover_title=&#8221;&#8221; hover_title_use_theme_fonts=&#8221;yes&#8221; shape=&#8221;square&#8221; hover_btn_title=&#8221;POZRIE\u0164&#8221; css_animation=&#8221;fadeInDown&#8221; use_custom_fonts_primary_title=&#8221;true&#8221; use_custom_fonts_hover_title=&#8221;true&#8221; hover_add_button=&#8221;true&#8221; hover_title_link=&#8221;url:https%3A%2F%2Fbeservice.sk%2Fsluzby%2Fzarucny-a-pozarucny-servis%2F&#8221; hover_btn_link=&#8221;url:https%3A%2F%2Fbeservice.sk%2Fsluzby%2Fzarucny-a-pozarucny-servis%2F&#8221;]Zabezpe\u010d\u00edme pre V\u00e1s technick\u00fa obhliadku, ur\u010d\u00edme rozsah opotrebenia a po\u0161kodenia\u00a0 kon\u0161truk\u010dn\u00fdch prvkov u jednotliv\u00fdch v\u00fdrobkov a navrhneme ekonomicky optim\u00e1lne rie\u0161enie probl\u00e9mu.[\/vc_hoverbox][\/vc_column][vc_column width=&#8221;1\/2&#8243;][vc_icon icon_fontawesome=&#8221;fas fa-city&#8221; color=&#8221;custom&#8221; size=&#8221;lg&#8221; custom_color=&#8221;#8dbf20&#8243; link=&#8221;url:https%3A%2F%2Fbeservice.sk%2Fsluzby%2Fpredaj-a-montaz-doplnkov%2F&#8221;][vc_column_text]<\/p>\n<h2 style=\"margin-top: -25px; margin-bottom: 0px;\">Dod\u00e1vka a mont\u00e1\u017e<\/h2>\n<p>[\/vc_column_text][vc_hoverbox image=&#8221;1126&#8243; primary_title=&#8221;&#8221; hover_title=&#8221;&#8221; hover_title_use_theme_fonts=&#8221;yes&#8221; shape=&#8221;square&#8221; hover_btn_title=&#8221;POZRIE\u0164&#8221; css_animation=&#8221;fadeInDown&#8221; use_custom_fonts_primary_title=&#8221;true&#8221; use_custom_fonts_hover_title=&#8221;true&#8221; hover_add_button=&#8221;true&#8221; hover_title_link=&#8221;url:https%3A%2F%2Fbeservice.sk%2Fsluzby%2Fpredaj-a-montaz-doplnkov%2F&#8221; hover_btn_link=&#8221;url:https%3A%2F%2Fbeservice.sk%2Fsluzby%2Fpredaj-a-montaz-doplnkov%2F&#8221;]Odborn\u00e9 sk\u00fasenosti a know &#8211; how na\u0161ich technikov n\u00e1m umu\u017e\u0148uje r\u00fdchlu a profesion\u00e1lnu mont\u00e1\u017e s garanciou najvy\u0161\u0161ej kvality.<\/p>\n<p>[\/vc_hoverbox][\/vc_column][\/vc_row][vc_row row_type=&#8221;row_full_center_content&#8221;][vc_column width=&#8221;1\/2&#8243;][vc_icon icon_fontawesome=&#8221;fas fa-chalkboard-teacher&#8221; color=&#8221;custom&#8221; size=&#8221;lg&#8221; custom_color=&#8221;#8dbf20&#8243; link=&#8221;url:https%3A%2F%2Fbeservice.sk%2Fsluzby%2Fpredaj-nahradnych-dielov%2F&#8221;][vc_column_text]<\/p>\n<h2 style=\"margin-top: -25px; margin-bottom: 0px;\">Technick\u00e9 poradenstvo<\/h2>\n<p>[\/vc_column_text][vc_hoverbox image=&#8221;977&#8243; primary_title=&#8221;&#8221; hover_title=&#8221;&#8221; hover_title_use_theme_fonts=&#8221;yes&#8221; shape=&#8221;square&#8221; hover_btn_title=&#8221;POZRIE\u0164&#8221; css_animation=&#8221;fadeInDown&#8221; use_custom_fonts_primary_title=&#8221;true&#8221; use_custom_fonts_hover_title=&#8221;true&#8221; hover_add_button=&#8221;true&#8221; hover_title_link=&#8221;url:https%3A%2F%2Fbeservice.sk%2Fsluzby%2Fpredaj-nahradnych-dielov%2F&#8221; hover_btn_link=&#8221;url:https%3A%2F%2Fbeservice.sk%2Fsluzby%2Fpredaj-nahradnych-dielov%2F&#8221;]Ka\u017ed\u00fa po\u017eiadavku z\u00e1kazn\u00edka posudzujeme individu\u00e1lne. V\u010faka dlhoro\u010dn\u00fdm praktick\u00fdm sk\u00fasenostiam z\u00a0realiz\u00e1cie fas\u00e1d V\u00e1m preto vieme poskytn\u00fa\u0165 odborn\u00e9 technick\u00e9 poradenstvo, a to i\u00a0pre ne\u0161tandardn\u00e9 rie\u0161enia.[\/vc_hoverbox][\/vc_column][vc_column width=&#8221;1\/2&#8243;][vc_icon icon_fontawesome=&#8221;fas fa-sync-alt&#8221; color=&#8221;custom&#8221; size=&#8221;lg&#8221; custom_color=&#8221;#8dbf20&#8243; link=&#8221;url:https%3A%2F%2Fbeservice.sk%2Fsluzby%2Fplastove-a-hlinikove-okna-a-dvere%2F&#8221;][vc_column_text]<\/p>\n<h2 style=\"margin-top: -25px; margin-bottom: 0px;\">Inovat\u00edvne rie\u0161enia<\/h2>\n<p>[\/vc_column_text][vc_hoverbox image=&#8221;916&#8243; primary_title=&#8221;&#8221; hover_title=&#8221;&#8221; hover_title_use_theme_fonts=&#8221;yes&#8221; shape=&#8221;square&#8221; hover_btn_title=&#8221;POZRIE\u0164&#8221; css_animation=&#8221;fadeInDown&#8221; use_custom_fonts_primary_title=&#8221;true&#8221; use_custom_fonts_hover_title=&#8221;true&#8221; hover_add_button=&#8221;true&#8221; hover_title_link=&#8221;url:https%3A%2F%2Fbeservice.sk%2Fsluzby%2Fplastove-a-hlinikove-okna-a-dvere%2F&#8221; hover_btn_link=&#8221;url:https%3A%2F%2Fbeservice.sk%2Fsluzby%2Fplastove-a-hlinikove-okna-a-dvere%2F&#8221;]Na\u0161e inovat\u00edvne rie\u0161enia zvy\u0161uj\u00fa funk\u010dnos\u0165 a komfort u\u017e\u00edvania objektov.[\/vc_hoverbox][\/vc_column][\/vc_row]<\/p>\n","protected":false},"excerpt":{"rendered":"<p>[vc_row row_type=&#8221;row_full_center_content&#8221; bg_image=&#8221;429&#8243; bg_position=&#8221;center center&#8221; row_parallax=&#8221;false&#8221; padding_top=&#8221;200&#8243; padding_bottom=&#8221;200&#8243;][vc_column css=&#8221;.vc_custom_1558528515670{padding-top: 50px !important;padding-right: 20px !important;padding-bottom: 50px !important;padding-left: 20px !important;background-color: rgba(255,255,255,0.72) !important;*background-color: rgb(255,255,255) !important;}&#8221;][vc_empty_space][vc_column_text] &#8230;<\/p>\n","protected":false},"author":3,"featured_media":0,"parent":0,"menu_order":0,"comment_status":"closed","ping_status":"closed","template":"","meta":{"_mi_skip_tracking":false,"_monsterinsights_sitenote_active":false,"_monsterinsights_sitenote_note":"","_monsterinsights_sitenote_category":0,"footnotes":""},"yoast_head":"<!-- This site is optimized with the Yoast SEO plugin v20.10 - https:\/\/yoast.com\/wordpress\/plugins\/seo\/ -->\n<title>Produkty a slu\u017eby - beservice.sk - servis, \u00fadr\u017eba a oprava, dod\u00e1vka a mont\u00e1\u017e, technick\u00e9 poradenstvo<\/title>\n<meta name=\"description\" content=\"Ur\u010d\u00edme rozsah opotrebenia a po\u0161kodenia kon\u0161truk\u010dn\u00fdch prvkov u jednotliv\u00fdch v\u00fdrobkov a navrhneme ekonomicky optim\u00e1lne rie\u0161enie probl\u00e9mu, poskytneme r\u00fdchlu a profesion\u00e1lnu mont\u00e1\u017e s garanciou najvy\u0161\u0161ej kvality.\" \/>\n<meta name=\"robots\" content=\"index, follow, max-snippet:-1, max-image-preview:large, max-video-preview:-1\" \/>\n<link rel=\"canonical\" href=\"https:\/\/beservice.sk\/sluzby\/\" \/>\n<meta property=\"og:locale\" content=\"sk_SK\" \/>\n<meta property=\"og:type\" content=\"article\" \/>\n<meta property=\"og:title\" content=\"Produkty a slu\u017eby - beservice.sk - servis, \u00fadr\u017eba a oprava, dod\u00e1vka a mont\u00e1\u017e, technick\u00e9 poradenstvo\" \/>\n<meta property=\"og:description\" content=\"Ur\u010d\u00edme rozsah opotrebenia a po\u0161kodenia kon\u0161truk\u010dn\u00fdch prvkov u jednotliv\u00fdch v\u00fdrobkov a navrhneme ekonomicky optim\u00e1lne rie\u0161enie probl\u00e9mu, poskytneme r\u00fdchlu a profesion\u00e1lnu mont\u00e1\u017e s garanciou najvy\u0161\u0161ej kvality.\" \/>\n<meta property=\"og:url\" content=\"https:\/\/beservice.sk\/sluzby\/\" \/>\n<meta property=\"og:site_name\" content=\"beservice.sk\" \/>\n<meta property=\"article:modified_time\" content=\"2021-05-13T08:30:37+00:00\" \/>\n<meta name=\"twitter:card\" content=\"summary_large_image\" \/>\n<meta name=\"twitter:label1\" content=\"Predpokladan\u00fd \u010das \u010d\u00edtania\" \/>\n\t<meta name=\"twitter:data1\" content=\"1 min\u00fata\" \/>\n<script type=\"application\/ld+json\" class=\"yoast-schema-graph\">{\"@context\":\"https:\/\/schema.org\",\"@graph\":[{\"@type\":\"WebPage\",\"@id\":\"https:\/\/beservice.sk\/sluzby\/\",\"url\":\"https:\/\/beservice.sk\/sluzby\/\",\"name\":\"Produkty a slu\u017eby - beservice.sk - servis, \u00fadr\u017eba a oprava, dod\u00e1vka a mont\u00e1\u017e, technick\u00e9 poradenstvo\",\"isPartOf\":{\"@id\":\"https:\/\/beservice.sk\/#website\"},\"datePublished\":\"2021-02-18T11:58:39+00:00\",\"dateModified\":\"2021-05-13T08:30:37+00:00\",\"description\":\"Ur\u010d\u00edme rozsah opotrebenia a po\u0161kodenia kon\u0161truk\u010dn\u00fdch prvkov u jednotliv\u00fdch v\u00fdrobkov a navrhneme ekonomicky optim\u00e1lne rie\u0161enie probl\u00e9mu, poskytneme r\u00fdchlu a profesion\u00e1lnu mont\u00e1\u017e s garanciou najvy\u0161\u0161ej kvality.\",\"breadcrumb\":{\"@id\":\"https:\/\/beservice.sk\/sluzby\/#breadcrumb\"},\"inLanguage\":\"sk-SK\",\"potentialAction\":[{\"@type\":\"ReadAction\",\"target\":[\"https:\/\/beservice.sk\/sluzby\/\"]}]},{\"@type\":\"BreadcrumbList\",\"@id\":\"https:\/\/beservice.sk\/sluzby\/#breadcrumb\",\"itemListElement\":[{\"@type\":\"ListItem\",\"position\":1,\"name\":\"Home\",\"item\":\"https:\/\/beservice.sk\/\"},{\"@type\":\"ListItem\",\"position\":2,\"name\":\"Produkty a slu\u017eby\"}]},{\"@type\":\"WebSite\",\"@id\":\"https:\/\/beservice.sk\/#website\",\"url\":\"https:\/\/beservice.sk\/\",\"name\":\"beservice.sk\",\"description\":\"Spo\u013eahliv\u00fd partner v oblasti \u00fadr\u017eby a servisu obvodov\u00fdch pl\u00e1\u0161\u0165ov a v\u00fdpln\u00ed stavebn\u00fdch otvorov\",\"potentialAction\":[{\"@type\":\"SearchAction\",\"target\":{\"@type\":\"EntryPoint\",\"urlTemplate\":\"https:\/\/beservice.sk\/?s={search_term_string}\"},\"query-input\":\"required name=search_term_string\"}],\"inLanguage\":\"sk-SK\"}]}<\/script>\n<!-- \/ Yoast SEO plugin. -->","yoast_head_json":{"title":"Produkty a slu\u017eby - beservice.sk - servis, \u00fadr\u017eba a oprava, dod\u00e1vka a mont\u00e1\u017e, technick\u00e9 poradenstvo","description":"Ur\u010d\u00edme rozsah opotrebenia a po\u0161kodenia kon\u0161truk\u010dn\u00fdch prvkov u jednotliv\u00fdch v\u00fdrobkov a navrhneme ekonomicky optim\u00e1lne rie\u0161enie probl\u00e9mu, poskytneme r\u00fdchlu a profesion\u00e1lnu mont\u00e1\u017e s garanciou najvy\u0161\u0161ej kvality.","robots":{"index":"index","follow":"follow","max-snippet":"max-snippet:-1","max-image-preview":"max-image-preview:large","max-video-preview":"max-video-preview:-1"},"canonical":"https:\/\/beservice.sk\/sluzby\/","og_locale":"sk_SK","og_type":"article","og_title":"Produkty a slu\u017eby - beservice.sk - servis, \u00fadr\u017eba a oprava, dod\u00e1vka a mont\u00e1\u017e, technick\u00e9 poradenstvo","og_description":"Ur\u010d\u00edme rozsah opotrebenia a po\u0161kodenia kon\u0161truk\u010dn\u00fdch prvkov u jednotliv\u00fdch v\u00fdrobkov a navrhneme ekonomicky optim\u00e1lne rie\u0161enie probl\u00e9mu, poskytneme r\u00fdchlu a profesion\u00e1lnu mont\u00e1\u017e s garanciou najvy\u0161\u0161ej kvality.","og_url":"https:\/\/beservice.sk\/sluzby\/","og_site_name":"beservice.sk","article_modified_time":"2021-05-13T08:30:37+00:00","twitter_card":"summary_large_image","twitter_misc":{"Predpokladan\u00fd \u010das \u010d\u00edtania":"1 min\u00fata"},"schema":{"@context":"https:\/\/schema.org","@graph":[{"@type":"WebPage","@id":"https:\/\/beservice.sk\/sluzby\/","url":"https:\/\/beservice.sk\/sluzby\/","name":"Produkty a slu\u017eby - beservice.sk - servis, \u00fadr\u017eba a oprava, dod\u00e1vka a mont\u00e1\u017e, technick\u00e9 poradenstvo","isPartOf":{"@id":"https:\/\/beservice.sk\/#website"},"datePublished":"2021-02-18T11:58:39+00:00","dateModified":"2021-05-13T08:30:37+00:00","description":"Ur\u010d\u00edme rozsah opotrebenia a po\u0161kodenia kon\u0161truk\u010dn\u00fdch prvkov u jednotliv\u00fdch v\u00fdrobkov a navrhneme ekonomicky optim\u00e1lne rie\u0161enie probl\u00e9mu, poskytneme r\u00fdchlu a profesion\u00e1lnu mont\u00e1\u017e s garanciou najvy\u0161\u0161ej kvality.","breadcrumb":{"@id":"https:\/\/beservice.sk\/sluzby\/#breadcrumb"},"inLanguage":"sk-SK","potentialAction":[{"@type":"ReadAction","target":["https:\/\/beservice.sk\/sluzby\/"]}]},{"@type":"BreadcrumbList","@id":"https:\/\/beservice.sk\/sluzby\/#breadcrumb","itemListElement":[{"@type":"ListItem","position":1,"name":"Home","item":"https:\/\/beservice.sk\/"},{"@type":"ListItem","position":2,"name":"Produkty a slu\u017eby"}]},{"@type":"WebSite","@id":"https:\/\/beservice.sk\/#website","url":"https:\/\/beservice.sk\/","name":"beservice.sk","description":"Spo\u013eahliv\u00fd partner v oblasti \u00fadr\u017eby a servisu obvodov\u00fdch pl\u00e1\u0161\u0165ov a v\u00fdpln\u00ed stavebn\u00fdch otvorov","potentialAction":[{"@type":"SearchAction","target":{"@type":"EntryPoint","urlTemplate":"https:\/\/beservice.sk\/?s={search_term_string}"},"query-input":"required name=search_term_string"}],"inLanguage":"sk-SK"}]}},"_links":{"self":[{"href":"https:\/\/d.r1.wbsprt.com\/beservice.sk\/wp-json\/wp\/v2\/pages\/11"}],"collection":[{"href":"https:\/\/d.r1.wbsprt.com\/beservice.sk\/wp-json\/wp\/v2\/pages"}],"about":[{"href":"https:\/\/d.r1.wbsprt.com\/beservice.sk\/wp-json\/wp\/v2\/types\/page"}],"author":[{"embeddable":true,"href":"https:\/\/d.r1.wbsprt.com\/beservice.sk\/wp-json\/wp\/v2\/users\/3"}],"replies":[{"embeddable":true,"href":"https:\/\/d.r1.wbsprt.com\/beservice.sk\/wp-json\/wp\/v2\/comments?post=11"}],"version-history":[{"count":6,"href":"https:\/\/d.r1.wbsprt.com\/beservice.sk\/wp-json\/wp\/v2\/pages\/11\/revisions"}],"predecessor-version":[{"id":1784,"href":"https:\/\/d.r1.wbsprt.com\/beservice.sk\/wp-json\/wp\/v2\/pages\/11\/revisions\/1784"}],"wp:attachment":[{"href":"https:\/\/d.r1.wbsprt.com\/beservice.sk\/wp-json\/wp\/v2\/media?parent=11"}],"curies":[{"name":"wp","href":"https:\/\/api.w.org\/{rel}","templated":true}]}}