{"id":1019,"date":"2021-03-01T12:35:35","date_gmt":"2021-03-01T11:35:35","guid":{"rendered":"http:\/\/d.r1.wbsprt.com\/beservice.sk\/?page_id=1019"},"modified":"2021-05-13T10:09:25","modified_gmt":"2021-05-13T08:09:25","slug":"priciny-poruch-obvodovych-plastov","status":"publish","type":"page","link":"https:\/\/d.r1.wbsprt.com\/beservice.sk\/priciny-poruch-obvodovych-plastov\/","title":{"rendered":"Pr\u00ed\u010diny por\u00fach obvodov\u00fdch pl\u00e1\u0161\u0165ov"},"content":{"rendered":"<p>[vc_row row_type=&#8221;row_full_center_content&#8221; bg_image=&#8221;1068&#8243; bg_position=&#8221;center center&#8221; row_parallax=&#8221;false&#8221; row_text_color=&#8221;row_text_light&#8221; padding_top=&#8221;150&#8243; padding_bottom=&#8221;150&#8243;][vc_column css=&#8221;.vc_custom_1558517820316{padding-top: 20px !important;padding-right: 20px !important;padding-bottom: 20px !important;padding-left: 20px !important;background-color: rgba(255,255,255,0.79) !important;*background-color: rgb(255,255,255) !important;}&#8221;][vc_empty_space]\n\t<div class=\"custom-heading wpb_content_element  text-center\">\n\t\t<h2 class=\"heading-title\" >PR\u00cd\u010cINY POR\u00daCH OBVODOV\u00ddCH PL\u00c1\u0160\u0164OV NA SLOVENSKU<\/h2>\n\t\t<span class=\"heading-line primary\"><\/span>\n\t<\/div>[vc_column_text]<\/p>\n<h3 style=\"text-align: center;\">Z technologick\u00e9ho h\u013eadiska sa d\u00e1 dos\u0165 jednozna\u010dne definova\u0165 rozsah a postup potrebn\u00fdch servisn\u00fdch \u00fakonov pre zabezpe\u010denie dlhodobej funk\u010dnosti jednotliv\u00fdch kon\u0161trukci\u00ed, na za\u010diatku na\u0161i klienti zv\u00e4\u010d\u0161a po\u017eadovali rie\u0161i\u0165 len aktu\u00e1lne poruchy a hav\u00e1rie.<\/h3>\n<h3 style=\"text-align: center;\">H\u013eadan\u00edm rie\u0161en\u00ed pre ich odstr\u00e1nenie sme postupne z\u00edskavali dostatok inform\u00e1ci\u00ed pre anal\u00fdzu vzniku t\u00fdchto defektov.<\/h3>\n<p>[\/vc_column_text][vc_empty_space][\/vc_column][\/vc_row][vc_row][vc_column]\n\t<div class=\"custom-heading wpb_content_element  text-center\">\n\t\t<h2 class=\"heading-title\" >10 naj\u010dastej\u0161ie vyskytuj\u00facich sa por\u00fach<\/h2>\n\t\t<span class=\"heading-line primary\"><\/span>\n\t<\/div>[\/vc_column][\/vc_row][vc_row row_type=&#8221;row_full_center_content&#8221;][vc_column width=&#8221;1\/2&#8243; css=&#8221;.vc_custom_1614599113384{padding-top: 20px !important;padding-right: 20px !important;padding-bottom: 20px !important;padding-left: 20px !important;background-color: #f2f2f2 !important;}&#8221;][vc_column_text]<\/p>\n<ul>\n<li>\n<h4>Po\u0161koden\u00e9 a nefunk\u010dn\u00e9 \u010dasti kovan\u00ed<\/h4>\n<\/li>\n<li>\n<h4>Vytvrdnut\u00e9, zostarnut\u00e9 a kr\u00e1tke tesnenia<\/h4>\n<\/li>\n<li>\n<h4>Sadnut\u00e9 kr\u00eddla<\/h4>\n<\/li>\n<li>\n<h4>Po\u0161kodenie a de\u0161trukcia skiel<\/h4>\n<\/li>\n<li>\n<h4>Zatekanie cez kon\u0161trukciu<\/h4>\n<\/li>\n<\/ul>\n<p>[\/vc_column_text][\/vc_column][vc_column width=&#8221;1\/2&#8243; css=&#8221;.vc_custom_1614599138387{padding-top: 20px !important;padding-right: 20px !important;padding-bottom: 20px !important;padding-left: 20px !important;background-color: #f2f2f2 !important;}&#8221;][vc_column_text]<\/p>\n<ul>\n<li>\n<h4>Prefukovanie cez kon\u0161trukciu<\/h4>\n<\/li>\n<li>\n<h4>Zv\u00fd\u0161en\u00e1 hlu\u010dnos\u0165<\/h4>\n<\/li>\n<li>\n<h4>Uvo\u013enenie kon\u0161trukcie<\/h4>\n<\/li>\n<li>\n<h4>Priesak vody cez napojovaciu \u0161p\u00e1ru<\/h4>\n<\/li>\n<li>\n<h4>Vlhnutie a tvorba plesn\u00ed<\/h4>\n<\/li>\n<\/ul>\n<p>[\/vc_column_text][\/vc_column][\/vc_row][vc_row row_type=&#8221;row_full_center_content&#8221;][vc_column]\n\t<div class=\"custom-heading wpb_content_element  text-center\">\n\t\t<h2 class=\"heading-title\" >5 najhlavnej\u0161\u00edch faktorov vpl\u00fdvaj\u00facich na poruchovos\u0165<\/h2>\n\t\t<span class=\"heading-line primary\"><\/span>\n\t<\/div>[vc_column_text]<\/p>\n<h3 style=\"text-align: center;\">Ur\u010dili sme mo\u017en\u00e9 pr\u00ed\u010diny vr\u00e1tane ich podielu na konkr\u00e9tnej poruche. Tak\u00fdmto sp\u00f4sobom sme sa prepracovali k skupine piatich najhlavnej\u0161\u00edch faktorov vpl\u00fdvaj\u00facich na poruchovos\u0165 kon\u0161trukcii obvodov\u00e9ho pl\u00e1\u0161\u0165a na budov\u00e1ch.<\/h3>\n<p>[\/vc_column_text][vc_single_image image=&#8221;1025&#8243; img_size=&#8221;large&#8221; alignment=&#8221;center&#8221;][\/vc_column][\/vc_row][vc_row row_type=&#8221;row_full_center_content&#8221;][vc_column]\n\t<div class=\"custom-heading wpb_content_element  text-center\">\n\t\t<h2 class=\"heading-title\" >45% tvor\u00ed \u00favodn\u00e1 nekvalita pri realiz\u00e1cii alebo aj zl\u00fd technick\u00fd n\u00e1vrh<\/h2>\n\t\t<span class=\"heading-line primary\"><\/span>\n\t<\/div>[vc_column_text]<\/p>\n<h3 style=\"text-align: center;\">Je zar\u00e1\u017eaj\u00face, \u017ee z tohto podielu a\u017e 45% tvor\u00ed \u00favodn\u00e1 nekvalita pri realiz\u00e1cii alebo aj zl\u00fd technick\u00fd n\u00e1vrh. Preva\u017eovali tu zistenia o nedodr\u017ean\u00ed z\u00e1kladn\u00fdch technologick\u00fdch postupov a spracovate\u013esk\u00fdch smern\u00edc pri v\u00fdrobe a mont\u00e1\u017ei. V ostatn\u00fdch rokoch v\u0161ak mo\u017eno v tejto oblasti bada\u0165 v\u00fdrazn\u00fd posun k lep\u0161iemu, \u010do mo\u017eno bez poch\u00fdb prip\u00edsa\u0165 striktnej legislat\u00edve a systematickej pr\u00e1ci profesn\u00fdch, v\u00fdskumn\u00fdch a kontroln\u00fdch organiz\u00e1ci\u00ed v sektore stavebn\u00edctva a kontrole na stavbe.<\/h3>\n<p>[\/vc_column_text][\/vc_column][\/vc_row][vc_row row_type=&#8221;row_full_center_content&#8221;][vc_column]\n\t<div class=\"custom-heading wpb_content_element  text-center\">\n\t\t<h2 class=\"heading-title\" >Dve naj\u010dastej\u0161ie pr\u00ed\u010diny por\u00fach<\/h2>\n\t\t<span class=\"heading-line primary\"><\/span>\n\t<\/div>[vc_column_text]<\/p>\n<h3 style=\"text-align: center;\">Medzi dve naj\u010dastej\u0161ie pr\u00ed\u010diny por\u00fach mo\u017eno prip\u00edsa\u0165 nedostato\u010dnej informa\u010dnej osvete a slabej znalosti problematiky opl\u00e1\u0161ten\u00ed majite\u013emi, spr\u00e1vcami a u\u017e\u00edvate\u013emi objektov. Tak ako je ka\u017ed\u00e9mu zrejm\u00e9, \u017ee v\u0161etky produkty dlhodobej spotreby si vy\u017eaduj\u00fa syst\u00e9mov\u00fa profylaktiku, pravideln\u00fd servis a opateru, tak by malo by\u0165 samozrejm\u00e9, \u017ee aj okn\u00e1, dvere a \u010dasti fas\u00e1d tvoria tak isto mechanizmy, ktor\u00e9 na spr\u00e1vne a dlhodob\u00e9 vykon\u00e1vanie svojej funkcie potrebuj\u00fa odborn\u00fa starostlivos\u0165. T\u00e1to oblas\u0165 je bohu\u017eia\u013e slovensk\u00fdmi spr\u00e1vcami a u\u017e\u00edvate\u013emi budov e\u0161te st\u00e1le zazn\u00e1van\u00e1 a zanedb\u00e1van\u00e1. V\u00e4\u010d\u0161inou a\u017e do chv\u00edle konfront\u00e1cie s havarijn\u00fdm stavom a cenou za jeho odstr\u00e1nenie.<\/h3>\n<p>[\/vc_column_text][\/vc_column][\/vc_row]<\/p>\n","protected":false},"excerpt":{"rendered":"<p>[vc_row row_type=&#8221;row_full_center_content&#8221; bg_image=&#8221;1068&#8243; bg_position=&#8221;center center&#8221; row_parallax=&#8221;false&#8221; row_text_color=&#8221;row_text_light&#8221; padding_top=&#8221;150&#8243; padding_bottom=&#8221;150&#8243;][vc_column css=&#8221;.vc_custom_1558517820316{padding-top: 20px !important;padding-right: 20px !important;padding-bottom: 20px !important;padding-left: 20px !important;background-color: rgba(255,255,255,0.79) !important;*background-color: rgb(255,255,255) &#8230;<\/p>\n","protected":false},"author":2,"featured_media":0,"parent":0,"menu_order":0,"comment_status":"closed","ping_status":"closed","template":"","meta":{"_mi_skip_tracking":false,"_monsterinsights_sitenote_active":false,"_monsterinsights_sitenote_note":"","_monsterinsights_sitenote_category":0,"footnotes":""},"yoast_head":"<!-- This site is optimized with the Yoast SEO plugin v20.10 - https:\/\/yoast.com\/wordpress\/plugins\/seo\/ -->\n<title>Pr\u00ed\u010diny por\u00fach obvodov\u00fdch pl\u00e1\u0161\u0165ov - beservice.sk<\/title>\n<meta name=\"description\" content=\"10 naj\u010dastej\u0161ie vyskytuj\u00facich sa por\u00fach a 5 najhlavnej\u0161\u00edch faktorov vpl\u00fdvaj\u00facich na poruchovos\u0165 - po\u0161koden\u00e9 a nefunk\u010dn\u00e9 \u010dasti kovan\u00ed, po\u0161kodenie a de\u0161trukcia skiel, zatekanie cez kon\u0161trukciu...\" \/>\n<meta name=\"robots\" content=\"index, follow, max-snippet:-1, max-image-preview:large, max-video-preview:-1\" \/>\n<link rel=\"canonical\" href=\"https:\/\/beservice.sk\/priciny-poruch-obvodovych-plastov\/\" \/>\n<meta property=\"og:locale\" content=\"sk_SK\" \/>\n<meta property=\"og:type\" content=\"article\" \/>\n<meta property=\"og:title\" content=\"Pr\u00ed\u010diny por\u00fach obvodov\u00fdch pl\u00e1\u0161\u0165ov - beservice.sk\" \/>\n<meta property=\"og:description\" content=\"10 naj\u010dastej\u0161ie vyskytuj\u00facich sa por\u00fach a 5 najhlavnej\u0161\u00edch faktorov vpl\u00fdvaj\u00facich na poruchovos\u0165 - po\u0161koden\u00e9 a nefunk\u010dn\u00e9 \u010dasti kovan\u00ed, po\u0161kodenie a de\u0161trukcia skiel, zatekanie cez kon\u0161trukciu...\" \/>\n<meta property=\"og:url\" content=\"https:\/\/beservice.sk\/priciny-poruch-obvodovych-plastov\/\" \/>\n<meta property=\"og:site_name\" content=\"beservice.sk\" \/>\n<meta property=\"article:modified_time\" content=\"2021-05-13T08:09:25+00:00\" \/>\n<meta name=\"twitter:card\" content=\"summary_large_image\" \/>\n<meta name=\"twitter:label1\" content=\"Predpokladan\u00fd \u010das \u010d\u00edtania\" \/>\n\t<meta name=\"twitter:data1\" content=\"2 min\u00faty\" \/>\n<script type=\"application\/ld+json\" class=\"yoast-schema-graph\">{\"@context\":\"https:\/\/schema.org\",\"@graph\":[{\"@type\":\"WebPage\",\"@id\":\"https:\/\/beservice.sk\/priciny-poruch-obvodovych-plastov\/\",\"url\":\"https:\/\/beservice.sk\/priciny-poruch-obvodovych-plastov\/\",\"name\":\"Pr\u00ed\u010diny por\u00fach obvodov\u00fdch pl\u00e1\u0161\u0165ov - beservice.sk\",\"isPartOf\":{\"@id\":\"https:\/\/beservice.sk\/#website\"},\"datePublished\":\"2021-03-01T11:35:35+00:00\",\"dateModified\":\"2021-05-13T08:09:25+00:00\",\"description\":\"10 naj\u010dastej\u0161ie vyskytuj\u00facich sa por\u00fach a 5 najhlavnej\u0161\u00edch faktorov vpl\u00fdvaj\u00facich na poruchovos\u0165 - po\u0161koden\u00e9 a nefunk\u010dn\u00e9 \u010dasti kovan\u00ed, po\u0161kodenie a de\u0161trukcia skiel, zatekanie cez kon\u0161trukciu...\",\"breadcrumb\":{\"@id\":\"https:\/\/beservice.sk\/priciny-poruch-obvodovych-plastov\/#breadcrumb\"},\"inLanguage\":\"sk-SK\",\"potentialAction\":[{\"@type\":\"ReadAction\",\"target\":[\"https:\/\/beservice.sk\/priciny-poruch-obvodovych-plastov\/\"]}]},{\"@type\":\"BreadcrumbList\",\"@id\":\"https:\/\/beservice.sk\/priciny-poruch-obvodovych-plastov\/#breadcrumb\",\"itemListElement\":[{\"@type\":\"ListItem\",\"position\":1,\"name\":\"Home\",\"item\":\"https:\/\/beservice.sk\/\"},{\"@type\":\"ListItem\",\"position\":2,\"name\":\"Pr\u00ed\u010diny por\u00fach obvodov\u00fdch pl\u00e1\u0161\u0165ov\"}]},{\"@type\":\"WebSite\",\"@id\":\"https:\/\/beservice.sk\/#website\",\"url\":\"https:\/\/beservice.sk\/\",\"name\":\"beservice.sk\",\"description\":\"Spo\u013eahliv\u00fd partner v oblasti \u00fadr\u017eby a servisu obvodov\u00fdch pl\u00e1\u0161\u0165ov a v\u00fdpln\u00ed stavebn\u00fdch otvorov\",\"potentialAction\":[{\"@type\":\"SearchAction\",\"target\":{\"@type\":\"EntryPoint\",\"urlTemplate\":\"https:\/\/beservice.sk\/?s={search_term_string}\"},\"query-input\":\"required name=search_term_string\"}],\"inLanguage\":\"sk-SK\"}]}<\/script>\n<!-- \/ Yoast SEO plugin. -->","yoast_head_json":{"title":"Pr\u00ed\u010diny por\u00fach obvodov\u00fdch pl\u00e1\u0161\u0165ov - beservice.sk","description":"10 naj\u010dastej\u0161ie vyskytuj\u00facich sa por\u00fach a 5 najhlavnej\u0161\u00edch faktorov vpl\u00fdvaj\u00facich na poruchovos\u0165 - po\u0161koden\u00e9 a nefunk\u010dn\u00e9 \u010dasti kovan\u00ed, po\u0161kodenie a de\u0161trukcia skiel, zatekanie cez kon\u0161trukciu...","robots":{"index":"index","follow":"follow","max-snippet":"max-snippet:-1","max-image-preview":"max-image-preview:large","max-video-preview":"max-video-preview:-1"},"canonical":"https:\/\/beservice.sk\/priciny-poruch-obvodovych-plastov\/","og_locale":"sk_SK","og_type":"article","og_title":"Pr\u00ed\u010diny por\u00fach obvodov\u00fdch pl\u00e1\u0161\u0165ov - beservice.sk","og_description":"10 naj\u010dastej\u0161ie vyskytuj\u00facich sa por\u00fach a 5 najhlavnej\u0161\u00edch faktorov vpl\u00fdvaj\u00facich na poruchovos\u0165 - po\u0161koden\u00e9 a nefunk\u010dn\u00e9 \u010dasti kovan\u00ed, po\u0161kodenie a de\u0161trukcia skiel, zatekanie cez kon\u0161trukciu...","og_url":"https:\/\/beservice.sk\/priciny-poruch-obvodovych-plastov\/","og_site_name":"beservice.sk","article_modified_time":"2021-05-13T08:09:25+00:00","twitter_card":"summary_large_image","twitter_misc":{"Predpokladan\u00fd \u010das \u010d\u00edtania":"2 min\u00faty"},"schema":{"@context":"https:\/\/schema.org","@graph":[{"@type":"WebPage","@id":"https:\/\/beservice.sk\/priciny-poruch-obvodovych-plastov\/","url":"https:\/\/beservice.sk\/priciny-poruch-obvodovych-plastov\/","name":"Pr\u00ed\u010diny por\u00fach obvodov\u00fdch pl\u00e1\u0161\u0165ov - beservice.sk","isPartOf":{"@id":"https:\/\/beservice.sk\/#website"},"datePublished":"2021-03-01T11:35:35+00:00","dateModified":"2021-05-13T08:09:25+00:00","description":"10 naj\u010dastej\u0161ie vyskytuj\u00facich sa por\u00fach a 5 najhlavnej\u0161\u00edch faktorov vpl\u00fdvaj\u00facich na poruchovos\u0165 - po\u0161koden\u00e9 a nefunk\u010dn\u00e9 \u010dasti kovan\u00ed, po\u0161kodenie a de\u0161trukcia skiel, zatekanie cez kon\u0161trukciu...","breadcrumb":{"@id":"https:\/\/beservice.sk\/priciny-poruch-obvodovych-plastov\/#breadcrumb"},"inLanguage":"sk-SK","potentialAction":[{"@type":"ReadAction","target":["https:\/\/beservice.sk\/priciny-poruch-obvodovych-plastov\/"]}]},{"@type":"BreadcrumbList","@id":"https:\/\/beservice.sk\/priciny-poruch-obvodovych-plastov\/#breadcrumb","itemListElement":[{"@type":"ListItem","position":1,"name":"Home","item":"https:\/\/beservice.sk\/"},{"@type":"ListItem","position":2,"name":"Pr\u00ed\u010diny por\u00fach obvodov\u00fdch pl\u00e1\u0161\u0165ov"}]},{"@type":"WebSite","@id":"https:\/\/beservice.sk\/#website","url":"https:\/\/beservice.sk\/","name":"beservice.sk","description":"Spo\u013eahliv\u00fd partner v oblasti \u00fadr\u017eby a servisu obvodov\u00fdch pl\u00e1\u0161\u0165ov a v\u00fdpln\u00ed stavebn\u00fdch otvorov","potentialAction":[{"@type":"SearchAction","target":{"@type":"EntryPoint","urlTemplate":"https:\/\/beservice.sk\/?s={search_term_string}"},"query-input":"required name=search_term_string"}],"inLanguage":"sk-SK"}]}},"_links":{"self":[{"href":"https:\/\/d.r1.wbsprt.com\/beservice.sk\/wp-json\/wp\/v2\/pages\/1019"}],"collection":[{"href":"https:\/\/d.r1.wbsprt.com\/beservice.sk\/wp-json\/wp\/v2\/pages"}],"about":[{"href":"https:\/\/d.r1.wbsprt.com\/beservice.sk\/wp-json\/wp\/v2\/types\/page"}],"author":[{"embeddable":true,"href":"https:\/\/d.r1.wbsprt.com\/beservice.sk\/wp-json\/wp\/v2\/users\/2"}],"replies":[{"embeddable":true,"href":"https:\/\/d.r1.wbsprt.com\/beservice.sk\/wp-json\/wp\/v2\/comments?post=1019"}],"version-history":[{"count":6,"href":"https:\/\/d.r1.wbsprt.com\/beservice.sk\/wp-json\/wp\/v2\/pages\/1019\/revisions"}],"predecessor-version":[{"id":1236,"href":"https:\/\/d.r1.wbsprt.com\/beservice.sk\/wp-json\/wp\/v2\/pages\/1019\/revisions\/1236"}],"wp:attachment":[{"href":"https:\/\/d.r1.wbsprt.com\/beservice.sk\/wp-json\/wp\/v2\/media?parent=1019"}],"curies":[{"name":"wp","href":"https:\/\/api.w.org\/{rel}","templated":true}]}}