{"id":270,"date":"2022-05-21T15:07:10","date_gmt":"2022-05-21T13:07:10","guid":{"rendered":"https:\/\/www.acaza.sk\/?page_id=270"},"modified":"2026-03-11T14:21:23","modified_gmt":"2026-03-11T13:21:23","slug":"volna-tvorba-3","status":"publish","type":"page","link":"https:\/\/d.r1.wbsprt.com\/acaza.sk\/volna-tvorba-3\/","title":{"rendered":"Vo\u013en\u00e1 tvorba"},"content":{"rendered":"<div class=\"wp-block-image\">\n<figure class=\"aligncenter size-large is-resized\"><img loading=\"lazy\" decoding=\"async\" width=\"1024\" height=\"1024\" src=\"https:\/\/www.acaza.sk\/wp-content\/uploads\/2024\/03\/kompozicia29_akryl_80x80cm-1024x1024.jpg\" alt=\"\" class=\"wp-image-574\" style=\"width:537px;height:537px\" srcset=\"https:\/\/d.r1.wbsprt.com\/acaza.sk\/wp-content\/uploads\/2024\/03\/kompozicia29_akryl_80x80cm-1024x1024.jpg 1024w, https:\/\/d.r1.wbsprt.com\/acaza.sk\/wp-content\/uploads\/2024\/03\/kompozicia29_akryl_80x80cm-300x300.jpg 300w, https:\/\/d.r1.wbsprt.com\/acaza.sk\/wp-content\/uploads\/2024\/03\/kompozicia29_akryl_80x80cm-150x150.jpg 150w, https:\/\/d.r1.wbsprt.com\/acaza.sk\/wp-content\/uploads\/2024\/03\/kompozicia29_akryl_80x80cm-768x768.jpg 768w, https:\/\/d.r1.wbsprt.com\/acaza.sk\/wp-content\/uploads\/2024\/03\/kompozicia29_akryl_80x80cm-500x500.jpg 500w, https:\/\/d.r1.wbsprt.com\/acaza.sk\/wp-content\/uploads\/2024\/03\/kompozicia29_akryl_80x80cm-800x800.jpg 800w, https:\/\/d.r1.wbsprt.com\/acaza.sk\/wp-content\/uploads\/2024\/03\/kompozicia29_akryl_80x80cm-1280x1280.jpg 1280w, https:\/\/d.r1.wbsprt.com\/acaza.sk\/wp-content\/uploads\/2024\/03\/kompozicia29_akryl_80x80cm-1200x1200.jpg 1200w, https:\/\/d.r1.wbsprt.com\/acaza.sk\/wp-content\/uploads\/2024\/03\/kompozicia29_akryl_80x80cm.jpg 1502w\" sizes=\"auto, (max-width: 709px) 85vw, (max-width: 909px) 67vw, (max-width: 1362px) 62vw, 840px\" \/><figcaption class=\"wp-element-caption\"><em>Kompoz\u00edcia 29<\/em><br><em>akryl na pl\u00e1tne 80&#215;80 cm<\/em><\/figcaption><\/figure><\/div>\n\n<div class=\"wp-block-image\">\n<figure class=\"aligncenter size-large is-resized\"><img loading=\"lazy\" decoding=\"async\" width=\"1024\" height=\"1024\" src=\"https:\/\/www.acaza.sk\/wp-content\/uploads\/2022\/06\/kompozicia24_akryl_50x50cm-1024x1024.jpg\" alt=\"\" class=\"wp-image-306\" style=\"width:336px;height:336px\" srcset=\"https:\/\/d.r1.wbsprt.com\/acaza.sk\/wp-content\/uploads\/2022\/06\/kompozicia24_akryl_50x50cm-1024x1024.jpg 1024w, https:\/\/d.r1.wbsprt.com\/acaza.sk\/wp-content\/uploads\/2022\/06\/kompozicia24_akryl_50x50cm-300x300.jpg 300w, https:\/\/d.r1.wbsprt.com\/acaza.sk\/wp-content\/uploads\/2022\/06\/kompozicia24_akryl_50x50cm-150x150.jpg 150w, https:\/\/d.r1.wbsprt.com\/acaza.sk\/wp-content\/uploads\/2022\/06\/kompozicia24_akryl_50x50cm-768x768.jpg 768w, https:\/\/d.r1.wbsprt.com\/acaza.sk\/wp-content\/uploads\/2022\/06\/kompozicia24_akryl_50x50cm-500x500.jpg 500w, https:\/\/d.r1.wbsprt.com\/acaza.sk\/wp-content\/uploads\/2022\/06\/kompozicia24_akryl_50x50cm-800x800.jpg 800w, https:\/\/d.r1.wbsprt.com\/acaza.sk\/wp-content\/uploads\/2022\/06\/kompozicia24_akryl_50x50cm-1280x1280.jpg 1280w, https:\/\/d.r1.wbsprt.com\/acaza.sk\/wp-content\/uploads\/2022\/06\/kompozicia24_akryl_50x50cm-1536x1536.jpg 1536w, https:\/\/d.r1.wbsprt.com\/acaza.sk\/wp-content\/uploads\/2022\/06\/kompozicia24_akryl_50x50cm-1200x1200.jpg 1200w, https:\/\/d.r1.wbsprt.com\/acaza.sk\/wp-content\/uploads\/2022\/06\/kompozicia24_akryl_50x50cm.jpg 1552w\" sizes=\"auto, (max-width: 709px) 85vw, (max-width: 909px) 67vw, (max-width: 1362px) 62vw, 840px\" \/><figcaption class=\"wp-element-caption\"><em><em>Kompoz\u00edcia 2<\/em><\/em>4<br><em><em>akryl na pl\u00e1tne 50x<\/em><\/em>50 cm<\/figcaption><\/figure><\/div>\n\n<div class=\"wp-block-image\">\n<figure class=\"aligncenter size-large is-resized\"><img loading=\"lazy\" decoding=\"async\" width=\"1024\" height=\"1024\" src=\"https:\/\/www.acaza.sk\/wp-content\/uploads\/2022\/06\/kompozicia25_akryl_50x50cm-1024x1024.jpg\" alt=\"\" class=\"wp-image-307\" style=\"width:337px;height:337px\" srcset=\"https:\/\/d.r1.wbsprt.com\/acaza.sk\/wp-content\/uploads\/2022\/06\/kompozicia25_akryl_50x50cm-1024x1024.jpg 1024w, https:\/\/d.r1.wbsprt.com\/acaza.sk\/wp-content\/uploads\/2022\/06\/kompozicia25_akryl_50x50cm-300x300.jpg 300w, https:\/\/d.r1.wbsprt.com\/acaza.sk\/wp-content\/uploads\/2022\/06\/kompozicia25_akryl_50x50cm-150x150.jpg 150w, https:\/\/d.r1.wbsprt.com\/acaza.sk\/wp-content\/uploads\/2022\/06\/kompozicia25_akryl_50x50cm-768x768.jpg 768w, https:\/\/d.r1.wbsprt.com\/acaza.sk\/wp-content\/uploads\/2022\/06\/kompozicia25_akryl_50x50cm-500x500.jpg 500w, https:\/\/d.r1.wbsprt.com\/acaza.sk\/wp-content\/uploads\/2022\/06\/kompozicia25_akryl_50x50cm-800x800.jpg 800w, https:\/\/d.r1.wbsprt.com\/acaza.sk\/wp-content\/uploads\/2022\/06\/kompozicia25_akryl_50x50cm-1280x1280.jpg 1280w, https:\/\/d.r1.wbsprt.com\/acaza.sk\/wp-content\/uploads\/2022\/06\/kompozicia25_akryl_50x50cm-1536x1536.jpg 1536w, https:\/\/d.r1.wbsprt.com\/acaza.sk\/wp-content\/uploads\/2022\/06\/kompozicia25_akryl_50x50cm-1200x1200.jpg 1200w, https:\/\/d.r1.wbsprt.com\/acaza.sk\/wp-content\/uploads\/2022\/06\/kompozicia25_akryl_50x50cm.jpg 1644w\" sizes=\"auto, (max-width: 709px) 85vw, (max-width: 909px) 67vw, (max-width: 1362px) 62vw, 840px\" \/><figcaption class=\"wp-element-caption\"><em>Kompoz\u00edcia 25<\/em><br><em>akryl na pl\u00e1tne 50&#215;50 cm<\/em><\/figcaption><\/figure><\/div>\n\n<div class=\"wp-block-image\">\n<figure class=\"aligncenter size-large is-resized\"><img loading=\"lazy\" decoding=\"async\" width=\"1024\" height=\"1024\" src=\"https:\/\/www.acaza.sk\/wp-content\/uploads\/2022\/06\/kompozicia26_akryl_50x50cm-2-1024x1024.jpg\" alt=\"\" class=\"wp-image-310\" style=\"width:338px;height:338px\" srcset=\"https:\/\/d.r1.wbsprt.com\/acaza.sk\/wp-content\/uploads\/2022\/06\/kompozicia26_akryl_50x50cm-2-1024x1024.jpg 1024w, https:\/\/d.r1.wbsprt.com\/acaza.sk\/wp-content\/uploads\/2022\/06\/kompozicia26_akryl_50x50cm-2-300x300.jpg 300w, https:\/\/d.r1.wbsprt.com\/acaza.sk\/wp-content\/uploads\/2022\/06\/kompozicia26_akryl_50x50cm-2-150x150.jpg 150w, https:\/\/d.r1.wbsprt.com\/acaza.sk\/wp-content\/uploads\/2022\/06\/kompozicia26_akryl_50x50cm-2-768x768.jpg 768w, https:\/\/d.r1.wbsprt.com\/acaza.sk\/wp-content\/uploads\/2022\/06\/kompozicia26_akryl_50x50cm-2-500x500.jpg 500w, https:\/\/d.r1.wbsprt.com\/acaza.sk\/wp-content\/uploads\/2022\/06\/kompozicia26_akryl_50x50cm-2-800x800.jpg 800w, https:\/\/d.r1.wbsprt.com\/acaza.sk\/wp-content\/uploads\/2022\/06\/kompozicia26_akryl_50x50cm-2-1280x1280.jpg 1280w, https:\/\/d.r1.wbsprt.com\/acaza.sk\/wp-content\/uploads\/2022\/06\/kompozicia26_akryl_50x50cm-2-1536x1536.jpg 1536w, https:\/\/d.r1.wbsprt.com\/acaza.sk\/wp-content\/uploads\/2022\/06\/kompozicia26_akryl_50x50cm-2-1200x1200.jpg 1200w, https:\/\/d.r1.wbsprt.com\/acaza.sk\/wp-content\/uploads\/2022\/06\/kompozicia26_akryl_50x50cm-2.jpg 1620w\" sizes=\"auto, (max-width: 709px) 85vw, (max-width: 909px) 67vw, (max-width: 1362px) 62vw, 840px\" \/><figcaption class=\"wp-element-caption\"><em>Kompoz\u00edcia 26<\/em><br><em>akryl na pl\u00e1tne 50&#215;50 cm<\/em><\/figcaption><\/figure><\/div>\n\n<div class=\"wp-block-image\">\n<figure class=\"aligncenter size-large is-resized\"><img loading=\"lazy\" decoding=\"async\" width=\"1024\" height=\"1024\" src=\"https:\/\/www.acaza.sk\/wp-content\/uploads\/2024\/03\/kompozicia27_akryl_70x70cm-1024x1024.jpg\" alt=\"\" class=\"wp-image-576\" style=\"width:520px;height:-298px\" srcset=\"https:\/\/d.r1.wbsprt.com\/acaza.sk\/wp-content\/uploads\/2024\/03\/kompozicia27_akryl_70x70cm-1024x1024.jpg 1024w, https:\/\/d.r1.wbsprt.com\/acaza.sk\/wp-content\/uploads\/2024\/03\/kompozicia27_akryl_70x70cm-300x300.jpg 300w, https:\/\/d.r1.wbsprt.com\/acaza.sk\/wp-content\/uploads\/2024\/03\/kompozicia27_akryl_70x70cm-150x150.jpg 150w, https:\/\/d.r1.wbsprt.com\/acaza.sk\/wp-content\/uploads\/2024\/03\/kompozicia27_akryl_70x70cm-768x768.jpg 768w, https:\/\/d.r1.wbsprt.com\/acaza.sk\/wp-content\/uploads\/2024\/03\/kompozicia27_akryl_70x70cm-500x500.jpg 500w, https:\/\/d.r1.wbsprt.com\/acaza.sk\/wp-content\/uploads\/2024\/03\/kompozicia27_akryl_70x70cm-800x800.jpg 800w, https:\/\/d.r1.wbsprt.com\/acaza.sk\/wp-content\/uploads\/2024\/03\/kompozicia27_akryl_70x70cm-1280x1280.jpg 1280w, https:\/\/d.r1.wbsprt.com\/acaza.sk\/wp-content\/uploads\/2024\/03\/kompozicia27_akryl_70x70cm-1200x1200.jpg 1200w, https:\/\/d.r1.wbsprt.com\/acaza.sk\/wp-content\/uploads\/2024\/03\/kompozicia27_akryl_70x70cm.jpg 1529w\" sizes=\"auto, (max-width: 709px) 85vw, (max-width: 909px) 67vw, (max-width: 1362px) 62vw, 840px\" \/><figcaption class=\"wp-element-caption\">Kompoz\u00edcia 27<br>akryl na pl\u00e1tne 70&#215;70 cm<\/figcaption><\/figure><\/div>\n\n<div class=\"wp-block-image\">\n<figure class=\"aligncenter size-large is-resized\"><img loading=\"lazy\" decoding=\"async\" width=\"1024\" height=\"761\" src=\"https:\/\/www.acaza.sk\/wp-content\/uploads\/2022\/07\/3obraz-1024x761.jpg\" alt=\"\" class=\"wp-image-380\" style=\"width:458px;height:340px\" srcset=\"https:\/\/d.r1.wbsprt.com\/acaza.sk\/wp-content\/uploads\/2022\/07\/3obraz-1024x761.jpg 1024w, https:\/\/d.r1.wbsprt.com\/acaza.sk\/wp-content\/uploads\/2022\/07\/3obraz-300x223.jpg 300w, https:\/\/d.r1.wbsprt.com\/acaza.sk\/wp-content\/uploads\/2022\/07\/3obraz-768x571.jpg 768w, https:\/\/d.r1.wbsprt.com\/acaza.sk\/wp-content\/uploads\/2022\/07\/3obraz-500x372.jpg 500w, https:\/\/d.r1.wbsprt.com\/acaza.sk\/wp-content\/uploads\/2022\/07\/3obraz-800x595.jpg 800w, https:\/\/d.r1.wbsprt.com\/acaza.sk\/wp-content\/uploads\/2022\/07\/3obraz-1280x952.jpg 1280w, https:\/\/d.r1.wbsprt.com\/acaza.sk\/wp-content\/uploads\/2022\/07\/3obraz-1536x1142.jpg 1536w, https:\/\/d.r1.wbsprt.com\/acaza.sk\/wp-content\/uploads\/2022\/07\/3obraz-1200x892.jpg 1200w, https:\/\/d.r1.wbsprt.com\/acaza.sk\/wp-content\/uploads\/2022\/07\/3obraz.jpg 1754w\" sizes=\"auto, (max-width: 709px) 85vw, (max-width: 909px) 67vw, (max-width: 1362px) 62vw, 840px\" \/><figcaption class=\"wp-element-caption\">Kompoz\u00edcia 3<br>akryl na pl\u00e1tne (80 x 60 cm)<\/figcaption><\/figure><\/div>\n\n<div class=\"wp-block-image\">\n<figure class=\"aligncenter size-large is-resized\"><img loading=\"lazy\" decoding=\"async\" width=\"1024\" height=\"1024\" src=\"https:\/\/www.acaza.sk\/wp-content\/uploads\/2024\/03\/kompozicia28_akryl_70x70cm-1024x1024.jpg\" alt=\"\" class=\"wp-image-577\" style=\"width:537px;height:-210px\" srcset=\"https:\/\/d.r1.wbsprt.com\/acaza.sk\/wp-content\/uploads\/2024\/03\/kompozicia28_akryl_70x70cm-1024x1024.jpg 1024w, https:\/\/d.r1.wbsprt.com\/acaza.sk\/wp-content\/uploads\/2024\/03\/kompozicia28_akryl_70x70cm-300x300.jpg 300w, https:\/\/d.r1.wbsprt.com\/acaza.sk\/wp-content\/uploads\/2024\/03\/kompozicia28_akryl_70x70cm-150x150.jpg 150w, https:\/\/d.r1.wbsprt.com\/acaza.sk\/wp-content\/uploads\/2024\/03\/kompozicia28_akryl_70x70cm-768x768.jpg 768w, https:\/\/d.r1.wbsprt.com\/acaza.sk\/wp-content\/uploads\/2024\/03\/kompozicia28_akryl_70x70cm-500x500.jpg 500w, https:\/\/d.r1.wbsprt.com\/acaza.sk\/wp-content\/uploads\/2024\/03\/kompozicia28_akryl_70x70cm-800x800.jpg 800w, https:\/\/d.r1.wbsprt.com\/acaza.sk\/wp-content\/uploads\/2024\/03\/kompozicia28_akryl_70x70cm-1280x1280.jpg 1280w, https:\/\/d.r1.wbsprt.com\/acaza.sk\/wp-content\/uploads\/2024\/03\/kompozicia28_akryl_70x70cm-1536x1536.jpg 1536w, https:\/\/d.r1.wbsprt.com\/acaza.sk\/wp-content\/uploads\/2024\/03\/kompozicia28_akryl_70x70cm-1200x1200.jpg 1200w, https:\/\/d.r1.wbsprt.com\/acaza.sk\/wp-content\/uploads\/2024\/03\/kompozicia28_akryl_70x70cm.jpg 1580w\" sizes=\"auto, (max-width: 709px) 85vw, (max-width: 909px) 67vw, (max-width: 1362px) 62vw, 840px\" \/><figcaption class=\"wp-element-caption\"><em>Kompoz\u00edcia 28<\/em><br><em>akryl na pl\u00e1tne 70&#215;70 cm<\/em><\/figcaption><\/figure><\/div>\n\n<div class=\"wp-block-image\">\n<figure class=\"aligncenter size-large is-resized\"><img loading=\"lazy\" decoding=\"async\" width=\"1021\" height=\"1024\" src=\"https:\/\/www.acaza.sk\/wp-content\/uploads\/2024\/03\/kompozicia31_akryl_80x80cm-1-1021x1024.jpg\" alt=\"\" class=\"wp-image-578\" style=\"width:537px;height:-205px\" srcset=\"https:\/\/d.r1.wbsprt.com\/acaza.sk\/wp-content\/uploads\/2024\/03\/kompozicia31_akryl_80x80cm-1-1021x1024.jpg 1021w, https:\/\/d.r1.wbsprt.com\/acaza.sk\/wp-content\/uploads\/2024\/03\/kompozicia31_akryl_80x80cm-1-300x300.jpg 300w, https:\/\/d.r1.wbsprt.com\/acaza.sk\/wp-content\/uploads\/2024\/03\/kompozicia31_akryl_80x80cm-1-150x150.jpg 150w, https:\/\/d.r1.wbsprt.com\/acaza.sk\/wp-content\/uploads\/2024\/03\/kompozicia31_akryl_80x80cm-1-768x770.jpg 768w, https:\/\/d.r1.wbsprt.com\/acaza.sk\/wp-content\/uploads\/2024\/03\/kompozicia31_akryl_80x80cm-1-500x502.jpg 500w, https:\/\/d.r1.wbsprt.com\/acaza.sk\/wp-content\/uploads\/2024\/03\/kompozicia31_akryl_80x80cm-1-800x803.jpg 800w, https:\/\/d.r1.wbsprt.com\/acaza.sk\/wp-content\/uploads\/2024\/03\/kompozicia31_akryl_80x80cm-1-1280x1284.jpg 1280w, https:\/\/d.r1.wbsprt.com\/acaza.sk\/wp-content\/uploads\/2024\/03\/kompozicia31_akryl_80x80cm-1-1920x1926.jpg 1920w, https:\/\/d.r1.wbsprt.com\/acaza.sk\/wp-content\/uploads\/2024\/03\/kompozicia31_akryl_80x80cm-1-1531x1536.jpg 1531w, https:\/\/d.r1.wbsprt.com\/acaza.sk\/wp-content\/uploads\/2024\/03\/kompozicia31_akryl_80x80cm-1-2042x2048.jpg 2042w, https:\/\/d.r1.wbsprt.com\/acaza.sk\/wp-content\/uploads\/2024\/03\/kompozicia31_akryl_80x80cm-1-1200x1204.jpg 1200w\" sizes=\"auto, (max-width: 709px) 85vw, (max-width: 909px) 67vw, (max-width: 1362px) 62vw, 840px\" \/><figcaption class=\"wp-element-caption\">Kompoz\u00edcia 31<br>akakryl na pl\u00e1tne 80x80cm<\/figcaption><\/figure><\/div>\n\n<div class=\"wp-block-image\">\n<figure class=\"aligncenter size-large is-resized\"><img loading=\"lazy\" decoding=\"async\" width=\"1024\" height=\"1020\" src=\"https:\/\/www.acaza.sk\/wp-content\/uploads\/2024\/03\/kompozicia38_akryl_50x50cm-1024x1020.jpg\" alt=\"\" class=\"wp-image-549\" style=\"width:343px;height:341px\" srcset=\"https:\/\/d.r1.wbsprt.com\/acaza.sk\/wp-content\/uploads\/2024\/03\/kompozicia38_akryl_50x50cm-1024x1020.jpg 1024w, https:\/\/d.r1.wbsprt.com\/acaza.sk\/wp-content\/uploads\/2024\/03\/kompozicia38_akryl_50x50cm-300x300.jpg 300w, https:\/\/d.r1.wbsprt.com\/acaza.sk\/wp-content\/uploads\/2024\/03\/kompozicia38_akryl_50x50cm-150x150.jpg 150w, https:\/\/d.r1.wbsprt.com\/acaza.sk\/wp-content\/uploads\/2024\/03\/kompozicia38_akryl_50x50cm-768x765.jpg 768w, https:\/\/d.r1.wbsprt.com\/acaza.sk\/wp-content\/uploads\/2024\/03\/kompozicia38_akryl_50x50cm-500x498.jpg 500w, https:\/\/d.r1.wbsprt.com\/acaza.sk\/wp-content\/uploads\/2024\/03\/kompozicia38_akryl_50x50cm-800x797.jpg 800w, https:\/\/d.r1.wbsprt.com\/acaza.sk\/wp-content\/uploads\/2024\/03\/kompozicia38_akryl_50x50cm-1280x1275.jpg 1280w, https:\/\/d.r1.wbsprt.com\/acaza.sk\/wp-content\/uploads\/2024\/03\/kompozicia38_akryl_50x50cm-1920x1913.jpg 1920w, https:\/\/d.r1.wbsprt.com\/acaza.sk\/wp-content\/uploads\/2024\/03\/kompozicia38_akryl_50x50cm-1536x1530.jpg 1536w, https:\/\/d.r1.wbsprt.com\/acaza.sk\/wp-content\/uploads\/2024\/03\/kompozicia38_akryl_50x50cm-2048x2040.jpg 2048w, https:\/\/d.r1.wbsprt.com\/acaza.sk\/wp-content\/uploads\/2024\/03\/kompozicia38_akryl_50x50cm-1200x1195.jpg 1200w\" sizes=\"auto, (max-width: 709px) 85vw, (max-width: 909px) 67vw, (max-width: 1362px) 62vw, 840px\" \/><figcaption class=\"wp-element-caption\">Kompoz\u00edcia 38<br>akryl na pl\u00e1tne 50x50cm<\/figcaption><\/figure><\/div>\n\n<div class=\"wp-block-image\">\n<figure class=\"aligncenter size-large is-resized\"><img loading=\"lazy\" decoding=\"async\" width=\"823\" height=\"1024\" src=\"https:\/\/www.acaza.sk\/wp-content\/uploads\/2024\/03\/kompozicia32_akryl_50x40cm-823x1024.jpg\" alt=\"\" class=\"wp-image-563\" style=\"width:346px;height:430px\" srcset=\"https:\/\/d.r1.wbsprt.com\/acaza.sk\/wp-content\/uploads\/2024\/03\/kompozicia32_akryl_50x40cm-823x1024.jpg 823w, https:\/\/d.r1.wbsprt.com\/acaza.sk\/wp-content\/uploads\/2024\/03\/kompozicia32_akryl_50x40cm-241x300.jpg 241w, https:\/\/d.r1.wbsprt.com\/acaza.sk\/wp-content\/uploads\/2024\/03\/kompozicia32_akryl_50x40cm-768x955.jpg 768w, https:\/\/d.r1.wbsprt.com\/acaza.sk\/wp-content\/uploads\/2024\/03\/kompozicia32_akryl_50x40cm-500x622.jpg 500w, https:\/\/d.r1.wbsprt.com\/acaza.sk\/wp-content\/uploads\/2024\/03\/kompozicia32_akryl_50x40cm-800x995.jpg 800w, https:\/\/d.r1.wbsprt.com\/acaza.sk\/wp-content\/uploads\/2024\/03\/kompozicia32_akryl_50x40cm-1280x1592.jpg 1280w, https:\/\/d.r1.wbsprt.com\/acaza.sk\/wp-content\/uploads\/2024\/03\/kompozicia32_akryl_50x40cm-1920x2388.jpg 1920w, https:\/\/d.r1.wbsprt.com\/acaza.sk\/wp-content\/uploads\/2024\/03\/kompozicia32_akryl_50x40cm-1235x1536.jpg 1235w, https:\/\/d.r1.wbsprt.com\/acaza.sk\/wp-content\/uploads\/2024\/03\/kompozicia32_akryl_50x40cm-1647x2048.jpg 1647w, https:\/\/d.r1.wbsprt.com\/acaza.sk\/wp-content\/uploads\/2024\/03\/kompozicia32_akryl_50x40cm-1200x1493.jpg 1200w\" sizes=\"auto, (max-width: 823px) 85vw, 823px\" \/><figcaption class=\"wp-element-caption\">Kompoz\u00edcia 32<br>akryl na pl\u00e1tne 50x40cm<\/figcaption><\/figure><\/div>\n\n<div class=\"wp-block-image\">\n<figure class=\"aligncenter size-large is-resized\"><img loading=\"lazy\" decoding=\"async\" width=\"1022\" height=\"1024\" src=\"https:\/\/www.acaza.sk\/wp-content\/uploads\/2024\/03\/kompozicia37_akryl_40x40cm-5-1022x1024.jpg\" alt=\"\" class=\"wp-image-593\" style=\"width:337px;height:338px\" srcset=\"https:\/\/d.r1.wbsprt.com\/acaza.sk\/wp-content\/uploads\/2024\/03\/kompozicia37_akryl_40x40cm-5-1022x1024.jpg 1022w, https:\/\/d.r1.wbsprt.com\/acaza.sk\/wp-content\/uploads\/2024\/03\/kompozicia37_akryl_40x40cm-5-300x300.jpg 300w, https:\/\/d.r1.wbsprt.com\/acaza.sk\/wp-content\/uploads\/2024\/03\/kompozicia37_akryl_40x40cm-5-150x150.jpg 150w, https:\/\/d.r1.wbsprt.com\/acaza.sk\/wp-content\/uploads\/2024\/03\/kompozicia37_akryl_40x40cm-5-768x769.jpg 768w, https:\/\/d.r1.wbsprt.com\/acaza.sk\/wp-content\/uploads\/2024\/03\/kompozicia37_akryl_40x40cm-5-500x501.jpg 500w, https:\/\/d.r1.wbsprt.com\/acaza.sk\/wp-content\/uploads\/2024\/03\/kompozicia37_akryl_40x40cm-5-800x801.jpg 800w, https:\/\/d.r1.wbsprt.com\/acaza.sk\/wp-content\/uploads\/2024\/03\/kompozicia37_akryl_40x40cm-5-1280x1282.jpg 1280w, https:\/\/d.r1.wbsprt.com\/acaza.sk\/wp-content\/uploads\/2024\/03\/kompozicia37_akryl_40x40cm-5-1920x1923.jpg 1920w, https:\/\/d.r1.wbsprt.com\/acaza.sk\/wp-content\/uploads\/2024\/03\/kompozicia37_akryl_40x40cm-5-1533x1536.jpg 1533w, https:\/\/d.r1.wbsprt.com\/acaza.sk\/wp-content\/uploads\/2024\/03\/kompozicia37_akryl_40x40cm-5-2044x2048.jpg 2044w, https:\/\/d.r1.wbsprt.com\/acaza.sk\/wp-content\/uploads\/2024\/03\/kompozicia37_akryl_40x40cm-5-1200x1202.jpg 1200w\" sizes=\"auto, (max-width: 709px) 85vw, (max-width: 909px) 67vw, (max-width: 1362px) 62vw, 840px\" \/><figcaption class=\"wp-element-caption\">Kompo\u00edcia 37<br>akryl na pl\u00e1tne 40x40cm<\/figcaption><\/figure><\/div>\n\n<div class=\"wp-block-image\">\n<figure class=\"aligncenter size-large is-resized\"><img loading=\"lazy\" decoding=\"async\" width=\"1022\" height=\"1024\" src=\"https:\/\/www.acaza.sk\/wp-content\/uploads\/2024\/03\/kompozicia36_akryl_40x40cm-1-1022x1024.jpg\" alt=\"\" class=\"wp-image-595\" style=\"width:336px;height:337px\" srcset=\"https:\/\/d.r1.wbsprt.com\/acaza.sk\/wp-content\/uploads\/2024\/03\/kompozicia36_akryl_40x40cm-1-1022x1024.jpg 1022w, https:\/\/d.r1.wbsprt.com\/acaza.sk\/wp-content\/uploads\/2024\/03\/kompozicia36_akryl_40x40cm-1-300x300.jpg 300w, https:\/\/d.r1.wbsprt.com\/acaza.sk\/wp-content\/uploads\/2024\/03\/kompozicia36_akryl_40x40cm-1-150x150.jpg 150w, https:\/\/d.r1.wbsprt.com\/acaza.sk\/wp-content\/uploads\/2024\/03\/kompozicia36_akryl_40x40cm-1-768x769.jpg 768w, https:\/\/d.r1.wbsprt.com\/acaza.sk\/wp-content\/uploads\/2024\/03\/kompozicia36_akryl_40x40cm-1-500x501.jpg 500w, https:\/\/d.r1.wbsprt.com\/acaza.sk\/wp-content\/uploads\/2024\/03\/kompozicia36_akryl_40x40cm-1-800x801.jpg 800w, https:\/\/d.r1.wbsprt.com\/acaza.sk\/wp-content\/uploads\/2024\/03\/kompozicia36_akryl_40x40cm-1-1280x1282.jpg 1280w, https:\/\/d.r1.wbsprt.com\/acaza.sk\/wp-content\/uploads\/2024\/03\/kompozicia36_akryl_40x40cm-1-1920x1923.jpg 1920w, https:\/\/d.r1.wbsprt.com\/acaza.sk\/wp-content\/uploads\/2024\/03\/kompozicia36_akryl_40x40cm-1-1533x1536.jpg 1533w, https:\/\/d.r1.wbsprt.com\/acaza.sk\/wp-content\/uploads\/2024\/03\/kompozicia36_akryl_40x40cm-1-2044x2048.jpg 2044w, https:\/\/d.r1.wbsprt.com\/acaza.sk\/wp-content\/uploads\/2024\/03\/kompozicia36_akryl_40x40cm-1-1200x1202.jpg 1200w\" sizes=\"auto, (max-width: 709px) 85vw, (max-width: 909px) 67vw, (max-width: 1362px) 62vw, 840px\" \/><figcaption class=\"wp-element-caption\"> Kompoz\u00edcia 36<br>akryl na pl\u00e1tne 40x40cm<\/figcaption><\/figure><\/div>\n\n\n<p><\/p>\n","protected":false},"excerpt":{"rendered":"","protected":false},"author":1,"featured_media":0,"parent":0,"menu_order":0,"comment_status":"closed","ping_status":"closed","template":"","meta":{"_monsterinsights_skip_tracking":false,"_monsterinsights_sitenote_active":false,"_monsterinsights_sitenote_note":"","_monsterinsights_sitenote_category":0,"_vp_format_video_url":"","_vp_image_focal_point":[],"footnotes":""},"class_list":["post-270","page","type-page","status-publish","hentry"],"yoast_head":"<!-- This site is optimized with the Yoast SEO plugin v15.7 - https:\/\/yoast.com\/wordpress\/plugins\/seo\/ -->\n<title>Vo\u013en\u00e1 tvorba - ALICA Z\u00c1HORSK\u00c1<\/title>\n<meta name=\"robots\" content=\"index, follow, max-snippet:-1, max-image-preview:large, max-video-preview:-1\" \/>\n<link rel=\"canonical\" href=\"https:\/\/www.acaza.sk\/volna-tvorba-3\/\" \/>\n<meta property=\"og:locale\" content=\"sk_SK\" \/>\n<meta property=\"og:type\" content=\"article\" \/>\n<meta property=\"og:title\" content=\"Vo\u013en\u00e1 tvorba - ALICA Z\u00c1HORSK\u00c1\" \/>\n<meta property=\"og:url\" content=\"https:\/\/www.acaza.sk\/volna-tvorba-3\/\" \/>\n<meta property=\"og:site_name\" content=\"ALICA Z\u00c1HORSK\u00c1\" \/>\n<meta property=\"article:modified_time\" content=\"2026-03-11T13:21:23+00:00\" \/>\n<meta property=\"og:image\" content=\"https:\/\/www.acaza.sk\/wp-content\/uploads\/2024\/03\/kompozicia29_akryl_80x80cm-1024x1024.jpg\" \/>\n<meta name=\"twitter:card\" content=\"summary_large_image\" \/>\n<meta name=\"twitter:label1\" content=\"Predpokladan\u00fd \u010das \u010d\u00edtania\">\n\t<meta name=\"twitter:data1\" content=\"4 min\u00faty\">\n<script type=\"application\/ld+json\" class=\"yoast-schema-graph\">{\"@context\":\"https:\/\/schema.org\",\"@graph\":[{\"@type\":\"WebSite\",\"@id\":\"https:\/\/www.acaza.sk\/#website\",\"url\":\"https:\/\/www.acaza.sk\/\",\"name\":\"ALICA Z\\u00c1HORSK\\u00c1\",\"description\":\"portfolio\",\"potentialAction\":[{\"@type\":\"SearchAction\",\"target\":\"https:\/\/www.acaza.sk\/?s={search_term_string}\",\"query-input\":\"required name=search_term_string\"}],\"inLanguage\":\"sk-SK\"},{\"@type\":\"ImageObject\",\"@id\":\"https:\/\/www.acaza.sk\/volna-tvorba-3\/#primaryimage\",\"inLanguage\":\"sk-SK\",\"url\":\"https:\/\/www.acaza.sk\/wp-content\/uploads\/2024\/03\/kompozicia29_akryl_80x80cm-1024x1024.jpg\"},{\"@type\":\"WebPage\",\"@id\":\"https:\/\/www.acaza.sk\/volna-tvorba-3\/#webpage\",\"url\":\"https:\/\/www.acaza.sk\/volna-tvorba-3\/\",\"name\":\"Vo\\u013en\\u00e1 tvorba - ALICA Z\\u00c1HORSK\\u00c1\",\"isPartOf\":{\"@id\":\"https:\/\/www.acaza.sk\/#website\"},\"primaryImageOfPage\":{\"@id\":\"https:\/\/www.acaza.sk\/volna-tvorba-3\/#primaryimage\"},\"datePublished\":\"2022-05-21T13:07:10+00:00\",\"dateModified\":\"2026-03-11T13:21:23+00:00\",\"inLanguage\":\"sk-SK\",\"potentialAction\":[{\"@type\":\"ReadAction\",\"target\":[\"https:\/\/www.acaza.sk\/volna-tvorba-3\/\"]}]}]}<\/script>\n<!-- \/ Yoast SEO plugin. -->","_links":{"self":[{"href":"https:\/\/d.r1.wbsprt.com\/acaza.sk\/wp-json\/wp\/v2\/pages\/270","targetHints":{"allow":["GET"]}}],"collection":[{"href":"https:\/\/d.r1.wbsprt.com\/acaza.sk\/wp-json\/wp\/v2\/pages"}],"about":[{"href":"https:\/\/d.r1.wbsprt.com\/acaza.sk\/wp-json\/wp\/v2\/types\/page"}],"author":[{"embeddable":true,"href":"https:\/\/d.r1.wbsprt.com\/acaza.sk\/wp-json\/wp\/v2\/users\/1"}],"replies":[{"embeddable":true,"href":"https:\/\/d.r1.wbsprt.com\/acaza.sk\/wp-json\/wp\/v2\/comments?post=270"}],"version-history":[{"count":6,"href":"https:\/\/d.r1.wbsprt.com\/acaza.sk\/wp-json\/wp\/v2\/pages\/270\/revisions"}],"predecessor-version":[{"id":749,"href":"https:\/\/d.r1.wbsprt.com\/acaza.sk\/wp-json\/wp\/v2\/pages\/270\/revisions\/749"}],"wp:attachment":[{"href":"https:\/\/d.r1.wbsprt.com\/acaza.sk\/wp-json\/wp\/v2\/media?parent=270"}],"curies":[{"name":"wp","href":"https:\/\/api.w.org\/{rel}","templated":true}]}}