{"id":18,"date":"2021-01-30T12:44:51","date_gmt":"2021-01-30T11:44:51","guid":{"rendered":"https:\/\/d.r1.wbsprt.com\/acaza.sk\/?page_id=18"},"modified":"2023-10-25T15:22:03","modified_gmt":"2023-10-25T13:22:03","slug":"kontakt","status":"publish","type":"page","link":"https:\/\/d.r1.wbsprt.com\/acaza.sk\/kontakt\/","title":{"rendered":"Kontakt"},"content":{"rendered":"\n<figure class=\"wp-block-image size-large is-resized is-style-rounded\"><img loading=\"lazy\" decoding=\"async\" src=\"https:\/\/www.acaza.sk\/wp-content\/uploads\/2022\/03\/83804945_10219721716824064_5991474043570618368_o-1024x1024.jpg\" alt=\"\" class=\"wp-image-186\" width=\"293\" height=\"293\" srcset=\"https:\/\/d.r1.wbsprt.com\/acaza.sk\/wp-content\/uploads\/2022\/03\/83804945_10219721716824064_5991474043570618368_o-1024x1024.jpg 1024w, https:\/\/d.r1.wbsprt.com\/acaza.sk\/wp-content\/uploads\/2022\/03\/83804945_10219721716824064_5991474043570618368_o-300x300.jpg 300w, https:\/\/d.r1.wbsprt.com\/acaza.sk\/wp-content\/uploads\/2022\/03\/83804945_10219721716824064_5991474043570618368_o-150x150.jpg 150w, https:\/\/d.r1.wbsprt.com\/acaza.sk\/wp-content\/uploads\/2022\/03\/83804945_10219721716824064_5991474043570618368_o-768x768.jpg 768w, https:\/\/d.r1.wbsprt.com\/acaza.sk\/wp-content\/uploads\/2022\/03\/83804945_10219721716824064_5991474043570618368_o-500x500.jpg 500w, https:\/\/d.r1.wbsprt.com\/acaza.sk\/wp-content\/uploads\/2022\/03\/83804945_10219721716824064_5991474043570618368_o-800x800.jpg 800w, https:\/\/d.r1.wbsprt.com\/acaza.sk\/wp-content\/uploads\/2022\/03\/83804945_10219721716824064_5991474043570618368_o-1280x1280.jpg 1280w, https:\/\/d.r1.wbsprt.com\/acaza.sk\/wp-content\/uploads\/2022\/03\/83804945_10219721716824064_5991474043570618368_o-1200x1200.jpg 1200w, https:\/\/d.r1.wbsprt.com\/acaza.sk\/wp-content\/uploads\/2022\/03\/83804945_10219721716824064_5991474043570618368_o.jpg 1478w\" sizes=\"auto, (max-width: 293px) 85vw, 293px\" \/><\/figure>\n\n\n\n<p><a href=\"mailto:alica.zahorska@gmail.com\">alica.zahorska@gmail.com<\/a><br><a href=\"https:\/\/www.facebook.com\/acazagrafika\/\">https:\/\/www.facebook.com\/acazagrafika\/<\/a><\/p>\n\n\n\n<p><strong>Bio<\/strong><\/p>\n\n\n\n<p id=\"block-55a27c4f-65ec-427e-82be-73abf6de299e\">Alica Z\u00e1horsk\u00e1 je ilustr\u00e1torka, grafi\u010dka a dizajn\u00e9rka.<\/p>\n\n\n\n<p id=\"block-38c0bd6c-971a-4723-91c3-58b1ac8057c7\">\u0160tudovala na gymn\u00e1ziu Andreja Vr\u00e1bla v Leviciach, absolvovala magistersk\u00e9 \u0161t\u00fadium na Katedre masmedi\u00e1lnej komunik\u00e1cie a reklamy na UKF v Nitre. M\u00e1 za sebou viacero spolupr\u00e1c a projektov, pracovala v r\u00f4znych kreat\u00edvnych \u0161t\u00fadi\u00e1ch a reklamn\u00fdch agent\u00farach, dokonca aj v kvetin\u00e1rstvach.<\/p>\n\n\n\n<p id=\"block-38c0bd6c-971a-4723-91c3-58b1ac8057c7\">Najv\u00e4\u010d\u0161iu rados\u0165 jej robila pr\u00e1ca pre organiz\u00e1cie <a href=\"https:\/\/www.zdraveregiony.eu\/\">Zdrav\u00e9 regi\u00f3ny<\/a>, <a href=\"https:\/\/nivam.sk\/\">N\u00daCEM<\/a>, <a href=\"https:\/\/www.svetielkonadeje.sk\/\">Svetielko n\u00e1deje<\/a>, <a href=\"https:\/\/www.teaterkomika.sk\/\">Te\u00e1ter Komika<\/a>, Aert\u00e9, Bez javiska, <a href=\"https:\/\/www.fujart.sk\/\">Fujart<\/a>, Nuts, V\u00edno spod vulk\u00e1nu, Terroir Tekov. Je \u010dlenkou ob\u010dianskych zdru\u017een\u00ed <a href=\"https:\/\/los-levice.sk\/\">LOS<\/a>  a <a href=\"https:\/\/www.tribodkynaceste.com\/turne\/\">&#8230;na ceste<\/a> .<\/p>\n\n\n\n<p id=\"block-79c8436f-ea1f-472b-b174-cb01cb94f83f\">Svoju slobodu a tvoriv\u00e9 uplatnenie na\u0161la v interi\u00e9rovom \u0161t\u00fadiu Kuny design. Popri pr\u00e1ci sa venuje vo\u013enej abstraktnej ma\u013ebe a pr\u00edle\u017eitostnej cestovnej kresbe.<\/p>\n","protected":false},"excerpt":{"rendered":"<p>alica.zahorska@gmail.comhttps:\/\/www.facebook.com\/acazagrafika\/ Bio Alica Z\u00e1horsk\u00e1 je ilustr\u00e1torka, grafi\u010dka a dizajn\u00e9rka. \u0160tudovala na gymn\u00e1ziu Andreja Vr\u00e1bla v Leviciach, absolvovala magistersk\u00e9 \u0161t\u00fadium na Katedre masmedi\u00e1lnej komunik\u00e1cie a reklamy na UKF v Nitre. M\u00e1 za sebou viacero spolupr\u00e1c a projektov, pracovala v r\u00f4znych kreat\u00edvnych \u0161t\u00fadi\u00e1ch a reklamn\u00fdch agent\u00farach, dokonca aj v kvetin\u00e1rstvach. Najv\u00e4\u010d\u0161iu rados\u0165 jej robila pr\u00e1ca pre organiz\u00e1cie &hellip; <a href=\"https:\/\/d.r1.wbsprt.com\/acaza.sk\/kontakt\/\" class=\"more-link\">Pokra\u010dova\u0165 v \u010d\u00edtan\u00ed<span class=\"screen-reader-text\"> &#8222;Kontakt&#8220;<\/span><\/a><\/p>\n","protected":false},"author":1,"featured_media":0,"parent":0,"menu_order":0,"comment_status":"closed","ping_status":"closed","template":"","meta":{"_monsterinsights_skip_tracking":false,"_monsterinsights_sitenote_active":false,"_monsterinsights_sitenote_note":"","_monsterinsights_sitenote_category":0,"_vp_format_video_url":"","_vp_image_focal_point":[],"footnotes":""},"class_list":["post-18","page","type-page","status-publish","hentry"],"yoast_head":"<!-- This site is optimized with the Yoast SEO plugin v15.7 - https:\/\/yoast.com\/wordpress\/plugins\/seo\/ -->\n<title>Kontakt - ALICA Z\u00c1HORSK\u00c1<\/title>\n<meta name=\"robots\" content=\"index, follow, max-snippet:-1, max-image-preview:large, max-video-preview:-1\" \/>\n<link rel=\"canonical\" href=\"https:\/\/www.acaza.sk\/kontakt\/\" \/>\n<meta property=\"og:locale\" content=\"sk_SK\" \/>\n<meta property=\"og:type\" content=\"article\" \/>\n<meta property=\"og:title\" content=\"Kontakt - ALICA Z\u00c1HORSK\u00c1\" \/>\n<meta property=\"og:description\" content=\"alica.zahorska@gmail.comhttps:\/\/www.facebook.com\/acazagrafika\/ Bio Alica Z\u00e1horsk\u00e1 je ilustr\u00e1torka, grafi\u010dka a dizajn\u00e9rka. \u0160tudovala na gymn\u00e1ziu Andreja Vr\u00e1bla v Leviciach, absolvovala magistersk\u00e9 \u0161t\u00fadium na Katedre masmedi\u00e1lnej komunik\u00e1cie a reklamy na UKF v Nitre. M\u00e1 za sebou viacero spolupr\u00e1c a projektov, pracovala v r\u00f4znych kreat\u00edvnych \u0161t\u00fadi\u00e1ch a reklamn\u00fdch agent\u00farach, dokonca aj v kvetin\u00e1rstvach. Najv\u00e4\u010d\u0161iu rados\u0165 jej robila pr\u00e1ca pre organiz\u00e1cie &hellip; Pokra\u010dova\u0165 v \u010d\u00edtan\u00ed &quot;Kontakt&quot;\" \/>\n<meta property=\"og:url\" content=\"https:\/\/www.acaza.sk\/kontakt\/\" \/>\n<meta property=\"og:site_name\" content=\"ALICA Z\u00c1HORSK\u00c1\" \/>\n<meta property=\"article:modified_time\" content=\"2023-10-25T13:22:03+00:00\" \/>\n<meta property=\"og:image\" content=\"https:\/\/www.acaza.sk\/wp-content\/uploads\/2022\/03\/83804945_10219721716824064_5991474043570618368_o-1024x1024.jpg\" \/>\n<meta name=\"twitter:card\" content=\"summary_large_image\" \/>\n<meta name=\"twitter:label1\" content=\"Predpokladan\u00fd \u010das \u010d\u00edtania\">\n\t<meta name=\"twitter:data1\" content=\"1 min\u00fata\">\n<script type=\"application\/ld+json\" class=\"yoast-schema-graph\">{\"@context\":\"https:\/\/schema.org\",\"@graph\":[{\"@type\":\"WebSite\",\"@id\":\"https:\/\/www.acaza.sk\/#website\",\"url\":\"https:\/\/www.acaza.sk\/\",\"name\":\"ALICA Z\\u00c1HORSK\\u00c1\",\"description\":\"portfolio\",\"potentialAction\":[{\"@type\":\"SearchAction\",\"target\":\"https:\/\/www.acaza.sk\/?s={search_term_string}\",\"query-input\":\"required name=search_term_string\"}],\"inLanguage\":\"sk-SK\"},{\"@type\":\"ImageObject\",\"@id\":\"https:\/\/www.acaza.sk\/kontakt\/#primaryimage\",\"inLanguage\":\"sk-SK\",\"url\":\"https:\/\/www.acaza.sk\/wp-content\/uploads\/2022\/03\/83804945_10219721716824064_5991474043570618368_o-1024x1024.jpg\"},{\"@type\":\"WebPage\",\"@id\":\"https:\/\/www.acaza.sk\/kontakt\/#webpage\",\"url\":\"https:\/\/www.acaza.sk\/kontakt\/\",\"name\":\"Kontakt - ALICA Z\\u00c1HORSK\\u00c1\",\"isPartOf\":{\"@id\":\"https:\/\/www.acaza.sk\/#website\"},\"primaryImageOfPage\":{\"@id\":\"https:\/\/www.acaza.sk\/kontakt\/#primaryimage\"},\"datePublished\":\"2021-01-30T11:44:51+00:00\",\"dateModified\":\"2023-10-25T13:22:03+00:00\",\"inLanguage\":\"sk-SK\",\"potentialAction\":[{\"@type\":\"ReadAction\",\"target\":[\"https:\/\/www.acaza.sk\/kontakt\/\"]}]}]}<\/script>\n<!-- \/ Yoast SEO plugin. -->","_links":{"self":[{"href":"https:\/\/d.r1.wbsprt.com\/acaza.sk\/wp-json\/wp\/v2\/pages\/18","targetHints":{"allow":["GET"]}}],"collection":[{"href":"https:\/\/d.r1.wbsprt.com\/acaza.sk\/wp-json\/wp\/v2\/pages"}],"about":[{"href":"https:\/\/d.r1.wbsprt.com\/acaza.sk\/wp-json\/wp\/v2\/types\/page"}],"author":[{"embeddable":true,"href":"https:\/\/d.r1.wbsprt.com\/acaza.sk\/wp-json\/wp\/v2\/users\/1"}],"replies":[{"embeddable":true,"href":"https:\/\/d.r1.wbsprt.com\/acaza.sk\/wp-json\/wp\/v2\/comments?post=18"}],"version-history":[{"count":6,"href":"https:\/\/d.r1.wbsprt.com\/acaza.sk\/wp-json\/wp\/v2\/pages\/18\/revisions"}],"predecessor-version":[{"id":491,"href":"https:\/\/d.r1.wbsprt.com\/acaza.sk\/wp-json\/wp\/v2\/pages\/18\/revisions\/491"}],"wp:attachment":[{"href":"https:\/\/d.r1.wbsprt.com\/acaza.sk\/wp-json\/wp\/v2\/media?parent=18"}],"curies":[{"name":"wp","href":"https:\/\/api.w.org\/{rel}","templated":true}]}}